{"id":62893,"date":"2020-06-19T14:46:25","date_gmt":"2020-06-19T18:46:25","guid":{"rendered":"https:\/\/www.myvacaya.com\/upptack\/svarta-roster\/"},"modified":"2023-08-02T14:35:59","modified_gmt":"2023-08-02T18:35:59","slug":"svarta-roster","status":"publish","type":"page","link":"https:\/\/www.myvacaya.com\/sv\/upptack\/svarta-roster\/","title":{"rendered":"SVARTA R\u00d6STER"},"content":{"rendered":"<p>[et_pb_section fb_built=&#8221;1&#8243; fullwidth=&#8221;on&#8221; admin_label=&#8221;Slider&#8221; module_id=&#8221;slider-sektion-inredning&#8221; _builder_version=&#8221;4.17.6&#8243; _module_preset=&#8221;default&#8221; background_enable_image=&#8221;off&#8221; global_colors_info=&#8221;{}&#8221;][et_pb_fullwidth_code admin_label=&#8221;Slider Overlay&#8221; module_class=&#8221;interior-page-overlay&#8221; _builder_version=&#8221;4.17.6&#8243; _module_preset=&#8221;default&#8221; positioning=&#8221;absolute&#8221; position_origin_a=&#8221;top_right&#8221; position_origin_f=&#8221;top_right&#8221; z_index=&#8221;100&#8243; width=&#8221;50%&#8221; width_tablet=&#8221;50%&#8221; width_phone=&#8221;100%&#8221; width_last_edited=&#8221;on|phone&#8221; height=&#8221;100vh&#8221; hover_enabled=&#8221;0&#8243; global_colors_info=&#8221;{}&#8221; sticky_enabled=&#8221;0&#8243;]<div class=\"trip-overlay\"><div class=\"trip-title\"><h1>SVARTA R\u00d6STER<\/h1><\/div><\/div>[\/et_pb_fullwidth_code][et_pb_fullwidth_slider show_arrows=&#8221;off&#8221; admin_label=&#8221;Slider Images&#8221; module_id=&#8221;slider-images&#8221; _builder_version=&#8221;4.17.6&#8243; _module_preset=&#8221;default&#8221; height=&#8221;100vh&#8221; auto=&#8221;on&#8221; global_colors_info=&#8221;{}&#8221;][et_pb_slide _builder_version=&#8221;4.17.6&#8243; _module_preset=&#8221;default&#8221; background_color=&#8221;RGBA(255,255,255,0)&#8221; background_enable_color=&#8221;on&#8221; background_image=&#8221;https:\/\/www.myvacaya.com\/wp-content\/uploads\/2022\/09\/1440&#215;570.jpeg&#8221; background_enable_image=&#8221;on&#8221; background_last_edited=&#8221;on|desktop&#8221; background_image_phone=&#8221;https:\/\/www.myvacaya.com\/wp-content\/uploads\/2022\/11\/414&#215;500.jpeg&#8221; background_enable_image_phone=&#8221;on&#8221; global_colors_info=&#8221;{}&#8221; sticky_transition=&#8221;on&#8221;][\/et_pb_slide][\/et_pb_fullwidth_slider][\/et_pb_section][et_pb_section fb_built=&#8221;1&#8243; custom_padding_last_edited=&#8221;on|phone&#8221; _builder_version=&#8221;4.17.6&#8243; _module_preset=&#8221;default&#8221; custom_padding=&#8221;||||false|false&#8221; custom_padding_tablet=&#8221;||||false|false&#8221; custom_padding_phone=&#8221;||||false|false&#8221; global_colors_info=&#8221;{}&#8221;][et_pb_row custom_padding_last_edited=&#8221;on|desktop&#8221; _builder_version=&#8221;4.17.6&#8243; _module_preset=&#8221;default&#8221; custom_padding=&#8221;||||false|false&#8221; custom_padding_tablet=&#8221;||||false|false&#8221; custom_padding_phone=&#8221;||||false|false&#8221; global_colors_info=&#8221;{}&#8221;][et_pb_column type=&#8221;4_4&#8243; _builder_version=&#8221;4.17.6&#8243; _module_preset=&#8221;default&#8221; global_colors_info=&#8221;{}&#8221;][et_pb_text _builder_version=&#8221;4.17.6&#8243; _module_preset=&#8221;default&#8221; custom_margin=&#8221;||||false|false&#8221; custom_margin_tablet=&#8221;||||false|false&#8221; custom_margin_phone=&#8221;||||false|false&#8221; custom_margin_last_edited=&#8221;on|phone&#8221; global_colors_info=&#8221;{}&#8221;]I ett f\u00f6rs\u00f6k att st\u00e4rka v\u00e5rt st\u00f6d till Black Lives Matter-r\u00f6relsen, n\u00e5dde vi ut till flera av v\u00e5ra svarta g\u00e4ster, resebyr\u00e5er och underh\u00e5llare f\u00f6r att lyssna p\u00e5 deras ber\u00e4ttelser och diskutera hur VACAYA kan st\u00e5 vid deras sida n\u00e4r vi alla samlas f\u00f6r f\u00f6r\u00e4ndring. H\u00e4r presenterar vi dig f\u00f6r tre av dessa otroliga m\u00e4nniskor. Vi uppmuntrar var och en av er att ta tag i sina utmaningar och \u00e4ven st\u00f6dja deras v\u00e4rdiga \u00e4ndam\u00e5l. Tillsammans har vi f\u00f6rm\u00e5gan att f\u00f6r\u00e4ndra v\u00e4rlden.[\/et_pb_text][\/et_pb_column][\/et_pb_row][et_pb_row column_structure=&#8221;1_3,1_3,1_3&#8243; _builder_version=&#8221;4.17.6&#8243; _module_preset=&#8221;default&#8221; global_colors_info=&#8221;{}&#8221;][et_pb_column type=&#8221;1_3&#8243; _builder_version=&#8221;4.17.6&#8243; _module_preset=&#8221;default&#8221; global_colors_info=&#8221;{}&#8221;][et_pb_image src=&#8221;https:\/\/www.myvacaya.com\/wp-content\/uploads\/2022\/09\/RebasChallenge-300&#215;300-1.jpg&#8221; title_text=&#8221;RebasChallenge-300&#215;300&#8243; force_fullwidth=&#8221;on&#8221; _builder_version=&#8221;4.17.6&#8243; _module_preset=&#8221;default&#8221; global_colors_info=&#8221;{}&#8221;][\/et_pb_image][\/et_pb_column][et_pb_column type=&#8221;1_3&#8243; _builder_version=&#8221;4.17.6&#8243; _module_preset=&#8221;default&#8221; global_colors_info=&#8221;{}&#8221;][et_pb_image src=&#8221;https:\/\/www.myvacaya.com\/wp-content\/uploads\/2022\/09\/Laurence-Pinckney-300&#215;300-1.jpg&#8221; title_text=&#8221;Laurence-Pinckney-300&#215;300&#8243; force_fullwidth=&#8221;on&#8221; _builder_version=&#8221;4.17.6&#8243; _module_preset=&#8221;default&#8221; global_colors_info=&#8221;{}&#8221;][\/et_pb_image][\/et_pb_column][et_pb_column type=&#8221;1_3&#8243; _builder_version=&#8221;4.17.6&#8243; _module_preset=&#8221;default&#8221; global_colors_info=&#8221;{}&#8221;][et_pb_image src=&#8221;https:\/\/www.myvacaya.com\/wp-content\/uploads\/2022\/09\/Coreys-Challenge-300&#215;300-1.jpg&#8221; title_text=&#8221;Coreys-Challenge-300&#215;300&#8243; force_fullwidth=&#8221;on&#8221; admin_label=&#8221;Image&#8221; _builder_version=&#8221;4.17.6&#8243; _module_preset=&#8221;default&#8221; global_colors_info=&#8221;{}&#8221;][\/et_pb_image][\/et_pb_column][\/et_pb_row][et_pb_row _builder_version=&#8221;4.17.6&#8243; _module_preset=&#8221;default&#8221; global_colors_info=&#8221;{}&#8221;][et_pb_column type=&#8221;4_4&#8243; _builder_version=&#8221;4.17.6&#8243; _module_preset=&#8221;default&#8221; global_colors_info=&#8221;{}&#8221;][et_pb_text admin_label=&#8221;Section Title &#8211; H3&#8243; _builder_version=&#8221;4.17.6&#8243; _module_preset=&#8221;default&#8221; header_3_font=&#8221;Futura Bold|||on|||||&#8221; header_3_text_align=&#8221;center&#8221; header_3_text_color=&#8221;#000000&#8243; header_3_font_size=&#8221;18px&#8221; header_3_letter_spacing=&#8221;1.8px&#8221; header_3_line_height=&#8221;24px&#8221; custom_margin=&#8221;||||false|false&#8221; custom_margin_tablet=&#8221;||||false|false&#8221; custom_margin_phone=&#8221;||||false|false&#8221; custom_margin_last_edited=&#8221;on|phone&#8221; custom_padding=&#8221;||||false|false&#8221; custom_padding_tablet=&#8221;||||false|false&#8221; custom_padding_phone=&#8221;||||false|false&#8221; custom_padding_last_edited=&#8221;on|phone&#8221; global_colors_info=&#8221;{}&#8221;]<\/p>\n<h3>M\u00d6T ISREBA WHEELER AIKEN<\/h3>\n<p>[\/et_pb_text][et_pb_text _builder_version=&#8221;4.17.6&#8243; _module_preset=&#8221;default&#8221; global_colors_info=&#8221;{}&#8221;]Reba \u00e4r h\u00e4lften av den dynamiska duon Reba &amp; Peaches \u2013 tv\u00e5 starka svarta kvinnor som har hittat ett hem med VACAYA.<\/p>\n<p>Reba delar: \u201dJag \u00e4r s\u00e5 tr\u00f6tt. Jag \u00e4r tr\u00f6tt p\u00e5 att beh\u00f6va upprepa samma sak om och om igen bara f\u00f6r att f\u00e5 det ignorerat. Jag k\u00e4nner att jag sl\u00e5r huvudet i en tegelv\u00e4gg. Jag \u00e4r tr\u00f6tt p\u00e5 att sl\u00e5ss. Jag \u00e4r tr\u00f6tt p\u00e5 att klassas som NHI (No Human Involved). Jag \u00e4r tr\u00f6tt p\u00e5 att inte kunna andas. N\u00e4r jag g\u00e5r p\u00e5 gatorna k\u00e4nner jag det&#8230; du hatar mig och du k\u00e4nner mig inte ens.<\/p>\n<p>&#8221;N\u00e4r jag reser med VACAYA kan jag l\u00e4mna de d\u00e4r frustrationerna bakom mig och uppleva lite utopi. En sak jag \u00e4lskar med resorna \u00e4r att alla s\u00e4ger &#8221;hej&#8221; n\u00e4r de passerar varandra, oavsett om de k\u00e4nner varandra eller inte. Ingen har n\u00e5gonsin bett oss att g\u00f6ra det. Det bara h\u00e4nder. Skulle det inte vara fantastiskt om vi kunde ta med den enkla handlingen av v\u00e4nlighet in i v\u00e5ra vardagliga liv&#8230; f\u00e5 \u00f6gonkontakt, le och s\u00e4ga hej till varandra? S\u00e5 idag utmanar jag er att b\u00f6rja g\u00f6ra detta i era hemst\u00e4der f\u00f6r att l\u00e5ta varandra veta &#8221;Jag ser dig&#8221;, &#8221;Jag respekterar dig&#8221;, &#8221;Jag v\u00e4rdes\u00e4tter dig.&#8221; Det vi alla st\u00e5r inf\u00f6r just nu \u00e4r s\u00e5 enormt. Vi m\u00e5ste hitta ett s\u00e4tt att g\u00f6ra det lite mer hanterbart. Med denna lilla handling har vi tillsammans kraften att f\u00f6r\u00e4ndra v\u00e4rlden&#8230; ett &#8221;hej&#8221; i taget.&#8221;<\/p>\n<p>F\u00f6r att hedra Reba och Peaches har VACAYA gjort en donation i deras namn till Doing4Others. Vi uppmuntrar dig att g\u00e5 med oss \u200b\u200boch st\u00f6dja denna fantastiska organisation. Doing4Others uppdrag \u00e4r att fr\u00e4mja samh\u00e4llsengagemang och bygga ledarskap, empati och karri\u00e4rberedskap f\u00f6r n\u00e4sta generation volont\u00e4rer.<\/p>\n<p>F\u00f6r att st\u00f6dja Doing4Others, bes\u00f6k <a href=\"https:\/\/www.doing4others.org\" target=\"_blank\" rel=\"noopener\">https:\/\/www.doing4others.org<\/a> .[\/et_pb_text][et_pb_divider color=&#8221;#000000&#8243; divider_position=&#8221;center&#8221; _builder_version=&#8221;4.17.6&#8243; _module_preset=&#8221;default&#8221; global_colors_info=&#8221;{}&#8221;][\/et_pb_divider][et_pb_text admin_label=&#8221;Section Title &#8211; H3&#8243; _builder_version=&#8221;4.17.6&#8243; _module_preset=&#8221;default&#8221; header_3_font=&#8221;Futura Bold|||on|||||&#8221; header_3_text_align=&#8221;center&#8221; header_3_text_color=&#8221;#000000&#8243; header_3_font_size=&#8221;18px&#8221; header_3_letter_spacing=&#8221;1.8px&#8221; header_3_line_height=&#8221;24px&#8221; custom_margin=&#8221;||||false|false&#8221; custom_margin_tablet=&#8221;||||false|false&#8221; custom_margin_phone=&#8221;||||false|false&#8221; custom_margin_last_edited=&#8221;on|phone&#8221; custom_padding=&#8221;||||false|false&#8221; custom_padding_tablet=&#8221;||||false|false&#8221; custom_padding_phone=&#8221;||||false|false&#8221; custom_padding_last_edited=&#8221;on|phone&#8221; global_colors_info=&#8221;{}&#8221;]<\/p>\n<h3>M\u00d6T LAURENCE PINCKNEY<\/h3>\n<p>[\/et_pb_text][et_pb_text _builder_version=&#8221;4.17.6&#8243; _module_preset=&#8221;default&#8221; global_colors_info=&#8221;{}&#8221;]Laurence Pinckney, VD f\u00f6r Zenbiz Travel, LLC. Laurence har tillbringat de senaste 15 \u00e5ren i Black LGBT+-gemenskapen som en av dess ledande resebyr\u00e5er. Han var medarrang\u00f6r av Black Pride NYC fr\u00e5n 2001-2005, Dominican Island Heat-evenemang och Nubian Dreams &amp; UHCC Cruises. P\u00e5 grund av bristen p\u00e5 m\u00e5ngfald och inkludering inom hbtq-gemenskapen v\u00e4xte Black Prides och alternativa evenemang f\u00f6r svarta hbtq-grupper \u00f6ver hela v\u00e4rlden.<\/p>\n<p>Laurence delade med sig av sina tankar om allt som h\u00e4nder idag, &#8221;Det tar aldrig slut. Om och om och om igen. Den h\u00e4r g\u00e5ngen k\u00e4nns dock annorlunda. Men f\u00f6r att vara s\u00e4ker p\u00e5 att det \u00e4r s\u00e5 m\u00e5ste vi f\u00f6rst ALLA att inse att det finns ett problem. Vi kan inte g\u00f6ra det h\u00e4r ensamma. Var och en av oss m\u00e5ste spela en roll.<\/p>\n<p>\u201dI resebranschen \u00e4r representation viktigt. Om vi \u200b\u200binte ser v\u00e5ra egna ansikten i annonserna, p\u00e5 webbplatserna, antar vi ofta att vi inte \u00e4r v\u00e4lkomna. Alltf\u00f6r l\u00e4nge har vi varit underrepresenterade eller inte representerade alls. Det som lockade Zenbiz Travel till VACAYA redan fr\u00e5n b\u00f6rjan var att jag m\u00e4rkte att VACAYA hade marknadsf\u00f6ring som inkluderade v\u00e5ra ansikten. Det var s\u00e4llsynt inom HBT-resemarknadsf\u00f6ring. Efter att ha pratat med The Vacayans blev det direkt uppenbart att VACAYA var ute efter att g\u00f6ra n\u00e5got annorlunda. De st\u00f6ttar oss, s\u00e5 vi st\u00f6ttar dem. Vi \u00e4r stolta \u00f6ver att f\u00f6ra det budskapet till v\u00e5ra kunder och andra till st\u00f6d f\u00f6r VACAYA. Vi kommer att forts\u00e4tta att uppmuntra VACAYA att driva sig sj\u00e4lva \u00e4nnu l\u00e4ngre. Inkluderande bilder \u00e4r ett bra f\u00f6rsta steg, men vad h\u00e4nder ut\u00f6ver det? Det \u00e4r fr\u00e5gorna vi nu m\u00e5ste svara p\u00e5&#8230; tillsammans.<\/p>\n<p>&#8221;Vacayas fr\u00e5gade mig hur jag skulle utmana dem som vill vara en del av l\u00f6sningen. S\u00e5 jag erbjuder den h\u00e4r utmaningen till alla&#8230; l\u00e4s eller titta p\u00e5 svart media i 40 minuter. Jag rekommenderar The Root ( <a href=\"http:\/\/www.theroot.com\/\"><span class=\"Hyperlink1\">www.theroot.com<\/span><\/a> ), Black News Channel ( <a href=\"https:\/\/blacknewschannel.com\/about\/\"><span class=\"Hyperlink1\">https:\/\/blacknewschannel.com\/about\/<\/span><\/a> ) eller AM Joy (p\u00e5 MSNBC). Jag rekommenderar \u00e4ven den prisbel\u00f6nta filmen <a href=\"https:\/\/www.burden-thefilm.com\/\"><span class=\"Link\">BURDEN, av Nathan Hale Williams<\/span><\/a> . 40 minuter kan inte bara f\u00f6r\u00e4ndra ditt perspektiv, utan den f\u00f6r\u00e4ndringen i hur du ser saker har kraften att f\u00f6r\u00e4ndra v\u00e4rlden.\u201d<\/p>\n<p>F\u00f6r att hedra Laurence hade VACAYA sk\u00e4nkt en donation i hans namn till National Black Justice Coalition. NBJC \u00e4r en medborgerlig r\u00e4ttighetsorganisation dedikerad till att st\u00e4rka svarta lesbiska, homosexuella, bisexuella, transpersoner, queer- och samma k\u00f6ns\u00e4lskande (LGBTQ\/SGL) personer, inklusive m\u00e4nniskor som lever med hiv\/aids. NBJC:s uppdrag \u00e4r att stoppa rasism, homofobi och HBTQ\/SGL-f\u00f6rdomar och stigma.<\/p>\n<p>F\u00f6r att g\u00e5 med oss \u200b\u200boch st\u00f6dja National Black Justice Coalition, bes\u00f6k <a href=\"http:\/\/www.nbjc.org\/donate\/\"><span class=\"Hyperlink0\">http:\/\/www.nbjc.org\/donate\/<\/span><\/a> .<\/p>\n<p>Och f\u00f6r att st\u00f6dja Laurence och hans team p\u00e5 Zenbiz Travel, bes\u00f6k <a href=\"https:\/\/www.zenbiztravel.com\/\"><span class=\"Hyperlink0\"><span lang=\"DE\">https:\/\/www.zenbiztravel.com<\/span><\/span><\/a> .[\/et_pb_text][et_pb_divider color=&#8221;#000000&#8243; divider_position=&#8221;center&#8221; _builder_version=&#8221;4.17.6&#8243; _module_preset=&#8221;default&#8221; global_colors_info=&#8221;{}&#8221;][\/et_pb_divider][et_pb_text admin_label=&#8221;Section Title &#8211; H3&#8243; _builder_version=&#8221;4.17.6&#8243; _module_preset=&#8221;default&#8221; header_3_font=&#8221;Futura Bold|||on|||||&#8221; header_3_text_align=&#8221;center&#8221; header_3_text_color=&#8221;#000000&#8243; header_3_font_size=&#8221;18px&#8221; header_3_letter_spacing=&#8221;1.8px&#8221; header_3_line_height=&#8221;24px&#8221; custom_margin=&#8221;||||false|false&#8221; custom_margin_tablet=&#8221;||||false|false&#8221; custom_margin_phone=&#8221;||||false|false&#8221; custom_margin_last_edited=&#8221;on|phone&#8221; custom_padding=&#8221;||||false|false&#8221; custom_padding_tablet=&#8221;||||false|false&#8221; custom_padding_phone=&#8221;||||false|false&#8221; custom_padding_last_edited=&#8221;on|phone&#8221; global_colors_info=&#8221;{}&#8221;]<\/p>\n<h3>M\u00d6T COREY CRAIG<\/h3>\n<p>[\/et_pb_text][et_pb_text _builder_version=&#8221;4.17.6&#8243; _module_preset=&#8221;default&#8221; global_colors_info=&#8221;{}&#8221;]Corey gjorde sin VACAYA-debut p\u00e5 v\u00e5r Ptown-kryssning f\u00f6rra \u00e5ret och kommer att \u00e5terv\u00e4nda f\u00f6r att snurra p\u00e5 v\u00e5r Mexico Resort-semester i h\u00f6st och p\u00e5 v\u00e5r karibiska kryssning n\u00e4sta februari.<\/p>\n<p>N\u00e4r han blev tillfr\u00e5gad om hans syn p\u00e5 allt som h\u00e4nder just nu, delade Corey: &#8221;I enklaste termer \u00e4r det som att n\u00e5gon har pruttat i hissen VARJE DAG f\u00f6r alltid och alla \u00e4ntligen ropar ut dem p\u00e5 det. Men min tro p\u00e5 m\u00e4nskligheten har \u00e5terst\u00e4llts n\u00e4r s\u00e5 m\u00e5nga m\u00e4nniskor av olika raser och etniciteter marscherar f\u00f6r det som \u00e4r r\u00e4tt. N\u00e4sta normala handlar egentligen om att st\u00e4da huset \u2013 att sl\u00e4ppa sl\u00f6heten och passiviteten som har f\u00f6rt oss till denna plats. Jag letar inte efter en urs\u00e4kt fr\u00e5n n\u00e5gon, men jag ber om erk\u00e4nnande att det finns ett problem. F\u00f6r att upprepa Kimberly Jones djupa ord, vet att vi letar efter j\u00e4mlikhet, inte h\u00e4mnd.\u201d<\/p>\n<p>Om du inte har sett Kimberlys video \u00e4r den ett m\u00e5ste att se ( <a href=\"https:\/\/www.youtube.com\/watch?v=sb9_qGOa9Go\">https:\/\/www.youtube.com\/watch?v=sb9_qGOa9Go<\/a> ).<\/p>\n<p>&#8221;VACAYA fr\u00e5gade mig hur jag skulle utmana m\u00e4nniskor som vill vara en del av l\u00f6sningen och mitt svar \u00e4r tredelat. Se f\u00f6rst p\u00e5 denna m\u00f6jlighet som det st\u00f6rsta seminariet om situationsmedvetenhet genom tiderna. Gr\u00e4v i dina egna personliga f\u00f6rdomar och f\u00f6rs\u00f6k ta reda p\u00e5 n\u00e4r de b\u00f6rjade och var du l\u00e4rde dig dem. Fr\u00e5ga dig sj\u00e4lv&#8230; har dessa f\u00f6rdomar gjort mig till en b\u00e4ttre person och skyddat mig? Jag antar att de inte har det. N\u00e4r du v\u00e4l k\u00e4nner igen ursprunget till dessa f\u00f6rdomar \u00e4r det mycket l\u00e4ttare att \u00e4ndra dem. Och f\u00f6r det andra&#8230; du m\u00e5ste f\u00f6rst\u00e5 Black History b\u00e4ttre. Tre sidor i en l\u00e4robok r\u00e4cker inte. Du m\u00e5ste gr\u00e4va djupare. Att ha en djupare f\u00f6rst\u00e5else \u00e4r avg\u00f6rande f\u00f6r att p\u00e5verka f\u00f6r\u00e4ndring. Och slutligen, om du ser ett fel \u2013 och jag pratar om sm\u00e5 fel och stora Wrongs \u2013 var inte tyst. S\u00e4g n\u00e5got. G\u00f6ra n\u00e5gonting. Vi m\u00e5ste st\u00e5 upp f\u00f6r varandra och det \u00e4r s\u00e4rskilt sant inom HBT+-gemenskapen.<\/p>\n<p>&#8221;\u00c4nda fr\u00e5n b\u00f6rjan anammade VACAYA ett t\u00e4nkes\u00e4tt av full inkludering. Alltf\u00f6r m\u00e5nga g\u00e5nger m\u00e4rks evenemang baserat p\u00e5 marknadsf\u00f6ringen. Vi har l\u00e5tit ett f\u00e5tals \u00f6nskem\u00e5l beh\u00e5lla ett annars f\u00e4rgstarkt dansgolv monolitiskt. Om en affisch visar f\u00f6r m\u00e5nga f\u00e4rgade (eller till och med en person i vissa fall) avskrivs den alltf\u00f6r ofta som en etnisk homosexuell h\u00e4ndelse. Det som lockade mig att arbeta med VACAYA var den \u00f6ppna v\u00e4djan och inkluderingen i deras marknadsf\u00f6ring och jag \u00e4r s\u00e5 tacksam f\u00f6r det. Fr\u00e5ga dig sj\u00e4lv, &#8221;k\u00e4nner jag mig bara bekv\u00e4m med svarta m\u00e4nniskor p\u00e5 en kryssning eller p\u00e5 en resort om de \u00e4r bakom baren, i ett DJ-b\u00e5s eller i n\u00e5gon form av serviceroll?&#8221; Om det st\u00e4mmer \u00e4r VACAYA inget f\u00f6r dig. Om du har problem med m\u00e5ngfald i allm\u00e4nhet, s\u00e5 \u00e4r VACAYA inget f\u00f6r dig. VACAYA s\u00e4ger att de \u00e4r &#8221;byggda f\u00f6r alla&#8221;, men alla \u00e4r inte byggda f\u00f6r VACAYA. Och det \u00e4r okej. Det finns massor av andra alternativ d\u00e4r ute om du k\u00e4nner att du bara kan vara runt andra som \u00e4r precis som du. Men om du verkligen tror att vi alla \u00e4r lika, s\u00e5 hoppas jag att jag f\u00e5r chansen att tr\u00e4ffa dig och dela en stund med dig p\u00e5 v\u00e5r n\u00e4sta resa tillsammans.\u201d<\/p>\n<p>F\u00f6r att hedra Corey har VACAYA gjort en donation till Black Trans Travel Fund. Corey forts\u00e4tter, &#8221;Det \u00e4r hj\u00e4rtsk\u00e4rande att veta att den svarta transgemenskapen fortfarande m\u00f6rdas i hela landet och ingen talar upp f\u00f6r dem eller pressar deras ber\u00e4ttelser. Den svarta transgemenskapen startade v\u00e5r HBT+ j\u00e4mst\u00e4lldhetsr\u00f6relse. Det minsta vi kan g\u00f6ra \u00e4r att hj\u00e4lpa dem att r\u00f6ra sig \u00f6ver hela v\u00e4rlden utan trakasserier och v\u00e5ld.\u201d<\/p>\n<p>Vi uppmuntrar dig att st\u00f6dja oss. F\u00f6r att l\u00e4ra dig mer eller bidra, bes\u00f6k <a href=\"https:\/\/www.blacktranstravelfund.com\/\">https:\/\/www.blacktranstravelfund.com\/<\/a> .[\/et_pb_text][\/et_pb_column][\/et_pb_row][\/et_pb_section]<\/p>\n","protected":false},"excerpt":{"rendered":"<p><div class=\"trip-overlay\"><div class=\"trip-title\"><h1>Resebrickor med titel &#8211; Endast kryssningar<\/h1><\/div><\/div>I ett f\u00f6rs\u00f6k att st\u00e4rka v\u00e5rt st\u00f6d till Black Lives Matter-r\u00f6relsen, n\u00e5dde vi ut till flera av v\u00e5ra svarta g\u00e4ster, resebyr\u00e5er och underh\u00e5llare f\u00f6r att lyssna p\u00e5 deras ber\u00e4ttelser och diskutera hur VACAYA kan st\u00e5 vid deras sida n\u00e4r vi alla samlas f\u00f6r f\u00f6r\u00e4ndring. H\u00e4r presenterar vi dig f\u00f6r tre av dessa otroliga m\u00e4nniskor. Vi [&hellip;]<\/p>\n","protected":false},"author":4,"featured_media":50624,"parent":62517,"menu_order":0,"comment_status":"closed","ping_status":"closed","template":"","meta":{"_acf_changed":false,"_et_pb_use_builder":"on","_et_pb_old_content":"","_et_gb_content_width":"","_monsterinsights_skip_tracking":false,"_monsterinsights_sitenote_active":false,"_monsterinsights_sitenote_note":"","_monsterinsights_sitenote_category":0,"footnotes":""},"class_list":["post-62893","page","type-page","status-publish","has-post-thumbnail","hentry"],"acf":[],"_links":{"self":[{"href":"https:\/\/www.myvacaya.com\/sv\/wp-json\/wp\/v2\/pages\/62893","targetHints":{"allow":["GET"]}}],"collection":[{"href":"https:\/\/www.myvacaya.com\/sv\/wp-json\/wp\/v2\/pages"}],"about":[{"href":"https:\/\/www.myvacaya.com\/sv\/wp-json\/wp\/v2\/types\/page"}],"author":[{"embeddable":true,"href":"https:\/\/www.myvacaya.com\/sv\/wp-json\/wp\/v2\/users\/4"}],"replies":[{"embeddable":true,"href":"https:\/\/www.myvacaya.com\/sv\/wp-json\/wp\/v2\/comments?post=62893"}],"version-history":[{"count":1,"href":"https:\/\/www.myvacaya.com\/sv\/wp-json\/wp\/v2\/pages\/62893\/revisions"}],"predecessor-version":[{"id":62907,"href":"https:\/\/www.myvacaya.com\/sv\/wp-json\/wp\/v2\/pages\/62893\/revisions\/62907"}],"up":[{"embeddable":true,"href":"https:\/\/www.myvacaya.com\/sv\/wp-json\/wp\/v2\/pages\/62517"}],"wp:featuredmedia":[{"embeddable":true,"href":"https:\/\/www.myvacaya.com\/sv\/wp-json\/wp\/v2\/media\/50624"}],"wp:attachment":[{"href":"https:\/\/www.myvacaya.com\/sv\/wp-json\/wp\/v2\/media?parent=62893"}],"curies":[{"name":"wp","href":"https:\/\/api.w.org\/{rel}","templated":true}]}}