{"id":62874,"date":"2018-03-29T17:54:59","date_gmt":"2018-03-29T21:54:59","guid":{"rendered":"https:\/\/www.myvacaya.com\/resurser-for-travel-pro\/forsaljning-och-marknadsforing-med-vacaya\/"},"modified":"2023-08-02T14:36:00","modified_gmt":"2023-08-02T18:36:00","slug":"forsaljning-och-marknadsforing-med-vacaya","status":"publish","type":"page","link":"https:\/\/www.myvacaya.com\/sv\/resurser-for-travel-pro\/forsaljning-och-marknadsforing-med-vacaya\/","title":{"rendered":"F\u00f6rs\u00e4ljning och marknadsf\u00f6ring med VACAYA"},"content":{"rendered":"<p>[et_pb_section fb_built=&#8221;1&#8243; fullwidth=&#8221;on&#8221; admin_label=&#8221;Slider&#8221; module_id=&#8221;slider-sektion-inredning&#8221; _builder_version=&#8221;4.17.6&#8243; _module_preset=&#8221;default&#8221; background_enable_image=&#8221;off&#8221; global_colors_info=&#8221;{}&#8221;][et_pb_fullwidth_code admin_label=&#8221;Slider Overlay&#8221; module_class=&#8221;interior-page-overlay&#8221; _builder_version=&#8221;4.17.6&#8243; _module_preset=&#8221;default&#8221; positioning=&#8221;absolute&#8221; position_origin_a=&#8221;top_right&#8221; position_origin_f=&#8221;top_right&#8221; z_index=&#8221;100&#8243; width=&#8221;50%&#8221; width_tablet=&#8221;50%&#8221; width_phone=&#8221;100%&#8221; width_last_edited=&#8221;on|phone&#8221; height=&#8221;100vh&#8221; hover_enabled=&#8221;0&#8243; global_colors_info=&#8221;{}&#8221; sticky_enabled=&#8221;0&#8243;]<div class=\"trip-overlay\"><div class=\"trip-title\"><h1>F\u00f6rs\u00e4ljning och marknadsf\u00f6ring med VACAYA<\/h1><\/div><\/div>[\/et_pb_fullwidth_code][et_pb_fullwidth_slider show_arrows=&#8221;off&#8221; admin_label=&#8221;Slider Images&#8221; module_id=&#8221;slider-images&#8221; _builder_version=&#8221;4.17.6&#8243; _module_preset=&#8221;default&#8221; height=&#8221;100vh&#8221; auto=&#8221;on&#8221; global_colors_info=&#8221;{}&#8221;][et_pb_slide _builder_version=&#8221;4.17.6&#8243; _module_preset=&#8221;default&#8221; background_color=&#8221;RGBA(255,255,255,0)&#8221; background_enable_color=&#8221;on&#8221; background_image=&#8221;https:\/\/www.myvacaya.com\/wp-content\/uploads\/2022\/09\/travel-agents-selling-marketing.jpg&#8221; background_enable_image=&#8221;on&#8221; background_last_edited=&#8221;on|desktop&#8221; background_image_phone=&#8221;https:\/\/www.myvacaya.com\/wp-content\/uploads\/2022\/11\/selling-marketing-vacayamobile-414&#215;500-1.png&#8221; background_enable_image_phone=&#8221;on&#8221; global_colors_info=&#8221;{}&#8221; sticky_transition=&#8221;on&#8221;][\/et_pb_slide][\/et_pb_fullwidth_slider][\/et_pb_section][et_pb_section fb_built=&#8221;1&#8243; custom_padding_last_edited=&#8221;on|phone&#8221; _builder_version=&#8221;4.17.6&#8243; _module_preset=&#8221;default&#8221; custom_padding=&#8221;||||false|false&#8221; custom_padding_tablet=&#8221;||||false|false&#8221; custom_padding_phone=&#8221;||||false|false&#8221; global_colors_info=&#8221;{}&#8221;][et_pb_row custom_padding_last_edited=&#8221;on|desktop&#8221; _builder_version=&#8221;4.17.6&#8243; _module_preset=&#8221;default&#8221; custom_padding=&#8221;||||false|false&#8221; custom_padding_tablet=&#8221;||||false|false&#8221; custom_padding_phone=&#8221;||||false|false&#8221; global_colors_info=&#8221;{}&#8221;][et_pb_column type=&#8221;4_4&#8243; _builder_version=&#8221;4.17.6&#8243; _module_preset=&#8221;default&#8221; global_colors_info=&#8221;{}&#8221;][et_pb_text _builder_version=&#8221;4.17.6&#8243; _module_preset=&#8221;default&#8221; custom_margin=&#8221;||||false|false&#8221; custom_margin_tablet=&#8221;||||false|false&#8221; custom_margin_phone=&#8221;||||false|false&#8221; custom_margin_last_edited=&#8221;on|phone&#8221; global_colors_info=&#8221;{}&#8221;]Att vara en auktoriserad VACAYA Travel Professional \u00e4r en hyllning till din kunskap om VACAYA-produkten och det v\u00e4rde som din byr\u00e5 tillf\u00f6r v\u00e5ra gemensamma kunder. F\u00f6rs\u00e4ljning och marknadsf\u00f6ring med VACAYA kommer att l\u00e5sa upp v\u00e4rdefulla f\u00f6rdelar och kompensationsm\u00f6jligheter. Tack p\u00e5 f\u00f6rhand f\u00f6r att du utnyttjar dessa resurser och st\u00f6djer v\u00e5ra \u00f6msesidigt f\u00f6rdelaktiga policyer.[\/et_pb_text][et_pb_text admin_label=&#8221;Section Title &#8211; H3&#8243; _builder_version=&#8221;4.17.6&#8243; _module_preset=&#8221;default&#8221; header_3_font=&#8221;Futura Bold|||on|||||&#8221; header_3_text_align=&#8221;center&#8221; header_3_text_color=&#8221;#000000&#8243; header_3_font_size=&#8221;18px&#8221; header_3_letter_spacing=&#8221;1.8px&#8221; header_3_line_height=&#8221;24px&#8221; custom_margin=&#8221;||||false|false&#8221; custom_margin_tablet=&#8221;||||false|false&#8221; custom_margin_phone=&#8221;||||false|false&#8221; custom_margin_last_edited=&#8221;on|phone&#8221; custom_padding=&#8221;||||false|false&#8221; custom_padding_tablet=&#8221;||||false|false&#8221; custom_padding_phone=&#8221;||||false|false&#8221; custom_padding_last_edited=&#8221;on|phone&#8221; global_colors_info=&#8221;{}&#8221;]<\/p>\n<h3>S\u00c4LJS MED VACAYA<\/h3>\n<p>[\/et_pb_text][et_pb_text _builder_version=&#8221;4.17.6&#8243; _module_preset=&#8221;default&#8221; global_colors_info=&#8221;{}&#8221;]H\u00e4r hittar du all information du beh\u00f6ver f\u00f6r att f\u00f6rst\u00e5 och uppr\u00e4tth\u00e5lla den solida relationen mellan VAVACA och din kund, och viktigast av allt, hur du tj\u00e4nar v\u00e4rdefulla provisioner.<\/p>\n<p>Och, naturligtvis, om du n\u00e5gonsin har n\u00e5gra fr\u00e5gor\/feedback, kommer v\u00e5rt team alltid att finnas d\u00e4r f\u00f6r dig.<\/p>\n<p><a class=\"btn-pink-inline\" href=\"https:\/\/www.myvacaya.com\/sv\/resurser-for-travel-pro\/travel-pro-guidelines\/\"><span>Travel Pro Guidelines<\/span><\/a>[\/et_pb_text][\/et_pb_column][\/et_pb_row][et_pb_row _builder_version=&#8221;4.17.6&#8243; _module_preset=&#8221;default&#8221; global_colors_info=&#8221;{}&#8221;][et_pb_column type=&#8221;4_4&#8243; _builder_version=&#8221;4.17.6&#8243; _module_preset=&#8221;default&#8221; global_colors_info=&#8221;{}&#8221;][et_pb_text admin_label=&#8221;Section Title &#8211; H3&#8243; _builder_version=&#8221;4.17.6&#8243; _module_preset=&#8221;default&#8221; header_3_font=&#8221;Futura Bold|||on|||||&#8221; header_3_text_align=&#8221;center&#8221; header_3_text_color=&#8221;#000000&#8243; header_3_font_size=&#8221;18px&#8221; header_3_letter_spacing=&#8221;1.8px&#8221; header_3_line_height=&#8221;24px&#8221; custom_margin=&#8221;||||false|false&#8221; custom_margin_tablet=&#8221;||||false|false&#8221; custom_margin_phone=&#8221;||||false|false&#8221; custom_margin_last_edited=&#8221;on|phone&#8221; custom_padding=&#8221;||||false|false&#8221; custom_padding_tablet=&#8221;||||false|false&#8221; custom_padding_phone=&#8221;||||false|false&#8221; custom_padding_last_edited=&#8221;on|phone&#8221; global_colors_info=&#8221;{}&#8221;]<\/p>\n<h3>MARKNADSF\u00d6RING MED VACAYA<\/h3>\n<p>[\/et_pb_text][\/et_pb_column][\/et_pb_row][et_pb_row column_structure=&#8221;2_3,1_3&#8243; _builder_version=&#8221;4.17.6&#8243; _module_preset=&#8221;default&#8221; global_colors_info=&#8221;{}&#8221;][et_pb_column type=&#8221;2_3&#8243; _builder_version=&#8221;4.17.6&#8243; _module_preset=&#8221;default&#8221; global_colors_info=&#8221;{}&#8221;][et_pb_text _builder_version=&#8221;4.17.6&#8243; _module_preset=&#8221;default&#8221; global_colors_info=&#8221;{}&#8221;]V\u00e5r marknadsf\u00f6ringssektion belyser f\u00f6rdelarna och f\u00f6rdelarna som din byr\u00e5 kommer att \u00e5tnjuta genom att bygga en relation med oss. Du kommer att uppt\u00e4cka otaliga verktyg och resurser tillg\u00e4ngliga genom VACAYAs Authorized Travel Professional Program f\u00f6r att hj\u00e4lpa dig att marknadsf\u00f6ra och v\u00e4xa ditt f\u00f6retag. Slutligen kommer vi att beskriva de policyer som styr v\u00e5rt program f\u00f6r att hj\u00e4lpa dig att beh\u00e5lla god status hos VACAYA.<\/p>\n<p>N\u00e4r din relation med The Vacayans v\u00e4xer sig starkare \u00e4r vi \u00f6vertygade om att du kommer att finna oss som v\u00e4lkomnande partners i din framg\u00e5ng &#8211; ett helt samarbetsteam byggt kring \u00f6msesidig f\u00f6rst\u00e5else och respekt f\u00f6r det arbete du g\u00f6r.<\/p>\n<p>Hela v\u00e5rt team \u00e4r h\u00e4r f\u00f6r att hj\u00e4lpa dig att s\u00e4lja VACAYA, men om du n\u00e5gonsin beh\u00f6ver direkt personlig assistans, v\u00e4nligen maila <strong><a href=\"mailto:travelagents@myvacaya.com\" target=\"_blank\" rel=\"noopener\">travelagents@myvacaya.com<\/a><\/strong> s\u00e5 ska vi g\u00f6ra v\u00e5rt absoluta b\u00e4sta f\u00f6r att \u00e5terkomma till dig snabbt.<\/p>\n<p><a class=\"btn-pink-inline\" href=\"https:\/\/www.myvacaya.com\/sv\/resurser-for-travel-pro\/travel-pro-marketing-riktlinjer\/\"><span>Riktlinjer f\u00f6r marknadsf\u00f6ring<\/span><\/a>[\/et_pb_text][\/et_pb_column][et_pb_column type=&#8221;1_3&#8243; _builder_version=&#8221;4.17.6&#8243; _module_preset=&#8221;default&#8221; global_colors_info=&#8221;{}&#8221;][revslider_divi revslider_divi=&#8221;%91rev_slider alias=%22travel-agent-patrick%22 slidertitle=%22Travel Agent &#8211; Patrick%22%93%91\/rev_slider%93&#8243; _builder_version=&#8221;4.17.6&#8243; _module_preset=&#8221;default&#8221; global_colors_info=&#8221;{}&#8221;][\/revslider_divi][\/et_pb_column][\/et_pb_row][\/et_pb_section]<\/p>\n","protected":false},"excerpt":{"rendered":"<p><div class=\"trip-overlay\"><div class=\"trip-title\"><h1>Resebrickor med titel &#8211; Endast kryssningar<\/h1><\/div><\/div>Att vara en auktoriserad VACAYA Travel Professional \u00e4r en hyllning till din kunskap om VACAYA-produkten och det v\u00e4rde som din byr\u00e5 tillf\u00f6r v\u00e5ra gemensamma kunder. F\u00f6rs\u00e4ljning och marknadsf\u00f6ring med VACAYA kommer att l\u00e5sa upp v\u00e4rdefulla f\u00f6rdelar och kompensationsm\u00f6jligheter. Tack p\u00e5 f\u00f6rhand f\u00f6r att du utnyttjar dessa resurser och st\u00f6djer v\u00e5ra \u00f6msesidigt f\u00f6rdelaktiga policyer.S\u00c4LJS MED VACAYAH\u00e4r [&hellip;]<\/p>\n","protected":false},"author":1,"featured_media":0,"parent":62615,"menu_order":0,"comment_status":"closed","ping_status":"closed","template":"","meta":{"_acf_changed":false,"_et_pb_use_builder":"on","_et_pb_old_content":"","_et_gb_content_width":"","_monsterinsights_skip_tracking":false,"_monsterinsights_sitenote_active":false,"_monsterinsights_sitenote_note":"","_monsterinsights_sitenote_category":0,"footnotes":""},"class_list":["post-62874","page","type-page","status-publish","hentry"],"acf":[],"_links":{"self":[{"href":"https:\/\/www.myvacaya.com\/sv\/wp-json\/wp\/v2\/pages\/62874","targetHints":{"allow":["GET"]}}],"collection":[{"href":"https:\/\/www.myvacaya.com\/sv\/wp-json\/wp\/v2\/pages"}],"about":[{"href":"https:\/\/www.myvacaya.com\/sv\/wp-json\/wp\/v2\/types\/page"}],"author":[{"embeddable":true,"href":"https:\/\/www.myvacaya.com\/sv\/wp-json\/wp\/v2\/users\/1"}],"replies":[{"embeddable":true,"href":"https:\/\/www.myvacaya.com\/sv\/wp-json\/wp\/v2\/comments?post=62874"}],"version-history":[{"count":1,"href":"https:\/\/www.myvacaya.com\/sv\/wp-json\/wp\/v2\/pages\/62874\/revisions"}],"predecessor-version":[{"id":62894,"href":"https:\/\/www.myvacaya.com\/sv\/wp-json\/wp\/v2\/pages\/62874\/revisions\/62894"}],"up":[{"embeddable":true,"href":"https:\/\/www.myvacaya.com\/sv\/wp-json\/wp\/v2\/pages\/62615"}],"wp:attachment":[{"href":"https:\/\/www.myvacaya.com\/sv\/wp-json\/wp\/v2\/media?parent=62874"}],"curies":[{"name":"wp","href":"https:\/\/api.w.org\/{rel}","templated":true}]}}