{"id":62842,"date":"2019-04-10T14:36:37","date_gmt":"2019-04-10T18:36:37","guid":{"rendered":"https:\/\/www.myvacaya.com\/upptack\/vacayas-favoritsaker\/"},"modified":"2024-10-18T23:01:38","modified_gmt":"2024-10-19T03:01:38","slug":"vacayas-favoritsaker","status":"publish","type":"page","link":"https:\/\/www.myvacaya.com\/sv\/upptack\/vacayas-favoritsaker\/","title":{"rendered":"VACAYAs favoritsaker"},"content":{"rendered":"<p>[et_pb_section fb_built=&#8221;1&#8243; fullwidth=&#8221;on&#8221; admin_label=&#8221;Slider&#8221; module_id=&#8221;slider-sektion-inredning&#8221; _builder_version=&#8221;4.17.6&#8243; _module_preset=&#8221;default&#8221; background_enable_image=&#8221;off&#8221; global_colors_info=&#8221;{}&#8221;][et_pb_fullwidth_code admin_label=&#8221;Slider Overlay&#8221; module_class=&#8221;interior-page-overlay&#8221; _builder_version=&#8221;4.17.6&#8243; _module_preset=&#8221;default&#8221; positioning=&#8221;absolute&#8221; position_origin_a=&#8221;top_right&#8221; position_origin_f=&#8221;top_right&#8221; z_index=&#8221;100&#8243; width=&#8221;50%&#8221; width_tablet=&#8221;50%&#8221; width_phone=&#8221;100%&#8221; width_last_edited=&#8221;on|phone&#8221; height=&#8221;100vh&#8221; global_colors_info=&#8221;{}&#8221;]<div class=\"trip-overlay\"><div class=\"trip-title\"><h1>VACAYAs favoritsaker<\/h1><\/div><\/div>[\/et_pb_fullwidth_code][et_pb_fullwidth_slider show_arrows=&#8221;off&#8221; admin_label=&#8221;Slider Images&#8221; module_id=&#8221;slider-images&#8221; _builder_version=&#8221;4.17.6&#8243; _module_preset=&#8221;default&#8221; height=&#8221;100vh&#8221; auto=&#8221;on&#8221; global_colors_info=&#8221;{}&#8221;][et_pb_slide _builder_version=&#8221;4.17.6&#8243; _module_preset=&#8221;default&#8221; background_color=&#8221;RGBA(255,255,255,0)&#8221; background_enable_color=&#8221;on&#8221; background_image=&#8221;https:\/\/www.myvacaya.com\/wp-content\/uploads\/2022\/09\/GettyImages-1053460884-3.jpg&#8221; background_enable_image=&#8221;on&#8221; background_last_edited=&#8221;on|desktop&#8221; background_image_phone=&#8221;https:\/\/www.myvacaya.com\/wp-content\/uploads\/2022\/11\/GettyImages-1053460884-5.jpg&#8221; background_enable_image_phone=&#8221;on&#8221; global_colors_info=&#8221;{}&#8221; sticky_transition=&#8221;on&#8221;][\/et_pb_slide][\/et_pb_fullwidth_slider][\/et_pb_section][et_pb_section fb_built=&#8221;1&#8243; custom_padding_last_edited=&#8221;on|phone&#8221; _builder_version=&#8221;4.17.6&#8243; _module_preset=&#8221;default&#8221; custom_padding=&#8221;||||false|false&#8221; custom_padding_tablet=&#8221;||||false|false&#8221; custom_padding_phone=&#8221;||||false|false&#8221; sticky_position_tablet=&#8221;&#8221; sticky_position_phone=&#8221;&#8221; sticky_position_last_edited=&#8221;on|tablet&#8221; custom_css_main_element=&#8221;padding-bottom: 4% !important;&#8221; global_colors_info=&#8221;{}&#8221; custom_css_main_element_last_edited=&#8221;on|desktop&#8221; custom_css_main_element_tablet=&#8221;padding-bottom: 4% !important;&#8221; custom_css_main_element_phone=&#8221;padding-bottom: 4% !important;&#8221;][et_pb_row custom_padding_last_edited=&#8221;on|desktop&#8221; _builder_version=&#8221;4.17.6&#8243; _module_preset=&#8221;default&#8221; custom_padding=&#8221;||||false|false&#8221; custom_padding_tablet=&#8221;||||false|false&#8221; custom_padding_phone=&#8221;||||false|false&#8221; global_colors_info=&#8221;{}&#8221;][et_pb_column type=&#8221;4_4&#8243; _builder_version=&#8221;4.17.6&#8243; _module_preset=&#8221;default&#8221; global_colors_info=&#8221;{}&#8221;][et_pb_text _builder_version=&#8221;4.17.6&#8243; _module_preset=&#8221;default&#8221; custom_margin=&#8221;||||false|false&#8221; custom_margin_tablet=&#8221;||||false|false&#8221; custom_margin_phone=&#8221;||||false|false&#8221; custom_margin_last_edited=&#8221;on|phone&#8221; global_colors_info=&#8221;{}&#8221;]Det finns s\u00e5 m\u00e5nga underbara saker i den h\u00e4r v\u00e4rlden som kittlar, utmanar, gl\u00e4der och inspirerar The Vacayans. Den h\u00e4r sidan \u00e4r till\u00e4gnad n\u00e5gra av dessa favoritsaker! Vi uppmuntrar dig att utforska och st\u00f6dja dessa otroliga organisationer, f\u00f6retag och produkter.[\/et_pb_text][\/et_pb_column][\/et_pb_row][et_pb_row column_structure=&#8221;1_2,1_2&#8243; _builder_version=&#8221;4.17.6&#8243; _module_preset=&#8221;default&#8221; global_colors_info=&#8221;{}&#8221;][et_pb_column type=&#8221;1_2&#8243; _builder_version=&#8221;4.17.6&#8243; _module_preset=&#8221;default&#8221; global_colors_info=&#8221;{}&#8221;][et_pb_image src=&#8221;https:\/\/www.myvacaya.com\/wp-content\/uploads\/2024\/10\/JimSupport-Hero-1000&#215;667-favorite-things-page-1.jpg&#8221; title_text=&#8221;JimSupport Hero 1000&#215;667 sida f\u00f6r favoritsaker&#8221; url=&#8221;https:\/\/www.jimsupport.com\/&#8221; url_new_window=&#8221;on&#8221; show_bottom_space=&#8221;off&#8221; force_fullwidth=&#8221;on&#8221; _builder_version=&#8221;4.23.4&#8243; _module_preset=&#8221;default&#8221; hover_enabled=&#8221;0&#8243; global_colors_info=&#8221;{}&#8221; sticky_enabled=&#8221;0&#8243;][\/et_pb_image][\/et_pb_column][et_pb_column type=&#8221;1_2&#8243; _builder_version=&#8221;4.17.6&#8243; _module_preset=&#8221;default&#8221; global_colors_info=&#8221;{}&#8221;][et_pb_text _builder_version=&#8221;4.23.4&#8243; _module_preset=&#8221;default&#8221; hover_enabled=&#8221;0&#8243; global_colors_info=&#8221;{}&#8221; sticky_enabled=&#8221;0&#8243;]<\/p>\n<h5 style=\"text-align: center;\"><a href=\"https:\/\/www.visitlauderdale.com\/\" target=\"_blank\" rel=\"noopener\"><strong>JIMSUPPORT AV FETISH LOCKER<\/strong><\/a> &#8230; Sexm\u00f6bler som g\u00f6r dig ut\u00f6ver det vanliga <\/h5>\n<p>&nbsp;<\/p>\n<h5 style=\"text-align: center;\">Demo p\u00e5 Mexico Resort &#8211; 27 oktober &#8211; 3 november 2024<\/h5>\n<p>&nbsp;<\/p>\n<p style=\"text-align: center;\">K\u00f6p sedan online och spara 15% med kampanjkoden VACAYA15<\/p>\n<p>&nbsp;<\/p>\n<p style=\"text-align: center;\">JimSupport fr\u00e5n Fetish Locker \u00e4r din k\u00e4lla f\u00f6r \u00f6verl\u00e4gsna slingramar, f\u00e4lgstolar, j\u00e4vla b\u00e4nkar och allt annat som h\u00f6r till dem. V\u00e5rt uppdrag \u00e4r att skapa enast\u00e5ende utrustning f\u00f6r m\u00e4nniskor som kan hett sex och kr\u00e4ver fantastisk design, kvalitet och funktion. <\/p>\n<p><a class=\"btn-pink-inline\" href=\"https:\/\/www.jimsupport.com\/\" target=\"_blank\" rel=\"noopener\"><span class=\"link-inside\">ST\u00d6D GAYF\u00d6RETAG &amp; SPARA<\/span><\/a><\/p>\n<p>[\/et_pb_text][\/et_pb_column][\/et_pb_row][et_pb_row column_structure=&#8221;1_2,1_2&#8243; _builder_version=&#8221;4.17.6&#8243; _module_preset=&#8221;default&#8221; global_colors_info=&#8221;{}&#8221;][et_pb_column type=&#8221;1_2&#8243; _builder_version=&#8221;4.17.6&#8243; _module_preset=&#8221;default&#8221; global_colors_info=&#8221;{}&#8221;][et_pb_image src=&#8221;https:\/\/www.myvacaya.com\/wp-content\/uploads\/2024\/02\/Visit-Lauderdale-Hero-1000&#215;667-favorite-things-page.jpg&#8221; title_text=&#8221;Bes\u00f6k sidan f\u00f6r Lauderdale Hero 1000&#215;667 favoritsaker&#8221; url=&#8221;https:\/\/www.visitlauderdale.com\/&#8221; url_new_window=&#8221;on&#8221; show_bottom_space=&#8221;off&#8221; force_fullwidth=&#8221;on&#8221; _builder_version=&#8221;4.23.4&#8243; _module_preset=&#8221;default&#8221; global_colors_info=&#8221;{}&#8221;][\/et_pb_image][\/et_pb_column][et_pb_column type=&#8221;1_2&#8243; _builder_version=&#8221;4.17.6&#8243; _module_preset=&#8221;default&#8221; global_colors_info=&#8221;{}&#8221;][et_pb_text _builder_version=&#8221;4.23.4&#8243; _module_preset=&#8221;default&#8221; global_colors_info=&#8221;{}&#8221;]<\/p>\n<h5 style=\"text-align: center;\"><a href=\"https:\/\/www.visitlauderdale.com\/\" target=\"_blank\" rel=\"noopener\"><strong>BES\u00d6K LAUDERDALE<\/strong><\/a> &#8230; V\u00e4lkomna alla under solen<\/h5>\n<p>&nbsp;<\/p>\n<h5 style=\"text-align: center;\">Ombord p\u00e5 Celebrity APEX 17\u201314 februari 2024<\/h5>\n<p>&nbsp;<\/p>\n<p style=\"text-align: center;\">Visit Lauderdale \u00e4r dedikerade till att visa upp Fort Lauderdales m\u00e5ngsidiga, inkluderande och tillg\u00e4ngliga erbjudanden, och fr\u00e4mjar dess livliga kultur och v\u00e4lkomnande atmosf\u00e4r f\u00f6r resen\u00e4rer \u00f6ver hela v\u00e4rlden. Genom att st\u00f6dja lokala HBTQ-\u00e4gda och drivna f\u00f6retag spelar g\u00e4ster en viktig roll f\u00f6r att uppr\u00e4tth\u00e5lla stadens livliga HBTQ+-kultur och fr\u00e4mja dess rykte som en v\u00e4lkomnande och st\u00f6djande destination f\u00f6r alla resen\u00e4rer.<\/p>\n<p><a class=\"btn-pink-inline\" href=\"https:\/\/www.visitlauderdale.com\/\" target=\"_blank\" rel=\"noopener\"><span class=\"link-inside\">SPELA. AFF\u00c4R. \u00c4TA MIDDAG. LOKAL<\/span><\/a><\/p>\n<p>[\/et_pb_text][\/et_pb_column][\/et_pb_row][et_pb_row column_structure=&#8221;1_2,1_2&#8243; _builder_version=&#8221;4.17.6&#8243; _module_preset=&#8221;default&#8221; global_colors_info=&#8221;{}&#8221;][et_pb_column type=&#8221;1_2&#8243; _builder_version=&#8221;4.17.6&#8243; _module_preset=&#8221;default&#8221; global_colors_info=&#8221;{}&#8221;][et_pb_image src=&#8221;https:\/\/www.myvacaya.com\/wp-content\/uploads\/2024\/02\/Pride-Factory-Hero-1000&#215;667-favorite-things-pages.jpg&#8221; title_text=&#8221;Pride Factory Hero 1000&#215;667 favoritsidor&#8221; url=&#8221;https:\/\/www.pridefactory.com\/&#8221; url_new_window=&#8221;on&#8221; show_bottom_space=&#8221;off&#8221; force_fullwidth=&#8221;on&#8221; _builder_version=&#8221;4.23.4&#8243; _module_preset=&#8221;default&#8221; global_colors_info=&#8221;{}&#8221;][\/et_pb_image][\/et_pb_column][et_pb_column type=&#8221;1_2&#8243; _builder_version=&#8221;4.17.6&#8243; _module_preset=&#8221;default&#8221; global_colors_info=&#8221;{}&#8221;][et_pb_text _builder_version=&#8221;4.23.4&#8243; _module_preset=&#8221;default&#8221; global_colors_info=&#8221;{}&#8221;]<\/p>\n<h5 style=\"text-align: center;\"><a href=\"https:\/\/www.pridefactory.com\/\" target=\"_blank\" rel=\"noopener\"><strong>PRIDE FACTORY<\/strong><\/a> kommer att driva VACAYA Apparel Shop<\/h5>\n<p>&nbsp;<\/p>\n<h5 style=\"text-align: center;\">Ombord p\u00e5 Celebrity APEX 17\u201314 februari 2024<\/h5>\n<p>&nbsp;<\/p>\n<p style=\"text-align: center;\">PRIDE FACTORY \u00e4r en livlig kl\u00e4dbutik i hj\u00e4rtat av Wilton Manors, Florida som hyllar m\u00e5ngfald och inkludering genom sitt f\u00e4rgstarka utbud av kl\u00e4der och accessoarer, som v\u00e4nder sig till b\u00e5de HBTQ+-gemenskapen och allierade. Med ett kurerat urval av trendiga och stilfulla plagg erbjuder den en plattform f\u00f6r sj\u00e4lvuttryck och bemyndigande, vilket fr\u00e4mjar en k\u00e4nsla av stolthet och enighet bland sina kunder. VACAYA har turen att ha Pride Factory som driver v\u00e5r kl\u00e4dbutik och poolgayes ombord p\u00e5 Celebrity APEX och vi \u00e4r glada \u00f6ver att kunna st\u00f6dja detta lokala f\u00f6retag under v\u00e5rt bes\u00f6k i Florida.<\/p>\n<p><a class=\"btn-pink-inline\" href=\"https:\/\/www.pridefactory.com\/\" target=\"_blank\" rel=\"noopener\"><span class=\"link-inside\">ST\u00d6D GAYF\u00d6RETAG<\/span><\/a><\/p>\n<p>[\/et_pb_text][\/et_pb_column][\/et_pb_row][et_pb_row column_structure=&#8221;1_2,1_2&#8243; _builder_version=&#8221;4.17.6&#8243; _module_preset=&#8221;default&#8221; global_colors_info=&#8221;{}&#8221;][et_pb_column type=&#8221;1_2&#8243; _builder_version=&#8221;4.17.6&#8243; _module_preset=&#8221;default&#8221; global_colors_info=&#8221;{}&#8221;][et_pb_image src=&#8221;https:\/\/www.myvacaya.com\/wp-content\/uploads\/2024\/02\/Jimmy-Trendy-Hero-1000&#215;667-favorite-things-page.jpg&#8221; title_text=&#8221;Jimmy Trendy Hero 1000&#215;667 favorit saker sida&#8221; url=&#8221;https:\/\/www.jimmytrendy.com\/&#8221; url_new_window=&#8221;on&#8221; show_bottom_space=&#8221;off&#8221; force_fullwidth=&#8221;on&#8221; _builder_version=&#8221;4.23.4&#8243; _module_preset=&#8221;default&#8221; global_colors_info=&#8221;{}&#8221;][\/et_pb_image][\/et_pb_column][et_pb_column type=&#8221;1_2&#8243; _builder_version=&#8221;4.17.6&#8243; _module_preset=&#8221;default&#8221; global_colors_info=&#8221;{}&#8221;][et_pb_text _builder_version=&#8221;4.23.4&#8243; _module_preset=&#8221;default&#8221; global_colors_info=&#8221;{}&#8221;]<\/p>\n<h5 style=\"text-align: center;\"><a href=\"https:\/\/www.jimmytrendy.com\" target=\"_blank\" rel=\"noopener\"><strong>JIMMY<\/strong><\/a> kommer att driva VACAYA Apparel Shop &amp; Pool Gaymes<\/h5>\n<p>&nbsp;<\/p>\n<h5 style=\"text-align: center;\">Ombord p\u00e5 Celebrity APEX 17\u201314 februari 2024<\/h5>\n<p>&nbsp;<\/p>\n<p style=\"text-align: center;\">JIMMY TRENDY erbjuder en uppfriskande version av strandkl\u00e4der med sin samling av livfulla m\u00f6nster och snygga baddr\u00e4kter. Designad f\u00f6r den modeinriktade individen, kombinerar varje pj\u00e4s kvalitetsmaterial med trendig design, vilket s\u00e4kerst\u00e4ller att du g\u00f6r ett st\u00e4nk med sj\u00e4lvf\u00f6rtroende och fl\u00e4rd. F\u00f6lj med oss \u200b\u200bi presentbutiken f\u00f6r ett exklusivt tillf\u00e4lle att tr\u00e4ffa designern bakom de fantastiska baddr\u00e4kterna och shoppa de senaste lookerna! Uppt\u00e4ck inspirationen bakom varje design medan du utforskar v\u00e5r utvalda kollektion och ta hem dina favoritplagg f\u00f6r en snygg sommar framf\u00f6r dig.<\/p>\n<p><a class=\"btn-pink-inline\" href=\"https:\/\/www.jimmytrendy.com\" target=\"_blank\" rel=\"noopener\"><span class=\"link-inside\">K\u00c4N dig TRENDIG I DINA TRENDIER!<\/span><\/a><\/p>\n<p>[\/et_pb_text][\/et_pb_column][\/et_pb_row][et_pb_row column_structure=&#8221;1_2,1_2&#8243; _builder_version=&#8221;4.17.6&#8243; _module_preset=&#8221;default&#8221; global_colors_info=&#8221;{}&#8221;][et_pb_column type=&#8221;1_2&#8243; _builder_version=&#8221;4.17.6&#8243; _module_preset=&#8221;default&#8221; global_colors_info=&#8221;{}&#8221;][et_pb_image src=&#8221;https:\/\/www.myvacaya.com\/wp-content\/uploads\/2024\/02\/Bike-Athletic-Hero-1000&#215;667-favorite-things-page-1.jpg&#8221; title_text=&#8221;Bike Athletic Hero 1000&#215;667 favorit saker sida&#8221; url=&#8221;https:\/\/www.bikeathletic.com\/&#8221; url_new_window=&#8221;on&#8221; show_bottom_space=&#8221;off&#8221; force_fullwidth=&#8221;on&#8221; _builder_version=&#8221;4.23.4&#8243; _module_preset=&#8221;default&#8221; global_colors_info=&#8221;{}&#8221;][\/et_pb_image][\/et_pb_column][et_pb_column type=&#8221;1_2&#8243; _builder_version=&#8221;4.17.6&#8243; _module_preset=&#8221;default&#8221; global_colors_info=&#8221;{}&#8221;][et_pb_text _builder_version=&#8221;4.23.4&#8243; _module_preset=&#8221;default&#8221; global_colors_info=&#8221;{}&#8221;]<\/p>\n<h5 style=\"text-align: center;\">BIKE Athletic kommer att driva poolgaymer och utrusta v\u00e5ra g\u00e4ster!<\/h5>\n<h5> <\/h5>\n<p>&nbsp;<\/p>\n<h5 style=\"text-align: center;\">Ombord p\u00e5 Celebrity APEX 17\u201324 februari 2024<\/h5>\n<p>&nbsp;<\/p>\n<p>BIKE\u00ae \u00e4r en riktig klassiker som representerar kvalitet och komfort som etablerade den ursprungliga h\u00f6ga standarden inom jocks. BIKE-produkter \u00e4r gjorda f\u00f6r dem som gillar att vara dj\u00e4rva!<\/p>\n<p><a class=\"btn-pink-inline\" href=\"https:\/\/www.bikeathletic.com\/\" target=\"_blank\" rel=\"noopener\"><span class=\"link-inside\">HANDLA LOOKSEN<\/span><\/a><\/p>\n<p>[\/et_pb_text][\/et_pb_column][\/et_pb_row][et_pb_row column_structure=&#8221;1_2,1_2&#8243; _builder_version=&#8221;4.17.6&#8243; _module_preset=&#8221;default&#8221; global_colors_info=&#8221;{}&#8221;][et_pb_column type=&#8221;1_2&#8243; _builder_version=&#8221;4.17.6&#8243; _module_preset=&#8221;default&#8221; global_colors_info=&#8221;{}&#8221;][et_pb_image src=&#8221;https:\/\/www.myvacaya.com\/wp-content\/uploads\/2024\/02\/KGAY-Radio-Hero-1000&#215;667-favorite-things-page.jpg&#8221; title_text=&#8221;KGAY Radio Hero 1000&#215;667 favorit saker sida&#8221; url=&#8221;https:\/\/kgaypalmsprings.com\/&#8221; url_new_window=&#8221;on&#8221; show_bottom_space=&#8221;off&#8221; force_fullwidth=&#8221;on&#8221; _builder_version=&#8221;4.23.4&#8243; _module_preset=&#8221;default&#8221; global_colors_info=&#8221;{}&#8221;][\/et_pb_image][\/et_pb_column][et_pb_column type=&#8221;1_2&#8243; _builder_version=&#8221;4.17.6&#8243; _module_preset=&#8221;default&#8221; global_colors_info=&#8221;{}&#8221;][et_pb_text _builder_version=&#8221;4.23.4&#8243; _module_preset=&#8221;default&#8221; global_colors_info=&#8221;{}&#8221;]<\/p>\n<h5 style=\"text-align: center;\"><a href=\"https:\/\/kgaypalmsprings.com\/\">KGAY RADIO<\/a> kommer att driva VACAYA Music!<\/h5>\n<h5> <\/h5>\n<p>&nbsp;<\/p>\n<h5 style=\"text-align: center;\">Ombord p\u00e5 Celebrity APEX 17\u201324 februari 2024<\/h5>\n<p>&nbsp;<\/p>\n<p>VACAYA Music driven av KGAY kommer att finnas tillg\u00e4nglig p\u00e5 g\u00e4sthytt-TV:erna ombord p\u00e5 Celebrity APEX f\u00f6r v\u00e5r charter. N\u00e4r du \u00e4r hemma igen kan du lyssna p\u00e5 danshits och l\u00e4ra dig mer om allt gay Palm Springs har att erbjuda p\u00e5 <a href=\"https:\/\/kgaypalmsprings.com\/\" target=\"_blank\" rel=\"noopener\">KGAY Radio<\/a> och <a href=\"https:\/\/gaydesertguide.com\/\" target=\"_blank\" rel=\"noopener\">GAY DESERT GUIDE<\/a> .<\/p>\n<p>[\/et_pb_text][\/et_pb_column][\/et_pb_row][et_pb_row _builder_version=&#8221;4.23.4&#8243; _module_preset=&#8221;default&#8221; global_colors_info=&#8221;{}&#8221;][et_pb_column type=&#8221;4_4&#8243; _builder_version=&#8221;4.23.4&#8243; _module_preset=&#8221;default&#8221; global_colors_info=&#8221;{}&#8221;][et_pb_divider _builder_version=&#8221;4.23.4&#8243; _module_preset=&#8221;default&#8221; global_colors_info=&#8221;{}&#8221;][\/et_pb_divider][\/et_pb_column][\/et_pb_row][et_pb_row column_structure=&#8221;1_4,3_4&#8243; _builder_version=&#8221;4.17.6&#8243; _module_preset=&#8221;default&#8221; global_colors_info=&#8221;{}&#8221;][et_pb_column type=&#8221;1_4&#8243; _builder_version=&#8221;4.17.6&#8243; _module_preset=&#8221;default&#8221; global_colors_info=&#8221;{}&#8221;][et_pb_image src=&#8221;https:\/\/www.myvacaya.com\/wp-content\/uploads\/2022\/09\/22181186_10159501435160217_93784187498304947_o-1.jpg&#8221; title_text=&#8221;22181186_10159501435160217_93784187498304947_o-1&#8243; show_bottom_space=&#8221;off&#8221; force_fullwidth=&#8221;on&#8221; _builder_version=&#8221;4.17.6&#8243; _module_preset=&#8221;default&#8221; global_colors_info=&#8221;{}&#8221;][\/et_pb_image][\/et_pb_column][et_pb_column type=&#8221;3_4&#8243; _builder_version=&#8221;4.17.6&#8243; _module_preset=&#8221;default&#8221; global_colors_info=&#8221;{}&#8221;][et_pb_text admin_label=&#8221;Section Title &#8211; H3&#8243; _builder_version=&#8221;4.17.6&#8243; _module_preset=&#8221;default&#8221; header_3_font=&#8221;Futura Bold|||on|||||&#8221; header_3_text_align=&#8221;center&#8221; header_3_text_color=&#8221;#000000&#8243; header_3_font_size=&#8221;18px&#8221; header_3_letter_spacing=&#8221;1.8px&#8221; header_3_line_height=&#8221;24px&#8221; custom_margin=&#8221;||||false|false&#8221; custom_margin_tablet=&#8221;||||false|false&#8221; custom_margin_phone=&#8221;||||false|false&#8221; custom_margin_last_edited=&#8221;on|phone&#8221; custom_padding=&#8221;||||false|false&#8221; global_colors_info=&#8221;{}&#8221;]<\/p>\n<h3>KAMPANJ F\u00d6R M\u00c4NSKLIGA R\u00c4TTIGHETER<\/h3>\n<p>[\/et_pb_text][et_pb_text _builder_version=&#8221;4.17.6&#8243; _module_preset=&#8221;default&#8221; global_colors_info=&#8221;{}&#8221;]<\/p>\n<p>Som den st\u00f6rsta medborgarr\u00e4ttsorganisationen som arbetar f\u00f6r att uppn\u00e5 j\u00e4mst\u00e4lldhet f\u00f6r lesbiska, homosexuella, bisexuella, transpersoner och queeramerikaner, representerar Human Rights Campaign en kraft p\u00e5 mer \u00e4n 3 miljoner medlemmar och supportrar \u00f6ver hela landet \u2013 alla engagerade i att g\u00f6ra HRC:s vision till verklighet.<\/p>\n<p>HRC f\u00f6rest\u00e4ller sig en v\u00e4rld d\u00e4r lesbiska, homosexuella, bisexuella, transpersoner och queera m\u00e4nniskor omfamnas som fullv\u00e4rdiga medlemmar av samh\u00e4llet hemma, p\u00e5 jobbet och i alla samh\u00e4llen.<\/p>\n<p>VACAYA \u00e4r en stolt anh\u00e4ngare av m\u00e4nniskor\u00e4ttskampanjen.<\/p>\n<p><a class=\"btn-pink-inline\" href=\"https:\/\/www.hrc.org\" target=\"_blank\" rel=\"noopener\"><span class=\"link-inside\">L\u00c4S MER OCH ST\u00d6D HRC<\/span><\/a><\/p>\n<p>[\/et_pb_text][\/et_pb_column][\/et_pb_row][et_pb_row column_structure=&#8221;1_4,3_4&#8243; _builder_version=&#8221;4.17.6&#8243; _module_preset=&#8221;default&#8221; global_colors_info=&#8221;{}&#8221;][et_pb_column type=&#8221;1_4&#8243; _builder_version=&#8221;4.17.6&#8243; _module_preset=&#8221;default&#8221; global_colors_info=&#8221;{}&#8221;][et_pb_image src=&#8221;https:\/\/www.myvacaya.com\/wp-content\/uploads\/2022\/09\/GLAAD-2-1-768&#215;1024-1.jpg&#8221; title_text=&#8221;GLAAD-2-1-768&#215;1024&#8243; show_bottom_space=&#8221;off&#8221; force_fullwidth=&#8221;on&#8221; _builder_version=&#8221;4.17.6&#8243; _module_preset=&#8221;default&#8221; global_colors_info=&#8221;{}&#8221;][\/et_pb_image][\/et_pb_column][et_pb_column type=&#8221;3_4&#8243; _builder_version=&#8221;4.17.6&#8243; _module_preset=&#8221;default&#8221; global_colors_info=&#8221;{}&#8221;][et_pb_text admin_label=&#8221;Section Title &#8211; H3&#8243; _builder_version=&#8221;4.17.6&#8243; _module_preset=&#8221;default&#8221; header_3_font=&#8221;Futura Bold|||on|||||&#8221; header_3_text_align=&#8221;center&#8221; header_3_text_color=&#8221;#000000&#8243; header_3_font_size=&#8221;18px&#8221; header_3_letter_spacing=&#8221;1.8px&#8221; header_3_line_height=&#8221;24px&#8221; custom_margin=&#8221;||||false|false&#8221; custom_margin_tablet=&#8221;||||false|false&#8221; custom_margin_phone=&#8221;||||false|false&#8221; custom_margin_last_edited=&#8221;on|phone&#8221; custom_padding=&#8221;||||false|false&#8221; global_colors_info=&#8221;{}&#8221;]<\/p>\n<h3>GLAAD<\/h3>\n<p>[\/et_pb_text][et_pb_text _builder_version=&#8221;4.23.4&#8243; _module_preset=&#8221;default&#8221; global_colors_info=&#8221;{}&#8221;]<\/p>\n<p>GLAAD skriver om manuset f\u00f6r hbtq-acceptans. Som en dynamisk mediekraft tacklar GLAAD tuffa fr\u00e5gor f\u00f6r att forma ber\u00e4ttelsen och provocera fram dialog som leder till kulturell f\u00f6r\u00e4ndring. GLAAD skyddar allt som har \u00e5stadkommits och skapar en v\u00e4rld d\u00e4r alla kan leva det liv de \u00e4lskar.<\/p>\n<p>GLAAD hade varit en akronym f\u00f6r &#8221;Gay &amp; Lesbian Alliance Against Defamation&#8221;, men nu \u00e4r organisationen helt enkelt k\u00e4nd som GLAAD, vilket \u00e4r mer inkluderande av bisexuella och transpersoners fr\u00e5gor.<\/p>\n<p>VACAYA \u00e4r en stolt supporter av GLAAD och <a href=\"https:\/\/www.glaad.org\/events\/2019\/nashville\" target=\"_blank\" rel=\"noopener\">Love &amp; Acceptance<\/a> .<\/p>\n<p><a class=\"btn-pink-inline\" href=\"https:\/\/www.glaad.org\" target=\"_blank\" rel=\"noopener\"><span class=\"link-inside\">L\u00c4S MER OCH ST\u00d6D GLAAD<\/span><\/a><\/p>\n<p>[\/et_pb_text][\/et_pb_column][\/et_pb_row][\/et_pb_section]<\/p>\n","protected":false},"excerpt":{"rendered":"<p><div class=\"trip-overlay\"><div class=\"trip-title\"><h1>Resebrickor med titel &#8211; Endast kryssningar<\/h1><\/div><\/div>Det finns s\u00e5 m\u00e5nga underbara saker i den h\u00e4r v\u00e4rlden som kittlar, utmanar, gl\u00e4der och inspirerar The Vacayans. Den h\u00e4r sidan \u00e4r till\u00e4gnad n\u00e5gra av dessa favoritsaker! Vi uppmuntrar dig att utforska och st\u00f6dja dessa otroliga organisationer, f\u00f6retag och produkter.JIMSUPPORT AV FETISH LOCKER &#8230; Sexm\u00f6bler som g\u00f6r dig ut\u00f6ver det vanliga &nbsp; Demo p\u00e5 Mexico [&hellip;]<\/p>\n","protected":false},"author":4,"featured_media":48475,"parent":62517,"menu_order":0,"comment_status":"closed","ping_status":"closed","template":"","meta":{"_acf_changed":false,"_et_pb_use_builder":"on","_et_pb_old_content":"","_et_gb_content_width":"","_monsterinsights_skip_tracking":false,"_monsterinsights_sitenote_active":false,"_monsterinsights_sitenote_note":"","_monsterinsights_sitenote_category":0,"footnotes":""},"class_list":["post-62842","page","type-page","status-publish","has-post-thumbnail","hentry"],"acf":[],"_links":{"self":[{"href":"https:\/\/www.myvacaya.com\/sv\/wp-json\/wp\/v2\/pages\/62842","targetHints":{"allow":["GET"]}}],"collection":[{"href":"https:\/\/www.myvacaya.com\/sv\/wp-json\/wp\/v2\/pages"}],"about":[{"href":"https:\/\/www.myvacaya.com\/sv\/wp-json\/wp\/v2\/types\/page"}],"author":[{"embeddable":true,"href":"https:\/\/www.myvacaya.com\/sv\/wp-json\/wp\/v2\/users\/4"}],"replies":[{"embeddable":true,"href":"https:\/\/www.myvacaya.com\/sv\/wp-json\/wp\/v2\/comments?post=62842"}],"version-history":[{"count":109,"href":"https:\/\/www.myvacaya.com\/sv\/wp-json\/wp\/v2\/pages\/62842\/revisions"}],"predecessor-version":[{"id":166232,"href":"https:\/\/www.myvacaya.com\/sv\/wp-json\/wp\/v2\/pages\/62842\/revisions\/166232"}],"up":[{"embeddable":true,"href":"https:\/\/www.myvacaya.com\/sv\/wp-json\/wp\/v2\/pages\/62517"}],"wp:featuredmedia":[{"embeddable":true,"href":"https:\/\/www.myvacaya.com\/sv\/wp-json\/wp\/v2\/media\/48475"}],"wp:attachment":[{"href":"https:\/\/www.myvacaya.com\/sv\/wp-json\/wp\/v2\/media?parent=62842"}],"curies":[{"name":"wp","href":"https:\/\/api.w.org\/{rel}","templated":true}]}}