{"id":62787,"date":"2018-03-15T20:39:52","date_gmt":"2018-03-16T00:39:52","guid":{"rendered":"https:\/\/www.myvacaya.com\/upptack\/gruppforsaljning\/"},"modified":"2023-08-02T14:35:44","modified_gmt":"2023-08-02T18:35:44","slug":"gruppforsaljning","status":"publish","type":"page","link":"https:\/\/www.myvacaya.com\/sv\/upptack\/gruppforsaljning\/","title":{"rendered":"Gruppf\u00f6rs\u00e4ljning"},"content":{"rendered":"<p>[et_pb_section fb_built=&#8221;1&#8243; fullwidth=&#8221;on&#8221; admin_label=&#8221;Slider&#8221; module_id=&#8221;slider-sektion-inredning&#8221; _builder_version=&#8221;4.17.6&#8243; _module_preset=&#8221;default&#8221; background_enable_image=&#8221;off&#8221; global_colors_info=&#8221;{}&#8221;][et_pb_fullwidth_code admin_label=&#8221;Slider Overlay&#8221; module_class=&#8221;interior-page-overlay&#8221; _builder_version=&#8221;4.17.6&#8243; _module_preset=&#8221;default&#8221; positioning=&#8221;absolute&#8221; position_origin_a=&#8221;top_right&#8221; position_origin_f=&#8221;top_right&#8221; z_index=&#8221;100&#8243; width=&#8221;50%&#8221; width_tablet=&#8221;50%&#8221; width_phone=&#8221;100%&#8221; width_last_edited=&#8221;on|phone&#8221; height=&#8221;100vh&#8221; hover_enabled=&#8221;0&#8243; global_colors_info=&#8221;{}&#8221; sticky_enabled=&#8221;0&#8243;]<div class=\"trip-overlay\"><div class=\"trip-title\"><h1>Gruppf\u00f6rs\u00e4ljning<\/h1><\/div><\/div>[\/et_pb_fullwidth_code][et_pb_fullwidth_slider show_arrows=&#8221;off&#8221; admin_label=&#8221;Slider Images&#8221; module_id=&#8221;slider-images&#8221; _builder_version=&#8221;4.17.6&#8243; _module_preset=&#8221;default&#8221; height=&#8221;100vh&#8221; auto=&#8221;on&#8221; global_colors_info=&#8221;{}&#8221;][et_pb_slide _builder_version=&#8221;4.17.6&#8243; _module_preset=&#8221;default&#8221; background_color=&#8221;RGBA(255,255,255,0)&#8221; background_enable_color=&#8221;on&#8221; background_image=&#8221;https:\/\/www.myvacaya.com\/wp-content\/uploads\/2022\/09\/group-sales.jpg&#8221; background_enable_image=&#8221;on&#8221; background_last_edited=&#8221;on|desktop&#8221; background_image_phone=&#8221;https:\/\/www.myvacaya.com\/wp-content\/uploads\/2022\/11\/group-travel-mobile-414&#215;500-1.jpg&#8221; background_enable_image_phone=&#8221;on&#8221; global_colors_info=&#8221;{}&#8221; sticky_transition=&#8221;on&#8221;][\/et_pb_slide][\/et_pb_fullwidth_slider][\/et_pb_section][et_pb_section fb_built=&#8221;1&#8243; custom_padding_last_edited=&#8221;on|phone&#8221; _builder_version=&#8221;4.17.6&#8243; _module_preset=&#8221;default&#8221; custom_padding=&#8221;||0%||false|false&#8221; custom_padding_tablet=&#8221;||||false|false&#8221; custom_padding_phone=&#8221;||||false|false&#8221; global_colors_info=&#8221;{}&#8221;][et_pb_row custom_padding_last_edited=&#8221;on|desktop&#8221; _builder_version=&#8221;4.17.6&#8243; _module_preset=&#8221;default&#8221; custom_padding=&#8221;||0%||false|false&#8221; custom_padding_tablet=&#8221;||||false|false&#8221; custom_padding_phone=&#8221;||||false|false&#8221; global_colors_info=&#8221;{}&#8221;][et_pb_column type=&#8221;4_4&#8243; _builder_version=&#8221;4.17.6&#8243; _module_preset=&#8221;default&#8221; global_colors_info=&#8221;{}&#8221;][et_pb_text _builder_version=&#8221;4.17.6&#8243; _module_preset=&#8221;default&#8221; custom_margin=&#8221;||||false|false&#8221; custom_margin_tablet=&#8221;||||false|false&#8221; custom_margin_phone=&#8221;||||false|false&#8221; custom_margin_last_edited=&#8221;on|phone&#8221; global_colors_info=&#8221;{}&#8221;]Att resa med v\u00e4nner \u00e4r en stor del av semesterupplevelsen f\u00f6r HBT+. S\u00e5 oavsett om du och ditt fniss <b><span style=\"color: #ffcc00;\"><span style=\"color: #ffff00;\">*<\/span><\/span><\/b> letar efter 2 eller 50 rum, g\u00f6r VACAYAs onlinebokningsverktyg det enklare \u00e4n n\u00e5gonsin tidigare.[\/et_pb_text][et_pb_text admin_label=&#8221;Section Title &#8211; H3&#8243; _builder_version=&#8221;4.17.6&#8243; _module_preset=&#8221;default&#8221; header_3_font=&#8221;Futura Bold|||on|||||&#8221; header_3_text_align=&#8221;center&#8221; header_3_text_color=&#8221;#000000&#8243; header_3_font_size=&#8221;18px&#8221; header_3_letter_spacing=&#8221;1.8px&#8221; header_3_line_height=&#8221;24px&#8221; custom_margin=&#8221;||||false|false&#8221; custom_margin_tablet=&#8221;||||false|false&#8221; custom_margin_phone=&#8221;||||false|false&#8221; custom_margin_last_edited=&#8221;on|phone&#8221; custom_padding=&#8221;||||false|false&#8221; custom_padding_tablet=&#8221;||||false|false&#8221; custom_padding_phone=&#8221;||||false|false&#8221; custom_padding_last_edited=&#8221;on|phone&#8221; global_colors_info=&#8221;{}&#8221;]<\/p>\n<h3>HUR MAN BOCKAR DIN GRUPP &#8211; B\u00c4STA PRAKTIKAR<\/h3>\n<p>[\/et_pb_text][et_pb_text _builder_version=&#8221;4.17.6&#8243; _module_preset=&#8221;default&#8221; global_colors_info=&#8221;{}&#8221;]Om din grupp letar efter rum sida vid sida eller till och med n\u00e4rliggande rum till olika prisklasser, \u00e4r vi \u00f6vertygade om att du kan navigera en gruppbokning p\u00e5 egen hand. Och h\u00e4r \u00e4r n\u00e5gra tips som hj\u00e4lper dig p\u00e5 v\u00e4gen:<\/p>\n<ul>\n<li>B\u00f6rja med att samla din grupp p\u00e5 ett samtal (eller \u00e4nnu hellre&#8230; ansikte mot ansikte med cocktails!). N\u00e4r alla \u00e4r tillsammans, tilldela en gruppledare som kan moderera. Lita p\u00e5 oss&#8230; du vill ha din egen Julie McCoy.<span style=\"color: #ffff00;\"><strong>**<\/strong><\/span><\/li>\n<li>Ta en titt p\u00e5 den statiska d\u00e4cksplanen\/resortskartan f\u00f6r resan du och dina v\u00e4nner \u00e4r intresserade av (de finns p\u00e5 sidan PRIS f\u00f6r varje resa).<\/li>\n<li>V\u00e4lj ett allm\u00e4nt intresseomr\u00e5de p\u00e5 fartyget\/p\u00e5 resorten. Var vill du att din grupps rum ska ligga?<\/li>\n<li>Du kommer att boka varje rum individuellt direkt p\u00e5 v\u00e5r hemsida, s\u00e5 det \u00e4r b\u00e4st att alla bokar samtidigt f\u00f6r att s\u00e4kerst\u00e4lla att alla i ditt fniss f\u00e5r det exakta rummet de vill ha.<\/li>\n<li>N\u00e4r du har g\u00e5tt vidare till BOKA NU-alternativet visar v\u00e5rt onlinebokningsverktyg det aktuella tillg\u00e4ngliga lagret. Anv\u00e4nd din f\u00f6rsta forskning som utg\u00e5ngspunkt, leta helt enkelt efter det omr\u00e5det av intresse f\u00f6r att se om dessa rum fortfarande \u00e4r tillg\u00e4ngliga. Oavsett om du \u00e4r fr\u00e5n en station\u00e4r, surfplatta eller mobil enhet, kan du titta p\u00e5 &#8221;live&#8221; d\u00e4ckplanerna och se tillg\u00e4ngliga rum i realtid.<\/li>\n<li>V\u00e5rt system l\u00e5ter dig h\u00e5lla ditt rumsval i upp till 30 minuter medan dina v\u00e4nner placerar sina egna sida vid sida eller n\u00e4rliggande rum ocks\u00e5. N\u00e4r var och en av er har placerat ert \u00f6nskade rum &#8221;p\u00e5 is&#8221; kan ni forts\u00e4tta att checka ut samtidigt.<\/li>\n<\/ul>\n<p>Det finns verkligen inget b\u00e4ttre s\u00e4tt att resa med VACAYA \u00e4n att st\u00e4lla upp angr\u00e4nsande rum med dina v\u00e4nner och skapa din egen lilla stadsdel d\u00e4r p\u00e5 fartyget!<\/p>\n<p>&nbsp;<\/p>\n<p><span style=\"color: #ffff00;\"><strong>*<\/strong><\/span> En grupp homosexuella brukade vara k\u00e4nd som en &#8221;fniss&#8221;, men nu \u00e4r det ett &#8221;fniss&#8221;. Vars\u00e5god.<\/p>\n<p><span style=\"color: #ffff00;\"><strong>**<\/strong><\/span> Om du \u00e4r under 30 h\u00e4nvisar &#8221;Julie McCoy&#8221; till den ber\u00f6mda kryssningsregiss\u00f6ren fr\u00e5n 70\/80-talets ABC-komedi, <em>The Love Boat<\/em> . Du \u00e4r v\u00e4lkommen&#8230; igen.[\/et_pb_text][\/et_pb_column][\/et_pb_row][\/et_pb_section][et_pb_section fb_built=&#8221;1&#8243; admin_label=&#8221;Trip Tiles with Divider and Title&#8221; _builder_version=&#8221;4.17.6&#8243; _module_preset=&#8221;default&#8221; global_colors_info=&#8221;{}&#8221;][et_pb_row _builder_version=&#8221;4.17.6&#8243; _module_preset=&#8221;default&#8221; global_colors_info=&#8221;{}&#8221;][et_pb_column type=&#8221;4_4&#8243; _builder_version=&#8221;4.17.6&#8243; _module_preset=&#8221;default&#8221; global_colors_info=&#8221;{}&#8221;][et_pb_divider color=&#8221;#000000&#8243; divider_position=&#8221;center&#8221; _builder_version=&#8221;4.17.6&#8243; _module_preset=&#8221;default&#8221; global_colors_info=&#8221;{}&#8221;][\/et_pb_divider][\/et_pb_column][\/et_pb_row][et_pb_row _builder_version=&#8221;4.17.6&#8243; _module_preset=&#8221;default&#8221; global_colors_info=&#8221;{}&#8221;][et_pb_column type=&#8221;4_4&#8243; _builder_version=&#8221;4.17.6&#8243; _module_preset=&#8221;default&#8221; global_colors_info=&#8221;{}&#8221;][et_pb_text admin_label=&#8221;Section Title &#8211; H3&#8243; _builder_version=&#8221;4.17.6&#8243; _module_preset=&#8221;default&#8221; header_3_font=&#8221;Futura Bold|||on|||||&#8221; header_3_text_align=&#8221;center&#8221; header_3_text_color=&#8221;#000000&#8243; header_3_font_size=&#8221;18px&#8221; header_3_letter_spacing=&#8221;1.8px&#8221; header_3_line_height=&#8221;24px&#8221; custom_margin=&#8221;||||false|false&#8221; custom_margin_tablet=&#8221;||||false|false&#8221; custom_margin_phone=&#8221;||||false|false&#8221; custom_margin_last_edited=&#8221;on|phone&#8221; custom_padding=&#8221;||||false|false&#8221; global_colors_info=&#8221;{}&#8221;]<\/p>\n<h3>OM DU INTE HAR BOKAT DE HETASTE HBT+-SESTERNA P\u00c5 PLANETEN,<br \/>\nVAD V\u00c4NTAR DU P\u00c5? KONTROLLERA DEM NEDAN!<\/h3>\n<p>[\/et_pb_text][\/et_pb_column][\/et_pb_row][et_pb_row _builder_version=&#8221;4.17.6&#8243; _module_preset=&#8221;default&#8221; global_colors_info=&#8221;{}&#8221;][et_pb_column type=&#8221;4_4&#8243; _builder_version=&#8221;4.17.6&#8243; _module_preset=&#8221;default&#8221; global_colors_info=&#8221;{}&#8221;][et_pb_text _builder_version=&#8221;4.17.6&#8243; _module_preset=&#8221;default&#8221; global_colors_info=&#8221;{}&#8221;]<div id=\"ajax-load-more\" class=\"ajax-load-more-wrap default\" data-id=\"experience-items\" data-alm-id=\"\" data-canonical-url=\"https:\/\/www.myvacaya.com\/sv\/upptack\/gruppforsaljning\/\" data-slug=\"gruppforsaljning\" data-post-id=\"62787\"  data-localized=\"ajax_load_more_experience_items_vars\" data-alm-object=\"ajax_load_more_experience_items\"><ul aria-live=\"polite\" aria-atomic=\"true\" class=\"alm-listing alm-ajax\" data-container-type=\"ul\" data-loading-style=\"default\" data-repeater=\"template_1\" data-post-type=\"trip\" data-meta-key=\"show_trip_tile\" data-meta-value=\"1\" data-custom-args=\"post_parent: 0\" data-order=\"ASC\" data-orderby=\"date\" data-offset=\"0\" data-posts-per-page=\"20\" data-lang=\"sv\" data-scroll=\"false\" data-button-label=\"Load More\" data-prev-button-label=\"Load Previous\" data-destroy-after=\"1\"><\/ul><div class=\"alm-btn-wrap\" data-rel=\"ajax-load-more\"><button class=\"alm-load-more-btn\" type=\"button\">Load More<\/button><\/div><\/div>[\/et_pb_text][\/et_pb_column][\/et_pb_row][\/et_pb_section]<\/p>\n","protected":false},"excerpt":{"rendered":"<p><div class=\"trip-overlay\"><div class=\"trip-title\"><h1>Resebrickor med titel &#8211; Endast kryssningar<\/h1><\/div><\/div>Att resa med v\u00e4nner \u00e4r en stor del av semesterupplevelsen f\u00f6r HBT+. S\u00e5 oavsett om du och ditt fniss * letar efter 2 eller 50 rum, g\u00f6r VACAYAs onlinebokningsverktyg det enklare \u00e4n n\u00e5gonsin tidigare.HUR MAN BOCKAR DIN GRUPP &#8211; B\u00c4STA PRAKTIKAROm din grupp letar efter rum sida vid sida eller till och med n\u00e4rliggande rum [&hellip;]<\/p>\n","protected":false},"author":1,"featured_media":0,"parent":62517,"menu_order":0,"comment_status":"closed","ping_status":"closed","template":"","meta":{"_acf_changed":false,"_et_pb_use_builder":"on","_et_pb_old_content":"","_et_gb_content_width":"","_monsterinsights_skip_tracking":false,"_monsterinsights_sitenote_active":false,"_monsterinsights_sitenote_note":"","_monsterinsights_sitenote_category":0,"footnotes":""},"class_list":["post-62787","page","type-page","status-publish","hentry"],"acf":[],"_links":{"self":[{"href":"https:\/\/www.myvacaya.com\/sv\/wp-json\/wp\/v2\/pages\/62787","targetHints":{"allow":["GET"]}}],"collection":[{"href":"https:\/\/www.myvacaya.com\/sv\/wp-json\/wp\/v2\/pages"}],"about":[{"href":"https:\/\/www.myvacaya.com\/sv\/wp-json\/wp\/v2\/types\/page"}],"author":[{"embeddable":true,"href":"https:\/\/www.myvacaya.com\/sv\/wp-json\/wp\/v2\/users\/1"}],"replies":[{"embeddable":true,"href":"https:\/\/www.myvacaya.com\/sv\/wp-json\/wp\/v2\/comments?post=62787"}],"version-history":[{"count":1,"href":"https:\/\/www.myvacaya.com\/sv\/wp-json\/wp\/v2\/pages\/62787\/revisions"}],"predecessor-version":[{"id":62790,"href":"https:\/\/www.myvacaya.com\/sv\/wp-json\/wp\/v2\/pages\/62787\/revisions\/62790"}],"up":[{"embeddable":true,"href":"https:\/\/www.myvacaya.com\/sv\/wp-json\/wp\/v2\/pages\/62517"}],"wp:attachment":[{"href":"https:\/\/www.myvacaya.com\/sv\/wp-json\/wp\/v2\/media?parent=62787"}],"curies":[{"name":"wp","href":"https:\/\/api.w.org\/{rel}","templated":true}]}}