{"id":62644,"date":"2018-02-10T15:16:25","date_gmt":"2018-02-10T20:16:25","guid":{"rendered":"https:\/\/www.myvacaya.com\/gastresurser\/integritetspolicy\/"},"modified":"2023-08-02T14:35:25","modified_gmt":"2023-08-02T18:35:25","slug":"integritetspolicy","status":"publish","type":"page","link":"https:\/\/www.myvacaya.com\/sv\/gastresurser\/integritetspolicy\/","title":{"rendered":"Integritetspolicy"},"content":{"rendered":"<p>[et_pb_section fb_built=&#8221;1&#8243; fullwidth=&#8221;on&#8221; admin_label=&#8221;Slider&#8221; module_id=&#8221;slider-sektion-inredning&#8221; _builder_version=&#8221;4.17.6&#8243; _module_preset=&#8221;default&#8221; background_enable_image=&#8221;off&#8221; global_colors_info=&#8221;{}&#8221;][et_pb_fullwidth_code admin_label=&#8221;Slider Overlay&#8221; module_class=&#8221;interior-page-overlay&#8221; _builder_version=&#8221;4.17.6&#8243; _module_preset=&#8221;default&#8221; positioning=&#8221;absolute&#8221; position_origin_a=&#8221;top_right&#8221; position_origin_f=&#8221;top_right&#8221; z_index=&#8221;100&#8243; width=&#8221;50%&#8221; width_tablet=&#8221;50%&#8221; width_phone=&#8221;100%&#8221; width_last_edited=&#8221;on|phone&#8221; height=&#8221;100vh&#8221; hover_enabled=&#8221;0&#8243; global_colors_info=&#8221;{}&#8221; sticky_enabled=&#8221;0&#8243;]<div class=\"trip-overlay\"><div class=\"trip-title\"><h1>Integritetspolicy<\/h1><\/div><\/div>[\/et_pb_fullwidth_code][et_pb_fullwidth_slider show_arrows=&#8221;off&#8221; admin_label=&#8221;Slider Images&#8221; module_id=&#8221;slider-images&#8221; _builder_version=&#8221;4.17.6&#8243; _module_preset=&#8221;default&#8221; height=&#8221;100vh&#8221; auto=&#8221;on&#8221; global_colors_info=&#8221;{}&#8221;][et_pb_slide _builder_version=&#8221;4.17.6&#8243; _module_preset=&#8221;default&#8221; background_color=&#8221;RGBA(255,255,255,0)&#8221; background_enable_color=&#8221;on&#8221; background_image=&#8221;https:\/\/www.myvacaya.com\/wp-content\/uploads\/2022\/09\/privacy.jpg&#8221; background_enable_image=&#8221;on&#8221; background_last_edited=&#8221;on|desktop&#8221; background_image_phone=&#8221;https:\/\/www.myvacaya.com\/wp-content\/uploads\/2022\/11\/privacy-policy-mobile-414&#215;500-1.jpg&#8221; background_enable_image_phone=&#8221;on&#8221; global_colors_info=&#8221;{}&#8221; sticky_transition=&#8221;on&#8221;][\/et_pb_slide][\/et_pb_fullwidth_slider][\/et_pb_section][et_pb_section fb_built=&#8221;1&#8243; custom_padding_last_edited=&#8221;on|phone&#8221; _builder_version=&#8221;4.17.6&#8243; _module_preset=&#8221;default&#8221; custom_padding=&#8221;||||false|false&#8221; custom_padding_tablet=&#8221;||||false|false&#8221; custom_padding_phone=&#8221;||||false|false&#8221; global_colors_info=&#8221;{}&#8221;][et_pb_row custom_padding_last_edited=&#8221;on|desktop&#8221; _builder_version=&#8221;4.17.6&#8243; _module_preset=&#8221;default&#8221; custom_padding=&#8221;||||false|false&#8221; custom_padding_tablet=&#8221;||||false|false&#8221; custom_padding_phone=&#8221;||||false|false&#8221; global_colors_info=&#8221;{}&#8221;][et_pb_column type=&#8221;4_4&#8243; _builder_version=&#8221;4.17.6&#8243; _module_preset=&#8221;default&#8221; global_colors_info=&#8221;{}&#8221;][et_pb_text _builder_version=&#8221;4.17.6&#8243; _module_preset=&#8221;default&#8221; custom_margin=&#8221;||||false|false&#8221; custom_margin_tablet=&#8221;||||false|false&#8221; custom_margin_phone=&#8221;||||false|false&#8221; custom_margin_last_edited=&#8221;on|phone&#8221; global_colors_info=&#8221;{}&#8221;]Denna integritetspolicy (&#8221;Policy&#8221;) g\u00e4ller information som tas emot av VACAYA (&#8221;F\u00f6retaget&#8221;). Detta meddelande beskriver v\u00e5r integritetspolicy (&#8221;Policy&#8221;) med avseende p\u00e5 data som samlas in via v\u00e5r webbplats, interaktiva funktioner, applikationer, widgets, bloggar, sociala n\u00e4tverk och sociala n\u00e4tverks- eller medlemskaps-&#8221;flikar&#8221; och andra online- eller tr\u00e5dl\u00f6sa erbjudanden som publicerar en l\u00e4nk till denna integritetspolicy, oavsett om den n\u00e5s via dator, mobil enhet eller annan teknik (tillsammans, &#8221;webbplatsen&#8221;). Denna policy f\u00f6rklarar vilken information vi samlar in om dig och vad vi g\u00f6r med den. F\u00f6retaget f\u00f6rbeh\u00e5ller sig r\u00e4tten att n\u00e4r som helst revidera denna integritetspolicy. Vi kommer att meddela dig om eventuella v\u00e4sentliga \u00e4ndringar av policyn genom att publicera den nya policyn h\u00e4r och genom att \u00e4ndra datumet &#8221;Senast uppdaterad&#8221; h\u00f6gst upp. Du b\u00f6r regelbundet l\u00e4sa denna policy f\u00f6r att f\u00e5 reda p\u00e5 eventuella \u00e4ndringar.<\/p>\n<p><strong>Vilken information samlar vi in?<\/strong><br \/>\nDu f\u00f6rser oss frivilligt med personuppgifter n\u00e4r du vidtar en \u00e5tg\u00e4rd som att g\u00f6ra en bokning hos oss, beg\u00e4ra information om VACAYA, bes\u00f6ka webbplatsen eller genom olika andra metoder. Vi samlar in kreditkortsinformation fr\u00e5n dig d\u00e4r det \u00e4r till\u00e4mpligt, f\u00f6r att underl\u00e4tta dina k\u00f6p. Vi samlar in individuellt identifierbar personlig information (&#8221;Personuppgifter&#8221;) som du l\u00e4mnar till oss s\u00e5som ditt namn, e-postadress, gatuadress, telefonnummer, postnummer, land, k\u00f6n, f\u00f6delsedatum, \u00e5lder, medlem eller sk\u00e4rmnamn, och l\u00f6senord. Dessutom kan du v\u00e4lja att f\u00f6rse VACAYA med ytterligare information inklusive civilst\u00e5nd, hush\u00e5llsinkomst, utbildning och anst\u00e4llningsstatus. V\u00e5ra unders\u00f6kningar fr\u00e5gar efter dina \u00e5sikter i olika fr\u00e5gor. VACAYA erbjuder m\u00f6jligheten att vidarebefordra information p\u00e5 webbplatsen till en annan person via e-post eller sociala medier. Om du anv\u00e4nder n\u00e5gon av dessa tj\u00e4nster kommer vi att anv\u00e4nda mottagarens e-postadress eller din sociala mediesignal f\u00f6r att skicka informationen och vi kommer ocks\u00e5 att fr\u00e5ga efter din e-postadress.<\/p>\n<p>P\u00e5 v\u00e5r webbplats samlar vi, f\u00f6rutom personuppgifter, \u00e4ven icke-personligt identifierbar data, s\u00e5som (men inte begr\u00e4nsat till) antalet unika bes\u00f6kare, bes\u00f6ksfrekvensen p\u00e5 webbplatsen, webbplatsens sidor som visas, webbplatsen bes\u00f6karen anl\u00e4nde fr\u00e5n och avg\u00e5r till, samt IP-adressen till den dator som anv\u00e4nds f\u00f6r att komma \u00e5t webbplatsen.<\/p>\n<p><strong>Vad g\u00f6r vi med informationen vi samlar in?<\/strong><br \/>\nVi anv\u00e4nder de personuppgifter vi samlar in f\u00f6r att tillhandah\u00e5lla v\u00e5ra tj\u00e4nster och engagera oss i reklam- och marknadsf\u00f6ringsaktiviteter. Vi anv\u00e4nder kreditkort och\/eller annan finansiell information som du ger oss f\u00f6r att fullg\u00f6ra din best\u00e4llning eller beg\u00e4ran. F\u00f6retaget vidtar rimliga f\u00f6rsiktighets\u00e5tg\u00e4rder f\u00f6r att f\u00f6rs\u00f6ka s\u00e4kerst\u00e4lla s\u00e4kerheten och s\u00e4kerheten f\u00f6r v\u00e5ra kunders onlinetransaktioner. Kreditkortsnummer som du anger p\u00e5 v\u00e5r faktureringswebbsida \u00e4r krypterade och \u00f6verf\u00f6rs med SSL-teknik (Secure Sockets Layer). SSL \u00e4r branschstandarden f\u00f6r att s\u00e4kra webbmeddelandetransaktioner.<\/p>\n<p>Vi samlar in din IP-adress (ett nummer som tilldelas av din Internetleverant\u00f6r till din dator f\u00f6r att identifiera dess plats). Vi anv\u00e4nder din IP-adress f\u00f6r att diagnostisera problem med v\u00e5r server och f\u00f6r att administrera denna webbplats. Vi anv\u00e4nder ocks\u00e5 ibland IP-adresser f\u00f6r att kommunicera med medlemmar och prenumeranter och eventuellt till och med f\u00f6rbjuda de medlemmar som inte f\u00f6ljer v\u00e5ra anv\u00e4ndarvillkor.<\/p>\n<p><strong>Delar vi informationen vi samlar in med tredje part?<\/strong><br \/>\nVi delar personuppgifter s\u00e5v\u00e4l som icke-personligt identifierbara uppgifter med v\u00e5ra aff\u00e4rspartners\/leverant\u00f6rer f\u00f6r att tillhandah\u00e5lla v\u00e5ra tj\u00e4nster, f\u00f6r marknads- och industriforsknings\u00e4ndam\u00e5l, f\u00f6r reklam- och marknadsf\u00f6rings\u00e4ndam\u00e5l och av andra sk\u00e4l.<\/p>\n<p>F\u00f6retaget kan \u00f6verf\u00f6ra all information i sina databaser, inklusive men inte begr\u00e4nsat till personuppgifter, till ett dotterbolag eller tredje part som en del av en \u00f6verf\u00f6ring av aff\u00e4rstillg\u00e5ngar.<\/p>\n<p>F\u00f6retaget kan ocks\u00e5 l\u00e4mna ut all data f\u00f6r att f\u00f6lja alla r\u00e4ttsliga processer, inklusive f\u00f6rfr\u00e5gningar fr\u00e5n brottsbek\u00e4mpande myndigheter och statliga myndigheter, f\u00f6r att uppr\u00e4tth\u00e5lla webbplatsens anv\u00e4ndarvillkor och andra avtal, och f\u00f6r att skydda kunder och andra. Vi kan g\u00f6ra det n\u00e4r vi i god tro tror att det p\u00e5 annat s\u00e4tt \u00e4r n\u00f6dv\u00e4ndigt eller tillr\u00e5dligt att avsl\u00f6ja denna information, inklusive till exempel f\u00f6r att identifiera, kontakta eller v\u00e4cka r\u00e4ttsliga \u00e5tg\u00e4rder mot n\u00e5gon som kan orsaka skada p\u00e5 eller inkr\u00e4kta p\u00e5 r\u00e4ttigheterna eller egendomen hos f\u00f6retaget, en annan anv\u00e4ndare eller n\u00e5gon annan som kan skadas av s\u00e5dana aktiviteter.<\/p>\n<p>F\u00f6retaget kan l\u00e4mna ut personuppgifter n\u00e4r vi har anledning att tro att avsl\u00f6jandet av denna information \u00e4r n\u00f6dv\u00e4ndigt f\u00f6r att identifiera, unders\u00f6ka, kontakta eller f\u00f6ra r\u00e4ttsliga \u00e5tg\u00e4rder mot n\u00e5gon som kan orsaka skada p\u00e5 eller st\u00f6ra (antingen avsiktligt eller oavsiktligt) webbplatsen eller f\u00f6retagets r\u00e4ttigheter eller egendom.<\/p>\n<p><strong>Anv\u00e4nder vi cookies?<\/strong><br \/>\nJa. Cookies \u00e4r sm\u00e5 datafiler som genereras av webbservrar och lagras i din dator f\u00f6r framtida \u00e5tkomst. Vi anv\u00e4nder i f\u00f6rsta hand cookies f\u00f6r att f\u00f6rb\u00e4ttra din navigering p\u00e5 v\u00e5r webbplats. Till exempel kan en cookie till\u00e5ta dig att forts\u00e4tta handla utan att beh\u00f6va fylla i varor som redan lagts i kundvagnen. De flesta webbl\u00e4sare accepterar cookies, men &#8221;hj\u00e4lp&#8221;-menyn i din webbl\u00e4sare b\u00f6r ge dig alternativ f\u00f6r att f\u00f6rhindra, acceptera eller ta emot meddelanden om nya cookies. Du kan konfigurera din webbl\u00e4sare f\u00f6r att inaktivera cookies, men att g\u00f6ra det kan f\u00f6rs\u00e4mra din anv\u00e4ndning av webbplatsen.<\/p>\n<p><strong>Hur \u00e4r det med tredjepartsl\u00e4nkar?<\/strong><br \/>\nDenna webbplats kan ha hyperl\u00e4nkar till andra webbplatser. F\u00f6retaget ansvarar inte f\u00f6r deras sekretesspraxis eller inneh\u00e5ll. Vi uppmanar dig att l\u00e4sa sekretesspolicyn f\u00f6r alla webbplatser du bes\u00f6ker.<\/p>\n<p><strong>s\u00e4kerhet<\/strong><br \/>\n\u00c4ven om f\u00f6retaget str\u00e4var efter att skydda personuppgifter och anv\u00e4ndarnas integritet, kan vi inte garantera s\u00e4kerheten f\u00f6r all information du avsl\u00f6jar online och du g\u00f6r det p\u00e5 egen risk. Tyv\u00e4rr kan ingen data\u00f6verf\u00f6ring \u00f6ver Internet garanteras vara 100 % s\u00e4ker. Som ett resultat, medan vi str\u00e4var efter att skydda dina personuppgifter, kan f\u00f6retaget inte garantera eller garantera s\u00e4kerheten f\u00f6r n\u00e5gon information du \u00f6verf\u00f6r till oss eller fr\u00e5n v\u00e5ra onlineprodukter eller tj\u00e4nster, och du g\u00f6r det p\u00e5 egen risk. N\u00e4r vi v\u00e4l har tagit emot din \u00f6verf\u00f6ring g\u00f6r vi rimliga anstr\u00e4ngningar f\u00f6r att s\u00e4kerst\u00e4lla dess s\u00e4kerhet p\u00e5 v\u00e5ra system.<\/p>\n<p><strong>Tredjepartsannonsering<\/strong><br \/>\nAnnonser som visas p\u00e5 webbplatsen kan levereras till dig av en av v\u00e5ra annonspartners. V\u00e5ra annonspartners kan anv\u00e4nda cookies. Genom att g\u00f6ra detta kan annonsn\u00e4tverket k\u00e4nna igen din dator varje g\u00e5ng de skickar en onlineannons till dig. P\u00e5 s\u00e5 s\u00e4tt kan annonsn\u00e4tverk sammanst\u00e4lla information om var du, eller andra som anv\u00e4nder din dator, s\u00e5g deras annonser och avg\u00f6ra vilka annonser som klickas p\u00e5. Denna information g\u00f6r att ett annonsn\u00e4tverk kan leverera riktade annonser som de tror kommer att vara av st\u00f6rst intresse f\u00f6r dig. VACAYA har inte tillg\u00e5ng till eller kontroll \u00f6ver de cookies som kan placeras p\u00e5 datorn f\u00f6r n\u00e5gon anv\u00e4ndning av tredje parts annonsservrar eller annonsn\u00e4tverk.<\/p>\n<p><strong>Meddelande till inv\u00e5nare i Kalifornien<\/strong><br \/>\nEnligt California Civil Code Section 1798.83 har inv\u00e5nare i Kalifornien r\u00e4tt att skriftligen beg\u00e4ra fr\u00e5n f\u00f6retag med vilka de har en etablerad aff\u00e4rsrelation, (a) en lista \u00f6ver kategorier av personlig information, s\u00e5som namn, e-postadress och postadress och typen av tj\u00e4nster som tillhandah\u00e5lls kunden, som ett f\u00f6retag har l\u00e4mnat ut till tredje part (inklusive dotterbolag som \u00e4r separata juridiska personer) under den omedelbara f\u00f6reg\u00e5ende kalender\u00e5r f\u00f6r tredje parters direktmarknadsf\u00f6rings\u00e4ndam\u00e5l och (b) alla s\u00e5dana tredje parters namn och adresser. F\u00f6r att beg\u00e4ra ovanst\u00e5ende information, v\u00e4nligen kontakta oss via e-post till <strong><a href=\"mailto:marketing@myvacaya.com\">marketing@myvacaya.com<\/a><\/strong> eller skriv till oss p\u00e5: Attn: California Privacy Rights Info Request, <strong><a href=\"mailto:info@myvacaya.com\">info@myvacaya.com<\/a><\/strong> . Vi kommer att svara p\u00e5 s\u00e5dana f\u00f6rfr\u00e5gningar om informations\u00e5tkomst inom 30 dagar efter mottagandet p\u00e5 den e-postadress eller postadress som anges ovan. Observera att vi endast beh\u00f6ver svara varje kund en g\u00e5ng per kalender\u00e5r.<\/p>\n<p>Dessutom kr\u00e4ver kalifornisk lag att vi anger om vi respekterar &#8221;Sp\u00e5ra inte&#8221;-inst\u00e4llningar i din webbl\u00e4sare ang\u00e5ende riktad annonsering. Vi \u00e4ndrar f\u00f6r n\u00e4rvarande inte v\u00e5r praxis n\u00e4r en Do Not Track-signal tas emot. F\u00f6r att l\u00e4ra dig mer om Do Not Track och f\u00f6r information om hur du v\u00e4ljer bort riktad reklam, klicka p\u00e5 <strong><a href=\"https:\/\/www.aboutads.info\/choices\" target=\"_blank\" rel=\"noopener\">www.aboutads.info\/choices<\/a><\/strong> .<\/p>\n<p><strong>Barn<\/strong><br \/>\nWebbplatsen \u00e4r inte avsedd f\u00f6r barn, och f\u00f6retaget samlar inte avsiktligt in personuppgifter fr\u00e5n barn. Om du har anledning att tro att vi har samlat in personuppgifter fr\u00e5n n\u00e5gon under 13 \u00e5r, v\u00e4nligen meddela oss det.<\/p>\n<p><strong>Hur v\u00e4ljer jag bort eller avslutar prenumerationen?<\/strong><br \/>\nAlla e-postmeddelanden du f\u00e5r fr\u00e5n oss kommer att inneh\u00e5lla specifika instruktioner om hur du avbryter prenumerationen och du kan avbryta prenumerationen n\u00e4r som helst.<\/p>\n<ul>\n<li>F\u00f6lj instruktionerna i alla f\u00f6retags e-postmeddelanden; eller<\/li>\n<li>Skicka ett e-postmeddelande till f\u00f6ljande adress: <strong><a href=\"mailto:info@myvacaya.com\">info@myvacaya.com<\/a><\/strong> , Observera: Webbplatsens sekretessfr\u00e5gor<\/li>\n<\/ul>\n<p>Det kan ta upp till tv\u00e5 veckor innan du avslutar prenumerationen p\u00e5 alla f\u00f6retags e-postmeddelanden.<\/p>\n<p><strong>P\u00e5st\u00e5enden<\/strong><br \/>\nOm du anser att f\u00f6retaget har agerat of\u00f6renligt med denna policy, v\u00e4nligen meddela oss antingen p\u00e5 adressen ovan p\u00e5 <strong><a href=\"mailto:info@myvacaya.com\">info@myvacaya.com<\/a><\/strong> s\u00e5 kommer vi att f\u00f6rs\u00f6ka l\u00f6sa ditt problem.[\/et_pb_text][\/et_pb_column][\/et_pb_row][\/et_pb_section]<\/p>\n","protected":false},"excerpt":{"rendered":"<p><div class=\"trip-overlay\"><div class=\"trip-title\"><h1>Resebrickor med titel &#8211; Endast kryssningar<\/h1><\/div><\/div>Denna integritetspolicy (&#8221;Policy&#8221;) g\u00e4ller information som tas emot av VACAYA (&#8221;F\u00f6retaget&#8221;). Detta meddelande beskriver v\u00e5r integritetspolicy (&#8221;Policy&#8221;) med avseende p\u00e5 data som samlas in via v\u00e5r webbplats, interaktiva funktioner, applikationer, widgets, bloggar, sociala n\u00e4tverk och sociala n\u00e4tverks- eller medlemskaps-&#8221;flikar&#8221; och andra online- eller tr\u00e5dl\u00f6sa erbjudanden som publicerar en l\u00e4nk till denna integritetspolicy, oavsett om den [&hellip;]<\/p>\n","protected":false},"author":1,"featured_media":0,"parent":62630,"menu_order":0,"comment_status":"closed","ping_status":"closed","template":"","meta":{"_acf_changed":false,"_et_pb_use_builder":"on","_et_pb_old_content":"","_et_gb_content_width":"","_monsterinsights_skip_tracking":false,"_monsterinsights_sitenote_active":false,"_monsterinsights_sitenote_note":"","_monsterinsights_sitenote_category":0,"footnotes":""},"class_list":["post-62644","page","type-page","status-publish","hentry"],"acf":[],"_links":{"self":[{"href":"https:\/\/www.myvacaya.com\/sv\/wp-json\/wp\/v2\/pages\/62644","targetHints":{"allow":["GET"]}}],"collection":[{"href":"https:\/\/www.myvacaya.com\/sv\/wp-json\/wp\/v2\/pages"}],"about":[{"href":"https:\/\/www.myvacaya.com\/sv\/wp-json\/wp\/v2\/types\/page"}],"author":[{"embeddable":true,"href":"https:\/\/www.myvacaya.com\/sv\/wp-json\/wp\/v2\/users\/1"}],"replies":[{"embeddable":true,"href":"https:\/\/www.myvacaya.com\/sv\/wp-json\/wp\/v2\/comments?post=62644"}],"version-history":[{"count":1,"href":"https:\/\/www.myvacaya.com\/sv\/wp-json\/wp\/v2\/pages\/62644\/revisions"}],"predecessor-version":[{"id":62663,"href":"https:\/\/www.myvacaya.com\/sv\/wp-json\/wp\/v2\/pages\/62644\/revisions\/62663"}],"up":[{"embeddable":true,"href":"https:\/\/www.myvacaya.com\/sv\/wp-json\/wp\/v2\/pages\/62630"}],"wp:attachment":[{"href":"https:\/\/www.myvacaya.com\/sv\/wp-json\/wp\/v2\/media?parent=62644"}],"curies":[{"name":"wp","href":"https:\/\/api.w.org\/{rel}","templated":true}]}}