{"id":62557,"date":"2018-02-10T15:07:03","date_gmt":"2018-02-10T20:07:03","guid":{"rendered":"https:\/\/www.myvacaya.com\/upptack\/raka-allierade\/"},"modified":"2023-08-02T14:27:33","modified_gmt":"2023-08-02T18:27:33","slug":"raka-allierade","status":"publish","type":"page","link":"https:\/\/www.myvacaya.com\/sv\/upptack\/raka-allierade\/","title":{"rendered":"Raka allierade"},"content":{"rendered":"<p>[et_pb_section fb_built=&#8221;1&#8243; fullwidth=&#8221;on&#8221; admin_label=&#8221;Slider&#8221; module_id=&#8221;slider-sektion-inredning&#8221; _builder_version=&#8221;4.17.6&#8243; _module_preset=&#8221;default&#8221; background_enable_image=&#8221;off&#8221; global_colors_info=&#8221;{}&#8221;][et_pb_fullwidth_code admin_label=&#8221;Slider Overlay&#8221; module_class=&#8221;interior-page-overlay&#8221; _builder_version=&#8221;4.17.6&#8243; _module_preset=&#8221;default&#8221; positioning=&#8221;absolute&#8221; position_origin_a=&#8221;top_right&#8221; position_origin_f=&#8221;top_right&#8221; z_index=&#8221;100&#8243; width=&#8221;50%&#8221; width_tablet=&#8221;50%&#8221; width_phone=&#8221;100%&#8221; width_last_edited=&#8221;on|phone&#8221; height=&#8221;100vh&#8221; hover_enabled=&#8221;0&#8243; global_colors_info=&#8221;{}&#8221; sticky_enabled=&#8221;0&#8243;]<div class=\"trip-overlay\"><div class=\"trip-title\"><h1>Raka allierade<\/h1><\/div><\/div>[\/et_pb_fullwidth_code][et_pb_fullwidth_slider show_arrows=&#8221;off&#8221; admin_label=&#8221;Slider Images&#8221; module_id=&#8221;slider-images&#8221; _builder_version=&#8221;4.17.6&#8243; _module_preset=&#8221;default&#8221; height=&#8221;100vh&#8221; auto=&#8221;on&#8221; global_colors_info=&#8221;{}&#8221;][et_pb_slide _builder_version=&#8221;4.17.6&#8243; _module_preset=&#8221;default&#8221; background_color=&#8221;RGBA(255,255,255,0)&#8221; background_enable_color=&#8221;on&#8221; background_image=&#8221;https:\/\/www.myvacaya.com\/wp-content\/uploads\/2022\/09\/straight-allies.jpg&#8221; background_enable_image=&#8221;on&#8221; background_last_edited=&#8221;on|desktop&#8221; background_image_phone=&#8221;https:\/\/www.myvacaya.com\/wp-content\/uploads\/2022\/11\/straight-allies-mobile-414&#215;500-1.jpg&#8221; background_enable_image_phone=&#8221;on&#8221; global_colors_info=&#8221;{}&#8221; sticky_transition=&#8221;on&#8221;][\/et_pb_slide][\/et_pb_fullwidth_slider][\/et_pb_section][et_pb_section fb_built=&#8221;1&#8243; custom_padding_last_edited=&#8221;on|phone&#8221; _builder_version=&#8221;4.17.6&#8243; _module_preset=&#8221;default&#8221; custom_padding=&#8221;||0%||false|false&#8221; custom_padding_tablet=&#8221;||||false|false&#8221; custom_padding_phone=&#8221;||||false|false&#8221; global_colors_info=&#8221;{}&#8221;][et_pb_row custom_padding_last_edited=&#8221;on|desktop&#8221; _builder_version=&#8221;4.17.6&#8243; _module_preset=&#8221;default&#8221; custom_padding=&#8221;||0%||false|false&#8221; custom_padding_tablet=&#8221;||||false|false&#8221; custom_padding_phone=&#8221;||||false|false&#8221; global_colors_info=&#8221;{}&#8221;][et_pb_column type=&#8221;4_4&#8243; _builder_version=&#8221;4.17.6&#8243; _module_preset=&#8221;default&#8221; global_colors_info=&#8221;{}&#8221;][et_pb_text _builder_version=&#8221;4.17.6&#8243; _module_preset=&#8221;default&#8221; custom_margin=&#8221;||||false|false&#8221; custom_margin_tablet=&#8221;||||false|false&#8221; custom_margin_phone=&#8221;||||false|false&#8221; custom_margin_last_edited=&#8221;on|phone&#8221; global_colors_info=&#8221;{}&#8221;]N\u00e4r det kom ut att VACAYAs grundare arbetade p\u00e5 en helt ny typ av semesterf\u00f6retag, uppmanade m\u00e5nga av v\u00e5ra hetero v\u00e4nner oss att inte l\u00e4mna dem utanf\u00f6r allt det roliga. De p\u00e5minde oss om att de var tr\u00f6tta p\u00e5 att se v\u00e5ra uppt\u00e5g p\u00e5 sociala medier och att inte kunna delta. De uppmuntrade oss att t\u00e4nka bortom stereotyper och att v\u00e4lkomna allierade p\u00e5 v\u00e5ra semestrar. Och det \u00e4r precis vad vi har gjort. S\u00e5 om du r\u00e5kar dela en k\u00e4rlek till glitter, tror att sexualitet kan vara flytande, och synen av en het bj\u00f6rn i fj\u00e4dervingar och en jockrem g\u00f6r dig lika glad som dina gayv\u00e4nner, d\u00e5 \u00e4r du v\u00e4lkommen hit. Vi p\u00e5 VACAYA \u00e4r s\u00e5 tacksamma f\u00f6r det progressiva st\u00f6det v\u00e5rt samh\u00e4lle har f\u00e5tt fr\u00e5n v\u00e5ra raka allierade br\u00f6der och systrar.<\/p>\n<p>Och nu detta&#8230; ett speciellt ord till v\u00e5ra raka manliga allierade som best\u00e4mmer sig f\u00f6r att resa med VACAYA. Bara f\u00f6r att homosexuella vet att du \u00e4r hetero betyder det inte att de inte sl\u00e5r mot dig. Faktum \u00e4r att det f\u00f6rmodligen \u00f6kar din sannolikhet att bli chattad. D\u00e4remot kan vi otvetydigt konstatera att ryktena om att v\u00e5ra community-medlemmar f\u00e5r en br\u00f6drost f\u00f6r varje hetero kille de &#8221;v\u00e4nder&#8221; \u00e4r HELT FALSKA. S\u00e5 om du inte riktigt k\u00e4nner dig s\u00e5 flytande som att bli p\u00e5k\u00f6rd kan du beh\u00f6va svika killen l\u00e4tt. Antingen det eller flirta dig in i n\u00e5gra gratis drinkar. Bara f\u00f6r att du inte \u00e4r intresserad betyder det inte att du inte kan njuta av n\u00e5gra livliga samtal. Om du \u00f6ppnar ditt sinne f\u00f6r regnb\u00e5gen av n\u00f6je som kan upplevas i v\u00e4rlden, kan du till och med hitta festens liv. Det \u00e4r andan i VACAYA.[\/et_pb_text][\/et_pb_column][\/et_pb_row][\/et_pb_section][et_pb_section fb_built=&#8221;1&#8243; admin_label=&#8221;Trip Tiles with Divider and Title&#8221; _builder_version=&#8221;4.17.6&#8243; _module_preset=&#8221;default&#8221; global_colors_info=&#8221;{}&#8221;][et_pb_row _builder_version=&#8221;4.17.6&#8243; _module_preset=&#8221;default&#8221; global_colors_info=&#8221;{}&#8221;][et_pb_column type=&#8221;4_4&#8243; _builder_version=&#8221;4.17.6&#8243; _module_preset=&#8221;default&#8221; global_colors_info=&#8221;{}&#8221;][et_pb_divider color=&#8221;#000000&#8243; divider_position=&#8221;center&#8221; _builder_version=&#8221;4.17.6&#8243; _module_preset=&#8221;default&#8221; global_colors_info=&#8221;{}&#8221;][\/et_pb_divider][\/et_pb_column][\/et_pb_row][et_pb_row _builder_version=&#8221;4.17.6&#8243; _module_preset=&#8221;default&#8221; global_colors_info=&#8221;{}&#8221;][et_pb_column type=&#8221;4_4&#8243; _builder_version=&#8221;4.17.6&#8243; _module_preset=&#8221;default&#8221; global_colors_info=&#8221;{}&#8221;][et_pb_text admin_label=&#8221;Section Title &#8211; H3&#8243; _builder_version=&#8221;4.17.6&#8243; _module_preset=&#8221;default&#8221; header_3_font=&#8221;Futura Bold|||on|||||&#8221; header_3_text_align=&#8221;center&#8221; header_3_text_color=&#8221;#000000&#8243; header_3_font_size=&#8221;18px&#8221; header_3_letter_spacing=&#8221;1.8px&#8221; header_3_line_height=&#8221;24px&#8221; custom_margin=&#8221;||||false|false&#8221; custom_margin_tablet=&#8221;||||false|false&#8221; custom_margin_phone=&#8221;||||false|false&#8221; custom_margin_last_edited=&#8221;on|phone&#8221; custom_padding=&#8221;||||false|false&#8221; global_colors_info=&#8221;{}&#8221;]<\/p>\n<h3>OM DU INTE HAR BOKAT DE HETASTE HBT+-SESTERNA P\u00c5 PLANETEN,<br \/>\nVAD V\u00c4NTAR DU P\u00c5? KONTROLLERA DEM NEDAN!<\/h3>\n<p>[\/et_pb_text][\/et_pb_column][\/et_pb_row][et_pb_row _builder_version=&#8221;4.17.6&#8243; _module_preset=&#8221;default&#8221; global_colors_info=&#8221;{}&#8221;][et_pb_column type=&#8221;4_4&#8243; _builder_version=&#8221;4.17.6&#8243; _module_preset=&#8221;default&#8221; global_colors_info=&#8221;{}&#8221;][et_pb_text _builder_version=&#8221;4.17.6&#8243; _module_preset=&#8221;default&#8221; global_colors_info=&#8221;{}&#8221;]<div id=\"ajax-load-more\" class=\"ajax-load-more-wrap default\" data-id=\"experience-items\" data-alm-id=\"\" data-canonical-url=\"https:\/\/www.myvacaya.com\/sv\/upptack\/raka-allierade\/\" data-slug=\"raka-allierade\" data-post-id=\"62557\"  data-localized=\"ajax_load_more_experience_items_vars\" data-alm-object=\"ajax_load_more_experience_items\"><ul aria-live=\"polite\" aria-atomic=\"true\" class=\"alm-listing alm-ajax\" data-container-type=\"ul\" data-loading-style=\"default\" data-repeater=\"template_1\" data-post-type=\"trip\" data-meta-key=\"show_trip_tile\" data-meta-value=\"1\" data-custom-args=\"post_parent: 0\" data-order=\"ASC\" data-orderby=\"date\" data-offset=\"0\" data-posts-per-page=\"20\" data-lang=\"sv\" data-scroll=\"false\" data-button-label=\"Load More\" data-prev-button-label=\"Load Previous\" data-destroy-after=\"1\"><\/ul><div class=\"alm-btn-wrap\" data-rel=\"ajax-load-more\"><button class=\"alm-load-more-btn\" type=\"button\">Load More<\/button><\/div><\/div>[\/et_pb_text][\/et_pb_column][\/et_pb_row][\/et_pb_section][et_pb_section fb_built=&#8221;1&#8243; admin_label=&#8221;The Vacaya Difference&#8221; _builder_version=&#8221;4.17.6&#8243; _module_preset=&#8221;default&#8221; background_color=&#8221;#191919&#8243; custom_padding=&#8221;||||false|false&#8221; global_colors_info=&#8221;{}&#8221;][et_pb_row _builder_version=&#8221;4.17.6&#8243; _module_preset=&#8221;default&#8221; global_colors_info=&#8221;{}&#8221;][et_pb_column type=&#8221;4_4&#8243; _builder_version=&#8221;4.17.4&#8243; _module_preset=&#8221;default&#8221; global_colors_info=&#8221;{}&#8221;][et_pb_text admin_label=&#8221;Section Title &#8211; H3&#8243; _builder_version=&#8221;4.17.6&#8243; _module_preset=&#8221;default&#8221; header_3_font=&#8221;Futura Bold|||on|||||&#8221; header_3_text_align=&#8221;center&#8221; header_3_text_color=&#8221;#FFFFFF&#8221; header_3_font_size=&#8221;18px&#8221; header_3_letter_spacing=&#8221;1.8px&#8221; header_3_line_height=&#8221;24px&#8221; custom_margin=&#8221;||4%||false|false&#8221; custom_margin_tablet=&#8221;||4%||false|false&#8221; custom_margin_phone=&#8221;||40px||false|false&#8221; custom_margin_last_edited=&#8221;on|phone&#8221; global_colors_info=&#8221;{}&#8221;]<\/p>\n<h3>Vacaya-skillnaden<\/h3>\n<p>[\/et_pb_text][dmpro_carousel columns=&#8221;5&#8243; space_between=&#8221;32&#8243; container_padding=&#8221;0px|30px|0px|30px|false|false&#8221; loop=&#8221;on&#8221; autoplay=&#8221;on&#8221; pause_on_hover=&#8221;off&#8221; autoplay_speed=&#8221;3000&#8243; columns_tablet=&#8221;3&#8243; columns_phone=&#8221;2&#8243; columns_last_edited=&#8221;on|desktop&#8221; _builder_version=&#8221;4.17.6&#8243; _module_preset=&#8221;default&#8221; title_font=&#8221;Futura Bold|||on|||||&#8221; title_text_color=&#8221;#FFFFFF&#8221; title_font_size=&#8221;18px&#8221; title_letter_spacing=&#8221;0.1em&#8221; title_line_height=&#8221;24px&#8221; desc_font=&#8221;Helvetica||||||||&#8221; desc_text_color=&#8221;#FFFFFF&#8221; desc_font_size=&#8221;16px&#8221; desc_line_height=&#8221;1.5em&#8221; global_colors_info=&#8221;{}&#8221;][dmpro_carousel_child title=&#8221;Bli ambassad\u00f6r&#8221; img_src=&#8221;https:\/\/www.myvacaya.com\/wp-content\/uploads\/2022\/07\/ambassadors-1.jpg&#8221; text_title=&#8221;Bli ambassad\u00f6r&#8221; desc_text=&#8221;Eager to help spread the news about VACAYA? We have everything you need to get started!&#8221; _builder_version=&#8221;4.17.4&#8243; _module_preset=&#8221;default&#8221; global_colors_info=&#8221;{}&#8221;][\/dmpro_carousel_child][dmpro_carousel_child title=&#8221;O\u00f6vertr\u00e4ffade erbjudanden&#8221; img_src=&#8221;https:\/\/www.myvacaya.com\/wp-content\/uploads\/2022\/07\/unparalled-offers.png&#8221; text_title=&#8221;O\u00f6vertr\u00e4ffade erbjudanden&#8221; desc_text=&#8221;Are you ready to dive into VACAYA headfirst? We\u2019ve got a special selection of offers just for you!&#8221; _builder_version=&#8221;4.17.4&#8243; _module_preset=&#8221;default&#8221; global_colors_info=&#8221;{}&#8221;][\/dmpro_carousel_child][dmpro_carousel_child title=&#8221;Tillg\u00e4nglighet&#8221; img_src=&#8221;https:\/\/www.myvacaya.com\/wp-content\/uploads\/2022\/07\/accesibility.jpg&#8221; text_title=&#8221;Tillg\u00e4nglighet&#8221; desc_text=&#8221;VACAYA and our partners create a welcoming environment for travelers with special needs.&#8221; _builder_version=&#8221;4.17.4&#8243; _module_preset=&#8221;default&#8221; global_colors_info=&#8221;{}&#8221;][\/dmpro_carousel_child][dmpro_carousel_child title=&#8221;Ge tillbaka&#8221; img_src=&#8221;https:\/\/www.myvacaya.com\/wp-content\/uploads\/2022\/07\/giving-back-2.jpg&#8221; text_title=&#8221;Ge tillbaka&#8221; desc_text=&#8221;Our efforts in the community reflect our commitment to the idea that we can all make a difference.&#8221; _builder_version=&#8221;4.17.4&#8243; _module_preset=&#8221;default&#8221; global_colors_info=&#8221;{}&#8221;][\/dmpro_carousel_child][dmpro_carousel_child title=&#8221;Alla \u00e4r v\u00e4lkomna&#8221; img_src=&#8221;https:\/\/www.myvacaya.com\/wp-content\/uploads\/2022\/07\/all-are-welcome.png&#8221; text_title=&#8221;Alla \u00e4r v\u00e4lkomna&#8221; desc_text=&#8221;Open your mind to the rainbow of fun that can be had in the world. <em>That\u2019s<\/em> the spirit of VACAYA!&#8221; _builder_version=&#8221;4.17.4&#8243; _module_preset=&#8221;default&#8221; global_colors_info=&#8221;{}&#8221;][\/dmpro_carousel_child][dmpro_carousel_child title=&#8221;V\u00e5ra erfarenheter&#8221; img_src=&#8221;https:\/\/www.myvacaya.com\/wp-content\/uploads\/2022\/07\/vacaya-experiences.jpg&#8221; text_title=&#8221;V\u00e5ra erfarenheter&#8221; desc_text=&#8221;VACAYA delivers vacations tailored to the unique desires of our guests. How will <em>you<\/em> VACAYA?&#8221; _builder_version=&#8221;4.17.4&#8243; _module_preset=&#8221;default&#8221; global_colors_info=&#8221;{}&#8221;][\/dmpro_carousel_child][dmpro_carousel_child title=&#8221;Alfabets soppa&#8221; img_src=&#8221;https:\/\/www.myvacaya.com\/wp-content\/uploads\/2022\/07\/the-difference-alphabet-soup-290&#215;175-2.jpg&#8221; text_title=&#8221;Alfabets soppa&#8221; desc_text=&#8221;Look no further\u2026 VACAYA\u2019s handy guide will help you navigate the entire LGBTQIAPK spectrum.&#8221; _builder_version=&#8221;4.17.4&#8243; _module_preset=&#8221;default&#8221; global_colors_info=&#8221;{}&#8221;][\/dmpro_carousel_child][dmpro_carousel_child title=&#8221;Ensamresen\u00e4rer&#8221; img_src=&#8221;https:\/\/www.myvacaya.com\/wp-content\/uploads\/2022\/07\/step-by-step.jpg&#8221; text_title=&#8221;Ensamresen\u00e4rer&#8221; desc_text=&#8221;<\/p>\n<p>VACAYA\u2019s \u201cSolo Traveling with Ease Program\u201d is perfect for single travelers looking to join in the fun.<\/p>\n<p>&#8221; _builder_version=&#8221;4.17.4&#8243; _module_preset=&#8221;default&#8221; global_colors_info=&#8221;{}&#8221;][\/dmpro_carousel_child][\/dmpro_carousel][\/et_pb_column][\/et_pb_row][\/et_pb_section]<\/p>\n","protected":false},"excerpt":{"rendered":"<p><div class=\"trip-overlay\"><div class=\"trip-title\"><h1>Resebrickor med titel &#8211; Endast kryssningar<\/h1><\/div><\/div>N\u00e4r det kom ut att VACAYAs grundare arbetade p\u00e5 en helt ny typ av semesterf\u00f6retag, uppmanade m\u00e5nga av v\u00e5ra hetero v\u00e4nner oss att inte l\u00e4mna dem utanf\u00f6r allt det roliga. De p\u00e5minde oss om att de var tr\u00f6tta p\u00e5 att se v\u00e5ra uppt\u00e5g p\u00e5 sociala medier och att inte kunna delta. De uppmuntrade oss att [&hellip;]<\/p>\n","protected":false},"author":1,"featured_media":0,"parent":62517,"menu_order":0,"comment_status":"closed","ping_status":"closed","template":"","meta":{"_acf_changed":false,"_et_pb_use_builder":"on","_et_pb_old_content":"","_et_gb_content_width":"","_monsterinsights_skip_tracking":false,"_monsterinsights_sitenote_active":false,"_monsterinsights_sitenote_note":"","_monsterinsights_sitenote_category":0,"footnotes":""},"class_list":["post-62557","page","type-page","status-publish","hentry"],"acf":[],"_links":{"self":[{"href":"https:\/\/www.myvacaya.com\/sv\/wp-json\/wp\/v2\/pages\/62557","targetHints":{"allow":["GET"]}}],"collection":[{"href":"https:\/\/www.myvacaya.com\/sv\/wp-json\/wp\/v2\/pages"}],"about":[{"href":"https:\/\/www.myvacaya.com\/sv\/wp-json\/wp\/v2\/types\/page"}],"author":[{"embeddable":true,"href":"https:\/\/www.myvacaya.com\/sv\/wp-json\/wp\/v2\/users\/1"}],"replies":[{"embeddable":true,"href":"https:\/\/www.myvacaya.com\/sv\/wp-json\/wp\/v2\/comments?post=62557"}],"version-history":[{"count":2,"href":"https:\/\/www.myvacaya.com\/sv\/wp-json\/wp\/v2\/pages\/62557\/revisions"}],"predecessor-version":[{"id":62566,"href":"https:\/\/www.myvacaya.com\/sv\/wp-json\/wp\/v2\/pages\/62557\/revisions\/62566"}],"up":[{"embeddable":true,"href":"https:\/\/www.myvacaya.com\/sv\/wp-json\/wp\/v2\/pages\/62517"}],"wp:attachment":[{"href":"https:\/\/www.myvacaya.com\/sv\/wp-json\/wp\/v2\/media?parent=62557"}],"curies":[{"name":"wp","href":"https:\/\/api.w.org\/{rel}","templated":true}]}}