{"id":62548,"date":"2018-02-10T15:05:39","date_gmt":"2018-02-10T20:05:39","guid":{"rendered":"https:\/\/www.myvacaya.com\/upptack\/vacaya-upplevelser\/"},"modified":"2023-12-21T08:53:47","modified_gmt":"2023-12-21T13:53:47","slug":"vacaya-upplevelser","status":"publish","type":"page","link":"https:\/\/www.myvacaya.com\/sv\/upptack\/vacaya-upplevelser\/","title":{"rendered":"VACAYA-upplevelser"},"content":{"rendered":"<p>[et_pb_section fb_built=&#8221;1&#8243; fullwidth=&#8221;on&#8221; admin_label=&#8221;Slider&#8221; module_id=&#8221;slider-sektion-inredning&#8221; _builder_version=&#8221;4.17.6&#8243; _module_preset=&#8221;default&#8221; background_enable_image=&#8221;off&#8221; global_colors_info=&#8221;{}&#8221;][et_pb_fullwidth_code admin_label=&#8221;Slider Overlay&#8221; module_class=&#8221;interior-page-overlay&#8221; _builder_version=&#8221;4.17.6&#8243; _module_preset=&#8221;default&#8221; positioning=&#8221;absolute&#8221; position_origin_a=&#8221;top_right&#8221; position_origin_f=&#8221;top_right&#8221; z_index=&#8221;100&#8243; width=&#8221;50%&#8221; width_tablet=&#8221;50%&#8221; width_phone=&#8221;100%&#8221; width_last_edited=&#8221;on|phone&#8221; height=&#8221;100vh&#8221; global_colors_info=&#8221;{}&#8221;]<div class=\"trip-overlay\"><div class=\"trip-title\"><h1>VACAYA-upplevelser<\/h1><\/div><\/div>[\/et_pb_fullwidth_code][et_pb_fullwidth_slider show_arrows=&#8221;off&#8221; admin_label=&#8221;Slider Images&#8221; module_id=&#8221;slider-images&#8221; _builder_version=&#8221;4.17.6&#8243; _module_preset=&#8221;default&#8221; height=&#8221;100vh&#8221; auto=&#8221;on&#8221; global_colors_info=&#8221;{}&#8221;][et_pb_slide _builder_version=&#8221;4.17.6&#8243; _module_preset=&#8221;default&#8221; background_color=&#8221;RGBA(255,255,255,0)&#8221; background_enable_color=&#8221;on&#8221; background_image=&#8221;https:\/\/www.myvacaya.com\/wp-content\/uploads\/2022\/09\/our-experiences.jpg&#8221; background_enable_image=&#8221;on&#8221; background_last_edited=&#8221;on|desktop&#8221; background_image_phone=&#8221;https:\/\/www.myvacaya.com\/wp-content\/uploads\/2022\/11\/vacaya-experiences-mobile-414&#215;500-1.jpg&#8221; background_enable_image_phone=&#8221;on&#8221; global_colors_info=&#8221;{}&#8221; sticky_transition=&#8221;on&#8221;][\/et_pb_slide][\/et_pb_fullwidth_slider][\/et_pb_section][et_pb_section fb_built=&#8221;1&#8243; custom_padding_last_edited=&#8221;on|phone&#8221; _builder_version=&#8221;4.17.6&#8243; _module_preset=&#8221;default&#8221; custom_padding=&#8221;||0%||false|false&#8221; custom_padding_tablet=&#8221;||||false|false&#8221; custom_padding_phone=&#8221;||||false|false&#8221; global_colors_info=&#8221;{}&#8221;][et_pb_row custom_padding_last_edited=&#8221;on|desktop&#8221; _builder_version=&#8221;4.17.6&#8243; _module_preset=&#8221;default&#8221; custom_padding=&#8221;||0%||false|false&#8221; custom_padding_tablet=&#8221;||||false|false&#8221; custom_padding_phone=&#8221;||||false|false&#8221; global_colors_info=&#8221;{}&#8221;][et_pb_column type=&#8221;4_4&#8243; _builder_version=&#8221;4.17.6&#8243; _module_preset=&#8221;default&#8221; global_colors_info=&#8221;{}&#8221;][et_pb_text _builder_version=&#8221;4.17.6&#8243; _module_preset=&#8221;default&#8221; custom_margin=&#8221;||||false|false&#8221; custom_margin_tablet=&#8221;||||false|false&#8221; custom_margin_phone=&#8221;||||false|false&#8221; custom_margin_last_edited=&#8221;on|phone&#8221; global_colors_info=&#8221;{}&#8221;]HBT+-resor \u00e4r kul, eller hur? Men f\u00f6r m\u00e5nga av oss \u00e4r det bara en del av ekvationen. Visst, vi \u00e4lskar non-stop underh\u00e5llning, fester, kontakter och v\u00e4nskap, men vi letar ocks\u00e5 efter upplevelser som resonerar p\u00e5 en djupare k\u00e4nslom\u00e4ssig niv\u00e5. Semester till ett bredare utbud av destinationer, mer personliga och mer anpassade till lokal kultur, inspirerar v\u00e5rt samh\u00e4lle mot en v\u00e4g f\u00f6r sj\u00e4lvuppt\u00e4ckt. Fr\u00e5n dag 1 definierade VACAYA tre kategorier av semester som skulle l\u00e4gga grunden f\u00f6r v\u00e5rt breda utbud f\u00f6r att tillfredsst\u00e4lla en m\u00e4ngd olika semesterdr\u00f6mmar.<\/p>\n<p>L\u00e5t oss bryta ner dem&#8230;[\/et_pb_text][\/et_pb_column][\/et_pb_row][\/et_pb_section][et_pb_section fb_built=&#8221;1&#8243; custom_padding_last_edited=&#8221;on|phone&#8221; admin_label=&#8221;Bliss&#8221; _builder_version=&#8221;4.17.6&#8243; _module_preset=&#8221;default&#8221; custom_padding=&#8221;0%||0%||false|false&#8221; custom_padding_tablet=&#8221;||||false|false&#8221; custom_padding_phone=&#8221;||||false|false&#8221; global_colors_info=&#8221;{}&#8221;][et_pb_row _builder_version=&#8221;4.17.6&#8243; _module_preset=&#8221;default&#8221; global_colors_info=&#8221;{}&#8221;][et_pb_column type=&#8221;4_4&#8243; _builder_version=&#8221;4.17.6&#8243; _module_preset=&#8221;default&#8221; global_colors_info=&#8221;{}&#8221;][et_pb_text admin_label=&#8221;Section Title &#8211; H3&#8243; _builder_version=&#8221;4.17.6&#8243; _module_preset=&#8221;default&#8221; header_3_font=&#8221;Futura Bold|||on|||||&#8221; header_3_text_align=&#8221;center&#8221; header_3_text_color=&#8221;#000000&#8243; header_3_font_size=&#8221;18px&#8221; header_3_letter_spacing=&#8221;1.8px&#8221; header_3_line_height=&#8221;24px&#8221; custom_margin=&#8221;||||false|false&#8221; custom_margin_tablet=&#8221;||||false|false&#8221; custom_margin_phone=&#8221;||||false|false&#8221; custom_margin_last_edited=&#8221;on|phone&#8221; custom_padding=&#8221;||||false|false&#8221; hover_enabled=&#8221;0&#8243; global_colors_info=&#8221;{}&#8221; sticky_enabled=&#8221;0&#8243;]<\/p>\n<h3>VACAYA BIG-SHIP CRUISES<\/h3>\n<p>[\/et_pb_text][\/et_pb_column][\/et_pb_row][et_pb_row column_structure=&#8221;1_3,2_3&#8243; _builder_version=&#8221;4.17.6&#8243; _module_preset=&#8221;default&#8221; global_colors_info=&#8221;{}&#8221;][et_pb_column type=&#8221;1_3&#8243; _builder_version=&#8221;4.17.6&#8243; _module_preset=&#8221;default&#8221; global_colors_info=&#8221;{}&#8221;][et_pb_image src=&#8221;https:\/\/www.myvacaya.com\/wp-content\/uploads\/2022\/09\/bliss-1&#215;1-v2a-300&#215;300-1.png&#8221; title_text=&#8221;bliss-1&#215;1-v2a-300&#215;300&#8243; force_fullwidth=&#8221;on&#8221; _builder_version=&#8221;4.17.6&#8243; _module_preset=&#8221;default&#8221; global_colors_info=&#8221;{}&#8221;][\/et_pb_image][\/et_pb_column][et_pb_column type=&#8221;2_3&#8243; _builder_version=&#8221;4.17.6&#8243; _module_preset=&#8221;default&#8221; global_colors_info=&#8221;{}&#8221;][et_pb_text _builder_version=&#8221;4.17.6&#8243; _module_preset=&#8221;default&#8221; hover_enabled=&#8221;0&#8243; global_colors_info=&#8221;{}&#8221; sticky_enabled=&#8221;0&#8243;]<\/p>\n<p>F\u00e5 det som betyder mest med den stil och service du vill ha, allt till ett lyckosamt pris. V\u00e5ra stora fartygskryssningar erbjuder en v\u00e4lkomnande milj\u00f6 utan bed\u00f6mningar, all-star underh\u00e5llning, fantastiska fester och non-stop aktiviteter f\u00f6r att exponentiellt ut\u00f6ka din umg\u00e4ngeskrets.<\/p>\n<p>V\u00e5rt engagemang f\u00f6r excellens b\u00f6rjar med de partnerskap vi bygger med v\u00e4rldens ledande kryssningsrederier \u2013 Celebrity, Royal Caribbean, Holland America, NCL, Oceanien och Princess. Men det \u00e4r magin i att v\u00e5ra g\u00e4ster samlas p\u00e5 dessa fartyg som verkligen tar VACAYA till n\u00e4sta niv\u00e5. V\u00e5r avancerade programmering och innovativa nya sociala aktiviteter \u00e4r avsedda att koppla dig till andra resen\u00e4rer p\u00e5 l\u00e4ttsamma och ov\u00e4ntade s\u00e4tt.<\/p>\n<p><strong>VACAYAs BlG-SHIP CRUISE-<\/strong> rytm \u00e4r&#8230; <strong>Kul<\/strong> . <strong>Ljus<\/strong> . <strong>Varmt<\/strong> . <strong>Spontant<\/strong> . <strong>Glad<\/strong> . <strong>Engagerande<\/strong> . <strong>Firande<\/strong> . <strong>Oavbrutet<\/strong> . I slut\u00e4ndan \u00e4r varje Bliss-semester vad du g\u00f6r den till \u2013 helt och h\u00e5llet din att definiera. V\u00e5ra fartyg \u00e4r det ultimata navet f\u00f6r v\u00e4nskap \u2013 din chans att f\u00e5 kontakt med likasinnade fr\u00e5n hela v\u00e4rlden i en festlig lekfull milj\u00f6.<\/p>\n<p>[\/et_pb_text][\/et_pb_column][\/et_pb_row][et_pb_row _builder_version=&#8221;4.17.6&#8243; _module_preset=&#8221;default&#8221; global_colors_info=&#8221;{}&#8221;][et_pb_column type=&#8221;4_4&#8243; _builder_version=&#8221;4.17.6&#8243; _module_preset=&#8221;default&#8221; global_colors_info=&#8221;{}&#8221;][et_pb_text admin_label=&#8221;Trip List &#8211; Bliss&#8221; _builder_version=&#8221;4.17.6&#8243; _module_preset=&#8221;default&#8221; custom_padding=&#8221;2.5%|10%|2.5%|10%|false|false&#8221; border_width_all=&#8221;1px&#8221; border_color_all=&#8221;#000000&#8243; global_colors_info=&#8221;{}&#8221;]<div id=\"ajax-load-more\" class=\"ajax-load-more-wrap default\" data-id=\"experience-items\" data-alm-id=\"\" data-canonical-url=\"https:\/\/www.myvacaya.com\/sv\/upptack\/vacaya-upplevelser\/\" data-slug=\"vacaya-upplevelser\" data-post-id=\"62548\"  data-localized=\"ajax_load_more_experience_items_vars\" data-alm-object=\"ajax_load_more_experience_items\"><ul aria-live=\"polite\" aria-atomic=\"true\" class=\"alm-listing alm-ajax\" data-container-type=\"ul\" data-loading-style=\"default\" data-repeater=\"template_4\" data-post-type=\"trip\" data-taxonomy=\"experience_type\" data-taxonomy-terms=\"bliss\" data-taxonomy-operator=\"IN\" data-meta-key=\"show_trip_tile\" data-meta-value=\"1\" data-custom-args=\"post_parent: 0\" data-order=\"ASC\" data-orderby=\"date\" data-offset=\"0\" data-posts-per-page=\"20\" data-lang=\"sv\" data-scroll=\"false\" data-button-label=\"Load More\" data-prev-button-label=\"Load Previous\" data-destroy-after=\"1\"><\/ul><div class=\"alm-btn-wrap\" data-rel=\"ajax-load-more\"><button class=\"alm-load-more-btn\" type=\"button\">Load More<\/button><\/div><\/div>[\/et_pb_text][\/et_pb_column][\/et_pb_row][\/et_pb_section][et_pb_section fb_built=&#8221;1&#8243; custom_padding_last_edited=&#8221;on|phone&#8221; admin_label=&#8221;Oasis&#8221; _builder_version=&#8221;4.17.6&#8243; _module_preset=&#8221;default&#8221; custom_padding=&#8221;0%||0%||false|false&#8221; custom_padding_tablet=&#8221;||||false|false&#8221; custom_padding_phone=&#8221;||||false|false&#8221; global_colors_info=&#8221;{}&#8221;][et_pb_row _builder_version=&#8221;4.17.6&#8243; _module_preset=&#8221;default&#8221; global_colors_info=&#8221;{}&#8221;][et_pb_column type=&#8221;4_4&#8243; _builder_version=&#8221;4.17.6&#8243; _module_preset=&#8221;default&#8221; global_colors_info=&#8221;{}&#8221;][et_pb_text admin_label=&#8221;Section Title &#8211; H3&#8243; _builder_version=&#8221;4.17.6&#8243; _module_preset=&#8221;default&#8221; header_3_font=&#8221;Futura Bold|||on|||||&#8221; header_3_text_align=&#8221;center&#8221; header_3_text_color=&#8221;#000000&#8243; header_3_font_size=&#8221;18px&#8221; header_3_letter_spacing=&#8221;1.8px&#8221; header_3_line_height=&#8221;24px&#8221; custom_margin=&#8221;||||false|false&#8221; custom_margin_tablet=&#8221;||||false|false&#8221; custom_margin_phone=&#8221;||||false|false&#8221; custom_margin_last_edited=&#8221;on|phone&#8221; custom_padding=&#8221;||||false|false&#8221; hover_enabled=&#8221;0&#8243; global_colors_info=&#8221;{}&#8221; sticky_enabled=&#8221;0&#8243;]<\/p>\n<h3>VACAYA RESORTS &amp; TURER<\/h3>\n<p>[\/et_pb_text][\/et_pb_column][\/et_pb_row][et_pb_row column_structure=&#8221;1_3,2_3&#8243; _builder_version=&#8221;4.17.6&#8243; _module_preset=&#8221;default&#8221; global_colors_info=&#8221;{}&#8221;][et_pb_column type=&#8221;1_3&#8243; _builder_version=&#8221;4.17.6&#8243; _module_preset=&#8221;default&#8221; global_colors_info=&#8221;{}&#8221;][et_pb_image src=&#8221;https:\/\/www.myvacaya.com\/wp-content\/uploads\/2022\/09\/oasis-1&#215;1-v2a-300&#215;300-1.png&#8221; title_text=&#8221;oasis-1&#215;1-v2a-300&#215;300&#8243; force_fullwidth=&#8221;on&#8221; _builder_version=&#8221;4.17.6&#8243; _module_preset=&#8221;default&#8221; global_colors_info=&#8221;{}&#8221;][\/et_pb_image][\/et_pb_column][et_pb_column type=&#8221;2_3&#8243; _builder_version=&#8221;4.17.6&#8243; _module_preset=&#8221;default&#8221; global_colors_info=&#8221;{}&#8221;][et_pb_text _builder_version=&#8221;4.17.6&#8243; _module_preset=&#8221;default&#8221; hover_enabled=&#8221;0&#8243; global_colors_info=&#8221;{}&#8221; sticky_enabled=&#8221;0&#8243;]<\/p>\n<p>VACAYAs oemotst\u00e5ndliga Resorts &amp; Tours \u00e4r mer avslappnade \u00e4n v\u00e5ra stora fartygskryssningar och erbjuder den perfekta tillflyktsorten f\u00f6r dem som s\u00f6ker n\u00f6je, avkoppling, \u00e4ventyr och romantik. Oavsett om du letar efter att dra genom tr\u00e4dkronorna eller koppla av vid en otrolig pool, hittar du det h\u00e4r n\u00e4r du skapar v\u00e4nskap och minnen som varar livet ut.<\/p>\n<p>Vi har helt brutit formen med v\u00e5ra semesterresor och samarbetar med fastigheter som omdefinierar vad som f\u00f6rv\u00e4ntas och vad som \u00e4r m\u00f6jligt \u2013 fr\u00e5n det verkligt &#8221;all inclusive&#8221; (d\u00e4r allt fr\u00e5n prisbel\u00f6nt k\u00f6k, cocktails p\u00e5 \u00f6versta hyllan, utvalda spabehandlingar, utflykter, salongstj\u00e4nster, dykupplevelser och golf ing\u00e5r) till icke-all-inclusive-fastigheter som s\u00e4tter en helt ny standard i de samh\u00e4llen de representerar. Det \u00e4r en stil med hbtq+-resortssemester som vi vet att du kommer att \u00e4lska \u2013 varje Oasis-resa \u00e4r unik i sin egen r\u00e4tt.<\/p>\n<p><strong>VACAYA RESORTS &amp; TOURS-<\/strong> rytmen \u00e4r&#8230; <strong>avslappnad<\/strong> . <strong>L\u00e4tt<\/strong> . <strong>Roligt<\/strong> . <strong>Balanserad<\/strong> . <strong>Lyxigt<\/strong> . <strong>\u00d6verseende<\/strong> . <strong>Sportig<\/strong> . <strong>Omanusfri<\/strong> . <strong>\u00c4ventyrlig<\/strong> . Ett helt nytt s\u00e4tt att spela.<\/p>\n<p>[\/et_pb_text][\/et_pb_column][\/et_pb_row][et_pb_row _builder_version=&#8221;4.17.6&#8243; _module_preset=&#8221;default&#8221; global_colors_info=&#8221;{}&#8221;][et_pb_column type=&#8221;4_4&#8243; _builder_version=&#8221;4.17.6&#8243; _module_preset=&#8221;default&#8221; global_colors_info=&#8221;{}&#8221;][et_pb_text admin_label=&#8221;Trip List &#8211; Oasis&#8221; _builder_version=&#8221;4.17.6&#8243; _module_preset=&#8221;default&#8221; custom_padding=&#8221;2.5%|10%|2.5%|10%|false|false&#8221; border_width_all=&#8221;1px&#8221; border_color_all=&#8221;#000000&#8243; global_colors_info=&#8221;{}&#8221;]<div id=\"ajax-load-more-2\" class=\"ajax-load-more-wrap default\" data-id=\"experience-items\" data-alm-id=\"\" data-canonical-url=\"https:\/\/www.myvacaya.com\/sv\/upptack\/vacaya-upplevelser\/\" data-slug=\"vacaya-upplevelser\" data-post-id=\"62548\"  data-localized=\"ajax_load_more_experience_items_vars\" data-alm-object=\"ajax_load_more_experience_items\"><ul aria-live=\"polite\" aria-atomic=\"true\" class=\"alm-listing alm-ajax\" data-container-type=\"ul\" data-loading-style=\"default\" data-repeater=\"template_4\" data-post-type=\"trip\" data-taxonomy=\"experience_type\" data-taxonomy-terms=\"oasis\" data-taxonomy-operator=\"IN\" data-meta-key=\"show_trip_tile\" data-meta-value=\"1\" data-custom-args=\"post_parent: 0\" data-order=\"ASC\" data-orderby=\"date\" data-offset=\"0\" data-posts-per-page=\"20\" data-lang=\"sv\" data-scroll=\"false\" data-button-label=\"Load More\" data-prev-button-label=\"Load Previous\" data-destroy-after=\"1\"><\/ul><div class=\"alm-btn-wrap\" data-rel=\"ajax-load-more-2\"><button class=\"alm-load-more-btn\" type=\"button\">Load More<\/button><\/div><\/div>[\/et_pb_text][\/et_pb_column][\/et_pb_row][\/et_pb_section][et_pb_section fb_built=&#8221;1&#8243; custom_padding_last_edited=&#8221;on|phone&#8221; admin_label=&#8221;Luxe&#8221; _builder_version=&#8221;4.17.6&#8243; _module_preset=&#8221;default&#8221; custom_padding=&#8221;0%||||false|false&#8221; custom_padding_tablet=&#8221;||||false|false&#8221; custom_padding_phone=&#8221;||||false|false&#8221; global_colors_info=&#8221;{}&#8221;][et_pb_row _builder_version=&#8221;4.17.6&#8243; _module_preset=&#8221;default&#8221; global_colors_info=&#8221;{}&#8221;][et_pb_column type=&#8221;4_4&#8243; _builder_version=&#8221;4.17.6&#8243; _module_preset=&#8221;default&#8221; global_colors_info=&#8221;{}&#8221;][et_pb_text admin_label=&#8221;Section Title &#8211; H3&#8243; _builder_version=&#8221;4.17.6&#8243; _module_preset=&#8221;default&#8221; header_3_font=&#8221;Futura Bold|||on|||||&#8221; header_3_text_align=&#8221;center&#8221; header_3_text_color=&#8221;#000000&#8243; header_3_font_size=&#8221;18px&#8221; header_3_letter_spacing=&#8221;1.8px&#8221; header_3_line_height=&#8221;24px&#8221; custom_margin=&#8221;||||false|false&#8221; custom_margin_tablet=&#8221;||||false|false&#8221; custom_margin_phone=&#8221;||||false|false&#8221; custom_margin_last_edited=&#8221;on|phone&#8221; custom_padding=&#8221;||||false|false&#8221; hover_enabled=&#8221;0&#8243; global_colors_info=&#8221;{}&#8221; sticky_enabled=&#8221;0&#8243;]<\/p>\n<h3>VACAYA SM\u00c5FARTYGSKRYSSNINGAR<\/h3>\n<p>[\/et_pb_text][\/et_pb_column][\/et_pb_row][et_pb_row column_structure=&#8221;1_3,2_3&#8243; _builder_version=&#8221;4.17.6&#8243; _module_preset=&#8221;default&#8221; global_colors_info=&#8221;{}&#8221;][et_pb_column type=&#8221;1_3&#8243; _builder_version=&#8221;4.17.6&#8243; _module_preset=&#8221;default&#8221; global_colors_info=&#8221;{}&#8221;][et_pb_image src=&#8221;https:\/\/www.myvacaya.com\/wp-content\/uploads\/2022\/09\/oasis-1&#215;1-v2a-300&#215;300-1.png&#8221; title_text=&#8221;oasis-1&#215;1-v2a-300&#215;300&#8243; force_fullwidth=&#8221;on&#8221; _builder_version=&#8221;4.17.6&#8243; _module_preset=&#8221;default&#8221; global_colors_info=&#8221;{}&#8221;][\/et_pb_image][\/et_pb_column][et_pb_column type=&#8221;2_3&#8243; _builder_version=&#8221;4.17.6&#8243; _module_preset=&#8221;default&#8221; global_colors_info=&#8221;{}&#8221;][et_pb_text _builder_version=&#8221;4.17.6&#8243; _module_preset=&#8221;default&#8221; hover_enabled=&#8221;0&#8243; global_colors_info=&#8221;{}&#8221; sticky_enabled=&#8221;0&#8243;]<\/p>\n<p>Fr\u00e5n indiska kryddor och mayaruiner till antarktiska pingviner och europeiska dr\u00f6mlandskap, v\u00e5ra uppt\u00e4cktsresor f\u00f6rdjupar dig i de autentiska smakerna fr\u00e5n v\u00e4rldens mest sp\u00e4nnande popul\u00e4ra och off-the-beat-path-destinationer \u2013 allt i f\u00f6rstklassig stil och lyx. VACAYA Small-Ship Cruises, som seglar p\u00e5 expedition i boutique-stil och flodskepp, \u00e4r oavl\u00e5tligt exklusiva \u2013 v\u00e4lkomnande f\u00f6r alla, naturligtvis, men byggda f\u00f6r kr\u00e4sna resen\u00e4rer som s\u00f6ker intima upplevelser, fantastiskt boende och o\u00f6vertr\u00e4ffad service.<\/p>\n<p>VACAYA samarbetar med v\u00e4rldens ledande kryssningsrederier f\u00f6r sm\u00e5 fartyg, inklusive Transcend, Emerald Waterways, Ponant, Avalon Waterways och Hurtigruten \u2013 linjer som \u00e4r valda f\u00f6r att de \u00e4r byggda f\u00f6r att st\u00e4ndigt \u00f6vertr\u00e4ffa f\u00f6rv\u00e4ntningarna.<\/p>\n<p>V\u00e5ra sm\u00e5fartygskryssningssemester \u00e4r en hyllning till v\u00e5r planets underverk. De kommer att n\u00e5 v\u00e4rldens avl\u00e4gsna h\u00f6rn \u2013 vilket ger VACAYA-g\u00e4ster en m\u00f6jlighet att vidga sina vyer p\u00e5 helt nya s\u00e4tt.<\/p>\n<p><strong>VACAYA SMALL-SHIP CRUISE-<\/strong> rytmen \u00e4r&#8230; <strong>Fet<\/strong> . <strong>F\u00f6rfinad<\/strong> . <strong>Intim<\/strong> . <strong>Exotiska<\/strong> . <strong>V\u00e4rdefull<\/strong> . <strong>Lugn<\/strong> . <strong>H\u00e4ftigt<\/strong> . <strong>Grand<\/strong> . En chans att leva livet fullt ut.<\/p>\n<p>[\/et_pb_text][\/et_pb_column][\/et_pb_row][et_pb_row _builder_version=&#8221;4.17.6&#8243; _module_preset=&#8221;default&#8221; global_colors_info=&#8221;{}&#8221;][et_pb_column type=&#8221;4_4&#8243; _builder_version=&#8221;4.17.6&#8243; _module_preset=&#8221;default&#8221; global_colors_info=&#8221;{}&#8221;][et_pb_text admin_label=&#8221;Trip List &#8211; Luxe&#8221; _builder_version=&#8221;4.17.6&#8243; _module_preset=&#8221;default&#8221; custom_padding=&#8221;2.5%|10%|2.5%|10%|false|false&#8221; border_width_all=&#8221;1px&#8221; border_color_all=&#8221;#000000&#8243; global_colors_info=&#8221;{}&#8221;]<div id=\"ajax-load-more-3\" class=\"ajax-load-more-wrap default\" data-id=\"experience-items\" data-alm-id=\"\" data-canonical-url=\"https:\/\/www.myvacaya.com\/sv\/upptack\/vacaya-upplevelser\/\" data-slug=\"vacaya-upplevelser\" data-post-id=\"62548\"  data-localized=\"ajax_load_more_experience_items_vars\" data-alm-object=\"ajax_load_more_experience_items\"><ul aria-live=\"polite\" aria-atomic=\"true\" class=\"alm-listing alm-ajax\" data-container-type=\"ul\" data-loading-style=\"default\" data-repeater=\"template_4\" data-post-type=\"trip\" data-taxonomy=\"experience_type\" data-taxonomy-terms=\"luxe\" data-taxonomy-operator=\"IN\" data-meta-key=\"show_trip_tile\" data-meta-value=\"1\" data-custom-args=\"post_parent: 0\" data-order=\"ASC\" data-orderby=\"date\" data-offset=\"0\" data-posts-per-page=\"20\" data-lang=\"sv\" data-scroll=\"false\" data-button-label=\"Load More\" data-prev-button-label=\"Load Previous\" data-destroy-after=\"1\"><\/ul><div class=\"alm-btn-wrap\" data-rel=\"ajax-load-more-3\"><button class=\"alm-load-more-btn\" type=\"button\">Load More<\/button><\/div><\/div>[\/et_pb_text][\/et_pb_column][\/et_pb_row][\/et_pb_section]<\/p>\n","protected":false},"excerpt":{"rendered":"<p><div class=\"trip-overlay\"><div class=\"trip-title\"><h1>Resebrickor med titel &#8211; Endast kryssningar<\/h1><\/div><\/div>HBT+-resor \u00e4r kul, eller hur? Men f\u00f6r m\u00e5nga av oss \u00e4r det bara en del av ekvationen. Visst, vi \u00e4lskar non-stop underh\u00e5llning, fester, kontakter och v\u00e4nskap, men vi letar ocks\u00e5 efter upplevelser som resonerar p\u00e5 en djupare k\u00e4nslom\u00e4ssig niv\u00e5. Semester till ett bredare utbud av destinationer, mer personliga och mer anpassade till lokal kultur, inspirerar [&hellip;]<\/p>\n","protected":false},"author":1,"featured_media":0,"parent":62517,"menu_order":0,"comment_status":"closed","ping_status":"closed","template":"","meta":{"_acf_changed":false,"_et_pb_use_builder":"on","_et_pb_old_content":"","_et_gb_content_width":"","_monsterinsights_skip_tracking":false,"_monsterinsights_sitenote_active":false,"_monsterinsights_sitenote_note":"","_monsterinsights_sitenote_category":0,"footnotes":""},"class_list":["post-62548","page","type-page","status-publish","hentry"],"acf":[],"_links":{"self":[{"href":"https:\/\/www.myvacaya.com\/sv\/wp-json\/wp\/v2\/pages\/62548","targetHints":{"allow":["GET"]}}],"collection":[{"href":"https:\/\/www.myvacaya.com\/sv\/wp-json\/wp\/v2\/pages"}],"about":[{"href":"https:\/\/www.myvacaya.com\/sv\/wp-json\/wp\/v2\/types\/page"}],"author":[{"embeddable":true,"href":"https:\/\/www.myvacaya.com\/sv\/wp-json\/wp\/v2\/users\/1"}],"replies":[{"embeddable":true,"href":"https:\/\/www.myvacaya.com\/sv\/wp-json\/wp\/v2\/comments?post=62548"}],"version-history":[{"count":8,"href":"https:\/\/www.myvacaya.com\/sv\/wp-json\/wp\/v2\/pages\/62548\/revisions"}],"predecessor-version":[{"id":141600,"href":"https:\/\/www.myvacaya.com\/sv\/wp-json\/wp\/v2\/pages\/62548\/revisions\/141600"}],"up":[{"embeddable":true,"href":"https:\/\/www.myvacaya.com\/sv\/wp-json\/wp\/v2\/pages\/62517"}],"wp:attachment":[{"href":"https:\/\/www.myvacaya.com\/sv\/wp-json\/wp\/v2\/media?parent=62548"}],"curies":[{"name":"wp","href":"https:\/\/api.w.org\/{rel}","templated":true}]}}