{"id":62534,"date":"2018-02-10T15:04:40","date_gmt":"2018-02-10T20:04:40","guid":{"rendered":"https:\/\/www.myvacaya.com\/gor-dig-redo\/"},"modified":"2025-11-11T09:34:53","modified_gmt":"2025-11-11T14:34:53","slug":"gor-dig-redo","status":"publish","type":"page","link":"https:\/\/www.myvacaya.com\/sv\/gor-dig-redo\/","title":{"rendered":"G\u00f6r dig redo"},"content":{"rendered":"<p>[et_pb_section fb_built=&#8221;1&#8243; fullwidth=&#8221;on&#8221; admin_label=&#8221;Slider&#8221; module_id=&#8221;slider-sektion-inredning&#8221; _builder_version=&#8221;4.17.6&#8243; _module_preset=&#8221;default&#8221; background_enable_image=&#8221;off&#8221; global_colors_info=&#8221;{}&#8221;][et_pb_fullwidth_code admin_label=&#8221;Slider Overlay&#8221; module_class=&#8221;interior-page-overlay&#8221; _builder_version=&#8221;4.17.6&#8243; _module_preset=&#8221;default&#8221; positioning=&#8221;absolute&#8221; position_origin_a=&#8221;top_right&#8221; position_origin_f=&#8221;top_right&#8221; z_index=&#8221;100&#8243; width=&#8221;50%&#8221; width_tablet=&#8221;50%&#8221; width_phone=&#8221;100%&#8221; width_last_edited=&#8221;on|phone&#8221; height=&#8221;100vh&#8221; global_colors_info=&#8221;{}&#8221;]<div class=\"trip-overlay\"><div class=\"trip-title\"><h1>G\u00f6r dig redo<\/h1><\/div><\/div>[\/et_pb_fullwidth_code][et_pb_fullwidth_slider show_arrows=&#8221;off&#8221; admin_label=&#8221;Slider Images&#8221; module_id=&#8221;slider-images&#8221; _builder_version=&#8221;4.17.6&#8243; _module_preset=&#8221;default&#8221; height=&#8221;100vh&#8221; auto=&#8221;on&#8221; global_colors_info=&#8221;{}&#8221;][et_pb_slide _builder_version=&#8221;4.17.6&#8243; _module_preset=&#8221;default&#8221; background_color=&#8221;RGBA(255,255,255,0)&#8221; background_enable_color=&#8221;on&#8221; background_image=&#8221;https:\/\/www.myvacaya.com\/wp-content\/uploads\/2022\/09\/get-ready.jpg&#8221; background_enable_image=&#8221;on&#8221; background_last_edited=&#8221;on|desktop&#8221; background_image_phone=&#8221;https:\/\/www.myvacaya.com\/wp-content\/uploads\/2022\/11\/get-ready-mobile-414&#215;500-1.jpg&#8221; background_enable_image_phone=&#8221;on&#8221; global_colors_info=&#8221;{}&#8221; sticky_transition=&#8221;on&#8221;][\/et_pb_slide][\/et_pb_fullwidth_slider][\/et_pb_section][et_pb_section fb_built=&#8221;1&#8243; custom_padding_last_edited=&#8221;on|phone&#8221; _builder_version=&#8221;4.17.6&#8243; _module_preset=&#8221;default&#8221; custom_padding=&#8221;||||false|false&#8221; custom_padding_tablet=&#8221;||||false|false&#8221; custom_padding_phone=&#8221;||||false|false&#8221; global_colors_info=&#8221;{}&#8221;][et_pb_row custom_padding_last_edited=&#8221;on|desktop&#8221; _builder_version=&#8221;4.17.6&#8243; _module_preset=&#8221;default&#8221; custom_padding=&#8221;||||false|false&#8221; custom_padding_tablet=&#8221;||||false|false&#8221; custom_padding_phone=&#8221;||||false|false&#8221; global_colors_info=&#8221;{}&#8221;][et_pb_column type=&#8221;4_4&#8243; _builder_version=&#8221;4.17.6&#8243; _module_preset=&#8221;default&#8221; global_colors_info=&#8221;{}&#8221;][et_pb_text admin_label=&#8221;Section Title &#8211; H2&#8243; _builder_version=&#8221;4.17.6&#8243; _module_preset=&#8221;default&#8221; text_letter_spacing=&#8221;1.8px&#8221; text_line_height=&#8221;22px&#8221; header_2_font=&#8221;Futura Bold|||on|||||&#8221; header_2_text_align=&#8221;center&#8221; header_2_text_color=&#8221;#000000&#8243; header_2_font_size=&#8221;30px&#8221; header_2_letter_spacing=&#8221;1.8px&#8221; header_2_line_height=&#8221;36px&#8221; header_3_font=&#8221;Futura Bold|||on|||||&#8221; header_3_text_align=&#8221;center&#8221; header_3_text_color=&#8221;#000000&#8243; header_3_font_size=&#8221;18px&#8221; header_3_letter_spacing=&#8221;1.8px&#8221; header_3_line_height=&#8221;24px&#8221; custom_margin=&#8221;||||false|false&#8221; custom_padding=&#8221;||||false|false&#8221; custom_padding_tablet=&#8221;||||false|false&#8221; custom_padding_phone=&#8221;||||false|false&#8221; custom_padding_last_edited=&#8221;on|phone&#8221; global_colors_info=&#8221;{}&#8221;]<\/p>\n<h2>V\u00e5rt uppdrag \u00e4r att se till att du har alla verktyg<br \/> n\u00f6dv\u00e4ndigt f\u00f6r att njuta av din semester med oss<\/h2>\n<p>[\/et_pb_text][et_pb_text admin_label=&#8221;Text&#8221; _builder_version=&#8221;4.23.4&#8243; _module_preset=&#8221;default&#8221; custom_margin=&#8221;||||false|false&#8221; custom_margin_tablet=&#8221;||||false|false&#8221; custom_margin_phone=&#8221;||||false|false&#8221; custom_margin_last_edited=&#8221;on|phone&#8221; global_colors_info=&#8221;{}&#8221;]<\/p>\n<p>Vi ger dig all information du beh\u00f6ver \u2013 fr\u00e5n festteman till en f\u00f6rhandsvisning av underh\u00e5llning \u2013 l\u00e5ngt innan semestern b\u00f6rjar. Dessutom kommer vi att samarbeta med dig under hela din upplevelse f\u00f6re och efter semestern. Du hj\u00e4lper oss att designa och implementera v\u00e5ra resespecifika v\u00e4lg\u00f6renhetsinitiativ. Och i t\u00e4vlingar i <em>V\u00e4lj-ditt-eget-\u00e4ventyr<\/em> -stil, hj\u00e4lper du ocks\u00e5 till att skriva en del av manuset f\u00f6r din VACAYA-kryssning eller semesterort.<\/p>\n<p>[\/et_pb_text][\/et_pb_column][\/et_pb_row][et_pb_row column_structure=&#8221;1_3,1_3,1_3&#8243; _builder_version=&#8221;4.23.4&#8243; _module_preset=&#8221;default&#8221; global_colors_info=&#8221;{}&#8221;][et_pb_column type=&#8221;1_3&#8243; _builder_version=&#8221;4.23.4&#8243; _module_preset=&#8221;default&#8221; global_colors_info=&#8221;{}&#8221;][et_pb_text admin_label=&#8221;Section Title &#8211; H3&#8243; _builder_version=&#8221;4.23.4&#8243; _module_preset=&#8221;default&#8221; header_3_font=&#8221;Futura Bold|||on|||||&#8221; header_3_text_align=&#8221;center&#8221; header_3_text_color=&#8221;#000000&#8243; header_3_font_size=&#8221;18px&#8221; header_3_letter_spacing=&#8221;1.8px&#8221; header_3_line_height=&#8221;24px&#8221; custom_margin=&#8221;||||false|false&#8221; custom_margin_tablet=&#8221;||||false|false&#8221; custom_margin_phone=&#8221;||||false|false&#8221; custom_margin_last_edited=&#8221;on|phone&#8221; custom_padding=&#8221;||||false|false&#8221; global_colors_info=&#8221;{}&#8221;]<\/p>\n<h3>Cirka 120 dagar innan din resa<\/h3>\n<p>[\/et_pb_text][et_pb_text _builder_version=&#8221;4.23.4&#8243; _module_preset=&#8221;default&#8221; global_colors_info=&#8221;{}&#8221;]<\/p>\n<p>Vi har arbetat i flera m\u00e5nader med att f\u00e5 ihop allt \u00e5t dig och vi kan inte beh\u00e5lla det l\u00e4ngre! Om du \u00e4r som oss vet vi att du l\u00e4ngtar efter att b\u00f6rja g\u00f6ra dig redo f\u00f6r din resa. S\u00e5 ungef\u00e4r fyra m\u00e5nader f\u00f6re din semester <strong>kommer vi att tillk\u00e4nnage v\u00e5ra festteman<\/strong> f\u00f6r v\u00e5ra semestrar p\u00e5 stora fartyg och resorter. <strong>*<\/strong> Vi vill eliminera stressen med att beh\u00f6va fundera i sista minuten p\u00e5 vad du ska ha p\u00e5 dig, s\u00e5 att du har gott om tid att b\u00f6rja t\u00e4nka p\u00e5 och shoppa dina fantastiska individuella och gruppdr\u00e4kter. Naturligtvis kr\u00e4vs aldrig kostymer, men utan tvekan bidrar de till det roliga!<\/p>\n<p>[\/et_pb_text][\/et_pb_column][et_pb_column type=&#8221;1_3&#8243; _builder_version=&#8221;4.23.4&#8243; _module_preset=&#8221;default&#8221; global_colors_info=&#8221;{}&#8221;][et_pb_text admin_label=&#8221;Section Title &#8211; H3&#8243; _builder_version=&#8221;4.23.4&#8243; _module_preset=&#8221;default&#8221; header_3_font=&#8221;Futura Bold|||on|||||&#8221; header_3_text_align=&#8221;center&#8221; header_3_text_color=&#8221;#000000&#8243; header_3_font_size=&#8221;18px&#8221; header_3_letter_spacing=&#8221;1.8px&#8221; header_3_line_height=&#8221;24px&#8221; custom_margin=&#8221;||||false|false&#8221; custom_margin_tablet=&#8221;||||false|false&#8221; custom_margin_phone=&#8221;||||false|false&#8221; custom_margin_last_edited=&#8221;on|phone&#8221; custom_padding=&#8221;||||false|false&#8221; global_colors_info=&#8221;{}&#8221;]<\/p>\n<h3>Cirka 45 dagar innan din resa<\/h3>\n<p>[\/et_pb_text][et_pb_text _builder_version=&#8221;4.23.4&#8243; _module_preset=&#8221;default&#8221; global_colors_info=&#8221;{}&#8221;]<\/p>\n<p><strong>VACAYA Storfartygskryssningar:<\/strong> Ungef\u00e4r 45 dagar <strong>**<\/strong> f\u00f6re din kryssning \u00e4r det dags f\u00f6r nedr\u00e4kningen till din semester <em>p\u00e5 riktigt<\/em> ! Vi har skickat in v\u00e5rt sista manifest till kryssningsrederiet och <strong>ditt officiella bokningsnummer kommer att genereras och ges till dig inom 45 dagar .<\/strong> Ditt bokningsnummer \u00e4r nyckeln till att f\u00e5 ihop allt i f\u00f6rv\u00e4g, inklusive att boka spam\u00f6ten, boka landutflykter och hitta precis r\u00e4tt tid f\u00f6r att njuta av en av v\u00e5ra fina restauranger. Och, naturligtvis, om du inte \u00e4r en planerare, har du m\u00f6jlighet att boka m\u00e5nga av dessa extrafunktioner ombord. Men kom ih\u00e5g&#8230; n\u00e4stan allt \u00e4r baserat p\u00e5 f\u00f6rst till kvarn-regeln, s\u00e5 du vill skaffa dem medan det g\u00e5r bra!<\/p>\n<p><strong>VACAYA Resorts &amp; Tours:<\/strong> F\u00f6r v\u00e5ra resort- och turn\u00e9program (som inte har motsvarande &#8221;bokningsnummer&#8221;) sl\u00e4pper vi programspecifik information cirka 45 dagar f\u00f6re semesterevenemanget.<\/p>\n<p><strong>VACAYA Sm\u00e5fartygskryssningar:<\/strong> F\u00f6r v\u00e5ra sm\u00e5fartygsprogram (som varierar mycket beroende p\u00e5 vilket kryssningsrederi vi arbetar med), sl\u00e4pper vi programspecifik information cirka 45 dagar f\u00f6re din semester.<\/p>\n<p>F\u00f6r en djupare f\u00f6rst\u00e5else av skillnaderna mellan v\u00e5ra Big-Ship, Small-Ship och Resorts &amp; Tours-upplevelser, <a href=\"https:\/\/www.myvacaya.com\/sv\/upptack\/vacaya-upplevelser\/\" target=\"_blank\" rel=\"noopener\">UTFORSKA H\u00c4R<\/a> .<\/p>\n<p>[\/et_pb_text][\/et_pb_column][et_pb_column type=&#8221;1_3&#8243; _builder_version=&#8221;4.23.4&#8243; _module_preset=&#8221;default&#8221; global_colors_info=&#8221;{}&#8221;][et_pb_text admin_label=&#8221;Section Title &#8211; H3&#8243; _builder_version=&#8221;4.23.4&#8243; _module_preset=&#8221;default&#8221; header_3_font=&#8221;Futura Bold|||on|||||&#8221; header_3_text_align=&#8221;center&#8221; header_3_text_color=&#8221;#000000&#8243; header_3_font_size=&#8221;18px&#8221; header_3_letter_spacing=&#8221;1.8px&#8221; header_3_line_height=&#8221;24px&#8221; custom_margin=&#8221;||||false|false&#8221; custom_margin_tablet=&#8221;||||false|false&#8221; custom_margin_phone=&#8221;||||false|false&#8221; custom_margin_last_edited=&#8221;on|phone&#8221; custom_padding=&#8221;||||false|false&#8221; global_colors_info=&#8221;{}&#8221;]<\/p>\n<h3>Den sista nedr\u00e4kningen<\/h3>\n<p>[\/et_pb_text][et_pb_text _builder_version=&#8221;4.23.4&#8243; _module_preset=&#8221;default&#8221; global_colors_info=&#8221;{}&#8221;]<\/p>\n<p>Under de senaste <strong>30 dagarna innan din resa<\/strong> vet vi att du kommer att b\u00f6rja BRUSTA av sp\u00e4nning n\u00e4r vi delar en f\u00f6rhandsvisning av underh\u00e5llning och aktiviteterna som kommer att v\u00e4cka liv i din VACAYA-upplevelse!<\/p>\n<p>Se till att h\u00e5lla ett \u00f6ga p\u00e5 din inkorg under denna period. Vi kommer att kommunicera viktig information till dig via e-post som med all s\u00e4kerhet kommer att berika din resa. Dessutom \u00e4r din resas Get Ready-sida (som du kan komma \u00e5t genom att klicka p\u00e5 din resa fr\u00e5n listan nedan) din go-to-source f\u00f6r all viktig information om din semester. Ett e-postarkiv finns ocks\u00e5 p\u00e5 varje Get Ready-sida. Vi lagrar alla v\u00e5ra tj\u00e4nste-e-postmeddelanden till g\u00e4ster i detta arkiv. S\u00e5 om du k\u00e4mpar f\u00f6r att hitta ett gammalt e-postmeddelande kan du alltid leta h\u00e4r f\u00f6r att bli uppdaterad.  <\/p>\n<p>[\/et_pb_text][\/et_pb_column][\/et_pb_row][et_pb_row _builder_version=&#8221;4.17.6&#8243; _module_preset=&#8221;default&#8221; global_colors_info=&#8221;{}&#8221;][et_pb_column type=&#8221;4_4&#8243; _builder_version=&#8221;4.17.6&#8243; _module_preset=&#8221;default&#8221; global_colors_info=&#8221;{}&#8221;][et_pb_text _builder_version=&#8221;4.23.4&#8243; _module_preset=&#8221;default&#8221; custom_padding=&#8221;2.5%|10%|2.5%|10%|false|false&#8221; hover_enabled=&#8221;0&#8243; border_width_all=&#8221;1px&#8221; border_color_all=&#8221;#000000&#8243; global_colors_info=&#8221;{}&#8221; sticky_enabled=&#8221;0&#8243;]<\/p>\n<p style=\"font-weight: 400;\"><strong>*En viktig anm\u00e4rkning om VACAYAs signaturfester: Hj\u00e4rtslaget i din destinationsupplevelse!<\/strong><\/p>\n<p style=\"font-weight: 400;\">Oavsett om du seglar p\u00e5 \u00f6ppet hav eller utforskar exotiska semesterorter, tror vi p\u00e5 VACAYA att v\u00e5ra fester \u00e4r sj\u00e4len i ditt \u00e4ventyr. Varje resetyp har sina egna signaturfestligheter, utformade f\u00f6r att f\u00f6ra alla samman, fira och skapa of\u00f6rgl\u00f6mliga minnen. H\u00e4r \u00e4r en titt p\u00e5 vad du kan f\u00f6rv\u00e4nta dig med varje VACAYA-resetyp\u2026  <\/p>\n<p>&nbsp;<\/p>\n<p style=\"font-weight: 400;\"><strong>STORA FARTYGSKRYSNINGAR: S\u00e4tt segel f\u00f6r firande!<\/strong><\/p>\n<p style=\"font-weight: 400;\"><strong>Natt 1 \u2013 DETTA \u00c4R JAG<\/strong><br \/> Kickstarta med stil! B\u00e4r n\u00e5got som visar andra vem du \u00e4r och var du kommer ifr\u00e5n. <\/p>\n<p style=\"font-weight: 400;\"><strong>Dag 2 \u2013 V\u00e5r f\u00f6rsta V-dans (eftermiddagsfest): STOPLYKTSFEST<\/strong><br \/> Ett f\u00e4rgglatt s\u00e4tt att mingla! Singel och redo att mingla? Bli GR\u00d6N! Bara h\u00e4r f\u00f6r att chilla och tr\u00e4ffa platoniska v\u00e4nner? B\u00e4r R\u00d6TT. N\u00e5gonstans magiskt mittemellan? GULT \u00e4r din f\u00e4rg f\u00f6r att ber\u00e4tta historien.<\/p>\n<p><strong>P\u00e5 en slumpm\u00e4ssig dag eller kv\u00e4ll \u2013 V\u00c4LJ DIN EGEN \u00c4VENTYRSFEST<\/strong><br \/> V\u00e5r CYOA-FEST \u00e4r DIN chans att best\u00e4mma festens tema. Vi tar emot onlinebidrag fr\u00e5n alla och sedan v\u00e4ljer cruisers det vinnande festtemat fr\u00e5n V-teamets lista \u00f6ver finalister. <\/p>\n<p style=\"font-weight: 400;\"><strong>Kv\u00e4ll 5 \u2013 EN &#8221;F\u00c4RG&#8221;-FEST<\/strong><br \/> Historiskt sett har detta varit ett R\u00d6TT FEST, men vi g\u00e5r vidare! S\u00e5, p\u00e5 varje 7-n\u00e4tters VACAYA-kryssning med ett stort fartyg, kommer v\u00e5r st\u00f6rsta fest den h\u00e4r veckan, kv\u00e4ll 5, att explodera med f\u00e4rg n\u00e4r vi bjuder in Vacayan-g\u00e4ster att kl\u00e4 sig f\u00f6r att imponera i en enda nyans, vilket f\u00f6rvandlar hela fartyget till ett hav av livfullt sj\u00e4lvuttryck och kontakt. Bl\u00e5tt kan framkalla oceanisk coolhet och denimfantasi. Lila kunde kanalisera kunglig glamour och disco-majest\u00e4t. Eller s\u00e5 kan Orange skapa eldig gl\u00e4dje med tropiska solnedg\u00e5ngsvibbar och dj\u00e4rv retrok\u00e4nsla. Ert V-team v\u00e4ljer resans utvalda f\u00e4rg och den kommer att meddelas 120 dagar f\u00f6re avf\u00e4rden.<\/p>\n<p style=\"font-weight: 400;\"><strong>Dag 7 \u2013 Sista V-dansen: HON \u00c4R EN RORA!<\/strong><br \/>Kl\u00e4 dig ut som en h\u00e4rlig blandning av veckans dr\u00e4kter, med ett plagg fr\u00e5n var och en av dina tidigare dr\u00e4kter. Var s\u00e5 lekfull och f\u00e5nig som du vill, d\u00e5 v\u00e5r favorit-V-dans f\u00f6r veckan ger en perfekt avslutning p\u00e5 din kryssning! <\/p>\n<p style=\"font-weight: 400;\">Ut\u00f6ver dessa signaturfiranden inspireras andra fester av h\u00e4ndelser \u2013 fr\u00e5n OS till h\u00f6gtidsfiranden \u2013 som f\u00f6r\u00e4ndras med varje \u00e4ventyr. De \u00e5terst\u00e5ende festteman tillk\u00e4nnages 120 dagar f\u00f6re kryssningens start. <\/p>\n<p>&nbsp;<\/p>\n<p style=\"font-weight: 400;\"><strong>RESORTS: Ditt hem hemifr\u00e5n, det b\u00e4sta nattlivet!<\/strong><strong> <\/strong><\/p>\n<p style=\"font-weight: 400;\"><strong>Natt 1 \u2013 DETTA \u00c4R JAG<\/strong><br \/> Samma som p\u00e5 kryssningsfartyg\u2026 visa vem du \u00e4r med en rolig outfit som v\u00e4cker samtal.<\/p>\n<p style=\"font-weight: 400;\"><strong>Dag 2 \u2013 STOPLYKTSFEST<\/strong><br \/> Samma f\u00e4rger som kryssningen \u2013 gr\u00f6nt f\u00f6r singlar, r\u00f6tt f\u00f6r v\u00e4nner, gult f\u00f6r dem som reser mittemellan.<\/p>\n<p style=\"font-weight: 400;\"><strong>Vanligtvis dag 4 eller dag 7 \u2013 BOKSTAV V-DANS<\/strong><br \/> Vi v\u00e4ljer en bokstav i alfabetet, och du och dina v\u00e4nner kan v\u00e4lja utkl\u00e4dnader som b\u00f6rjar med den bokstaven. Enkelt och roligt! <\/p>\n<p style=\"font-weight: 400;\">Alla andra festteman best\u00e4ms av ert V-team och publiceras 120 dagar f\u00f6re evenemangets start.<\/p>\n<p style=\"font-weight: 400;\"><strong> <\/strong><\/p>\n<p style=\"font-weight: 400;\"><strong>Kryssningar med sm\u00e5 fartyg: Intimt och lekfullt<\/strong><\/p>\n<p style=\"font-weight: 400;\">\u00c4ven om atmosf\u00e4ren h\u00e4r \u00e4r mer cocktailparty-chic, \u00e4lskar vi fortfarande en touch av kostymkul!<\/p>\n<p style=\"font-weight: 400;\"><strong>Natt 1 \u2013 DETTA \u00c4R JAG<\/strong><br \/> Anpassa din look och presentera dig sj\u00e4lv med stil.<\/p>\n<p style=\"font-weight: 400;\"><strong>Slumpm\u00e4ssig kv\u00e4ll \u2013 BADROCKSKV\u00c4LL!<\/strong><br \/>Ta med dig den mysiga morgonrocken fr\u00e5n din hytt, komplettera den med saker hemifr\u00e5n och b\u00e4r den hela kv\u00e4llen med b\u00f6rjan klockan 18.00. Den h\u00e4r kv\u00e4llen slutar ofta med att alla sl\u00e4pper sina morgonrockar och njuter av en fr\u00e4ck <strong>UNDERKL\u00c4DSFEST.<\/strong> <\/p>\n<p>Ut\u00f6ver dessa tv\u00e5 kv\u00e4llar brukar vi \u00e4ven introducera tv\u00e5 eller tre \u00e5rtiondeinspirerade musikkv\u00e4llar (till exempel en <strong>80-talsfest<\/strong> ).<\/p>\n<p>&nbsp;<\/p>\n<p style=\"font-weight: 400;\"><strong>TURER: Utforskningar utan kostymkaos!<\/strong><\/p>\n<p style=\"font-weight: 400;\">De flesta av v\u00e5ra destinationsfokuserade resor handlar om uppt\u00e4cktsf\u00e4rder, l\u00e5ngt fr\u00e5n festliga terr\u00e4nger. Ni kanske njuter av en gruppmiddag eller cocktails, men det finns ingen anledning att packa kostymer. Ta bara med er \u00e4ventyrslust!  <\/p>\n<p>&nbsp;<\/p>\n<p style=\"font-weight: 400;\">Oavsett resetyp \u00e4r VACAYAs signaturfester din chans att knyta an, dansa, fnissa och fira allt som g\u00f6r din resa extraordin\u00e4r. S\u00e5 l\u00e5t oss skapa n\u00e5gra of\u00f6rgl\u00f6mliga minnen\u2026 en signaturfest i taget! <\/p>\n<p>[\/et_pb_text][et_pb_text _builder_version=&#8221;4.23.4&#8243; _module_preset=&#8221;default&#8221; custom_padding=&#8221;2.5%|10%|2.5%|10%|false|false&#8221; border_width_all=&#8221;1px&#8221; border_color_all=&#8221;#000000&#8243; global_colors_info=&#8221;{}&#8221;]<\/p>\n<p><strong><span class=\"yellow\">**<\/span> Observera:<\/strong><br \/> VACAYA samarbetar med alla st\u00f6rre kryssningsrederier och vissa \u00f6ppnar inte online-registreringen f\u00f6rr\u00e4n n\u00e4rmare avg\u00e5ngsdatumet. Vi kommer naturligtvis att kommunicera detta till dig fr\u00e5n f\u00f6rsta b\u00f6rjan om s\u00e5 \u00e4r fallet med ett visst program. Du kommer att ha en full f\u00f6rst\u00e5else f\u00f6r den f\u00f6rv\u00e4ntade tidslinjen fr\u00e5n det \u00f6gonblick du bokar hos oss.<\/p>\n<p>[\/et_pb_text][et_pb_text _builder_version=&#8221;4.17.6&#8243; _module_preset=&#8221;default&#8221; custom_margin=&#8221;4%||||false|false&#8221; custom_padding=&#8221;2.5%|10%|2.5%|10%|false|false&#8221; border_width_all=&#8221;1px&#8221; border_color_all=&#8221;#000000&#8243; global_colors_info=&#8221;{}&#8221;]<div id=\"ajax-load-more\" class=\"ajax-load-more-wrap default\" data-id=\"experience-items\" data-alm-id=\"\" data-canonical-url=\"https:\/\/www.myvacaya.com\/sv\/gor-dig-redo\/\" data-slug=\"gor-dig-redo\" data-post-id=\"62534\"  data-localized=\"ajax_load_more_experience_items_vars\" data-alm-object=\"ajax_load_more_experience_items\"><ul aria-live=\"polite\" aria-atomic=\"true\" class=\"alm-listing alm-ajax\" data-container-type=\"ul\" data-loading-style=\"default\" data-repeater=\"template_5\" data-post-type=\"trip\" data-meta-key=\"show_trip_tile\" data-meta-value=\"1\" data-custom-args=\"post_parent: 0\" data-order=\"ASC\" data-orderby=\"date\" data-offset=\"0\" data-posts-per-page=\"20\" data-lang=\"sv\" data-scroll=\"false\" data-button-label=\"Load More\" data-prev-button-label=\"Load Previous\" data-destroy-after=\"1\"><\/ul><div class=\"alm-btn-wrap\" data-rel=\"ajax-load-more\"><button class=\"alm-load-more-btn\" type=\"button\">Load More<\/button><\/div><\/div>[\/et_pb_text][\/et_pb_column][\/et_pb_row][\/et_pb_section][et_pb_section fb_built=&#8221;1&#8243; admin_label=&#8221;Side to Side&#8221; _builder_version=&#8221;4.17.6&#8243; _module_preset=&#8221;default&#8221; custom_padding=&#8221;0%||0%||false|false&#8221; global_colors_info=&#8221;{}&#8221;][et_pb_row use_custom_gutter=&#8221;on&#8221; make_equal=&#8221;on&#8221; custom_padding_last_edited=&#8221;on|tablet&#8221; admin_label=&#8221;Sida till sida rad&#8221; module_class=&#8221;social-media-header side-by-side&#8221; _builder_version=&#8221;4.17.6&#8243; _module_preset=&#8221;default&#8221; background_image=&#8221;https:\/\/www.myvacaya.com\/wp-content\/uploads\/2022\/09\/social-media-full-size.png&#8221; parallax=&#8221;on&#8221; width=&#8221;100%&#8221; height=&#8221;600px&#8221; height_tablet=&#8221;600px&#8221; height_phone=&#8221;auto&#8221; height_last_edited=&#8221;on|phone&#8221; custom_padding=&#8221;20%||20%||false|false&#8221; custom_padding_tablet=&#8221;20%||20%||false|false&#8221; custom_padding_phone=&#8221;20%||20%||false|false&#8221; custom_css_main_element=&#8221;margin: auto;&#8221; global_colors_info=&#8221;{}&#8221;][et_pb_column type=&#8221;4_4&#8243; _builder_version=&#8221;4.17.6&#8243; _module_preset=&#8221;default&#8221; custom_css_main_element=&#8221;display: flex;||flex-direction: column;||justify-content: center;&#8221; global_colors_info=&#8221;{}&#8221;][et_pb_text admin_label=&#8221;Side to Side Text&#8221; _builder_version=&#8221;4.17.6&#8243; _module_preset=&#8221;default&#8221; header_3_font=&#8221;Northwell Alt||||||||&#8221; header_3_text_align=&#8221;center&#8221; header_3_text_color=&#8221;#FFFFFF&#8221; header_3_font_size=&#8221;150px&#8221; header_3_line_height=&#8221;153px&#8221; custom_margin_tablet=&#8221;&#8221; custom_margin_phone=&#8221;&#8221; custom_margin_last_edited=&#8221;on|phone&#8221; scroll_fade_enable=&#8221;on&#8221; scroll_blur_enable=&#8221;on&#8221; header_3_font_size_tablet=&#8221;150px&#8221; header_3_font_size_phone=&#8221;40px&#8221; header_3_font_size_last_edited=&#8221;on|phone&#8221; header_3_line_height_tablet=&#8221;153px&#8221; header_3_line_height_phone=&#8221;43px&#8221; header_3_line_height_last_edited=&#8221;on|phone&#8221; global_colors_info=&#8221;{}&#8221;]<\/p>\n<h3>L\u00e4tt var aldrig<br \/>\n detta roliga<\/h3>\n<p>[\/et_pb_text][\/et_pb_column][\/et_pb_row][\/et_pb_section]<\/p>\n","protected":false},"excerpt":{"rendered":"<p><div class=\"trip-overlay\"><div class=\"trip-title\"><h1>Resebrickor med titel &#8211; Endast kryssningar<\/h1><\/div><\/div>V\u00e5rt uppdrag \u00e4r att se till att du har alla verktyg n\u00f6dv\u00e4ndigt f\u00f6r att njuta av din semester med ossVi ger dig all information du beh\u00f6ver \u2013 fr\u00e5n festteman till en f\u00f6rhandsvisning av underh\u00e5llning \u2013 l\u00e5ngt innan semestern b\u00f6rjar. Dessutom kommer vi att samarbeta med dig under hela din upplevelse f\u00f6re och efter semestern. Du [&hellip;]<\/p>\n","protected":false},"author":1,"featured_media":0,"parent":0,"menu_order":0,"comment_status":"closed","ping_status":"closed","template":"","meta":{"_acf_changed":false,"_et_pb_use_builder":"on","_et_pb_old_content":"","_et_gb_content_width":"","_monsterinsights_skip_tracking":false,"_monsterinsights_sitenote_active":false,"_monsterinsights_sitenote_note":"","_monsterinsights_sitenote_category":0,"footnotes":""},"class_list":["post-62534","page","type-page","status-publish","hentry"],"acf":[],"_links":{"self":[{"href":"https:\/\/www.myvacaya.com\/sv\/wp-json\/wp\/v2\/pages\/62534","targetHints":{"allow":["GET"]}}],"collection":[{"href":"https:\/\/www.myvacaya.com\/sv\/wp-json\/wp\/v2\/pages"}],"about":[{"href":"https:\/\/www.myvacaya.com\/sv\/wp-json\/wp\/v2\/types\/page"}],"author":[{"embeddable":true,"href":"https:\/\/www.myvacaya.com\/sv\/wp-json\/wp\/v2\/users\/1"}],"replies":[{"embeddable":true,"href":"https:\/\/www.myvacaya.com\/sv\/wp-json\/wp\/v2\/comments?post=62534"}],"version-history":[{"count":34,"href":"https:\/\/www.myvacaya.com\/sv\/wp-json\/wp\/v2\/pages\/62534\/revisions"}],"predecessor-version":[{"id":187078,"href":"https:\/\/www.myvacaya.com\/sv\/wp-json\/wp\/v2\/pages\/62534\/revisions\/187078"}],"wp:attachment":[{"href":"https:\/\/www.myvacaya.com\/sv\/wp-json\/wp\/v2\/media?parent=62534"}],"curies":[{"name":"wp","href":"https:\/\/api.w.org\/{rel}","templated":true}]}}