{"id":181183,"date":"2025-04-23T11:22:56","date_gmt":"2025-04-23T15:22:56","guid":{"rendered":"https:\/\/www.myvacaya.com\/valkommen-slay-rangers\/"},"modified":"2025-04-23T11:50:05","modified_gmt":"2025-04-23T15:50:05","slug":"valkommen-slay-rangers","status":"publish","type":"page","link":"https:\/\/www.myvacaya.com\/sv\/valkommen-slay-rangers\/","title":{"rendered":"V\u00c4LKOMMEN SLAY RANGERS!"},"content":{"rendered":"<p>[et_pb_section fb_built=&#8221;1&#8243; fullwidth=&#8221;on&#8221; admin_label=&#8221;Slider&#8221; module_id=&#8221;slider-sektion-inredning&#8221; _builder_version=&#8221;4.17.6&#8243; _module_preset=&#8221;default&#8221; background_enable_image=&#8221;off&#8221; global_colors_info=&#8221;{}&#8221;][et_pb_fullwidth_code admin_label=&#8221;Slider Overlay&#8221; module_class=&#8221;interior-page-overlay&#8221; _builder_version=&#8221;4.17.6&#8243; _module_preset=&#8221;default&#8221; positioning=&#8221;absolute&#8221; position_origin_a=&#8221;top_right&#8221; position_origin_f=&#8221;top_right&#8221; z_index=&#8221;100&#8243; width=&#8221;50%&#8221; width_tablet=&#8221;50%&#8221; width_phone=&#8221;100%&#8221; width_last_edited=&#8221;on|phone&#8221; height=&#8221;100vh&#8221; global_colors_info=&#8221;{}&#8221;]<div class=\"trip-overlay\"><div class=\"trip-title\"><h1>V\u00c4LKOMMEN SLAY RANGERS!<\/h1><\/div><\/div>[\/et_pb_fullwidth_code][et_pb_fullwidth_slider show_arrows=&#8221;off&#8221; admin_label=&#8221;Slider Images&#8221; module_id=&#8221;slider-images&#8221; _builder_version=&#8221;4.23.4&#8243; _module_preset=&#8221;default&#8221; height=&#8221;100vh&#8221; auto=&#8221;on&#8221; global_colors_info=&#8221;{}&#8221;][et_pb_slide _builder_version=&#8221;4.23.4&#8243; _module_preset=&#8221;default&#8221; background_color=&#8221;RGBA(255,255,255,0)&#8221; background_enable_color=&#8221;on&#8221; background_image=&#8221;https:\/\/www.myvacaya.com\/wp-content\/uploads\/2025\/04\/Mexico-DD-Desktop-Hero-1920&#215;1020-1.jpg&#8221; background_enable_image=&#8221;on&#8221; background_last_edited=&#8221;on|phone&#8221; background_image_phone=&#8221;https:\/\/www.myvacaya.com\/wp-content\/uploads\/2025\/04\/Mexico-DD-Mobile-Hero-1080&#215;1920-1.jpg&#8221; background_enable_image_phone=&#8221;on&#8221; global_colors_info=&#8221;{}&#8221; sticky_transition=&#8221;on&#8221;][\/et_pb_slide][\/et_pb_fullwidth_slider][\/et_pb_section][et_pb_section fb_built=&#8221;1&#8243; custom_padding_last_edited=&#8221;on|phone&#8221; _builder_version=&#8221;4.17.6&#8243; _module_preset=&#8221;default&#8221; custom_padding=&#8221;||||false|false&#8221; custom_padding_tablet=&#8221;||||false|false&#8221; custom_padding_phone=&#8221;||||false|false&#8221; global_colors_info=&#8221;{}&#8221;][et_pb_row custom_padding_last_edited=&#8221;on|desktop&#8221; _builder_version=&#8221;4.17.6&#8243; _module_preset=&#8221;default&#8221; custom_padding=&#8221;||||false|false&#8221; custom_padding_tablet=&#8221;||||false|false&#8221; custom_padding_phone=&#8221;||||false|false&#8221; global_colors_info=&#8221;{}&#8221;][et_pb_column type=&#8221;4_4&#8243; _builder_version=&#8221;4.17.6&#8243; _module_preset=&#8221;default&#8221; global_colors_info=&#8221;{}&#8221;][et_pb_text admin_label=&#8221;Section Title &#8211; H2&#8243; _builder_version=&#8221;4.23.4&#8243; _module_preset=&#8221;default&#8221; text_letter_spacing=&#8221;1.8px&#8221; text_line_height=&#8221;22px&#8221; header_2_font=&#8221;Futura Bold|||on|||||&#8221; header_2_text_align=&#8221;center&#8221; header_2_text_color=&#8221;#000000&#8243; header_2_font_size=&#8221;30px&#8221; header_2_letter_spacing=&#8221;1.8px&#8221; header_2_line_height=&#8221;36px&#8221; header_3_font=&#8221;Futura Bold|||on|||||&#8221; header_3_text_align=&#8221;center&#8221; header_3_text_color=&#8221;#000000&#8243; header_3_font_size=&#8221;18px&#8221; header_3_letter_spacing=&#8221;1.8px&#8221; header_3_line_height=&#8221;24px&#8221; custom_margin=&#8221;||||false|false&#8221; custom_padding=&#8221;||||false|false&#8221; custom_padding_tablet=&#8221;||||false|false&#8221; custom_padding_phone=&#8221;||||false|false&#8221; custom_padding_last_edited=&#8221;on|phone&#8221; global_colors_info=&#8221;{}&#8221;]<\/p>\n<h2>The Ultimate Gaymer Quest v\u00e4ntar p\u00e5 Camp VACAYA<\/h2>\n<p>[\/et_pb_text][dmpro_carousel columns=&#8221;2&#8243; space_between=&#8221;35&#8243; container_padding=&#8221;4%|0%|4%|2%|false|false&#8221; loop=&#8221;on&#8221; autoplay=&#8221;on&#8221; pause_on_hover=&#8221;off&#8221; navigation=&#8221;on&#8221; navigation_prev_icon_yn=&#8221;on&#8221; navigation_prev_icon=&#8221;&#x34;||divi||400&#8243; navigation_next_icon_yn=&#8221;on&#8221; navigation_next_icon=&#8221;&#x35;||divi||400&#8243; navigation_color=&#8221;#000000&#8243; columns_tablet=&#8221;3&#8243; columns_phone=&#8221;1&#8243; columns_last_edited=&#8221;on|phone&#8221; container_padding_tablet=&#8221;&#8221; container_padding_phone=&#8221;||0%||false|false&#8221; container_padding_last_edited=&#8221;on|phone&#8221; _builder_version=&#8221;4.23.4&#8243; _module_preset=&#8221;default&#8221; title_font=&#8221;Futura Bold||||||||&#8221; title_font_size=&#8221;18px&#8221; title_letter_spacing=&#8221;0.1em&#8221; title_line_height=&#8221;24px&#8221; hover_transition_speed_curve=&#8221;ease-in&#8221; scroll_fade_enable=&#8221;on&#8221; global_colors_info=&#8221;{}&#8221;][dmpro_carousel_child title=&#8221;DD1&#8243; img_src=&#8221;https:\/\/www.myvacaya.com\/wp-content\/uploads\/2025\/04\/1.-DD-Carousel.jpg&#8221; text_title=&#8221;DD1&#8243; _builder_version=&#8221;4.23.4&#8243; _module_preset=&#8221;default&#8221; title_font_size=&#8221;24px&#8221; title_line_height=&#8221;27px&#8221; global_colors_info=&#8221;{}&#8221;][\/dmpro_carousel_child][dmpro_carousel_child title=&#8221;DD2&#8243; img_src=&#8221;https:\/\/www.myvacaya.com\/wp-content\/uploads\/2025\/04\/2.-DD-Carousel.jpg&#8221; text_title=&#8221;DD2&#8243; _builder_version=&#8221;4.23.4&#8243; _module_preset=&#8221;default&#8221; title_font_size=&#8221;24px&#8221; title_line_height=&#8221;27px&#8221; global_colors_info=&#8221;{}&#8221;][\/dmpro_carousel_child][dmpro_carousel_child title=&#8221;DD3&#8243; img_src=&#8221;https:\/\/www.myvacaya.com\/wp-content\/uploads\/2025\/04\/3.-DD-Carousel.jpg&#8221; text_title=&#8221;DD3&#8243; _builder_version=&#8221;4.23.4&#8243; _module_preset=&#8221;default&#8221; title_font_size=&#8221;24px&#8221; title_line_height=&#8221;27px&#8221; global_colors_info=&#8221;{}&#8221;][\/dmpro_carousel_child][dmpro_carousel_child title=&#8221;DD4&#8243; img_src=&#8221;https:\/\/www.myvacaya.com\/wp-content\/uploads\/2025\/04\/4.-DD-Carousel.jpg&#8221; text_title=&#8221;DD4&#8243; _builder_version=&#8221;4.23.4&#8243; _module_preset=&#8221;default&#8221; title_font_size=&#8221;24px&#8221; title_line_height=&#8221;27px&#8221; global_colors_info=&#8221;{}&#8221;][\/dmpro_carousel_child][dmpro_carousel_child title=&#8221;DD5&#8243; img_src=&#8221;https:\/\/www.myvacaya.com\/wp-content\/uploads\/2025\/04\/5.-DD-Carousel.jpg&#8221; text_title=&#8221;DD5&#8243; _builder_version=&#8221;4.23.4&#8243; _module_preset=&#8221;default&#8221; title_font_size=&#8221;24px&#8221; title_line_height=&#8221;27px&#8221; global_colors_info=&#8221;{}&#8221;][\/dmpro_carousel_child][\/dmpro_carousel][et_pb_text _builder_version=&#8221;4.23.4&#8243; _module_preset=&#8221;default&#8221; custom_margin=&#8221;||||false|false&#8221; custom_margin_tablet=&#8221;||||false|false&#8221; custom_margin_phone=&#8221;||||false|false&#8221; custom_margin_last_edited=&#8221;on|phone&#8221; global_colors_info=&#8221;{}&#8221;]G\u00f6r dig redo att g\u00e5 upp i niv\u00e5 p\u00e5 Slay Rangers, ett episkt spelevenemang p\u00e5 Camp VACAYA i Vallarta! Oavsett om du \u00e4r en br\u00e4dspelsfantast eller en Dungeons &amp; Dragons-m\u00e4stare, det finns n\u00e5got f\u00f6r alla spelare. Dyk in i sp\u00e4nnande bordsrollspel, utmana dina v\u00e4nner i klassiska br\u00e4dspel, eller luta dig tillbaka och se livespelsevenemang utvecklas. Det \u00e4r det perfekta st\u00e4llet att sl\u00e5 t\u00e4rningarna, tr\u00e4ffa andra spelare och skapa legendariska minnen. Missa inte h\u00e4ndelserna \u2013 l\u00e5t oss spela p\u00e5 Camp VACAYA![\/et_pb_text][dmpro_carousel columns=&#8221;2&#8243; space_between=&#8221;35&#8243; container_padding=&#8221;4%|0%|4%|2%|false|false&#8221; loop=&#8221;on&#8221; autoplay=&#8221;on&#8221; pause_on_hover=&#8221;off&#8221; navigation=&#8221;on&#8221; navigation_prev_icon_yn=&#8221;on&#8221; navigation_prev_icon=&#8221;&#x34;||divi||400&#8243; navigation_next_icon_yn=&#8221;on&#8221; navigation_next_icon=&#8221;&#x35;||divi||400&#8243; navigation_color=&#8221;#000000&#8243; columns_tablet=&#8221;3&#8243; columns_phone=&#8221;1&#8243; columns_last_edited=&#8221;on|phone&#8221; container_padding_tablet=&#8221;&#8221; container_padding_phone=&#8221;||0%||false|false&#8221; container_padding_last_edited=&#8221;on|phone&#8221; _builder_version=&#8221;4.23.4&#8243; _module_preset=&#8221;default&#8221; title_font=&#8221;Futura Bold||||||||&#8221; title_font_size=&#8221;18px&#8221; title_letter_spacing=&#8221;0.1em&#8221; title_line_height=&#8221;24px&#8221; hover_transition_speed_curve=&#8221;ease-in&#8221; scroll_fade_enable=&#8221;on&#8221; global_colors_info=&#8221;{}&#8221;][dmpro_carousel_child title=&#8221;B\u00c4STA V\u00c4RDE F\u00d6R BUDGETMEDVETE RESEN\u00c4RER&#8221; img_src=&#8221;https:\/\/www.myvacaya.com\/wp-content\/uploads\/2022\/11\/Carousel-budget-travelers-1.jpg&#8221; text_title=&#8221;B\u00c4STA V\u00c4RDE F\u00d6R BUDGETMEDVETE RESEN\u00c4RER&#8221; _builder_version=&#8221;4.23.4&#8243; _module_preset=&#8221;default&#8221; title_font_size=&#8221;24px&#8221; title_line_height=&#8221;27px&#8221; global_colors_info=&#8221;{}&#8221;][\/dmpro_carousel_child][dmpro_carousel_child title=&#8221;HBT+ RESORT OVERTAG&#8221; img_src=&#8221;https:\/\/www.myvacaya.com\/wp-content\/uploads\/2022\/11\/Carousel-Resort-Take-Over-1.jpg&#8221; text_title=&#8221;HBT+ RESORT OVERTAG&#8221; _builder_version=&#8221;4.23.4&#8243; _module_preset=&#8221;default&#8221; title_font_size=&#8221;24px&#8221; title_line_height=&#8221;27px&#8221; global_colors_info=&#8221;{}&#8221;][\/dmpro_carousel_child][dmpro_carousel_child title=&#8221;TRE FUNKANDE SIMBASER&#8221; img_src=&#8221;https:\/\/www.myvacaya.com\/wp-content\/uploads\/2022\/11\/Carousel-3-sparkling-pools-1.jpg&#8221; text_title=&#8221;TRE FUNKANDE SIMBASER&#8221; _builder_version=&#8221;4.23.4&#8243; _module_preset=&#8221;default&#8221; title_font_size=&#8221;24px&#8221; title_line_height=&#8221;27px&#8221; global_colors_info=&#8221;{}&#8221;][\/dmpro_carousel_child][dmpro_carousel_child title=&#8221;EN KL\u00c4DER VALFRI VADEPOOL&#8221; img_src=&#8221;https:\/\/www.myvacaya.com\/wp-content\/uploads\/2022\/11\/Carousel-clothing-optional-pool-1.jpg&#8221; text_title=&#8221;EN KL\u00c4DER VALFRI POOL&#8221; _builder_version=&#8221;4.23.4&#8243; _module_preset=&#8221;default&#8221; title_font_size=&#8221;24px&#8221; title_line_height=&#8221;27px&#8221; global_colors_info=&#8221;{}&#8221;][\/dmpro_carousel_child][dmpro_carousel_child title=&#8221;K\u00c4MDA RLD&#8221; img_src=&#8221;https:\/\/www.myvacaya.com\/wp-content\/uploads\/2022\/11\/Carousel-RLD-1.jpg&#8221; text_title=&#8221;K\u00c4MDA RLD&#8221; _builder_version=&#8221;4.23.4&#8243; _module_preset=&#8221;default&#8221; title_font_size=&#8221;24px&#8221; title_line_height=&#8221;27px&#8221; global_colors_info=&#8221;{}&#8221;][\/dmpro_carousel_child][dmpro_carousel_child title=&#8221;KURATERADE UTFLYKTER&#8221; img_src=&#8221;https:\/\/www.myvacaya.com\/wp-content\/uploads\/2022\/11\/girl-ziplining-mexico-1.jpg&#8221; text_title=&#8221;KURATERADE UTFLYKTER&#8221; _builder_version=&#8221;4.23.4&#8243; _module_preset=&#8221;default&#8221; title_font_size=&#8221;24px&#8221; title_line_height=&#8221;27px&#8221; global_colors_info=&#8221;{}&#8221;][\/dmpro_carousel_child][dmpro_carousel_child title=&#8221;BARER I VARJE VARV&#8221; img_src=&#8221;https:\/\/www.myvacaya.com\/wp-content\/uploads\/2022\/11\/Carousel-men-1.jpg&#8221; text_title=&#8221;BARER I VARJE VARV&#8221; _builder_version=&#8221;4.23.4&#8243; _module_preset=&#8221;default&#8221; title_font_size=&#8221;24px&#8221; title_line_height=&#8221;27px&#8221; global_colors_info=&#8221;{}&#8221;][\/dmpro_carousel_child][dmpro_carousel_child title=&#8221;KUL &amp; V\u00c4NLIGA FESTER&#8221; img_src=&#8221;https:\/\/www.myvacaya.com\/wp-content\/uploads\/2022\/11\/Value-Page-parties.jpg&#8221; text_title=&#8221;KUL &amp; V\u00c4NLIGA FESTER&#8221; _builder_version=&#8221;4.23.4&#8243; _module_preset=&#8221;default&#8221; title_font_size=&#8221;24px&#8221; title_line_height=&#8221;27px&#8221; global_colors_info=&#8221;{}&#8221;][\/dmpro_carousel_child][dmpro_carousel_child title=&#8221;V TEAM &amp; LOKAL RESORT PERSONAL&#8221; img_src=&#8221;https:\/\/www.myvacaya.com\/wp-content\/uploads\/2022\/11\/Carousel-Team-1.jpg&#8221; text_title=&#8221;V TEAM &amp; LOKAL RESORT PERSONAL&#8221; _builder_version=&#8221;4.23.4&#8243; _module_preset=&#8221;default&#8221; title_font_size=&#8221;24px&#8221; title_line_height=&#8221;27px&#8221; global_colors_info=&#8221;{}&#8221;][\/dmpro_carousel_child][dmpro_carousel_child title=&#8221;ALLA \u00c4R V\u00c4LKOMNA&#8221; img_src=&#8221;https:\/\/www.myvacaya.com\/wp-content\/uploads\/2022\/11\/All-Are-Welcome-1.jpg&#8221; text_title=&#8221;ALLA \u00c4R V\u00c4LKOMNA&#8221; _builder_version=&#8221;4.23.4&#8243; _module_preset=&#8221;default&#8221; title_font_size=&#8221;24px&#8221; title_line_height=&#8221;27px&#8221; global_colors_info=&#8221;{}&#8221;][\/dmpro_carousel_child][\/dmpro_carousel][et_pb_text _builder_version=&#8221;4.23.4&#8243; _module_preset=&#8221;default&#8221; custom_margin=&#8221;||||false|false&#8221; custom_margin_tablet=&#8221;||||false|false&#8221; custom_margin_phone=&#8221;||||false|false&#8221; custom_margin_last_edited=&#8221;on|phone&#8221; global_colors_info=&#8221;{}&#8221;]Slay Rangers f\u00e5r tillg\u00e5ng till ALLA BR\u00c4DSPELSESSIONER + hela VACAYA All-Inclusive Resort-upplevelsen som en del av v\u00e5r episka vecka p\u00e5 Camp VACAYA! Fr\u00e5n 26 oktober \u2013 2 november 2025 tar vi \u00f6ver lyxiga Hard Rock Hotel Vallarta f\u00f6r v\u00e5rt \u00e5rliga Halloween- och Day of the Dead-firande. Denna mexikanska all-inclusive-resa ger oslagbart v\u00e4rde med mysigt boende, obegr\u00e4nsat med mat och dryck och ett fullsp\u00e4ckat schema med VACAYA-exklusiv underh\u00e5llning och sociala upplevelser. Fr\u00e5n beachvolleyboll och yoga till pooler vid havet, vattengympa och bubbelpooler, du hittar din perfekta balans mellan avkoppling och \u00e4ventyr. L\u00e4gg till temafester, \u00f6verraskningsframtr\u00e4danden och en varm, v\u00e4lkomnande gemenskap, s\u00e5 har du den ultimata semesterniv\u00e5n \u2013 Slay Rangers-stilen.    <\/p>\n<p>BOKA DIN SLAY RANGER-UPPLEVELSE P\u00c5 CAMP VACAYA NU!  <\/p>\n<p><a class=\"btn-pink-inline\" href=\"https:\/\/www.myvacaya.com\/sv\/trip\/mexiko-resort-2025\/\"><span class=\"btn-inline-span\">L\u00c4S MER OCH BOKA NU<\/span><\/a>[\/et_pb_text][\/et_pb_column][\/et_pb_row][et_pb_row _builder_version=&#8221;4.23.4&#8243; _module_preset=&#8221;default&#8221; global_colors_info=&#8221;{}&#8221;][et_pb_column type=&#8221;4_4&#8243; _builder_version=&#8221;4.23.4&#8243; _module_preset=&#8221;default&#8221; global_colors_info=&#8221;{}&#8221;][et_pb_text admin_label=&#8221;Section Title &#8211; H2&#8243; _builder_version=&#8221;4.23.4&#8243; _module_preset=&#8221;default&#8221; text_letter_spacing=&#8221;1.8px&#8221; text_line_height=&#8221;22px&#8221; header_2_font=&#8221;Futura Bold|||on|||||&#8221; header_2_text_align=&#8221;center&#8221; header_2_text_color=&#8221;#000000&#8243; header_2_font_size=&#8221;30px&#8221; header_2_letter_spacing=&#8221;1.8px&#8221; header_2_line_height=&#8221;36px&#8221; header_3_font=&#8221;Futura Bold|||on|||||&#8221; header_3_text_align=&#8221;center&#8221; header_3_text_color=&#8221;#000000&#8243; header_3_font_size=&#8221;18px&#8221; header_3_letter_spacing=&#8221;1.8px&#8221; header_3_line_height=&#8221;24px&#8221; custom_margin=&#8221;||||false|false&#8221; custom_padding=&#8221;||||false|false&#8221; custom_padding_tablet=&#8221;||||false|false&#8221; custom_padding_phone=&#8221;||||false|false&#8221; custom_padding_last_edited=&#8221;on|phone&#8221; global_colors_info=&#8221;{}&#8221;]<\/p>\n<h2>G\u00c5 MED I DISKORDEN<\/h2>\n<p>[\/et_pb_text][et_pb_text _builder_version=&#8221;4.23.4&#8243; _module_preset=&#8221;default&#8221; global_colors_info=&#8221;{}&#8221;]\u00c4ventyret b\u00f6rjar nu! Medan vi f\u00f6rbereder oss f\u00f6r en of\u00f6rgl\u00f6mlig spelupplevelse p\u00e5 Camp VACAYA, kan du g\u00e5 med oss \u200b\u200btidigt p\u00e5 Discord f\u00f6r att f\u00e5 kontakt med andra spelare, chatta om dina favoritspel och f\u00e5 de senaste uppdateringarna om allt som har med Slay Rangers att g\u00f6ra! Fr\u00e5n br\u00e4dspel till Dungeons &amp; Dragons, livespelsevenemang och mer, det kommer att bli kul!<br \/>\nKlicka nedan f\u00f6r att g\u00e5 med i det officiella Slay Rangers Discord-communityt, d\u00e4r det roliga b\u00f6rjar idag!<\/p>\n<p><a class=\"btn-pink-inline\" href=\"https:\/\/discord.com\/invite\/WUBSW2Ch4U\"><span class=\"btn-inline-span\">G\u00c5 MED I SLAY RANGER DISCORD!<\/span><\/a><\/p>\n<p>Vi ser fram emot att tr\u00e4ffa dig och spela med dig! [\/et_pb_text][\/et_pb_column][\/et_pb_row][\/et_pb_section]<\/p>\n","protected":false},"excerpt":{"rendered":"<p><div class=\"trip-overlay\"><div class=\"trip-title\"><h1>Resebrickor med titel &#8211; Endast kryssningar<\/h1><\/div><\/div>The Ultimate Gaymer Quest v\u00e4ntar p\u00e5 Camp VACAYA<div class=\"et_pb_module dmpro_carousel dmpro_carousel_0\">\n\t\t\t\t\n\t\t\t\t\n\t\t\t\t\n\t\t\t\t\n\t\t\t\t\n\t\t\t\t\n\t\t\t\t<div class=\"et_pb_module_inner\">\n\t\t\t\t\t\n            <div class=\"dmpro-carousel-main\" data-columnsdesktop='2' data-columnstablet='3' data-columnsphone='1' data-spacebetween='35' data-spacebetween_tablet='35' data-spacebetween_phone='35' data-loop='on' data-speed='500' data-navigation='on' data-pagination='off' data-autoplay='on' data-autoplayspeed='5000' data-pauseonhover='off' data-effect='slide' data-rotate='50' data-dynamicbullets='on' data-ordernumber='0' data-centered='off' data-shadow='true'>\n                <div class=\"swiper swiper-dmpro-container\">\n                    <div class=\"swiper-wrapper dmpro-carousel-wrapper\">\n                        \n                    <\/div>\n                <\/div>\n                \n                <div class=\"swiper-button-next swiper-arrow-button dmpro-sbn0\" data-icon=\"&#x35;\"><\/div> \n                 <div class=\"swiper-button-prev swiper-arrow-button dmpro-sbp0\" data-icon=\"&#x34;\"><\/div>\n                 \n            <\/div>\n\t\t\t\t<\/div>\n\t\t\t<\/div><div class=\"et_pb_module dmpro_carousel_child dmpro_carousel_child_0\">\n\t\t\t\t\n\t\t\t\t\n\t\t\t\t\n\t\t\t\t\n\t\t\t\t\n\t\t\t\t\n\t\t\t\t<div class=\"et_pb_module_inner\">\n\t\t\t\t\t\n            <div class=\"dmpro-carousel-child-wrapper\">\n                <div class=\"dmpro-image-wrap\"><span class=\"dmpro-carousel-image\">\n                    <img decoding=\"async\" src=\"https:\/\/www.myvacaya.com\/wp-content\/uploads\/2025\/04\/1.-DD-Carousel.jpg\" alt=\"\"\/>\n                <\/span><\/div>\n                <div class=\"dmpro-carousel-item-content\">\n                    <h2 class=\"dmpro-carousel-item-title\">DD1<\/h2>\n                    \n                    <div class=\"dmpro-carousel-button-wrapper\">\n                        \n                    <\/div>\n                <\/div>\n            <\/div>\n\t\t\t\t<\/div>\n\t\t\t<\/div><div class=\"et_pb_module dmpro_carousel_child dmpro_carousel_child_1\">\n\t\t\t\t\n\t\t\t\t\n\t\t\t\t\n\t\t\t\t\n\t\t\t\t\n\t\t\t\t\n\t\t\t\t<div class=\"et_pb_module_inner\">\n\t\t\t\t\t\n            <div class=\"dmpro-carousel-child-wrapper\">\n                <div class=\"dmpro-image-wrap\"><span class=\"dmpro-carousel-image\">\n                    <img decoding=\"async\" src=\"https:\/\/www.myvacaya.com\/wp-content\/uploads\/2025\/04\/2.-DD-Carousel.jpg\" alt=\"\"\/>\n                <\/span><\/div>\n                <div class=\"dmpro-carousel-item-content\">\n                    <h2 class=\"dmpro-carousel-item-title\">DD2<\/h2>\n                    \n                    <div class=\"dmpro-carousel-button-wrapper\">\n                        \n                    <\/div>\n                <\/div>\n            <\/div>\n\t\t\t\t<\/div>\n\t\t\t<\/div><div class=\"et_pb_module dmpro_carousel_child dmpro_carousel_child_2\">\n\t\t\t\t\n\t\t\t\t\n\t\t\t\t\n\t\t\t\t\n\t\t\t\t\n\t\t\t\t\n\t\t\t\t<div class=\"et_pb_module_inner\">\n\t\t\t\t\t\n            <div class=\"dmpro-carousel-child-wrapper\">\n                <div class=\"dmpro-image-wrap\"><span class=\"dmpro-carousel-image\">\n                    <img decoding=\"async\" src=\"&#8221;https:\/\/www.myvacaya.com\/wp-content\/uploads\/2025\/04\/3.-DD-Carousel.jpg&#8221;\" alt=\"\"\/>\n                <\/span><\/div>\n                <div class=\"dmpro-carousel-item-content\">\n                    <h2 class=\"dmpro-carousel-item-title\">&#8221;DD3&#8243;<\/h2>\n                    \n                    <div class=\"dmpro-carousel-button-wrapper\">\n                        \n                    <\/div>\n                <\/div>\n            <\/div>\n\t\t\t\t<\/div>\n\t\t\t<\/div><\/p>\n","protected":false},"author":1,"featured_media":0,"parent":0,"menu_order":0,"comment_status":"closed","ping_status":"closed","template":"","meta":{"_acf_changed":false,"_et_pb_use_builder":"on","_et_pb_old_content":"","_et_gb_content_width":"","_monsterinsights_skip_tracking":false,"_monsterinsights_sitenote_active":false,"_monsterinsights_sitenote_note":"","_monsterinsights_sitenote_category":0,"footnotes":""},"class_list":["post-181183","page","type-page","status-publish","hentry"],"acf":[],"_links":{"self":[{"href":"https:\/\/www.myvacaya.com\/sv\/wp-json\/wp\/v2\/pages\/181183","targetHints":{"allow":["GET"]}}],"collection":[{"href":"https:\/\/www.myvacaya.com\/sv\/wp-json\/wp\/v2\/pages"}],"about":[{"href":"https:\/\/www.myvacaya.com\/sv\/wp-json\/wp\/v2\/types\/page"}],"author":[{"embeddable":true,"href":"https:\/\/www.myvacaya.com\/sv\/wp-json\/wp\/v2\/users\/1"}],"replies":[{"embeddable":true,"href":"https:\/\/www.myvacaya.com\/sv\/wp-json\/wp\/v2\/comments?post=181183"}],"version-history":[{"count":6,"href":"https:\/\/www.myvacaya.com\/sv\/wp-json\/wp\/v2\/pages\/181183\/revisions"}],"predecessor-version":[{"id":181381,"href":"https:\/\/www.myvacaya.com\/sv\/wp-json\/wp\/v2\/pages\/181183\/revisions\/181381"}],"wp:attachment":[{"href":"https:\/\/www.myvacaya.com\/sv\/wp-json\/wp\/v2\/media?parent=181183"}],"curies":[{"name":"wp","href":"https:\/\/api.w.org\/{rel}","templated":true}]}}