{"id":154672,"date":"2024-06-15T05:09:37","date_gmt":"2024-06-15T09:09:37","guid":{"rendered":"https:\/\/www.myvacaya.com\/upptack\/hbt-inklusivitet\/"},"modified":"2024-06-15T05:33:45","modified_gmt":"2024-06-15T09:33:45","slug":"hbt-inklusivitet-2","status":"publish","type":"page","link":"https:\/\/www.myvacaya.com\/sv\/upptack\/hbt-inklusivitet-2\/","title":{"rendered":"HBT+-inklusivitet"},"content":{"rendered":"<p>[et_pb_section fb_built=&#8221;1&#8243; fullwidth=&#8221;on&#8221; admin_label=&#8221;Slider&#8221; module_id=&#8221;slider-sektion-inredning&#8221; _builder_version=&#8221;4.17.6&#8243; _module_preset=&#8221;default&#8221; background_enable_image=&#8221;off&#8221; global_colors_info=&#8221;{}&#8221;][et_pb_fullwidth_code admin_label=&#8221;Slider Overlay&#8221; module_class=&#8221;interior-page-overlay&#8221; _builder_version=&#8221;4.17.6&#8243; _module_preset=&#8221;default&#8221; positioning=&#8221;absolute&#8221; position_origin_a=&#8221;top_right&#8221; position_origin_f=&#8221;top_right&#8221; z_index=&#8221;100&#8243; width=&#8221;50%&#8221; width_tablet=&#8221;50%&#8221; width_phone=&#8221;100%&#8221; width_last_edited=&#8221;on|phone&#8221; height=&#8221;100vh&#8221; global_colors_info=&#8221;{}&#8221;]<div class=\"trip-overlay\"><div class=\"trip-title\"><h1>HBT+-inklusivitet<\/h1><\/div><\/div>[\/et_pb_fullwidth_code][et_pb_fullwidth_slider show_arrows=&#8221;off&#8221; admin_label=&#8221;Slider Images&#8221; module_id=&#8221;slider-images&#8221; _builder_version=&#8221;4.23.4&#8243; _module_preset=&#8221;default&#8221; height=&#8221;100vh&#8221; auto=&#8221;on&#8221; global_colors_info=&#8221;{}&#8221;][et_pb_slide _builder_version=&#8221;4.23.4&#8243; _module_preset=&#8221;default&#8221; background_color=&#8221;RGBA(255,255,255,0)&#8221; background_enable_color=&#8221;on&#8221; background_image=&#8221;https:\/\/www.myvacaya.com\/wp-content\/uploads\/2024\/04\/Hero-Desktop-LGBT-Inclusivity.jpg&#8221; background_enable_image=&#8221;on&#8221; background_last_edited=&#8221;on|phone&#8221; background_image_phone=&#8221;https:\/\/www.myvacaya.com\/wp-content\/uploads\/2024\/04\/Hero-mobile-LGBT-Inclusivity.jpg&#8221; background_enable_image_phone=&#8221;on&#8221; global_colors_info=&#8221;{}&#8221; sticky_transition=&#8221;on&#8221;][\/et_pb_slide][\/et_pb_fullwidth_slider][\/et_pb_section][et_pb_section fb_built=&#8221;1&#8243; custom_padding_last_edited=&#8221;on|desktop&#8221; _builder_version=&#8221;4.23.4&#8243; _module_preset=&#8221;default&#8221; custom_padding=&#8221;||||false|false&#8221; custom_padding_tablet=&#8221;||||false|false&#8221; custom_padding_phone=&#8221;||||false|false&#8221; global_colors_info=&#8221;{}&#8221;][et_pb_row _builder_version=&#8221;4.17.6&#8243; _module_preset=&#8221;default&#8221; custom_padding=&#8221;||0%||false|false&#8221; global_colors_info=&#8221;{}&#8221;][et_pb_column type=&#8221;4_4&#8243; _builder_version=&#8221;4.17.6&#8243; _module_preset=&#8221;default&#8221; global_colors_info=&#8221;{}&#8221;][et_pb_text admin_label=&#8221;Section Title &#8211; H3&#8243; _builder_version=&#8221;4.23.4&#8243; _module_preset=&#8221;default&#8221; header_3_font=&#8221;Futura Bold|||on|||||&#8221; header_3_text_align=&#8221;center&#8221; header_3_text_color=&#8221;#000000&#8243; header_3_font_size=&#8221;18px&#8221; header_3_letter_spacing=&#8221;1.8px&#8221; header_3_line_height=&#8221;24px&#8221; custom_margin=&#8221;||||false|false&#8221; custom_margin_tablet=&#8221;||||false|false&#8221; custom_margin_phone=&#8221;||||false|false&#8221; custom_margin_last_edited=&#8221;on|phone&#8221; custom_padding=&#8221;||||false|false&#8221; global_colors_info=&#8221;{}&#8221;]<\/p>\n<h3>VACAYA \u00e4r det MEST inkluderande HBT+ Vacation Company p\u00e5 planeten!<\/h3>\n<p>[\/et_pb_text][et_pb_text _builder_version=&#8221;4.23.4&#8243; _module_preset=&#8221;default&#8221; global_colors_info=&#8221;{}&#8221;]<\/p>\n<p>VACAYA \u00e4r inte bara ditt genomsnittliga semesterf\u00f6retag. Vi \u00e4r den ultimata m\u00e4staren av inklusivitet och s\u00e4tter ribban h\u00f6gt f\u00f6r att f\u00e5 alla att k\u00e4nna sig v\u00e4rdefulla och omfamnade. VACAYA har satt en helt ny standard f\u00f6r m\u00e5ngfald och v\u00e4lkomnar alla sexuella l\u00e4ggningar och k\u00f6nsidentiteter.<\/p>\n<p>Till skillnad fr\u00e5n andra f\u00f6retag \u00e4r VACAYAs engagemang f\u00f6r inkludering inte bara en kryssruta &#8211; det \u00e4r inarbetat i varje aspekt av v\u00e5r verksamhet. Allt b\u00f6rjar med f\u00f6retagen vi v\u00e4ljer att samarbeta med och teammedlemmarna vi anst\u00e4ller. Deras hj\u00e4rtan och sinnen \u00e4r i linje med VACAYAs uppdrag, och de \u00e5terspeglar m\u00e5ngfalden i v\u00e5rt samh\u00e4lle p\u00e5 n\u00e4stan alla s\u00e4tt.<\/p>\n<p>Men v\u00e5rt engagemang str\u00e4cker sig l\u00e5ngt bortom bara representation; det handlar om att skapa genuina kontakter, fr\u00e4mja f\u00f6rst\u00e5else och att fira m\u00e4nsklighetens vackra gobel\u00e4ng. Vi uppn\u00e5r det genom att utveckla programmering som tillgodoser ett helt spektrum av inriktningar och identiteter. VACAYA ser till att varje resen\u00e4r, oavsett vem de \u00e4lskar eller hur de identifierar sig, hittar ett utrymme d\u00e4r de kan vara sitt autentiska jag. N\u00e4r de f\u00f6rsta banden v\u00e4l har bildats, samlar VACAYA likasinnade grupper i st\u00f6rre firande under semestern.<\/p>\n<p>N\u00e4r vi h\u00e4nvisar till &#8221;liksinnade&#8221; menar vi inte att alla p\u00e5 v\u00e5r semester m\u00e5ste prenumerera p\u00e5 EN upps\u00e4ttning \u00f6vertygelser. Men om du tror <em>att k\u00e4rlek \u00e4r k\u00e4rlek<\/em> och du l\u00e4mnar utrymme f\u00f6r olika synpunkter, d\u00e5 \u00e4r VACAYA n\u00e5got f\u00f6r dig!<\/p>\n<p>I en v\u00e4rld d\u00e4r inklusivitet \u00e4r av st\u00f6rsta vikt, lyser VACAYA som en ledstj\u00e4rna f\u00f6r acceptans, vilket g\u00f6r din semester till en transformerande upplevelse d\u00e4r <em>alla<\/em> h\u00f6r hemma. S\u00e5 oavsett om du \u00e4r p\u00e5 stranden med din partner, din bes\u00e4ttning eller flyger solo, s\u00e5 har VACAYA din rygg. Med VACAYA bokar du inte bara en semester, du g\u00e5r med i en familj som handlar om att sprida k\u00e4rlek och gott hum\u00f6r vart vi \u00e4n g\u00e5r!<\/p>\n<p>Men ta inte v\u00e5rt ord f\u00f6r det&#8230;<\/p>\n<p>[\/et_pb_text][\/et_pb_column][\/et_pb_row][et_pb_row _builder_version=&#8221;4.17.6&#8243; _module_preset=&#8221;default&#8221; custom_padding=&#8221;||0%||false|false&#8221; global_colors_info=&#8221;{}&#8221;][et_pb_column type=&#8221;4_4&#8243; _builder_version=&#8221;4.17.6&#8243; _module_preset=&#8221;default&#8221; global_colors_info=&#8221;{}&#8221;][et_pb_text admin_label=&#8221;Section Title &#8211; H3&#8243; _builder_version=&#8221;4.23.4&#8243; _module_preset=&#8221;default&#8221; header_3_font=&#8221;Futura Bold|||on|||||&#8221; header_3_text_align=&#8221;center&#8221; header_3_text_color=&#8221;#000000&#8243; header_3_font_size=&#8221;18px&#8221; header_3_letter_spacing=&#8221;1.8px&#8221; header_3_line_height=&#8221;24px&#8221; custom_margin=&#8221;||||false|false&#8221; custom_margin_tablet=&#8221;||||false|false&#8221; custom_margin_phone=&#8221;||||false|false&#8221; custom_margin_last_edited=&#8221;on|phone&#8221; custom_padding=&#8221;||||false|false&#8221; global_colors_info=&#8221;{}&#8221;]<\/p>\n<h3>Se vad folk s\u00e4ger om VACAYA<\/h3>\n<p>[\/et_pb_text][\/et_pb_column][\/et_pb_row][et_pb_row custom_padding_last_edited=&#8221;on|desktop&#8221; _builder_version=&#8221;4.17.6&#8243; _module_preset=&#8221;default&#8221; custom_padding=&#8221;||0%||false|false&#8221; custom_padding_tablet=&#8221;&#8221; custom_padding_phone=&#8221;||||false|false&#8221; global_colors_info=&#8221;{}&#8221;][et_pb_column type=&#8221;4_4&#8243; _builder_version=&#8221;4.17.4&#8243; _module_preset=&#8221;default&#8221; global_colors_info=&#8221;{}&#8221;][et_pb_text _builder_version=&#8221;4.23.4&#8243; _module_preset=&#8221;default&#8221; global_colors_info=&#8221;{}&#8221;]<\/p>\n<p>&nbsp;<\/p>\n<p><strong>M\u00d6T CHRISTOPH \u2013 Identifierar sig som han\/honom<\/strong><br \/><em>&#8221;Det handlar inte bara om inkluderande mat och dryck, det handlar om inkluderande gemenskap&#8221;<\/em><\/p>\n<p>[\/et_pb_text][et_pb_image src=&#8221;https:\/\/www.myvacaya.com\/wp-content\/uploads\/2024\/04\/Most-Inclusive-Company-Video-Thumbnail-Christoph.jpg&#8221; title_text=&#8221;Mest inkluderande f\u00f6retagsvideominiatyr &#8211; Christoph&#8221; show_bottom_space=&#8221;off&#8221; force_fullwidth=&#8221;on&#8221; admin_label=&#8221;Video Thumbnail&#8221; module_class=&#8221;popmake-149174&#8243; _builder_version=&#8221;4.23.4&#8243; _module_preset=&#8221;default&#8221; scroll_fade_enable=&#8221;on&#8221; global_colors_info=&#8221;{}&#8221;][\/et_pb_image][\/et_pb_column][\/et_pb_row][et_pb_row custom_padding_last_edited=&#8221;on|desktop&#8221; _builder_version=&#8221;4.17.6&#8243; _module_preset=&#8221;default&#8221; custom_padding=&#8221;||0%||false|false&#8221; custom_padding_tablet=&#8221;&#8221; custom_padding_phone=&#8221;||||false|false&#8221; global_colors_info=&#8221;{}&#8221;][et_pb_column type=&#8221;4_4&#8243; _builder_version=&#8221;4.17.4&#8243; _module_preset=&#8221;default&#8221; global_colors_info=&#8221;{}&#8221;][et_pb_text _builder_version=&#8221;4.23.4&#8243; _module_preset=&#8221;default&#8221; global_colors_info=&#8221;{}&#8221;]<\/p>\n<p>&nbsp;<\/p>\n<p>&nbsp;<\/p>\n<p><strong>M\u00d6T JUDE \u2013 Identifierar sig som de\/dem<\/strong><br \/><em>&#8221;Som Trans Man p\u00e5 VACAYA har jag upplevt ett revolutionerande steg n\u00e4r det g\u00e4ller inkludering&#8230; Jag har f\u00e5tt v\u00e4nner.&#8221;<\/em><\/p>\n<p>[\/et_pb_text][et_pb_image src=&#8221;https:\/\/www.myvacaya.com\/wp-content\/uploads\/2024\/04\/Most-Inclusive-Company-Video-Thumbnail-Jude.jpg&#8221; title_text=&#8221;Mest inkluderande f\u00f6retagsvideominiatyr &#8211; Jude&#8221; show_bottom_space=&#8221;off&#8221; force_fullwidth=&#8221;on&#8221; admin_label=&#8221;Video Thumbnail&#8221; module_class=&#8221;popmake-149200&#8243; _builder_version=&#8221;4.23.4&#8243; _module_preset=&#8221;default&#8221; scroll_fade_enable=&#8221;on&#8221; global_colors_info=&#8221;{}&#8221;][\/et_pb_image][\/et_pb_column][\/et_pb_row][et_pb_row custom_padding_last_edited=&#8221;on|desktop&#8221; _builder_version=&#8221;4.17.6&#8243; _module_preset=&#8221;default&#8221; custom_padding=&#8221;||0%||false|false&#8221; custom_padding_tablet=&#8221;&#8221; custom_padding_phone=&#8221;||||false|false&#8221; global_colors_info=&#8221;{}&#8221;][et_pb_column type=&#8221;4_4&#8243; _builder_version=&#8221;4.17.4&#8243; _module_preset=&#8221;default&#8221; global_colors_info=&#8221;{}&#8221;][et_pb_text _builder_version=&#8221;4.23.4&#8243; _module_preset=&#8221;default&#8221; global_colors_info=&#8221;{}&#8221;]<\/p>\n<p>&nbsp;<\/p>\n<p>&nbsp;<\/p>\n<p><strong>M\u00d6T ALLYSE \u2013 Identifierar sig som hon\/henne<\/strong><br \/><em>&#8221;VACAYA m\u00f6ter de verkliga behoven hos alla i HBTQ-gemenskapen &#8230; d\u00e4r vi kan koppla av och ladda och ha djupa och meningsfulla konversationer.&#8221;<\/em><\/p>\n<p>[\/et_pb_text][et_pb_image src=&#8221;https:\/\/www.myvacaya.com\/wp-content\/uploads\/2024\/04\/Most-Inclusive-Company-Video-Thumbnail-Alysse.jpg&#8221; title_text=&#8221;Mest inkluderande f\u00f6retagsvideominiatyr &#8211; Alysse&#8221; show_bottom_space=&#8221;off&#8221; force_fullwidth=&#8221;on&#8221; admin_label=&#8221;Video Thumbnail&#8221; module_class=&#8221;popmake-149226&#8243; _builder_version=&#8221;4.23.4&#8243; _module_preset=&#8221;default&#8221; scroll_fade_enable=&#8221;on&#8221; global_colors_info=&#8221;{}&#8221;][\/et_pb_image][\/et_pb_column][\/et_pb_row][et_pb_row _builder_version=&#8221;4.17.6&#8243; _module_preset=&#8221;default&#8221; custom_padding=&#8221;||0%||false|false&#8221; global_colors_info=&#8221;{}&#8221;][et_pb_column type=&#8221;4_4&#8243; _builder_version=&#8221;4.17.6&#8243; _module_preset=&#8221;default&#8221; global_colors_info=&#8221;{}&#8221;][et_pb_text admin_label=&#8221;Section Title &#8211; H3&#8243; _builder_version=&#8221;4.23.4&#8243; _module_preset=&#8221;default&#8221; header_3_font=&#8221;Futura Bold|||on|||||&#8221; header_3_text_align=&#8221;center&#8221; header_3_text_color=&#8221;#000000&#8243; header_3_font_size=&#8221;18px&#8221; header_3_letter_spacing=&#8221;1.8px&#8221; header_3_line_height=&#8221;24px&#8221; custom_margin=&#8221;||||false|false&#8221; custom_margin_tablet=&#8221;||||false|false&#8221; custom_margin_phone=&#8221;||||false|false&#8221; custom_margin_last_edited=&#8221;on|phone&#8221; custom_padding=&#8221;||||false|false&#8221; global_colors_info=&#8221;{}&#8221;]<\/p>\n<h3> <\/h3>\n<h3> <\/h3>\n<h3> <\/h3>\n<h3>Se vad media s\u00e4ger om VACAYA<\/h3>\n<p>[\/et_pb_text][\/et_pb_column][\/et_pb_row][et_pb_row custom_padding_last_edited=&#8221;on|desktop&#8221; _builder_version=&#8221;4.17.6&#8243; _module_preset=&#8221;default&#8221; custom_padding=&#8221;||0%||false|false&#8221; custom_padding_tablet=&#8221;&#8221; custom_padding_phone=&#8221;||||false|false&#8221; global_colors_info=&#8221;{}&#8221;][et_pb_column type=&#8221;4_4&#8243; _builder_version=&#8221;4.17.4&#8243; _module_preset=&#8221;default&#8221; global_colors_info=&#8221;{}&#8221;][et_pb_text _builder_version=&#8221;4.23.4&#8243; _module_preset=&#8221;default&#8221; global_colors_info=&#8221;{}&#8221;]<\/p>\n<p>&nbsp;<\/p>\n<p><strong>IVAN QUINTANILLA \u2013 EDGE Media \u2013 Identifierar sig som han\/honom<\/strong><br \/><em>\u201dKan du m\u00e5la med vindens alla f\u00e4rger? Tja, det visar sig att VACAYA kan! \u2026\u00c4ven med den omfattande programmering som VACAYA skapar f\u00f6r alla f\u00e4rgerna i v\u00e5rt LGBTQIAPK-spektrum, \u00e4r det v\u00e4nligheten hos VACAYA-gemenskapen som visar sig vara deras st\u00f6rsta tillg\u00e5ng.\u201d<\/em><\/p>\n<p>[\/et_pb_text][et_pb_image src=&#8221;https:\/\/www.myvacaya.com\/wp-content\/uploads\/2024\/04\/Most-Inclusive-Company-Video-Thumbnail-Ivan-from-EDGE-Media.jpg&#8221; title_text=&#8221;Mest inkluderande f\u00f6retagsvideominiatyr &#8211; Ivan fr\u00e5n EDGE Media&#8221; show_bottom_space=&#8221;off&#8221; force_fullwidth=&#8221;on&#8221; admin_label=&#8221;Video Thumbnail&#8221; module_class=&#8221;popmake-149252&#8243; _builder_version=&#8221;4.23.4&#8243; _module_preset=&#8221;default&#8221; scroll_fade_enable=&#8221;on&#8221; global_colors_info=&#8221;{}&#8221;][\/et_pb_image][et_pb_text _builder_version=&#8221;4.23.4&#8243; _module_preset=&#8221;default&#8221; global_colors_info=&#8221;{}&#8221;]<\/p>\n<p>&nbsp;<\/p>\n<p style=\"text-align: center;\"><a class=\"btn-pink-inline\" href=\"https:\/\/www.edgemedianetwork.com\/story\/332322\" target=\"_blank\" rel=\"noopener\"><span class=\"btn-inside\">L\u00c4S HELA RECENSIONEN<\/span><\/a><\/p>\n<p>[\/et_pb_text][\/et_pb_column][\/et_pb_row][et_pb_row custom_padding_last_edited=&#8221;on|desktop&#8221; _builder_version=&#8221;4.17.6&#8243; _module_preset=&#8221;default&#8221; custom_padding=&#8221;||0%||false|false&#8221; custom_padding_tablet=&#8221;&#8221; custom_padding_phone=&#8221;||||false|false&#8221; global_colors_info=&#8221;{}&#8221;][et_pb_column type=&#8221;4_4&#8243; _builder_version=&#8221;4.17.4&#8243; _module_preset=&#8221;default&#8221; global_colors_info=&#8221;{}&#8221;][et_pb_text _builder_version=&#8221;4.23.4&#8243; _module_preset=&#8221;default&#8221; global_colors_info=&#8221;{}&#8221;]<\/p>\n<p>&nbsp;<\/p>\n<p>Oavsett om du letar efter en solfylld strandflykt, en romantisk tillflyktsort eller en rolig bucketlist-expedition, \u00e4r VACAYA din b\u00e4sta resekunniga f\u00f6ljeslagare. F\u00f6lj med oss \u200b\u200bf\u00f6r att skapa minnen som \u00f6verskrider gr\u00e4nser, omdefiniera semestrar och fr\u00e4mja kontakter som varar livet ut. Din dr\u00f6msemester v\u00e4ntar \u2013 kom, l\u00e5t oss g\u00f6ra det extraordin\u00e4rt tillsammans!<\/p>\n<p>[\/et_pb_text][\/et_pb_column][\/et_pb_row][\/et_pb_section][et_pb_section fb_built=&#8221;1&#8243; admin_label=&#8221;Blog Trip Tiles&#8221; _builder_version=&#8221;4.17.6&#8243; _module_preset=&#8221;default&#8221; global_colors_info=&#8221;{}&#8221;][et_pb_row _builder_version=&#8221;4.23.4&#8243; _module_preset=&#8221;default&#8221; global_colors_info=&#8221;{}&#8221;][et_pb_column type=&#8221;4_4&#8243; _builder_version=&#8221;4.17.6&#8243; _module_preset=&#8221;default&#8221; global_colors_info=&#8221;{}&#8221;][et_pb_divider color=&#8221;#000000&#8243; divider_position=&#8221;center&#8221; _builder_version=&#8221;4.17.6&#8243; _module_preset=&#8221;default&#8221; global_colors_info=&#8221;{}&#8221;][\/et_pb_divider][\/et_pb_column][\/et_pb_row][et_pb_row _builder_version=&#8221;4.17.6&#8243; _module_preset=&#8221;default&#8221; global_colors_info=&#8221;{}&#8221;][et_pb_column type=&#8221;4_4&#8243; _builder_version=&#8221;4.17.6&#8243; _module_preset=&#8221;default&#8221; global_colors_info=&#8221;{}&#8221;][et_pb_text admin_label=&#8221;Section Title &#8211; H3&#8243; _builder_version=&#8221;4.23.4&#8243; _module_preset=&#8221;default&#8221; header_3_font=&#8221;Futura Bold|||on|||||&#8221; header_3_text_align=&#8221;center&#8221; header_3_text_color=&#8221;#000000&#8243; header_3_font_size=&#8221;18px&#8221; header_3_letter_spacing=&#8221;1.8px&#8221; header_3_line_height=&#8221;24px&#8221; custom_margin=&#8221;||||false|false&#8221; custom_margin_tablet=&#8221;||||false|false&#8221; custom_margin_phone=&#8221;||||false|false&#8221; custom_margin_last_edited=&#8221;on|phone&#8221; custom_padding=&#8221;||||false|false&#8221; global_colors_info=&#8221;{}&#8221;]<\/p>\n<h3>S\u00c5 VAD V\u00c4NAR DU P\u00c5?  <\/p>\n<p>PASSA P\u00c5 DE MEST INKLUSIVA HBT-SEEMMERNA P\u00c5 PLANETEN!<\/h3>\n<p>[\/et_pb_text][\/et_pb_column][\/et_pb_row][et_pb_row _builder_version=&#8221;4.17.6&#8243; _module_preset=&#8221;default&#8221; global_colors_info=&#8221;{}&#8221;][et_pb_column type=&#8221;4_4&#8243; _builder_version=&#8221;4.17.6&#8243; _module_preset=&#8221;default&#8221; global_colors_info=&#8221;{}&#8221;][et_pb_text _builder_version=&#8221;4.17.6&#8243; _module_preset=&#8221;default&#8221; global_colors_info=&#8221;{}&#8221;]<div id=\"ajax-load-more\" class=\"ajax-load-more-wrap default\" data-id=\"experience-items\" data-alm-id=\"\" data-canonical-url=\"https:\/\/www.myvacaya.com\/sv\/upptack\/hbt-inklusivitet-2\/\" data-slug=\"hbt-inklusivitet-2\" data-post-id=\"154672\"  data-localized=\"ajax_load_more_experience_items_vars\" data-alm-object=\"ajax_load_more_experience_items\"><ul aria-live=\"polite\" aria-atomic=\"true\" class=\"alm-listing alm-ajax\" data-container-type=\"ul\" data-loading-style=\"default\" data-repeater=\"template_1\" data-post-type=\"trip\" data-meta-key=\"show_trip_tile\" data-meta-value=\"1\" data-custom-args=\"post_parent: 0\" data-order=\"ASC\" data-orderby=\"date\" data-offset=\"0\" data-posts-per-page=\"20\" data-lang=\"sv\" data-scroll=\"false\" data-button-label=\"Load More\" data-prev-button-label=\"Load Previous\" data-destroy-after=\"1\"><\/ul><div class=\"alm-btn-wrap\" data-rel=\"ajax-load-more\"><button class=\"alm-load-more-btn\" type=\"button\">Load More<\/button><\/div><\/div>[\/et_pb_text][\/et_pb_column][\/et_pb_row][\/et_pb_section]<\/p>\n","protected":false},"excerpt":{"rendered":"<p><div class=\"trip-overlay\"><div class=\"trip-title\"><h1>Resebrickor med titel &#8211; Endast kryssningar<\/h1><\/div><\/div>VACAYA \u00e4r det MEST inkluderande HBT+ Vacation Company p\u00e5 planeten!VACAYA \u00e4r inte bara ditt genomsnittliga semesterf\u00f6retag. Vi \u00e4r den ultimata m\u00e4staren av inklusivitet och s\u00e4tter ribban h\u00f6gt f\u00f6r att f\u00e5 alla att k\u00e4nna sig v\u00e4rdefulla och omfamnade. VACAYA har satt en helt ny standard f\u00f6r m\u00e5ngfald och v\u00e4lkomnar alla sexuella l\u00e4ggningar och k\u00f6nsidentiteter. Till skillnad [&hellip;]<\/p>\n","protected":false},"author":4,"featured_media":0,"parent":62517,"menu_order":0,"comment_status":"closed","ping_status":"closed","template":"","meta":{"_acf_changed":false,"_et_pb_use_builder":"on","_et_pb_old_content":"","_et_gb_content_width":"","_monsterinsights_skip_tracking":false,"_monsterinsights_sitenote_active":false,"_monsterinsights_sitenote_note":"","_monsterinsights_sitenote_category":0,"footnotes":""},"class_list":["post-154672","page","type-page","status-publish","hentry"],"acf":[],"_links":{"self":[{"href":"https:\/\/www.myvacaya.com\/sv\/wp-json\/wp\/v2\/pages\/154672","targetHints":{"allow":["GET"]}}],"collection":[{"href":"https:\/\/www.myvacaya.com\/sv\/wp-json\/wp\/v2\/pages"}],"about":[{"href":"https:\/\/www.myvacaya.com\/sv\/wp-json\/wp\/v2\/types\/page"}],"author":[{"embeddable":true,"href":"https:\/\/www.myvacaya.com\/sv\/wp-json\/wp\/v2\/users\/4"}],"replies":[{"embeddable":true,"href":"https:\/\/www.myvacaya.com\/sv\/wp-json\/wp\/v2\/comments?post=154672"}],"version-history":[{"count":14,"href":"https:\/\/www.myvacaya.com\/sv\/wp-json\/wp\/v2\/pages\/154672\/revisions"}],"predecessor-version":[{"id":154821,"href":"https:\/\/www.myvacaya.com\/sv\/wp-json\/wp\/v2\/pages\/154672\/revisions\/154821"}],"up":[{"embeddable":true,"href":"https:\/\/www.myvacaya.com\/sv\/wp-json\/wp\/v2\/pages\/62517"}],"wp:attachment":[{"href":"https:\/\/www.myvacaya.com\/sv\/wp-json\/wp\/v2\/media?parent=154672"}],"curies":[{"name":"wp","href":"https:\/\/api.w.org\/{rel}","templated":true}]}}