{"id":148993,"date":"2024-03-27T10:12:15","date_gmt":"2024-03-27T14:12:15","guid":{"rendered":"https:\/\/www.myvacaya.com\/vacayas-red-light-district\/"},"modified":"2024-03-27T10:40:56","modified_gmt":"2024-03-27T14:40:56","slug":"vacayas-red-light-district","status":"publish","type":"page","link":"https:\/\/www.myvacaya.com\/sv\/upptack\/vacayas-red-light-district\/","title":{"rendered":"Vacayas Red Light District"},"content":{"rendered":"<p>[et_pb_section fb_built=&#8221;1&#8243; fullwidth=&#8221;on&#8221; admin_label=&#8221;Slider&#8221; module_id=&#8221;slider-sektion-inredning&#8221; _builder_version=&#8221;4.17.6&#8243; _module_preset=&#8221;default&#8221; background_enable_image=&#8221;off&#8221; global_colors_info=&#8221;{}&#8221;][et_pb_fullwidth_code admin_label=&#8221;Slider Overlay&#8221; module_class=&#8221;interior-page-overlay&#8221; _builder_version=&#8221;4.17.6&#8243; _module_preset=&#8221;default&#8221; positioning=&#8221;absolute&#8221; position_origin_a=&#8221;top_right&#8221; position_origin_f=&#8221;top_right&#8221; z_index=&#8221;100&#8243; width=&#8221;50%&#8221; width_tablet=&#8221;50%&#8221; width_phone=&#8221;100%&#8221; width_last_edited=&#8221;on|phone&#8221; height=&#8221;100vh&#8221; global_colors_info=&#8221;{}&#8221;]<div class=\"trip-overlay\"><div class=\"trip-title\"><h1>Vacayas Red Light District<\/h1><\/div><\/div>[\/et_pb_fullwidth_code][et_pb_fullwidth_slider show_arrows=&#8221;off&#8221; admin_label=&#8221;Slider Images&#8221; module_id=&#8221;slider-images&#8221; _builder_version=&#8221;4.23.4&#8243; _module_preset=&#8221;default&#8221; height=&#8221;100vh&#8221; auto=&#8221;on&#8221; global_colors_info=&#8221;{}&#8221;][et_pb_slide _builder_version=&#8221;4.23.4&#8243; _module_preset=&#8221;default&#8221; background_color=&#8221;RGBA(255,255,255,0)&#8221; background_enable_color=&#8221;on&#8221; background_image=&#8221;https:\/\/www.myvacaya.com\/wp-content\/uploads\/2024\/03\/RLD-Hero-Desktop.jpg&#8221; background_enable_image=&#8221;on&#8221; background_last_edited=&#8221;on|phone&#8221; background_image_phone=&#8221;https:\/\/www.myvacaya.com\/wp-content\/uploads\/2024\/03\/RLD-Hero-mobile.jpg&#8221; background_enable_image_phone=&#8221;on&#8221; global_colors_info=&#8221;{}&#8221; sticky_transition=&#8221;on&#8221;][\/et_pb_slide][\/et_pb_fullwidth_slider][\/et_pb_section][et_pb_section fb_built=&#8221;1&#8243; custom_padding_last_edited=&#8221;on|desktop&#8221; _builder_version=&#8221;4.23.4&#8243; _module_preset=&#8221;default&#8221; custom_padding=&#8221;||||false|false&#8221; custom_padding_tablet=&#8221;||||false|false&#8221; custom_padding_phone=&#8221;||||false|false&#8221; global_colors_info=&#8221;{}&#8221;][et_pb_row _builder_version=&#8221;4.17.6&#8243; _module_preset=&#8221;default&#8221; custom_padding=&#8221;||0%||false|false&#8221; global_colors_info=&#8221;{}&#8221;][et_pb_column type=&#8221;4_4&#8243; _builder_version=&#8221;4.17.6&#8243; _module_preset=&#8221;default&#8221; global_colors_info=&#8221;{}&#8221;][et_pb_text _builder_version=&#8221;4.23.4&#8243; _module_preset=&#8221;default&#8221; global_colors_info=&#8221;{}&#8221;]<\/p>\n<p>Kliv in i ett f\u00e4ngslande utrymme d\u00e4r fantasier blir levande och h\u00e4mningar sm\u00e4lter bort i en sexprogressiv lekplats. N\u00e4r du utforskar denna oas kommer du att uppt\u00e4cka en intim v\u00e4rld d\u00e4r oh\u00e4mmad sexuell passion och lust st\u00e5r i centrum. F\u00f6rlora dig sj\u00e4lv i labyrinten, de rytmiska takterna och de lockande st\u00f6nen av gl\u00f6d som h\u00e4nger i luften. V\u00e4lkommen till VACAYAs Red Light District!<\/p>\n<p>VACAYAs RLD \u00e4r en lekplats av sensualitet, noggrant designad f\u00f6r att uppfylla dina djupaste \u00f6nskningar. H\u00e4ng i chillzonen och njut av likasinnade vuxnas s\u00e4llskap i m\u00e5nskenet. N\u00e4r du \u00e4r redo, g\u00e5 in i lekplatsen f\u00f6r att uppleva ett dekadent omr\u00e5de prydd med m\u00f6bler f\u00f6r att piffa upp natten och svag belysning som kastar ett lockande sken. L\u00e5t dig f\u00f6ras till ett rike d\u00e4r njutningen inte har n\u00e5gra gr\u00e4nser.<\/p>\n<p><strong>L\u00e5t oss h\u00f6ra fr\u00e5n n\u00e5gra av v\u00e5ra g\u00e4ster som har upplevt VACAYAs RLD:  <\/strong><\/p>\n<p>[\/et_pb_text][\/et_pb_column][\/et_pb_row][et_pb_row custom_padding_last_edited=&#8221;on|desktop&#8221; _builder_version=&#8221;4.17.6&#8243; _module_preset=&#8221;default&#8221; custom_padding=&#8221;||0%||false|false&#8221; custom_padding_tablet=&#8221;&#8221; custom_padding_phone=&#8221;||||false|false&#8221; global_colors_info=&#8221;{}&#8221;][et_pb_column type=&#8221;4_4&#8243; _builder_version=&#8221;4.17.4&#8243; _module_preset=&#8221;default&#8221; global_colors_info=&#8221;{}&#8221;][et_pb_image src=&#8221;https:\/\/www.myvacaya.com\/wp-content\/uploads\/2024\/03\/Website-Video-RLD-Testimonials-2.jpg&#8221; title_text=&#8221;Webbplatsvideo RLD-rekommendationer 2&#8243; show_bottom_space=&#8221;off&#8221; force_fullwidth=&#8221;on&#8221; admin_label=&#8221;Video Thumbnail&#8221; module_class=&#8221;popmake-148917&#8243; _builder_version=&#8221;4.23.4&#8243; _module_preset=&#8221;default&#8221; scroll_fade_enable=&#8221;on&#8221; global_colors_info=&#8221;{}&#8221;][\/et_pb_image][et_pb_image src=&#8221;https:\/\/www.myvacaya.com\/wp-content\/uploads\/2022\/07\/play-btn.png&#8221; title_text=&#8221;play-btn&#8221; align=&#8221;center&#8221; admin_label=&#8221;Play Button&#8221; module_class=&#8221;popmake-148917&#8243; _builder_version=&#8221;4.23.4&#8243; _module_preset=&#8221;default&#8221; positioning=&#8221;absolute&#8221; position_origin_a=&#8221;center_center&#8221; position_origin_f=&#8221;center_center&#8221; z_index=&#8221;10&#8243; width=&#8221;100%&#8221; global_colors_info=&#8221;{}&#8221;][\/et_pb_image][\/et_pb_column][\/et_pb_row][et_pb_row _builder_version=&#8221;4.17.6&#8243; _module_preset=&#8221;default&#8221; custom_padding=&#8221;||0%||false|false&#8221; global_colors_info=&#8221;{}&#8221;][et_pb_column type=&#8221;4_4&#8243; _builder_version=&#8221;4.17.6&#8243; _module_preset=&#8221;default&#8221; global_colors_info=&#8221;{}&#8221;][et_pb_text _builder_version=&#8221;4.23.4&#8243; _module_preset=&#8221;default&#8221; global_colors_info=&#8221;{}&#8221;]<strong>Varf\u00f6r RLD existerar<\/strong><br \/>\nP\u00e5 VACAYA omfamnar och hyllar vi hela spektrumet av v\u00e5r m\u00e4nskliga existens \u2013 och utnyttjar var och en av v\u00e5ra communitymedlemmars sublima m\u00e4nskliga sanningar och verkligheter. Med bara n\u00e5gra f\u00e5 undantag (vi h\u00e4lsar er, v\u00e5ra asexuella syskon) \u00e4r vi ALLA sexuella varelser. Och f\u00f6r m\u00e5nga i v\u00e5rt samh\u00e4lle \u00e4r sex ett av de mest grundl\u00e4ggande uttrycken f\u00f6r v\u00e5r m\u00e4nsklighet.<\/p>\n<p>S\u00e5 ist\u00e4llet f\u00f6r att skjuta den verkligheten i skymundan som m\u00e5nga andra har gjort, p\u00e5 VACAYA, firar vi den med v\u00e5rt banbrytande Red Light District p\u00e5 v\u00e5ra stora fartygskryssningar och p\u00e5 de flesta av v\u00e5ra resorter. V\u00e5r &#8221;RLD&#8221; \u00e4r bara en av m\u00e5nga aspekter av VACAYA-upplevelsen. Om det h\u00e4r inte \u00e4r din \u00f6k\u00e4nda kopp te, kommer du att bli n\u00f6jd med otaliga andra icke-sexuella alternativ varje kv\u00e4ll.<\/p>\n<p>Om du vill uppleva v\u00e5r RLD \u00e4r det viktigt att f\u00f6rst\u00e5 de grundl\u00e4ggande delarna och etiketten:<\/p>\n<p><strong>N\u00e4r och var.  <\/strong><br \/>\nV\u00e5ra Red Light Districts ligger i utrymmen ombord eller p\u00e5 v\u00e5ra resorter som \u00e4r mest vettiga. Vi tittar p\u00e5 s\u00e4kerhet, integritet, uttr\u00e4de etc. f\u00f6r att best\u00e4mma den b\u00e4sta platsen. P\u00e5 fartyg \u00e4r RLD vanligtvis p\u00e5 sportplanerna p\u00e5 \u00f6vre d\u00e4ck. P\u00e5 v\u00e5ra orter \u00e4r l\u00e4get mer flytande, men vanligtvis n\u00e5got utanf\u00f6r allfartsv\u00e4garna. P\u00e5 de flesta resor med stora fartyg\/resort, \u00f6ppnar v\u00e5r RLD n\u00e5gon g\u00e5ng mellan 22:00-23:00 och p\u00e5g\u00e5r till sm\u00e5timmarna (\u201dpyttetimmarna\u201d definieras som n\u00e4r det finns f\u00e5 personer kvar i lekplatsen och VACAYA RLD Guru Patrick \u00e4r redo att g\u00e5 till s\u00e4ngs. S\u00e5 kom n\u00e4r du \u00e4r redo, kom ofta och njut!).<\/p>\n<p><strong>Sexpositiva och progressiva utrymmen.<\/strong><br \/>\nDen sexpositiva r\u00f6relsen \u00e4r en social och filosofisk r\u00f6relse som str\u00e4var efter att f\u00f6r\u00e4ndra kulturella attityder och normer kring sexualitet, som fr\u00e4mjar erk\u00e4nnandet av sexualitet (och dess otaliga uttrycksformer) som en naturlig och h\u00e4lsosam del av den m\u00e4nskliga upplevelsen och understryker vikten av personlig suver\u00e4nitet, s\u00e4krare sexpraxis och samf\u00f6rst\u00e5ndssex (fritt fr\u00e5n v\u00e5ld eller tv\u00e5ng). Den t\u00e4cker alla aspekter av sexuell identitet inklusive k\u00f6nsuttryck, orientering, relation till kroppen (kroppspositivitet, nakenhet, val), val av relationsstil och reproduktiva r\u00e4ttigheter.<\/p>\n<p>VACAYAs sexuella progressiva natur \u00e4r &#8221;en attityd till m\u00e4nsklig sexualitet som betraktar alla sexuella aktiviteter i samf\u00f6rst\u00e5nd som i grunden h\u00e4lsosamma och njutbara, vilket uppmuntrar sexuell njutning och experimenterande. Den utmanar samh\u00e4lleliga tabun och syftar till att fr\u00e4mja sunda och samf\u00f6rst\u00e5ndsm\u00e4ssiga sexuella aktiviteter. V\u00e5r sexprogressiva natur f\u00f6respr\u00e5kar ocks\u00e5 omfattande sexualundervisning och s\u00e4ker sex som en del av sin position. Vi g\u00f6r i allm\u00e4nhet inga moraliska skillnader mellan olika typer av sexuella aktiviteter, eftersom dessa val \u00e4r personliga preferenser.<\/p>\n<p><strong>Samtycke kr\u00e4vs.<\/strong><br \/>\nN\u00e4r man deltar i RLD \u00e4r att s\u00f6ka samtycke inte bara ett krav, utan en grundl\u00e4ggande aspekt av respekt, v\u00e4rdighet och etiskt uppf\u00f6rande. Den f\u00f6rkroppsligar erk\u00e4nnandet av individuell autonomi och r\u00e4tten till sj\u00e4lvbest\u00e4mmande. Att erh\u00e5lla uttryckligt samtycke skapar en grund av f\u00f6rtroende och s\u00e4kerst\u00e4ller att alla inblandade parter \u00e4r villiga deltagare. Det fr\u00e4mjar en kultur av \u00f6msesidig f\u00f6rst\u00e5else, d\u00e4r gr\u00e4nser erk\u00e4nns och respekteras, vilket i slut\u00e4ndan fr\u00e4mjar h\u00e4lsosammare och mer meningsfulla kontakter. V\u00c4NLIGEN S\u00d6K OCH ERH\u00c5LL SAMTYCKE INNAN DU DELGER I N\u00c5GRA AKTIVITETER INOM RLD.<\/p>\n<p><strong>M\u00e4nniskor s\u00f6ker och ger samtycke p\u00e5 olika s\u00e4tt.<\/strong><br \/>\nOavsett om det sker genom verbal kommunikation eller icke-verbala signaler som ber\u00f6ring, \u00e4r det avg\u00f6rande att k\u00e4nna igen olika kommunikationsstilar f\u00f6r att fr\u00e4mja \u00f6msesidig f\u00f6rst\u00e5else och s\u00e4kerst\u00e4lla att alla interaktioner \u00e4r samf\u00f6rst\u00e5ndsfulla och respektfulla. Dessutom \u00e4r det viktigt att f\u00f6rst\u00e5 att anonym famlande och ber\u00f6ring kan f\u00f6rekomma i vissa utrymmen, och individer b\u00f6r vara beredda att hantera s\u00e5dana situationer p\u00e5 ett sj\u00e4lvs\u00e4kert s\u00e4tt. Oavsett hur samtycke s\u00f6ks beh\u00e5ller alla m\u00f6jligheten att neka samtycke; om n\u00e5gon r\u00f6r vid dig kan du uttrycka icke-samtycke eller f\u00f6rsiktigt avvisa dem eller flytta bort handen.<\/p>\n<p><strong>Nej betyder nej.  <\/strong><br \/>\nDetta borde vara sj\u00e4lvklart, men &#8221;nej betyder nej&#8221; i alla former av kommunikation. Oavsett om n\u00e5gon uttrycker ointresse verbalt, fysiskt eller genom kroppsspr\u00e5k, \u00e4r det viktigt att respektera sina gr\u00e4nser och avst\u00e5 fr\u00e5n att vara p\u00e5tr\u00e4ngande eller respektl\u00f6s. F\u00f6rs\u00f6k inte initiera lek om n\u00e5gon g\u00e5r d\u00e4rifr\u00e5n, skakar p\u00e5 huvudet, trycker bort handen eller p\u00e5 annat s\u00e4tt avb\u00f6jer via kroppsspr\u00e5k. Var inte p\u00e5tr\u00e4ngande eller of\u00f6rsk\u00e4md. Var medveten om ditt kroppsspr\u00e5k och andras kroppsspr\u00e5k och kom ih\u00e5g att icke-verbalt samtycke blir sv\u00e5rare att l\u00e4sa n\u00e4r alkohol \u00e4r inblandat. Om du \u00e4r berusad kommer du att bli ombedd att l\u00e4mna utrymmet av VACAYA RLD-monitorn oavsett om n\u00e5gon har klagat eller inte. F\u00f6r de som s\u00f6ker samtycke i en icke-verbal metod, v\u00e4nligen h\u00e5ll denna enkla regel i \u00e5tanke: var inte en skitst\u00f6vel. Tvinga dig inte p\u00e5 n\u00e5gon om de tydligt v\u00e4grar samtycke. Att g\u00f6ra det blir misshandel. Att inte respektera samtycke \u00e4r inte sexigt; det \u00e4r trakasserier. Och att driva det f\u00f6r l\u00e5ngt kan vara brottsligt.<\/p>\n<p><strong>L\u00e5t oss h\u00f6ra fr\u00e5n Marie och Steve, v\u00e5ra sexperter, n\u00e4r de belyser hur samtycke varierar mellan endast manliga och queera utrymmen:  <\/strong>[\/et_pb_text][\/et_pb_column][\/et_pb_row][et_pb_row custom_padding_last_edited=&#8221;on|desktop&#8221; _builder_version=&#8221;4.17.6&#8243; _module_preset=&#8221;default&#8221; custom_padding=&#8221;||0%||false|false&#8221; custom_padding_tablet=&#8221;&#8221; custom_padding_phone=&#8221;||||false|false&#8221; global_colors_info=&#8221;{}&#8221;][et_pb_column type=&#8221;4_4&#8243; _builder_version=&#8221;4.17.4&#8243; _module_preset=&#8221;default&#8221; global_colors_info=&#8221;{}&#8221;][et_pb_image src=&#8221;https:\/\/www.myvacaya.com\/wp-content\/uploads\/2024\/03\/Consent-Website-Video-Thumbnail.jpg&#8221; title_text=&#8221;Webbplatsvideominiatyr f\u00f6r samtycke&#8221; show_bottom_space=&#8221;off&#8221; force_fullwidth=&#8221;on&#8221; admin_label=&#8221;Video Thumbnail&#8221; module_class=&#8221;popmake-148946&#8243; _builder_version=&#8221;4.23.4&#8243; _module_preset=&#8221;default&#8221; scroll_fade_enable=&#8221;on&#8221; global_colors_info=&#8221;{}&#8221;][\/et_pb_image][et_pb_image src=&#8221;https:\/\/www.myvacaya.com\/wp-content\/uploads\/2022\/07\/play-btn.png&#8221; title_text=&#8221;play-btn&#8221; align=&#8221;center&#8221; admin_label=&#8221;Play Button&#8221; module_class=&#8221;popmake-148946&#8243; _builder_version=&#8221;4.23.4&#8243; _module_preset=&#8221;default&#8221; positioning=&#8221;absolute&#8221; position_origin_a=&#8221;center_center&#8221; position_origin_f=&#8221;center_center&#8221; z_index=&#8221;10&#8243; width=&#8221;100%&#8221; global_colors_info=&#8221;{}&#8221;][\/et_pb_image][\/et_pb_column][\/et_pb_row][et_pb_row _builder_version=&#8221;4.23.4&#8243; _module_preset=&#8221;default&#8221; custom_padding=&#8221;||||false|false&#8221; global_colors_info=&#8221;{}&#8221;][et_pb_column type=&#8221;4_4&#8243; _builder_version=&#8221;4.17.6&#8243; _module_preset=&#8221;default&#8221; global_colors_info=&#8221;{}&#8221;][et_pb_text _builder_version=&#8221;4.23.4&#8243; _module_preset=&#8221;default&#8221; global_colors_info=&#8221;{}&#8221;]<strong>Underf\u00f6rst\u00e5tt samtycke \u00e4r m\u00f6jligt, men kan \u00e5terkallas.<\/strong><br \/>\nOm n\u00e5gon har \u00f6gonbindel och p\u00e5 alla fyra ger de dig sannolikt icke-verbalt samtycke till att ha sex med dem. Om en kille st\u00e5r d\u00e4r med sin kuk i handen, kan han ge dig icke-verbalt samtycke till att n\u00e4rma sig och sannolikt ge honom oralsex. Vissa evenemang har Glory Holes. Glory Holes \u00e4r en annan plats d\u00e4r det finns ett visst m\u00e5tt av underf\u00f6rst\u00e5tt samtycke eftersom en del av sp\u00e4nningen f\u00f6r villiga deltagare \u00e4r att de inte kan se personen p\u00e5 andra sidan Glory Hole. Om n\u00e5gon d\u00e4remot drar sig undan eller p\u00e5 annat s\u00e4tt signalerar en f\u00f6r\u00e4ndring i avsikten betyder det att de har avb\u00f6jt samtycke.<\/p>\n<p><strong>Fr\u00e5ga om du \u00e4r os\u00e4ker. Om n\u00e5got h\u00e4nder, ber\u00e4tta f\u00f6r n\u00e5gon.<\/strong><br \/>\nDet \u00e4r acceptabelt att be om f\u00f6rtydligande fr\u00e5n en RLD-deltagare eller <strong>VACAYA RLD Monitor<\/strong> . Och om du st\u00f6ter p\u00e5 ett beteende som faller utanf\u00f6r parametrarna ovan och du k\u00e4nner att ditt utrymme har kr\u00e4nkts, informera VACAYA RLD Monitor eller en V-teammedlem. Om det finns ett klagom\u00e5l kommer v\u00e5r RLD-\u00f6vervakare att g\u00e5 in och p\u00e5minna alla om vad policyerna \u00e4r f\u00f6r att se till att det inte h\u00e4nder igen. Om det \u00e4r ett allvarligt problem kan monitorn st\u00e4nga av RLD f\u00f6r natten. Men generellt sett s\u00e4kerst\u00e4ller RLD Monitor att RLD \u00e4r snyggt, svarar p\u00e5 fr\u00e5gor och hj\u00e4lper till att skapa ett s\u00e4kert, sensuellt utrymme f\u00f6r v\u00e5ra g\u00e4ster.<\/p>\n<p><strong>L\u00e5t inte avslag f\u00f6rst\u00f6ra din natt.<\/strong><br \/>\nVissa m\u00e4nniskor kommer att vilja spela med dig, andra vill helt enkelt inte. Personen du har tittat p\u00e5 hela natten kanske inte \u00e4r inne p\u00e5 dig, och det \u00e4r okej. Acceptera det och vet att det \u00e4r en del av verkligheten i varje lekplats.<\/p>\n<p><strong>Respektera integriteten. Inga foton eller videobilder.<\/strong><br \/>\nRed Light District \u00e4r ett st\u00e4lle som m\u00e4nniskor g\u00e5r till f\u00f6r att vara oh\u00e4mmade, f\u00f6r att bryta sig loss fr\u00e5n samh\u00e4llets moral och d\u00f6mande, och uppfylla sina sexuella fantasier. Att respektera andras integritet \u00e4r nyckeln till att uppr\u00e4tth\u00e5lla den atmosf\u00e4ren. Att prata om andra deltagare utanf\u00f6r dessa st\u00e4llen reflekterar d\u00e5ligt p\u00e5 dig och f\u00f6rringar syftet med utrymmet. KAMEROR \u00c4R INTE TILL\u00c5TNA I R\u00d6TT LJUS-DISTRIKTET.<\/p>\n<p><strong>Om du v\u00e4ljer att ha oskyddat sex, ta riskerna.<\/strong><br \/>\nAllt sex medf\u00f6r en viss risk f\u00f6r HIV\/STI-\u00f6verf\u00f6ring, men den risken kan minimeras om du vidtar vissa f\u00f6rsiktighets\u00e5tg\u00e4rder, som att anv\u00e4nda kondom eller ta PrEP. \u00c4ven med kondomer \u00e4r du fortfarande i riskzonen f\u00f6r vanliga sexuellt \u00f6verf\u00f6rbara infektioner, och PrEP skyddar dig bara fr\u00e5n HIV. Det \u00e4r d\u00e4rf\u00f6r den officiella PrEP-sidan p\u00e5 CDC:s webbplats s\u00e4ger att du b\u00f6r anv\u00e4nda kondomer tillsammans med PrEP f\u00f6r att skydda dig mot infektioner som syfilis, klamydia och gonorr\u00e9.<\/p>\n<p>Om du v\u00e4ljer att inte anv\u00e4nda kondom har du sj\u00e4lvklart en h\u00f6gre risk att f\u00e5 en STI \u00e4n dina kondomb\u00e4rande j\u00e4mn\u00e5riga. Det \u00e4r ett enkelt faktum. Det \u00e4r dock ingen skam i det. Det \u00e4r bara ett faktum i sexlivet idag. Om du gillar anonymt spel \u2013 inget snack, inga namn, inget prat \u2013 tar du en \u00e4nnu h\u00f6gre risk, och en s\u00e5dan risk \u00e4r absolut en del av denna typ av upplevelse.<\/p>\n<p>Eftersom risken \u00e4r oundviklig, finns det ingen anledning att l\u00e5ta den verkligheten hindra dig fr\u00e5n att njuta av det du tycker om. Ta n\u00f6dv\u00e4ndiga \u00e5tg\u00e4rder f\u00f6r att h\u00e5lla dig frisk. Testa dig ofta. Om du \u00e4r HIV+, ta medicin s\u00e5 snart som m\u00f6jligt och ta dem flitigt. HIV+-personer som tar sina mediciner enligt ordination kan bli om\u00f6jliga att uppt\u00e4cka, vilket inneb\u00e4r att HIV-antikroppstester inte kan uppt\u00e4cka viruset i deras blod, och sannolikheten f\u00f6r att viruset ska \u00f6verf\u00f6ras till sina partner \u00e4r &#8221;\u00f6verdrivet l\u00e5g.&#8221; Ouppt\u00e4ckbar = Ej \u00f6verf\u00f6rbar (U=U).<\/p>\n<p><strong>Testa dig f\u00f6r hiv och andra sexuellt \u00f6verf\u00f6rbara sjukdomar f\u00f6re OCH efter evenemanget.<\/strong><br \/>\nOm du g\u00f6r n\u00e5got mer \u00e4n att observera \u00e4r det sj\u00e4lvklart att alla ska testas f\u00f6r sexuellt \u00f6verf\u00f6rbara infektioner b\u00e5de f\u00f6re och efter en VACAYA-semester d\u00e4r du planerar att bes\u00f6ka Red Light District. Frekventa tester \u00e4r hur v\u00e5rt samh\u00e4lle minskar spridningen av HIV och andra sexuellt \u00f6verf\u00f6rbara infektioner.<\/p>\n<p><strong>Ha kul och utforska dina tidigare gr\u00e4nser.<\/strong><br \/>\nMest av allt, ha kul. RLD \u00e4r en s\u00e4ker plats att utforska och till och med skjuta bortom tidigare sexuella gr\u00e4nser, d\u00e4r individer fritt kan omfamna sina \u00f6nskningar och nyfikenheter utan r\u00e4dsla f\u00f6r att d\u00f6ma eller skada. Det erbjuder en st\u00f6djande milj\u00f6 f\u00f6r personlig tillv\u00e4xt och uppt\u00e4ckt, och uppmuntrar deltagarna att engagera sig i samf\u00f6rst\u00e5ndsupplevelser som uppfyller deras \u00f6nskningar och vidgar deras sexuella horisonter. Oavsett om de s\u00f6ker nya \u00e4ventyr eller f\u00f6rdjupar befintliga f\u00f6rbindelser, fr\u00e4mjar RLD en kultur av \u00f6ppenhet och acceptans, d\u00e4r individer kan uttrycka sig autentiskt och omfamna njutningen av utforskning.[\/et_pb_text][\/et_pb_column][\/et_pb_row][\/et_pb_section]<\/p>\n","protected":false},"excerpt":{"rendered":"<p><div class=\"trip-overlay\"><div class=\"trip-title\"><h1>Resebrickor med titel &#8211; Endast kryssningar<\/h1><\/div><\/div>Kliv in i ett f\u00e4ngslande utrymme d\u00e4r fantasier blir levande och h\u00e4mningar sm\u00e4lter bort i en sexprogressiv lekplats. N\u00e4r du utforskar denna oas kommer du att uppt\u00e4cka en intim v\u00e4rld d\u00e4r oh\u00e4mmad sexuell passion och lust st\u00e5r i centrum. F\u00f6rlora dig sj\u00e4lv i labyrinten, de rytmiska takterna och de lockande st\u00f6nen av gl\u00f6d som h\u00e4nger [&hellip;]<\/p>\n","protected":false},"author":1,"featured_media":0,"parent":62517,"menu_order":0,"comment_status":"closed","ping_status":"closed","template":"","meta":{"_acf_changed":false,"_et_pb_use_builder":"on","_et_pb_old_content":"","_et_gb_content_width":"","_monsterinsights_skip_tracking":false,"_monsterinsights_sitenote_active":false,"_monsterinsights_sitenote_note":"","_monsterinsights_sitenote_category":0,"footnotes":""},"class_list":["post-148993","page","type-page","status-publish","hentry"],"acf":[],"_links":{"self":[{"href":"https:\/\/www.myvacaya.com\/sv\/wp-json\/wp\/v2\/pages\/148993","targetHints":{"allow":["GET"]}}],"collection":[{"href":"https:\/\/www.myvacaya.com\/sv\/wp-json\/wp\/v2\/pages"}],"about":[{"href":"https:\/\/www.myvacaya.com\/sv\/wp-json\/wp\/v2\/types\/page"}],"author":[{"embeddable":true,"href":"https:\/\/www.myvacaya.com\/sv\/wp-json\/wp\/v2\/users\/1"}],"replies":[{"embeddable":true,"href":"https:\/\/www.myvacaya.com\/sv\/wp-json\/wp\/v2\/comments?post=148993"}],"version-history":[{"count":6,"href":"https:\/\/www.myvacaya.com\/sv\/wp-json\/wp\/v2\/pages\/148993\/revisions"}],"predecessor-version":[{"id":149043,"href":"https:\/\/www.myvacaya.com\/sv\/wp-json\/wp\/v2\/pages\/148993\/revisions\/149043"}],"up":[{"embeddable":true,"href":"https:\/\/www.myvacaya.com\/sv\/wp-json\/wp\/v2\/pages\/62517"}],"wp:attachment":[{"href":"https:\/\/www.myvacaya.com\/sv\/wp-json\/wp\/v2\/media?parent=148993"}],"curies":[{"name":"wp","href":"https:\/\/api.w.org\/{rel}","templated":true}]}}