{"id":148067,"date":"2024-03-05T09:38:43","date_gmt":"2024-03-05T14:38:43","guid":{"rendered":"https:\/\/www.myvacaya.com\/affiliate-program\/"},"modified":"2024-03-06T09:47:42","modified_gmt":"2024-03-06T14:47:42","slug":"affiliate-program","status":"publish","type":"page","link":"https:\/\/www.myvacaya.com\/sv\/affiliate-program\/","title":{"rendered":"Affiliate-program"},"content":{"rendered":"<p>[et_pb_section fb_built=&#8221;1&#8243; fullwidth=&#8221;on&#8221; admin_label=&#8221;Slider&#8221; module_id=&#8221;slider-sektion-inredning&#8221; _builder_version=&#8221;4.17.6&#8243; _module_preset=&#8221;default&#8221; background_enable_image=&#8221;off&#8221; global_colors_info=&#8221;{}&#8221;][et_pb_fullwidth_code admin_label=&#8221;Slider Overlay&#8221; module_class=&#8221;interior-page-overlay&#8221; _builder_version=&#8221;4.17.6&#8243; _module_preset=&#8221;default&#8221; positioning=&#8221;absolute&#8221; position_origin_a=&#8221;top_right&#8221; position_origin_f=&#8221;top_right&#8221; z_index=&#8221;100&#8243; width=&#8221;50%&#8221; width_tablet=&#8221;50%&#8221; width_phone=&#8221;100%&#8221; width_last_edited=&#8221;on|phone&#8221; height=&#8221;100vh&#8221; global_colors_info=&#8221;{}&#8221;]<div class=\"trip-overlay\"><div class=\"trip-title\"><h1>Affiliate-program<\/h1><\/div><\/div>[\/et_pb_fullwidth_code][et_pb_fullwidth_slider show_arrows=&#8221;off&#8221; admin_label=&#8221;Slider Images&#8221; module_id=&#8221;slider-images&#8221; _builder_version=&#8221;4.23.4&#8243; _module_preset=&#8221;default&#8221; height=&#8221;100vh&#8221; auto=&#8221;on&#8221; global_colors_info=&#8221;{}&#8221;][et_pb_slide _builder_version=&#8221;4.23.4&#8243; _module_preset=&#8221;default&#8221; background_color=&#8221;RGBA(255,255,255,0)&#8221; background_enable_color=&#8221;on&#8221; background_image=&#8221;https:\/\/www.myvacaya.com\/wp-content\/uploads\/2024\/03\/Blog-Hero-Desktop.jpg&#8221; background_enable_image=&#8221;on&#8221; background_last_edited=&#8221;on|phone&#8221; background_image_phone=&#8221;https:\/\/www.myvacaya.com\/wp-content\/uploads\/2024\/03\/Blog-Hero-Mobile-Affiliate-Program.jpg&#8221; background_enable_image_phone=&#8221;on&#8221; global_colors_info=&#8221;{}&#8221; sticky_transition=&#8221;on&#8221;][\/et_pb_slide][\/et_pb_fullwidth_slider][\/et_pb_section][et_pb_section fb_built=&#8221;1&#8243; custom_padding_last_edited=&#8221;on|phone&#8221; _builder_version=&#8221;4.17.6&#8243; _module_preset=&#8221;default&#8221; custom_padding=&#8221;||0%||false|false&#8221; custom_padding_tablet=&#8221;||||false|false&#8221; custom_padding_phone=&#8221;||||false|false&#8221; global_colors_info=&#8221;{}&#8221;][et_pb_row _builder_version=&#8221;4.17.6&#8243; _module_preset=&#8221;default&#8221; custom_padding=&#8221;||0%||false|false&#8221; global_colors_info=&#8221;{}&#8221;][et_pb_column type=&#8221;4_4&#8243; _builder_version=&#8221;4.17.6&#8243; _module_preset=&#8221;default&#8221; global_colors_info=&#8221;{}&#8221;][et_pb_text admin_label=&#8221;Section Title &#8211; H2&#8243; _builder_version=&#8221;4.23.4&#8243; _module_preset=&#8221;default&#8221; text_letter_spacing=&#8221;1.8px&#8221; text_line_height=&#8221;22px&#8221; header_2_font=&#8221;Futura Bold|||on|||||&#8221; header_2_text_align=&#8221;center&#8221; header_2_text_color=&#8221;#000000&#8243; header_2_font_size=&#8221;30px&#8221; header_2_letter_spacing=&#8221;1.8px&#8221; header_2_line_height=&#8221;36px&#8221; header_3_font=&#8221;Futura Bold|||on|||||&#8221; header_3_text_align=&#8221;center&#8221; header_3_text_color=&#8221;#000000&#8243; header_3_font_size=&#8221;18px&#8221; header_3_letter_spacing=&#8221;1.8px&#8221; header_3_line_height=&#8221;24px&#8221; custom_margin=&#8221;||||false|false&#8221; custom_padding=&#8221;||||false|false&#8221; custom_padding_tablet=&#8221;||||false|false&#8221; custom_padding_phone=&#8221;||||false|false&#8221; custom_padding_last_edited=&#8221;on|phone&#8221; global_colors_info=&#8221;{}&#8221;]<\/p>\n<h2>V\u00c4LKOMMEN TILL VACAYA HBT+ VACATIONS<br \/>\nTack f\u00f6r ditt intresse f\u00f6r v\u00e5rt affiliateprogram<\/h2>\n<p>[\/et_pb_text][et_pb_text admin_label=&#8221;Section Title &#8211; H3&#8243; _builder_version=&#8221;4.23.4&#8243; _module_preset=&#8221;default&#8221; header_3_font=&#8221;Futura Bold|||on|||||&#8221; header_3_text_align=&#8221;center&#8221; header_3_text_color=&#8221;#000000&#8243; header_3_font_size=&#8221;18px&#8221; header_3_letter_spacing=&#8221;1.8px&#8221; header_3_line_height=&#8221;24px&#8221; custom_margin=&#8221;||||false|false&#8221; custom_margin_tablet=&#8221;||||false|false&#8221; custom_margin_phone=&#8221;||||false|false&#8221; custom_margin_last_edited=&#8221;on|phone&#8221; custom_padding=&#8221;||||false|false&#8221; custom_padding_tablet=&#8221;&#8221; custom_padding_phone=&#8221;&#8221; custom_padding_last_edited=&#8221;on|phone&#8221; global_colors_info=&#8221;{}&#8221;]<\/p>\n<h3>HUR DET FUNGERAR<\/h3>\n<p>[\/et_pb_text][\/et_pb_column][\/et_pb_row][et_pb_row column_structure=&#8221;1_2,1_2&#8243; _builder_version=&#8221;4.23.4&#8243; _module_preset=&#8221;default&#8221; global_colors_info=&#8221;{}&#8221;][et_pb_column type=&#8221;1_2&#8243; _builder_version=&#8221;4.23.4&#8243; _module_preset=&#8221;default&#8221; global_colors_info=&#8221;{}&#8221;][et_pb_image src=&#8221;https:\/\/www.myvacaya.com\/wp-content\/uploads\/2024\/03\/Graphic-for-web-page.jpg&#8221; title_text=&#8221;Grafik f\u00f6r webbsida&#8221; force_fullwidth=&#8221;on&#8221; _builder_version=&#8221;4.23.4&#8243; _module_preset=&#8221;default&#8221; global_colors_info=&#8221;{}&#8221;][\/et_pb_image][\/et_pb_column][et_pb_column type=&#8221;1_2&#8243; _builder_version=&#8221;4.23.4&#8243; _module_preset=&#8221;default&#8221; global_colors_info=&#8221;{}&#8221;][et_pb_text _builder_version=&#8221;4.23.4&#8243; _module_preset=&#8221;default&#8221; text_font_size=&#8221;24px&#8221; text_line_height=&#8221;30px&#8221; global_colors_info=&#8221;{}&#8221;]1. Registrera dig. Det \u00e4r helt GRATIS. Allt du beh\u00f6ver g\u00f6ra \u00e4r att skapa ett konto f\u00f6r att komma ig\u00e5ng.<\/p>\n<p>2. S\u00e4tt din affiliate-l\u00e4nk p\u00e5 din webbplats eller dela den med andra via din blogg eller sociala medier.<\/p>\n<p>3. Tj\u00e4na en provision varje g\u00e5ng n\u00e5gon k\u00f6per en av v\u00e5ra semesterresor.<\/p>\n<p>4.Tj\u00e4na en provision varje g\u00e5ng n\u00e5gon registrerar sig f\u00f6r v\u00e5rt nyhetsbrev via din l\u00e4nk.[\/et_pb_text][\/et_pb_column][\/et_pb_row][et_pb_row _builder_version=&#8221;4.23.4&#8243; _module_preset=&#8221;default&#8221; global_colors_info=&#8221;{}&#8221;][et_pb_column type=&#8221;4_4&#8243; _builder_version=&#8221;4.23.4&#8243; _module_preset=&#8221;default&#8221; global_colors_info=&#8221;{}&#8221;][et_pb_text admin_label=&#8221;Section Title &#8211; H3&#8243; _builder_version=&#8221;4.23.4&#8243; _module_preset=&#8221;default&#8221; header_3_font=&#8221;Futura Bold|||on|||||&#8221; header_3_text_align=&#8221;center&#8221; header_3_text_color=&#8221;#000000&#8243; header_3_font_size=&#8221;18px&#8221; header_3_letter_spacing=&#8221;1.8px&#8221; header_3_line_height=&#8221;24px&#8221; custom_margin=&#8221;||||false|false&#8221; custom_margin_tablet=&#8221;||||false|false&#8221; custom_margin_phone=&#8221;||||false|false&#8221; custom_margin_last_edited=&#8221;on|phone&#8221; custom_padding=&#8221;||||false|false&#8221; custom_padding_tablet=&#8221;&#8221; custom_padding_phone=&#8221;&#8221; custom_padding_last_edited=&#8221;on|phone&#8221; global_colors_info=&#8221;{}&#8221;]<\/p>\n<h3>VAD V\u00c5RA AFFILIATES \u00c4LSKAR MED VACAYA<\/h3>\n<p>[\/et_pb_text][et_pb_text _builder_version=&#8221;4.23.4&#8243; _module_preset=&#8221;default&#8221; text_font_size=&#8221;24px&#8221; text_line_height=&#8221;30px&#8221; global_colors_info=&#8221;{}&#8221;]<\/p>\n<p>\u2022 Provisionsintervall fr\u00e5n 20 USD f\u00f6r varje f\u00f6rs\u00e4ljning du h\u00e4nvisar till<\/p>\n<p>\u2022 1,00 USD i provision p\u00e5 varje h\u00e4nvisning till VACAYA-nyhetsbrevet<\/p>\n<p>\u2022 Kreativa tillg\u00e5ngar: L\u00e4nkar, banners, videor och konsumentkampanjer f\u00f6r att \u00f6ka konverteringarna<\/p>\n<p>\u2022 Varum\u00e4rkesk\u00e4nnedom och lojalitet<\/p>\n<p>[\/et_pb_text][et_pb_button button_url=&#8221;https:\/\/www.myvacaya.com\/wp-content\/uploads\/2024\/03\/VACAYA_Affiliate_Instructions.pdf&#8221; url_new_window=&#8221;on&#8221; button_text=&#8221;LADDA NER S\u00d6KANDE INSTRUKTIONER&#8221; button_alignment=&#8221;center&#8221; module_class=&#8221;btn-pink&#8221; _builder_version=&#8221;4.23.4&#8243; _module_preset=&#8221;default&#8221; custom_button=&#8221;on&#8221; button_border_width=&#8221;0px&#8221; button_border_color=&#8221;RGBA(255,255,255,0)&#8221; button_use_icon=&#8221;off&#8221; custom_padding=&#8221;12px|70px|12px|70px|false|false&#8221; global_colors_info=&#8221;{}&#8221;][\/et_pb_button][et_pb_button button_url=&#8221;https:\/\/account.shareasale.com\/newsignup.cfm&#8221; url_new_window=&#8221;on&#8221; button_text=&#8221;ANS\u00d6K NU P\u00c5 SHAREASALE.COM&#8221; button_alignment=&#8221;center&#8221; admin_label=&#8221;APPLY BUTTON&#8221; module_class=&#8221;btn-pink&#8221; _builder_version=&#8221;4.23.4&#8243; _module_preset=&#8221;default&#8221; custom_button=&#8221;on&#8221; button_text_color=&#8221;#FFFFFF&#8221; button_border_width=&#8221;0px&#8221; button_border_color=&#8221;#fa0375&#8243; button_use_icon=&#8221;off&#8221; custom_padding=&#8221;12px|70px|12px|70px|false|false&#8221; hover_enabled=&#8221;0&#8243; global_colors_info=&#8221;{}&#8221; button_bg_enable_color=&#8221;off&#8221; sticky_enabled=&#8221;0&#8243;][\/et_pb_button][\/et_pb_column][\/et_pb_row][et_pb_row _builder_version=&#8221;4.23.4&#8243; _module_preset=&#8221;default&#8221; global_colors_info=&#8221;{}&#8221;][et_pb_column type=&#8221;4_4&#8243; _builder_version=&#8221;4.23.4&#8243; _module_preset=&#8221;default&#8221; global_colors_info=&#8221;{}&#8221;][et_pb_text admin_label=&#8221;Section Title &#8211; H3&#8243; _builder_version=&#8221;4.23.4&#8243; _module_preset=&#8221;default&#8221; header_3_font=&#8221;Futura Bold|||on|||||&#8221; header_3_text_align=&#8221;center&#8221; header_3_text_color=&#8221;#000000&#8243; header_3_font_size=&#8221;18px&#8221; header_3_letter_spacing=&#8221;1.8px&#8221; header_3_line_height=&#8221;24px&#8221; custom_margin=&#8221;||||false|false&#8221; custom_margin_tablet=&#8221;||||false|false&#8221; custom_margin_phone=&#8221;||||false|false&#8221; custom_margin_last_edited=&#8221;on|phone&#8221; custom_padding=&#8221;||||false|false&#8221; custom_padding_tablet=&#8221;&#8221; custom_padding_phone=&#8221;&#8221; custom_padding_last_edited=&#8221;on|phone&#8221; global_colors_info=&#8221;{}&#8221;]<\/p>\n<h3>FINSTRYCK<\/h3>\n<p>[\/et_pb_text][et_pb_text _builder_version=&#8221;4.23.4&#8243; _module_preset=&#8221;default&#8221; text_font_size=&#8221;24px&#8221; text_line_height=&#8221;30px&#8221; global_colors_info=&#8221;{}&#8221;]<\/p>\n<p>\u2022 OM DU \u00c4R EN KUPONGWEBBPLATS, RABATTSAJT, GRANSKA WEBBPLATS ELLER FR\u00c4MJAR TEKNIKER F\u00d6R PENNINGSMIDDEL, ANS\u00d6K INTE. DU KOMMER INTE ACCEPTERAS. DINA WEBBPLATS M\u00c5STE T\u00c4CKA HBT+ OCH\/ELLER RESRELATERADE \u00c4MNEN AV INTRESSE F\u00d6R HBT+-COMMUNIONEN. ALLA ANDRA KOMMER AVVISAS.<\/p>\n<p>\u2022 VACAYA till\u00e5ter inte varum\u00e4rke, varum\u00e4rke plus budgivning eller felstavningar av varum\u00e4rket.<\/p>\n<p>\u2022 Konsumenter m\u00e5ste boka direkt med VACAYA fr\u00e5n din affiliate-l\u00e4nk f\u00f6r att du ska f\u00e5 betalt. Ingen Affiliate-provision betalas om konsumenten senare bokar via en resebyr\u00e5.<\/p>\n<p>\u2022 VACAYA Affiliates \u00e4r exklusiva och marknadsf\u00f6r inte konkurrerande varum\u00e4rken.<\/p>\n<p>\u2022 Kupongsajter ej till\u00e5tna.<\/p>\n<p>\u2022 R\u00e4kna med att h\u00f6ra fr\u00e5n oss ang\u00e5ende din ans\u00f6kan inom 7 arbetsdagar.<\/p>\n<p>[\/et_pb_text][\/et_pb_column][\/et_pb_row][et_pb_row _builder_version=&#8221;4.23.4&#8243; _module_preset=&#8221;default&#8221; global_colors_info=&#8221;{}&#8221;][et_pb_column type=&#8221;4_4&#8243; _builder_version=&#8221;4.23.4&#8243; _module_preset=&#8221;default&#8221; global_colors_info=&#8221;{}&#8221;][et_pb_text admin_label=&#8221;Section Title &#8211; H3&#8243; _builder_version=&#8221;4.23.4&#8243; _module_preset=&#8221;default&#8221; header_3_font=&#8221;Futura Bold|||on|||||&#8221; header_3_text_align=&#8221;center&#8221; header_3_text_color=&#8221;#000000&#8243; header_3_font_size=&#8221;18px&#8221; header_3_letter_spacing=&#8221;1.8px&#8221; header_3_line_height=&#8221;24px&#8221; custom_margin=&#8221;||||false|false&#8221; custom_margin_tablet=&#8221;||||false|false&#8221; custom_margin_phone=&#8221;||||false|false&#8221; custom_margin_last_edited=&#8221;on|phone&#8221; custom_padding=&#8221;||||false|false&#8221; custom_padding_tablet=&#8221;&#8221; custom_padding_phone=&#8221;&#8221; custom_padding_last_edited=&#8221;on|phone&#8221; global_colors_info=&#8221;{}&#8221;]<\/p>\n<h3>VILKA VI \u00c4R<\/h3>\n<p>[\/et_pb_text][et_pb_text _builder_version=&#8221;4.23.4&#8243; _module_preset=&#8221;default&#8221; text_font_size=&#8221;24px&#8221; text_line_height=&#8221;30px&#8221; global_colors_info=&#8221;{}&#8221;]<\/p>\n<p>VACAYA \u00e4r ett nytt f\u00f6rh\u00e5llningss\u00e4tt till HBT+-resor, en helt fokuserad p\u00e5 HBT+-g\u00e4ster och skapar minnesv\u00e4rda skr\u00e4ddarsydda upplevelser byggda kring fantastiska destinationer, fantastisk underh\u00e5llning, g\u00e4stfrihet i v\u00e4rldsklass och o\u00e4ndligt roligt! VACAYAs full-ship- och full-resort-semester \u00e4r byggda f\u00f6r hela LGBTQIAPK-communityt, s\u00e5 g\u00e4sterna har friheten att uttrycka sin individualitet, skapa personliga kontakter, fira livet, reva upp eller helt enkelt koppla av &#8230; tillsammans. S\u00e5 om n\u00e5gon tror att &#8221;k\u00e4rlek \u00e4r k\u00e4rlek&#8221;, s\u00e5 h\u00f6r de hemma p\u00e5 en VACAYA-semester. Kontakta hank@advertisepurple.com om du har fr\u00e5gor.<\/p>\n<p>[\/et_pb_text][\/et_pb_column][\/et_pb_row][\/et_pb_section]<\/p>\n","protected":false},"excerpt":{"rendered":"<p><div class=\"trip-overlay\"><div class=\"trip-title\"><h1>Resebrickor med titel &#8211; Endast kryssningar<\/h1><\/div><\/div>V\u00c4LKOMMEN TILL VACAYA HBT+ VACATIONS Tack f\u00f6r ditt intresse f\u00f6r v\u00e5rt affiliateprogramHUR DET FUNGERAR1. Registrera dig. Det \u00e4r helt GRATIS. Allt du beh\u00f6ver g\u00f6ra \u00e4r att skapa ett konto f\u00f6r att komma ig\u00e5ng. 2. S\u00e4tt din affiliate-l\u00e4nk p\u00e5 din webbplats eller dela den med andra via din blogg eller sociala medier. 3. Tj\u00e4na en provision [&hellip;]<\/p>\n","protected":false},"author":1,"featured_media":0,"parent":0,"menu_order":0,"comment_status":"closed","ping_status":"closed","template":"","meta":{"_acf_changed":false,"_et_pb_use_builder":"on","_et_pb_old_content":"","_et_gb_content_width":"","_monsterinsights_skip_tracking":false,"_monsterinsights_sitenote_active":false,"_monsterinsights_sitenote_note":"","_monsterinsights_sitenote_category":0,"footnotes":""},"class_list":["post-148067","page","type-page","status-publish","hentry"],"acf":[],"_links":{"self":[{"href":"https:\/\/www.myvacaya.com\/sv\/wp-json\/wp\/v2\/pages\/148067","targetHints":{"allow":["GET"]}}],"collection":[{"href":"https:\/\/www.myvacaya.com\/sv\/wp-json\/wp\/v2\/pages"}],"about":[{"href":"https:\/\/www.myvacaya.com\/sv\/wp-json\/wp\/v2\/types\/page"}],"author":[{"embeddable":true,"href":"https:\/\/www.myvacaya.com\/sv\/wp-json\/wp\/v2\/users\/1"}],"replies":[{"embeddable":true,"href":"https:\/\/www.myvacaya.com\/sv\/wp-json\/wp\/v2\/comments?post=148067"}],"version-history":[{"count":25,"href":"https:\/\/www.myvacaya.com\/sv\/wp-json\/wp\/v2\/pages\/148067\/revisions"}],"predecessor-version":[{"id":148269,"href":"https:\/\/www.myvacaya.com\/sv\/wp-json\/wp\/v2\/pages\/148067\/revisions\/148269"}],"wp:attachment":[{"href":"https:\/\/www.myvacaya.com\/sv\/wp-json\/wp\/v2\/media?parent=148067"}],"curies":[{"name":"wp","href":"https:\/\/api.w.org\/{rel}","templated":true}]}}