{"id":181179,"date":"2025-04-23T11:22:56","date_gmt":"2025-04-23T15:22:56","guid":{"rendered":"https:\/\/www.myvacaya.com\/bem-vindos-slay-rangers\/"},"modified":"2025-04-23T11:50:04","modified_gmt":"2025-04-23T15:50:04","slug":"bem-vindos-slay-rangers","status":"publish","type":"page","link":"https:\/\/www.myvacaya.com\/pt-pt\/bem-vindos-slay-rangers\/","title":{"rendered":"BEM-VINDOS, SLAY RANGERS!"},"content":{"rendered":"<p>[et_pb_section fb_built=&#8221;1&#8243; fullwidth=&#8221;on&#8221; admin_label=&#8221;Slider&#8221; module_id=&#8221;interior da se\u00e7\u00e3o deslizante&#8221; _builder_version=&#8221;4.17.6&#8243; _module_preset=&#8221;default&#8221; background_enable_image=&#8221;off&#8221; global_colors_info=&#8221;{}&#8221;][et_pb_fullwidth_code admin_label=&#8221;Slider Overlay&#8221; module_class=&#8221;interior-page-overlay&#8221; _builder_version=&#8221;4.17.6&#8243; _module_preset=&#8221;default&#8221; positioning=&#8221;absolute&#8221; position_origin_a=&#8221;top_right&#8221; position_origin_f=&#8221;top_right&#8221; z_index=&#8221;100&#8243; width=&#8221;50%&#8221; width_tablet=&#8221;50%&#8221; width_phone=&#8221;100%&#8221; width_last_edited=&#8221;on|phone&#8221; height=&#8221;100vh&#8221; global_colors_info=&#8221;{}&#8221;]<div class=\"trip-overlay\"><div class=\"trip-title\"><h1>BEM-VINDOS, SLAY RANGERS!<\/h1><\/div><\/div>[\/et_pb_fullwidth_code][et_pb_fullwidth_slider show_arrows=&#8221;off&#8221; admin_label=&#8221;Slider Images&#8221; module_id=&#8221;slider-images&#8221; _builder_version=&#8221;4.23.4&#8243; _module_preset=&#8221;default&#8221; height=&#8221;100vh&#8221; auto=&#8221;on&#8221; global_colors_info=&#8221;{}&#8221;][et_pb_slide _builder_version=&#8221;4.23.4&#8243; _module_preset=&#8221;default&#8221; background_color=&#8221;RGBA(255,255,255,0)&#8221; background_enable_color=&#8221;on&#8221; background_image=&#8221;https:\/\/www.myvacaya.com\/wp-content\/uploads\/2025\/04\/Mexico-DD-Desktop-Hero-1920&#215;1020-1.jpg&#8221; background_enable_image=&#8221;on&#8221; background_last_edited=&#8221;on|phone&#8221; background_image_phone=&#8221;https:\/\/www.myvacaya.com\/wp-content\/uploads\/2025\/04\/Mexico-DD-Mobile-Hero-1080&#215;1920-1.jpg&#8221; background_enable_image_phone=&#8221;on&#8221; global_colors_info=&#8221;{}&#8221; sticky_transition=&#8221;on&#8221;][\/et_pb_slide][\/et_pb_fullwidth_slider][\/et_pb_section][et_pb_section fb_built=&#8221;1&#8243; custom_padding_last_edited=&#8221;on|phone&#8221; _builder_version=&#8221;4.17.6&#8243; _module_preset=&#8221;default&#8221; custom_padding=&#8221;||||false|false&#8221; custom_padding_tablet=&#8221;||||false|false&#8221; custom_padding_phone=&#8221;||||false|false&#8221; global_colors_info=&#8221;{}&#8221;][et_pb_row custom_padding_last_edited=&#8221;on|desktop&#8221; _builder_version=&#8221;4.17.6&#8243; _module_preset=&#8221;default&#8221; custom_padding=&#8221;||||false|false&#8221; custom_padding_tablet=&#8221;||||false|false&#8221; custom_padding_phone=&#8221;||||false|false&#8221; global_colors_info=&#8221;{}&#8221;][et_pb_column type=&#8221;4_4&#8243; _builder_version=&#8221;4.17.6&#8243; _module_preset=&#8221;default&#8221; global_colors_info=&#8221;{}&#8221;][et_pb_text admin_label=&#8221;Section Title &#8211; H2&#8243; _builder_version=&#8221;4.23.4&#8243; _module_preset=&#8221;default&#8221; text_letter_spacing=&#8221;1.8px&#8221; text_line_height=&#8221;22px&#8221; header_2_font=&#8221;Futura Bold|||on|||||&#8221; header_2_text_align=&#8221;center&#8221; header_2_text_color=&#8221;#000000&#8243; header_2_font_size=&#8221;30px&#8221; header_2_letter_spacing=&#8221;1.8px&#8221; header_2_line_height=&#8221;36px&#8221; header_3_font=&#8221;Futura Bold|||on|||||&#8221; header_3_text_align=&#8221;center&#8221; header_3_text_color=&#8221;#000000&#8243; header_3_font_size=&#8221;18px&#8221; header_3_letter_spacing=&#8221;1.8px&#8221; header_3_line_height=&#8221;24px&#8221; custom_margin=&#8221;||||false|false&#8221; custom_padding=&#8221;||||false|false&#8221; custom_padding_tablet=&#8221;||||false|false&#8221; custom_padding_phone=&#8221;||||false|false&#8221; custom_padding_last_edited=&#8221;on|phone&#8221; global_colors_info=&#8221;{}&#8221;]<\/p>\n<h2>A jornada gay definitiva aguarda no acampamento VACAYA<\/h2>\n<p>[\/et_pb_text][dmpro_carousel columns=&#8221;2&#8243; space_between=&#8221;35&#8243; container_padding=&#8221;4%|0%|4%|2%|false|false&#8221; loop=&#8221;on&#8221; autoplay=&#8221;on&#8221; pause_on_hover=&#8221;off&#8221; navigation=&#8221;on&#8221; navigation_prev_icon_yn=&#8221;on&#8221; navigation_prev_icon=&#8221;&#x34;||divi||400&#8243; navigation_next_icon_yn=&#8221;on&#8221; navigation_next_icon=&#8221;&#x35;||divi||400&#8243; navigation_color=&#8221;#000000&#8243; columns_tablet=&#8221;3&#8243; columns_phone=&#8221;1&#8243; columns_last_edited=&#8221;on|phone&#8221; container_padding_tablet=&#8221;&#8221; container_padding_phone=&#8221;||0%||false|false&#8221; container_padding_last_edited=&#8221;on|phone&#8221; _builder_version=&#8221;4.23.4&#8243; _module_preset=&#8221;default&#8221; title_font=&#8221;Futura Bold||||||||&#8221; title_font_size=&#8221;18px&#8221; title_letter_spacing=&#8221;0.1em&#8221; title_line_height=&#8221;24px&#8221; hover_transition_speed_curve=&#8221;ease-in&#8221; scroll_fade_enable=&#8221;on&#8221; global_colors_info=&#8221;{}&#8221;][dmpro_carousel_child title=&#8221;DD1&#8243; img_src=&#8221;https:\/\/www.myvacaya.com\/wp-content\/uploads\/2025\/04\/1.-DD-Carousel.jpg&#8221; text_title=&#8221;DD1&#8243; _builder_version=&#8221;4.23.4&#8243; _module_preset=&#8221;default&#8221; title_font_size=&#8221;24px&#8221; title_line_height=&#8221;27px&#8221; global_colors_info=&#8221;{}&#8221;][\/dmpro_carousel_child][dmpro_carousel_child title=&#8221;DD2&#8243; img_src=&#8221;https:\/\/www.myvacaya.com\/wp-content\/uploads\/2025\/04\/2.-DD-Carousel.jpg&#8221; text_title=&#8221;DD2&#8243; _builder_version=&#8221;4.23.4&#8243; _module_preset=&#8221;default&#8221; title_font_size=&#8221;24px&#8221; title_line_height=&#8221;27px&#8221; global_colors_info=&#8221;{}&#8221;][\/dmpro_carousel_child][dmpro_carousel_child title=&#8221;DD3&#8243; img_src=&#8221;https:\/\/www.myvacaya.com\/wp-content\/uploads\/2025\/04\/3.-DD-Carousel.jpg&#8221; text_title=&#8221;DD3&#8243; _builder_version=&#8221;4.23.4&#8243; _module_preset=&#8221;default&#8221; title_font_size=&#8221;24px&#8221; title_line_height=&#8221;27px&#8221; global_colors_info=&#8221;{}&#8221;][\/dmpro_carousel_child][dmpro_carousel_child title=&#8221;DD4&#8243; img_src=&#8221;https:\/\/www.myvacaya.com\/wp-content\/uploads\/2025\/04\/4.-DD-Carousel.jpg&#8221; text_title=&#8221;DD4&#8243; _builder_version=&#8221;4.23.4&#8243; _module_preset=&#8221;default&#8221; title_font_size=&#8221;24px&#8221; title_line_height=&#8221;27px&#8221; global_colors_info=&#8221;{}&#8221;][\/dmpro_carousel_child][dmpro_carousel_child title=&#8221;DD5&#8243; img_src=&#8221;https:\/\/www.myvacaya.com\/wp-content\/uploads\/2025\/04\/5.-DD-Carousel.jpg&#8221; text_title=&#8221;DD5&#8243; _builder_version=&#8221;4.23.4&#8243; _module_preset=&#8221;default&#8221; title_font_size=&#8221;24px&#8221; title_line_height=&#8221;27px&#8221; global_colors_info=&#8221;{}&#8221;][\/dmpro_carousel_child][\/dmpro_carousel][et_pb_text _builder_version=&#8221;4.23.4&#8243; _module_preset=&#8221;default&#8221; custom_margin=&#8221;||||false|false&#8221; custom_margin_tablet=&#8221;||||false|false&#8221; custom_margin_phone=&#8221;||||false|false&#8221; custom_margin_last_edited=&#8221;on|phone&#8221; global_colors_info=&#8221;{}&#8221;]Prepare-se para subir de n\u00edvel no Slay Rangers, um evento \u00e9pico de jogos no Camp VACAYA em Vallarta! Seja voc\u00ea um aficionado por jogos de tabuleiro ou um mestre de Dungeons &amp; Dragons, h\u00e1 algo para todos os jogadores. Mergulhe em RPGs de mesa emocionantes, desafie seus amigos em jogos de tabuleiro cl\u00e1ssicos ou relaxe e assista aos eventos de jogo ao vivo. \u00c9 o lugar perfeito para jogar dados, conhecer outros jogadores e criar mem\u00f3rias lend\u00e1rias. N\u00e3o perca a a\u00e7\u00e3o \u2014 vamos jogar no Camp VACAYA![\/et_pb_text][dmpro_carousel columns=&#8221;2&#8243; space_between=&#8221;35&#8243; container_padding=&#8221;4%|0%|4%|2%|false|false&#8221; loop=&#8221;on&#8221; autoplay=&#8221;on&#8221; pause_on_hover=&#8221;off&#8221; navigation=&#8221;on&#8221; navigation_prev_icon_yn=&#8221;on&#8221; navigation_prev_icon=&#8221;&#x34;||divi||400&#8243; navigation_next_icon_yn=&#8221;on&#8221; navigation_next_icon=&#8221;&#x35;||divi||400&#8243; navigation_color=&#8221;#000000&#8243; columns_tablet=&#8221;3&#8243; columns_phone=&#8221;1&#8243; columns_last_edited=&#8221;on|phone&#8221; container_padding_tablet=&#8221;&#8221; container_padding_phone=&#8221;||0%||false|false&#8221; container_padding_last_edited=&#8221;on|phone&#8221; _builder_version=&#8221;4.23.4&#8243; _module_preset=&#8221;default&#8221; title_font=&#8221;Futura Bold||||||||&#8221; title_font_size=&#8221;18px&#8221; title_letter_spacing=&#8221;0.1em&#8221; title_line_height=&#8221;24px&#8221; hover_transition_speed_curve=&#8221;ease-in&#8221; scroll_fade_enable=&#8221;on&#8221; global_colors_info=&#8221;{}&#8221;][dmpro_carousel_child title=&#8221;MELHOR CUSTO-BENEF\u00cdCIO PARA VIAJANTES COM OR\u00c7AMENTO PRECISO&#8221; img_src=&#8221;https:\/\/www.myvacaya.com\/wp-content\/uploads\/2022\/11\/Carousel-budget-travelers-1.jpg&#8221; text_title=&#8221;MELHOR CUSTO-BENEF\u00cdCIO PARA VIAJANTES COM OR\u00c7AMENTO PRECISO&#8221; _builder_version=&#8221;4.23.4&#8243; _module_preset=&#8221;default&#8221; title_font_size=&#8221;24px&#8221; title_line_height=&#8221;27px&#8221; global_colors_info=&#8221;{}&#8221;][\/dmpro_carousel_child][dmpro_carousel_child title=&#8221;TOMADA DE RESORT LGBT+&#8221; img_src=&#8221;https:\/\/www.myvacaya.com\/wp-content\/uploads\/2022\/11\/Carousel-Resort-Take-Over-1.jpg&#8221; text_title=&#8221;TOMADA DE RESORT LGBT+&#8221; _builder_version=&#8221;4.23.4&#8243; _module_preset=&#8221;default&#8221; title_font_size=&#8221;24px&#8221; title_line_height=&#8221;27px&#8221; global_colors_info=&#8221;{}&#8221;][\/dmpro_carousel_child][dmpro_carousel_child title=&#8221;TR\u00caS PISCINAS BRILHANTES&#8221; img_src=&#8221;https:\/\/www.myvacaya.com\/wp-content\/uploads\/2022\/11\/Carousel-3-sparkling-pools-1.jpg&#8221; text_title=&#8221;TR\u00caS PISCINAS BRILHANTES&#8221; _builder_version=&#8221;4.23.4&#8243; _module_preset=&#8221;default&#8221; title_font_size=&#8221;24px&#8221; title_line_height=&#8221;27px&#8221; global_colors_info=&#8221;{}&#8221;][\/dmpro_carousel_child][dmpro_carousel_child title=&#8221;UMA ROUPA OPCIONAL PARA PISCINA INFANTIL&#8221; img_src=&#8221;https:\/\/www.myvacaya.com\/wp-content\/uploads\/2022\/11\/Carousel-clothing-optional-pool-1.jpg&#8221; text_title=&#8221;PISCINA OPCIONAL DE UMA ROUPA&#8221; _builder_version=&#8221;4.23.4&#8243; _module_preset=&#8221;default&#8221; title_font_size=&#8221;24px&#8221; title_line_height=&#8221;27px&#8221; global_colors_info=&#8221;{}&#8221;][\/dmpro_carousel_child][dmpro_carousel_child title=&#8221;INFAME RLD&#8221; img_src=&#8221;https:\/\/www.myvacaya.com\/wp-content\/uploads\/2022\/11\/Carousel-RLD-1.jpg&#8221; text_title=&#8221;INFAME RLD&#8221; _builder_version=&#8221;4.23.4&#8243; _module_preset=&#8221;default&#8221; title_font_size=&#8221;24px&#8221; title_line_height=&#8221;27px&#8221; global_colors_info=&#8221;{}&#8221;][\/dmpro_carousel_child][dmpro_carousel_child title=&#8221;EXCURS\u00d5ES COM CURADORIA&#8221; img_src=&#8221;https:\/\/www.myvacaya.com\/wp-content\/uploads\/2022\/11\/girl-ziplining-mexico-1.jpg&#8221; text_title=&#8221;EXCURS\u00d5ES COM CURADORIA&#8221; _builder_version=&#8221;4.23.4&#8243; _module_preset=&#8221;default&#8221; title_font_size=&#8221;24px&#8221; title_line_height=&#8221;27px&#8221; global_colors_info=&#8221;{}&#8221;][\/dmpro_carousel_child][dmpro_carousel_child title=&#8221;BARRAS A CADA VOLTA&#8221; img_src=&#8221;https:\/\/www.myvacaya.com\/wp-content\/uploads\/2022\/11\/Carousel-men-1.jpg&#8221; text_title=&#8221;BARRAS A CADA VOLTA&#8221; _builder_version=&#8221;4.23.4&#8243; _module_preset=&#8221;default&#8221; title_font_size=&#8221;24px&#8221; title_line_height=&#8221;27px&#8221; global_colors_info=&#8221;{}&#8221;][\/dmpro_carousel_child][dmpro_carousel_child title=&#8221;FESTAS DIVERTIDAS E AMIG\u00c1VEIS&#8221; img_src=&#8221;https:\/\/www.myvacaya.com\/wp-content\/uploads\/2022\/11\/Value-Page-parties.jpg&#8221; text_title=&#8221;FESTAS DIVERTIDAS E AMIG\u00c1VEIS&#8221; _builder_version=&#8221;4.23.4&#8243; _module_preset=&#8221;default&#8221; title_font_size=&#8221;24px&#8221; title_line_height=&#8221;27px&#8221; global_colors_info=&#8221;{}&#8221;][\/dmpro_carousel_child][dmpro_carousel_child title=&#8221;EQUIPE V E EQUIPE DO RESORT LOCAL&#8221; img_src=&#8221;https:\/\/www.myvacaya.com\/wp-content\/uploads\/2022\/11\/Carousel-Team-1.jpg&#8221; text_title=&#8221;EQUIPE V E EQUIPE DO RESORT LOCAL&#8221; _builder_version=&#8221;4.23.4&#8243; _module_preset=&#8221;default&#8221; title_font_size=&#8221;24px&#8221; title_line_height=&#8221;27px&#8221; global_colors_info=&#8221;{}&#8221;][\/dmpro_carousel_child][dmpro_carousel_child title=&#8221;S\u00c3O TODOS BEM-VINDOS&#8221; img_src=&#8221;https:\/\/www.myvacaya.com\/wp-content\/uploads\/2022\/11\/All-Are-Welcome-1.jpg&#8221; text_title=&#8221;S\u00c3O TODOS BEM-VINDOS&#8221; _builder_version=&#8221;4.23.4&#8243; _module_preset=&#8221;default&#8221; title_font_size=&#8221;24px&#8221; title_line_height=&#8221;27px&#8221; global_colors_info=&#8221;{}&#8221;][\/dmpro_carousel_child][\/dmpro_carousel][et_pb_text _builder_version=&#8221;4.23.4&#8243; _module_preset=&#8221;default&#8221; custom_margin=&#8221;||||false|false&#8221; custom_margin_tablet=&#8221;||||false|false&#8221; custom_margin_phone=&#8221;||||false|false&#8221; custom_margin_last_edited=&#8221;on|phone&#8221; global_colors_info=&#8221;{}&#8221;]Os Slay Rangers ganham acesso a TODAS AS SESS\u00d5ES DE JOGOS DE TABULEIRO + a experi\u00eancia completa do VACAYA All-Inclusive Resort como parte da nossa semana \u00e9pica no Camp VACAYA! De 26 de outubro a 2 de novembro de 2025, assumiremos o luxuoso Hard Rock Hotel Vallarta para nossa celebra\u00e7\u00e3o anual de Halloween e Dia dos Mortos. Este ref\u00fagio mexicano com tudo inclu\u00eddo oferece um valor imbat\u00edvel com acomoda\u00e7\u00f5es aconchegantes, comida e bebidas ilimitadas e uma programa\u00e7\u00e3o repleta de entretenimento e experi\u00eancias sociais exclusivas do VACAYA. De v\u00f4lei de praia e ioga a piscinas \u00e0 beira-mar, hidrogin\u00e1stica e banheiras de hidromassagem, voc\u00ea encontrar\u00e1 o equil\u00edbrio perfeito entre relaxamento e aventura. Adicione festas tem\u00e1ticas, apresenta\u00e7\u00f5es surpresa e uma comunidade acolhedora e acolhedora, e voc\u00ea ter\u00e1 o melhor n\u00edvel de f\u00e9rias \u2014 no estilo Slay Rangers.    <\/p>\n<p>RESERVE SUA EXPERI\u00caNCIA SLAY RANGER NO CAMP VACAYA AGORA!  <\/p>\n<p><a class=\"btn-pink-inline\" href=\"https:\/\/www.myvacaya.com\/pt-pt\/trip\/mexico-resort-2025\/\"><span class=\"btn-inline-span\">SAIBA MAIS E RESERVE AGORA<\/span><\/a>[\/et_pb_text][\/et_pb_column][\/et_pb_row][et_pb_row _builder_version=&#8221;4.23.4&#8243; _module_preset=&#8221;default&#8221; global_colors_info=&#8221;{}&#8221;][et_pb_column type=&#8221;4_4&#8243; _builder_version=&#8221;4.23.4&#8243; _module_preset=&#8221;default&#8221; global_colors_info=&#8221;{}&#8221;][et_pb_text admin_label=&#8221;Section Title &#8211; H2&#8243; _builder_version=&#8221;4.23.4&#8243; _module_preset=&#8221;default&#8221; text_letter_spacing=&#8221;1.8px&#8221; text_line_height=&#8221;22px&#8221; header_2_font=&#8221;Futura Bold|||on|||||&#8221; header_2_text_align=&#8221;center&#8221; header_2_text_color=&#8221;#000000&#8243; header_2_font_size=&#8221;30px&#8221; header_2_letter_spacing=&#8221;1.8px&#8221; header_2_line_height=&#8221;36px&#8221; header_3_font=&#8221;Futura Bold|||on|||||&#8221; header_3_text_align=&#8221;center&#8221; header_3_text_color=&#8221;#000000&#8243; header_3_font_size=&#8221;18px&#8221; header_3_letter_spacing=&#8221;1.8px&#8221; header_3_line_height=&#8221;24px&#8221; custom_margin=&#8221;||||false|false&#8221; custom_padding=&#8221;||||false|false&#8221; custom_padding_tablet=&#8221;||||false|false&#8221; custom_padding_phone=&#8221;||||false|false&#8221; custom_padding_last_edited=&#8221;on|phone&#8221; global_colors_info=&#8221;{}&#8221;]<\/p>\n<h2>JUNTE-SE AO DISCORD<\/h2>\n<p>[\/et_pb_text][et_pb_text _builder_version=&#8221;4.23.4&#8243; _module_preset=&#8221;default&#8221; global_colors_info=&#8221;{}&#8221;]A aventura come\u00e7a agora! Enquanto nos preparamos para uma experi\u00eancia de jogo inesquec\u00edvel no Acampamento VACAYA, voc\u00ea pode se juntar a n\u00f3s antecipadamente no Discord para se conectar com outros jogadores, conversar sobre seus jogos favoritos e ficar por dentro de tudo sobre Slay Rangers! De jogos de tabuleiro a Dungeons &amp; Dragons, eventos de jogo ao vivo e muito mais, vai ser sensacional!<br \/>\nClique abaixo para entrar na comunidade oficial do Slay Rangers no Discord, onde a divers\u00e3o come\u00e7a hoje!<\/p>\n<p><a class=\"btn-pink-inline\" href=\"https:\/\/discord.com\/invite\/WUBSW2Ch4U\"><span class=\"btn-inline-span\">JUNTE-SE AO DISCORD DO SLAY RANGER!<\/span><\/a><\/p>\n<p>Mal podemos esperar para conhecer voc\u00ea e jogar com voc\u00ea! [\/et_pb_text][\/et_pb_column][\/et_pb_row][\/et_pb_section]<\/p>\n","protected":false},"excerpt":{"rendered":"<p><div class=\"trip-overlay\"><div class=\"trip-title\"><h1>Fichas de Viagem com T\u00edtulo &#8211; Somente Cruzeiros<\/h1><\/div><\/div>A jornada gay definitiva aguarda no acampamento VACAYA<div class=\"et_pb_module dmpro_carousel dmpro_carousel_0\">\n\t\t\t\t\n\t\t\t\t\n\t\t\t\t\n\t\t\t\t\n\t\t\t\t\n\t\t\t\t\n\t\t\t\t<div class=\"et_pb_module_inner\">\n\t\t\t\t\t\n            <div class=\"dmpro-carousel-main\" data-columnsdesktop='2' data-columnstablet='3' data-columnsphone='1' data-spacebetween='35' data-spacebetween_tablet='35' data-spacebetween_phone='35' data-loop='on' data-speed='500' data-navigation='on' data-pagination='off' data-autoplay='on' data-autoplayspeed='5000' data-pauseonhover='off' data-effect='slide' data-rotate='50' data-dynamicbullets='on' data-ordernumber='0' data-centered='off' data-shadow='true'>\n                <div class=\"swiper swiper-dmpro-container\">\n                    <div class=\"swiper-wrapper dmpro-carousel-wrapper\">\n                        \n                    <\/div>\n                <\/div>\n                \n                <div class=\"swiper-button-next swiper-arrow-button dmpro-sbn0\" data-icon=\"&#x35;\"><\/div> \n                 <div class=\"swiper-button-prev swiper-arrow-button dmpro-sbp0\" data-icon=\"&#x34;\"><\/div>\n                 \n            <\/div>\n\t\t\t\t<\/div>\n\t\t\t<\/div><div class=\"et_pb_module dmpro_carousel_child dmpro_carousel_child_0\">\n\t\t\t\t\n\t\t\t\t\n\t\t\t\t\n\t\t\t\t\n\t\t\t\t\n\t\t\t\t\n\t\t\t\t<div class=\"et_pb_module_inner\">\n\t\t\t\t\t\n            <div class=\"dmpro-carousel-child-wrapper\">\n                <div class=\"dmpro-image-wrap\"><span class=\"dmpro-carousel-image\">\n                    <img decoding=\"async\" src=\"https:\/\/www.myvacaya.com\/wp-content\/uploads\/2025\/04\/1.-DD-Carousel.jpg\" alt=\"\"\/>\n                <\/span><\/div>\n                <div class=\"dmpro-carousel-item-content\">\n                    <h2 class=\"dmpro-carousel-item-title\">DD1<\/h2>\n                    \n                    <div class=\"dmpro-carousel-button-wrapper\">\n                        \n                    <\/div>\n                <\/div>\n            <\/div>\n\t\t\t\t<\/div>\n\t\t\t<\/div><div class=\"et_pb_module dmpro_carousel_child dmpro_carousel_child_1\">\n\t\t\t\t\n\t\t\t\t\n\t\t\t\t\n\t\t\t\t\n\t\t\t\t\n\t\t\t\t\n\t\t\t\t<div class=\"et_pb_module_inner\">\n\t\t\t\t\t\n            <div class=\"dmpro-carousel-child-wrapper\">\n                <div class=\"dmpro-image-wrap\"><span class=\"dmpro-carousel-image\">\n                    <img decoding=\"async\" src=\"https:\/\/www.myvacaya.com\/wp-content\/uploads\/2025\/04\/2.-DD-Carousel.jpg\" alt=\"\"\/>\n                <\/span><\/div>\n                <div class=\"dmpro-carousel-item-content\">\n                    <h2 class=\"dmpro-carousel-item-title\">DD2<\/h2>\n                    \n                    <div class=\"dmpro-carousel-button-wrapper\">\n                        \n                    <\/div>\n                <\/div>\n            <\/div>\n\t\t\t\t<\/div>\n\t\t\t<\/div><div class=\"et_pb_module dmpro_carousel_child dmpro_carousel_child_2\">\n\t\t\t\t\n\t\t\t\t\n\t\t\t\t\n\t\t\t\t\n\t\t\t\t\n\t\t\t\t\n\t\t\t\t<div class=\"et_pb_module_inner\">\n\t\t\t\t\t\n            <div class=\"dmpro-carousel-child-wrapper\">\n                <div class=\"dmpro-image-wrap\"><span class=\"dmpro-carousel-image\">\n                    <img decoding=\"async\" src=\"&#8221;https:\/\/www.myvacaya.com\/wp-content\/uploads\/2025\/04\/3.-DD-Carousel.jpg&#8221;\" alt=\"\"\/>\n                <\/span><\/div>\n                <div class=\"dmpro-carousel-item-content\">\n                    <h2 class=\"dmpro-carousel-item-title\">&#8221;DD3&#8243;<\/h2>\n                    \n                    <div class=\"dmpro-carousel-button-wrapper\">\n                        \n                    <\/div>\n                <\/div>\n            <\/div>\n\t\t\t\t<\/div>\n\t\t\t<\/div><\/p>\n","protected":false},"author":1,"featured_media":0,"parent":0,"menu_order":0,"comment_status":"closed","ping_status":"closed","template":"","meta":{"_acf_changed":false,"_et_pb_use_builder":"on","_et_pb_old_content":"","_et_gb_content_width":"","_monsterinsights_skip_tracking":false,"_monsterinsights_sitenote_active":false,"_monsterinsights_sitenote_note":"","_monsterinsights_sitenote_category":0,"footnotes":""},"class_list":["post-181179","page","type-page","status-publish","hentry"],"acf":[],"_links":{"self":[{"href":"https:\/\/www.myvacaya.com\/pt-pt\/wp-json\/wp\/v2\/pages\/181179","targetHints":{"allow":["GET"]}}],"collection":[{"href":"https:\/\/www.myvacaya.com\/pt-pt\/wp-json\/wp\/v2\/pages"}],"about":[{"href":"https:\/\/www.myvacaya.com\/pt-pt\/wp-json\/wp\/v2\/types\/page"}],"author":[{"embeddable":true,"href":"https:\/\/www.myvacaya.com\/pt-pt\/wp-json\/wp\/v2\/users\/1"}],"replies":[{"embeddable":true,"href":"https:\/\/www.myvacaya.com\/pt-pt\/wp-json\/wp\/v2\/comments?post=181179"}],"version-history":[{"count":6,"href":"https:\/\/www.myvacaya.com\/pt-pt\/wp-json\/wp\/v2\/pages\/181179\/revisions"}],"predecessor-version":[{"id":181380,"href":"https:\/\/www.myvacaya.com\/pt-pt\/wp-json\/wp\/v2\/pages\/181179\/revisions\/181380"}],"wp:attachment":[{"href":"https:\/\/www.myvacaya.com\/pt-pt\/wp-json\/wp\/v2\/media?parent=181179"}],"curies":[{"name":"wp","href":"https:\/\/api.w.org\/{rel}","templated":true}]}}