{"id":154597,"date":"2024-06-15T05:04:58","date_gmt":"2024-06-15T09:04:58","guid":{"rendered":"https:\/\/www.myvacaya.com\/politicas-de-formacao-de-grupos-sociais-privados\/"},"modified":"2024-06-15T05:05:12","modified_gmt":"2024-06-15T09:05:12","slug":"politicas-de-formacao-de-grupos-sociais-privados","status":"publish","type":"page","link":"https:\/\/www.myvacaya.com\/pt-pt\/politicas-de-formacao-de-grupos-sociais-privados\/","title":{"rendered":"Pol\u00edticas de forma\u00e7\u00e3o de grupos sociais privados"},"content":{"rendered":"<p style=\"font-weight: 400;\"><strong>Forma\u00e7\u00e3o de Grupo Social Privado  <\/strong><\/p>\n<p style=\"font-weight: 400;\">Embora acreditemos que o <a href=\"https:\/\/www.facebook.com\/groups\/238279406908419\/\" target=\"_blank\" rel=\"noopener\"><strong>VACAYA LGBTQ+ Super Fan Group<\/strong><\/a> \u00e9 um meio ideal para discuss\u00e3o e constru\u00e7\u00e3o de comunidade, reconhecemos que alguns de voc\u00eas ainda podem querer se conectar em seus pr\u00f3prios grupos sociais privados. Isso \u00e9 compreens\u00edvel. No entanto, h\u00e1 algumas coisas que voc\u00ea deve considerar (al\u00e9m das complexidades que descrevemos em nosso blog Afastando-se do Facebook) que o ajudar\u00e3o a permanecer em situa\u00e7\u00e3o regular com o VACAYA se voc\u00ea decidir lan\u00e7ar seu pr\u00f3prio grupo social:<\/p>\n<ul style=\"font-weight: 400;\">\n<li>Obviamente, estamos entusiasmados por ter f\u00e3s entusiasmados e queremos garantir que todos aproveitem seu tempo na comunidade. Para manter as coisas transparentes, inclua o seguinte na biografia do seu grupo: <strong><em>\u201cEste grupo n\u00e3o \u00e9 afiliado ao VACAYA. Quaisquer opini\u00f5es aqui contidas n\u00e3o representam as opini\u00f5es da empresa.\u201d<\/em><\/strong><\/li>\n<li>N\u00e3o use \u00edcones (por exemplo, \u2705) que possam induzir as pessoas a acreditarem que voc\u00ea est\u00e1 representando oficialmente a VACAYA.<\/li>\n<li>N\u00e3o use marcas registradas VACAYA, incluindo, entre outras, o nome \u201cVACAYA\u201d, o logotipo VACAYA ou quaisquer outros elementos de marca associados no t\u00edtulo, descri\u00e7\u00e3o ou imagens do grupo. Esta pol\u00edtica se aplica a todas as formas de m\u00eddia social e comunidades online.<\/li>\n<\/ul>\n<p>&nbsp;<\/p>\n<p style=\"font-weight: 400;\"><strong>As raz\u00f5es para esta pol\u00edtica<\/strong><\/p>\n<ul style=\"font-weight: 400;\">\n<li><strong>Integridade e consist\u00eancia da marca:<\/strong> A marca VACAYA promete qualidade, inclus\u00e3o e experi\u00eancias de viagem LGBTQ+ \u00fanicas. O uso n\u00e3o autorizado de marcas registradas pode criar inconsist\u00eancias e enganar as pessoas, por isso pretendemos garantir uma compreens\u00e3o clara e consistente de nossa marca e de nossos valores.<\/li>\n<li><strong>Considera\u00e7\u00f5es legais:<\/strong> O uso n\u00e3o autorizado de marcas registradas pode levar a quest\u00f5es legais. Esta pol\u00edtica existe para proteger a VACAYA e seus h\u00f3spedes de quaisquer poss\u00edveis complica\u00e7\u00f5es legais relacionadas aos direitos de propriedade intelectual.<\/li>\n<li><strong>Experi\u00eancia do Cliente:<\/strong> Ao garantir que todas as comunica\u00e7\u00f5es e comunidades oficiais sejam gerenciadas pela VACAYA, podemos fornecer uma experi\u00eancia consistente e de alta qualidade ao cliente. Dessa forma, os h\u00f3spedes recebem informa\u00e7\u00f5es precisas e suporte diretamente do The V Team, garantindo que as necessidades sejam atendidas de forma eficaz.<\/li>\n<\/ul>\n<p>&nbsp;<\/p>\n<p style=\"font-weight: 400;\"><strong>Sugest\u00f5es para t\u00edtulos de grupos pessoais<\/strong><\/p>\n<p style=\"font-weight: 400;\">Embora os h\u00f3spedes sejam incentivados a se conectar com outros viajantes, eles devem faz\u00ea-lo sem usar o nome VACAYA. Aqui est\u00e3o algumas sugest\u00f5es alternativas para nomear grupos pessoais:<\/p>\n<ul style=\"font-weight: 400;\">\n<li>&#8220;Amigos de viagem queer&#8221;<\/li>\n<li>&#8220;Viajantes do Arco-\u00cdris&#8221;<\/li>\n<li>\u201c2025 Caribbean Cruise Group \u2013 Datas do cruzeiro\u201d<\/li>\n<li>\u201cGrupo de cruzadores gays\u201d<\/li>\n<\/ul>\n<p style=\"font-weight: 400;\">Esses t\u00edtulos permitem que as pessoas criem grupos significativos e identific\u00e1veis \u200b\u200bsem infringir as marcas registradas da VACAYA. Ao respeitar esta pol\u00edtica, os h\u00f3spedes ajudam a proteger a integridade da marca VACAYA e contribuem para uma experi\u00eancia comunit\u00e1ria positiva e unificada.<\/p>\n<p>&nbsp;<\/p>\n<p style=\"font-weight: 400;\"><strong>Implementa\u00e7\u00e3o<\/strong><\/p>\n<ol style=\"font-weight: 400;\">\n<li><strong>Comunica\u00e7\u00e3o<\/strong> : Esta pol\u00edtica ser\u00e1 comunicada a todos os h\u00f3spedes atrav\u00e9s de nossas redes sociais, site e outras comunica\u00e7\u00f5es aos h\u00f3spedes.<\/li>\n<li><strong>Monitoramento<\/strong> : VACAYA monitorar\u00e1 plataformas de m\u00eddia social e comunidades online para garantir a conformidade com nossas pol\u00edticas declaradas.<\/li>\n<li><strong>Aplica\u00e7\u00e3o<\/strong> : Os grupos que violarem esta pol\u00edtica ser\u00e3o solicitados a alterar seus nomes e\/ou remover quaisquer marcas registradas VACAYA. O n\u00e3o cumprimento pode resultar em a\u00e7\u00e3o legal.<\/li>\n<\/ol>\n<p style=\"font-weight: 400;\">Ao aderir a esta pol\u00edtica, voc\u00ea apoia o sucesso cont\u00ednuo e a integridade do VACAYA, garantindo uma experi\u00eancia clara, coesa e de alta qualidade para todos.<\/p>\n<p style=\"font-weight: 400;\">Se voc\u00ea tiver alguma d\u00favida sobre esta pol\u00edtica ou quiser que opinemos sobre qualquer decis\u00e3o, basta enviar um e-mail para <a href=\"mailto:marketing@myvacaya.com\" target=\"_blank\" rel=\"noopener\">marketing@myvacaya.com<\/a> e entraremos em contato com voc\u00ea o mais r\u00e1pido poss\u00edvel.<\/p>\n","protected":false},"excerpt":{"rendered":"<p>Forma\u00e7\u00e3o de Grupo Social Privado Embora acreditemos que o VACAYA LGBTQ+ Super Fan Group \u00e9 um meio ideal para discuss\u00e3o e constru\u00e7\u00e3o de comunidade, reconhecemos que alguns de voc\u00eas ainda podem querer se conectar em seus pr\u00f3prios grupos sociais privados. Isso \u00e9 compreens\u00edvel. No entanto, h\u00e1 algumas coisas que voc\u00ea deve considerar (al\u00e9m das complexidades [&hellip;]<\/p>\n","protected":false},"author":4,"featured_media":0,"parent":0,"menu_order":0,"comment_status":"closed","ping_status":"closed","template":"","meta":{"_acf_changed":false,"_et_pb_use_builder":"","_et_pb_old_content":"","_et_gb_content_width":"","_monsterinsights_skip_tracking":false,"_monsterinsights_sitenote_active":false,"_monsterinsights_sitenote_note":"","_monsterinsights_sitenote_category":0,"footnotes":""},"class_list":["post-154597","page","type-page","status-publish","hentry"],"acf":[],"_links":{"self":[{"href":"https:\/\/www.myvacaya.com\/pt-pt\/wp-json\/wp\/v2\/pages\/154597","targetHints":{"allow":["GET"]}}],"collection":[{"href":"https:\/\/www.myvacaya.com\/pt-pt\/wp-json\/wp\/v2\/pages"}],"about":[{"href":"https:\/\/www.myvacaya.com\/pt-pt\/wp-json\/wp\/v2\/types\/page"}],"author":[{"embeddable":true,"href":"https:\/\/www.myvacaya.com\/pt-pt\/wp-json\/wp\/v2\/users\/4"}],"replies":[{"embeddable":true,"href":"https:\/\/www.myvacaya.com\/pt-pt\/wp-json\/wp\/v2\/comments?post=154597"}],"version-history":[{"count":1,"href":"https:\/\/www.myvacaya.com\/pt-pt\/wp-json\/wp\/v2\/pages\/154597\/revisions"}],"predecessor-version":[{"id":154604,"href":"https:\/\/www.myvacaya.com\/pt-pt\/wp-json\/wp\/v2\/pages\/154597\/revisions\/154604"}],"wp:attachment":[{"href":"https:\/\/www.myvacaya.com\/pt-pt\/wp-json\/wp\/v2\/media?parent=154597"}],"curies":[{"name":"wp","href":"https:\/\/api.w.org\/{rel}","templated":true}]}}