{"id":149300,"date":"2024-04-01T10:29:25","date_gmt":"2024-04-01T14:29:25","guid":{"rendered":"https:\/\/www.myvacaya.com\/descobrir\/inclusao-lgbt\/"},"modified":"2024-04-22T08:01:34","modified_gmt":"2024-04-22T12:01:34","slug":"inclusao-lgbt","status":"publish","type":"page","link":"https:\/\/www.myvacaya.com\/pt-pt\/descobrir\/inclusao-lgbt\/","title":{"rendered":"Inclus\u00e3o LGBT+"},"content":{"rendered":"<p>[et_pb_section fb_built=&#8221;1&#8243; fullwidth=&#8221;on&#8221; admin_label=&#8221;Slider&#8221; module_id=&#8221;interior da se\u00e7\u00e3o deslizante&#8221; _builder_version=&#8221;4.17.6&#8243; _module_preset=&#8221;default&#8221; background_enable_image=&#8221;off&#8221; global_colors_info=&#8221;{}&#8221;][et_pb_fullwidth_code admin_label=&#8221;Slider Overlay&#8221; module_class=&#8221;interior-page-overlay&#8221; _builder_version=&#8221;4.17.6&#8243; _module_preset=&#8221;default&#8221; positioning=&#8221;absolute&#8221; position_origin_a=&#8221;top_right&#8221; position_origin_f=&#8221;top_right&#8221; z_index=&#8221;100&#8243; width=&#8221;50%&#8221; width_tablet=&#8221;50%&#8221; width_phone=&#8221;100%&#8221; width_last_edited=&#8221;on|phone&#8221; height=&#8221;100vh&#8221; global_colors_info=&#8221;{}&#8221;]<div class=\"trip-overlay\"><div class=\"trip-title\"><h1>Inclus\u00e3o LGBT+<\/h1><\/div><\/div>[\/et_pb_fullwidth_code][et_pb_fullwidth_slider show_arrows=&#8221;off&#8221; admin_label=&#8221;Slider Images&#8221; module_id=&#8221;slider-images&#8221; _builder_version=&#8221;4.23.4&#8243; _module_preset=&#8221;default&#8221; height=&#8221;100vh&#8221; auto=&#8221;on&#8221; global_colors_info=&#8221;{}&#8221;][et_pb_slide _builder_version=&#8221;4.23.4&#8243; _module_preset=&#8221;default&#8221; background_color=&#8221;RGBA(255,255,255,0)&#8221; background_enable_color=&#8221;on&#8221; background_image=&#8221;https:\/\/www.myvacaya.com\/wp-content\/uploads\/2024\/04\/Hero-Desktop-LGBT-Inclusivity.jpg&#8221; background_enable_image=&#8221;on&#8221; background_last_edited=&#8221;on|phone&#8221; background_image_phone=&#8221;https:\/\/www.myvacaya.com\/wp-content\/uploads\/2024\/04\/Hero-mobile-LGBT-Inclusivity.jpg&#8221; background_enable_image_phone=&#8221;on&#8221; global_colors_info=&#8221;{}&#8221; sticky_transition=&#8221;on&#8221;][\/et_pb_slide][\/et_pb_fullwidth_slider][\/et_pb_section][et_pb_section fb_built=&#8221;1&#8243; custom_padding_last_edited=&#8221;on|desktop&#8221; _builder_version=&#8221;4.23.4&#8243; _module_preset=&#8221;default&#8221; custom_padding=&#8221;||||false|false&#8221; custom_padding_tablet=&#8221;||||false|false&#8221; custom_padding_phone=&#8221;||||false|false&#8221; global_colors_info=&#8221;{}&#8221;][et_pb_row _builder_version=&#8221;4.17.6&#8243; _module_preset=&#8221;default&#8221; custom_padding=&#8221;||0%||false|false&#8221; global_colors_info=&#8221;{}&#8221;][et_pb_column type=&#8221;4_4&#8243; _builder_version=&#8221;4.17.6&#8243; _module_preset=&#8221;default&#8221; global_colors_info=&#8221;{}&#8221;][et_pb_text admin_label=&#8221;Section Title &#8211; H3&#8243; _builder_version=&#8221;4.23.4&#8243; _module_preset=&#8221;default&#8221; header_3_font=&#8221;Futura Bold|||on|||||&#8221; header_3_text_align=&#8221;center&#8221; header_3_text_color=&#8221;#000000&#8243; header_3_font_size=&#8221;18px&#8221; header_3_letter_spacing=&#8221;1.8px&#8221; header_3_line_height=&#8221;24px&#8221; custom_margin=&#8221;||||false|false&#8221; custom_margin_tablet=&#8221;||||false|false&#8221; custom_margin_phone=&#8221;||||false|false&#8221; custom_margin_last_edited=&#8221;on|phone&#8221; custom_padding=&#8221;||||false|false&#8221; global_colors_info=&#8221;{}&#8221;]<\/p>\n<h3>VACAYA \u00e9 a Empresa de F\u00e9rias LGBT+ MAIS inclusiva do Planeta!<\/h3>\n<p>[\/et_pb_text][et_pb_text _builder_version=&#8221;4.23.4&#8243; _module_preset=&#8221;default&#8221; hover_enabled=&#8221;0&#8243; global_colors_info=&#8221;{}&#8221; sticky_enabled=&#8221;0&#8243;]<\/p>\n<p>VACAYA n\u00e3o \u00e9 apenas uma empresa comum de f\u00e9rias. Somos os maiores defensores da inclus\u00e3o, estabelecendo padr\u00f5es elevados para fazer com que todos se sintam valorizados e abra\u00e7ados. VACAYA estabeleceu um padr\u00e3o totalmente novo para a diversidade, acolhendo todas as orienta\u00e7\u00f5es sexuais e identidades de g\u00e9nero.<\/p>\n<p>Ao contr\u00e1rio de outras empresas, o compromisso da VACAYA com a inclus\u00e3o n\u00e3o \u00e9 apenas uma caixa de sele\u00e7\u00e3o \u2013 est\u00e1 enraizado em todos os aspectos da nossa opera\u00e7\u00e3o. Tudo come\u00e7a com as empresas com as quais escolhemos colaborar e os membros da equipe que contratamos. Os seus cora\u00e7\u00f5es e mentes est\u00e3o alinhados com a miss\u00e3o da VACAYA e refletem a diversidade da nossa comunidade em quase todos os sentidos.<\/p>\n<p>Mas a nossa dedica\u00e7\u00e3o vai muito al\u00e9m da mera representa\u00e7\u00e3o; trata-se de criar conex\u00f5es genu\u00ednas, promover a compreens\u00e3o e celebrar a bela tape\u00e7aria da humanidade. Conseguimos isso desenvolvendo uma programa\u00e7\u00e3o que atende a um amplo espectro de orienta\u00e7\u00f5es e identidades. VACAYA garante que cada viajante, independentemente de quem ama ou como se identifica, encontre um espa\u00e7o onde possa ser aut\u00eantico. Uma vez formados esses la\u00e7os iniciais, VACAYA re\u00fane grupos com ideias semelhantes em celebra\u00e7\u00f5es mais amplas durante as f\u00e9rias.<\/p>\n<p>Quando nos referimos a pessoas que pensam como n\u00f3s, n\u00e3o estamos sugerindo que todos em nossas f\u00e9rias tenham que aderir a UM conjunto de cren\u00e7as. Mas se voc\u00ea acredita <em>que amor \u00e9 amor<\/em> e deixa espa\u00e7o para pontos de vista divergentes, ent\u00e3o VACAYA \u00e9 para voc\u00ea!<\/p>\n<p>Num mundo onde a inclus\u00e3o \u00e9 fundamental, a VACAYA brilha como um farol de aceita\u00e7\u00e3o, tornando-se n\u00e3o apenas uma empresa de f\u00e9rias, mas uma experi\u00eancia transformadora \u00e0 qual <em>todos<\/em> pertencem. Ent\u00e3o, quer voc\u00ea esteja na praia com seu parceiro, sua tripula\u00e7\u00e3o ou voando sozinho, VACAYA est\u00e1 \u00e0 sua volta. Com VACAYA, voc\u00ea n\u00e3o est\u00e1 apenas reservando f\u00e9rias, voc\u00ea est\u00e1 se juntando a uma fam\u00edlia que se preocupa em espalhar amor e alegria onde quer que vamos!<\/p>\n<p>Mas n\u00e3o acredite apenas na nossa palavra\u2026<\/p>\n<p>[\/et_pb_text][\/et_pb_column][\/et_pb_row][et_pb_row _builder_version=&#8221;4.17.6&#8243; _module_preset=&#8221;default&#8221; custom_padding=&#8221;||0%||false|false&#8221; global_colors_info=&#8221;{}&#8221;][et_pb_column type=&#8221;4_4&#8243; _builder_version=&#8221;4.17.6&#8243; _module_preset=&#8221;default&#8221; global_colors_info=&#8221;{}&#8221;][et_pb_text admin_label=&#8221;Section Title &#8211; H3&#8243; _builder_version=&#8221;4.23.4&#8243; _module_preset=&#8221;default&#8221; header_3_font=&#8221;Futura Bold|||on|||||&#8221; header_3_text_align=&#8221;center&#8221; header_3_text_color=&#8221;#000000&#8243; header_3_font_size=&#8221;18px&#8221; header_3_letter_spacing=&#8221;1.8px&#8221; header_3_line_height=&#8221;24px&#8221; custom_margin=&#8221;||||false|false&#8221; custom_margin_tablet=&#8221;||||false|false&#8221; custom_margin_phone=&#8221;||||false|false&#8221; custom_margin_last_edited=&#8221;on|phone&#8221; custom_padding=&#8221;||||false|false&#8221; global_colors_info=&#8221;{}&#8221;]<\/p>\n<h3>Veja o que as pessoas est\u00e3o dizendo sobre VACAYA<\/h3>\n<p>[\/et_pb_text][\/et_pb_column][\/et_pb_row][et_pb_row custom_padding_last_edited=&#8221;on|desktop&#8221; _builder_version=&#8221;4.17.6&#8243; _module_preset=&#8221;default&#8221; custom_padding=&#8221;||0%||false|false&#8221; custom_padding_tablet=&#8221;&#8221; custom_padding_phone=&#8221;||||false|false&#8221; global_colors_info=&#8221;{}&#8221;][et_pb_column type=&#8221;4_4&#8243; _builder_version=&#8221;4.17.4&#8243; _module_preset=&#8221;default&#8221; global_colors_info=&#8221;{}&#8221;][et_pb_text _builder_version=&#8221;4.23.4&#8243; _module_preset=&#8221;default&#8221; global_colors_info=&#8221;{}&#8221;]<\/p>\n<p>&nbsp;<\/p>\n<p><strong>CONHE\u00c7A CRISTOPH \u2013 Identifica-se como Ele\/Ele<\/strong><br \/><em>\u201cN\u00e3o se trata apenas de alimentos e bebidas inclusivos, trata-se de uma comunidade inclusiva\u201d<\/em><\/p>\n<p>[\/et_pb_text][et_pb_image src=&#8221;https:\/\/www.myvacaya.com\/wp-content\/uploads\/2024\/04\/Most-Inclusive-Company-Video-Thumbnail-Christoph.jpg&#8221; title_text=&#8221;Miniatura do v\u00eddeo da empresa mais inclusiva &#8211; Christoph&#8221; show_bottom_space=&#8221;off&#8221; force_fullwidth=&#8221;on&#8221; admin_label=&#8221;Video Thumbnail&#8221; module_class=&#8221;popmake-149174&#8243; _builder_version=&#8221;4.23.4&#8243; _module_preset=&#8221;default&#8221; scroll_fade_enable=&#8221;on&#8221; global_colors_info=&#8221;{}&#8221;][\/et_pb_image][\/et_pb_column][\/et_pb_row][et_pb_row custom_padding_last_edited=&#8221;on|desktop&#8221; _builder_version=&#8221;4.17.6&#8243; _module_preset=&#8221;default&#8221; custom_padding=&#8221;||0%||false|false&#8221; custom_padding_tablet=&#8221;&#8221; custom_padding_phone=&#8221;||||false|false&#8221; global_colors_info=&#8221;{}&#8221;][et_pb_column type=&#8221;4_4&#8243; _builder_version=&#8221;4.17.4&#8243; _module_preset=&#8221;default&#8221; global_colors_info=&#8221;{}&#8221;][et_pb_text _builder_version=&#8221;4.23.4&#8243; _module_preset=&#8221;default&#8221; global_colors_info=&#8221;{}&#8221;]<\/p>\n<p>&nbsp;<\/p>\n<p>&nbsp;<\/p>\n<p><strong>CONHE\u00c7A JUDE \u2013 Identifica-se como eles\/eles<\/strong><br \/><em>\u201cComo homem trans na VACAYA, experimentei um passo revolucion\u00e1rio em termos de inclus\u00e3o\u2026 fiz amigos.\u201d<\/em><\/p>\n<p>[\/et_pb_text][et_pb_image src=&#8221;https:\/\/www.myvacaya.com\/wp-content\/uploads\/2024\/04\/Most-Inclusive-Company-Video-Thumbnail-Jude.jpg&#8221; title_text=&#8221;Miniatura do v\u00eddeo da empresa mais inclusiva &#8211; Jude&#8221; show_bottom_space=&#8221;off&#8221; force_fullwidth=&#8221;on&#8221; admin_label=&#8221;Video Thumbnail&#8221; module_class=&#8221;popmake-149200&#8243; _builder_version=&#8221;4.23.4&#8243; _module_preset=&#8221;default&#8221; scroll_fade_enable=&#8221;on&#8221; global_colors_info=&#8221;{}&#8221;][\/et_pb_image][\/et_pb_column][\/et_pb_row][et_pb_row custom_padding_last_edited=&#8221;on|desktop&#8221; _builder_version=&#8221;4.17.6&#8243; _module_preset=&#8221;default&#8221; custom_padding=&#8221;||0%||false|false&#8221; custom_padding_tablet=&#8221;&#8221; custom_padding_phone=&#8221;||||false|false&#8221; global_colors_info=&#8221;{}&#8221;][et_pb_column type=&#8221;4_4&#8243; _builder_version=&#8221;4.17.4&#8243; _module_preset=&#8221;default&#8221; global_colors_info=&#8221;{}&#8221;][et_pb_text _builder_version=&#8221;4.23.4&#8243; _module_preset=&#8221;default&#8221; global_colors_info=&#8221;{}&#8221;]<\/p>\n<p>&nbsp;<\/p>\n<p>&nbsp;<\/p>\n<p><strong>CONHE\u00c7A ALLYSE \u2013 Identifica-se como Ela\/Ela<\/strong><br \/><em>\u201cVACAYA atende \u00e0s verdadeiras necessidades de todos na comunidade LGBTQ\u2026 onde podemos relaxar e recarregar energias e ter conversas profundas e significativas.\u201d<\/em><\/p>\n<p>[\/et_pb_text][et_pb_image src=&#8221;https:\/\/www.myvacaya.com\/wp-content\/uploads\/2024\/04\/Most-Inclusive-Company-Video-Thumbnail-Alysse.jpg&#8221; title_text=&#8221;Miniatura do v\u00eddeo da empresa mais inclusiva &#8211; Alysse&#8221; show_bottom_space=&#8221;off&#8221; force_fullwidth=&#8221;on&#8221; admin_label=&#8221;Video Thumbnail&#8221; module_class=&#8221;popmake-149226&#8243; _builder_version=&#8221;4.23.4&#8243; _module_preset=&#8221;default&#8221; scroll_fade_enable=&#8221;on&#8221; global_colors_info=&#8221;{}&#8221;][\/et_pb_image][\/et_pb_column][\/et_pb_row][et_pb_row _builder_version=&#8221;4.17.6&#8243; _module_preset=&#8221;default&#8221; custom_padding=&#8221;||0%||false|false&#8221; global_colors_info=&#8221;{}&#8221;][et_pb_column type=&#8221;4_4&#8243; _builder_version=&#8221;4.17.6&#8243; _module_preset=&#8221;default&#8221; global_colors_info=&#8221;{}&#8221;][et_pb_text admin_label=&#8221;Section Title &#8211; H3&#8243; _builder_version=&#8221;4.23.4&#8243; _module_preset=&#8221;default&#8221; header_3_font=&#8221;Futura Bold|||on|||||&#8221; header_3_text_align=&#8221;center&#8221; header_3_text_color=&#8221;#000000&#8243; header_3_font_size=&#8221;18px&#8221; header_3_letter_spacing=&#8221;1.8px&#8221; header_3_line_height=&#8221;24px&#8221; custom_margin=&#8221;||||false|false&#8221; custom_margin_tablet=&#8221;||||false|false&#8221; custom_margin_phone=&#8221;||||false|false&#8221; custom_margin_last_edited=&#8221;on|phone&#8221; custom_padding=&#8221;||||false|false&#8221; global_colors_info=&#8221;{}&#8221;]<\/p>\n<h3> <\/h3>\n<h3> <\/h3>\n<h3> <\/h3>\n<h3>Veja o que a m\u00eddia est\u00e1 dizendo sobre VACAYA<\/h3>\n<p>[\/et_pb_text][\/et_pb_column][\/et_pb_row][et_pb_row custom_padding_last_edited=&#8221;on|desktop&#8221; _builder_version=&#8221;4.17.6&#8243; _module_preset=&#8221;default&#8221; custom_padding=&#8221;||0%||false|false&#8221; custom_padding_tablet=&#8221;&#8221; custom_padding_phone=&#8221;||||false|false&#8221; global_colors_info=&#8221;{}&#8221;][et_pb_column type=&#8221;4_4&#8243; _builder_version=&#8221;4.17.4&#8243; _module_preset=&#8221;default&#8221; global_colors_info=&#8221;{}&#8221;][et_pb_text _builder_version=&#8221;4.23.4&#8243; _module_preset=&#8221;default&#8221; global_colors_info=&#8221;{}&#8221;]<\/p>\n<p>&nbsp;<\/p>\n<p><strong>IVAN QUINTANILLA \u2013 EDGE Media \u2013 Identifica-se como Ele\/Ele<\/strong><br \/><em>\u201cVoc\u00ea consegue pintar com todas as cores do vento? Bem, acontece que VACAYA pode! \u2026Mesmo com a extensa programa\u00e7\u00e3o que VACAYA cria para todas as cores do nosso espectro LGBTQIAPK, \u00e9 a gentileza da comunidade VACAYA que prova ser o seu maior trunfo.\u201d<\/em><\/p>\n<p>[\/et_pb_text][et_pb_image src=&#8221;https:\/\/www.myvacaya.com\/wp-content\/uploads\/2024\/04\/Most-Inclusive-Company-Video-Thumbnail-Ivan-from-EDGE-Media.jpg&#8221; title_text=&#8221;Miniatura do v\u00eddeo da empresa mais inclusiva &#8211; Ivan da EDGE Media&#8221; show_bottom_space=&#8221;off&#8221; force_fullwidth=&#8221;on&#8221; admin_label=&#8221;Video Thumbnail&#8221; module_class=&#8221;popmake-149252&#8243; _builder_version=&#8221;4.23.4&#8243; _module_preset=&#8221;default&#8221; scroll_fade_enable=&#8221;on&#8221; global_colors_info=&#8221;{}&#8221;][\/et_pb_image][et_pb_text _builder_version=&#8221;4.23.4&#8243; _module_preset=&#8221;default&#8221; global_colors_info=&#8221;{}&#8221;]<\/p>\n<p>&nbsp;<\/p>\n<p style=\"text-align: center;\"><a class=\"btn-pink-inline\" href=\"https:\/\/www.edgemedianetwork.com\/story\/332322\" target=\"_blank\" rel=\"noopener\"><span class=\"btn-inside\">LEIA A REVIS\u00c3O COMPLETA<\/span><\/a><\/p>\n<p>[\/et_pb_text][\/et_pb_column][\/et_pb_row][et_pb_row custom_padding_last_edited=&#8221;on|desktop&#8221; _builder_version=&#8221;4.17.6&#8243; _module_preset=&#8221;default&#8221; custom_padding=&#8221;||0%||false|false&#8221; custom_padding_tablet=&#8221;&#8221; custom_padding_phone=&#8221;||||false|false&#8221; global_colors_info=&#8221;{}&#8221;][et_pb_column type=&#8221;4_4&#8243; _builder_version=&#8221;4.17.4&#8243; _module_preset=&#8221;default&#8221; global_colors_info=&#8221;{}&#8221;][et_pb_text _builder_version=&#8221;4.23.4&#8243; _module_preset=&#8221;default&#8221; global_colors_info=&#8221;{}&#8221;]<\/p>\n<p>Esteja voc\u00ea procurando uma escapadela na praia ensolarada, uma escapadela rom\u00e2ntica ou uma expedi\u00e7\u00e3o repleta de divers\u00e3o, VACAYA \u00e9 o seu companheiro de viagem mais experiente. Junte-se a n\u00f3s na cria\u00e7\u00e3o de mem\u00f3rias que transcendem fronteiras, redefinem f\u00e9rias e promovem conex\u00f5es que duram a vida toda. As f\u00e9rias dos seus sonhos est\u00e3o \u00e0 sua espera. Venha, vamos torn\u00e1-las extraordin\u00e1rias juntos!<\/p>\n<p>[\/et_pb_text][\/et_pb_column][\/et_pb_row][\/et_pb_section][et_pb_section fb_built=&#8221;1&#8243; admin_label=&#8221;Blog Trip Tiles&#8221; _builder_version=&#8221;4.17.6&#8243; _module_preset=&#8221;default&#8221; global_colors_info=&#8221;{}&#8221;][et_pb_row _builder_version=&#8221;4.23.4&#8243; _module_preset=&#8221;default&#8221; global_colors_info=&#8221;{}&#8221;][et_pb_column type=&#8221;4_4&#8243; _builder_version=&#8221;4.17.6&#8243; _module_preset=&#8221;default&#8221; global_colors_info=&#8221;{}&#8221;][et_pb_divider color=&#8221;#000000&#8243; divider_position=&#8221;center&#8221; _builder_version=&#8221;4.17.6&#8243; _module_preset=&#8221;default&#8221; global_colors_info=&#8221;{}&#8221;][\/et_pb_divider][\/et_pb_column][\/et_pb_row][et_pb_row _builder_version=&#8221;4.17.6&#8243; _module_preset=&#8221;default&#8221; global_colors_info=&#8221;{}&#8221;][et_pb_column type=&#8221;4_4&#8243; _builder_version=&#8221;4.17.6&#8243; _module_preset=&#8221;default&#8221; global_colors_info=&#8221;{}&#8221;][et_pb_text admin_label=&#8221;Section Title &#8211; H3&#8243; _builder_version=&#8221;4.23.4&#8243; _module_preset=&#8221;default&#8221; header_3_font=&#8221;Futura Bold|||on|||||&#8221; header_3_text_align=&#8221;center&#8221; header_3_text_color=&#8221;#000000&#8243; header_3_font_size=&#8221;18px&#8221; header_3_letter_spacing=&#8221;1.8px&#8221; header_3_line_height=&#8221;24px&#8221; custom_margin=&#8221;||||false|false&#8221; custom_margin_tablet=&#8221;||||false|false&#8221; custom_margin_phone=&#8221;||||false|false&#8221; custom_margin_last_edited=&#8221;on|phone&#8221; custom_padding=&#8221;||||false|false&#8221; global_colors_info=&#8221;{}&#8221;]<\/p>\n<h3>ENT\u00c3O O QUE VOC\u00ca EST\u00c1 ESPERANDO?  <\/p>\n<p>CONFIRA AS F\u00c9RIAS LGBT+ MAIS INCLUSIVAS DO PLANETA!<\/h3>\n<p>[\/et_pb_text][\/et_pb_column][\/et_pb_row][et_pb_row _builder_version=&#8221;4.17.6&#8243; _module_preset=&#8221;default&#8221; global_colors_info=&#8221;{}&#8221;][et_pb_column type=&#8221;4_4&#8243; _builder_version=&#8221;4.17.6&#8243; _module_preset=&#8221;default&#8221; global_colors_info=&#8221;{}&#8221;][et_pb_text _builder_version=&#8221;4.17.6&#8243; _module_preset=&#8221;default&#8221; global_colors_info=&#8221;{}&#8221;]<div id=\"ajax-load-more\" class=\"ajax-load-more-wrap default\" data-id=\"experience-items\" data-alm-id=\"\" data-canonical-url=\"https:\/\/www.myvacaya.com\/pt-pt\/descobrir\/inclusao-lgbt\/\" data-slug=\"inclusao-lgbt\" data-post-id=\"149300\"  data-localized=\"ajax_load_more_experience_items_vars\" data-alm-object=\"ajax_load_more_experience_items\"><ul aria-live=\"polite\" aria-atomic=\"true\" class=\"alm-listing alm-ajax\" data-container-type=\"ul\" data-loading-style=\"default\" data-repeater=\"template_1\" data-post-type=\"trip\" data-meta-key=\"show_trip_tile\" data-meta-value=\"1\" data-custom-args=\"post_parent: 0\" data-order=\"ASC\" data-orderby=\"date\" data-offset=\"0\" data-posts-per-page=\"20\" data-lang=\"pt-pt\" data-scroll=\"false\" data-button-label=\"Load More\" data-prev-button-label=\"Load Previous\" data-destroy-after=\"1\"><\/ul><div class=\"alm-btn-wrap\" data-rel=\"ajax-load-more\"><button class=\"alm-load-more-btn\" type=\"button\">Load More<\/button><\/div><\/div>[\/et_pb_text][\/et_pb_column][\/et_pb_row][\/et_pb_section]<\/p>\n","protected":false},"excerpt":{"rendered":"<p><div class=\"trip-overlay\"><div class=\"trip-title\"><h1>Fichas de Viagem com T\u00edtulo &#8211; Somente Cruzeiros<\/h1><\/div><\/div>VACAYA \u00e9 a Empresa de F\u00e9rias LGBT+ MAIS inclusiva do Planeta!VACAYA n\u00e3o \u00e9 apenas uma empresa comum de f\u00e9rias. Somos os maiores defensores da inclus\u00e3o, estabelecendo padr\u00f5es elevados para fazer com que todos se sintam valorizados e abra\u00e7ados. VACAYA estabeleceu um padr\u00e3o totalmente novo para a diversidade, acolhendo todas as orienta\u00e7\u00f5es sexuais e identidades de [&hellip;]<\/p>\n","protected":false},"author":1,"featured_media":0,"parent":118684,"menu_order":0,"comment_status":"closed","ping_status":"closed","template":"","meta":{"_acf_changed":false,"_et_pb_use_builder":"on","_et_pb_old_content":"","_et_gb_content_width":"","_monsterinsights_skip_tracking":false,"_monsterinsights_sitenote_active":false,"_monsterinsights_sitenote_note":"","_monsterinsights_sitenote_category":0,"footnotes":""},"class_list":["post-149300","page","type-page","status-publish","hentry"],"acf":[],"_links":{"self":[{"href":"https:\/\/www.myvacaya.com\/pt-pt\/wp-json\/wp\/v2\/pages\/149300","targetHints":{"allow":["GET"]}}],"collection":[{"href":"https:\/\/www.myvacaya.com\/pt-pt\/wp-json\/wp\/v2\/pages"}],"about":[{"href":"https:\/\/www.myvacaya.com\/pt-pt\/wp-json\/wp\/v2\/types\/page"}],"author":[{"embeddable":true,"href":"https:\/\/www.myvacaya.com\/pt-pt\/wp-json\/wp\/v2\/users\/1"}],"replies":[{"embeddable":true,"href":"https:\/\/www.myvacaya.com\/pt-pt\/wp-json\/wp\/v2\/comments?post=149300"}],"version-history":[{"count":34,"href":"https:\/\/www.myvacaya.com\/pt-pt\/wp-json\/wp\/v2\/pages\/149300\/revisions"}],"predecessor-version":[{"id":151003,"href":"https:\/\/www.myvacaya.com\/pt-pt\/wp-json\/wp\/v2\/pages\/149300\/revisions\/151003"}],"up":[{"embeddable":true,"href":"https:\/\/www.myvacaya.com\/pt-pt\/wp-json\/wp\/v2\/pages\/118684"}],"wp:attachment":[{"href":"https:\/\/www.myvacaya.com\/pt-pt\/wp-json\/wp\/v2\/media?parent=149300"}],"curies":[{"name":"wp","href":"https:\/\/api.w.org\/{rel}","templated":true}]}}