{"id":119012,"date":"2021-06-17T09:17:47","date_gmt":"2021-06-17T13:17:47","guid":{"rendered":"https:\/\/www.myvacaya.com\/rick-leonard\/"},"modified":"2023-08-04T10:52:42","modified_gmt":"2023-08-04T14:52:42","slug":"rick-leonard","status":"publish","type":"page","link":"https:\/\/www.myvacaya.com\/pt-pt\/rick-leonard\/","title":{"rendered":"Rick Leonard"},"content":{"rendered":"<p>[et_pb_section fb_built=&#8221;1&#8243; fullwidth=&#8221;on&#8221; admin_label=&#8221;Slider&#8221; module_id=&#8221;interior da se\u00e7\u00e3o deslizante&#8221; _builder_version=&#8221;4.17.6&#8243; _module_preset=&#8221;default&#8221; background_enable_image=&#8221;off&#8221; global_colors_info=&#8221;{}&#8221;][et_pb_fullwidth_code admin_label=&#8221;Slider Overlay&#8221; module_class=&#8221;interior-page-overlay&#8221; _builder_version=&#8221;4.17.6&#8243; _module_preset=&#8221;default&#8221; positioning=&#8221;absolute&#8221; position_origin_a=&#8221;top_right&#8221; position_origin_f=&#8221;top_right&#8221; z_index=&#8221;100&#8243; width=&#8221;50%&#8221; width_tablet=&#8221;50%&#8221; width_phone=&#8221;100%&#8221; width_last_edited=&#8221;on|phone&#8221; height=&#8221;100vh&#8221; hover_enabled=&#8221;0&#8243; global_colors_info=&#8221;{}&#8221; sticky_enabled=&#8221;0&#8243;]<div class=\"trip-overlay\"><div class=\"trip-title\"><h1>Rick Leonard<\/h1><\/div><\/div>[\/et_pb_fullwidth_code][et_pb_fullwidth_slider show_arrows=&#8221;off&#8221; admin_label=&#8221;Slider Images&#8221; module_id=&#8221;slider-images&#8221; _builder_version=&#8221;4.17.6&#8243; _module_preset=&#8221;default&#8221; height=&#8221;100vh&#8221; auto=&#8221;on&#8221; global_colors_info=&#8221;{}&#8221;][et_pb_slide _builder_version=&#8221;4.17.6&#8243; _module_preset=&#8221;default&#8221; background_color=&#8221;RGBA(255,255,255,0)&#8221; background_enable_color=&#8221;on&#8221; background_image=&#8221;https:\/\/www.myvacaya.com\/wp-content\/uploads\/2022\/09\/Piano-Desktop.jpeg&#8221; background_enable_image=&#8221;on&#8221; background_last_edited=&#8221;on|desktop&#8221; background_enable_color_phone=&#8221;off&#8221; background_image_phone=&#8221;https:\/\/www.myvacaya.com\/wp-content\/uploads\/2022\/11\/Piano-Mobile.jpeg&#8221; background_enable_image_phone=&#8221;on&#8221; global_colors_info=&#8221;{}&#8221; sticky_transition=&#8221;on&#8221;][\/et_pb_slide][\/et_pb_fullwidth_slider][\/et_pb_section][et_pb_section fb_built=&#8221;1&#8243; custom_padding_last_edited=&#8221;on|phone&#8221; _builder_version=&#8221;4.17.6&#8243; _module_preset=&#8221;default&#8221; custom_padding=&#8221;||||false|false&#8221; custom_padding_tablet=&#8221;||||false|false&#8221; custom_padding_phone=&#8221;||||false|false&#8221; global_colors_info=&#8221;{}&#8221;][et_pb_row column_structure=&#8221;1_4,3_4&#8243; custom_padding_last_edited=&#8221;on|desktop&#8221; _builder_version=&#8221;4.17.6&#8243; _module_preset=&#8221;default&#8221; custom_padding=&#8221;||||false|false&#8221; custom_padding_tablet=&#8221;||||false|false&#8221; custom_padding_phone=&#8221;||||false|false&#8221; global_colors_info=&#8221;{}&#8221;][et_pb_column type=&#8221;1_4&#8243; _builder_version=&#8221;4.17.6&#8243; _module_preset=&#8221;default&#8221; global_colors_info=&#8221;{}&#8221;][et_pb_image src=&#8221;https:\/\/www.myvacaya.com\/wp-content\/uploads\/2022\/09\/Rick-Leonard-2-834&#215;1024-1.jpeg&#8221; title_text=&#8221;Rick-Leonard-2-834&#215;1024&#8243; force_fullwidth=&#8221;on&#8221; _builder_version=&#8221;4.17.6&#8243; _module_preset=&#8221;default&#8221; global_colors_info=&#8221;{}&#8221;][\/et_pb_image][\/et_pb_column][et_pb_column type=&#8221;3_4&#8243; _builder_version=&#8221;4.17.6&#8243; _module_preset=&#8221;default&#8221; global_colors_info=&#8221;{}&#8221;][et_pb_text _builder_version=&#8221;4.17.6&#8243; _module_preset=&#8221;default&#8221; custom_margin=&#8221;||||false|false&#8221; custom_margin_tablet=&#8221;||||false|false&#8221; custom_margin_phone=&#8221;||||false|false&#8221; custom_margin_last_edited=&#8221;on|phone&#8221; global_colors_info=&#8221;{}&#8221;]Rick Leonard \u00e9 um popular artista experiente e diretor musical que \u00e9 conhecido do p\u00fablico do sul da Fl\u00f3rida h\u00e1 mais de uma d\u00e9cada. Vindo da cidade de Nova York, Rick desfrutou de resid\u00eancias renomadas em locais famosos como Tavern on the Green, The Russian Tea Room, The Firebird, One If By Land, Two If By Sea e muitos mais.<\/p>\n<p>Como diretor musical, ele fundou o The Cabaret by the Bay em Cherry Grove, NY, e apresentou artistas de cabar\u00e9 de primeira linha por mais de 7 anos. Al\u00e9m disso, ele atuou como diretor musical de artistas como Belinda Carlysle (The Go-Gos), Kimberley Locke, ( <strong><em>American Idol<\/em><\/strong> e artista de sucesso), Shoshana Bean da Broadway ( <strong><em>Wicked<\/em><\/strong> ), a famosa atriz Sally Struthers e muitos mais.<\/p>\n<p>No sul da Fl\u00f3rida, Rick foi o artista residente por 10 anos no agora lend\u00e1rio Magnum Lounge Supper Club, al\u00e9m de se apresentar em locais como The Manor em Fort Lauderdale.<\/p>\n<p>Rick \u00e9 atualmente um artista residente no \u201cLive at the National\u201d no National Hotel em Miami Beach e est\u00e1 entusiasmado por estar entre a incr\u00edvel lista de talentos nos cruzeiros em navios grandes, aventuras em navios pequenos e resorts com tudo inclu\u00eddo do VACAYA.<\/p>\n<p>Dessa inspira\u00e7\u00e3o nasceu a VACAYA. O pr\u00f3prio nome fala do conceito: \u201cVACAYA\u201d \u00e9 uma palavra de <a href=\"https:\/\/theculturetrip.com\/europe\/united-kingdom\/england\/london\/articles\/this-secret-language-allowed-gay-men-to-communicate-when-homosexuality-was-illegal\/?utm_source=facebook&amp;utm_medium=facebook&amp;utm_campaign=072018secretlanguagegay\" target=\"_blank\" rel=\"noopener\">Polari<\/a> , uma linguagem centen\u00e1ria usada pela subcultura gay para se comunicar discretamente. Al\u00e9m disso, a g\u00edria \u201cvacay\u201d tornou-se um termo popular para f\u00e9rias. Juntos, os dois significados celebram nossa identidade LGBT e o esp\u00edrito inclusivo, alegre e irrestrito que prezamos.<\/p>\n<p>John, Randle, Patrick e todos os The Vacayans convidam voc\u00ea a se abrir para novas experi\u00eancias, explora\u00e7\u00e3o consciente, divers\u00e3o sem fim e conex\u00f5es mais profundas&#8230; eles convidam voc\u00ea para VACAYA.[\/et_pb_text][\/et_pb_column][\/et_pb_row][\/et_pb_section]<\/p>\n","protected":false},"excerpt":{"rendered":"<p><div class=\"trip-overlay\"><div class=\"trip-title\"><h1>Fichas de Viagem com T\u00edtulo &#8211; Somente Cruzeiros<\/h1><\/div><\/div>Rick Leonard \u00e9 um popular artista experiente e diretor musical que \u00e9 conhecido do p\u00fablico do sul da Fl\u00f3rida h\u00e1 mais de uma d\u00e9cada. Vindo da cidade de Nova York, Rick desfrutou de resid\u00eancias renomadas em locais famosos como Tavern on the Green, The Russian Tea Room, The Firebird, One If By Land, Two If [&hellip;]<\/p>\n","protected":false},"author":4,"featured_media":0,"parent":0,"menu_order":0,"comment_status":"closed","ping_status":"closed","template":"","meta":{"_acf_changed":false,"_et_pb_use_builder":"on","_et_pb_old_content":"","_et_gb_content_width":"","_monsterinsights_skip_tracking":false,"_monsterinsights_sitenote_active":false,"_monsterinsights_sitenote_note":"","_monsterinsights_sitenote_category":0,"footnotes":""},"class_list":["post-119012","page","type-page","status-publish","hentry"],"acf":[],"_links":{"self":[{"href":"https:\/\/www.myvacaya.com\/pt-pt\/wp-json\/wp\/v2\/pages\/119012","targetHints":{"allow":["GET"]}}],"collection":[{"href":"https:\/\/www.myvacaya.com\/pt-pt\/wp-json\/wp\/v2\/pages"}],"about":[{"href":"https:\/\/www.myvacaya.com\/pt-pt\/wp-json\/wp\/v2\/types\/page"}],"author":[{"embeddable":true,"href":"https:\/\/www.myvacaya.com\/pt-pt\/wp-json\/wp\/v2\/users\/4"}],"replies":[{"embeddable":true,"href":"https:\/\/www.myvacaya.com\/pt-pt\/wp-json\/wp\/v2\/comments?post=119012"}],"version-history":[{"count":8,"href":"https:\/\/www.myvacaya.com\/pt-pt\/wp-json\/wp\/v2\/pages\/119012\/revisions"}],"predecessor-version":[{"id":119072,"href":"https:\/\/www.myvacaya.com\/pt-pt\/wp-json\/wp\/v2\/pages\/119012\/revisions\/119072"}],"wp:attachment":[{"href":"https:\/\/www.myvacaya.com\/pt-pt\/wp-json\/wp\/v2\/media?parent=119012"}],"curies":[{"name":"wp","href":"https:\/\/api.w.org\/{rel}","templated":true}]}}