{"id":118998,"date":"2021-08-20T20:20:31","date_gmt":"2021-08-21T00:20:31","guid":{"rendered":"https:\/\/www.myvacaya.com\/mailyn-soulfree\/"},"modified":"2023-08-04T10:52:40","modified_gmt":"2023-08-04T14:52:40","slug":"mailyn-soulfree","status":"publish","type":"page","link":"https:\/\/www.myvacaya.com\/pt-pt\/mailyn-soulfree\/","title":{"rendered":"Mailyn Soulfree"},"content":{"rendered":"<p>[et_pb_section fb_built=&#8221;1&#8243; fullwidth=&#8221;on&#8221; admin_label=&#8221;Slider&#8221; module_id=&#8221;interior da se\u00e7\u00e3o deslizante&#8221; _builder_version=&#8221;4.17.6&#8243; _module_preset=&#8221;default&#8221; background_enable_image=&#8221;off&#8221; global_colors_info=&#8221;{}&#8221;][et_pb_fullwidth_code admin_label=&#8221;Slider Overlay&#8221; module_class=&#8221;interior-page-overlay&#8221; _builder_version=&#8221;4.17.6&#8243; _module_preset=&#8221;default&#8221; positioning=&#8221;absolute&#8221; position_origin_a=&#8221;top_right&#8221; position_origin_f=&#8221;top_right&#8221; z_index=&#8221;100&#8243; width=&#8221;50%&#8221; width_tablet=&#8221;50%&#8221; width_phone=&#8221;100%&#8221; width_last_edited=&#8221;on|phone&#8221; height=&#8221;100vh&#8221; hover_enabled=&#8221;0&#8243; global_colors_info=&#8221;{}&#8221; sticky_enabled=&#8221;0&#8243;]<div class=\"trip-overlay\"><div class=\"trip-title\"><h1>Mailyn Soulfree<\/h1><\/div><\/div>[\/et_pb_fullwidth_code][et_pb_fullwidth_slider show_arrows=&#8221;off&#8221; admin_label=&#8221;Slider Images&#8221; module_id=&#8221;slider-images&#8221; _builder_version=&#8221;4.17.6&#8243; _module_preset=&#8221;default&#8221; height=&#8221;100vh&#8221; auto=&#8221;on&#8221; global_colors_info=&#8221;{}&#8221;][et_pb_slide _builder_version=&#8221;4.17.6&#8243; _module_preset=&#8221;default&#8221; background_color=&#8221;RGBA(255,255,255,0)&#8221; background_enable_color=&#8221;on&#8221; background_image=&#8221;https:\/\/www.myvacaya.com\/wp-content\/uploads\/2022\/09\/Piano-Desktop.jpeg&#8221; background_enable_image=&#8221;on&#8221; background_last_edited=&#8221;on|desktop&#8221; background_image_phone=&#8221;https:\/\/www.myvacaya.com\/wp-content\/uploads\/2022\/11\/Piano-Mobile.jpeg&#8221; background_enable_image_phone=&#8221;on&#8221; global_colors_info=&#8221;{}&#8221; sticky_transition=&#8221;on&#8221;][\/et_pb_slide][\/et_pb_fullwidth_slider][\/et_pb_section][et_pb_section fb_built=&#8221;1&#8243; custom_padding_last_edited=&#8221;on|phone&#8221; _builder_version=&#8221;4.17.6&#8243; _module_preset=&#8221;default&#8221; custom_padding=&#8221;||||false|false&#8221; custom_padding_tablet=&#8221;||||false|false&#8221; custom_padding_phone=&#8221;||||false|false&#8221; global_colors_info=&#8221;{}&#8221;][et_pb_row column_structure=&#8221;1_4,3_4&#8243; custom_padding_last_edited=&#8221;on|desktop&#8221; _builder_version=&#8221;4.17.6&#8243; _module_preset=&#8221;default&#8221; custom_padding=&#8221;||||false|false&#8221; custom_padding_tablet=&#8221;||||false|false&#8221; custom_padding_phone=&#8221;||||false|false&#8221; global_colors_info=&#8221;{}&#8221;][et_pb_column type=&#8221;1_4&#8243; _builder_version=&#8221;4.17.6&#8243; _module_preset=&#8221;default&#8221; global_colors_info=&#8221;{}&#8221;][et_pb_image src=&#8221;https:\/\/www.myvacaya.com\/wp-content\/uploads\/2021\/08\/Unknown-4.jpeg&#8221; title_text=&#8221;Desconhecido-4&#8243; force_fullwidth=&#8221;on&#8221; _builder_version=&#8221;4.17.6&#8243; _module_preset=&#8221;default&#8221; global_colors_info=&#8221;{}&#8221;][\/et_pb_image][\/et_pb_column][et_pb_column type=&#8221;3_4&#8243; _builder_version=&#8221;4.17.6&#8243; _module_preset=&#8221;default&#8221; global_colors_info=&#8221;{}&#8221;][et_pb_text _builder_version=&#8221;4.17.6&#8243; _module_preset=&#8221;default&#8221; custom_margin=&#8221;||||false|false&#8221; custom_margin_tablet=&#8221;||||false|false&#8221; custom_margin_phone=&#8221;||||false|false&#8221; custom_margin_last_edited=&#8221;on|phone&#8221; global_colors_info=&#8221;{}&#8221;]<strong>Mailyn Soulfree<\/strong> \u00e9 uma cantora\/compositora nascida em Man\u00e1gua, Nicar\u00e1gua e criada em Miami, Fl\u00f3rida. Este p\u00e1ssaro canoro comovente canta e aprende can\u00e7\u00f5es desde que era uma garotinha, tendo crescido ouvindo soul, R&amp;B, pop e latim sem fim. Suas primeiras influ\u00eancias foram Michael Jackson, Mariah Carey, Celia Cruz e Whitney Houston. Ela fez o teste para o Festival Internacional de M\u00fasica de Nova York e teve a oportunidade de cantar no Madison Square Garden durante o primeiro show de mixagem em rede do festival para novos artistas. em 2014, ela se juntou ao elenco de The Cabaret South Beach e se apresentou regularmente em ambos os locais. Al\u00e9m disso, ela apareceu no Magic City Casino, The Hard Rock, no show do Miami Beach Gay Pride e foi solista de destaque no LGBTQ Gala em homenagem a Gloria Estefan. Mailyn \u00e9 acompanhado por Rick Leonard nas teclas.[\/et_pb_text][\/et_pb_column][\/et_pb_row][\/et_pb_section]<\/p>\n","protected":false},"excerpt":{"rendered":"<p><div class=\"trip-overlay\"><div class=\"trip-title\"><h1>Fichas de Viagem com T\u00edtulo &#8211; Somente Cruzeiros<\/h1><\/div><\/div>Mailyn Soulfree \u00e9 uma cantora\/compositora nascida em Man\u00e1gua, Nicar\u00e1gua e criada em Miami, Fl\u00f3rida. Este p\u00e1ssaro canoro comovente canta e aprende can\u00e7\u00f5es desde que era uma garotinha, tendo crescido ouvindo soul, R&amp;B, pop e latim sem fim. Suas primeiras influ\u00eancias foram Michael Jackson, Mariah Carey, Celia Cruz e Whitney Houston. Ela fez o teste para [&hellip;]<\/p>\n","protected":false},"author":4,"featured_media":0,"parent":0,"menu_order":0,"comment_status":"closed","ping_status":"closed","template":"","meta":{"_acf_changed":false,"_et_pb_use_builder":"on","_et_pb_old_content":"","_et_gb_content_width":"","_monsterinsights_skip_tracking":false,"_monsterinsights_sitenote_active":false,"_monsterinsights_sitenote_note":"","_monsterinsights_sitenote_category":0,"footnotes":""},"class_list":["post-118998","page","type-page","status-publish","hentry"],"acf":[],"_links":{"self":[{"href":"https:\/\/www.myvacaya.com\/pt-pt\/wp-json\/wp\/v2\/pages\/118998","targetHints":{"allow":["GET"]}}],"collection":[{"href":"https:\/\/www.myvacaya.com\/pt-pt\/wp-json\/wp\/v2\/pages"}],"about":[{"href":"https:\/\/www.myvacaya.com\/pt-pt\/wp-json\/wp\/v2\/types\/page"}],"author":[{"embeddable":true,"href":"https:\/\/www.myvacaya.com\/pt-pt\/wp-json\/wp\/v2\/users\/4"}],"replies":[{"embeddable":true,"href":"https:\/\/www.myvacaya.com\/pt-pt\/wp-json\/wp\/v2\/comments?post=118998"}],"version-history":[{"count":10,"href":"https:\/\/www.myvacaya.com\/pt-pt\/wp-json\/wp\/v2\/pages\/118998\/revisions"}],"predecessor-version":[{"id":119065,"href":"https:\/\/www.myvacaya.com\/pt-pt\/wp-json\/wp\/v2\/pages\/118998\/revisions\/119065"}],"wp:attachment":[{"href":"https:\/\/www.myvacaya.com\/pt-pt\/wp-json\/wp\/v2\/media?parent=118998"}],"curies":[{"name":"wp","href":"https:\/\/api.w.org\/{rel}","templated":true}]}}