{"id":118982,"date":"2020-06-19T14:46:25","date_gmt":"2020-06-19T18:46:25","guid":{"rendered":"https:\/\/www.myvacaya.com\/descobrir\/vozes-negras\/"},"modified":"2023-08-04T10:52:20","modified_gmt":"2023-08-04T14:52:20","slug":"vozes-negras","status":"publish","type":"page","link":"https:\/\/www.myvacaya.com\/pt-pt\/descobrir\/vozes-negras\/","title":{"rendered":"VOZES NEGRAS"},"content":{"rendered":"<p>[et_pb_section fb_built=&#8221;1&#8243; fullwidth=&#8221;on&#8221; admin_label=&#8221;Slider&#8221; module_id=&#8221;interior da se\u00e7\u00e3o deslizante&#8221; _builder_version=&#8221;4.17.6&#8243; _module_preset=&#8221;default&#8221; background_enable_image=&#8221;off&#8221; global_colors_info=&#8221;{}&#8221;][et_pb_fullwidth_code admin_label=&#8221;Slider Overlay&#8221; module_class=&#8221;interior-page-overlay&#8221; _builder_version=&#8221;4.17.6&#8243; _module_preset=&#8221;default&#8221; positioning=&#8221;absolute&#8221; position_origin_a=&#8221;top_right&#8221; position_origin_f=&#8221;top_right&#8221; z_index=&#8221;100&#8243; width=&#8221;50%&#8221; width_tablet=&#8221;50%&#8221; width_phone=&#8221;100%&#8221; width_last_edited=&#8221;on|phone&#8221; height=&#8221;100vh&#8221; hover_enabled=&#8221;0&#8243; global_colors_info=&#8221;{}&#8221; sticky_enabled=&#8221;0&#8243;]<div class=\"trip-overlay\"><div class=\"trip-title\"><h1>VOZES NEGRAS<\/h1><\/div><\/div>[\/et_pb_fullwidth_code][et_pb_fullwidth_slider show_arrows=&#8221;off&#8221; admin_label=&#8221;Slider Images&#8221; module_id=&#8221;slider-images&#8221; _builder_version=&#8221;4.17.6&#8243; _module_preset=&#8221;default&#8221; height=&#8221;100vh&#8221; auto=&#8221;on&#8221; global_colors_info=&#8221;{}&#8221;][et_pb_slide _builder_version=&#8221;4.17.6&#8243; _module_preset=&#8221;default&#8221; background_color=&#8221;RGBA(255,255,255,0)&#8221; background_enable_color=&#8221;on&#8221; background_image=&#8221;https:\/\/www.myvacaya.com\/wp-content\/uploads\/2022\/09\/1440&#215;570.jpeg&#8221; background_enable_image=&#8221;on&#8221; background_last_edited=&#8221;on|desktop&#8221; background_image_phone=&#8221;https:\/\/www.myvacaya.com\/wp-content\/uploads\/2022\/11\/414&#215;500.jpeg&#8221; background_enable_image_phone=&#8221;on&#8221; global_colors_info=&#8221;{}&#8221; sticky_transition=&#8221;on&#8221;][\/et_pb_slide][\/et_pb_fullwidth_slider][\/et_pb_section][et_pb_section fb_built=&#8221;1&#8243; custom_padding_last_edited=&#8221;on|phone&#8221; _builder_version=&#8221;4.17.6&#8243; _module_preset=&#8221;default&#8221; custom_padding=&#8221;||||false|false&#8221; custom_padding_tablet=&#8221;||||false|false&#8221; custom_padding_phone=&#8221;||||false|false&#8221; global_colors_info=&#8221;{}&#8221;][et_pb_row custom_padding_last_edited=&#8221;on|desktop&#8221; _builder_version=&#8221;4.17.6&#8243; _module_preset=&#8221;default&#8221; custom_padding=&#8221;||||false|false&#8221; custom_padding_tablet=&#8221;||||false|false&#8221; custom_padding_phone=&#8221;||||false|false&#8221; global_colors_info=&#8221;{}&#8221;][et_pb_column type=&#8221;4_4&#8243; _builder_version=&#8221;4.17.6&#8243; _module_preset=&#8221;default&#8221; global_colors_info=&#8221;{}&#8221;][et_pb_text _builder_version=&#8221;4.17.6&#8243; _module_preset=&#8221;default&#8221; custom_margin=&#8221;||||false|false&#8221; custom_margin_tablet=&#8221;||||false|false&#8221; custom_margin_phone=&#8221;||||false|false&#8221; custom_margin_last_edited=&#8221;on|phone&#8221; global_colors_info=&#8221;{}&#8221;]Em um esfor\u00e7o para fortalecer nosso apoio ao movimento Black Lives Matter, contatamos v\u00e1rios de nossos convidados negros, agentes de viagens e artistas para ouvir suas hist\u00f3rias e discutir como a VACAYA pode ficar ao seu lado enquanto todos n\u00f3s lutamos por mudan\u00e7as. Aqui, apresentamos tr\u00eas dessas pessoas incr\u00edveis. Encorajamos cada um de voc\u00eas a enfrentar seus desafios e tamb\u00e9m apoiar suas causas nobres. Juntos, temos a capacidade de mudar o mundo.[\/et_pb_text][\/et_pb_column][\/et_pb_row][et_pb_row column_structure=&#8221;1_3,1_3,1_3&#8243; _builder_version=&#8221;4.17.6&#8243; _module_preset=&#8221;default&#8221; global_colors_info=&#8221;{}&#8221;][et_pb_column type=&#8221;1_3&#8243; _builder_version=&#8221;4.17.6&#8243; _module_preset=&#8221;default&#8221; global_colors_info=&#8221;{}&#8221;][et_pb_image src=&#8221;https:\/\/www.myvacaya.com\/wp-content\/uploads\/2022\/09\/RebasChallenge-300&#215;300-1.jpg&#8221; title_text=&#8221;RebasChallenge-300&#215;300&#8243; force_fullwidth=&#8221;on&#8221; _builder_version=&#8221;4.17.6&#8243; _module_preset=&#8221;default&#8221; global_colors_info=&#8221;{}&#8221;][\/et_pb_image][\/et_pb_column][et_pb_column type=&#8221;1_3&#8243; _builder_version=&#8221;4.17.6&#8243; _module_preset=&#8221;default&#8221; global_colors_info=&#8221;{}&#8221;][et_pb_image src=&#8221;https:\/\/www.myvacaya.com\/wp-content\/uploads\/2022\/09\/Laurence-Pinckney-300&#215;300-1.jpg&#8221; title_text=&#8221;Laurence-Pinckney-300&#215;300&#8243; force_fullwidth=&#8221;on&#8221; _builder_version=&#8221;4.17.6&#8243; _module_preset=&#8221;default&#8221; global_colors_info=&#8221;{}&#8221;][\/et_pb_image][\/et_pb_column][et_pb_column type=&#8221;1_3&#8243; _builder_version=&#8221;4.17.6&#8243; _module_preset=&#8221;default&#8221; global_colors_info=&#8221;{}&#8221;][et_pb_image src=&#8221;https:\/\/www.myvacaya.com\/wp-content\/uploads\/2022\/09\/Coreys-Challenge-300&#215;300-1.jpg&#8221; title_text=&#8221;Coreys-Challenge-300&#215;300&#8243; force_fullwidth=&#8221;on&#8221; admin_label=&#8221;Image&#8221; _builder_version=&#8221;4.17.6&#8243; _module_preset=&#8221;default&#8221; global_colors_info=&#8221;{}&#8221;][\/et_pb_image][\/et_pb_column][\/et_pb_row][et_pb_row _builder_version=&#8221;4.17.6&#8243; _module_preset=&#8221;default&#8221; global_colors_info=&#8221;{}&#8221;][et_pb_column type=&#8221;4_4&#8243; _builder_version=&#8221;4.17.6&#8243; _module_preset=&#8221;default&#8221; global_colors_info=&#8221;{}&#8221;][et_pb_text admin_label=&#8221;Section Title &#8211; H3&#8243; _builder_version=&#8221;4.17.6&#8243; _module_preset=&#8221;default&#8221; header_3_font=&#8221;Futura Bold|||on|||||&#8221; header_3_text_align=&#8221;center&#8221; header_3_text_color=&#8221;#000000&#8243; header_3_font_size=&#8221;18px&#8221; header_3_letter_spacing=&#8221;1.8px&#8221; header_3_line_height=&#8221;24px&#8221; custom_margin=&#8221;||||false|false&#8221; custom_margin_tablet=&#8221;||||false|false&#8221; custom_margin_phone=&#8221;||||false|false&#8221; custom_margin_last_edited=&#8221;on|phone&#8221; custom_padding=&#8221;||||false|false&#8221; custom_padding_tablet=&#8221;||||false|false&#8221; custom_padding_phone=&#8221;||||false|false&#8221; custom_padding_last_edited=&#8221;on|phone&#8221; global_colors_info=&#8221;{}&#8221;]<\/p>\n<h3>CONHE\u00c7A ISREBA WHEELER AIKEN<\/h3>\n<p>[\/et_pb_text][et_pb_text _builder_version=&#8221;4.17.6&#8243; _module_preset=&#8221;default&#8221; global_colors_info=&#8221;{}&#8221;]Reba \u00e9 metade da dupla din\u00e2mica de Reba &amp; Peaches &#8211; duas mulheres negras fortes que encontraram um lar com VACAYA.<\/p>\n<p>Reba compartilha: \u201cEstou t\u00e3o cansada. Estou cansado de ter que repetir a mesma coisa indefinidamente apenas para ser ignorado. Eu sinto como se estivesse batendo minha cabe\u00e7a em uma parede de tijolos. Estou cansado de lutar. Estou cansado de ser classificado como NHI (Nenhum Humano Envolvido). Estou cansado de n\u00e3o conseguir respirar. Andando pelas ruas, eu sinto&#8230; voc\u00ea me odeia e nem me conhece.<\/p>\n<p>\u201cQuando viajo com a VACAYA, posso deixar essas frustra\u00e7\u00f5es para tr\u00e1s e viver um pouco de utopia. Uma coisa que adoro nas viagens \u00e9 que todo mundo diz &#8216;oi&#8217; quando se cruza, quer se conhe\u00e7am ou n\u00e3o. Ningu\u00e9m nunca nos pediu para fazer isso. Simplesmente acontece. N\u00e3o seria incr\u00edvel se pud\u00e9ssemos trazer esse simples ato de bondade para nossa vida cotidiana&#8230; fazer contato visual, sorrir e dizer ol\u00e1 uns aos outros? Ent\u00e3o, hoje, eu os desafio a come\u00e7ar a fazer isso em suas cidades natais para que um ao outro saiba &#8216;eu vejo voc\u00ea&#8217;, &#8216;eu respeito voc\u00ea&#8217;, &#8216;eu valorizo \u200b\u200bvoc\u00ea&#8217;. O que todos n\u00f3s estamos enfrentando agora \u00e9 t\u00e3o imenso. Temos que encontrar uma maneira de torn\u00e1-lo um pouco mais gerenci\u00e1vel. Com este pequeno ato, juntos temos o poder de mudar o mundo\u2026 um &#8216;oi&#8217; de cada vez.\u201d<\/p>\n<p>Em homenagem a Reba e Peaches, VACAYA fez uma doa\u00e7\u00e3o em seu nome para Doing4Others. N\u00f3s encorajamos voc\u00ea a se juntar a n\u00f3s para apoiar esta incr\u00edvel organiza\u00e7\u00e3o. A miss\u00e3o do Doing4Others \u00e9 promover o envolvimento da comunidade e construir lideran\u00e7a, empatia e prontid\u00e3o profissional para a pr\u00f3xima gera\u00e7\u00e3o de volunt\u00e1rios.<\/p>\n<p>Para apoiar o Doing4Others, visite <a href=\"https:\/\/www.doing4others.org\" target=\"_blank\" rel=\"noopener\">https:\/\/www.doing4others.org<\/a> .[\/et_pb_text][et_pb_divider color=&#8221;#000000&#8243; divider_position=&#8221;center&#8221; _builder_version=&#8221;4.17.6&#8243; _module_preset=&#8221;default&#8221; global_colors_info=&#8221;{}&#8221;][\/et_pb_divider][et_pb_text admin_label=&#8221;Section Title &#8211; H3&#8243; _builder_version=&#8221;4.17.6&#8243; _module_preset=&#8221;default&#8221; header_3_font=&#8221;Futura Bold|||on|||||&#8221; header_3_text_align=&#8221;center&#8221; header_3_text_color=&#8221;#000000&#8243; header_3_font_size=&#8221;18px&#8221; header_3_letter_spacing=&#8221;1.8px&#8221; header_3_line_height=&#8221;24px&#8221; custom_margin=&#8221;||||false|false&#8221; custom_margin_tablet=&#8221;||||false|false&#8221; custom_margin_phone=&#8221;||||false|false&#8221; custom_margin_last_edited=&#8221;on|phone&#8221; custom_padding=&#8221;||||false|false&#8221; custom_padding_tablet=&#8221;||||false|false&#8221; custom_padding_phone=&#8221;||||false|false&#8221; custom_padding_last_edited=&#8221;on|phone&#8221; global_colors_info=&#8221;{}&#8221;]<\/p>\n<h3>CONHE\u00c7A LAURENCE PINCKNEY<\/h3>\n<p>[\/et_pb_text][et_pb_text _builder_version=&#8221;4.17.6&#8243; _module_preset=&#8221;default&#8221; global_colors_info=&#8221;{}&#8221;]Laurence Pinckney, presidente da Zenbiz Travel, LLC. Laurence passou os \u00faltimos 15 anos atendendo \u00e0 comunidade negra LGBT+ como um de seus principais agentes de viagens. Ele foi co-organizador do Black Pride NYC de 2001-2005, dos eventos Dominican Island Heat e do Nubian Dreams &amp; UHCC Cruises. Devido \u00e0 falta de diversidade e inclus\u00e3o na comunidade LGBT, o Black Prides e eventos alternativos para as comunidades negras LGBTQ cresceram em todo o mundo.<\/p>\n<p>Laurence compartilhou seus pensamentos sobre tudo o que est\u00e1 acontecendo hoje: \u201cIsso nunca acaba. De novo e de novo e de novo outra vez. Desta vez parece diferente, no entanto. Mas para ter certeza disso, primeiro precisamos que TODOS reconhe\u00e7am que h\u00e1 um problema. N\u00e3o podemos fazer isso sozinhos. Cada um de n\u00f3s tem que desempenhar um papel.<\/p>\n<p>\u201cNo neg\u00f3cio de viagens, a representa\u00e7\u00e3o \u00e9 importante. Se n\u00e3o vemos nossos pr\u00f3prios rostos nos an\u00fancios, nos sites, muitas vezes assumimos que n\u00e3o somos bem-vindos. Por muito tempo, estivemos sub-representados ou n\u00e3o representados. O que atraiu a Zenbiz Travel para a VACAYA desde o in\u00edcio foi que notei que a VACAYA tinha um marketing que inclu\u00eda nossos rostos. Isso era raro no marketing de viagens LGBT. Depois de conversar com The Vacayans, ficou imediatamente claro que VACAYA estava procurando fazer algo diferente. Eles nos apoiam, ent\u00e3o n\u00f3s os apoiamos. Temos orgulho de levar essa mensagem aos nossos clientes e outros em apoio \u00e0 VACAYA. Continuaremos a encorajar a VACAYA a se esfor\u00e7ar ainda mais. Imagens inclusivas s\u00e3o um \u00f3timo primeiro passo, mas o que acontece al\u00e9m disso? Essas s\u00e3o as perguntas que agora temos que responder&#8230; juntos.<\/p>\n<p>\u201cOs Vacayans me perguntaram como eu desafiaria aqueles que procuram fazer parte da solu\u00e7\u00e3o. Ent\u00e3o eu ofere\u00e7o este desafio a todos&#8230; leia ou visualize a m\u00eddia negra por 40 minutos. Eu recomendo The Root ( <a href=\"http:\/\/www.theroot.com\/\"><span class=\"Hyperlink1\">www.theroot.com<\/span><\/a> ), Black News Channel ( <a href=\"https:\/\/blacknewschannel.com\/about\/\"><span class=\"Hyperlink1\">https:\/\/blacknewschannel.com\/about\/<\/span><\/a> ) ou AM Joy (no MSNBC). Recomendo tamb\u00e9m o premiado filme <a href=\"https:\/\/www.burden-thefilm.com\/\"><span class=\"Link\">BURDEN, de Nathan Hale Williams<\/span><\/a> . 40 minutos podem n\u00e3o apenas mudar sua perspectiva, mas essa mudan\u00e7a na maneira como voc\u00ea v\u00ea as coisas tem o poder de mudar o mundo.\u201d<\/p>\n<p>Em homenagem a Laurence, VACAYA fez uma doa\u00e7\u00e3o em seu nome para a National Black Justice Coalition. NBJC \u00e9 uma organiza\u00e7\u00e3o de direitos civis dedicada ao empoderamento de pessoas negras l\u00e9sbicas, gays, bissexuais, transg\u00eaneros, queer e amantes do mesmo g\u00eanero (LGBTQ\/SGL), incluindo pessoas vivendo com HIV\/AIDS. A miss\u00e3o do NBJC \u00e9 acabar com o racismo, a homofobia e o preconceito e estigma LGBTQ\/SGL.<\/p>\n<p>Para se juntar a n\u00f3s no apoio \u00e0 National Black Justice Coalition, visite <a href=\"http:\/\/www.nbjc.org\/donate\/\"><span class=\"Hyperlink0\">http:\/\/www.nbjc.org\/donate\/<\/span><\/a> .<\/p>\n<p>E para apoiar Laurence e sua equipe na Zenbiz Travel, visite <a href=\"https:\/\/www.zenbiztravel.com\/\"><span class=\"Hyperlink0\"><span lang=\"DE\">https:\/\/www.zenbiztravel.com<\/span><\/span><\/a> .[\/et_pb_text][et_pb_divider color=&#8221;#000000&#8243; divider_position=&#8221;center&#8221; _builder_version=&#8221;4.17.6&#8243; _module_preset=&#8221;default&#8221; global_colors_info=&#8221;{}&#8221;][\/et_pb_divider][et_pb_text admin_label=&#8221;Section Title &#8211; H3&#8243; _builder_version=&#8221;4.17.6&#8243; _module_preset=&#8221;default&#8221; header_3_font=&#8221;Futura Bold|||on|||||&#8221; header_3_text_align=&#8221;center&#8221; header_3_text_color=&#8221;#000000&#8243; header_3_font_size=&#8221;18px&#8221; header_3_letter_spacing=&#8221;1.8px&#8221; header_3_line_height=&#8221;24px&#8221; custom_margin=&#8221;||||false|false&#8221; custom_margin_tablet=&#8221;||||false|false&#8221; custom_margin_phone=&#8221;||||false|false&#8221; custom_margin_last_edited=&#8221;on|phone&#8221; custom_padding=&#8221;||||false|false&#8221; custom_padding_tablet=&#8221;||||false|false&#8221; custom_padding_phone=&#8221;||||false|false&#8221; custom_padding_last_edited=&#8221;on|phone&#8221; global_colors_info=&#8221;{}&#8221;]<\/p>\n<h3>CONHE\u00c7A COREY CRAIG<\/h3>\n<p>[\/et_pb_text][et_pb_text _builder_version=&#8221;4.17.6&#8243; _module_preset=&#8221;default&#8221; global_colors_info=&#8221;{}&#8221;]Corey fez sua estreia no VACAYA em nosso cruzeiro Ptown no ano passado e voltar\u00e1 a girar em nossas f\u00e9rias no Mexico Resort neste outono e em nosso cruzeiro no Caribe em fevereiro pr\u00f3ximo.<\/p>\n<p>Quando questionado sobre sua opini\u00e3o sobre tudo o que est\u00e1 acontecendo agora, Corey compartilhou: \u201cEm termos mais simples, \u00e9 como se algu\u00e9m estivesse peidando no elevador TODOS OS DIAS para sempre e todo mundo est\u00e1 FINALMENTE reclamando disso. No entanto, minha f\u00e9 na humanidade foi restaurada ao ver tantas pessoas de diferentes ra\u00e7as e etnias marchando pelo que \u00e9 certo. O pr\u00f3ximo normal \u00e9, na verdade, limpar a casa \u2013 deixar de lado a letargia e a ina\u00e7\u00e3o que nos trouxeram at\u00e9 aqui. N\u00e3o estou pedindo desculpas a ningu\u00e9m, mas estou pedindo reconhecimento, h\u00e1 um problema. Para ecoar as profundas palavras de Kimberly Jones, saiba que estamos em busca de igualdade, n\u00e3o de vingan\u00e7a.\u201d<\/p>\n<p>Se voc\u00ea ainda n\u00e3o viu o v\u00eddeo de Kimberly, \u00e9 obrigat\u00f3rio assistir ( <a href=\"https:\/\/www.youtube.com\/watch?v=sb9_qGOa9Go\">https:\/\/www.youtube.com\/watch?v=sb9_qGOa9Go<\/a> ).<\/p>\n<p>\u201cVACAYA me perguntou como eu desafiaria as pessoas que procuram fazer parte da solu\u00e7\u00e3o e minha resposta \u00e9 tripla. Primeiro, encare esta oportunidade como o maior semin\u00e1rio de conscientiza\u00e7\u00e3o situacional de todos os tempos. Pesquise seus preconceitos pessoais e tente descobrir quando eles come\u00e7aram e onde voc\u00ea os aprendeu. Pergunte a si mesmo &#8230; esses preconceitos me tornaram uma pessoa melhor e me protegeram? Eu estou supondo que eles n\u00e3o t\u00eam. Depois de reconhecer as origens desses preconceitos, \u00e9 muito mais f\u00e1cil mud\u00e1-los. E segundo\u2026 voc\u00ea tem que entender melhor a hist\u00f3ria negra. Tr\u00eas p\u00e1ginas em um livro did\u00e1tico n\u00e3o s\u00e3o suficientes. Voc\u00ea tem que cavar mais fundo. Ter uma compreens\u00e3o mais profunda \u00e9 fundamental para afetar a mudan\u00e7a. E, finalmente, se voc\u00ea vir um erro \u2013 e estou falando de pequenos erros e erros mai\u00fasculos \u2013 n\u00e3o fique calado. Dizer algo. Fa\u00e7a alguma coisa. Temos que defender uns aos outros e isso \u00e9 especialmente verdade na comunidade LGBT+.<\/p>\n<p>\u201cDesde o in\u00edcio, a VACAYA adotou uma mentalidade de inclus\u00e3o total. Muitas vezes, os eventos s\u00e3o rotulados com base no marketing. N\u00f3s permitimos os desejos de alguns de manter uma pista de dan\u00e7a colorida monol\u00edtica. Se um cartaz mostra muitas pessoas de cor (ou at\u00e9 mesmo uma pessoa em alguns casos), muitas vezes \u00e9 descartado como um evento \u00e9tnico gay. O que me atraiu para trabalhar com a VACAYA foi o apelo aberto e a inclus\u00e3o em seu marketing e sou muito grato por isso. Pergunte a si mesmo: &#8216;S\u00f3 me sinto confort\u00e1vel perto de negros em um cruzeiro ou em um resort se eles estiverem atr\u00e1s do bar, em uma cabine de DJ ou em algum tipo de fun\u00e7\u00e3o de servi\u00e7o?&#8217; Se isso for verdade, ent\u00e3o VACAYA n\u00e3o \u00e9 para voc\u00ea. Se voc\u00ea tem problemas com diversidade em geral, VACAYA n\u00e3o \u00e9 para voc\u00ea. VACAYA diz que eles s\u00e3o &#8216;constru\u00eddos para todos&#8217;, mas nem todos s\u00e3o constru\u00eddos para VACAYA. E tudo bem. Existem muitas outras op\u00e7\u00f5es por a\u00ed, se voc\u00ea sentir que s\u00f3 pode estar perto de outras pessoas que s\u00e3o como voc\u00ea. Mas se voc\u00ea realmente acredita que somos todos iguais, ent\u00e3o espero ter a chance de conhec\u00ea-lo e compartilhar um momento com voc\u00ea em nossa pr\u00f3xima viagem juntos.\u201d<\/p>\n<p>Em homenagem a Corey, a VACAYA fez uma doa\u00e7\u00e3o para o Black Trans Travel Fund. Corey continua: \u201c\u00c9 de partir o cora\u00e7\u00e3o saber que a comunidade trans negra ainda est\u00e1 sendo assassinada em todo o pa\u00eds e ningu\u00e9m fala por eles ou divulga suas hist\u00f3rias para a imprensa. A comunidade trans negra iniciou nosso movimento de igualdade LGBT+. O m\u00ednimo que podemos fazer \u00e9 ajud\u00e1-los a se movimentar pelo mundo sem ass\u00e9dio e viol\u00eancia.\u201d<\/p>\n<p>N\u00f3s encorajamos voc\u00ea a se juntar a n\u00f3s em apoio. Para saber mais ou contribuir, visite <a href=\"https:\/\/www.blacktranstravelfund.com\/\">https:\/\/www.blacktranstravelfund.com\/<\/a> .[\/et_pb_text][\/et_pb_column][\/et_pb_row][\/et_pb_section]<\/p>\n","protected":false},"excerpt":{"rendered":"<p><div class=\"trip-overlay\"><div class=\"trip-title\"><h1>Fichas de Viagem com T\u00edtulo &#8211; Somente Cruzeiros<\/h1><\/div><\/div>Em um esfor\u00e7o para fortalecer nosso apoio ao movimento Black Lives Matter, contatamos v\u00e1rios de nossos convidados negros, agentes de viagens e artistas para ouvir suas hist\u00f3rias e discutir como a VACAYA pode ficar ao seu lado enquanto todos n\u00f3s lutamos por mudan\u00e7as. Aqui, apresentamos tr\u00eas dessas pessoas incr\u00edveis. Encorajamos cada um de voc\u00eas a [&hellip;]<\/p>\n","protected":false},"author":4,"featured_media":106604,"parent":118684,"menu_order":0,"comment_status":"closed","ping_status":"closed","template":"","meta":{"_acf_changed":false,"_et_pb_use_builder":"on","_et_pb_old_content":"","_et_gb_content_width":"","_monsterinsights_skip_tracking":false,"_monsterinsights_sitenote_active":false,"_monsterinsights_sitenote_note":"","_monsterinsights_sitenote_category":0,"footnotes":""},"class_list":["post-118982","page","type-page","status-publish","has-post-thumbnail","hentry"],"acf":[],"_links":{"self":[{"href":"https:\/\/www.myvacaya.com\/pt-pt\/wp-json\/wp\/v2\/pages\/118982","targetHints":{"allow":["GET"]}}],"collection":[{"href":"https:\/\/www.myvacaya.com\/pt-pt\/wp-json\/wp\/v2\/pages"}],"about":[{"href":"https:\/\/www.myvacaya.com\/pt-pt\/wp-json\/wp\/v2\/types\/page"}],"author":[{"embeddable":true,"href":"https:\/\/www.myvacaya.com\/pt-pt\/wp-json\/wp\/v2\/users\/4"}],"replies":[{"embeddable":true,"href":"https:\/\/www.myvacaya.com\/pt-pt\/wp-json\/wp\/v2\/comments?post=118982"}],"version-history":[{"count":1,"href":"https:\/\/www.myvacaya.com\/pt-pt\/wp-json\/wp\/v2\/pages\/118982\/revisions"}],"predecessor-version":[{"id":118985,"href":"https:\/\/www.myvacaya.com\/pt-pt\/wp-json\/wp\/v2\/pages\/118982\/revisions\/118985"}],"up":[{"embeddable":true,"href":"https:\/\/www.myvacaya.com\/pt-pt\/wp-json\/wp\/v2\/pages\/118684"}],"wp:featuredmedia":[{"embeddable":true,"href":"https:\/\/www.myvacaya.com\/pt-pt\/wp-json\/wp\/v2\/media\/106604"}],"wp:attachment":[{"href":"https:\/\/www.myvacaya.com\/pt-pt\/wp-json\/wp\/v2\/media?parent=118982"}],"curies":[{"name":"wp","href":"https:\/\/api.w.org\/{rel}","templated":true}]}}