{"id":118958,"date":"2019-04-10T14:36:37","date_gmt":"2019-04-10T18:36:37","guid":{"rendered":"https:\/\/www.myvacaya.com\/descobrir\/coisas-favoritas-de-vacaya\/"},"modified":"2024-10-18T23:01:37","modified_gmt":"2024-10-19T03:01:37","slug":"coisas-favoritas-de-vacaya","status":"publish","type":"page","link":"https:\/\/www.myvacaya.com\/pt-pt\/descobrir\/coisas-favoritas-de-vacaya\/","title":{"rendered":"Coisas favoritas de VACAYA"},"content":{"rendered":"<p>[et_pb_section fb_built=&#8221;1&#8243; fullwidth=&#8221;on&#8221; admin_label=&#8221;Slider&#8221; module_id=&#8221;interior da se\u00e7\u00e3o deslizante&#8221; _builder_version=&#8221;4.17.6&#8243; _module_preset=&#8221;default&#8221; background_enable_image=&#8221;off&#8221; global_colors_info=&#8221;{}&#8221;][et_pb_fullwidth_code admin_label=&#8221;Slider Overlay&#8221; module_class=&#8221;interior-page-overlay&#8221; _builder_version=&#8221;4.17.6&#8243; _module_preset=&#8221;default&#8221; positioning=&#8221;absolute&#8221; position_origin_a=&#8221;top_right&#8221; position_origin_f=&#8221;top_right&#8221; z_index=&#8221;100&#8243; width=&#8221;50%&#8221; width_tablet=&#8221;50%&#8221; width_phone=&#8221;100%&#8221; width_last_edited=&#8221;on|phone&#8221; height=&#8221;100vh&#8221; global_colors_info=&#8221;{}&#8221;]<div class=\"trip-overlay\"><div class=\"trip-title\"><h1>Coisas favoritas de VACAYA<\/h1><\/div><\/div>[\/et_pb_fullwidth_code][et_pb_fullwidth_slider show_arrows=&#8221;off&#8221; admin_label=&#8221;Slider Images&#8221; module_id=&#8221;slider-images&#8221; _builder_version=&#8221;4.17.6&#8243; _module_preset=&#8221;default&#8221; height=&#8221;100vh&#8221; auto=&#8221;on&#8221; global_colors_info=&#8221;{}&#8221;][et_pb_slide _builder_version=&#8221;4.17.6&#8243; _module_preset=&#8221;default&#8221; background_color=&#8221;RGBA(255,255,255,0)&#8221; background_enable_color=&#8221;on&#8221; background_image=&#8221;https:\/\/www.myvacaya.com\/wp-content\/uploads\/2022\/09\/GettyImages-1053460884-3.jpg&#8221; background_enable_image=&#8221;on&#8221; background_last_edited=&#8221;on|desktop&#8221; background_image_phone=&#8221;https:\/\/www.myvacaya.com\/wp-content\/uploads\/2022\/11\/GettyImages-1053460884-5.jpg&#8221; background_enable_image_phone=&#8221;on&#8221; global_colors_info=&#8221;{}&#8221; sticky_transition=&#8221;on&#8221;][\/et_pb_slide][\/et_pb_fullwidth_slider][\/et_pb_section][et_pb_section fb_built=&#8221;1&#8243; custom_padding_last_edited=&#8221;on|phone&#8221; _builder_version=&#8221;4.17.6&#8243; _module_preset=&#8221;default&#8221; custom_padding=&#8221;||||false|false&#8221; custom_padding_tablet=&#8221;||||false|false&#8221; custom_padding_phone=&#8221;||||false|false&#8221; sticky_position_tablet=&#8221;&#8221; sticky_position_phone=&#8221;&#8221; sticky_position_last_edited=&#8221;on|tablet&#8221; custom_css_main_element=&#8221;padding-bottom: 4% !important;&#8221; global_colors_info=&#8221;{}&#8221; custom_css_main_element_last_edited=&#8221;on|desktop&#8221; custom_css_main_element_tablet=&#8221;padding-bottom: 4% !important;&#8221; custom_css_main_element_phone=&#8221;padding-bottom: 4% !important;&#8221;][et_pb_row custom_padding_last_edited=&#8221;on|desktop&#8221; _builder_version=&#8221;4.17.6&#8243; _module_preset=&#8221;default&#8221; custom_padding=&#8221;||||false|false&#8221; custom_padding_tablet=&#8221;||||false|false&#8221; custom_padding_phone=&#8221;||||false|false&#8221; global_colors_info=&#8221;{}&#8221;][et_pb_column type=&#8221;4_4&#8243; _builder_version=&#8221;4.17.6&#8243; _module_preset=&#8221;default&#8221; global_colors_info=&#8221;{}&#8221;][et_pb_text _builder_version=&#8221;4.17.6&#8243; _module_preset=&#8221;default&#8221; custom_margin=&#8221;||||false|false&#8221; custom_margin_tablet=&#8221;||||false|false&#8221; custom_margin_phone=&#8221;||||false|false&#8221; custom_margin_last_edited=&#8221;on|phone&#8221; global_colors_info=&#8221;{}&#8221;]H\u00e1 tantas coisas maravilhosas neste mundo que agradam, desafiam, encantam e inspiram The Vacayans. Esta p\u00e1gina \u00e9 dedicada a algumas dessas coisas favoritas! Incentivamos voc\u00ea a explorar e apoiar essas organiza\u00e7\u00f5es, empresas e produtos incr\u00edveis.[\/et_pb_text][\/et_pb_column][\/et_pb_row][et_pb_row column_structure=&#8221;1_2,1_2&#8243; _builder_version=&#8221;4.17.6&#8243; _module_preset=&#8221;default&#8221; global_colors_info=&#8221;{}&#8221;][et_pb_column type=&#8221;1_2&#8243; _builder_version=&#8221;4.17.6&#8243; _module_preset=&#8221;default&#8221; global_colors_info=&#8221;{}&#8221;][et_pb_image src=&#8221;https:\/\/www.myvacaya.com\/wp-content\/uploads\/2024\/10\/JimSupport-Hero-1000&#215;667-favorite-things-page-1.jpg&#8221; title_text=&#8221;JimSupport Hero 1000&#215;667 p\u00e1gina de coisas favoritas&#8221; url=&#8221;https:\/\/www.jimsupport.com\/&#8221; url_new_window=&#8221;on&#8221; show_bottom_space=&#8221;off&#8221; force_fullwidth=&#8221;on&#8221; _builder_version=&#8221;4.23.4&#8243; _module_preset=&#8221;default&#8221; hover_enabled=&#8221;0&#8243; global_colors_info=&#8221;{}&#8221; sticky_enabled=&#8221;0&#8243;][\/et_pb_image][\/et_pb_column][et_pb_column type=&#8221;1_2&#8243; _builder_version=&#8221;4.17.6&#8243; _module_preset=&#8221;default&#8221; global_colors_info=&#8221;{}&#8221;][et_pb_text _builder_version=&#8221;4.23.4&#8243; _module_preset=&#8221;default&#8221; hover_enabled=&#8221;0&#8243; global_colors_info=&#8221;{}&#8221; sticky_enabled=&#8221;0&#8243;]<\/p>\n<h5 style=\"text-align: center;\"><a href=\"https:\/\/www.visitlauderdale.com\/\" target=\"_blank\" rel=\"noopener\"><strong>JIMSUPPORT BY FETISH LOCKER<\/strong><\/a> &#8230; M\u00f3veis er\u00f3ticos que te tiram do comum <\/h5>\n<p>&nbsp;<\/p>\n<h5 style=\"text-align: center;\">Demonstra\u00e7\u00e3o no Mexico Resort &#8211; 27 de outubro a 3 de novembro de 2024<\/h5>\n<p>&nbsp;<\/p>\n<p style=\"text-align: center;\">Ent\u00e3o compre online e economize 15% com o c\u00f3digo promocional VACAYA15<\/p>\n<p>&nbsp;<\/p>\n<p style=\"text-align: center;\">JimSupport da Fetish Locker \u00e9 sua fonte para arma\u00e7\u00f5es de sling superiores, cadeiras de aro, bancos de foda e tudo o mais que os acompanha. Nossa miss\u00e3o \u00e9 criar equipamentos excelentes para humanos que conhecem sexo quente e exigem \u00f3timo design, qualidade e funcionalidade. <\/p>\n<p><a class=\"btn-pink-inline\" href=\"https:\/\/www.jimsupport.com\/\" target=\"_blank\" rel=\"noopener\"><span class=\"link-inside\">APOIE NEG\u00d3CIOS GAYS E ECONOMIZE<\/span><\/a><\/p>\n<p>[\/et_pb_text][\/et_pb_column][\/et_pb_row][et_pb_row column_structure=&#8221;1_2,1_2&#8243; _builder_version=&#8221;4.17.6&#8243; _module_preset=&#8221;default&#8221; global_colors_info=&#8221;{}&#8221;][et_pb_column type=&#8221;1_2&#8243; _builder_version=&#8221;4.17.6&#8243; _module_preset=&#8221;default&#8221; global_colors_info=&#8221;{}&#8221;][et_pb_image src=&#8221;https:\/\/www.myvacaya.com\/wp-content\/uploads\/2024\/02\/Visit-Lauderdale-Hero-1000&#215;667-favorite-things-page.jpg&#8221; title_text=&#8221;Visite a p\u00e1gina de coisas favoritas de Lauderdale Hero 1000&#215;667&#8243; url=&#8221;https:\/\/www.visitlauderdale.com\/&#8221; url_new_window=&#8221;on&#8221; show_bottom_space=&#8221;off&#8221; force_fullwidth=&#8221;on&#8221; _builder_version=&#8221;4.23.4&#8243; _module_preset=&#8221;default&#8221; global_colors_info=&#8221;{}&#8221;][\/et_pb_image][\/et_pb_column][et_pb_column type=&#8221;1_2&#8243; _builder_version=&#8221;4.17.6&#8243; _module_preset=&#8221;default&#8221; global_colors_info=&#8221;{}&#8221;][et_pb_text _builder_version=&#8221;4.23.4&#8243; _module_preset=&#8221;default&#8221; global_colors_info=&#8221;{}&#8221;]<\/p>\n<h5 style=\"text-align: center;\"><a href=\"https:\/\/www.visitlauderdale.com\/\" target=\"_blank\" rel=\"noopener\"><strong>VISITE LAUDERDALE<\/strong><\/a> &#8230; Dando boas-vindas a todos sob o sol<\/h5>\n<p>&nbsp;<\/p>\n<h5 style=\"text-align: center;\">Celebridade a bordo APEX de 17 a 14 de fevereiro de 2024<\/h5>\n<p>&nbsp;<\/p>\n<p style=\"text-align: center;\">Visit Lauderdale dedica-se a apresentar as ofertas diversas, inclusivas e acess\u00edveis de Fort Lauderdale, promovendo sua cultura vibrante e atmosfera acolhedora para viajantes de todo o mundo. Ao apoiar empresas locais pertencentes e operadas por LGBT, os h\u00f3spedes desempenham um papel vital na sustenta\u00e7\u00e3o da vibrante cultura LGBTQ+ da cidade e na promo\u00e7\u00e3o da sua reputa\u00e7\u00e3o como um destino acolhedor e de apoio para todos os viajantes.<\/p>\n<p><a class=\"btn-pink-inline\" href=\"https:\/\/www.visitlauderdale.com\/\" target=\"_blank\" rel=\"noopener\"><span class=\"link-inside\">JOGAR. COMPRAR. JANTAR. LOCAL<\/span><\/a><\/p>\n<p>[\/et_pb_text][\/et_pb_column][\/et_pb_row][et_pb_row column_structure=&#8221;1_2,1_2&#8243; _builder_version=&#8221;4.17.6&#8243; _module_preset=&#8221;default&#8221; global_colors_info=&#8221;{}&#8221;][et_pb_column type=&#8221;1_2&#8243; _builder_version=&#8221;4.17.6&#8243; _module_preset=&#8221;default&#8221; global_colors_info=&#8221;{}&#8221;][et_pb_image src=&#8221;https:\/\/www.myvacaya.com\/wp-content\/uploads\/2024\/02\/Pride-Factory-Hero-1000&#215;667-favorite-things-pages.jpg&#8221; title_text=&#8221;Pride Factory Hero 1000&#215;667 p\u00e1ginas de coisas favoritas&#8221; url=&#8221;https:\/\/www.pridefactory.com\/&#8221; url_new_window=&#8221;on&#8221; show_bottom_space=&#8221;off&#8221; force_fullwidth=&#8221;on&#8221; _builder_version=&#8221;4.23.4&#8243; _module_preset=&#8221;default&#8221; global_colors_info=&#8221;{}&#8221;][\/et_pb_image][\/et_pb_column][et_pb_column type=&#8221;1_2&#8243; _builder_version=&#8221;4.17.6&#8243; _module_preset=&#8221;default&#8221; global_colors_info=&#8221;{}&#8221;][et_pb_text _builder_version=&#8221;4.23.4&#8243; _module_preset=&#8221;default&#8221; global_colors_info=&#8221;{}&#8221;]<\/p>\n<h5 style=\"text-align: center;\"><a href=\"https:\/\/www.pridefactory.com\/\" target=\"_blank\" rel=\"noopener\"><strong>PRIDE FACTORY<\/strong><\/a> impulsionar\u00e1 a VACAYA Apparel Shop<\/h5>\n<p>&nbsp;<\/p>\n<h5 style=\"text-align: center;\">Celebridade a bordo APEX de 17 a 14 de fevereiro de 2024<\/h5>\n<p>&nbsp;<\/p>\n<p style=\"text-align: center;\">PRIDE FACTORY \u00e9 uma loja de roupas vibrante no cora\u00e7\u00e3o de Wilton Manors, Fl\u00f3rida, que celebra a diversidade e a inclus\u00e3o por meio de sua colorida variedade de roupas e acess\u00f3rios, atendendo tanto \u00e0 comunidade LGBTQ+ quanto a aliados. Com uma sele\u00e7\u00e3o selecionada de pe\u00e7as modernas e elegantes, oferece uma plataforma de autoexpress\u00e3o e capacita\u00e7\u00e3o, promovendo um sentimento de orgulho e uni\u00e3o entre seus clientes. VACAYA tem a sorte de ter a Pride Factory alimentando nossa loja de roupas e pool gaymes a bordo do Celebrity APEX e estamos entusiasmados em apoiar este neg\u00f3cio local durante nossa visita \u00e0 Fl\u00f3rida.<\/p>\n<p><a class=\"btn-pink-inline\" href=\"https:\/\/www.pridefactory.com\/\" target=\"_blank\" rel=\"noopener\"><span class=\"link-inside\">APOIE NEG\u00d3CIOS GAYS<\/span><\/a><\/p>\n<p>[\/et_pb_text][\/et_pb_column][\/et_pb_row][et_pb_row column_structure=&#8221;1_2,1_2&#8243; _builder_version=&#8221;4.17.6&#8243; _module_preset=&#8221;default&#8221; global_colors_info=&#8221;{}&#8221;][et_pb_column type=&#8221;1_2&#8243; _builder_version=&#8221;4.17.6&#8243; _module_preset=&#8221;default&#8221; global_colors_info=&#8221;{}&#8221;][et_pb_image src=&#8221;https:\/\/www.myvacaya.com\/wp-content\/uploads\/2024\/02\/Jimmy-Trendy-Hero-1000&#215;667-favorite-things-page.jpg&#8221; title_text=&#8221;P\u00e1gina de coisas favoritas de Jimmy Trendy Hero 1000&#215;667&#8243; url=&#8221;https:\/\/www.jimmytrendy.com\/&#8221; url_new_window=&#8221;on&#8221; show_bottom_space=&#8221;off&#8221; force_fullwidth=&#8221;on&#8221; _builder_version=&#8221;4.23.4&#8243; _module_preset=&#8221;default&#8221; global_colors_info=&#8221;{}&#8221;][\/et_pb_image][\/et_pb_column][et_pb_column type=&#8221;1_2&#8243; _builder_version=&#8221;4.17.6&#8243; _module_preset=&#8221;default&#8221; global_colors_info=&#8221;{}&#8221;][et_pb_text _builder_version=&#8221;4.23.4&#8243; _module_preset=&#8221;default&#8221; global_colors_info=&#8221;{}&#8221;]<\/p>\n<h5 style=\"text-align: center;\"><a href=\"https:\/\/www.jimmytrendy.com\" target=\"_blank\" rel=\"noopener\"><strong>JIMMY<\/strong><\/a> ir\u00e1 impulsionar a VACAYA Apparel Shop &amp; Pool Gaymes<\/h5>\n<p>&nbsp;<\/p>\n<h5 style=\"text-align: center;\">Celebridade a bordo APEX de 17 a 14 de fevereiro de 2024<\/h5>\n<p>&nbsp;<\/p>\n<p style=\"text-align: center;\">JIMMY TRENDY oferece uma vers\u00e3o refrescante da moda praia com sua cole\u00e7\u00e3o de padr\u00f5es vibrantes e cortes elegantes de mai\u00f4s. Projetada para quem est\u00e1 na moda, cada pe\u00e7a combina materiais de qualidade com designs modernos, garantindo que voc\u00ea cause impacto com confian\u00e7a e talento. Junte-se a n\u00f3s na loja de presentes para ter uma oportunidade exclusiva de conhecer o designer por tr\u00e1s dos trajes de banho deslumbrantes e comprar os looks mais recentes em primeira m\u00e3o! Descubra a inspira\u00e7\u00e3o por tr\u00e1s de cada design enquanto explora nossa cole\u00e7\u00e3o selecionada e leve para casa suas pe\u00e7as favoritas para um ver\u00e3o cheio de estilo.<\/p>\n<p><a class=\"btn-pink-inline\" href=\"https:\/\/www.jimmytrendy.com\" target=\"_blank\" rel=\"noopener\"><span class=\"link-inside\">SINTA-SE NA MODA NAS SUAS TEND\u00caNCIAS!<\/span><\/a><\/p>\n<p>[\/et_pb_text][\/et_pb_column][\/et_pb_row][et_pb_row column_structure=&#8221;1_2,1_2&#8243; _builder_version=&#8221;4.17.6&#8243; _module_preset=&#8221;default&#8221; global_colors_info=&#8221;{}&#8221;][et_pb_column type=&#8221;1_2&#8243; _builder_version=&#8221;4.17.6&#8243; _module_preset=&#8221;default&#8221; global_colors_info=&#8221;{}&#8221;][et_pb_image src=&#8221;https:\/\/www.myvacaya.com\/wp-content\/uploads\/2024\/02\/Bike-Athletic-Hero-1000&#215;667-favorite-things-page-1.jpg&#8221; title_text=&#8221;P\u00e1gina de coisas favoritas do Bike Athletic Hero 1000&#215;667&#8243; url=&#8221;https:\/\/www.bikeathletic.com\/&#8221; url_new_window=&#8221;on&#8221; show_bottom_space=&#8221;off&#8221; force_fullwidth=&#8221;on&#8221; _builder_version=&#8221;4.23.4&#8243; _module_preset=&#8221;default&#8221; global_colors_info=&#8221;{}&#8221;][\/et_pb_image][\/et_pb_column][et_pb_column type=&#8221;1_2&#8243; _builder_version=&#8221;4.17.6&#8243; _module_preset=&#8221;default&#8221; global_colors_info=&#8221;{}&#8221;][et_pb_text _builder_version=&#8221;4.23.4&#8243; _module_preset=&#8221;default&#8221; global_colors_info=&#8221;{}&#8221;]<\/p>\n<h5 style=\"text-align: center;\">O BIKE Athletic ir\u00e1 fortalecer os gays e equipar nossos convidados!<\/h5>\n<h5> <\/h5>\n<p>&nbsp;<\/p>\n<h5 style=\"text-align: center;\">Celebridade a bordo APEX de 17 a 24 de fevereiro de 2024<\/h5>\n<p>&nbsp;<\/p>\n<p>BIKE\u00ae \u00e9 um verdadeiro cl\u00e1ssico, representando qualidade e conforto que estabeleceram o alto padr\u00e3o original em jocks. Os produtos BIKE s\u00e3o feitos para quem gosta de ousar!<\/p>\n<p><a class=\"btn-pink-inline\" href=\"https:\/\/www.bikeathletic.com\/\" target=\"_blank\" rel=\"noopener\"><span class=\"link-inside\">COMPRE OS LOOKS<\/span><\/a><\/p>\n<p>[\/et_pb_text][\/et_pb_column][\/et_pb_row][et_pb_row column_structure=&#8221;1_2,1_2&#8243; _builder_version=&#8221;4.17.6&#8243; _module_preset=&#8221;default&#8221; global_colors_info=&#8221;{}&#8221;][et_pb_column type=&#8221;1_2&#8243; _builder_version=&#8221;4.17.6&#8243; _module_preset=&#8221;default&#8221; global_colors_info=&#8221;{}&#8221;][et_pb_image src=&#8221;https:\/\/www.myvacaya.com\/wp-content\/uploads\/2024\/02\/KGAY-Radio-Hero-1000&#215;667-favorite-things-page.jpg&#8221; title_text=&#8221;P\u00e1gina de coisas favoritas do KGAY Radio Hero 1000&#215;667&#8243; url=&#8221;https:\/\/kgaypalmsprings.com\/&#8221; url_new_window=&#8221;on&#8221; show_bottom_space=&#8221;off&#8221; force_fullwidth=&#8221;on&#8221; _builder_version=&#8221;4.23.4&#8243; _module_preset=&#8221;default&#8221; global_colors_info=&#8221;{}&#8221;][\/et_pb_image][\/et_pb_column][et_pb_column type=&#8221;1_2&#8243; _builder_version=&#8221;4.17.6&#8243; _module_preset=&#8221;default&#8221; global_colors_info=&#8221;{}&#8221;][et_pb_text _builder_version=&#8221;4.23.4&#8243; _module_preset=&#8221;default&#8221; global_colors_info=&#8221;{}&#8221;]<\/p>\n<h5 style=\"text-align: center;\"><a href=\"https:\/\/kgaypalmsprings.com\/\">KGAY RADIO<\/a> impulsionar\u00e1 a m\u00fasica VACAYA!<\/h5>\n<h5> <\/h5>\n<p>&nbsp;<\/p>\n<h5 style=\"text-align: center;\">Celebridade a bordo APEX de 17 a 24 de fevereiro de 2024<\/h5>\n<p>&nbsp;<\/p>\n<p>VACAYA Music, desenvolvido pela KGAY, estar\u00e1 dispon\u00edvel na TV da cabine dos h\u00f3spedes a bordo do Celebrity APEX para nosso charter. Quando voltar para casa, ou\u00e7a sucessos de dan\u00e7a e aprenda mais sobre tudo o que Palm Springs gay tem a oferecer na <a href=\"https:\/\/kgaypalmsprings.com\/\" target=\"_blank\" rel=\"noopener\">R\u00e1dio KGAY<\/a> e <a href=\"https:\/\/gaydesertguide.com\/\" target=\"_blank\" rel=\"noopener\">no GAY DESERT GUIDE<\/a> .<\/p>\n<p>[\/et_pb_text][\/et_pb_column][\/et_pb_row][et_pb_row _builder_version=&#8221;4.23.4&#8243; _module_preset=&#8221;default&#8221; global_colors_info=&#8221;{}&#8221;][et_pb_column type=&#8221;4_4&#8243; _builder_version=&#8221;4.23.4&#8243; _module_preset=&#8221;default&#8221; global_colors_info=&#8221;{}&#8221;][et_pb_divider _builder_version=&#8221;4.23.4&#8243; _module_preset=&#8221;default&#8221; global_colors_info=&#8221;{}&#8221;][\/et_pb_divider][\/et_pb_column][\/et_pb_row][et_pb_row column_structure=&#8221;1_4,3_4&#8243; _builder_version=&#8221;4.17.6&#8243; _module_preset=&#8221;default&#8221; global_colors_info=&#8221;{}&#8221;][et_pb_column type=&#8221;1_4&#8243; _builder_version=&#8221;4.17.6&#8243; _module_preset=&#8221;default&#8221; global_colors_info=&#8221;{}&#8221;][et_pb_image src=&#8221;https:\/\/www.myvacaya.com\/wp-content\/uploads\/2022\/09\/22181186_10159501435160217_93784187498304947_o-1.jpg&#8221; title_text=&#8221;22181186_10159501435160217_93784187498304947_o-1&#8243; show_bottom_space=&#8221;off&#8221; force_fullwidth=&#8221;on&#8221; _builder_version=&#8221;4.17.6&#8243; _module_preset=&#8221;default&#8221; global_colors_info=&#8221;{}&#8221;][\/et_pb_image][\/et_pb_column][et_pb_column type=&#8221;3_4&#8243; _builder_version=&#8221;4.17.6&#8243; _module_preset=&#8221;default&#8221; global_colors_info=&#8221;{}&#8221;][et_pb_text admin_label=&#8221;Section Title &#8211; H3&#8243; _builder_version=&#8221;4.17.6&#8243; _module_preset=&#8221;default&#8221; header_3_font=&#8221;Futura Bold|||on|||||&#8221; header_3_text_align=&#8221;center&#8221; header_3_text_color=&#8221;#000000&#8243; header_3_font_size=&#8221;18px&#8221; header_3_letter_spacing=&#8221;1.8px&#8221; header_3_line_height=&#8221;24px&#8221; custom_margin=&#8221;||||false|false&#8221; custom_margin_tablet=&#8221;||||false|false&#8221; custom_margin_phone=&#8221;||||false|false&#8221; custom_margin_last_edited=&#8221;on|phone&#8221; custom_padding=&#8221;||||false|false&#8221; global_colors_info=&#8221;{}&#8221;]<\/p>\n<h3>CAMPANHA DIREITOS HUMANOS<\/h3>\n<p>[\/et_pb_text][et_pb_text _builder_version=&#8221;4.17.6&#8243; _module_preset=&#8221;default&#8221; global_colors_info=&#8221;{}&#8221;]<\/p>\n<p>Como a maior organiza\u00e7\u00e3o de direitos civis que trabalha para alcan\u00e7ar a igualdade para l\u00e9sbicas, gays, bissexuais, transg\u00eaneros e queer americanos, a Human Rights Campaign representa uma for\u00e7a de mais de 3 milh\u00f5es de membros e apoiadores em todo o pa\u00eds &#8211; todos comprometidos em tornar a vis\u00e3o da HRC uma realidade.<\/p>\n<p>A HRC prev\u00ea um mundo onde l\u00e9sbicas, gays, bissexuais, transg\u00eaneros e queer sejam considerados membros plenos da sociedade em casa, no trabalho e em todas as comunidades.<\/p>\n<p>VACAYA \u00e9 um orgulhoso apoiador da Campanha de Direitos Humanos.<\/p>\n<p><a class=\"btn-pink-inline\" href=\"https:\/\/www.hrc.org\" target=\"_blank\" rel=\"noopener\"><span class=\"link-inside\">SAIBA MAIS E APOIE HRC<\/span><\/a><\/p>\n<p>[\/et_pb_text][\/et_pb_column][\/et_pb_row][et_pb_row column_structure=&#8221;1_4,3_4&#8243; _builder_version=&#8221;4.17.6&#8243; _module_preset=&#8221;default&#8221; global_colors_info=&#8221;{}&#8221;][et_pb_column type=&#8221;1_4&#8243; _builder_version=&#8221;4.17.6&#8243; _module_preset=&#8221;default&#8221; global_colors_info=&#8221;{}&#8221;][et_pb_image src=&#8221;https:\/\/www.myvacaya.com\/wp-content\/uploads\/2022\/09\/GLAAD-2-1-768&#215;1024-1.jpg&#8221; title_text=&#8221;GLAAD-2-1-768&#215;1024&#8243; show_bottom_space=&#8221;off&#8221; force_fullwidth=&#8221;on&#8221; _builder_version=&#8221;4.17.6&#8243; _module_preset=&#8221;default&#8221; global_colors_info=&#8221;{}&#8221;][\/et_pb_image][\/et_pb_column][et_pb_column type=&#8221;3_4&#8243; _builder_version=&#8221;4.17.6&#8243; _module_preset=&#8221;default&#8221; global_colors_info=&#8221;{}&#8221;][et_pb_text admin_label=&#8221;Section Title &#8211; H3&#8243; _builder_version=&#8221;4.17.6&#8243; _module_preset=&#8221;default&#8221; header_3_font=&#8221;Futura Bold|||on|||||&#8221; header_3_text_align=&#8221;center&#8221; header_3_text_color=&#8221;#000000&#8243; header_3_font_size=&#8221;18px&#8221; header_3_letter_spacing=&#8221;1.8px&#8221; header_3_line_height=&#8221;24px&#8221; custom_margin=&#8221;||||false|false&#8221; custom_margin_tablet=&#8221;||||false|false&#8221; custom_margin_phone=&#8221;||||false|false&#8221; custom_margin_last_edited=&#8221;on|phone&#8221; custom_padding=&#8221;||||false|false&#8221; global_colors_info=&#8221;{}&#8221;]<\/p>\n<h3>GLAAD<\/h3>\n<p>[\/et_pb_text][et_pb_text _builder_version=&#8221;4.23.4&#8243; _module_preset=&#8221;default&#8221; global_colors_info=&#8221;{}&#8221;]<\/p>\n<p>GLAAD reescreve o roteiro para aceita\u00e7\u00e3o LGBTQ. Como uma for\u00e7a de m\u00eddia din\u00e2mica, o GLAAD aborda quest\u00f5es dif\u00edceis para moldar a narrativa e provocar o di\u00e1logo que leva \u00e0 mudan\u00e7a cultural. GLAAD protege tudo o que foi realizado e cria um mundo onde todos podem viver a vida que amam.<\/p>\n<p>GLAAD era um acr\u00f4nimo para &#8220;Gay &amp; Lesbian Alliance Against Defamation&#8221;, mas agora a organiza\u00e7\u00e3o \u00e9 simplesmente conhecida como GLAAD, que \u00e9 mais inclusiva em quest\u00f5es bissexuais e transg\u00eaneros.<\/p>\n<p>VACAYA \u00e9 um orgulhoso apoiador de GLAAD e <a href=\"https:\/\/www.glaad.org\/events\/2019\/nashville\" target=\"_blank\" rel=\"noopener\">Love &amp; Acceptance<\/a> .<\/p>\n<p><a class=\"btn-pink-inline\" href=\"https:\/\/www.glaad.org\" target=\"_blank\" rel=\"noopener\"><span class=\"link-inside\">SAIBA MAIS E APOIE A GLAAD<\/span><\/a><\/p>\n<p>[\/et_pb_text][\/et_pb_column][\/et_pb_row][\/et_pb_section]<\/p>\n","protected":false},"excerpt":{"rendered":"<p><div class=\"trip-overlay\"><div class=\"trip-title\"><h1>Fichas de Viagem com T\u00edtulo &#8211; Somente Cruzeiros<\/h1><\/div><\/div>H\u00e1 tantas coisas maravilhosas neste mundo que agradam, desafiam, encantam e inspiram The Vacayans. Esta p\u00e1gina \u00e9 dedicada a algumas dessas coisas favoritas! Incentivamos voc\u00ea a explorar e apoiar essas organiza\u00e7\u00f5es, empresas e produtos incr\u00edveis.JIMSUPPORT BY FETISH LOCKER &#8230; M\u00f3veis er\u00f3ticos que te tiram do comum &nbsp; Demonstra\u00e7\u00e3o no Mexico Resort &#8211; 27 de outubro [&hellip;]<\/p>\n","protected":false},"author":4,"featured_media":102947,"parent":118684,"menu_order":0,"comment_status":"closed","ping_status":"closed","template":"","meta":{"_acf_changed":false,"_et_pb_use_builder":"on","_et_pb_old_content":"","_et_gb_content_width":"","_monsterinsights_skip_tracking":false,"_monsterinsights_sitenote_active":false,"_monsterinsights_sitenote_note":"","_monsterinsights_sitenote_category":0,"footnotes":""},"class_list":["post-118958","page","type-page","status-publish","has-post-thumbnail","hentry"],"acf":[],"_links":{"self":[{"href":"https:\/\/www.myvacaya.com\/pt-pt\/wp-json\/wp\/v2\/pages\/118958","targetHints":{"allow":["GET"]}}],"collection":[{"href":"https:\/\/www.myvacaya.com\/pt-pt\/wp-json\/wp\/v2\/pages"}],"about":[{"href":"https:\/\/www.myvacaya.com\/pt-pt\/wp-json\/wp\/v2\/types\/page"}],"author":[{"embeddable":true,"href":"https:\/\/www.myvacaya.com\/pt-pt\/wp-json\/wp\/v2\/users\/4"}],"replies":[{"embeddable":true,"href":"https:\/\/www.myvacaya.com\/pt-pt\/wp-json\/wp\/v2\/comments?post=118958"}],"version-history":[{"count":123,"href":"https:\/\/www.myvacaya.com\/pt-pt\/wp-json\/wp\/v2\/pages\/118958\/revisions"}],"predecessor-version":[{"id":166231,"href":"https:\/\/www.myvacaya.com\/pt-pt\/wp-json\/wp\/v2\/pages\/118958\/revisions\/166231"}],"up":[{"embeddable":true,"href":"https:\/\/www.myvacaya.com\/pt-pt\/wp-json\/wp\/v2\/pages\/118684"}],"wp:featuredmedia":[{"embeddable":true,"href":"https:\/\/www.myvacaya.com\/pt-pt\/wp-json\/wp\/v2\/media\/102947"}],"wp:attachment":[{"href":"https:\/\/www.myvacaya.com\/pt-pt\/wp-json\/wp\/v2\/media?parent=118958"}],"curies":[{"name":"wp","href":"https:\/\/api.w.org\/{rel}","templated":true}]}}