{"id":118939,"date":"2018-03-15T20:39:52","date_gmt":"2018-03-16T00:39:52","guid":{"rendered":"https:\/\/www.myvacaya.com\/descobrir\/grupo-de-vendas\/"},"modified":"2023-08-04T10:52:13","modified_gmt":"2023-08-04T14:52:13","slug":"grupo-de-vendas","status":"publish","type":"page","link":"https:\/\/www.myvacaya.com\/pt-pt\/descobrir\/grupo-de-vendas\/","title":{"rendered":"Grupo de Vendas"},"content":{"rendered":"<p>[et_pb_section fb_built=&#8221;1&#8243; fullwidth=&#8221;on&#8221; admin_label=&#8221;Slider&#8221; module_id=&#8221;interior da se\u00e7\u00e3o deslizante&#8221; _builder_version=&#8221;4.17.6&#8243; _module_preset=&#8221;default&#8221; background_enable_image=&#8221;off&#8221; global_colors_info=&#8221;{}&#8221;][et_pb_fullwidth_code admin_label=&#8221;Slider Overlay&#8221; module_class=&#8221;interior-page-overlay&#8221; _builder_version=&#8221;4.17.6&#8243; _module_preset=&#8221;default&#8221; positioning=&#8221;absolute&#8221; position_origin_a=&#8221;top_right&#8221; position_origin_f=&#8221;top_right&#8221; z_index=&#8221;100&#8243; width=&#8221;50%&#8221; width_tablet=&#8221;50%&#8221; width_phone=&#8221;100%&#8221; width_last_edited=&#8221;on|phone&#8221; height=&#8221;100vh&#8221; hover_enabled=&#8221;0&#8243; global_colors_info=&#8221;{}&#8221; sticky_enabled=&#8221;0&#8243;]<div class=\"trip-overlay\"><div class=\"trip-title\"><h1>Grupo de Vendas<\/h1><\/div><\/div>[\/et_pb_fullwidth_code][et_pb_fullwidth_slider show_arrows=&#8221;off&#8221; admin_label=&#8221;Slider Images&#8221; module_id=&#8221;slider-images&#8221; _builder_version=&#8221;4.17.6&#8243; _module_preset=&#8221;default&#8221; height=&#8221;100vh&#8221; auto=&#8221;on&#8221; global_colors_info=&#8221;{}&#8221;][et_pb_slide _builder_version=&#8221;4.17.6&#8243; _module_preset=&#8221;default&#8221; background_color=&#8221;RGBA(255,255,255,0)&#8221; background_enable_color=&#8221;on&#8221; background_image=&#8221;https:\/\/www.myvacaya.com\/wp-content\/uploads\/2022\/09\/group-sales.jpg&#8221; background_enable_image=&#8221;on&#8221; background_last_edited=&#8221;on|desktop&#8221; background_image_phone=&#8221;https:\/\/www.myvacaya.com\/wp-content\/uploads\/2022\/11\/group-travel-mobile-414&#215;500-1.jpg&#8221; background_enable_image_phone=&#8221;on&#8221; global_colors_info=&#8221;{}&#8221; sticky_transition=&#8221;on&#8221;][\/et_pb_slide][\/et_pb_fullwidth_slider][\/et_pb_section][et_pb_section fb_built=&#8221;1&#8243; custom_padding_last_edited=&#8221;on|phone&#8221; _builder_version=&#8221;4.17.6&#8243; _module_preset=&#8221;default&#8221; custom_padding=&#8221;||0%||false|false&#8221; custom_padding_tablet=&#8221;||||false|false&#8221; custom_padding_phone=&#8221;||||false|false&#8221; global_colors_info=&#8221;{}&#8221;][et_pb_row custom_padding_last_edited=&#8221;on|desktop&#8221; _builder_version=&#8221;4.17.6&#8243; _module_preset=&#8221;default&#8221; custom_padding=&#8221;||0%||false|false&#8221; custom_padding_tablet=&#8221;||||false|false&#8221; custom_padding_phone=&#8221;||||false|false&#8221; global_colors_info=&#8221;{}&#8221;][et_pb_column type=&#8221;4_4&#8243; _builder_version=&#8221;4.17.6&#8243; _module_preset=&#8221;default&#8221; global_colors_info=&#8221;{}&#8221;][et_pb_text _builder_version=&#8221;4.17.6&#8243; _module_preset=&#8221;default&#8221; custom_margin=&#8221;||||false|false&#8221; custom_margin_tablet=&#8221;||||false|false&#8221; custom_margin_phone=&#8221;||||false|false&#8221; custom_margin_last_edited=&#8221;on|phone&#8221; global_colors_info=&#8221;{}&#8221;]Viajar com amigos \u00e9 uma grande parte da experi\u00eancia de f\u00e9rias LGBT+. Portanto, se voc\u00ea e sua risadinha <b><span style=\"color: #ffcc00;\"><span style=\"color: #ffff00;\">*<\/span><\/span><\/b> est\u00e3o procurando por 2 ou 50 quartos, a ferramenta de reserva on-line da VACAYA torna isso mais f\u00e1cil do que nunca.[\/et_pb_text][et_pb_text admin_label=&#8221;Section Title &#8211; H3&#8243; _builder_version=&#8221;4.17.6&#8243; _module_preset=&#8221;default&#8221; header_3_font=&#8221;Futura Bold|||on|||||&#8221; header_3_text_align=&#8221;center&#8221; header_3_text_color=&#8221;#000000&#8243; header_3_font_size=&#8221;18px&#8221; header_3_letter_spacing=&#8221;1.8px&#8221; header_3_line_height=&#8221;24px&#8221; custom_margin=&#8221;||||false|false&#8221; custom_margin_tablet=&#8221;||||false|false&#8221; custom_margin_phone=&#8221;||||false|false&#8221; custom_margin_last_edited=&#8221;on|phone&#8221; custom_padding=&#8221;||||false|false&#8221; custom_padding_tablet=&#8221;||||false|false&#8221; custom_padding_phone=&#8221;||||false|false&#8221; custom_padding_last_edited=&#8221;on|phone&#8221; global_colors_info=&#8221;{}&#8221;]<\/p>\n<h3>COMO RESERVAR O SEU GRUPO &#8211; MELHORES PR\u00c1TICAS<\/h3>\n<p>[\/et_pb_text][et_pb_text _builder_version=&#8221;4.17.6&#8243; _module_preset=&#8221;default&#8221; global_colors_info=&#8221;{}&#8221;]Se o seu grupo estiver procurando quartos lado a lado ou mesmo quartos pr\u00f3ximos com pre\u00e7os diferentes, temos certeza de que voc\u00ea pode fazer uma reserva de grupo por conta pr\u00f3pria. E aqui est\u00e3o algumas dicas para ajud\u00e1-lo ao longo do caminho:<\/p>\n<ul>\n<li>Comece reunindo seu grupo em uma liga\u00e7\u00e3o (ou melhor ainda&#8230; cara a cara com coquet\u00e9is!). Quando todos estiverem juntos, designe um l\u00edder de grupo que possa moderar. Confie em n\u00f3s&#8230; voc\u00ea vai querer sua pr\u00f3pria Julie McCoy.<span style=\"color: #ffff00;\"><strong>**<\/strong><\/span><\/li>\n<li>D\u00ea uma olhada no plano est\u00e1tico do deck\/mapa do resort para a viagem em que voc\u00ea e seus amigos est\u00e3o interessados \u200b\u200b(estes est\u00e3o dispon\u00edveis na p\u00e1gina OS PRE\u00c7OS para cada viagem).<\/li>\n<li>Selecione uma \u00e1rea geral de interesse no navio\/no resort. Onde voc\u00ea gostaria que os quartos do seu grupo fossem localizados?<\/li>\n<li>Voc\u00ea reservar\u00e1 cada quarto individualmente diretamente em nosso site, por isso \u00e9 melhor reservar todos ao mesmo tempo para garantir que todos na sua risada recebam o quarto exato que desejam.<\/li>\n<li>Depois de prosseguir para a op\u00e7\u00e3o RESERVAR AGORA, nossa ferramenta de reserva on-line mostra o estoque dispon\u00edvel no momento. Usando sua pesquisa inicial como ponto de partida, basta procurar a \u00e1rea de interesse para ver se esses quartos ainda est\u00e3o dispon\u00edveis. Seja em um desktop, tablet ou dispositivo m\u00f3vel, cada um de voc\u00eas pode ver as plantas dos decks \u201cao vivo\u201d e ver as salas dispon\u00edveis em tempo real.<\/li>\n<li>Nosso sistema permite que voc\u00ea segure sua escolha de quarto por at\u00e9 30 minutos, enquanto seus amigos tamb\u00e9m colocam seus pr\u00f3prios quartos lado a lado ou pr\u00f3ximos em espera. Depois que cada um de voc\u00eas colocar o quarto desejado \u201cem espera\u201d, voc\u00ea poder\u00e1 prosseguir para o check-out simultaneamente.<\/li>\n<\/ul>\n<p>N\u00e3o h\u00e1 melhor maneira de viajar com a VACAYA do que reservar quartos cont\u00edguos com seus amigos e criar sua pr\u00f3pria vizinhan\u00e7a no pr\u00f3prio navio!<\/p>\n<p>&nbsp;<\/p>\n<p><span style=\"color: #ffff00;\"><strong>*<\/strong><\/span> Um grupo de gays costumava ser conhecido como &#8220;gaggle&#8221;, mas agora \u00e9 &#8220;giggle&#8221;. De nada.<\/p>\n<p><span style=\"color: #ffff00;\"><strong>**<\/strong><\/span> Se voc\u00ea tem menos de 30 anos, \u201cJulie McCoy\u201d refere-se \u00e0 famosa diretora de cruzeiros da com\u00e9dia da ABC dos anos 70\/80, <em>The Love Boat<\/em> . De nada&#8230; de novo.[\/et_pb_text][\/et_pb_column][\/et_pb_row][\/et_pb_section][et_pb_section fb_built=&#8221;1&#8243; admin_label=&#8221;Trip Tiles with Divider and Title&#8221; _builder_version=&#8221;4.17.6&#8243; _module_preset=&#8221;default&#8221; global_colors_info=&#8221;{}&#8221;][et_pb_row _builder_version=&#8221;4.17.6&#8243; _module_preset=&#8221;default&#8221; global_colors_info=&#8221;{}&#8221;][et_pb_column type=&#8221;4_4&#8243; _builder_version=&#8221;4.17.6&#8243; _module_preset=&#8221;default&#8221; global_colors_info=&#8221;{}&#8221;][et_pb_divider color=&#8221;#000000&#8243; divider_position=&#8221;center&#8221; _builder_version=&#8221;4.17.6&#8243; _module_preset=&#8221;default&#8221; global_colors_info=&#8221;{}&#8221;][\/et_pb_divider][\/et_pb_column][\/et_pb_row][et_pb_row _builder_version=&#8221;4.17.6&#8243; _module_preset=&#8221;default&#8221; global_colors_info=&#8221;{}&#8221;][et_pb_column type=&#8221;4_4&#8243; _builder_version=&#8221;4.17.6&#8243; _module_preset=&#8221;default&#8221; global_colors_info=&#8221;{}&#8221;][et_pb_text admin_label=&#8221;Section Title &#8211; H3&#8243; _builder_version=&#8221;4.17.6&#8243; _module_preset=&#8221;default&#8221; header_3_font=&#8221;Futura Bold|||on|||||&#8221; header_3_text_align=&#8221;center&#8221; header_3_text_color=&#8221;#000000&#8243; header_3_font_size=&#8221;18px&#8221; header_3_letter_spacing=&#8221;1.8px&#8221; header_3_line_height=&#8221;24px&#8221; custom_margin=&#8221;||||false|false&#8221; custom_margin_tablet=&#8221;||||false|false&#8221; custom_margin_phone=&#8221;||||false|false&#8221; custom_margin_last_edited=&#8221;on|phone&#8221; custom_padding=&#8221;||||false|false&#8221; global_colors_info=&#8221;{}&#8221;]<\/p>\n<h3>SE VOC\u00ca AINDA N\u00c3O RESERVOU AS MAIS QUENTES F\u00c9RIAS LGBT+ DO PLANETA,<br \/>\nO QUE VOC\u00ca EST\u00c1 ESPERANDO? CONFIRA ABAIXO!<\/h3>\n<p>[\/et_pb_text][\/et_pb_column][\/et_pb_row][et_pb_row _builder_version=&#8221;4.17.6&#8243; _module_preset=&#8221;default&#8221; global_colors_info=&#8221;{}&#8221;][et_pb_column type=&#8221;4_4&#8243; _builder_version=&#8221;4.17.6&#8243; _module_preset=&#8221;default&#8221; global_colors_info=&#8221;{}&#8221;][et_pb_text _builder_version=&#8221;4.17.6&#8243; _module_preset=&#8221;default&#8221; global_colors_info=&#8221;{}&#8221;]<div id=\"ajax-load-more\" class=\"ajax-load-more-wrap default\" data-id=\"experience-items\" data-alm-id=\"\" data-canonical-url=\"https:\/\/www.myvacaya.com\/pt-pt\/descobrir\/grupo-de-vendas\/\" data-slug=\"grupo-de-vendas\" data-post-id=\"118939\"  data-localized=\"ajax_load_more_experience_items_vars\" data-alm-object=\"ajax_load_more_experience_items\"><ul aria-live=\"polite\" aria-atomic=\"true\" class=\"alm-listing alm-ajax\" data-container-type=\"ul\" data-loading-style=\"default\" data-repeater=\"template_1\" data-post-type=\"trip\" data-meta-key=\"show_trip_tile\" data-meta-value=\"1\" data-custom-args=\"post_parent: 0\" data-order=\"ASC\" data-orderby=\"date\" data-offset=\"0\" data-posts-per-page=\"20\" data-lang=\"pt-pt\" data-scroll=\"false\" data-button-label=\"Load More\" data-prev-button-label=\"Load Previous\" data-destroy-after=\"1\"><\/ul><div class=\"alm-btn-wrap\" data-rel=\"ajax-load-more\"><button class=\"alm-load-more-btn\" type=\"button\">Load More<\/button><\/div><\/div>[\/et_pb_text][\/et_pb_column][\/et_pb_row][\/et_pb_section]<\/p>\n","protected":false},"excerpt":{"rendered":"<p><div class=\"trip-overlay\"><div class=\"trip-title\"><h1>Fichas de Viagem com T\u00edtulo &#8211; Somente Cruzeiros<\/h1><\/div><\/div>Viajar com amigos \u00e9 uma grande parte da experi\u00eancia de f\u00e9rias LGBT+. Portanto, se voc\u00ea e sua risadinha * est\u00e3o procurando por 2 ou 50 quartos, a ferramenta de reserva on-line da VACAYA torna isso mais f\u00e1cil do que nunca.COMO RESERVAR O SEU GRUPO &#8211; MELHORES PR\u00c1TICASSe o seu grupo estiver procurando quartos lado a [&hellip;]<\/p>\n","protected":false},"author":1,"featured_media":0,"parent":118684,"menu_order":0,"comment_status":"closed","ping_status":"closed","template":"","meta":{"_acf_changed":false,"_et_pb_use_builder":"on","_et_pb_old_content":"","_et_gb_content_width":"","_monsterinsights_skip_tracking":false,"_monsterinsights_sitenote_active":false,"_monsterinsights_sitenote_note":"","_monsterinsights_sitenote_category":0,"footnotes":""},"class_list":["post-118939","page","type-page","status-publish","hentry"],"acf":[],"_links":{"self":[{"href":"https:\/\/www.myvacaya.com\/pt-pt\/wp-json\/wp\/v2\/pages\/118939","targetHints":{"allow":["GET"]}}],"collection":[{"href":"https:\/\/www.myvacaya.com\/pt-pt\/wp-json\/wp\/v2\/pages"}],"about":[{"href":"https:\/\/www.myvacaya.com\/pt-pt\/wp-json\/wp\/v2\/types\/page"}],"author":[{"embeddable":true,"href":"https:\/\/www.myvacaya.com\/pt-pt\/wp-json\/wp\/v2\/users\/1"}],"replies":[{"embeddable":true,"href":"https:\/\/www.myvacaya.com\/pt-pt\/wp-json\/wp\/v2\/comments?post=118939"}],"version-history":[{"count":1,"href":"https:\/\/www.myvacaya.com\/pt-pt\/wp-json\/wp\/v2\/pages\/118939\/revisions"}],"predecessor-version":[{"id":118959,"href":"https:\/\/www.myvacaya.com\/pt-pt\/wp-json\/wp\/v2\/pages\/118939\/revisions\/118959"}],"up":[{"embeddable":true,"href":"https:\/\/www.myvacaya.com\/pt-pt\/wp-json\/wp\/v2\/pages\/118684"}],"wp:attachment":[{"href":"https:\/\/www.myvacaya.com\/pt-pt\/wp-json\/wp\/v2\/media?parent=118939"}],"curies":[{"name":"wp","href":"https:\/\/api.w.org\/{rel}","templated":true}]}}