{"id":118928,"date":"2019-03-19T11:31:01","date_gmt":"2019-03-19T15:31:01","guid":{"rendered":"https:\/\/www.myvacaya.com\/mercado\/"},"modified":"2023-08-04T10:52:19","modified_gmt":"2023-08-04T14:52:19","slug":"mercado","status":"publish","type":"page","link":"https:\/\/www.myvacaya.com\/pt-pt\/mercado\/","title":{"rendered":"Mercado"},"content":{"rendered":"<p>[et_pb_section fb_built=&#8221;1&#8243; fullwidth=&#8221;on&#8221; admin_label=&#8221;Slider&#8221; module_id=&#8221;interior da se\u00e7\u00e3o deslizante&#8221; _builder_version=&#8221;4.17.6&#8243; _module_preset=&#8221;default&#8221; background_enable_image=&#8221;off&#8221; global_colors_info=&#8221;{}&#8221;][et_pb_fullwidth_code admin_label=&#8221;Slider Overlay&#8221; module_class=&#8221;interior-page-overlay&#8221; _builder_version=&#8221;4.17.6&#8243; _module_preset=&#8221;default&#8221; positioning=&#8221;absolute&#8221; position_origin_a=&#8221;top_right&#8221; position_origin_f=&#8221;top_right&#8221; z_index=&#8221;100&#8243; width=&#8221;50%&#8221; width_tablet=&#8221;50%&#8221; width_phone=&#8221;100%&#8221; width_last_edited=&#8221;on|phone&#8221; height=&#8221;100vh&#8221; hover_enabled=&#8221;0&#8243; global_colors_info=&#8221;{}&#8221; sticky_enabled=&#8221;0&#8243;]<div class=\"trip-overlay\"><div class=\"trip-title\"><h1>Mercado<\/h1><\/div><\/div>[\/et_pb_fullwidth_code][et_pb_fullwidth_slider show_arrows=&#8221;off&#8221; admin_label=&#8221;Slider Images&#8221; module_id=&#8221;slider-images&#8221; _builder_version=&#8221;4.17.6&#8243; _module_preset=&#8221;default&#8221; height=&#8221;100vh&#8221; auto=&#8221;on&#8221; global_colors_info=&#8221;{}&#8221;][et_pb_slide _builder_version=&#8221;4.17.6&#8243; _module_preset=&#8221;default&#8221; background_color=&#8221;RGBA(255,255,255,0)&#8221; background_enable_color=&#8221;on&#8221; background_image=&#8221;https:\/\/www.myvacaya.com\/wp-content\/uploads\/2022\/09\/VACAYA-Marketplace-1.jpg&#8221; background_enable_image=&#8221;on&#8221; background_last_edited=&#8221;on|desktop&#8221; background_image_phone=&#8221;https:\/\/www.myvacaya.com\/wp-content\/uploads\/2022\/11\/vacaya-our-name-mobile-414&#215;500-1.jpg&#8221; background_enable_image_phone=&#8221;on&#8221; global_colors_info=&#8221;{}&#8221; sticky_transition=&#8221;on&#8221;][\/et_pb_slide][\/et_pb_fullwidth_slider][\/et_pb_section][et_pb_section fb_built=&#8221;1&#8243; custom_padding_last_edited=&#8221;on|phone&#8221; _builder_version=&#8221;4.17.6&#8243; _module_preset=&#8221;default&#8221; custom_padding=&#8221;||||false|false&#8221; custom_padding_tablet=&#8221;||||false|false&#8221; custom_padding_phone=&#8221;||||false|false&#8221; global_colors_info=&#8221;{}&#8221;][et_pb_row custom_padding_last_edited=&#8221;on|desktop&#8221; _builder_version=&#8221;4.17.6&#8243; _module_preset=&#8221;default&#8221; custom_padding=&#8221;||||false|false&#8221; custom_padding_tablet=&#8221;||||false|false&#8221; custom_padding_phone=&#8221;||||false|false&#8221; global_colors_info=&#8221;{}&#8221;][et_pb_column type=&#8221;4_4&#8243; _builder_version=&#8221;4.17.6&#8243; _module_preset=&#8221;default&#8221; global_colors_info=&#8221;{}&#8221;][et_pb_text admin_label=&#8221;Section Title &#8211; H3&#8243; _builder_version=&#8221;4.17.6&#8243; _module_preset=&#8221;default&#8221; header_3_font=&#8221;Futura Bold|||on|||||&#8221; header_3_text_align=&#8221;center&#8221; header_3_text_color=&#8221;#000000&#8243; header_3_font_size=&#8221;18px&#8221; header_3_letter_spacing=&#8221;1.8px&#8221; header_3_line_height=&#8221;24px&#8221; custom_margin=&#8221;||||false|false&#8221; custom_margin_tablet=&#8221;||||false|false&#8221; custom_margin_phone=&#8221;||||false|false&#8221; custom_margin_last_edited=&#8221;on|phone&#8221; custom_padding=&#8221;||||false|false&#8221; custom_padding_tablet=&#8221;||||false|false&#8221; custom_padding_phone=&#8221;||||false|false&#8221; custom_padding_last_edited=&#8221;on|phone&#8221; global_colors_info=&#8221;{}&#8221;]<\/p>\n<h3>Mostre seu esp\u00edrito VACAYA com o que h\u00e1 de mais recente em V Gear!<\/h3>\n<p>[\/et_pb_text][et_pb_text admin_label=&#8221;Text&#8221; _builder_version=&#8221;4.17.6&#8243; _module_preset=&#8221;default&#8221; custom_margin=&#8221;||||false|false&#8221; custom_margin_tablet=&#8221;||||false|false&#8221; custom_margin_phone=&#8221;||||false|false&#8221; custom_margin_last_edited=&#8221;on|phone&#8221; global_colors_info=&#8221;{}&#8221;]Temos o prazer de anunciar o lan\u00e7amento do nosso novo Marketplace. De VACAYA Ts e Tanks a moletons e mantas de arco-\u00edris, tudo o que voc\u00ea poderia querer para mostrar seu apoio \u00e0 VACAYA pode ser encontrado aqui. Basta clicar no bot\u00e3o rosa grande abaixo e comprar at\u00e9 o conte\u00fado do seu cora\u00e7\u00e3o!<br \/>\n&nbsp;<br \/>\n<img loading=\"lazy\" decoding=\"async\" class=\"aligncenter wp-image-20744\" src=\"https:\/\/www.myvacaya.com\/wp-content\/uploads\/2020\/11\/Screen-Shot-2020-11-26-at-9.34.37-AM-300x163.png\" alt=\"\" width=\"600\" height=\"327\" srcset=\"https:\/\/www.myvacaya.com\/wp-content\/uploads\/2020\/11\/Screen-Shot-2020-11-26-at-9.34.37-AM-300x163.png 300w, https:\/\/www.myvacaya.com\/wp-content\/uploads\/2020\/11\/Screen-Shot-2020-11-26-at-9.34.37-AM-768x418.png 768w, https:\/\/www.myvacaya.com\/wp-content\/uploads\/2020\/11\/Screen-Shot-2020-11-26-at-9.34.37-AM-1024x557.png 1024w\" sizes=\"(max-width: 600px) 100vw, 600px\" \/><br \/>\n&nbsp;<br \/>\n<a class=\"btn-pink-inline\" href=\"https:\/\/vacaya-stuff.myshopify.com\/?key=9e06379e8861f1d7c56f6a33e1cfd66f9b587c0f0fd34306c5f6ce13884b5b03&amp;utm_source=VACAYA+NEWSLETTER&amp;utm_campaign=ab2d605ed8-thanksgiving_2020_enewsletter_11242020&amp;utm_medium=email&amp;utm_term=0_c5170e1c40-ab2d605ed8-149567581\" target=\"_blank\" rel=\"noopener\"><span class=\"link-inside\">VISITE O MERCADO DE MERCADORIAS VACAYA<\/span><\/a>[\/et_pb_text][et_pb_text admin_label=&#8221;Section Title &#8211; H3&#8243; _builder_version=&#8221;4.17.6&#8243; _module_preset=&#8221;default&#8221; header_3_font=&#8221;Futura Bold|||on|||||&#8221; header_3_text_align=&#8221;center&#8221; header_3_text_color=&#8221;#000000&#8243; header_3_font_size=&#8221;18px&#8221; header_3_letter_spacing=&#8221;1.8px&#8221; header_3_line_height=&#8221;24px&#8221; custom_margin=&#8221;||||false|false&#8221; custom_margin_tablet=&#8221;||||false|false&#8221; custom_margin_phone=&#8221;||||false|false&#8221; custom_margin_last_edited=&#8221;on|phone&#8221; custom_padding=&#8221;||||false|false&#8221; custom_padding_tablet=&#8221;||||false|false&#8221; custom_padding_phone=&#8221;||||false|false&#8221; custom_padding_last_edited=&#8221;on|phone&#8221; global_colors_info=&#8221;{}&#8221;]<\/p>\n<h3>IMPRESS\u00c3O VACAYA ONDEMAND<\/h3>\n<p>[\/et_pb_text][et_pb_text admin_label=&#8221;Text&#8221; _builder_version=&#8221;4.17.6&#8243; _module_preset=&#8221;default&#8221; header_4_font=&#8221;|||on|||||&#8221; header_4_text_align=&#8221;center&#8221; custom_margin=&#8221;||||false|false&#8221; custom_margin_tablet=&#8221;||||false|false&#8221; custom_margin_phone=&#8221;||||false|false&#8221; custom_margin_last_edited=&#8221;on|phone&#8221; global_colors_info=&#8221;{}&#8221;]<\/p>\n<h4>Impress\u00e3o profissional a pre\u00e7o de custo, entregue a voc\u00ea!<\/h4>\n<p>&nbsp;<br \/>\nBem-vindo \u00e0 gr\u00e1fica OnDemand da VACAYA. Aqui, voc\u00ea encontrar\u00e1 \u00f3timos recursos VACAYA impressos profissionalmente, como cart\u00f5es postais, folhetos, folhetos de sorteios e adesivos que voc\u00ea pode compartilhar com amigos e clientes. Muitos s\u00e3o at\u00e9 personaliz\u00e1veis \u200b\u200bcom suas informa\u00e7\u00f5es de contato\/ag\u00eancia. Se voc\u00ea mora nos EUA, seu pedido ser\u00e1 enviado diretamente para voc\u00ea em alguns dias. Pedidos internacionais demoram um pouco mais. Com base em seus coment\u00e1rios, adicionaremos novas op\u00e7\u00f5es o tempo todo. Basta enviar suas sugest\u00f5es para <a href=\"mailto:marketing@myvacaya.com\" target=\"_blank\" rel=\"noopener\">marketing@myvacaya.com<\/a> .<\/p>\n<p>O pedido \u00e9 intuitivo, mas se voc\u00ea precisar de uma ajudinha extra, as instru\u00e7\u00f5es passo a passo podem ser encontradas <a href=\"https:\/\/www.myvacaya.com\/wp-content\/uploads\/2019\/03\/VACAYA-OnDemand-Print-Shop-Instructions.pdf\" target=\"_blank\" rel=\"noopener\">AQUI<\/a> .<\/p>\n<p><a href=\"https:\/\/myvacaya.privateprintstore.com\/\" target=\"_blank\" rel=\"noopener\"><img loading=\"lazy\" decoding=\"async\" class=\"aligncenter size-full wp-image-6374\" src=\"https:\/\/www.myvacaya.com\/wp-content\/uploads\/2019\/03\/PRINT-SHOP.png\" alt=\"\" width=\"1100\" height=\"340\" srcset=\"https:\/\/www.myvacaya.com\/wp-content\/uploads\/2019\/03\/PRINT-SHOP.png 1100w, https:\/\/www.myvacaya.com\/wp-content\/uploads\/2019\/03\/PRINT-SHOP-300x93.png 300w, https:\/\/www.myvacaya.com\/wp-content\/uploads\/2019\/03\/PRINT-SHOP-768x237.png 768w, https:\/\/www.myvacaya.com\/wp-content\/uploads\/2019\/03\/PRINT-SHOP-1024x317.png 1024w\" sizes=\"(max-width: 1100px) 100vw, 1100px\" \/><\/a><\/p>\n<p><a class=\"btn-pink-inline\" href=\"https:\/\/myvacaya.privateprintstore.com\/\" target=\"_blank\" rel=\"noopener\"><span class=\"link-inside\">Entre na loja de impress\u00e3o OnDemand<\/span><\/a>[\/et_pb_text][\/et_pb_column][\/et_pb_row][\/et_pb_section]<\/p>\n","protected":false},"excerpt":{"rendered":"<p><div class=\"trip-overlay\"><div class=\"trip-title\"><h1>Fichas de Viagem com T\u00edtulo &#8211; Somente Cruzeiros<\/h1><\/div><\/div>Mostre seu esp\u00edrito VACAYA com o que h\u00e1 de mais recente em V Gear!Temos o prazer de anunciar o lan\u00e7amento do nosso novo Marketplace. De VACAYA Ts e Tanks a moletons e mantas de arco-\u00edris, tudo o que voc\u00ea poderia querer para mostrar seu apoio \u00e0 VACAYA pode ser encontrado aqui. Basta clicar no bot\u00e3o [&hellip;]<\/p>\n","protected":false},"author":4,"featured_media":0,"parent":0,"menu_order":0,"comment_status":"closed","ping_status":"closed","template":"","meta":{"_acf_changed":false,"_et_pb_use_builder":"on","_et_pb_old_content":"","_et_gb_content_width":"","_monsterinsights_skip_tracking":false,"_monsterinsights_sitenote_active":false,"_monsterinsights_sitenote_note":"","_monsterinsights_sitenote_category":0,"footnotes":""},"class_list":["post-118928","page","type-page","status-publish","hentry"],"acf":[],"_links":{"self":[{"href":"https:\/\/www.myvacaya.com\/pt-pt\/wp-json\/wp\/v2\/pages\/118928","targetHints":{"allow":["GET"]}}],"collection":[{"href":"https:\/\/www.myvacaya.com\/pt-pt\/wp-json\/wp\/v2\/pages"}],"about":[{"href":"https:\/\/www.myvacaya.com\/pt-pt\/wp-json\/wp\/v2\/types\/page"}],"author":[{"embeddable":true,"href":"https:\/\/www.myvacaya.com\/pt-pt\/wp-json\/wp\/v2\/users\/4"}],"replies":[{"embeddable":true,"href":"https:\/\/www.myvacaya.com\/pt-pt\/wp-json\/wp\/v2\/comments?post=118928"}],"version-history":[{"count":10,"href":"https:\/\/www.myvacaya.com\/pt-pt\/wp-json\/wp\/v2\/pages\/118928\/revisions"}],"predecessor-version":[{"id":118984,"href":"https:\/\/www.myvacaya.com\/pt-pt\/wp-json\/wp\/v2\/pages\/118928\/revisions\/118984"}],"wp:attachment":[{"href":"https:\/\/www.myvacaya.com\/pt-pt\/wp-json\/wp\/v2\/media?parent=118928"}],"curies":[{"name":"wp","href":"https:\/\/api.w.org\/{rel}","templated":true}]}}