{"id":118783,"date":"2018-02-10T15:14:43","date_gmt":"2018-02-10T20:14:43","guid":{"rendered":"https:\/\/www.myvacaya.com\/sobre-vacaya\/carreiras\/"},"modified":"2026-01-06T09:49:02","modified_gmt":"2026-01-06T14:49:02","slug":"carreiras","status":"publish","type":"page","link":"https:\/\/www.myvacaya.com\/pt-pt\/sobre-vacaya\/carreiras\/","title":{"rendered":"Carreiras"},"content":{"rendered":"<p>[et_pb_section fb_built=&#8221;1&#8243; fullwidth=&#8221;on&#8221; admin_label=&#8221;Slider&#8221; module_id=&#8221;interior da se\u00e7\u00e3o deslizante&#8221; _builder_version=&#8221;4.17.6&#8243; _module_preset=&#8221;default&#8221; background_enable_image=&#8221;off&#8221; global_colors_info=&#8221;{}&#8221;][et_pb_fullwidth_code admin_label=&#8221;Slider Overlay&#8221; module_class=&#8221;interior-page-overlay&#8221; _builder_version=&#8221;4.17.6&#8243; _module_preset=&#8221;default&#8221; positioning=&#8221;absolute&#8221; position_origin_a=&#8221;top_right&#8221; position_origin_f=&#8221;top_right&#8221; z_index=&#8221;100&#8243; width=&#8221;50%&#8221; width_tablet=&#8221;50%&#8221; width_phone=&#8221;100%&#8221; width_last_edited=&#8221;on|phone&#8221; height=&#8221;100vh&#8221; global_colors_info=&#8221;{}&#8221;]<div class=\"trip-overlay\"><div class=\"trip-title\"><h1>Carreiras<\/h1><\/div><\/div>[\/et_pb_fullwidth_code][et_pb_fullwidth_slider show_arrows=&#8221;off&#8221; admin_label=&#8221;Slider Images&#8221; module_id=&#8221;slider-images&#8221; _builder_version=&#8221;4.17.6&#8243; _module_preset=&#8221;default&#8221; height=&#8221;100vh&#8221; auto=&#8221;on&#8221; global_colors_info=&#8221;{}&#8221;][et_pb_slide _builder_version=&#8221;4.17.6&#8243; _module_preset=&#8221;default&#8221; background_color=&#8221;RGBA(255,255,255,0)&#8221; background_enable_color=&#8221;on&#8221; background_image=&#8221;https:\/\/www.myvacaya.com\/wp-content\/uploads\/2022\/09\/GettyImages-900637248-v1b.png&#8221; background_enable_image=&#8221;on&#8221; background_last_edited=&#8221;on|desktop&#8221; background_image_phone=&#8221;https:\/\/www.myvacaya.com\/wp-content\/uploads\/2022\/11\/careers-mobile-414&#215;500-1.jpg&#8221; background_enable_image_phone=&#8221;on&#8221; global_colors_info=&#8221;{}&#8221; sticky_transition=&#8221;on&#8221;][\/et_pb_slide][\/et_pb_fullwidth_slider][\/et_pb_section][et_pb_section fb_built=&#8221;1&#8243; custom_padding_last_edited=&#8221;on|phone&#8221; _builder_version=&#8221;4.17.6&#8243; _module_preset=&#8221;default&#8221; custom_padding=&#8221;||0%||false|false&#8221; custom_padding_tablet=&#8221;||||false|false&#8221; custom_padding_phone=&#8221;||||false|false&#8221; global_colors_info=&#8221;{}&#8221;][et_pb_row _builder_version=&#8221;4.17.6&#8243; _module_preset=&#8221;default&#8221; custom_padding=&#8221;||0%||false|false&#8221; global_colors_info=&#8221;{}&#8221;][et_pb_column type=&#8221;4_4&#8243; _builder_version=&#8221;4.17.6&#8243; _module_preset=&#8221;default&#8221; global_colors_info=&#8221;{}&#8221;][et_pb_text _builder_version=&#8221;4.27.4&#8243; _module_preset=&#8221;default&#8221; custom_margin=&#8221;||||false|false&#8221; custom_margin_tablet=&#8221;||||false|false&#8221; custom_margin_phone=&#8221;||||false|false&#8221; custom_margin_last_edited=&#8221;on|phone&#8221; custom_padding=&#8221;||4%||false|false&#8221; custom_padding_tablet=&#8221;||4%||false|false&#8221; custom_padding_phone=&#8221;||40px||false|false&#8221; custom_padding_last_edited=&#8221;on|phone&#8221; hover_enabled=&#8221;0&#8243; global_colors_info=&#8221;{}&#8221; sticky_enabled=&#8221;0&#8243;]<\/p>\n<p>Na VACAYA, estamos em uma emocionante jornada para criar uma das marcas de viagens mais inovadoras do mundo. \u00c0 medida que crescemos, formaremos uma equipe fant\u00e1stica de pessoas que entendem a verdadeira import\u00e2ncia do trabalho em equipe.<\/p>\n<p>Os valores centrais da VACAYA informam como nossos neg\u00f3cios s\u00e3o executados no dia a dia. N\u00f3s nos esfor\u00e7amos para ser atenciosos, generosos, curiosos, ousados, flex\u00edveis, graciosos, gratos e, acima de tudo, para fazer a coisa certa&#8230; uns pelos outros, por nossos h\u00f3spedes e por nossos parceiros do setor. Todos n\u00f3s aqui da VACAYA fazemos esse trabalho pela alegria que vem da cria\u00e7\u00e3o e execu\u00e7\u00e3o. Somos <i>sempre<\/i> uma equipe \u2013 trabalhando juntos para dar vida \u00e0 Miss\u00e3o e Vis\u00e3o da VACAYA.<\/p>\n<p style=\"padding-left: 30px;\"><strong>NOSSA MISS\u00c3O<\/strong><br \/> Realizar os sonhos de f\u00e9rias de todos os adultos que acreditam que &#8220;amor \u00e9 amor&#8221;, atrav\u00e9s do nosso compromisso com um servi\u00e7o personalizado de classe mundial, experi\u00eancias de qualidade e um valor incompar\u00e1vel.<\/p>\n<p style=\"padding-left: 30px;\"><strong>NOSSA VIS\u00c3O<\/strong><br \/> Acreditamos que intera\u00e7\u00f5es consistentes, \u00e9ticas e de qualidade com nossos h\u00f3spedes, parceiros de neg\u00f3cios, funcion\u00e1rios e comunidade resultar\u00e3o em relacionamentos leais de longo prazo. A VACAYA est\u00e1 empenhada em ajudar a tornar o mundo um lugar melhor, inspirando os h\u00f3spedes a serem volunt\u00e1rios, doar e promover a compreens\u00e3o humana para os menos afortunados nas comunidades que visitamos em todo o mundo. Nosso sucesso \u00e9 medido por h\u00f3spedes que optam por voltar sempre e que tamb\u00e9m incentivam seus amigos e familiares a experimentar o VACAYA.<\/p>\n<p>Na VACAYA, a personalidade e as inclina\u00e7\u00f5es culturais de cada membro da equipe s\u00e3o t\u00e3o importantes quanto suas habilidades. Vacayans s\u00e3o gentis, inteligentes, capazes de pensar no futuro, intuitivos, apaixonados e respeitados em toda a ind\u00fastria.<\/p>\n<p>Nossa esperan\u00e7a \u00e9 fazer parceria com pessoas que s\u00e3o igualmente certas (criativas) e esquerdas do c\u00e9rebro (l\u00f3gica) \u2013 capazes de trazer um toque m\u00e1gico \u00e0 experi\u00eancia VACAYA enquanto se preocupam com nossos neg\u00f3cios.<\/p>\n<p>\u00c0 medida que as vagas forem ficando dispon\u00edveis (e elas ficar\u00e3o), volte aqui para obter detalhes espec\u00edficos e instru\u00e7\u00f5es de envio.<\/p>\n<p>&nbsp;<\/p>\n<h2 style=\"text-align: center;\"><span style=\"color: #800080;\">POSI\u00c7\u00d5ES ABERTAS<\/span><\/h2>\n<p>&nbsp;<\/p>\n<p style=\"font-weight: 400; text-align: center;\">Atualmente n\u00e3o h\u00e1 vagas dispon\u00edveis.<\/p>\n<p>&nbsp;<\/p>\n<p>&nbsp;<\/p>\n<p style=\"font-weight: 400;\">A VACAYA \u00e9 uma empresa que oferece oportunidades iguais de emprego. Damos as boas-vindas a candidatos de diversas origens e experi\u00eancias de vida.<\/p>\n<h3 style=\"text-align: center;\"> <\/h3>\n<p>&nbsp;<\/p>\n<p>&nbsp;<\/p>\n<p>[\/et_pb_text][\/et_pb_column][\/et_pb_row][\/et_pb_section]<\/p>\n","protected":false},"excerpt":{"rendered":"<p><div class=\"trip-overlay\"><div class=\"trip-title\"><h1>Fichas de Viagem com T\u00edtulo &#8211; Somente Cruzeiros<\/h1><\/div><\/div>Na VACAYA, estamos em uma emocionante jornada para criar uma das marcas de viagens mais inovadoras do mundo. \u00c0 medida que crescemos, formaremos uma equipe fant\u00e1stica de pessoas que entendem a verdadeira import\u00e2ncia do trabalho em equipe. Os valores centrais da VACAYA informam como nossos neg\u00f3cios s\u00e3o executados no dia a dia. N\u00f3s nos esfor\u00e7amos [&hellip;]<\/p>\n","protected":false},"author":1,"featured_media":0,"parent":118741,"menu_order":0,"comment_status":"closed","ping_status":"closed","template":"","meta":{"_acf_changed":false,"_et_pb_use_builder":"on","_et_pb_old_content":"","_et_gb_content_width":"","_monsterinsights_skip_tracking":false,"_monsterinsights_sitenote_active":false,"_monsterinsights_sitenote_note":"","_monsterinsights_sitenote_category":0,"footnotes":""},"class_list":["post-118783","page","type-page","status-publish","hentry"],"acf":[],"_links":{"self":[{"href":"https:\/\/www.myvacaya.com\/pt-pt\/wp-json\/wp\/v2\/pages\/118783","targetHints":{"allow":["GET"]}}],"collection":[{"href":"https:\/\/www.myvacaya.com\/pt-pt\/wp-json\/wp\/v2\/pages"}],"about":[{"href":"https:\/\/www.myvacaya.com\/pt-pt\/wp-json\/wp\/v2\/types\/page"}],"author":[{"embeddable":true,"href":"https:\/\/www.myvacaya.com\/pt-pt\/wp-json\/wp\/v2\/users\/1"}],"replies":[{"embeddable":true,"href":"https:\/\/www.myvacaya.com\/pt-pt\/wp-json\/wp\/v2\/comments?post=118783"}],"version-history":[{"count":20,"href":"https:\/\/www.myvacaya.com\/pt-pt\/wp-json\/wp\/v2\/pages\/118783\/revisions"}],"predecessor-version":[{"id":188416,"href":"https:\/\/www.myvacaya.com\/pt-pt\/wp-json\/wp\/v2\/pages\/118783\/revisions\/188416"}],"up":[{"embeddable":true,"href":"https:\/\/www.myvacaya.com\/pt-pt\/wp-json\/wp\/v2\/pages\/118741"}],"wp:attachment":[{"href":"https:\/\/www.myvacaya.com\/pt-pt\/wp-json\/wp\/v2\/media?parent=118783"}],"curies":[{"name":"wp","href":"https:\/\/api.w.org\/{rel}","templated":true}]}}