{"id":118777,"date":"2018-02-10T15:16:50","date_gmt":"2018-02-10T20:16:50","guid":{"rendered":"https:\/\/www.myvacaya.com\/recursos-para-convidados\/seguro-de-viagem\/"},"modified":"2024-04-30T14:15:51","modified_gmt":"2024-04-30T18:15:51","slug":"seguro-de-viagem","status":"publish","type":"page","link":"https:\/\/www.myvacaya.com\/pt-pt\/recursos-para-convidados\/seguro-de-viagem\/","title":{"rendered":"Seguro de viagem"},"content":{"rendered":"<p>[et_pb_section fb_built=&#8221;1&#8243; fullwidth=&#8221;on&#8221; admin_label=&#8221;Slider&#8221; module_id=&#8221;interior da se\u00e7\u00e3o deslizante&#8221; _builder_version=&#8221;4.17.6&#8243; _module_preset=&#8221;default&#8221; background_enable_image=&#8221;off&#8221; global_colors_info=&#8221;{}&#8221;][et_pb_fullwidth_code admin_label=&#8221;Slider Overlay&#8221; module_class=&#8221;interior-page-overlay&#8221; _builder_version=&#8221;4.17.6&#8243; _module_preset=&#8221;default&#8221; positioning=&#8221;absolute&#8221; position_origin_a=&#8221;top_right&#8221; position_origin_f=&#8221;top_right&#8221; z_index=&#8221;100&#8243; width=&#8221;50%&#8221; width_tablet=&#8221;50%&#8221; width_phone=&#8221;100%&#8221; width_last_edited=&#8221;on|phone&#8221; height=&#8221;100vh&#8221; global_colors_info=&#8221;{}&#8221;]<div class=\"trip-overlay\"><div class=\"trip-title\"><h1>Seguro de viagem<\/h1><\/div><\/div>[\/et_pb_fullwidth_code][et_pb_fullwidth_slider show_arrows=&#8221;off&#8221; admin_label=&#8221;Slider Images&#8221; module_id=&#8221;slider-images&#8221; _builder_version=&#8221;4.17.6&#8243; _module_preset=&#8221;default&#8221; height=&#8221;100vh&#8221; auto=&#8221;on&#8221; global_colors_info=&#8221;{}&#8221;][et_pb_slide _builder_version=&#8221;4.17.6&#8243; _module_preset=&#8221;default&#8221; background_color=&#8221;RGBA(255,255,255,0)&#8221; background_enable_color=&#8221;on&#8221; background_image=&#8221;https:\/\/www.myvacaya.com\/wp-content\/uploads\/2022\/09\/travel-insurance.jpg&#8221; background_enable_image=&#8221;on&#8221; background_last_edited=&#8221;on|desktop&#8221; background_image_phone=&#8221;https:\/\/www.myvacaya.com\/wp-content\/uploads\/2022\/11\/travel-insurancefb-1200&#215;630-1.png&#8221; background_enable_image_phone=&#8221;on&#8221; global_colors_info=&#8221;{}&#8221; sticky_transition=&#8221;on&#8221;][\/et_pb_slide][\/et_pb_fullwidth_slider][\/et_pb_section][et_pb_section fb_built=&#8221;1&#8243; custom_padding_last_edited=&#8221;on|phone&#8221; _builder_version=&#8221;4.17.6&#8243; _module_preset=&#8221;default&#8221; custom_padding=&#8221;||||false|false&#8221; custom_padding_tablet=&#8221;||||false|false&#8221; custom_padding_phone=&#8221;||||false|false&#8221; global_colors_info=&#8221;{}&#8221;][et_pb_row custom_padding_last_edited=&#8221;on|desktop&#8221; _builder_version=&#8221;4.17.6&#8243; _module_preset=&#8221;default&#8221; custom_padding=&#8221;||||false|false&#8221; custom_padding_tablet=&#8221;||||false|false&#8221; custom_padding_phone=&#8221;||||false|false&#8221; global_colors_info=&#8221;{}&#8221;][et_pb_column type=&#8221;4_4&#8243; _builder_version=&#8221;4.17.6&#8243; _module_preset=&#8221;default&#8221; global_colors_info=&#8221;{}&#8221;][et_pb_text _builder_version=&#8221;4.23.4&#8243; _module_preset=&#8221;default&#8221; custom_margin=&#8221;||||false|false&#8221; custom_margin_tablet=&#8221;||||false|false&#8221; custom_margin_phone=&#8221;||||false|false&#8221; custom_margin_last_edited=&#8221;on|phone&#8221; hover_enabled=&#8221;0&#8243; global_colors_info=&#8221;{}&#8221; sticky_enabled=&#8221;0&#8243;]O seguro de viagem pode ser um \u00f3timo investimento, especialmente quando voc\u00ea viaja para destinos ex\u00f3ticos, tem v\u00e1rias conex\u00f5es ou planeja se envolver em atividades de aventura. A VACAYA recomenda fortemente a compra de uma ap\u00f3lice para proteger seus d\u00f3lares de f\u00e9rias suados. A chave \u00e9 escolher a pol\u00edtica certa para suas necessidades espec\u00edficas. O seguinte pode ajud\u00e1-lo a encontrar a pol\u00edtica certa:<\/p>\n<ol>\n<li>Verifique se seus cart\u00f5es de cr\u00e9dito, associa\u00e7\u00f5es de clubes de autom\u00f3veis, cobertura de propriet\u00e1rio\/locat\u00e1rio ou empregador fornecem ap\u00f3lices que incluem cobertura para viagens ao exterior.<\/li>\n<li>Voc\u00ea sempre deseja escolher uma seguradora terceirizada para fornecer sua cobertura. Voc\u00ea ter\u00e1 a op\u00e7\u00e3o de adquirir uma ap\u00f3lice independente de terceiros ao final de sua reserva on-line conosco.<\/li>\n<li>Preste aten\u00e7\u00e3o \u00e0 cobertura para condi\u00e7\u00f5es m\u00e9dicas pr\u00e9-existentes e certifique-se de que as cl\u00e1usulas da ap\u00f3lice sejam amplas o suficiente para cada passageiro individual. Por exemplo, a cobertura do grupo Medicare para idosos pode n\u00e3o estar dispon\u00edvel para tratamento fora dos EUA. Muitas ap\u00f3lices incluir\u00e3o cobertura para condi\u00e7\u00f5es m\u00e9dicas pr\u00e9-existentes se voc\u00ea adquirir a ap\u00f3lice na mesma \u00e9poca em que fizer o dep\u00f3sito inicial para sua viagem.<\/li>\n<li>As pol\u00edticas que incluem provis\u00f5es de evacua\u00e7\u00e3o s\u00e3o prefer\u00edveis, especialmente quando se viaja para \u00e1reas do terceiro mundo, j\u00e1 que os padr\u00f5es m\u00e9dicos em muitos pa\u00edses s\u00e3o inferiores aos dos EUA.<\/li>\n<li>Revise os termos de prote\u00e7\u00e3o contra terrorismo na pol\u00edtica para garantir que ela inclua as \u00e1reas vizinhas de um incidente de terrorismo, n\u00e3o apenas as cidades no itiner\u00e1rio.<\/li>\n<li>Se voc\u00ea \u00e9 um viajante frequente, adquirir uma ap\u00f3lice de cobertura de viagem anual pode ser uma pechincha.<\/li>\n<li>Ao comparar ap\u00f3lices, n\u00e3o assuma que ap\u00f3lices com pre\u00e7os semelhantes fornecem cobertura id\u00eantica. Revise cuidadosamente os motivos cobertos e n\u00e3o cobertos para cancelamento.<\/li>\n<li>As ap\u00f3lices de \u201ccancelar por qualquer motivo\u201d s\u00e3o caras, mas fazer uma an\u00e1lise dos custos adicionais desse tipo de cobertura e suas necessidades particulares pode evitar problemas posteriores.<\/li>\n<li>O seguro de vida \u00e9 mais barato por meio de seu corretor do que as m\u00e1quinas de seguros no aeroporto.<\/li>\n<li>Cobertura de bagagem adicional \u00e9 fortemente recomendada, considerando a responsabilidade limitada das companhias a\u00e9reas de $ 3.300 Dom\u00e9stica \/ $ 1.600 Internacional por perda ou atraso de bagagem.<\/li>\n<\/ol>\n<p>Para obter mais informa\u00e7\u00f5es sobre este t\u00f3pico, leia o blog <strong><a href=\"https:\/\/www.myvacaya.com\/pt-pt\/seguro-de-viagem-101\/\">Travel Insurance 101<\/a><\/strong> de Vacayan John Finen.[\/et_pb_text][\/et_pb_column][\/et_pb_row][\/et_pb_section]<\/p>\n","protected":false},"excerpt":{"rendered":"<p><div class=\"trip-overlay\"><div class=\"trip-title\"><h1>Fichas de Viagem com T\u00edtulo &#8211; Somente Cruzeiros<\/h1><\/div><\/div>O seguro de viagem pode ser um \u00f3timo investimento, especialmente quando voc\u00ea viaja para destinos ex\u00f3ticos, tem v\u00e1rias conex\u00f5es ou planeja se envolver em atividades de aventura. A VACAYA recomenda fortemente a compra de uma ap\u00f3lice para proteger seus d\u00f3lares de f\u00e9rias suados. A chave \u00e9 escolher a pol\u00edtica certa para suas necessidades espec\u00edficas. O [&hellip;]<\/p>\n","protected":false},"author":1,"featured_media":0,"parent":118747,"menu_order":0,"comment_status":"closed","ping_status":"closed","template":"","meta":{"_acf_changed":false,"_et_pb_use_builder":"on","_et_pb_old_content":"","_et_gb_content_width":"","_monsterinsights_skip_tracking":false,"_monsterinsights_sitenote_active":false,"_monsterinsights_sitenote_note":"","_monsterinsights_sitenote_category":0,"footnotes":""},"class_list":["post-118777","page","type-page","status-publish","hentry"],"acf":[],"_links":{"self":[{"href":"https:\/\/www.myvacaya.com\/pt-pt\/wp-json\/wp\/v2\/pages\/118777","targetHints":{"allow":["GET"]}}],"collection":[{"href":"https:\/\/www.myvacaya.com\/pt-pt\/wp-json\/wp\/v2\/pages"}],"about":[{"href":"https:\/\/www.myvacaya.com\/pt-pt\/wp-json\/wp\/v2\/types\/page"}],"author":[{"embeddable":true,"href":"https:\/\/www.myvacaya.com\/pt-pt\/wp-json\/wp\/v2\/users\/1"}],"replies":[{"embeddable":true,"href":"https:\/\/www.myvacaya.com\/pt-pt\/wp-json\/wp\/v2\/comments?post=118777"}],"version-history":[{"count":5,"href":"https:\/\/www.myvacaya.com\/pt-pt\/wp-json\/wp\/v2\/pages\/118777\/revisions"}],"predecessor-version":[{"id":151445,"href":"https:\/\/www.myvacaya.com\/pt-pt\/wp-json\/wp\/v2\/pages\/118777\/revisions\/151445"}],"up":[{"embeddable":true,"href":"https:\/\/www.myvacaya.com\/pt-pt\/wp-json\/wp\/v2\/pages\/118747"}],"wp:attachment":[{"href":"https:\/\/www.myvacaya.com\/pt-pt\/wp-json\/wp\/v2\/media?parent=118777"}],"curies":[{"name":"wp","href":"https:\/\/api.w.org\/{rel}","templated":true}]}}