{"id":118655,"date":"2018-02-10T15:05:39","date_gmt":"2018-02-10T20:05:39","guid":{"rendered":"https:\/\/www.myvacaya.com\/experiencias-vacaya\/"},"modified":"2023-12-21T08:53:34","modified_gmt":"2023-12-21T13:53:34","slug":"experiencias-vacaya","status":"publish","type":"page","link":"https:\/\/www.myvacaya.com\/pt-pt\/descobrir\/experiencias-vacaya\/","title":{"rendered":"Experi\u00eancias VACAYA"},"content":{"rendered":"<p>[et_pb_section fb_built=&#8221;1&#8243; fullwidth=&#8221;on&#8221; admin_label=&#8221;Slider&#8221; module_id=&#8221;interior da se\u00e7\u00e3o deslizante&#8221; _builder_version=&#8221;4.17.6&#8243; _module_preset=&#8221;default&#8221; background_enable_image=&#8221;off&#8221; global_colors_info=&#8221;{}&#8221;][et_pb_fullwidth_code admin_label=&#8221;Slider Overlay&#8221; module_class=&#8221;interior-page-overlay&#8221; _builder_version=&#8221;4.17.6&#8243; _module_preset=&#8221;default&#8221; positioning=&#8221;absolute&#8221; position_origin_a=&#8221;top_right&#8221; position_origin_f=&#8221;top_right&#8221; z_index=&#8221;100&#8243; width=&#8221;50%&#8221; width_tablet=&#8221;50%&#8221; width_phone=&#8221;100%&#8221; width_last_edited=&#8221;on|phone&#8221; height=&#8221;100vh&#8221; global_colors_info=&#8221;{}&#8221;]<div class=\"trip-overlay\"><div class=\"trip-title\"><h1>Experi\u00eancias VACAYA<\/h1><\/div><\/div>[\/et_pb_fullwidth_code][et_pb_fullwidth_slider show_arrows=&#8221;off&#8221; admin_label=&#8221;Slider Images&#8221; module_id=&#8221;slider-images&#8221; _builder_version=&#8221;4.17.6&#8243; _module_preset=&#8221;default&#8221; height=&#8221;100vh&#8221; auto=&#8221;on&#8221; global_colors_info=&#8221;{}&#8221;][et_pb_slide _builder_version=&#8221;4.17.6&#8243; _module_preset=&#8221;default&#8221; background_color=&#8221;RGBA(255,255,255,0)&#8221; background_enable_color=&#8221;on&#8221; background_image=&#8221;https:\/\/www.myvacaya.com\/wp-content\/uploads\/2022\/09\/our-experiences.jpg&#8221; background_enable_image=&#8221;on&#8221; background_last_edited=&#8221;on|desktop&#8221; background_image_phone=&#8221;https:\/\/www.myvacaya.com\/wp-content\/uploads\/2022\/11\/vacaya-experiences-mobile-414&#215;500-1.jpg&#8221; background_enable_image_phone=&#8221;on&#8221; global_colors_info=&#8221;{}&#8221; sticky_transition=&#8221;on&#8221;][\/et_pb_slide][\/et_pb_fullwidth_slider][\/et_pb_section][et_pb_section fb_built=&#8221;1&#8243; custom_padding_last_edited=&#8221;on|phone&#8221; _builder_version=&#8221;4.17.6&#8243; _module_preset=&#8221;default&#8221; custom_padding=&#8221;||0%||false|false&#8221; custom_padding_tablet=&#8221;||||false|false&#8221; custom_padding_phone=&#8221;||||false|false&#8221; global_colors_info=&#8221;{}&#8221;][et_pb_row custom_padding_last_edited=&#8221;on|desktop&#8221; _builder_version=&#8221;4.17.6&#8243; _module_preset=&#8221;default&#8221; custom_padding=&#8221;||0%||false|false&#8221; custom_padding_tablet=&#8221;||||false|false&#8221; custom_padding_phone=&#8221;||||false|false&#8221; global_colors_info=&#8221;{}&#8221;][et_pb_column type=&#8221;4_4&#8243; _builder_version=&#8221;4.17.6&#8243; _module_preset=&#8221;default&#8221; global_colors_info=&#8221;{}&#8221;][et_pb_text _builder_version=&#8221;4.17.6&#8243; _module_preset=&#8221;default&#8221; custom_margin=&#8221;||||false|false&#8221; custom_margin_tablet=&#8221;||||false|false&#8221; custom_margin_phone=&#8221;||||false|false&#8221; custom_margin_last_edited=&#8221;on|phone&#8221; global_colors_info=&#8221;{}&#8221;]Viajar LGBT+ \u00e9 divertido, certo? Mas para muitos de n\u00f3s, isso \u00e9 apenas parte da equa\u00e7\u00e3o. Claro, adoramos entretenimento, festas, conex\u00f5es e amizades ininterruptas, mas tamb\u00e9m procuramos experi\u00eancias que ressoem em um n\u00edvel emocional mais profundo. F\u00e9rias para destinos mais amplos, mais personalizados e mais sintonizados com a cultura local, inspirando nossa comunidade a um caminho de autodescoberta. Desde o primeiro dia, a VACAYA definiu tr\u00eas categorias de f\u00e9rias que definiriam a base de nossa ampla oferta para satisfazer uma variedade de sonhos de f\u00e9rias.<\/p>\n<p>Vamos derrub\u00e1-los\u2026[\/et_pb_text][\/et_pb_column][\/et_pb_row][\/et_pb_section][et_pb_section fb_built=&#8221;1&#8243; custom_padding_last_edited=&#8221;on|phone&#8221; admin_label=&#8221;Bliss&#8221; _builder_version=&#8221;4.17.6&#8243; _module_preset=&#8221;default&#8221; custom_padding=&#8221;0%||0%||false|false&#8221; custom_padding_tablet=&#8221;||||false|false&#8221; custom_padding_phone=&#8221;||||false|false&#8221; global_colors_info=&#8221;{}&#8221;][et_pb_row _builder_version=&#8221;4.17.6&#8243; _module_preset=&#8221;default&#8221; global_colors_info=&#8221;{}&#8221;][et_pb_column type=&#8221;4_4&#8243; _builder_version=&#8221;4.17.6&#8243; _module_preset=&#8221;default&#8221; global_colors_info=&#8221;{}&#8221;][et_pb_text admin_label=&#8221;Section Title &#8211; H3&#8243; _builder_version=&#8221;4.17.6&#8243; _module_preset=&#8221;default&#8221; header_3_font=&#8221;Futura Bold|||on|||||&#8221; header_3_text_align=&#8221;center&#8221; header_3_text_color=&#8221;#000000&#8243; header_3_font_size=&#8221;18px&#8221; header_3_letter_spacing=&#8221;1.8px&#8221; header_3_line_height=&#8221;24px&#8221; custom_margin=&#8221;||||false|false&#8221; custom_margin_tablet=&#8221;||||false|false&#8221; custom_margin_phone=&#8221;||||false|false&#8221; custom_margin_last_edited=&#8221;on|phone&#8221; custom_padding=&#8221;||||false|false&#8221; hover_enabled=&#8221;0&#8243; global_colors_info=&#8221;{}&#8221; sticky_enabled=&#8221;0&#8243;]<\/p>\n<h3>CRUZEIROS DE GRANDE NAVIO VACAYA<\/h3>\n<p>[\/et_pb_text][\/et_pb_column][\/et_pb_row][et_pb_row column_structure=&#8221;1_3,2_3&#8243; _builder_version=&#8221;4.17.6&#8243; _module_preset=&#8221;default&#8221; global_colors_info=&#8221;{}&#8221;][et_pb_column type=&#8221;1_3&#8243; _builder_version=&#8221;4.17.6&#8243; _module_preset=&#8221;default&#8221; global_colors_info=&#8221;{}&#8221;][et_pb_image src=&#8221;https:\/\/www.myvacaya.com\/wp-content\/uploads\/2022\/09\/bliss-1&#215;1-v2a-300&#215;300-1.png&#8221; title_text=&#8221;felicidade-1&#215;1-v2a-300&#215;300&#8243; force_fullwidth=&#8221;on&#8221; _builder_version=&#8221;4.17.6&#8243; _module_preset=&#8221;default&#8221; global_colors_info=&#8221;{}&#8221;][\/et_pb_image][\/et_pb_column][et_pb_column type=&#8221;2_3&#8243; _builder_version=&#8221;4.17.6&#8243; _module_preset=&#8221;default&#8221; global_colors_info=&#8221;{}&#8221;][et_pb_text _builder_version=&#8221;4.17.6&#8243; _module_preset=&#8221;default&#8221; hover_enabled=&#8221;0&#8243; global_colors_info=&#8221;{}&#8221; sticky_enabled=&#8221;0&#8243;]<\/p>\n<p>Obtenha o que mais importa com o estilo e o servi\u00e7o que voc\u00ea deseja, tudo por um pre\u00e7o incr\u00edvel. Nossos cruzeiros em grandes navios oferecem um ambiente acolhedor e livre de julgamentos, entretenimento de estrelas, festas alucinantes e atividades ininterruptas para expandir exponencialmente seu c\u00edrculo social.<\/p>\n<p>Nosso compromisso com a excel\u00eancia come\u00e7a com as parcerias que estamos construindo com as principais companhias de cruzeiros do mundo \u2013 Celebrity, Royal Caribbean, Holland America, NCL, Oceania e Princess. Mas \u00e9 a magia de nossos convidados se reunindo nesses navios que realmente leva o VACAYA ao pr\u00f3ximo n\u00edvel. Nossa programa\u00e7\u00e3o de ponta e novas atividades sociais inovadoras destinam-se a conect\u00e1-lo com outros viajantes de maneiras alegres e inesperadas.<\/p>\n<p>O ritmo <strong>do BlG-SHIP CRUISE do VACAYA<\/strong> \u00e9\u2026 <strong>Divertido<\/strong> . <strong>Luz<\/strong> . <strong>Esquentar<\/strong> . <strong>Espont\u00e2neo<\/strong> . <strong>Alegre<\/strong> . <strong>Noivando<\/strong> . <strong>Comemorativo<\/strong> . <strong>Sem parar<\/strong> . Em \u00faltima an\u00e1lise, cada f\u00e9rias Bliss \u00e9 o que voc\u00ea faz &#8211; totalmente seu para definir. Nossos navios s\u00e3o o melhor centro de amizade \u2013 sua chance de se conectar com pessoas de todo o mundo que pensam como voc\u00ea em um ambiente festivo e divertido.<\/p>\n<p>[\/et_pb_text][\/et_pb_column][\/et_pb_row][et_pb_row _builder_version=&#8221;4.17.6&#8243; _module_preset=&#8221;default&#8221; global_colors_info=&#8221;{}&#8221;][et_pb_column type=&#8221;4_4&#8243; _builder_version=&#8221;4.17.6&#8243; _module_preset=&#8221;default&#8221; global_colors_info=&#8221;{}&#8221;][et_pb_text admin_label=&#8221;Trip List &#8211; Bliss&#8221; _builder_version=&#8221;4.17.6&#8243; _module_preset=&#8221;default&#8221; custom_padding=&#8221;2.5%|10%|2.5%|10%|false|false&#8221; border_width_all=&#8221;1px&#8221; border_color_all=&#8221;#000000&#8243; global_colors_info=&#8221;{}&#8221;]<div id=\"ajax-load-more\" class=\"ajax-load-more-wrap default\" data-id=\"experience-items\" data-alm-id=\"\" data-canonical-url=\"https:\/\/www.myvacaya.com\/pt-pt\/descobrir\/experiencias-vacaya\/\" data-slug=\"experiencias-vacaya\" data-post-id=\"118655\"  data-localized=\"ajax_load_more_experience_items_vars\" data-alm-object=\"ajax_load_more_experience_items\"><ul aria-live=\"polite\" aria-atomic=\"true\" class=\"alm-listing alm-ajax\" data-container-type=\"ul\" data-loading-style=\"default\" data-repeater=\"template_4\" data-post-type=\"trip\" data-taxonomy=\"experience_type\" data-taxonomy-terms=\"bliss\" data-taxonomy-operator=\"IN\" data-meta-key=\"show_trip_tile\" data-meta-value=\"1\" data-custom-args=\"post_parent: 0\" data-order=\"ASC\" data-orderby=\"date\" data-offset=\"0\" data-posts-per-page=\"20\" data-lang=\"pt-pt\" data-scroll=\"false\" data-button-label=\"Load More\" data-prev-button-label=\"Load Previous\" data-destroy-after=\"1\"><\/ul><div class=\"alm-btn-wrap\" data-rel=\"ajax-load-more\"><button class=\"alm-load-more-btn\" type=\"button\">Load More<\/button><\/div><\/div>[\/et_pb_text][\/et_pb_column][\/et_pb_row][\/et_pb_section][et_pb_section fb_built=&#8221;1&#8243; custom_padding_last_edited=&#8221;on|phone&#8221; admin_label=&#8221;Oasis&#8221; _builder_version=&#8221;4.17.6&#8243; _module_preset=&#8221;default&#8221; custom_padding=&#8221;0%||0%||false|false&#8221; custom_padding_tablet=&#8221;||||false|false&#8221; custom_padding_phone=&#8221;||||false|false&#8221; global_colors_info=&#8221;{}&#8221;][et_pb_row _builder_version=&#8221;4.17.6&#8243; _module_preset=&#8221;default&#8221; global_colors_info=&#8221;{}&#8221;][et_pb_column type=&#8221;4_4&#8243; _builder_version=&#8221;4.17.6&#8243; _module_preset=&#8221;default&#8221; global_colors_info=&#8221;{}&#8221;][et_pb_text admin_label=&#8221;Section Title &#8211; H3&#8243; _builder_version=&#8221;4.17.6&#8243; _module_preset=&#8221;default&#8221; header_3_font=&#8221;Futura Bold|||on|||||&#8221; header_3_text_align=&#8221;center&#8221; header_3_text_color=&#8221;#000000&#8243; header_3_font_size=&#8221;18px&#8221; header_3_letter_spacing=&#8221;1.8px&#8221; header_3_line_height=&#8221;24px&#8221; custom_margin=&#8221;||||false|false&#8221; custom_margin_tablet=&#8221;||||false|false&#8221; custom_margin_phone=&#8221;||||false|false&#8221; custom_margin_last_edited=&#8221;on|phone&#8221; custom_padding=&#8221;||||false|false&#8221; hover_enabled=&#8221;0&#8243; global_colors_info=&#8221;{}&#8221; sticky_enabled=&#8221;0&#8243;]<\/p>\n<h3>RESORTS E PASSEIOS EM VACAYA<\/h3>\n<p>[\/et_pb_text][\/et_pb_column][\/et_pb_row][et_pb_row column_structure=&#8221;1_3,2_3&#8243; _builder_version=&#8221;4.17.6&#8243; _module_preset=&#8221;default&#8221; global_colors_info=&#8221;{}&#8221;][et_pb_column type=&#8221;1_3&#8243; _builder_version=&#8221;4.17.6&#8243; _module_preset=&#8221;default&#8221; global_colors_info=&#8221;{}&#8221;][et_pb_image src=&#8221;https:\/\/www.myvacaya.com\/wp-content\/uploads\/2022\/09\/oasis-1&#215;1-v2a-300&#215;300-1.png&#8221; title_text=&#8221;o\u00e1sis-1&#215;1-v2a-300&#215;300&#8243; force_fullwidth=&#8221;on&#8221; _builder_version=&#8221;4.17.6&#8243; _module_preset=&#8221;default&#8221; global_colors_info=&#8221;{}&#8221;][\/et_pb_image][\/et_pb_column][et_pb_column type=&#8221;2_3&#8243; _builder_version=&#8221;4.17.6&#8243; _module_preset=&#8221;default&#8221; global_colors_info=&#8221;{}&#8221;][et_pb_text _builder_version=&#8221;4.17.6&#8243; _module_preset=&#8221;default&#8221; hover_enabled=&#8221;0&#8243; global_colors_info=&#8221;{}&#8221; sticky_enabled=&#8221;0&#8243;]<\/p>\n<p>Mais descontra\u00eddos do que nossos cruzeiros em grandes navios, os irresist\u00edveis Resorts &amp; Tours do VACAYA oferecem o ref\u00fagio perfeito para quem procura divers\u00e3o, relaxamento, aventura e romance. Esteja voc\u00ea procurando tirolesa pelas copas das \u00e1rvores ou relaxando em uma piscina incr\u00edvel, voc\u00ea o encontrar\u00e1 aqui enquanto cria amizades e mem\u00f3rias que durar\u00e3o a vida toda.<\/p>\n<p>Quebramos completamente o padr\u00e3o com nossas f\u00e9rias em resorts, fazendo parceria com propriedades que redefinem o que \u00e9 esperado e o que \u00e9 poss\u00edvel \u2013 desde o verdadeiramente \u201ctudo inclu\u00eddo\u201d (onde tudo, desde cozinha premiada, coquet\u00e9is de primeira linha, tratamentos de spa selecionados, excurs\u00f5es, servi\u00e7os de sal\u00e3o de beleza, experi\u00eancias de mergulho aut\u00f4nomo e golfe est\u00e3o inclu\u00eddos) a propriedades sem tudo inclu\u00eddo que definem um padr\u00e3o totalmente novo nas comunidades que representam. \u00c9 um estilo de resort de f\u00e9rias LGBT+ que sabemos que voc\u00ea vai adorar \u2013 cada viagem Oasis \u00e9 \u00fanica por si s\u00f3.<\/p>\n<p>O ritmo do <strong>VACAYA RESORTS &amp; TOURS<\/strong> \u00e9\u2026 <strong>Descontra\u00eddo<\/strong> . <strong>F\u00e1cil<\/strong> . <strong>Divers\u00e3o<\/strong> . <strong>Equilibrado<\/strong> . <strong>Luxuoso<\/strong> . <strong>Indulgente<\/strong> . <strong>Desportivo<\/strong> . <strong>Sem script<\/strong> . <strong>Aventureiro<\/strong> . Uma maneira totalmente nova de jogar.<\/p>\n<p>[\/et_pb_text][\/et_pb_column][\/et_pb_row][et_pb_row _builder_version=&#8221;4.17.6&#8243; _module_preset=&#8221;default&#8221; global_colors_info=&#8221;{}&#8221;][et_pb_column type=&#8221;4_4&#8243; _builder_version=&#8221;4.17.6&#8243; _module_preset=&#8221;default&#8221; global_colors_info=&#8221;{}&#8221;][et_pb_text admin_label=&#8221;Trip List &#8211; Oasis&#8221; _builder_version=&#8221;4.17.6&#8243; _module_preset=&#8221;default&#8221; custom_padding=&#8221;2.5%|10%|2.5%|10%|false|false&#8221; border_width_all=&#8221;1px&#8221; border_color_all=&#8221;#000000&#8243; global_colors_info=&#8221;{}&#8221;]<div id=\"ajax-load-more-2\" class=\"ajax-load-more-wrap default\" data-id=\"experience-items\" data-alm-id=\"\" data-canonical-url=\"https:\/\/www.myvacaya.com\/pt-pt\/descobrir\/experiencias-vacaya\/\" data-slug=\"experiencias-vacaya\" data-post-id=\"118655\"  data-localized=\"ajax_load_more_experience_items_vars\" data-alm-object=\"ajax_load_more_experience_items\"><ul aria-live=\"polite\" aria-atomic=\"true\" class=\"alm-listing alm-ajax\" data-container-type=\"ul\" data-loading-style=\"default\" data-repeater=\"template_4\" data-post-type=\"trip\" data-taxonomy=\"experience_type\" data-taxonomy-terms=\"oasis\" data-taxonomy-operator=\"IN\" data-meta-key=\"show_trip_tile\" data-meta-value=\"1\" data-custom-args=\"post_parent: 0\" data-order=\"ASC\" data-orderby=\"date\" data-offset=\"0\" data-posts-per-page=\"20\" data-lang=\"pt-pt\" data-scroll=\"false\" data-button-label=\"Load More\" data-prev-button-label=\"Load Previous\" data-destroy-after=\"1\"><\/ul><div class=\"alm-btn-wrap\" data-rel=\"ajax-load-more-2\"><button class=\"alm-load-more-btn\" type=\"button\">Load More<\/button><\/div><\/div>[\/et_pb_text][\/et_pb_column][\/et_pb_row][\/et_pb_section][et_pb_section fb_built=&#8221;1&#8243; custom_padding_last_edited=&#8221;on|phone&#8221; admin_label=&#8221;Luxe&#8221; _builder_version=&#8221;4.17.6&#8243; _module_preset=&#8221;default&#8221; custom_padding=&#8221;0%||||false|false&#8221; custom_padding_tablet=&#8221;||||false|false&#8221; custom_padding_phone=&#8221;||||false|false&#8221; global_colors_info=&#8221;{}&#8221;][et_pb_row _builder_version=&#8221;4.17.6&#8243; _module_preset=&#8221;default&#8221; global_colors_info=&#8221;{}&#8221;][et_pb_column type=&#8221;4_4&#8243; _builder_version=&#8221;4.17.6&#8243; _module_preset=&#8221;default&#8221; global_colors_info=&#8221;{}&#8221;][et_pb_text admin_label=&#8221;Section Title &#8211; H3&#8243; _builder_version=&#8221;4.17.6&#8243; _module_preset=&#8221;default&#8221; header_3_font=&#8221;Futura Bold|||on|||||&#8221; header_3_text_align=&#8221;center&#8221; header_3_text_color=&#8221;#000000&#8243; header_3_font_size=&#8221;18px&#8221; header_3_letter_spacing=&#8221;1.8px&#8221; header_3_line_height=&#8221;24px&#8221; custom_margin=&#8221;||||false|false&#8221; custom_margin_tablet=&#8221;||||false|false&#8221; custom_margin_phone=&#8221;||||false|false&#8221; custom_margin_last_edited=&#8221;on|phone&#8221; custom_padding=&#8221;||||false|false&#8221; hover_enabled=&#8221;0&#8243; global_colors_info=&#8221;{}&#8221; sticky_enabled=&#8221;0&#8243;]<\/p>\n<h3>CRUZEIROS EM PEQUENOS NAVIOS VACAYA<\/h3>\n<p>[\/et_pb_text][\/et_pb_column][\/et_pb_row][et_pb_row column_structure=&#8221;1_3,2_3&#8243; _builder_version=&#8221;4.17.6&#8243; _module_preset=&#8221;default&#8221; global_colors_info=&#8221;{}&#8221;][et_pb_column type=&#8221;1_3&#8243; _builder_version=&#8221;4.17.6&#8243; _module_preset=&#8221;default&#8221; global_colors_info=&#8221;{}&#8221;][et_pb_image src=&#8221;https:\/\/www.myvacaya.com\/wp-content\/uploads\/2022\/09\/oasis-1&#215;1-v2a-300&#215;300-1.png&#8221; title_text=&#8221;o\u00e1sis-1&#215;1-v2a-300&#215;300&#8243; force_fullwidth=&#8221;on&#8221; _builder_version=&#8221;4.17.6&#8243; _module_preset=&#8221;default&#8221; global_colors_info=&#8221;{}&#8221;][\/et_pb_image][\/et_pb_column][et_pb_column type=&#8221;2_3&#8243; _builder_version=&#8221;4.17.6&#8243; _module_preset=&#8221;default&#8221; global_colors_info=&#8221;{}&#8221;][et_pb_text _builder_version=&#8221;4.17.6&#8243; _module_preset=&#8221;default&#8221; hover_enabled=&#8221;0&#8243; global_colors_info=&#8221;{}&#8221; sticky_enabled=&#8221;0&#8243;]<\/p>\n<p>De especiarias indianas e ru\u00ednas maias a pinguins ant\u00e1rticos e paisagens de sonho europeias, nossas viagens de descoberta mergulham voc\u00ea nos sabores aut\u00eanticos dos destinos mais populares e incomuns do mundo &#8211; tudo em estilo e luxo de primeira classe. Velejando em expedi\u00e7\u00f5es e navios fluviais em estilo boutique, os cruzeiros para navios pequenos VACAYA s\u00e3o assumidamente exclusivos \u2013 acolhedores para todos, \u00e9 claro, mas constru\u00eddos para viajantes exigentes que buscam experi\u00eancias \u00edntimas, acomoda\u00e7\u00f5es espl\u00eandidas e servi\u00e7o incompar\u00e1vel.<\/p>\n<p>A VACAYA faz parceria com as principais empresas de cruzeiros para navios pequenos do mundo, incluindo Transcend, Emerald Waterways, Ponant, Avalon Waterways e Hurtigruten \u2013 linhas escolhidas porque s\u00e3o constru\u00eddas para superar constantemente as expectativas.<\/p>\n<p>Nossos cruzeiros de f\u00e9rias em pequenos navios s\u00e3o uma celebra\u00e7\u00e3o das maravilhas do nosso planeta. Eles alcan\u00e7ar\u00e3o os cantos mais distantes do globo \u2013 dando aos h\u00f3spedes do VACAYA a oportunidade de expandir seus horizontes de maneiras completamente novas.<\/p>\n<p>O ritmo do <strong>VACAYA SMALL-SHIP CRUISE<\/strong> \u00e9\u2026 <strong>Ousado<\/strong> . <strong>Refinado<\/strong> . <strong>\u00cdntimo<\/strong> . <strong>Ex\u00f3tico<\/strong> . <strong>Estimado<\/strong> . <strong>Calma<\/strong> . <strong>Legal<\/strong> . <strong>Grande<\/strong> . Uma chance de viver a vida ao m\u00e1ximo.<\/p>\n<p>[\/et_pb_text][\/et_pb_column][\/et_pb_row][et_pb_row _builder_version=&#8221;4.17.6&#8243; _module_preset=&#8221;default&#8221; global_colors_info=&#8221;{}&#8221;][et_pb_column type=&#8221;4_4&#8243; _builder_version=&#8221;4.17.6&#8243; _module_preset=&#8221;default&#8221; global_colors_info=&#8221;{}&#8221;][et_pb_text admin_label=&#8221;Trip List &#8211; Luxe&#8221; _builder_version=&#8221;4.17.6&#8243; _module_preset=&#8221;default&#8221; custom_padding=&#8221;2.5%|10%|2.5%|10%|false|false&#8221; border_width_all=&#8221;1px&#8221; border_color_all=&#8221;#000000&#8243; global_colors_info=&#8221;{}&#8221;]<div id=\"ajax-load-more-3\" class=\"ajax-load-more-wrap default\" data-id=\"experience-items\" data-alm-id=\"\" data-canonical-url=\"https:\/\/www.myvacaya.com\/pt-pt\/descobrir\/experiencias-vacaya\/\" data-slug=\"experiencias-vacaya\" data-post-id=\"118655\"  data-localized=\"ajax_load_more_experience_items_vars\" data-alm-object=\"ajax_load_more_experience_items\"><ul aria-live=\"polite\" aria-atomic=\"true\" class=\"alm-listing alm-ajax\" data-container-type=\"ul\" data-loading-style=\"default\" data-repeater=\"template_4\" data-post-type=\"trip\" data-taxonomy=\"experience_type\" data-taxonomy-terms=\"luxe\" data-taxonomy-operator=\"IN\" data-meta-key=\"show_trip_tile\" data-meta-value=\"1\" data-custom-args=\"post_parent: 0\" data-order=\"ASC\" data-orderby=\"date\" data-offset=\"0\" data-posts-per-page=\"20\" data-lang=\"pt-pt\" data-scroll=\"false\" data-button-label=\"Load More\" data-prev-button-label=\"Load Previous\" data-destroy-after=\"1\"><\/ul><div class=\"alm-btn-wrap\" data-rel=\"ajax-load-more-3\"><button class=\"alm-load-more-btn\" type=\"button\">Load More<\/button><\/div><\/div>[\/et_pb_text][\/et_pb_column][\/et_pb_row][\/et_pb_section]<\/p>\n","protected":false},"excerpt":{"rendered":"<p><div class=\"trip-overlay\"><div class=\"trip-title\"><h1>Fichas de Viagem com T\u00edtulo &#8211; Somente Cruzeiros<\/h1><\/div><\/div>Viajar LGBT+ \u00e9 divertido, certo? Mas para muitos de n\u00f3s, isso \u00e9 apenas parte da equa\u00e7\u00e3o. Claro, adoramos entretenimento, festas, conex\u00f5es e amizades ininterruptas, mas tamb\u00e9m procuramos experi\u00eancias que ressoem em um n\u00edvel emocional mais profundo. F\u00e9rias para destinos mais amplos, mais personalizados e mais sintonizados com a cultura local, inspirando nossa comunidade a um [&hellip;]<\/p>\n","protected":false},"author":1,"featured_media":0,"parent":118684,"menu_order":0,"comment_status":"closed","ping_status":"closed","template":"","meta":{"_acf_changed":false,"_et_pb_use_builder":"on","_et_pb_old_content":"","_et_gb_content_width":"","_monsterinsights_skip_tracking":false,"_monsterinsights_sitenote_active":false,"_monsterinsights_sitenote_note":"","_monsterinsights_sitenote_category":0,"footnotes":""},"class_list":["post-118655","page","type-page","status-publish","hentry"],"acf":[],"_links":{"self":[{"href":"https:\/\/www.myvacaya.com\/pt-pt\/wp-json\/wp\/v2\/pages\/118655","targetHints":{"allow":["GET"]}}],"collection":[{"href":"https:\/\/www.myvacaya.com\/pt-pt\/wp-json\/wp\/v2\/pages"}],"about":[{"href":"https:\/\/www.myvacaya.com\/pt-pt\/wp-json\/wp\/v2\/types\/page"}],"author":[{"embeddable":true,"href":"https:\/\/www.myvacaya.com\/pt-pt\/wp-json\/wp\/v2\/users\/1"}],"replies":[{"embeddable":true,"href":"https:\/\/www.myvacaya.com\/pt-pt\/wp-json\/wp\/v2\/comments?post=118655"}],"version-history":[{"count":7,"href":"https:\/\/www.myvacaya.com\/pt-pt\/wp-json\/wp\/v2\/pages\/118655\/revisions"}],"predecessor-version":[{"id":141596,"href":"https:\/\/www.myvacaya.com\/pt-pt\/wp-json\/wp\/v2\/pages\/118655\/revisions\/141596"}],"up":[{"embeddable":true,"href":"https:\/\/www.myvacaya.com\/pt-pt\/wp-json\/wp\/v2\/pages\/118684"}],"wp:attachment":[{"href":"https:\/\/www.myvacaya.com\/pt-pt\/wp-json\/wp\/v2\/media?parent=118655"}],"curies":[{"name":"wp","href":"https:\/\/api.w.org\/{rel}","templated":true}]}}