{"id":118626,"date":"2018-02-10T15:04:40","date_gmt":"2018-02-10T20:04:40","guid":{"rendered":"https:\/\/www.myvacaya.com\/prepare-se\/"},"modified":"2025-11-11T09:34:52","modified_gmt":"2025-11-11T14:34:52","slug":"prepare-se","status":"publish","type":"page","link":"https:\/\/www.myvacaya.com\/pt-pt\/prepare-se\/","title":{"rendered":"Prepare-se"},"content":{"rendered":"<p>[et_pb_section fb_built=&#8221;1&#8243; fullwidth=&#8221;on&#8221; admin_label=&#8221;Slider&#8221; module_id=&#8221;interior da se\u00e7\u00e3o deslizante&#8221; _builder_version=&#8221;4.17.6&#8243; _module_preset=&#8221;default&#8221; background_enable_image=&#8221;off&#8221; global_colors_info=&#8221;{}&#8221;][et_pb_fullwidth_code admin_label=&#8221;Slider Overlay&#8221; module_class=&#8221;interior-page-overlay&#8221; _builder_version=&#8221;4.17.6&#8243; _module_preset=&#8221;default&#8221; positioning=&#8221;absolute&#8221; position_origin_a=&#8221;top_right&#8221; position_origin_f=&#8221;top_right&#8221; z_index=&#8221;100&#8243; width=&#8221;50%&#8221; width_tablet=&#8221;50%&#8221; width_phone=&#8221;100%&#8221; width_last_edited=&#8221;on|phone&#8221; height=&#8221;100vh&#8221; global_colors_info=&#8221;{}&#8221;]<div class=\"trip-overlay\"><div class=\"trip-title\"><h1>Prepare-se<\/h1><\/div><\/div>[\/et_pb_fullwidth_code][et_pb_fullwidth_slider show_arrows=&#8221;off&#8221; admin_label=&#8221;Slider Images&#8221; module_id=&#8221;slider-images&#8221; _builder_version=&#8221;4.17.6&#8243; _module_preset=&#8221;default&#8221; height=&#8221;100vh&#8221; auto=&#8221;on&#8221; global_colors_info=&#8221;{}&#8221;][et_pb_slide _builder_version=&#8221;4.17.6&#8243; _module_preset=&#8221;default&#8221; background_color=&#8221;RGBA(255,255,255,0)&#8221; background_enable_color=&#8221;on&#8221; background_image=&#8221;https:\/\/www.myvacaya.com\/wp-content\/uploads\/2022\/09\/get-ready.jpg&#8221; background_enable_image=&#8221;on&#8221; background_last_edited=&#8221;on|desktop&#8221; background_image_phone=&#8221;https:\/\/www.myvacaya.com\/wp-content\/uploads\/2022\/11\/get-ready-mobile-414&#215;500-1.jpg&#8221; background_enable_image_phone=&#8221;on&#8221; global_colors_info=&#8221;{}&#8221; sticky_transition=&#8221;on&#8221;][\/et_pb_slide][\/et_pb_fullwidth_slider][\/et_pb_section][et_pb_section fb_built=&#8221;1&#8243; custom_padding_last_edited=&#8221;on|phone&#8221; _builder_version=&#8221;4.17.6&#8243; _module_preset=&#8221;default&#8221; custom_padding=&#8221;||||false|false&#8221; custom_padding_tablet=&#8221;||||false|false&#8221; custom_padding_phone=&#8221;||||false|false&#8221; global_colors_info=&#8221;{}&#8221;][et_pb_row custom_padding_last_edited=&#8221;on|desktop&#8221; _builder_version=&#8221;4.17.6&#8243; _module_preset=&#8221;default&#8221; custom_padding=&#8221;||||false|false&#8221; custom_padding_tablet=&#8221;||||false|false&#8221; custom_padding_phone=&#8221;||||false|false&#8221; global_colors_info=&#8221;{}&#8221;][et_pb_column type=&#8221;4_4&#8243; _builder_version=&#8221;4.17.6&#8243; _module_preset=&#8221;default&#8221; global_colors_info=&#8221;{}&#8221;][et_pb_text admin_label=&#8221;Section Title &#8211; H2&#8243; _builder_version=&#8221;4.17.6&#8243; _module_preset=&#8221;default&#8221; text_letter_spacing=&#8221;1.8px&#8221; text_line_height=&#8221;22px&#8221; header_2_font=&#8221;Futura Bold|||on|||||&#8221; header_2_text_align=&#8221;center&#8221; header_2_text_color=&#8221;#000000&#8243; header_2_font_size=&#8221;30px&#8221; header_2_letter_spacing=&#8221;1.8px&#8221; header_2_line_height=&#8221;36px&#8221; header_3_font=&#8221;Futura Bold|||on|||||&#8221; header_3_text_align=&#8221;center&#8221; header_3_text_color=&#8221;#000000&#8243; header_3_font_size=&#8221;18px&#8221; header_3_letter_spacing=&#8221;1.8px&#8221; header_3_line_height=&#8221;24px&#8221; custom_margin=&#8221;||||false|false&#8221; custom_padding=&#8221;||||false|false&#8221; custom_padding_tablet=&#8221;||||false|false&#8221; custom_padding_phone=&#8221;||||false|false&#8221; custom_padding_last_edited=&#8221;on|phone&#8221; global_colors_info=&#8221;{}&#8221;]<\/p>\n<h2>Nossa miss\u00e3o \u00e9 garantir que voc\u00ea tenha todas as ferramentas.<br \/> necess\u00e1rio para desfrutar das suas f\u00e9rias connosco.<\/h2>\n<p>[\/et_pb_text][et_pb_text admin_label=&#8221;Text&#8221; _builder_version=&#8221;4.23.4&#8243; _module_preset=&#8221;default&#8221; custom_margin=&#8221;||||false|false&#8221; custom_margin_tablet=&#8221;||||false|false&#8221; custom_margin_phone=&#8221;||||false|false&#8221; custom_margin_last_edited=&#8221;on|phone&#8221; global_colors_info=&#8221;{}&#8221;]<\/p>\n<p>Forneceremos todas as informa\u00e7\u00f5es de que voc\u00ea precisa &#8211; desde temas de festa at\u00e9 uma pr\u00e9via do entretenimento &#8211; bem antes de suas f\u00e9rias come\u00e7arem. Al\u00e9m disso, vamos interagir com voc\u00ea durante toda a sua experi\u00eancia antes e depois das f\u00e9rias. Voc\u00ea nos ajudar\u00e1 a projetar e implementar nossas iniciativas de caridade espec\u00edficas para viagens. E nos concursos no estilo <em>Escolha sua pr\u00f3pria aventura<\/em> , voc\u00ea tamb\u00e9m ajudar\u00e1 a escrever parte do roteiro do seu cruzeiro VACAYA ou resort de f\u00e9rias.<\/p>\n<p>[\/et_pb_text][\/et_pb_column][\/et_pb_row][et_pb_row column_structure=&#8221;1_3,1_3,1_3&#8243; _builder_version=&#8221;4.23.4&#8243; _module_preset=&#8221;default&#8221; global_colors_info=&#8221;{}&#8221;][et_pb_column type=&#8221;1_3&#8243; _builder_version=&#8221;4.23.4&#8243; _module_preset=&#8221;default&#8221; global_colors_info=&#8221;{}&#8221;][et_pb_text admin_label=&#8221;Section Title &#8211; H3&#8243; _builder_version=&#8221;4.23.4&#8243; _module_preset=&#8221;default&#8221; header_3_font=&#8221;Futura Bold|||on|||||&#8221; header_3_text_align=&#8221;center&#8221; header_3_text_color=&#8221;#000000&#8243; header_3_font_size=&#8221;18px&#8221; header_3_letter_spacing=&#8221;1.8px&#8221; header_3_line_height=&#8221;24px&#8221; custom_margin=&#8221;||||false|false&#8221; custom_margin_tablet=&#8221;||||false|false&#8221; custom_margin_phone=&#8221;||||false|false&#8221; custom_margin_last_edited=&#8221;on|phone&#8221; custom_padding=&#8221;||||false|false&#8221; global_colors_info=&#8221;{}&#8221;]<\/p>\n<h3>Aproximadamente 120 dias antes da sua viagem<\/h3>\n<p>[\/et_pb_text][et_pb_text _builder_version=&#8221;4.23.4&#8243; _module_preset=&#8221;default&#8221; global_colors_info=&#8221;{}&#8221;]<\/p>\n<p>Estamos trabalhando h\u00e1 meses organizando tudo para voc\u00ea e n\u00e3o podemos mais mant\u00ea-lo! Se voc\u00ea \u00e9 como n\u00f3s, sabemos que est\u00e1 ansioso para come\u00e7ar a se preparar para sua viagem. Aproximadamente quatro meses antes das suas f\u00e9rias, <strong>anunciaremos os temas das festas<\/strong> para as nossas viagens em navios de cruzeiro e resorts. <strong>*<\/strong> Queremos evitar o stress de \u00faltima hora na hora de escolher a roupa, por isso voc\u00ea ter\u00e1 bastante tempo para come\u00e7ar a pensar e comprar as suas fantasias individuais e em grupo. \u00c9 claro que fantasias nunca s\u00e3o obrigat\u00f3rias, mas sem d\u00favida elas aumentam a divers\u00e3o!<\/p>\n<p>[\/et_pb_text][\/et_pb_column][et_pb_column type=&#8221;1_3&#8243; _builder_version=&#8221;4.23.4&#8243; _module_preset=&#8221;default&#8221; global_colors_info=&#8221;{}&#8221;][et_pb_text admin_label=&#8221;Section Title &#8211; H3&#8243; _builder_version=&#8221;4.23.4&#8243; _module_preset=&#8221;default&#8221; header_3_font=&#8221;Futura Bold|||on|||||&#8221; header_3_text_align=&#8221;center&#8221; header_3_text_color=&#8221;#000000&#8243; header_3_font_size=&#8221;18px&#8221; header_3_letter_spacing=&#8221;1.8px&#8221; header_3_line_height=&#8221;24px&#8221; custom_margin=&#8221;||||false|false&#8221; custom_margin_tablet=&#8221;||||false|false&#8221; custom_margin_phone=&#8221;||||false|false&#8221; custom_margin_last_edited=&#8221;on|phone&#8221; custom_padding=&#8221;||||false|false&#8221; global_colors_info=&#8221;{}&#8221;]<\/p>\n<h3>Aproximadamente 45 dias antes da sua viagem<\/h3>\n<p>[\/et_pb_text][et_pb_text _builder_version=&#8221;4.23.4&#8243; _module_preset=&#8221;default&#8221; global_colors_info=&#8221;{}&#8221;]<\/p>\n<p><strong>Cruzeiros VACAYA em grandes navios:<\/strong> Aproximadamente 45 <strong>dias<\/strong> antes do seu cruzeiro, a contagem regressiva para as suas f\u00e9rias come\u00e7a <em>de verdade<\/em> ! Enviamos nosso manifesto final \u00e0 linha de cruzeiro e <strong>seu n\u00famero de reserva oficial ser\u00e1 gerado e fornecido a voc\u00ea 45 dias antes<\/strong> . Seu n\u00famero de reserva \u00e9 a chave para organizar tudo com anteced\u00eancia, incluindo marcar consultas no spa, reservar excurs\u00f5es em terra e encontrar o momento certo para desfrutar de um de nossos restaurantes de especialidades gastron\u00f4micas. E, claro, se voc\u00ea n\u00e3o for um planejador, ter\u00e1 a oportunidade de reservar muitos desses extras a bordo. Mas lembre-se\u2026 quase tudo \u00e9 baseado na regra do primeiro a chegar, primeiro a ser servido, ent\u00e3o voc\u00ea vai querer peg\u00e1-los enquanto a obten\u00e7\u00e3o \u00e9 boa!<\/p>\n<p><strong>VACAYA Resorts &amp; Tours:<\/strong> Para nossos programas de resorts e passeios (que n\u00e3o possuem um &#8220;N\u00famero de reserva&#8221; equivalente), divulgaremos informa\u00e7\u00f5es espec\u00edficas do programa aproximadamente 45 dias antes do evento de f\u00e9rias.<\/p>\n<p><strong>Cruzeiros para navios pequenos VACAYA:<\/strong> Para nossos programas para navios pequenos (que variam muito dependendo da linha de cruzeiro com a qual trabalhamos), divulgaremos informa\u00e7\u00f5es espec\u00edficas do programa aproximadamente 45 dias antes de suas f\u00e9rias.<\/p>\n<p>Para uma compreens\u00e3o mais profunda das diferen\u00e7as entre nossas experi\u00eancias Big-Ship, Small-Ship e Resorts &amp; Tours, <a href=\"https:\/\/www.myvacaya.com\/pt-pt\/descobrir\/experiencias-vacaya\/\" target=\"_blank\" rel=\"noopener\">EXPLORE AQUI<\/a> .<\/p>\n<p>[\/et_pb_text][\/et_pb_column][et_pb_column type=&#8221;1_3&#8243; _builder_version=&#8221;4.23.4&#8243; _module_preset=&#8221;default&#8221; global_colors_info=&#8221;{}&#8221;][et_pb_text admin_label=&#8221;Section Title &#8211; H3&#8243; _builder_version=&#8221;4.23.4&#8243; _module_preset=&#8221;default&#8221; header_3_font=&#8221;Futura Bold|||on|||||&#8221; header_3_text_align=&#8221;center&#8221; header_3_text_color=&#8221;#000000&#8243; header_3_font_size=&#8221;18px&#8221; header_3_letter_spacing=&#8221;1.8px&#8221; header_3_line_height=&#8221;24px&#8221; custom_margin=&#8221;||||false|false&#8221; custom_margin_tablet=&#8221;||||false|false&#8221; custom_margin_phone=&#8221;||||false|false&#8221; custom_margin_last_edited=&#8221;on|phone&#8221; custom_padding=&#8221;||||false|false&#8221; global_colors_info=&#8221;{}&#8221;]<\/p>\n<h3>A contagem regressiva final<\/h3>\n<p>[\/et_pb_text][et_pb_text _builder_version=&#8221;4.23.4&#8243; _module_preset=&#8221;default&#8221; global_colors_info=&#8221;{}&#8221;]<\/p>\n<p>Sabemos que nos \u00faltimos <strong>30 dias antes da sua viagem<\/strong> voc\u00ea come\u00e7ar\u00e1 a explodir de emo\u00e7\u00e3o enquanto compartilhamos uma pr\u00e9via do entretenimento e as atividades que dar\u00e3o vida \u00e0 sua experi\u00eancia VACAYA!<\/p>\n<p>Fique de olho na sua caixa de entrada durante esse per\u00edodo. Iremos comunicar-lhe por e-mail informa\u00e7\u00f5es importantes que certamente enriquecer\u00e3o a sua viagem. Al\u00e9m disso, a p\u00e1gina Prepare-se da sua viagem (que voc\u00ea pode acessar clicando na sua viagem na lista abaixo) \u00e9 a fonte de todas as informa\u00e7\u00f5es importantes sobre suas f\u00e9rias. Um arquivo de e-mail tamb\u00e9m est\u00e1 localizado em cada p\u00e1gina Prepare-se. Armazenamos todos os nossos e-mails de servi\u00e7o aos h\u00f3spedes neste arquivo. Portanto, se voc\u00ea estiver com dificuldades para encontrar um e-mail antigo, poder\u00e1 sempre procurar aqui para se atualizar.  <\/p>\n<p>[\/et_pb_text][\/et_pb_column][\/et_pb_row][et_pb_row _builder_version=&#8221;4.17.6&#8243; _module_preset=&#8221;default&#8221; global_colors_info=&#8221;{}&#8221;][et_pb_column type=&#8221;4_4&#8243; _builder_version=&#8221;4.17.6&#8243; _module_preset=&#8221;default&#8221; global_colors_info=&#8221;{}&#8221;][et_pb_text _builder_version=&#8221;4.23.4&#8243; _module_preset=&#8221;default&#8221; custom_padding=&#8221;2.5%|10%|2.5%|10%|false|false&#8221; hover_enabled=&#8221;0&#8243; border_width_all=&#8221;1px&#8221; border_color_all=&#8221;#000000&#8243; global_colors_info=&#8221;{}&#8221; sticky_enabled=&#8221;0&#8243;]<\/p>\n<p style=\"font-weight: 400;\"><strong>*Uma observa\u00e7\u00e3o importante sobre as festas exclusivas da VACAYA: o cora\u00e7\u00e3o da sua experi\u00eancia no destino!<\/strong><\/p>\n<p style=\"font-weight: 400;\">Quer esteja navegando em alto mar ou explorando resorts ex\u00f3ticos, na VACAYA, acreditamos que nossas festas s\u00e3o a alma da sua aventura. Cada tipo de viagem tem suas pr\u00f3prias festividades exclusivas, criadas para reunir todos, celebrar e gerar mem\u00f3rias inesquec\u00edveis. Aqui est\u00e1 uma pr\u00e9via do que voc\u00ea pode esperar em cada tipo de viagem da VACAYA\u2026  <\/p>\n<p>&nbsp;<\/p>\n<p style=\"font-weight: 400;\"><strong>CRUZEIROS EM GRANDES NAVIOS: Embarque para a celebra\u00e7\u00e3o!<\/strong><\/p>\n<p style=\"font-weight: 400;\"><strong>Noite 1 \u2013 ESTE SOU EU<\/strong><br \/> Comece com estilo! Vista algo que mostre aos outros quem voc\u00ea \u00e9 e de onde voc\u00ea vem. <\/p>\n<p style=\"font-weight: 400;\"><strong>Dia 2 \u2013 Nossa primeira V-Dance (festa da tarde): FESTA DO SEM\u00c1FORO<\/strong><br \/> Uma forma colorida de socializar! Solteiro(a) e pronto(a) para conhecer gente nova? Adote pr\u00e1ticas sustent\u00e1veis! S\u00f3 vim para relaxar e fazer amizades plat\u00f4nicas? Vista-se de VERMELHO. Em algum lugar m\u00e1gico entre os dois? O AMARELO \u00e9 a sua cor para contar a hist\u00f3ria.<\/p>\n<p><strong>Em um dia ou noite aleat\u00f3rios \u2013 FESTA DE AVENTURAS ESCOLHA A SUA<\/strong><br \/> Nossa FESTA CYOA \u00e9 a SUA chance de escolher o tema da festa. Aceitamos inscri\u00e7\u00f5es online de todos e, em seguida, os participantes do cruzeiro selecionam o tema vencedor da lista de finalistas determinada pela Equipe V. <\/p>\n<p style=\"font-weight: 400;\"><strong>Noite 5 \u2013 Uma festa &#8220;colorida&#8221;<\/strong><br \/> Historicamente, este tem sido um PARTIDO VERMELHO, mas estamos mudando de rumo! Assim, em todos os cruzeiros de 7 noites da VACAYA em nossos grandes navios, nossa maior festa da semana, na 5\u00aa noite, explodir\u00e1 em cores, convidando os passageiros da VACAYA a se vestirem para impressionar com uma \u00fanica tonalidade, transformando todo o navio em um mar de autoexpress\u00e3o vibrante e conex\u00e3o. O azul pode evocar a frescura do oceano e a fantasia do denim. O roxo poderia evocar o glamour da realeza e a majestade da era disco. Ou ent\u00e3o, a Orange poderia incendiar a divers\u00e3o com vibra\u00e7\u00f5es de p\u00f4r do sol tropical e um toque retr\u00f4 ousado. Sua Equipe V escolher\u00e1 a cor principal da viagem, que ser\u00e1 anunciada 120 dias antes da partida.<\/p>\n<p style=\"font-weight: 400;\"><strong>Dia 7 \u2013 Dan\u00e7a V final: ELA \u00c9 UMA BAGUN\u00c7A!<\/strong><br \/>Vista-se com uma mistura gloriosa dos seus figurinos da semana, usando uma pe\u00e7a de cada um dos seus figurinos anteriores. Seja o mais divertido e descontra\u00eddo poss\u00edvel, pois a nossa Dan\u00e7a V favorita da semana proporciona o final perfeito para o seu cruzeiro! <\/p>\n<p style=\"font-weight: 400;\">Al\u00e9m dessas celebra\u00e7\u00f5es exclusivas, outras festas s\u00e3o inspiradas em acontecimentos \u2013 desde as Olimp\u00edadas at\u00e9 as comemora\u00e7\u00f5es de feriados \u2013 e variam a cada aventura. Os temas das demais festas s\u00e3o anunciados 120 dias antes do in\u00edcio do cruzeiro. <\/p>\n<p>&nbsp;<\/p>\n<p style=\"font-weight: 400;\"><strong>RESORTS: A melhor vida noturna do seu lar longe de casa!<\/strong><strong> <\/strong><\/p>\n<p style=\"font-weight: 400;\"><strong>Noite 1 \u2013 ESTE SOU EU<\/strong><br \/> Assim como nos navios de cruzeiro&#8230; mostre quem voc\u00ea \u00e9 com uma roupa divertida que d\u00ea in\u00edcio a conversas.<\/p>\n<p style=\"font-weight: 400;\"><strong>Dia 2 \u2013 FESTA DO SEM\u00c1FORO<\/strong><br \/> As mesmas cores do cruzeiro: verde para solteiros, vermelho para amigos e amarelo para quem est\u00e1 em um relacionamento indefinido.<\/p>\n<p style=\"font-weight: 400;\"><strong>Geralmente no 4\u00ba ou 7\u00ba dia \u2013 DAN\u00c7A DA LETRA V<\/strong><br \/> N\u00f3s escolhemos uma letra do alfabeto, e voc\u00ea e seus amigos arrasam com fantasias que comecem com essa letra. Simples e divertido! <\/p>\n<p style=\"font-weight: 400;\">Todos os outros temas da festa s\u00e3o definidos pela sua Equipe V e divulgados 120 dias antes do in\u00edcio do evento.<\/p>\n<p style=\"font-weight: 400;\"><strong> <\/strong><\/p>\n<p style=\"font-weight: 400;\"><strong>CRUZEIROS EM NAVIOS DE PEQUENO PORTE: \u00cdntimos e Divertidos<\/strong><\/p>\n<p style=\"font-weight: 400;\">Embora o ambiente aqui seja mais de festa chique com coquet\u00e9is, ainda adoramos um toque de divers\u00e3o com fantasias!<\/p>\n<p style=\"font-weight: 400;\"><strong>Noite 1 \u2013 ESTE SOU EU<\/strong><br \/> Personalize seu visual e apresente-se com estilo.<\/p>\n<p style=\"font-weight: 400;\"><strong>Noite aleat\u00f3ria \u2013 NOITE DO ROUP\u00c3O!<\/strong><br \/>Pegue o roup\u00e3o aconchegante da sua cabine, combine-o com itens de casa e use-o a noite toda a partir das 18h. Essa noite geralmente termina com todos tirando os roup\u00f5es e curtindo uma divertida <strong>FESTA DE ROUPAS \u00cdNTIMAS.<\/strong> <\/p>\n<p>Al\u00e9m dessas duas noites, geralmente tamb\u00e9m apresentamos duas ou tr\u00eas noites musicais inspiradas em d\u00e9cadas espec\u00edficas (por exemplo, uma <strong>FESTA dos anos 80<\/strong> ).<\/p>\n<p>&nbsp;<\/p>\n<p style=\"font-weight: 400;\"><strong>PASSEIOS: Explora\u00e7\u00f5es sem o caos das fantasias!<\/strong><\/p>\n<p style=\"font-weight: 400;\">A maioria das nossas excurs\u00f5es focadas em destinos espec\u00edficos s\u00e3o sobre descoberta, bem longe de ambientes de festa. Voc\u00ea pode at\u00e9 curtir um jantar em grupo ou uns drinks, mas n\u00e3o precisa levar fantasias. Basta trazer seu esp\u00edrito aventureiro!  <\/p>\n<p>&nbsp;<\/p>\n<p style=\"font-weight: 400;\">Independentemente do tipo de viagem, as festas exclusivas da VACAYA s\u00e3o a sua oportunidade de se conectar, dan\u00e7ar, rir e celebrar tudo o que torna a sua jornada extraordin\u00e1ria. Ent\u00e3o, vamos criar mem\u00f3rias inesquec\u00edveis\u2026 uma festa exclusiva de cada vez! <\/p>\n<p>[\/et_pb_text][et_pb_text _builder_version=&#8221;4.23.4&#8243; _module_preset=&#8221;default&#8221; custom_padding=&#8221;2.5%|10%|2.5%|10%|false|false&#8221; border_width_all=&#8221;1px&#8221; border_color_all=&#8221;#000000&#8243; global_colors_info=&#8221;{}&#8221;]<\/p>\n<p><strong><span class=\"yellow\">**<\/span> Observe:<\/strong><br \/> A VACAYA tem parceria com todas as principais companhias de cruzeiro e algumas s\u00f3 abrem o cadastro online mais perto da data da viagem. N\u00f3s, \u00e9 claro, comunicaremos isso a voc\u00ea desde o in\u00edcio, se for o caso de um programa espec\u00edfico. Voc\u00ea ter\u00e1 uma compreens\u00e3o completa do cronograma previsto a partir do momento em que reservar conosco.<\/p>\n<p>[\/et_pb_text][et_pb_text _builder_version=&#8221;4.17.6&#8243; _module_preset=&#8221;default&#8221; custom_margin=&#8221;4%||||false|false&#8221; custom_padding=&#8221;2.5%|10%|2.5%|10%|false|false&#8221; border_width_all=&#8221;1px&#8221; border_color_all=&#8221;#000000&#8243; global_colors_info=&#8221;{}&#8221;]<div id=\"ajax-load-more\" class=\"ajax-load-more-wrap default\" data-id=\"experience-items\" data-alm-id=\"\" data-canonical-url=\"https:\/\/www.myvacaya.com\/pt-pt\/prepare-se\/\" data-slug=\"prepare-se\" data-post-id=\"118626\"  data-localized=\"ajax_load_more_experience_items_vars\" data-alm-object=\"ajax_load_more_experience_items\"><ul aria-live=\"polite\" aria-atomic=\"true\" class=\"alm-listing alm-ajax\" data-container-type=\"ul\" data-loading-style=\"default\" data-repeater=\"template_5\" data-post-type=\"trip\" data-meta-key=\"show_trip_tile\" data-meta-value=\"1\" data-custom-args=\"post_parent: 0\" data-order=\"ASC\" data-orderby=\"date\" data-offset=\"0\" data-posts-per-page=\"20\" data-lang=\"pt-pt\" data-scroll=\"false\" data-button-label=\"Load More\" data-prev-button-label=\"Load Previous\" data-destroy-after=\"1\"><\/ul><div class=\"alm-btn-wrap\" data-rel=\"ajax-load-more\"><button class=\"alm-load-more-btn\" type=\"button\">Load More<\/button><\/div><\/div>[\/et_pb_text][\/et_pb_column][\/et_pb_row][\/et_pb_section][et_pb_section fb_built=&#8221;1&#8243; admin_label=&#8221;Side to Side&#8221; _builder_version=&#8221;4.17.6&#8243; _module_preset=&#8221;default&#8221; custom_padding=&#8221;0%||0%||false|false&#8221; global_colors_info=&#8221;{}&#8221;][et_pb_row use_custom_gutter=&#8221;on&#8221; make_equal=&#8221;on&#8221; custom_padding_last_edited=&#8221;on|tablet&#8221; admin_label=&#8221;Linha lado a lado&#8221; module_class=&#8221;social-media-header side-by-side&#8221; _builder_version=&#8221;4.17.6&#8243; _module_preset=&#8221;default&#8221; background_image=&#8221;https:\/\/www.myvacaya.com\/wp-content\/uploads\/2022\/09\/social-media-full-size.png&#8221; parallax=&#8221;on&#8221; width=&#8221;100%&#8221; height=&#8221;600px&#8221; height_tablet=&#8221;600px&#8221; height_phone=&#8221;auto&#8221; height_last_edited=&#8221;on|phone&#8221; custom_padding=&#8221;20%||20%||false|false&#8221; custom_padding_tablet=&#8221;20%||20%||false|false&#8221; custom_padding_phone=&#8221;20%||20%||false|false&#8221; custom_css_main_element=&#8221;margin: auto;&#8221; global_colors_info=&#8221;{}&#8221;][et_pb_column type=&#8221;4_4&#8243; _builder_version=&#8221;4.17.6&#8243; _module_preset=&#8221;default&#8221; custom_css_main_element=&#8221;display: flex;||flex-direction: column;||justify-content: center;&#8221; global_colors_info=&#8221;{}&#8221;][et_pb_text admin_label=&#8221;Side to Side Text&#8221; _builder_version=&#8221;4.17.6&#8243; _module_preset=&#8221;default&#8221; header_3_font=&#8221;Northwell Alt||||||||&#8221; header_3_text_align=&#8221;center&#8221; header_3_text_color=&#8221;#FFFFFF&#8221; header_3_font_size=&#8221;150px&#8221; header_3_line_height=&#8221;153px&#8221; custom_margin_tablet=&#8221;&#8221; custom_margin_phone=&#8221;&#8221; custom_margin_last_edited=&#8221;on|phone&#8221; scroll_fade_enable=&#8221;on&#8221; scroll_blur_enable=&#8221;on&#8221; header_3_font_size_tablet=&#8221;150px&#8221; header_3_font_size_phone=&#8221;40px&#8221; header_3_font_size_last_edited=&#8221;on|phone&#8221; header_3_line_height_tablet=&#8221;153px&#8221; header_3_line_height_phone=&#8221;43px&#8221; header_3_line_height_last_edited=&#8221;on|phone&#8221; global_colors_info=&#8221;{}&#8221;]<\/p>\n<h3>F\u00e1cil nunca foi<br \/>\n essa divers\u00e3o<\/h3>\n<p>[\/et_pb_text][\/et_pb_column][\/et_pb_row][\/et_pb_section]<\/p>\n","protected":false},"excerpt":{"rendered":"<p><div class=\"trip-overlay\"><div class=\"trip-title\"><h1>Fichas de Viagem com T\u00edtulo &#8211; Somente Cruzeiros<\/h1><\/div><\/div>Nossa miss\u00e3o \u00e9 garantir que voc\u00ea tenha todas as ferramentas. necess\u00e1rio para desfrutar das suas f\u00e9rias connosco.Forneceremos todas as informa\u00e7\u00f5es de que voc\u00ea precisa &#8211; desde temas de festa at\u00e9 uma pr\u00e9via do entretenimento &#8211; bem antes de suas f\u00e9rias come\u00e7arem. Al\u00e9m disso, vamos interagir com voc\u00ea durante toda a sua experi\u00eancia antes e depois [&hellip;]<\/p>\n","protected":false},"author":1,"featured_media":0,"parent":0,"menu_order":0,"comment_status":"closed","ping_status":"closed","template":"","meta":{"_acf_changed":false,"_et_pb_use_builder":"on","_et_pb_old_content":"","_et_gb_content_width":"","_monsterinsights_skip_tracking":false,"_monsterinsights_sitenote_active":false,"_monsterinsights_sitenote_note":"","_monsterinsights_sitenote_category":0,"footnotes":""},"class_list":["post-118626","page","type-page","status-publish","hentry"],"acf":[],"_links":{"self":[{"href":"https:\/\/www.myvacaya.com\/pt-pt\/wp-json\/wp\/v2\/pages\/118626","targetHints":{"allow":["GET"]}}],"collection":[{"href":"https:\/\/www.myvacaya.com\/pt-pt\/wp-json\/wp\/v2\/pages"}],"about":[{"href":"https:\/\/www.myvacaya.com\/pt-pt\/wp-json\/wp\/v2\/types\/page"}],"author":[{"embeddable":true,"href":"https:\/\/www.myvacaya.com\/pt-pt\/wp-json\/wp\/v2\/users\/1"}],"replies":[{"embeddable":true,"href":"https:\/\/www.myvacaya.com\/pt-pt\/wp-json\/wp\/v2\/comments?post=118626"}],"version-history":[{"count":53,"href":"https:\/\/www.myvacaya.com\/pt-pt\/wp-json\/wp\/v2\/pages\/118626\/revisions"}],"predecessor-version":[{"id":187074,"href":"https:\/\/www.myvacaya.com\/pt-pt\/wp-json\/wp\/v2\/pages\/118626\/revisions\/187074"}],"wp:attachment":[{"href":"https:\/\/www.myvacaya.com\/pt-pt\/wp-json\/wp\/v2\/media?parent=118626"}],"curies":[{"name":"wp","href":"https:\/\/api.w.org\/{rel}","templated":true}]}}