{"id":43832,"date":"2021-07-03T19:21:42","date_gmt":"2021-07-03T23:21:42","guid":{"rendered":"https:\/\/www.myvacaya.com\/offisielle-regler-for-konkurransen\/"},"modified":"2023-07-22T14:37:12","modified_gmt":"2023-07-22T18:37:12","slug":"offisielle-regler-for-konkurransen","status":"publish","type":"page","link":"https:\/\/www.myvacaya.com\/no\/offisielle-regler-for-konkurransen\/","title":{"rendered":"Offisielle regler for konkurransen: TikTok Vacation Strut Challenge"},"content":{"rendered":"<p>[et_pb_section fb_built=&raquo;1&#8243; fullwidth=&raquo;on&raquo; admin_label=&raquo;Slider&raquo; module_id=&raquo;skyve-seksjon-interi\u00f8r&raquo; _builder_version=&raquo;4.17.6&#8243; _module_preset=&raquo;default&raquo; background_enable_image=&raquo;off&raquo; global_colors_info=&raquo;{}&raquo;][et_pb_fullwidth_code admin_label=&raquo;Slider Overlay&raquo; module_class=&raquo;interior-page-overlay&raquo; _builder_version=&raquo;4.17.6&#8243; _module_preset=&raquo;default&raquo; positioning=&raquo;absolute&raquo; position_origin_a=&raquo;top_right&raquo; position_origin_f=&raquo;top_right&raquo; z_index=&raquo;100&#8243; width=&raquo;50%&raquo; width_tablet=&raquo;50%&raquo; width_phone=&raquo;100%&raquo; width_last_edited=&raquo;on|phone&raquo; height=&raquo;100vh&raquo; hover_enabled=&raquo;0&#8243; global_colors_info=&raquo;{}&raquo; sticky_enabled=&raquo;0&#8243;]<div class=\"trip-overlay\"><div class=\"trip-title\"><h1>Offisielle regler for konkurransen: TikTok Vacation Strut Challenge<\/h1><\/div><\/div>[\/et_pb_fullwidth_code][et_pb_fullwidth_slider show_arrows=&raquo;off&raquo; admin_label=&raquo;Slider Images&raquo; module_id=&raquo;slider-images&raquo; _builder_version=&raquo;4.17.6&#8243; _module_preset=&raquo;default&raquo; height=&raquo;100vh&raquo; auto=&raquo;on&raquo; global_colors_info=&raquo;{}&raquo;][et_pb_slide _builder_version=&raquo;4.17.6&#8243; _module_preset=&raquo;default&raquo; background_color=&raquo;RGBA(255,255,255,0)&raquo; background_enable_color=&raquo;on&raquo; background_image=&raquo;https:\/\/www.myvacaya.com\/wp-content\/uploads\/2022\/09\/TikTok-Hero-Image-desktop-v3.jpg&raquo; background_enable_image=&raquo;on&raquo; background_last_edited=&raquo;on|desktop&raquo; background_image_phone=&raquo;https:\/\/www.myvacaya.com\/wp-content\/uploads\/2022\/11\/TikTok-Hero-Mobile.jpg&raquo; background_enable_image_phone=&raquo;on&raquo; global_colors_info=&raquo;{}&raquo; sticky_transition=&raquo;on&raquo;][\/et_pb_slide][\/et_pb_fullwidth_slider][\/et_pb_section][et_pb_section fb_built=&raquo;1&#8243; custom_padding_last_edited=&raquo;on|phone&raquo; _builder_version=&raquo;4.17.6&#8243; _module_preset=&raquo;default&raquo; custom_padding=&raquo;||0%||false|false&raquo; custom_padding_tablet=&raquo;||||false|false&raquo; custom_padding_phone=&raquo;||||false|false&raquo; global_colors_info=&raquo;{}&raquo;][et_pb_row custom_padding_last_edited=&raquo;on|desktop&raquo; _builder_version=&raquo;4.17.6&#8243; _module_preset=&raquo;default&raquo; custom_padding=&raquo;||0%||false|false&raquo; custom_padding_tablet=&raquo;||||false|false&raquo; custom_padding_phone=&raquo;||||false|false&raquo; global_colors_info=&raquo;{}&raquo;][et_pb_column type=&raquo;4_4&#8243; _builder_version=&raquo;4.17.6&#8243; _module_preset=&raquo;default&raquo; global_colors_info=&raquo;{}&raquo;][et_pb_text admin_label=&raquo;Section Title &#8211; H3&#8243; _builder_version=&raquo;4.17.6&#8243; _module_preset=&raquo;default&raquo; header_3_font=&raquo;Futura Bold|||on|||||&raquo; header_3_text_align=&raquo;center&raquo; header_3_text_color=&raquo;#000000&#8243; header_3_font_size=&raquo;18px&raquo; header_3_letter_spacing=&raquo;1.8px&raquo; header_3_line_height=&raquo;24px&raquo; custom_margin=&raquo;||||false|false&raquo; custom_margin_tablet=&raquo;||||false|false&raquo; custom_margin_phone=&raquo;||||false|false&raquo; custom_margin_last_edited=&raquo;on|phone&raquo; custom_padding=&raquo;||||false|false&raquo; custom_padding_tablet=&raquo;||||false|false&raquo; custom_padding_phone=&raquo;||||false|false&raquo; custom_padding_last_edited=&raquo;on|phone&raquo; global_colors_info=&raquo;{}&raquo;]<\/p>\n<h3>Offisielle regler for konkurranse p\u00e5 TikTok<\/h3>\n<p>[\/et_pb_text][et_pb_text _builder_version=&raquo;4.17.6&#8243; _module_preset=&raquo;default&raquo; custom_margin=&raquo;||||false|false&raquo; custom_margin_tablet=&raquo;||||false|false&raquo; custom_margin_phone=&raquo;||||false|false&raquo; custom_margin_last_edited=&raquo;on|phone&raquo; global_colors_info=&raquo;{}&raquo;]MERKNAD TIL SWEEPSTAKES, GIVEAWAYS OG KONKURRANSER NETTSIDER: DENNE SWEEPSTAKEN KAN IKKE PUBLISERES I NOEN FORM P\u00c5 NETTSTEDEN DIN. VACAYA og alle de relaterte sidene, innholdet og koden er \u00a9 2018 VACAYA, LLC. Kopiering eller uautorisert bruk av opphavsrettsbeskyttet materiale eller varemerker uten uttrykkelig skriftlig samtykke fra eieren er strengt forbudt. Alle rettigheter forbeholdt.<\/p>\n<p>INGEN KJ\u00d8P N\u00d8DVENDIG FOR \u00c5 DELTA ELLER VINNE. Denne konkurransen (&laquo;Konkurransen&raquo;) er sponset av VACAYA, LLC. Et Delaware-selskap (&laquo;sponsor&raquo;), 2020 Pennsylvania Ave. NW Suite 290. Washington DC 20006.<\/p>\n<p>Sponsor kan tilby lignende konkurranser fra tid til annen. Hvert tilbud er separat. Deltagelse i hver konkurranse er separat. Start-\/sluttidspunktet, hvordan du deltar og tilgjengelig premie for hver konkurranse vil bli oppf\u00f8rt i tilbudet for den konkurransen p\u00e5 sponsorens nettside p\u00e5 https:\/\/www.myvacaya.com\/. De andre vilk\u00e5rene nedenfor vil gjelde for hver konkurranse. Mange kommer kanskje inn; bare \u00e9n vil vinne.<\/p>\n<p>1. KVALIFIKASJON: Bare \u00e5pent for lovlige innbyggere i de femti (50) USA og District of Columbia, som er 18 \u00e5r eller eldre p\u00e5 tidspunktet for innreise. Kvalifiserte deltakere som er under den lovlige myndighetsalder i staten der de bor (en &laquo;mindre\u00e5rig&raquo;) m\u00e5 f\u00e5 tillatelse fra foreldre eller foresatte for \u00e5 delta i konkurransen, men er ikke kvalifisert til \u00e5 vinne premien. For brukere av mobiltelefoner kan operat\u00f8rmeldinger og datatakster gjelde. Ugyldig der det er forbudt ved lov. Alle gjeldende f\u00f8derale, statlige og lokale lover gjelder.<\/p>\n<p>2. HVORDAN DU KOMMER MED: Innmelding krever ikke betaling eller kj\u00f8p av noe slag. For \u00e5 delta i konkurransen m\u00e5 en deltaker ha en TikTok-konto. Hvis du ikke har en TikTok-konto, kan du opprette en gratis ved \u00e5 g\u00e5 til www.tiktok.com. Ved \u00e5 sende inn informasjonen din og opprette en konto godtar du vilk\u00e5rene for bruk og personvernreglene til TikTok. Hvis du ikke godtar slike bruksvilk\u00e5r og personvernregler, kan du ikke opprette en konto eller delta i denne konkurransen. Sponsor kan ikke motta oppf\u00f8ringer fra TikTok-brukere med &laquo;private&raquo; oppdateringer (dvs. deltakeren har satt sin konto slik at bare personer deltakeren har godkjent kan se oppdateringene hans eller hennes.) Hvis deltakeren bruker mobilenheten sin for \u00e5 g\u00e5 inn. , kan avgifter, inkludert meldings- og datapriser, p\u00e5l\u00f8pe. Deltakere b\u00f8r konsultere sin leverand\u00f8r av tr\u00e5dl\u00f8se tjenester ang\u00e5ende prisplanene. Denne konkurransen er p\u00e5 ingen m\u00e5te sponset, st\u00f8ttet, administrert av eller assosiert med TikTok.<\/p>\n<p>For \u00e5 delta, f\u00f8lg sponsorens TikTok-konto som angitt og svar p\u00e5 ethvert konkurransetilbud lagt ut av sponsoren p\u00e5 nettsiden p\u00e5 https:\/\/www.myvacaya.com\/ ved \u00e5 &laquo;merke&raquo; &laquo;liker&raquo;, &laquo;kommentere&raquo; eller p\u00e5 annen m\u00e5te svare p\u00e5 den m\u00e5ten. og tidsperiode som er angitt i tilbudet (&laquo;p\u00e5meldingsperioden&raquo;). &laquo;Liker&raquo; eller &laquo;Kommentar&raquo;, &laquo;Tag&raquo; eller annet n\u00f8dvendig svar m\u00e5 inneholde all informasjon som kreves i tilbudet. Begrens \u00e9n (1) oppf\u00f8ring per unik TikTok-konto og per person per konkurranse. Oppf\u00f8ringer generert av skript, makro eller andre automatiserte midler er ugyldige, det samme er oppf\u00f8ringer som er uleselige, forvanskede, ufullstendige eller som inneholder feil. Normal tid, avgifter, tilkoblings- og brukspriser, hvis noen, belastet av Internett-leverand\u00f8ren din vil gjelde. Alle bidrag blir sponsorens eiendom. Ingen annen inngangsmetode vil bli akseptert.<\/p>\n<p>Brudd p\u00e5 opphavsrett: Vi krever eller tillater ikke en deltaker i TikTok-konkurransen \u00e5 bruke musikk, bilder, logoer eller annet opphavsrettsbeskyttet materiale de ikke eier for \u00e5 produsere bidraget sitt.<\/p>\n<p>3. VINNERVALG: Vinner(e) vil bli valgt i hver konkurranse ved tilfeldig trekking blant alle kvalifiserte bidrag som mottas. Bevis p\u00e5 overf\u00f8ring er ikke bevis p\u00e5 mottak. Sponsorens datamaskin er den offisielle tidsregistreringsenheten for konkurransen og bestemmer rekkef\u00f8lgen for mottak av bidrag. Alle avgj\u00f8relser fra sponsoren er endelige og bindende med hensyn til alle forhold knyttet til konkurransen.<\/p>\n<p>4. VINNERVARSLING\/VALIDERING: Den potensielle vinneren vil bli bedt om en kvalifisert e-postadresse via direktemelding og vil deretter bli varslet via e-post og kan bli bedt om \u00e5 utf\u00f8re og returnere en erkl\u00e6ring om kvalifikasjon\/frigj\u00f8ring av ansvar\/publisering (hvor lovlig) skjema innen syv (7) dager etter datoen for fors\u00f8k p\u00e5 varsling. Hvis vinneren er en mindre\u00e5rig, vil premien g\u00e5 tapt til neste tilfeldig valgte deltaker 18+. Manglende overholdelse innen denne tidsperioden, med disse offisielle reglene eller retur av premie-\/premievarsel kan f\u00f8re til diskvalifisering, og etter sponsorens skj\u00f8nn kan en alternativ potensiell vinner velges av sponsoren. Premiene vil bli oppfylt ca. 4-6 uker etter vinnervalidering. En vinner som senere blir avgjort ikke kvalifisert, kan bli bedt om \u00e5 returnere premien sin. Eventuelle skatter p\u00e5 premien er vinnerens ansvar.<\/p>\n<p>5. PREMIER OG ODDS: Premien nevnt i konkurransetilbudet er den eneste tilgjengelige premien. Ingen overf\u00f8ring, erstatning eller kontantinnl\u00f8sning vil bli tildelt i stedet for oppgitt premie, bortsett fra av sponsor som forbeholder seg retten til \u00e5 erstatte en premie (eller del av denne) av tilsvarende eller st\u00f8rre verdi, etter eget skj\u00f8nn, hvis den annonserte premien blir utilgjengelig. Alle premiedetaljer er etter sponsorens eget skj\u00f8nn. Oddsene for \u00e5 vinne avhenger av antall og tidspunkt for bidrag mottatt i hver konkurranse. Konkurransen er \u00e5pen for over 100 000 000 internettbrukere i USA.<\/p>\n<p>6. PREMIE: En (1) premievinner i l\u00f8pet av konkurranseperioden vil motta en e-postbekreftelse (og muligens en telefonsamtale) for \u00e5 f\u00e5 fullf\u00f8rt sin reservasjon for cruisepremien. Premien inkluderer et rom for 2 personer for prisvinneren og reisegjesten p\u00e5 det spesifikke VACAYA LGBT+ cruiset som er oppf\u00f8rt nedenfor og kan ikke overf\u00f8res p\u00e5 noen m\u00e5te til en annen person, seilingsdato eller skip.<\/p>\n<p>Arrangementsnavn: VACAYA LGBT+ Caribbean Cruise<br \/>\nArrangementsdato: 10.\u201317. januar 2022 (eller det er en erstatning)<br \/>\nCruiseskip: Celebrity Millennium (eller det er en erstatning)<\/p>\n<p>Omtrentlig utsalgsverdi (\u201cARV\u201d) for f\u00f8lgende cruise er $3300 USD. Ingen kontantverdi. Eventuelle skatter p\u00e5 konkurransepremien er vinnerens ansvar.<\/p>\n<p>Omtrentlig detaljverdi (\u201cARV\u201d) av premien vil bli ferdigstilt ved bestilling. Enhver forskjell mellom oppgitt og faktisk verdi vil ikke bli tildelt. Premien best\u00e5r av rompris, standardm\u00e5ltider, standard alkoholfri drikke. Alle andre utgifter som ikke er uttrykkelig angitt her, inkludert, men ikke begrenset til, skatter, avgifter, andre drikkepenger, flyreiser, bakketransport, utfluktsgebyrer, alkoholholdige drikkevarer, utgifter ombord, f\u00f8rsteklasses bespisning, spabehandlinger, avgiftsfri shopping, brus , gambling og andre tilfeldige kostnader eller andre utgifter som ikke er spesifikt angitt her, er det eneansvaret til prisvinneren og\/eller reisegjesten. Alle reiser er kapasitetskontrollerte og avhengig av tilgjengelighet. Prisvinner og reisegjest m\u00e5 reise p\u00e5 samme reiserute. Reisegjest m\u00e5 (eller reisegjests forelder eller juridiske verge hvis reisegjest er en person mellom 18-21 \u00e5r i hans\/hennes delstat\/provins) signere og returnere en gyldig VACAYA-reservasjonsbekreftelse og frigivelse f\u00f8r enhver billettbestilling av reise inntreffer. Prisvinner og reisegjest m\u00e5: (i) har alle n\u00f8dvendige identifikasjons- og\/eller reisedokumenter (inkludert, men ikke begrenset til, et gyldig pass (og visum(er) hvis n\u00f8dvendig for reise; og (ii) overholde alle innsjekkingskrav, inkludert, men ikke begrenset til, fremvisning av et st\u00f8rre kredittkort. Ingen kontantinnl\u00f8sninger. Enhver del av premien som ikke aksepteres av premievinneren vil bli forspilt, og Celebrity Cruise Line skal ikke v\u00e6re ansvarlig for premievinnerens manglende evne til \u00e5 akseptere eller bruke noen del av premien uansett \u00e5rsak. Andre begrensninger og restriksjoner kan gjelde. Premien er ikke-overf\u00f8rbar, kan ikke erstattes (bortsett fra etter eget skj\u00f8nn av sponsoren som forbeholder seg retten til \u00e5 erstatte en premie med samme eller st\u00f8rre verdi), og kan ikke selges eller kombineres med andre tilbud. Premien er underlagt vilk\u00e5rene og betingelsene angitt i disse offisielle reglene og alle som er angitt og detaljert av Cruise Line. Hvis premien kanselleres etter billettsalg av premien, av en eller annen grunn, forbeholder sponsor seg retten til \u00e5 erstatte en premie av samme eller st\u00f8rre verdi. Ytterligere gjester og romkategorioppgraderinger er avhengig av tilgjengelighet etter eget skj\u00f8nn av VACAYA og prisvinnerens pris. Ingen refusjon eller kreditt skal gis for nedgradering av lugarer. Kategorirestriksjoner og -ekskluderinger og standard kanselleringspolicy gjelder. Premien er kanskje ikke gyldig der det er begrenset ved lov. Tilbudet kan ikke kombineres med noen annen kupong eller kampanje. VACAYA er ikke ansvarlig for tapt eller feilrettet post. Ingen overf\u00f8ring, kontantekvivalenter eller premiebytte tillatt, unntatt etter sponsorens eget skj\u00f8nn. Sponsor kan kreve at vinner(e) signerer en erkl\u00e6ring om kvalifisering og ansvar\/publisering. Beslutninger tatt av sponsor er endelige i alle saker, inkludert tolkning av disse offisielle reglene og tildeling av prisen(e). Hvis det kreves legitimt, vil prisen(e) bli tildelt. Ikke i noe tilfelle vil mer enn det oppgitte antall premie(r) deles ut. Alle utgifter som ikke er spesifisert her, inkludert, uten begrensning, alle f\u00f8derale, statlige og lokale skatter, er hver vinners eget ansvar.<\/p>\n<p>7. GENERELLE REGLER: Aksept av premien utgj\u00f8r tillatelse til sponsoren og dens utpekte til \u00e5 bruke hver vinners navn, by, stat, likhet, stemme, biografisk informasjon og uttalelser for form\u00e5l med reklame, promotering og publisitet i alle medier, n\u00e5 eller heretter kjent, over hele verden til evig tid uten ytterligere kompensasjon, varsel eller tillatelse, med mindre det er forbudt ved lov. Ved \u00e5 delta, deltaker (i) godtar \u00e5 frigi og holde sponsoren, og dens mor, tilknyttede selskaper, datterselskaper og reklame- og reklamebyr\u00e5er, Celebrity Cruise Lines, og hver av deres respektive direkt\u00f8rer, offiserer, ansatte og oppdragsgivere (samlet kalt de &laquo;frigitte partene&raquo;), ufarlig mot ethvert krav og ansvar som oppst\u00e5r helt eller delvis, direkte eller indirekte, fra deltakelse i konkurransen eller misbruk, ikke-bruk eller bruk av en premie; (ii) fraskriver seg alle rettigheter til \u00e5 kreve straff, tilfeldige skader og f\u00f8lgeskader, advokatsal\u00e6rer eller andre skader enn faktiske utgifter som p\u00e5l\u00f8per for \u00e5 komme inn; og (iii) godtar \u00e5 v\u00e6re bundet av disse offisielle reglene. Frigitte parter er ikke ansvarlige for ufullstendige, tapte, sene, skadede, un\u00f8yaktige, uleselige, feildirigerte, forvanskede, forsinkede eller ikke leverte oppf\u00f8ringer eller henvisninger; eller for tekniske maskinvare- eller programvarefeil eller feil av noe slag, tapte, utilgjengelige nettverkstilkoblinger, eller mislykket, ufullstendig, forvansket eller forsinket datamaskinoverf\u00f8ring, noe som kan begrense en persons mulighet til \u00e5 delta. Sponsor forbeholder seg retten til etter eget skj\u00f8nn \u00e5 kansellere, suspendere eller modifisere konkurransene, eller \u00e5 diskvalifisere impliserte deltakere, (og deres bidrag) hvis det er svindel, virus, handlinger fra deltakere, tekniske eller andre feil eller problemer, eller enhver annen hendelse korrumperer eller p\u00e5virker administrasjonen, integriteten, sikkerheten eller riktig spilling av konkurransen, som bestemt av sponsoren etter eget skj\u00f8nn. I tilfelle av kansellering forbeholder sponsor seg retten til, etter eget skj\u00f8nn, \u00e5 tildele premien i en tilfeldig trekning blant alle kvalifiserte, ikke-mistenkte bidrag mottatt frem til tidspunktet for arrangementet eller handlingen som garanterer slik kansellering. I tilfelle konkurransen avlyses f\u00f8r den angitte sluttdatoen, vil en melding bli lagt ut p\u00e5 https:\/\/www.myVACAYA.com.<\/p>\n<p>FORSIKTIG: Ethvert fors\u00f8k fra en deltaker p\u00e5 bevisst \u00e5 skade et nettsted eller undergrave den legitime driften av konkurransen er et brudd p\u00e5 kriminelle og sivile lover, og dersom et slikt fors\u00f8k blir gjort, forbeholder sponsor seg retten til \u00e5 kreve erstatning fra enhver slik deltaker til i st\u00f8rst mulig utstrekning loven tillater, inkludert straffeforf\u00f8lgelse. I tilfelle det oppst\u00e5r en tvist ang\u00e5ende en spesifikk person som er berettiget til \u00e5 motta en premie, vil p\u00e5meldinger bli erkl\u00e6rt utf\u00f8rt av den autoriserte kontoinnehaveren til TikTok-kontoen som ble sendt inn p\u00e5 tidspunktet for oppf\u00f8ringen, og enhver skade p\u00e5 nettstedet vil ogs\u00e5 v\u00e6re ansvaret til den autoriserte kontoinnehaveren. &laquo;Autorisert kontoinnehaver&raquo; er definert som personen som er tildelt et TikTok-kontonavn av TikTok. Frigitte parter er ikke ansvarlige for noen tekniske, mekaniske, trykking, typografiske, menneskelige eller andre feil relatert til eller i forbindelse med konkurransen, inkludert, uten begrensning, feil som kan oppst\u00e5 i administrasjonen av konkurransen, behandlingen av bidrag, kunngj\u00f8ring av premien eller i konkurranserelatert materiale; eller for ethvert ansvar for skade p\u00e5 et datasystem som f\u00f8lge av deltakelse i, eller tilgang til eller nedlasting av informasjon i forbindelse med denne konkurransen.<\/p>\n<p>8. INGEN GARANTIER: Sponsor gir ingen garantier som dekker noen av premiene som er gitt som en del av denne konkurransen. Enhver premie og alt materiale levert som en del av eller i forbindelse med denne konkurransen leveres &laquo;som de er&raquo; uten garanti av noe slag, verken uttrykkelig eller underforst\u00e5tt, inkludert uten begrensning de underforst\u00e5tte garantiene for salgbarhet, egnethet for et bestemt form\u00e5l.<\/p>\n<p>9. GJELDENDE LOV: Denne konkurransen og rettighetene og forpliktelsene til sponsoren og deltakerne vil bli styrt av og kontrollert av lovene i Delaware, gjeldende for kontrakter inng\u00e5tt og utf\u00f8rt deri uten referanse til gjeldende lovbestemmelser. Alle handlinger, prosedyrer eller rettssaker knyttet til dette vil bli innledet og rettsforfulgt utelukkende i staten Delaware. Partene samtykker til jurisdiksjonen til delstatsdomstolene i Delaware og f\u00f8derale domstoler i en slik delstat og fylke med hensyn til enhver handling, tvist eller andre saker knyttet til eller som oppst\u00e5r i forbindelse med denne konkurransen<\/p>\n<p>10. PERSONVERN: Vinnerens navn og kontaktinformasjon vil bli brukt for \u00e5 kontakte vinneren med det form\u00e5l \u00e5 oppfylle premier. All informasjon som sendes til sponsoren, inkludert alle oppf\u00f8ringer, vil v\u00e6re underlagt vilk\u00e5rene i sponsorens brukeravtale og personvernerkl\u00e6ring.<\/p>\n<p>11. INGEN UNDERFORST\u00c5TT ANBEFALING: Navnene p\u00e5 enkeltpersoner, grupper, selskaper, produkter og tjenester nevnt her, og eventuelle tilsvarende likheter, logoer og bilder av disse som er gjengitt her, har blitt brukt kun for identifikasjonsform\u00e5l og kan v\u00e6re opphavsrettsbeskyttede eiendommer og varemerker for deres respektive eiere. Omtalen av en person, gruppe eller selskap, inkludert TikTok eller inkludering av et produkt eller en tjeneste som premien, inneb\u00e6rer ikke noen tilknytning til eller godkjenning fra en slik person, gruppe eller selskap eller produsenten eller distribut\u00f8ren av slike produkter eller tjenester og , med mindre annet er angitt, er ingen assosiasjon eller godkjenning ment eller b\u00f8r utledes.<\/p>\n<p>12. VINNERNAVN. Navnet p\u00e5 vinneren (fornavn \/ by) vil bli lagt ut p\u00e5 sponsorens nettside https:\/\/www.myvacaya.com\/ n\u00e5r tilgjengelig.[\/et_pb_text][\/et_pb_column][\/et_pb_row][\/et_pb_section][et_pb_section fb_built=&raquo;1&#8243; admin_label=&raquo;Trip Tiles with Divider and Title&raquo; _builder_version=&raquo;4.17.6&#8243; _module_preset=&raquo;default&raquo; global_colors_info=&raquo;{}&raquo;][et_pb_row _builder_version=&raquo;4.17.6&#8243; _module_preset=&raquo;default&raquo; global_colors_info=&raquo;{}&raquo;][et_pb_column type=&raquo;4_4&#8243; _builder_version=&raquo;4.17.6&#8243; _module_preset=&raquo;default&raquo; global_colors_info=&raquo;{}&raquo;][et_pb_divider color=&raquo;#000000&#8243; divider_position=&raquo;center&raquo; _builder_version=&raquo;4.17.6&#8243; _module_preset=&raquo;default&raquo; global_colors_info=&raquo;{}&raquo;][\/et_pb_divider][\/et_pb_column][\/et_pb_row][et_pb_row _builder_version=&raquo;4.17.6&#8243; _module_preset=&raquo;default&raquo; global_colors_info=&raquo;{}&raquo;][et_pb_column type=&raquo;4_4&#8243; _builder_version=&raquo;4.17.6&#8243; _module_preset=&raquo;default&raquo; global_colors_info=&raquo;{}&raquo;][et_pb_text admin_label=&raquo;Section Title &#8211; H3&#8243; _builder_version=&raquo;4.17.6&#8243; _module_preset=&raquo;default&raquo; header_3_font=&raquo;Futura Bold|||on|||||&raquo; header_3_text_align=&raquo;center&raquo; header_3_text_color=&raquo;#000000&#8243; header_3_font_size=&raquo;18px&raquo; header_3_letter_spacing=&raquo;1.8px&raquo; header_3_line_height=&raquo;24px&raquo; custom_margin=&raquo;||||false|false&raquo; custom_margin_tablet=&raquo;||||false|false&raquo; custom_margin_phone=&raquo;||||false|false&raquo; custom_margin_last_edited=&raquo;on|phone&raquo; custom_padding=&raquo;||||false|false&raquo; global_colors_info=&raquo;{}&raquo;]<\/p>\n<h3>HVIS DU IKKE HAR BESTILLET DE HETTESTE LHBT+-FERIENE P\u00c5 PLANETEN,<br \/>\nHVA VENTER DU P\u00c5? SJEKK DEM NEDENFOR!<\/h3>\n<p>[\/et_pb_text][\/et_pb_column][\/et_pb_row][et_pb_row _builder_version=&raquo;4.17.6&#8243; _module_preset=&raquo;default&raquo; global_colors_info=&raquo;{}&raquo;][et_pb_column type=&raquo;4_4&#8243; _builder_version=&raquo;4.17.6&#8243; _module_preset=&raquo;default&raquo; global_colors_info=&raquo;{}&raquo;][et_pb_text _builder_version=&raquo;4.17.6&#8243; _module_preset=&raquo;default&raquo; global_colors_info=&raquo;{}&raquo;]<div id=\"ajax-load-more\" class=\"ajax-load-more-wrap default\" data-id=\"experience-items\" data-alm-id=\"\" data-canonical-url=\"https:\/\/www.myvacaya.com\/no\/offisielle-regler-for-konkurransen\/\" data-slug=\"offisielle-regler-for-konkurransen\" data-post-id=\"43832\"  data-localized=\"ajax_load_more_experience_items_vars\" data-alm-object=\"ajax_load_more_experience_items\"><ul aria-live=\"polite\" aria-atomic=\"true\" class=\"alm-listing alm-ajax\" data-container-type=\"ul\" data-loading-style=\"default\" data-repeater=\"template_1\" data-post-type=\"trip\" data-meta-key=\"show_trip_tile\" data-meta-value=\"1\" data-custom-args=\"post_parent: 0\" data-order=\"ASC\" data-orderby=\"date\" data-offset=\"0\" data-posts-per-page=\"20\" data-lang=\"no\" data-scroll=\"false\" data-button-label=\"Load More\" data-prev-button-label=\"Load Previous\" data-destroy-after=\"1\"><\/ul><div class=\"alm-btn-wrap\" data-rel=\"ajax-load-more\"><button class=\"alm-load-more-btn\" type=\"button\">Load More<\/button><\/div><\/div>[\/et_pb_text][\/et_pb_column][\/et_pb_row][\/et_pb_section]<\/p>\n","protected":false},"excerpt":{"rendered":"<p><div class=\"trip-overlay\"><div class=\"trip-title\"><h1>Turfliser med tittel \u2013 kun cruise<\/h1><\/div><\/div>Offisielle regler for konkurranse p\u00e5 TikTokMERKNAD TIL SWEEPSTAKES, GIVEAWAYS OG KONKURRANSER NETTSIDER: DENNE SWEEPSTAKEN KAN IKKE PUBLISERES I NOEN FORM P\u00c5 NETTSTEDEN DIN. VACAYA og alle de relaterte sidene, innholdet og koden er \u00a9 2018 VACAYA, LLC. Kopiering eller uautorisert bruk av opphavsrettsbeskyttet materiale eller varemerker uten uttrykkelig skriftlig samtykke fra eieren er strengt forbudt. [&hellip;]<\/p>\n","protected":false},"author":3,"featured_media":0,"parent":0,"menu_order":0,"comment_status":"closed","ping_status":"closed","template":"","meta":{"_acf_changed":false,"_et_pb_use_builder":"on","_et_pb_old_content":"","_et_gb_content_width":"","_monsterinsights_skip_tracking":false,"_monsterinsights_sitenote_active":false,"_monsterinsights_sitenote_note":"","_monsterinsights_sitenote_category":0,"footnotes":""},"class_list":["post-43832","page","type-page","status-publish","hentry"],"acf":[],"_links":{"self":[{"href":"https:\/\/www.myvacaya.com\/no\/wp-json\/wp\/v2\/pages\/43832","targetHints":{"allow":["GET"]}}],"collection":[{"href":"https:\/\/www.myvacaya.com\/no\/wp-json\/wp\/v2\/pages"}],"about":[{"href":"https:\/\/www.myvacaya.com\/no\/wp-json\/wp\/v2\/types\/page"}],"author":[{"embeddable":true,"href":"https:\/\/www.myvacaya.com\/no\/wp-json\/wp\/v2\/users\/3"}],"replies":[{"embeddable":true,"href":"https:\/\/www.myvacaya.com\/no\/wp-json\/wp\/v2\/comments?post=43832"}],"version-history":[{"count":5,"href":"https:\/\/www.myvacaya.com\/no\/wp-json\/wp\/v2\/pages\/43832\/revisions"}],"predecessor-version":[{"id":45067,"href":"https:\/\/www.myvacaya.com\/no\/wp-json\/wp\/v2\/pages\/43832\/revisions\/45067"}],"wp:attachment":[{"href":"https:\/\/www.myvacaya.com\/no\/wp-json\/wp\/v2\/media?parent=43832"}],"curies":[{"name":"wp","href":"https:\/\/api.w.org\/{rel}","templated":true}]}}