{"id":43771,"date":"2019-04-10T14:36:37","date_gmt":"2019-04-10T18:36:37","guid":{"rendered":"https:\/\/www.myvacaya.com\/oppdage\/vacayas-favorittting\/"},"modified":"2024-10-18T23:01:37","modified_gmt":"2024-10-19T03:01:37","slug":"vacayas-favorittting","status":"publish","type":"page","link":"https:\/\/www.myvacaya.com\/no\/oppdage\/vacayas-favorittting\/","title":{"rendered":"VACAYAs favorittting"},"content":{"rendered":"<p>[et_pb_section fb_built=&raquo;1&#8243; fullwidth=&raquo;on&raquo; admin_label=&raquo;Slider&raquo; module_id=&raquo;skyve-seksjon-interi\u00f8r&raquo; _builder_version=&raquo;4.17.6&#8243; _module_preset=&raquo;default&raquo; background_enable_image=&raquo;off&raquo; global_colors_info=&raquo;{}&raquo;][et_pb_fullwidth_code admin_label=&raquo;Slider Overlay&raquo; module_class=&raquo;interior-page-overlay&raquo; _builder_version=&raquo;4.17.6&#8243; _module_preset=&raquo;default&raquo; positioning=&raquo;absolute&raquo; position_origin_a=&raquo;top_right&raquo; position_origin_f=&raquo;top_right&raquo; z_index=&raquo;100&#8243; width=&raquo;50%&raquo; width_tablet=&raquo;50%&raquo; width_phone=&raquo;100%&raquo; width_last_edited=&raquo;on|phone&raquo; height=&raquo;100vh&raquo; global_colors_info=&raquo;{}&raquo;]<div class=\"trip-overlay\"><div class=\"trip-title\"><h1>VACAYAs favorittting<\/h1><\/div><\/div>[\/et_pb_fullwidth_code][et_pb_fullwidth_slider show_arrows=&raquo;off&raquo; admin_label=&raquo;Slider Images&raquo; module_id=&raquo;slider-images&raquo; _builder_version=&raquo;4.17.6&#8243; _module_preset=&raquo;default&raquo; height=&raquo;100vh&raquo; auto=&raquo;on&raquo; global_colors_info=&raquo;{}&raquo;][et_pb_slide _builder_version=&raquo;4.17.6&#8243; _module_preset=&raquo;default&raquo; background_color=&raquo;RGBA(255,255,255,0)&raquo; background_enable_color=&raquo;on&raquo; background_image=&raquo;https:\/\/www.myvacaya.com\/wp-content\/uploads\/2022\/09\/GettyImages-1053460884-3.jpg&raquo; background_enable_image=&raquo;on&raquo; background_last_edited=&raquo;on|desktop&raquo; background_image_phone=&raquo;https:\/\/www.myvacaya.com\/wp-content\/uploads\/2022\/11\/GettyImages-1053460884-5.jpg&raquo; background_enable_image_phone=&raquo;on&raquo; global_colors_info=&raquo;{}&raquo; sticky_transition=&raquo;on&raquo;][\/et_pb_slide][\/et_pb_fullwidth_slider][\/et_pb_section][et_pb_section fb_built=&raquo;1&#8243; custom_padding_last_edited=&raquo;on|phone&raquo; _builder_version=&raquo;4.17.6&#8243; _module_preset=&raquo;default&raquo; custom_padding=&raquo;||||false|false&raquo; custom_padding_tablet=&raquo;||||false|false&raquo; custom_padding_phone=&raquo;||||false|false&raquo; sticky_position_tablet=&raquo;&raquo; sticky_position_phone=&raquo;&raquo; sticky_position_last_edited=&raquo;on|tablet&raquo; custom_css_main_element=&raquo;padding-bottom: 4% !important;&raquo; global_colors_info=&raquo;{}&raquo; custom_css_main_element_last_edited=&raquo;on|desktop&raquo; custom_css_main_element_tablet=&raquo;padding-bottom: 4% !important;&raquo; custom_css_main_element_phone=&raquo;padding-bottom: 4% !important;&raquo;][et_pb_row custom_padding_last_edited=&raquo;on|desktop&raquo; _builder_version=&raquo;4.17.6&#8243; _module_preset=&raquo;default&raquo; custom_padding=&raquo;||||false|false&raquo; custom_padding_tablet=&raquo;||||false|false&raquo; custom_padding_phone=&raquo;||||false|false&raquo; global_colors_info=&raquo;{}&raquo;][et_pb_column type=&raquo;4_4&#8243; _builder_version=&raquo;4.17.6&#8243; _module_preset=&raquo;default&raquo; global_colors_info=&raquo;{}&raquo;][et_pb_text _builder_version=&raquo;4.17.6&#8243; _module_preset=&raquo;default&raquo; custom_margin=&raquo;||||false|false&raquo; custom_margin_tablet=&raquo;||||false|false&raquo; custom_margin_phone=&raquo;||||false|false&raquo; custom_margin_last_edited=&raquo;on|phone&raquo; global_colors_info=&raquo;{}&raquo;]Det er s\u00e5 mange fantastiske ting i denne verden som kiler, utfordrer, gleder og inspirerer The Vacayans. Denne siden er dedikert til noen av de favoritt tingene! Vi oppfordrer deg til \u00e5 utforske og st\u00f8tte disse utrolige organisasjonene, bedriftene og produktene.[\/et_pb_text][\/et_pb_column][\/et_pb_row][et_pb_row column_structure=&raquo;1_2,1_2&#8243; _builder_version=&raquo;4.17.6&#8243; _module_preset=&raquo;default&raquo; global_colors_info=&raquo;{}&raquo;][et_pb_column type=&raquo;1_2&#8243; _builder_version=&raquo;4.17.6&#8243; _module_preset=&raquo;default&raquo; global_colors_info=&raquo;{}&raquo;][et_pb_image src=&raquo;https:\/\/www.myvacaya.com\/wp-content\/uploads\/2024\/10\/JimSupport-Hero-1000&#215;667-favorite-things-page-1.jpg&raquo; title_text=&raquo;JimSupport Hero 1000&#215;667 favoritttingside&raquo; url=&raquo;https:\/\/www.jimsupport.com\/&raquo; url_new_window=&raquo;on&raquo; show_bottom_space=&raquo;off&raquo; force_fullwidth=&raquo;on&raquo; _builder_version=&raquo;4.23.4&#8243; _module_preset=&raquo;default&raquo; hover_enabled=&raquo;0&#8243; global_colors_info=&raquo;{}&raquo; sticky_enabled=&raquo;0&#8243;][\/et_pb_image][\/et_pb_column][et_pb_column type=&raquo;1_2&#8243; _builder_version=&raquo;4.17.6&#8243; _module_preset=&raquo;default&raquo; global_colors_info=&raquo;{}&raquo;][et_pb_text _builder_version=&raquo;4.23.4&#8243; _module_preset=&raquo;default&raquo; hover_enabled=&raquo;0&#8243; global_colors_info=&raquo;{}&raquo; sticky_enabled=&raquo;0&#8243;]<\/p>\n<h5 style=\"text-align: center;\"><a href=\"https:\/\/www.visitlauderdale.com\/\" target=\"_blank\" rel=\"noopener\"><strong>JIMSUPPORT AV FETISH LOCKER<\/strong><\/a> &#8230; Sexm\u00f8bler som f\u00e5r deg ut av det vanlige <\/h5>\n<p>&nbsp;<\/p>\n<h5 style=\"text-align: center;\">Demo p\u00e5 Mexico Resort \u2013 27. oktober \u2013 3. november 2024<\/h5>\n<p>&nbsp;<\/p>\n<p style=\"text-align: center;\">S\u00e5 kj\u00f8p online og spar 15% med kampanjekode VACAYA15<\/p>\n<p>&nbsp;<\/p>\n<p style=\"text-align: center;\">JimSupport av Fetish Locker er din kilde for overlegne slyngremmer, felgstoler, knullebenker og alt annet som h\u00f8rer med. V\u00e5rt oppdrag er \u00e5 skape enest\u00e5ende utstyr for mennesker som kan hot sex og krever flott design, kvalitet og funksjon. <\/p>\n<p><a class=\"btn-pink-inline\" href=\"https:\/\/www.jimsupport.com\/\" target=\"_blank\" rel=\"noopener\"><span class=\"link-inside\">ST\u00d8TT HOSEBEDRIFTER OG SPAR<\/span><\/a><\/p>\n<p>[\/et_pb_text][\/et_pb_column][\/et_pb_row][et_pb_row column_structure=&raquo;1_2,1_2&#8243; _builder_version=&raquo;4.17.6&#8243; _module_preset=&raquo;default&raquo; global_colors_info=&raquo;{}&raquo;][et_pb_column type=&raquo;1_2&#8243; _builder_version=&raquo;4.17.6&#8243; _module_preset=&raquo;default&raquo; global_colors_info=&raquo;{}&raquo;][et_pb_image src=&raquo;https:\/\/www.myvacaya.com\/wp-content\/uploads\/2024\/02\/Visit-Lauderdale-Hero-1000&#215;667-favorite-things-page.jpg&raquo; title_text=&raquo;Bes\u00f8k Lauderdale Hero 1000&#215;667 favorittting-siden&raquo; url=&raquo;https:\/\/www.visitlauderdale.com\/&raquo; url_new_window=&raquo;on&raquo; show_bottom_space=&raquo;off&raquo; force_fullwidth=&raquo;on&raquo; _builder_version=&raquo;4.23.4&#8243; _module_preset=&raquo;default&raquo; global_colors_info=&raquo;{}&raquo;][\/et_pb_image][\/et_pb_column][et_pb_column type=&raquo;1_2&#8243; _builder_version=&raquo;4.17.6&#8243; _module_preset=&raquo;default&raquo; global_colors_info=&raquo;{}&raquo;][et_pb_text _builder_version=&raquo;4.23.4&#8243; _module_preset=&raquo;default&raquo; global_colors_info=&raquo;{}&raquo;]<\/p>\n<h5 style=\"text-align: center;\"><a href=\"https:\/\/www.visitlauderdale.com\/\" target=\"_blank\" rel=\"noopener\"><strong>BES\u00d8K LAUDERDALE<\/strong><\/a> &#8230; Velkommen til alle under solen<\/h5>\n<p>&nbsp;<\/p>\n<h5 style=\"text-align: center;\">Ombord Celebrity APEX 17.\u201314. februar 2024<\/h5>\n<p>&nbsp;<\/p>\n<p style=\"text-align: center;\">Visit Lauderdale er dedikert til \u00e5 vise frem de mangfoldige, inkluderende og tilgjengelige tilbudene til Fort Lauderdale, og fremmer sin levende kultur og innbydende atmosf\u00e6re til reisende over hele verden. Ved \u00e5 st\u00f8tte lokale LHBT-eide og -drevne virksomheter spiller gjester en viktig rolle i \u00e5 opprettholde byens pulserende LHBTQ+-kultur og fremme dets rykte som et innbydende og st\u00f8ttende reisem\u00e5l for alle reisende.<\/p>\n<p><a class=\"btn-pink-inline\" href=\"https:\/\/www.visitlauderdale.com\/\" target=\"_blank\" rel=\"noopener\"><span class=\"link-inside\">SPILLE. BUTIKK. SPISE. LOKAL<\/span><\/a><\/p>\n<p>[\/et_pb_text][\/et_pb_column][\/et_pb_row][et_pb_row column_structure=&raquo;1_2,1_2&#8243; _builder_version=&raquo;4.17.6&#8243; _module_preset=&raquo;default&raquo; global_colors_info=&raquo;{}&raquo;][et_pb_column type=&raquo;1_2&#8243; _builder_version=&raquo;4.17.6&#8243; _module_preset=&raquo;default&raquo; global_colors_info=&raquo;{}&raquo;][et_pb_image src=&raquo;https:\/\/www.myvacaya.com\/wp-content\/uploads\/2024\/02\/Pride-Factory-Hero-1000&#215;667-favorite-things-pages.jpg&raquo; title_text=&raquo;Pride Factory Hero 1000&#215;667 favoritttingsider&raquo; url=&raquo;https:\/\/www.pridefactory.com\/&raquo; url_new_window=&raquo;on&raquo; show_bottom_space=&raquo;off&raquo; force_fullwidth=&raquo;on&raquo; _builder_version=&raquo;4.23.4&#8243; _module_preset=&raquo;default&raquo; global_colors_info=&raquo;{}&raquo;][\/et_pb_image][\/et_pb_column][et_pb_column type=&raquo;1_2&#8243; _builder_version=&raquo;4.17.6&#8243; _module_preset=&raquo;default&raquo; global_colors_info=&raquo;{}&raquo;][et_pb_text _builder_version=&raquo;4.23.4&#8243; _module_preset=&raquo;default&raquo; global_colors_info=&raquo;{}&raquo;]<\/p>\n<h5 style=\"text-align: center;\"><a href=\"https:\/\/www.pridefactory.com\/\" target=\"_blank\" rel=\"noopener\"><strong>PRIDE FACTORY<\/strong><\/a> vil drive VACAYA Apparel Shop<\/h5>\n<p>&nbsp;<\/p>\n<h5 style=\"text-align: center;\">Ombord Celebrity APEX 17.\u201314. februar 2024<\/h5>\n<p>&nbsp;<\/p>\n<p style=\"text-align: center;\">PRIDE FACTORY er en livlig klesbutikk i hjertet av Wilton Manors, Florida, som feirer mangfold og inkludering gjennom sitt fargerike utvalg av kl\u00e6r og tilbeh\u00f8r, som serverer b\u00e5de LGBTQ+-samfunnet og allierte. Med et utvalgt utvalg av trendy og stilige plagg, tilbyr den en plattform for selvuttrykk og styrking, og fremmer en f\u00f8lelse av stolthet og enhet blant kundene. VACAYA er heldig som har Pride Factory som driver klesbutikken v\u00e5r og sv\u00f8mmebassenget ombord p\u00e5 Celebrity APEX, og vi er glade for \u00e5 st\u00f8tte denne lokale virksomheten under v\u00e5rt bes\u00f8k i Florida.<\/p>\n<p><a class=\"btn-pink-inline\" href=\"https:\/\/www.pridefactory.com\/\" target=\"_blank\" rel=\"noopener\"><span class=\"link-inside\">ST\u00d8TTE HOSEBEDRIFTER<\/span><\/a><\/p>\n<p>[\/et_pb_text][\/et_pb_column][\/et_pb_row][et_pb_row column_structure=&raquo;1_2,1_2&#8243; _builder_version=&raquo;4.17.6&#8243; _module_preset=&raquo;default&raquo; global_colors_info=&raquo;{}&raquo;][et_pb_column type=&raquo;1_2&#8243; _builder_version=&raquo;4.17.6&#8243; _module_preset=&raquo;default&raquo; global_colors_info=&raquo;{}&raquo;][et_pb_image src=&raquo;https:\/\/www.myvacaya.com\/wp-content\/uploads\/2024\/02\/Jimmy-Trendy-Hero-1000&#215;667-favorite-things-page.jpg&raquo; title_text=&raquo;Jimmy Trendy Hero 1000&#215;667 favoritttingside&raquo; url=&raquo;https:\/\/www.jimmytrendy.com\/&raquo; url_new_window=&raquo;on&raquo; show_bottom_space=&raquo;off&raquo; force_fullwidth=&raquo;on&raquo; _builder_version=&raquo;4.23.4&#8243; _module_preset=&raquo;default&raquo; global_colors_info=&raquo;{}&raquo;][\/et_pb_image][\/et_pb_column][et_pb_column type=&raquo;1_2&#8243; _builder_version=&raquo;4.17.6&#8243; _module_preset=&raquo;default&raquo; global_colors_info=&raquo;{}&raquo;][et_pb_text _builder_version=&raquo;4.23.4&#8243; _module_preset=&raquo;default&raquo; global_colors_info=&raquo;{}&raquo;]<\/p>\n<h5 style=\"text-align: center;\"><a href=\"https:\/\/www.jimmytrendy.com\" target=\"_blank\" rel=\"noopener\"><strong>JIMMY<\/strong><\/a> vil drive VACAYA Apparel Shop &amp; Pool Gaymes<\/h5>\n<p>&nbsp;<\/p>\n<h5 style=\"text-align: center;\">Ombord Celebrity APEX 17.\u201314. februar 2024<\/h5>\n<p>&nbsp;<\/p>\n<p style=\"text-align: center;\">JIMMY TRENDY tilbyr en forfriskende variant av strandt\u00f8y med sin samling av livlige m\u00f8nstre og stilige badedraktsnitt. Designet for den mote-fremadrettede individet, kombinerer hvert stykke kvalitetsmaterialer med trendy design, noe som sikrer at du sl\u00e5r til med selvtillit og stil. Bli med oss \u200b\u200bi gavebutikken for en eksklusiv mulighet til \u00e5 m\u00f8te designeren bak de fantastiske badedraktene og handle det siste utseendet p\u00e5 f\u00f8rsteh\u00e5nd! Oppdag inspirasjonen bak hvert design mens du utforsker v\u00e5r kuraterte kolleksjon og ta med deg favorittplaggene dine for en stilig sommer foran deg.<\/p>\n<p><a class=\"btn-pink-inline\" href=\"https:\/\/www.jimmytrendy.com\" target=\"_blank\" rel=\"noopener\"><span class=\"link-inside\">F\u00d8L deg TRENDY I DINE TRENDIER!<\/span><\/a><\/p>\n<p>[\/et_pb_text][\/et_pb_column][\/et_pb_row][et_pb_row column_structure=&raquo;1_2,1_2&#8243; _builder_version=&raquo;4.17.6&#8243; _module_preset=&raquo;default&raquo; global_colors_info=&raquo;{}&raquo;][et_pb_column type=&raquo;1_2&#8243; _builder_version=&raquo;4.17.6&#8243; _module_preset=&raquo;default&raquo; global_colors_info=&raquo;{}&raquo;][et_pb_image src=&raquo;https:\/\/www.myvacaya.com\/wp-content\/uploads\/2024\/02\/Bike-Athletic-Hero-1000&#215;667-favorite-things-page-1.jpg&raquo; title_text=&raquo;Bike Athletic Hero 1000&#215;667 favoritttingside&raquo; url=&raquo;https:\/\/www.bikeathletic.com\/&raquo; url_new_window=&raquo;on&raquo; show_bottom_space=&raquo;off&raquo; force_fullwidth=&raquo;on&raquo; _builder_version=&raquo;4.23.4&#8243; _module_preset=&raquo;default&raquo; global_colors_info=&raquo;{}&raquo;][\/et_pb_image][\/et_pb_column][et_pb_column type=&raquo;1_2&#8243; _builder_version=&raquo;4.17.6&#8243; _module_preset=&raquo;default&raquo; global_colors_info=&raquo;{}&raquo;][et_pb_text _builder_version=&raquo;4.23.4&#8243; _module_preset=&raquo;default&raquo; global_colors_info=&raquo;{}&raquo;]<\/p>\n<h5 style=\"text-align: center;\">BIKE Athletic vil drive biljardgamle og antrekke gjestene v\u00e5re!<\/h5>\n<h5> <\/h5>\n<p>&nbsp;<\/p>\n<h5 style=\"text-align: center;\">Ombord Celebrity APEX 17.\u201324. februar 2024<\/h5>\n<p>&nbsp;<\/p>\n<p>BIKE\u00ae er en ekte klassiker som representerer kvalitet og komfort som etablerte den opprinnelige h\u00f8ye standarden innen jocks. BIKE-produkter er laget for de som liker \u00e5 v\u00e6re dristige!<\/p>\n<p><a class=\"btn-pink-inline\" href=\"https:\/\/www.bikeathletic.com\/\" target=\"_blank\" rel=\"noopener\"><span class=\"link-inside\">KJ\u00d8P LOOKENE<\/span><\/a><\/p>\n<p>[\/et_pb_text][\/et_pb_column][\/et_pb_row][et_pb_row column_structure=&raquo;1_2,1_2&#8243; _builder_version=&raquo;4.17.6&#8243; _module_preset=&raquo;default&raquo; global_colors_info=&raquo;{}&raquo;][et_pb_column type=&raquo;1_2&#8243; _builder_version=&raquo;4.17.6&#8243; _module_preset=&raquo;default&raquo; global_colors_info=&raquo;{}&raquo;][et_pb_image src=&raquo;https:\/\/www.myvacaya.com\/wp-content\/uploads\/2024\/02\/KGAY-Radio-Hero-1000&#215;667-favorite-things-page.jpg&raquo; title_text=&raquo;KGAY Radio Hero 1000&#215;667 favoritttingside&raquo; url=&raquo;https:\/\/kgaypalmsprings.com\/&raquo; url_new_window=&raquo;on&raquo; show_bottom_space=&raquo;off&raquo; force_fullwidth=&raquo;on&raquo; _builder_version=&raquo;4.23.4&#8243; _module_preset=&raquo;default&raquo; global_colors_info=&raquo;{}&raquo;][\/et_pb_image][\/et_pb_column][et_pb_column type=&raquo;1_2&#8243; _builder_version=&raquo;4.17.6&#8243; _module_preset=&raquo;default&raquo; global_colors_info=&raquo;{}&raquo;][et_pb_text _builder_version=&raquo;4.23.4&#8243; _module_preset=&raquo;default&raquo; global_colors_info=&raquo;{}&raquo;]<\/p>\n<h5 style=\"text-align: center;\"><a href=\"https:\/\/kgaypalmsprings.com\/\">KGAY RADIO<\/a> vil drive VACAYA Music!<\/h5>\n<h5> <\/h5>\n<p>&nbsp;<\/p>\n<h5 style=\"text-align: center;\">Ombord Celebrity APEX 17.\u201324. februar 2024<\/h5>\n<p>&nbsp;<\/p>\n<p>VACAYA-musikk drevet av KGAY vil v\u00e6re tilgjengelig p\u00e5 gjestestue-TV-ene ombord p\u00e5 Celebrity APEX for v\u00e5rt charter. N\u00e5r du er hjemme igjen, kan du lytte til dansehits og l\u00e6re mer om alt homofile Palm Springs har \u00e5 tilby p\u00e5 <a href=\"https:\/\/kgaypalmsprings.com\/\" target=\"_blank\" rel=\"noopener\">KGAY Radio<\/a> og <a href=\"https:\/\/gaydesertguide.com\/\" target=\"_blank\" rel=\"noopener\">GAY DESERT GUIDE<\/a> .<\/p>\n<p>[\/et_pb_text][\/et_pb_column][\/et_pb_row][et_pb_row _builder_version=&raquo;4.23.4&#8243; _module_preset=&raquo;default&raquo; global_colors_info=&raquo;{}&raquo;][et_pb_column type=&raquo;4_4&#8243; _builder_version=&raquo;4.23.4&#8243; _module_preset=&raquo;default&raquo; global_colors_info=&raquo;{}&raquo;][et_pb_divider _builder_version=&raquo;4.23.4&#8243; _module_preset=&raquo;default&raquo; global_colors_info=&raquo;{}&raquo;][\/et_pb_divider][\/et_pb_column][\/et_pb_row][et_pb_row column_structure=&raquo;1_4,3_4&#8243; _builder_version=&raquo;4.17.6&#8243; _module_preset=&raquo;default&raquo; global_colors_info=&raquo;{}&raquo;][et_pb_column type=&raquo;1_4&#8243; _builder_version=&raquo;4.17.6&#8243; _module_preset=&raquo;default&raquo; global_colors_info=&raquo;{}&raquo;][et_pb_image src=&raquo;https:\/\/www.myvacaya.com\/wp-content\/uploads\/2022\/09\/22181186_10159501435160217_93784187498304947_o-1.jpg&raquo; title_text=&raquo;22181186_10159501435160217_93784187498304947_o-1&#8243; show_bottom_space=&raquo;off&raquo; force_fullwidth=&raquo;on&raquo; _builder_version=&raquo;4.17.6&#8243; _module_preset=&raquo;default&raquo; global_colors_info=&raquo;{}&raquo;][\/et_pb_image][\/et_pb_column][et_pb_column type=&raquo;3_4&#8243; _builder_version=&raquo;4.17.6&#8243; _module_preset=&raquo;default&raquo; global_colors_info=&raquo;{}&raquo;][et_pb_text admin_label=&raquo;Section Title &#8211; H3&#8243; _builder_version=&raquo;4.17.6&#8243; _module_preset=&raquo;default&raquo; header_3_font=&raquo;Futura Bold|||on|||||&raquo; header_3_text_align=&raquo;center&raquo; header_3_text_color=&raquo;#000000&#8243; header_3_font_size=&raquo;18px&raquo; header_3_letter_spacing=&raquo;1.8px&raquo; header_3_line_height=&raquo;24px&raquo; custom_margin=&raquo;||||false|false&raquo; custom_margin_tablet=&raquo;||||false|false&raquo; custom_margin_phone=&raquo;||||false|false&raquo; custom_margin_last_edited=&raquo;on|phone&raquo; custom_padding=&raquo;||||false|false&raquo; global_colors_info=&raquo;{}&raquo;]<\/p>\n<h3>MENNESKERETTIGHETSKAMPANJE<\/h3>\n<p>[\/et_pb_text][et_pb_text _builder_version=&raquo;4.17.6&#8243; _module_preset=&raquo;default&raquo; global_colors_info=&raquo;{}&raquo;]<\/p>\n<p>Som den st\u00f8rste borgerrettighetsorganisasjonen som jobber for \u00e5 oppn\u00e5 likestilling for lesbiske, homofile, bifile, transpersoner og skeive amerikanere, representerer Human Rights Campaign en styrke p\u00e5 mer enn 3 millioner medlemmer og st\u00f8ttespillere over hele landet \u2013 alle forpliktet til \u00e5 gj\u00f8re HRCs visjon til virkelighet.<\/p>\n<p>HRC ser for seg en verden der lesbiske, homofile, bifile, transpersoner og skeive mennesker blir omfavnet som fullverdige medlemmer av samfunnet hjemme, p\u00e5 jobb og i alle lokalsamfunn.<\/p>\n<p>VACAYA er en stolt st\u00f8ttespiller for menneskerettighetskampanjen.<\/p>\n<p><a class=\"btn-pink-inline\" href=\"https:\/\/www.hrc.org\" target=\"_blank\" rel=\"noopener\"><span class=\"link-inside\">L\u00c6R MER OG ST\u00d8TT HRC<\/span><\/a><\/p>\n<p>[\/et_pb_text][\/et_pb_column][\/et_pb_row][et_pb_row column_structure=&raquo;1_4,3_4&#8243; _builder_version=&raquo;4.17.6&#8243; _module_preset=&raquo;default&raquo; global_colors_info=&raquo;{}&raquo;][et_pb_column type=&raquo;1_4&#8243; _builder_version=&raquo;4.17.6&#8243; _module_preset=&raquo;default&raquo; global_colors_info=&raquo;{}&raquo;][et_pb_image src=&raquo;https:\/\/www.myvacaya.com\/wp-content\/uploads\/2022\/09\/GLAAD-2-1-768&#215;1024-1.jpg&raquo; title_text=&raquo;GLAAD-2-1-768&#215;1024&#8243; show_bottom_space=&raquo;off&raquo; force_fullwidth=&raquo;on&raquo; _builder_version=&raquo;4.17.6&#8243; _module_preset=&raquo;default&raquo; global_colors_info=&raquo;{}&raquo;][\/et_pb_image][\/et_pb_column][et_pb_column type=&raquo;3_4&#8243; _builder_version=&raquo;4.17.6&#8243; _module_preset=&raquo;default&raquo; global_colors_info=&raquo;{}&raquo;][et_pb_text admin_label=&raquo;Section Title &#8211; H3&#8243; _builder_version=&raquo;4.17.6&#8243; _module_preset=&raquo;default&raquo; header_3_font=&raquo;Futura Bold|||on|||||&raquo; header_3_text_align=&raquo;center&raquo; header_3_text_color=&raquo;#000000&#8243; header_3_font_size=&raquo;18px&raquo; header_3_letter_spacing=&raquo;1.8px&raquo; header_3_line_height=&raquo;24px&raquo; custom_margin=&raquo;||||false|false&raquo; custom_margin_tablet=&raquo;||||false|false&raquo; custom_margin_phone=&raquo;||||false|false&raquo; custom_margin_last_edited=&raquo;on|phone&raquo; custom_padding=&raquo;||||false|false&raquo; global_colors_info=&raquo;{}&raquo;]<\/p>\n<h3>GLAAD<\/h3>\n<p>[\/et_pb_text][et_pb_text _builder_version=&raquo;4.23.4&#8243; _module_preset=&raquo;default&raquo; global_colors_info=&raquo;{}&raquo;]<\/p>\n<p>GLAAD omskriver manuset for LHBTQ-aksept. Som en dynamisk mediekraft takler GLAAD t\u00f8ffe problemer for \u00e5 forme fortellingen og provosere frem dialog som f\u00f8rer til kulturell endring. GLAAD beskytter alt som er oppn\u00e5dd og skaper en verden der alle kan leve livet de elsker.<\/p>\n<p>GLAAD hadde v\u00e6rt et akronym for &laquo;Gay &amp; Lesbian Alliance Against Defamation&raquo;, men n\u00e5 er organisasjonen ganske enkelt kjent som GLAAD, som er mer inkluderende for biseksuelle og transpersoner.<\/p>\n<p>VACAYA er en stolt tilhenger av GLAAD og <a href=\"https:\/\/www.glaad.org\/events\/2019\/nashville\" target=\"_blank\" rel=\"noopener\">Love &amp; Acceptance<\/a> .<\/p>\n<p><a class=\"btn-pink-inline\" href=\"https:\/\/www.glaad.org\" target=\"_blank\" rel=\"noopener\"><span class=\"link-inside\">L\u00c6R MER OG ST\u00d8TT GLAAD<\/span><\/a><\/p>\n<p>[\/et_pb_text][\/et_pb_column][\/et_pb_row][\/et_pb_section]<\/p>\n","protected":false},"excerpt":{"rendered":"<p><div class=\"trip-overlay\"><div class=\"trip-title\"><h1>Turfliser med tittel \u2013 kun cruise<\/h1><\/div><\/div>Det er s\u00e5 mange fantastiske ting i denne verden som kiler, utfordrer, gleder og inspirerer The Vacayans. Denne siden er dedikert til noen av de favoritt tingene! Vi oppfordrer deg til \u00e5 utforske og st\u00f8tte disse utrolige organisasjonene, bedriftene og produktene.JIMSUPPORT AV FETISH LOCKER &#8230; Sexm\u00f8bler som f\u00e5r deg ut av det vanlige &nbsp; Demo [&hellip;]<\/p>\n","protected":false},"author":4,"featured_media":38575,"parent":43537,"menu_order":0,"comment_status":"closed","ping_status":"closed","template":"","meta":{"_acf_changed":false,"_et_pb_use_builder":"on","_et_pb_old_content":"","_et_gb_content_width":"","_monsterinsights_skip_tracking":false,"_monsterinsights_sitenote_active":false,"_monsterinsights_sitenote_note":"","_monsterinsights_sitenote_category":0,"footnotes":""},"class_list":["post-43771","page","type-page","status-publish","has-post-thumbnail","hentry"],"acf":[],"_links":{"self":[{"href":"https:\/\/www.myvacaya.com\/no\/wp-json\/wp\/v2\/pages\/43771","targetHints":{"allow":["GET"]}}],"collection":[{"href":"https:\/\/www.myvacaya.com\/no\/wp-json\/wp\/v2\/pages"}],"about":[{"href":"https:\/\/www.myvacaya.com\/no\/wp-json\/wp\/v2\/types\/page"}],"author":[{"embeddable":true,"href":"https:\/\/www.myvacaya.com\/no\/wp-json\/wp\/v2\/users\/4"}],"replies":[{"embeddable":true,"href":"https:\/\/www.myvacaya.com\/no\/wp-json\/wp\/v2\/comments?post=43771"}],"version-history":[{"count":118,"href":"https:\/\/www.myvacaya.com\/no\/wp-json\/wp\/v2\/pages\/43771\/revisions"}],"predecessor-version":[{"id":166230,"href":"https:\/\/www.myvacaya.com\/no\/wp-json\/wp\/v2\/pages\/43771\/revisions\/166230"}],"up":[{"embeddable":true,"href":"https:\/\/www.myvacaya.com\/no\/wp-json\/wp\/v2\/pages\/43537"}],"wp:featuredmedia":[{"embeddable":true,"href":"https:\/\/www.myvacaya.com\/no\/wp-json\/wp\/v2\/media\/38575"}],"wp:attachment":[{"href":"https:\/\/www.myvacaya.com\/no\/wp-json\/wp\/v2\/media?parent=43771"}],"curies":[{"name":"wp","href":"https:\/\/api.w.org\/{rel}","templated":true}]}}