{"id":43753,"date":"2019-03-19T11:31:01","date_gmt":"2019-03-19T15:31:01","guid":{"rendered":"https:\/\/www.myvacaya.com\/markedsplass\/"},"modified":"2023-07-22T14:45:07","modified_gmt":"2023-07-22T18:45:07","slug":"markedsplass","status":"publish","type":"page","link":"https:\/\/www.myvacaya.com\/no\/markedsplass\/","title":{"rendered":"Markedsplass"},"content":{"rendered":"<p>[et_pb_section fb_built=&raquo;1&#8243; fullwidth=&raquo;on&raquo; admin_label=&raquo;Slider&raquo; module_id=&raquo;skyve-seksjon-interi\u00f8r&raquo; _builder_version=&raquo;4.17.6&#8243; _module_preset=&raquo;default&raquo; background_enable_image=&raquo;off&raquo; global_colors_info=&raquo;{}&raquo;][et_pb_fullwidth_code admin_label=&raquo;Slider Overlay&raquo; module_class=&raquo;interior-page-overlay&raquo; _builder_version=&raquo;4.17.6&#8243; _module_preset=&raquo;default&raquo; positioning=&raquo;absolute&raquo; position_origin_a=&raquo;top_right&raquo; position_origin_f=&raquo;top_right&raquo; z_index=&raquo;100&#8243; width=&raquo;50%&raquo; width_tablet=&raquo;50%&raquo; width_phone=&raquo;100%&raquo; width_last_edited=&raquo;on|phone&raquo; height=&raquo;100vh&raquo; hover_enabled=&raquo;0&#8243; global_colors_info=&raquo;{}&raquo; sticky_enabled=&raquo;0&#8243;]<div class=\"trip-overlay\"><div class=\"trip-title\"><h1>Markedsplass<\/h1><\/div><\/div>[\/et_pb_fullwidth_code][et_pb_fullwidth_slider show_arrows=&raquo;off&raquo; admin_label=&raquo;Slider Images&raquo; module_id=&raquo;slider-images&raquo; _builder_version=&raquo;4.17.6&#8243; _module_preset=&raquo;default&raquo; height=&raquo;100vh&raquo; auto=&raquo;on&raquo; global_colors_info=&raquo;{}&raquo;][et_pb_slide _builder_version=&raquo;4.17.6&#8243; _module_preset=&raquo;default&raquo; background_color=&raquo;RGBA(255,255,255,0)&raquo; background_enable_color=&raquo;on&raquo; background_image=&raquo;https:\/\/www.myvacaya.com\/wp-content\/uploads\/2022\/09\/VACAYA-Marketplace-1.jpg&raquo; background_enable_image=&raquo;on&raquo; background_last_edited=&raquo;on|desktop&raquo; background_image_phone=&raquo;https:\/\/www.myvacaya.com\/wp-content\/uploads\/2022\/11\/vacaya-our-name-mobile-414&#215;500-1.jpg&raquo; background_enable_image_phone=&raquo;on&raquo; global_colors_info=&raquo;{}&raquo; sticky_transition=&raquo;on&raquo;][\/et_pb_slide][\/et_pb_fullwidth_slider][\/et_pb_section][et_pb_section fb_built=&raquo;1&#8243; custom_padding_last_edited=&raquo;on|phone&raquo; _builder_version=&raquo;4.17.6&#8243; _module_preset=&raquo;default&raquo; custom_padding=&raquo;||||false|false&raquo; custom_padding_tablet=&raquo;||||false|false&raquo; custom_padding_phone=&raquo;||||false|false&raquo; global_colors_info=&raquo;{}&raquo;][et_pb_row custom_padding_last_edited=&raquo;on|desktop&raquo; _builder_version=&raquo;4.17.6&#8243; _module_preset=&raquo;default&raquo; custom_padding=&raquo;||||false|false&raquo; custom_padding_tablet=&raquo;||||false|false&raquo; custom_padding_phone=&raquo;||||false|false&raquo; global_colors_info=&raquo;{}&raquo;][et_pb_column type=&raquo;4_4&#8243; _builder_version=&raquo;4.17.6&#8243; _module_preset=&raquo;default&raquo; global_colors_info=&raquo;{}&raquo;][et_pb_text admin_label=&raquo;Section Title &#8211; H3&#8243; _builder_version=&raquo;4.17.6&#8243; _module_preset=&raquo;default&raquo; header_3_font=&raquo;Futura Bold|||on|||||&raquo; header_3_text_align=&raquo;center&raquo; header_3_text_color=&raquo;#000000&#8243; header_3_font_size=&raquo;18px&raquo; header_3_letter_spacing=&raquo;1.8px&raquo; header_3_line_height=&raquo;24px&raquo; custom_margin=&raquo;||||false|false&raquo; custom_margin_tablet=&raquo;||||false|false&raquo; custom_margin_phone=&raquo;||||false|false&raquo; custom_margin_last_edited=&raquo;on|phone&raquo; custom_padding=&raquo;||||false|false&raquo; custom_padding_tablet=&raquo;||||false|false&raquo; custom_padding_phone=&raquo;||||false|false&raquo; custom_padding_last_edited=&raquo;on|phone&raquo; global_colors_info=&raquo;{}&raquo;]<\/p>\n<h3>Vis din VACAYA-\u00e5nd med det siste innen V Gear!<\/h3>\n<p>[\/et_pb_text][et_pb_text admin_label=&raquo;Text&raquo; _builder_version=&raquo;4.17.6&#8243; _module_preset=&raquo;default&raquo; custom_margin=&raquo;||||false|false&raquo; custom_margin_tablet=&raquo;||||false|false&raquo; custom_margin_phone=&raquo;||||false|false&raquo; custom_margin_last_edited=&raquo;on|phone&raquo; global_colors_info=&raquo;{}&raquo;]Vi er s\u00e5 glade for \u00e5 kunngj\u00f8re lanseringen av v\u00e5r nye markedsplass. Fra VACAYA T-er og stridsvogner til hettegensere og regnbuekast, alt du kan \u00f8nske deg for \u00e5 vise din st\u00f8tte til VACAYA finner du her. Bare trykk p\u00e5 den store rosa knappen nedenfor og handle til du f\u00e5r lyst!<br \/>\n&nbsp;<br \/>\n<img loading=\"lazy\" decoding=\"async\" class=\"aligncenter wp-image-20744\" src=\"https:\/\/www.myvacaya.com\/wp-content\/uploads\/2020\/11\/Screen-Shot-2020-11-26-at-9.34.37-AM-300x163.png\" alt=\"\" width=\"600\" height=\"327\" srcset=\"https:\/\/www.myvacaya.com\/wp-content\/uploads\/2020\/11\/Screen-Shot-2020-11-26-at-9.34.37-AM-300x163.png 300w, https:\/\/www.myvacaya.com\/wp-content\/uploads\/2020\/11\/Screen-Shot-2020-11-26-at-9.34.37-AM-768x418.png 768w, https:\/\/www.myvacaya.com\/wp-content\/uploads\/2020\/11\/Screen-Shot-2020-11-26-at-9.34.37-AM-1024x557.png 1024w\" sizes=\"(max-width: 600px) 100vw, 600px\" \/><br \/>\n&nbsp;<br \/>\n<a class=\"btn-pink-inline\" href=\"https:\/\/vacaya-stuff.myshopify.com\/?key=9e06379e8861f1d7c56f6a33e1cfd66f9b587c0f0fd34306c5f6ce13884b5b03&amp;utm_source=VACAYA+NEWSLETTER&amp;utm_campaign=ab2d605ed8-thanksgiving_2020_enewsletter_11242020&amp;utm_medium=email&amp;utm_term=0_c5170e1c40-ab2d605ed8-149567581\" target=\"_blank\" rel=\"noopener\"><span class=\"link-inside\">BES\u00d8K VACAYA MERCHANDISE MARKETPLASS<\/span><\/a>[\/et_pb_text][et_pb_text admin_label=&raquo;Section Title &#8211; H3&#8243; _builder_version=&raquo;4.17.6&#8243; _module_preset=&raquo;default&raquo; header_3_font=&raquo;Futura Bold|||on|||||&raquo; header_3_text_align=&raquo;center&raquo; header_3_text_color=&raquo;#000000&#8243; header_3_font_size=&raquo;18px&raquo; header_3_letter_spacing=&raquo;1.8px&raquo; header_3_line_height=&raquo;24px&raquo; custom_margin=&raquo;||||false|false&raquo; custom_margin_tablet=&raquo;||||false|false&raquo; custom_margin_phone=&raquo;||||false|false&raquo; custom_margin_last_edited=&raquo;on|phone&raquo; custom_padding=&raquo;||||false|false&raquo; custom_padding_tablet=&raquo;||||false|false&raquo; custom_padding_phone=&raquo;||||false|false&raquo; custom_padding_last_edited=&raquo;on|phone&raquo; global_colors_info=&raquo;{}&raquo;]<\/p>\n<h3>VACAYA ONDEMAND TRYKKVERK<\/h3>\n<p>[\/et_pb_text][et_pb_text admin_label=&raquo;Text&raquo; _builder_version=&raquo;4.17.6&#8243; _module_preset=&raquo;default&raquo; header_4_font=&raquo;|||on|||||&raquo; header_4_text_align=&raquo;center&raquo; custom_margin=&raquo;||||false|false&raquo; custom_margin_tablet=&raquo;||||false|false&raquo; custom_margin_phone=&raquo;||||false|false&raquo; custom_margin_last_edited=&raquo;on|phone&raquo; global_colors_info=&raquo;{}&raquo;]<\/p>\n<h4>Profesjonell utskrift til kostpris, levert til deg!<\/h4>\n<p>&nbsp;<br \/>\nVelkommen til VACAYAs OnDemand trykkeri. Her finner du flotte profesjonelt trykte VACAYA-elementer som postkort, flygeblader, utdelinger av loddtrekninger og klistremerker du kan dele med venner og kunder. Mange kan til og med tilpasses med kontakt-\/byr\u00e5informasjonen din. Hvis du bor i USA, vil bestillingen din bli sendt direkte til deg i l\u00f8pet av f\u00e5 dager. Internasjonale bestillinger tar bare litt lengre tid. Basert p\u00e5 tilbakemeldingen din, vil vi legge til nye alternativer hele tiden. Bare send forslagene dine til <a href=\"mailto:marketing@myvacaya.com\" target=\"_blank\" rel=\"noopener\">marketing@myvacaya.com<\/a> .<\/p>\n<p>Bestillingen er intuitiv, men trenger du litt ekstra hjelp finner du trinnvise instruksjoner <a href=\"https:\/\/www.myvacaya.com\/wp-content\/uploads\/2019\/03\/VACAYA-OnDemand-Print-Shop-Instructions.pdf\" target=\"_blank\" rel=\"noopener\">HER<\/a> .<\/p>\n<p><a href=\"https:\/\/myvacaya.privateprintstore.com\/\" target=\"_blank\" rel=\"noopener\"><img loading=\"lazy\" decoding=\"async\" class=\"aligncenter size-full wp-image-6374\" src=\"https:\/\/www.myvacaya.com\/wp-content\/uploads\/2019\/03\/PRINT-SHOP.png\" alt=\"\" width=\"1100\" height=\"340\" srcset=\"https:\/\/www.myvacaya.com\/wp-content\/uploads\/2019\/03\/PRINT-SHOP.png 1100w, https:\/\/www.myvacaya.com\/wp-content\/uploads\/2019\/03\/PRINT-SHOP-300x93.png 300w, https:\/\/www.myvacaya.com\/wp-content\/uploads\/2019\/03\/PRINT-SHOP-768x237.png 768w, https:\/\/www.myvacaya.com\/wp-content\/uploads\/2019\/03\/PRINT-SHOP-1024x317.png 1024w\" sizes=\"(max-width: 1100px) 100vw, 1100px\" \/><\/a><\/p>\n<p><a class=\"btn-pink-inline\" href=\"https:\/\/myvacaya.privateprintstore.com\/\" target=\"_blank\" rel=\"noopener\"><span class=\"link-inside\">G\u00e5 inn p\u00e5 OnDemand Print Shop<\/span><\/a>[\/et_pb_text][\/et_pb_column][\/et_pb_row][\/et_pb_section]<\/p>\n","protected":false},"excerpt":{"rendered":"<p><div class=\"trip-overlay\"><div class=\"trip-title\"><h1>Turfliser med tittel \u2013 kun cruise<\/h1><\/div><\/div>Vis din VACAYA-\u00e5nd med det siste innen V Gear!Vi er s\u00e5 glade for \u00e5 kunngj\u00f8re lanseringen av v\u00e5r nye markedsplass. Fra VACAYA T-er og stridsvogner til hettegensere og regnbuekast, alt du kan \u00f8nske deg for \u00e5 vise din st\u00f8tte til VACAYA finner du her. Bare trykk p\u00e5 den store rosa knappen nedenfor og handle til [&hellip;]<\/p>\n","protected":false},"author":4,"featured_media":0,"parent":0,"menu_order":0,"comment_status":"closed","ping_status":"closed","template":"","meta":{"_acf_changed":false,"_et_pb_use_builder":"on","_et_pb_old_content":"","_et_gb_content_width":"","_monsterinsights_skip_tracking":false,"_monsterinsights_sitenote_active":false,"_monsterinsights_sitenote_note":"","_monsterinsights_sitenote_category":0,"footnotes":""},"class_list":["post-43753","page","type-page","status-publish","hentry"],"acf":[],"_links":{"self":[{"href":"https:\/\/www.myvacaya.com\/no\/wp-json\/wp\/v2\/pages\/43753","targetHints":{"allow":["GET"]}}],"collection":[{"href":"https:\/\/www.myvacaya.com\/no\/wp-json\/wp\/v2\/pages"}],"about":[{"href":"https:\/\/www.myvacaya.com\/no\/wp-json\/wp\/v2\/types\/page"}],"author":[{"embeddable":true,"href":"https:\/\/www.myvacaya.com\/no\/wp-json\/wp\/v2\/users\/4"}],"replies":[{"embeddable":true,"href":"https:\/\/www.myvacaya.com\/no\/wp-json\/wp\/v2\/comments?post=43753"}],"version-history":[{"count":13,"href":"https:\/\/www.myvacaya.com\/no\/wp-json\/wp\/v2\/pages\/43753\/revisions"}],"predecessor-version":[{"id":45146,"href":"https:\/\/www.myvacaya.com\/no\/wp-json\/wp\/v2\/pages\/43753\/revisions\/45146"}],"wp:attachment":[{"href":"https:\/\/www.myvacaya.com\/no\/wp-json\/wp\/v2\/media?parent=43753"}],"curies":[{"name":"wp","href":"https:\/\/api.w.org\/{rel}","templated":true}]}}