{"id":43746,"date":"2021-08-20T20:20:31","date_gmt":"2021-08-21T00:20:31","guid":{"rendered":"https:\/\/www.myvacaya.com\/mailyn-soulfree\/"},"modified":"2023-07-22T14:44:57","modified_gmt":"2023-07-22T18:44:57","slug":"mailyn-soulfree","status":"publish","type":"page","link":"https:\/\/www.myvacaya.com\/no\/mailyn-soulfree\/","title":{"rendered":"Mailyn Soulfree"},"content":{"rendered":"<p>[et_pb_section fb_built=&raquo;1&#8243; fullwidth=&raquo;on&raquo; admin_label=&raquo;Slider&raquo; module_id=&raquo;skyve-seksjon-interi\u00f8r&raquo; _builder_version=&raquo;4.17.6&#8243; _module_preset=&raquo;default&raquo; background_enable_image=&raquo;off&raquo; global_colors_info=&raquo;{}&raquo;][et_pb_fullwidth_code admin_label=&raquo;Slider Overlay&raquo; module_class=&raquo;interior-page-overlay&raquo; _builder_version=&raquo;4.17.6&#8243; _module_preset=&raquo;default&raquo; positioning=&raquo;absolute&raquo; position_origin_a=&raquo;top_right&raquo; position_origin_f=&raquo;top_right&raquo; z_index=&raquo;100&#8243; width=&raquo;50%&raquo; width_tablet=&raquo;50%&raquo; width_phone=&raquo;100%&raquo; width_last_edited=&raquo;on|phone&raquo; height=&raquo;100vh&raquo; hover_enabled=&raquo;0&#8243; global_colors_info=&raquo;{}&raquo; sticky_enabled=&raquo;0&#8243;]<div class=\"trip-overlay\"><div class=\"trip-title\"><h1>Mailyn Soulfree<\/h1><\/div><\/div>[\/et_pb_fullwidth_code][et_pb_fullwidth_slider show_arrows=&raquo;off&raquo; admin_label=&raquo;Slider Images&raquo; module_id=&raquo;slider-images&raquo; _builder_version=&raquo;4.17.6&#8243; _module_preset=&raquo;default&raquo; height=&raquo;100vh&raquo; auto=&raquo;on&raquo; global_colors_info=&raquo;{}&raquo;][et_pb_slide _builder_version=&raquo;4.17.6&#8243; _module_preset=&raquo;default&raquo; background_color=&raquo;RGBA(255,255,255,0)&raquo; background_enable_color=&raquo;on&raquo; background_image=&raquo;https:\/\/www.myvacaya.com\/wp-content\/uploads\/2022\/09\/Piano-Desktop.jpeg&raquo; background_enable_image=&raquo;on&raquo; background_last_edited=&raquo;on|desktop&raquo; background_image_phone=&raquo;https:\/\/www.myvacaya.com\/wp-content\/uploads\/2022\/11\/Piano-Mobile.jpeg&raquo; background_enable_image_phone=&raquo;on&raquo; global_colors_info=&raquo;{}&raquo; sticky_transition=&raquo;on&raquo;][\/et_pb_slide][\/et_pb_fullwidth_slider][\/et_pb_section][et_pb_section fb_built=&raquo;1&#8243; custom_padding_last_edited=&raquo;on|phone&raquo; _builder_version=&raquo;4.17.6&#8243; _module_preset=&raquo;default&raquo; custom_padding=&raquo;||||false|false&raquo; custom_padding_tablet=&raquo;||||false|false&raquo; custom_padding_phone=&raquo;||||false|false&raquo; global_colors_info=&raquo;{}&raquo;][et_pb_row column_structure=&raquo;1_4,3_4&#8243; custom_padding_last_edited=&raquo;on|desktop&raquo; _builder_version=&raquo;4.17.6&#8243; _module_preset=&raquo;default&raquo; custom_padding=&raquo;||||false|false&raquo; custom_padding_tablet=&raquo;||||false|false&raquo; custom_padding_phone=&raquo;||||false|false&raquo; global_colors_info=&raquo;{}&raquo;][et_pb_column type=&raquo;1_4&#8243; _builder_version=&raquo;4.17.6&#8243; _module_preset=&raquo;default&raquo; global_colors_info=&raquo;{}&raquo;][et_pb_image src=&raquo;https:\/\/www.myvacaya.com\/wp-content\/uploads\/2021\/08\/Unknown-4.jpeg&raquo; title_text=&raquo;Ukjent-4&#8243; force_fullwidth=&raquo;on&raquo; _builder_version=&raquo;4.17.6&#8243; _module_preset=&raquo;default&raquo; global_colors_info=&raquo;{}&raquo;][\/et_pb_image][\/et_pb_column][et_pb_column type=&raquo;3_4&#8243; _builder_version=&raquo;4.17.6&#8243; _module_preset=&raquo;default&raquo; global_colors_info=&raquo;{}&raquo;][et_pb_text _builder_version=&raquo;4.17.6&#8243; _module_preset=&raquo;default&raquo; custom_margin=&raquo;||||false|false&raquo; custom_margin_tablet=&raquo;||||false|false&raquo; custom_margin_phone=&raquo;||||false|false&raquo; custom_margin_last_edited=&raquo;on|phone&raquo; global_colors_info=&raquo;{}&raquo;]<strong>Mailyn Soulfree<\/strong> er en singer\/songwriter f\u00f8dt i Managua, Nicaragua og oppvokst i Miami, Florida. Denne sjelfulle sangfuglen har sunget og l\u00e6rt sanger siden hun var liten jente, etter \u00e5 ha vokst opp med \u00e5 lytte til endel\u00f8se Soul, R&amp;B, Pop og Latin. Hennes tidlige p\u00e5virkninger var Michael Jackson, Mariah Carey, Celia Cruz og Whitney Houston. Hun gikk p\u00e5 audition for New York International Music Festival og ble tildelt muligheten til \u00e5 synge p\u00e5 Madison Square Garden under festivalens f\u00f8rste nettverksmixkonsert noensinne for nye artister. i 2014 ble hun med i rollebesetningen til The Cabaret South Beach og har opptr\u00e5dt regelmessig i begge arenaene deres. I tillegg har hun dukket opp p\u00e5 Magic City Casino, The Hard Rock, Miami Beach Gay Pride-konserten, og var en fremhevet solist p\u00e5 LGBTQ-gallaen til \u00e6re for Gloria Estefan. Mailyn f\u00e5r selskap av Rick leonard p\u00e5 tastene.[\/et_pb_text][\/et_pb_column][\/et_pb_row][\/et_pb_section]<\/p>\n","protected":false},"excerpt":{"rendered":"<p><div class=\"trip-overlay\"><div class=\"trip-title\"><h1>Turfliser med tittel \u2013 kun cruise<\/h1><\/div><\/div>Mailyn Soulfree er en singer\/songwriter f\u00f8dt i Managua, Nicaragua og oppvokst i Miami, Florida. Denne sjelfulle sangfuglen har sunget og l\u00e6rt sanger siden hun var liten jente, etter \u00e5 ha vokst opp med \u00e5 lytte til endel\u00f8se Soul, R&amp;B, Pop og Latin. Hennes tidlige p\u00e5virkninger var Michael Jackson, Mariah Carey, Celia Cruz og Whitney Houston. [&hellip;]<\/p>\n","protected":false},"author":4,"featured_media":0,"parent":0,"menu_order":0,"comment_status":"closed","ping_status":"closed","template":"","meta":{"_acf_changed":false,"_et_pb_use_builder":"on","_et_pb_old_content":"","_et_gb_content_width":"","_monsterinsights_skip_tracking":false,"_monsterinsights_sitenote_active":false,"_monsterinsights_sitenote_note":"","_monsterinsights_sitenote_category":0,"footnotes":""},"class_list":["post-43746","page","type-page","status-publish","hentry"],"acf":[],"_links":{"self":[{"href":"https:\/\/www.myvacaya.com\/no\/wp-json\/wp\/v2\/pages\/43746","targetHints":{"allow":["GET"]}}],"collection":[{"href":"https:\/\/www.myvacaya.com\/no\/wp-json\/wp\/v2\/pages"}],"about":[{"href":"https:\/\/www.myvacaya.com\/no\/wp-json\/wp\/v2\/types\/page"}],"author":[{"embeddable":true,"href":"https:\/\/www.myvacaya.com\/no\/wp-json\/wp\/v2\/users\/4"}],"replies":[{"embeddable":true,"href":"https:\/\/www.myvacaya.com\/no\/wp-json\/wp\/v2\/comments?post=43746"}],"version-history":[{"count":15,"href":"https:\/\/www.myvacaya.com\/no\/wp-json\/wp\/v2\/pages\/43746\/revisions"}],"predecessor-version":[{"id":45142,"href":"https:\/\/www.myvacaya.com\/no\/wp-json\/wp\/v2\/pages\/43746\/revisions\/45142"}],"wp:attachment":[{"href":"https:\/\/www.myvacaya.com\/no\/wp-json\/wp\/v2\/media?parent=43746"}],"curies":[{"name":"wp","href":"https:\/\/api.w.org\/{rel}","templated":true}]}}