{"id":43663,"date":"2018-03-29T17:54:59","date_gmt":"2018-03-29T21:54:59","guid":{"rendered":"https:\/\/www.myvacaya.com\/travel-pro-ressurser\/salg-og-markedsforingmed-vacaya\/"},"modified":"2023-07-22T14:52:29","modified_gmt":"2023-07-22T18:52:29","slug":"salg-og-markedsforingmed-vacaya","status":"publish","type":"page","link":"https:\/\/www.myvacaya.com\/no\/travel-pro-ressurser\/salg-og-markedsforingmed-vacaya\/","title":{"rendered":"Salg og markedsf\u00f8ring med VACAYA"},"content":{"rendered":"<p>[et_pb_section fb_built=&raquo;1&#8243; fullwidth=&raquo;on&raquo; admin_label=&raquo;Slider&raquo; module_id=&raquo;skyve-seksjon-interi\u00f8r&raquo; _builder_version=&raquo;4.17.6&#8243; _module_preset=&raquo;default&raquo; background_enable_image=&raquo;off&raquo; global_colors_info=&raquo;{}&raquo;][et_pb_fullwidth_code admin_label=&raquo;Slider Overlay&raquo; module_class=&raquo;interior-page-overlay&raquo; _builder_version=&raquo;4.17.6&#8243; _module_preset=&raquo;default&raquo; positioning=&raquo;absolute&raquo; position_origin_a=&raquo;top_right&raquo; position_origin_f=&raquo;top_right&raquo; z_index=&raquo;100&#8243; width=&raquo;50%&raquo; width_tablet=&raquo;50%&raquo; width_phone=&raquo;100%&raquo; width_last_edited=&raquo;on|phone&raquo; height=&raquo;100vh&raquo; hover_enabled=&raquo;0&#8243; global_colors_info=&raquo;{}&raquo; sticky_enabled=&raquo;0&#8243;]<div class=\"trip-overlay\"><div class=\"trip-title\"><h1>Salg og markedsf\u00f8ring med VACAYA<\/h1><\/div><\/div>[\/et_pb_fullwidth_code][et_pb_fullwidth_slider show_arrows=&raquo;off&raquo; admin_label=&raquo;Slider Images&raquo; module_id=&raquo;slider-images&raquo; _builder_version=&raquo;4.17.6&#8243; _module_preset=&raquo;default&raquo; height=&raquo;100vh&raquo; auto=&raquo;on&raquo; global_colors_info=&raquo;{}&raquo;][et_pb_slide _builder_version=&raquo;4.17.6&#8243; _module_preset=&raquo;default&raquo; background_color=&raquo;RGBA(255,255,255,0)&raquo; background_enable_color=&raquo;on&raquo; background_image=&raquo;https:\/\/www.myvacaya.com\/wp-content\/uploads\/2022\/09\/travel-agents-selling-marketing.jpg&raquo; background_enable_image=&raquo;on&raquo; background_last_edited=&raquo;on|desktop&raquo; background_image_phone=&raquo;https:\/\/www.myvacaya.com\/wp-content\/uploads\/2022\/11\/selling-marketing-vacayamobile-414&#215;500-1.png&raquo; background_enable_image_phone=&raquo;on&raquo; global_colors_info=&raquo;{}&raquo; sticky_transition=&raquo;on&raquo;][\/et_pb_slide][\/et_pb_fullwidth_slider][\/et_pb_section][et_pb_section fb_built=&raquo;1&#8243; custom_padding_last_edited=&raquo;on|phone&raquo; _builder_version=&raquo;4.17.6&#8243; _module_preset=&raquo;default&raquo; custom_padding=&raquo;||||false|false&raquo; custom_padding_tablet=&raquo;||||false|false&raquo; custom_padding_phone=&raquo;||||false|false&raquo; global_colors_info=&raquo;{}&raquo;][et_pb_row custom_padding_last_edited=&raquo;on|desktop&raquo; _builder_version=&raquo;4.17.6&#8243; _module_preset=&raquo;default&raquo; custom_padding=&raquo;||||false|false&raquo; custom_padding_tablet=&raquo;||||false|false&raquo; custom_padding_phone=&raquo;||||false|false&raquo; global_colors_info=&raquo;{}&raquo;][et_pb_column type=&raquo;4_4&#8243; _builder_version=&raquo;4.17.6&#8243; _module_preset=&raquo;default&raquo; global_colors_info=&raquo;{}&raquo;][et_pb_text _builder_version=&raquo;4.17.6&#8243; _module_preset=&raquo;default&raquo; custom_margin=&raquo;||||false|false&raquo; custom_margin_tablet=&raquo;||||false|false&raquo; custom_margin_phone=&raquo;||||false|false&raquo; custom_margin_last_edited=&raquo;on|phone&raquo; global_colors_info=&raquo;{}&raquo;]\u00c5 v\u00e6re en autorisert VACAYA Travel Professional er en hyllest til din kunnskap om VACAYA-produktet og verdien ditt byr\u00e5 tilf\u00f8rer v\u00e5re felles kunder. Salg og markedsf\u00f8ring med VACAYA vil l\u00e5se opp verdifulle fordeler og kompensasjonsmuligheter. P\u00e5 forh\u00e5nd takk for at du utnytter disse ressursene og st\u00f8tter v\u00e5re retningslinjer for gjensidig fordel.[\/et_pb_text][et_pb_text admin_label=&raquo;Section Title &#8211; H3&#8243; _builder_version=&raquo;4.17.6&#8243; _module_preset=&raquo;default&raquo; header_3_font=&raquo;Futura Bold|||on|||||&raquo; header_3_text_align=&raquo;center&raquo; header_3_text_color=&raquo;#000000&#8243; header_3_font_size=&raquo;18px&raquo; header_3_letter_spacing=&raquo;1.8px&raquo; header_3_line_height=&raquo;24px&raquo; custom_margin=&raquo;||||false|false&raquo; custom_margin_tablet=&raquo;||||false|false&raquo; custom_margin_phone=&raquo;||||false|false&raquo; custom_margin_last_edited=&raquo;on|phone&raquo; custom_padding=&raquo;||||false|false&raquo; custom_padding_tablet=&raquo;||||false|false&raquo; custom_padding_phone=&raquo;||||false|false&raquo; custom_padding_last_edited=&raquo;on|phone&raquo; global_colors_info=&raquo;{}&raquo;]<\/p>\n<h3>SELGER MED VACAYA<\/h3>\n<p>[\/et_pb_text][et_pb_text _builder_version=&raquo;4.17.6&#8243; _module_preset=&raquo;default&raquo; global_colors_info=&raquo;{}&raquo;]Her finner du all informasjonen du trenger for \u00e5 forst\u00e5 og opprettholde det solide forholdet mellom VAVACA og din klient, og viktigere, hvordan du kan tjene verdifulle provisjoner.<\/p>\n<p>Og, selvf\u00f8lgelig, hvis du noen gang har noen sp\u00f8rsm\u00e5l\/tilbakemeldinger, vil teamet v\u00e5rt alltid v\u00e6re der for deg.<\/p>\n<p><a class=\"btn-pink-inline\" href=\"https:\/\/www.myvacaya.com\/no\/travel-pro-ressurser\/travel-pro-retningslinjer\/\"><span>Travel Pro-retningslinjer<\/span><\/a>[\/et_pb_text][\/et_pb_column][\/et_pb_row][et_pb_row _builder_version=&raquo;4.17.6&#8243; _module_preset=&raquo;default&raquo; global_colors_info=&raquo;{}&raquo;][et_pb_column type=&raquo;4_4&#8243; _builder_version=&raquo;4.17.6&#8243; _module_preset=&raquo;default&raquo; global_colors_info=&raquo;{}&raquo;][et_pb_text admin_label=&raquo;Section Title &#8211; H3&#8243; _builder_version=&raquo;4.17.6&#8243; _module_preset=&raquo;default&raquo; header_3_font=&raquo;Futura Bold|||on|||||&raquo; header_3_text_align=&raquo;center&raquo; header_3_text_color=&raquo;#000000&#8243; header_3_font_size=&raquo;18px&raquo; header_3_letter_spacing=&raquo;1.8px&raquo; header_3_line_height=&raquo;24px&raquo; custom_margin=&raquo;||||false|false&raquo; custom_margin_tablet=&raquo;||||false|false&raquo; custom_margin_phone=&raquo;||||false|false&raquo; custom_margin_last_edited=&raquo;on|phone&raquo; custom_padding=&raquo;||||false|false&raquo; custom_padding_tablet=&raquo;||||false|false&raquo; custom_padding_phone=&raquo;||||false|false&raquo; custom_padding_last_edited=&raquo;on|phone&raquo; global_colors_info=&raquo;{}&raquo;]<\/p>\n<h3>MARKEDSF\u00d8RING MED VACAYA<\/h3>\n<p>[\/et_pb_text][\/et_pb_column][\/et_pb_row][et_pb_row column_structure=&raquo;2_3,1_3&#8243; _builder_version=&raquo;4.17.6&#8243; _module_preset=&raquo;default&raquo; global_colors_info=&raquo;{}&raquo;][et_pb_column type=&raquo;2_3&#8243; _builder_version=&raquo;4.17.6&#8243; _module_preset=&raquo;default&raquo; global_colors_info=&raquo;{}&raquo;][et_pb_text _builder_version=&raquo;4.17.6&#8243; _module_preset=&raquo;default&raquo; global_colors_info=&raquo;{}&raquo;]Markedsf\u00f8ringsseksjonen v\u00e5r fremhever fordelene og fordelene byr\u00e5et ditt vil nyte ved \u00e5 bygge et forhold til oss. Du vil oppdage utallige verkt\u00f8y og ressurser som er tilgjengelige gjennom VACAYAs Authorized Travel Professional Program for \u00e5 hjelpe deg med \u00e5 markedsf\u00f8re og utvide virksomheten din. Til slutt vil vi skissere retningslinjene som styrer programmet v\u00e5rt for \u00e5 hjelpe deg med \u00e5 opprettholde et godt omd\u00f8mme hos VACAYA.<\/p>\n<p>Etter hvert som forholdet ditt til The Vacayans blir sterkere, er vi sikre p\u00e5 at du vil finne oss som innbydende partnere i din suksess &#8211; et fullstendig samarbeidende team bygget rundt gjensidig forst\u00e5else og respekt for arbeidet du gj\u00f8r.<\/p>\n<p>Hele teamet v\u00e5rt er her for \u00e5 hjelpe deg med \u00e5 selge VACAYA, men hvis du noen gang trenger direkte personlig assistanse, vennligst send en e-post til <strong><a href=\"mailto:travelagents@myvacaya.com\" target=\"_blank\" rel=\"noopener\">travelagents@myvacaya.com<\/a><\/strong> , s\u00e5 skal vi gj\u00f8re v\u00e5rt beste for \u00e5 komme tilbake til deg raskt.<\/p>\n<p><a class=\"btn-pink-inline\" href=\"https:\/\/www.myvacaya.com\/no\/travel-pro-ressurser\/travel-pro-marketing-retningslinjer\/\"><span>Markedsf\u00f8ringsretningslinjer<\/span><\/a>[\/et_pb_text][\/et_pb_column][et_pb_column type=&raquo;1_3&#8243; _builder_version=&raquo;4.17.6&#8243; _module_preset=&raquo;default&raquo; global_colors_info=&raquo;{}&raquo;][revslider_divi revslider_divi=&raquo;%91rev_slider alias=%22travel-agent-patrick%22 slidertitle=%22Travel Agent &#8211; Patrick%22%93%91\/rev_slider%93&#8243; _builder_version=&raquo;4.17.6&#8243; _module_preset=&raquo;default&raquo; global_colors_info=&raquo;{}&raquo;][\/revslider_divi][\/et_pb_column][\/et_pb_row][\/et_pb_section]<\/p>\n","protected":false},"excerpt":{"rendered":"<p><div class=\"trip-overlay\"><div class=\"trip-title\"><h1>Turfliser med tittel \u2013 kun cruise<\/h1><\/div><\/div>\u00c5 v\u00e6re en autorisert VACAYA Travel Professional er en hyllest til din kunnskap om VACAYA-produktet og verdien ditt byr\u00e5 tilf\u00f8rer v\u00e5re felles kunder. Salg og markedsf\u00f8ring med VACAYA vil l\u00e5se opp verdifulle fordeler og kompensasjonsmuligheter. P\u00e5 forh\u00e5nd takk for at du utnytter disse ressursene og st\u00f8tter v\u00e5re retningslinjer for gjensidig fordel.SELGER MED VACAYAHer finner du [&hellip;]<\/p>\n","protected":false},"author":1,"featured_media":0,"parent":43657,"menu_order":0,"comment_status":"closed","ping_status":"closed","template":"","meta":{"_acf_changed":false,"_et_pb_use_builder":"on","_et_pb_old_content":"","_et_gb_content_width":"","_monsterinsights_skip_tracking":false,"_monsterinsights_sitenote_active":false,"_monsterinsights_sitenote_note":"","_monsterinsights_sitenote_category":0,"footnotes":""},"class_list":["post-43663","page","type-page","status-publish","hentry"],"acf":[],"_links":{"self":[{"href":"https:\/\/www.myvacaya.com\/no\/wp-json\/wp\/v2\/pages\/43663","targetHints":{"allow":["GET"]}}],"collection":[{"href":"https:\/\/www.myvacaya.com\/no\/wp-json\/wp\/v2\/pages"}],"about":[{"href":"https:\/\/www.myvacaya.com\/no\/wp-json\/wp\/v2\/types\/page"}],"author":[{"embeddable":true,"href":"https:\/\/www.myvacaya.com\/no\/wp-json\/wp\/v2\/users\/1"}],"replies":[{"embeddable":true,"href":"https:\/\/www.myvacaya.com\/no\/wp-json\/wp\/v2\/comments?post=43663"}],"version-history":[{"count":4,"href":"https:\/\/www.myvacaya.com\/no\/wp-json\/wp\/v2\/pages\/43663\/revisions"}],"predecessor-version":[{"id":45206,"href":"https:\/\/www.myvacaya.com\/no\/wp-json\/wp\/v2\/pages\/43663\/revisions\/45206"}],"up":[{"embeddable":true,"href":"https:\/\/www.myvacaya.com\/no\/wp-json\/wp\/v2\/pages\/43657"}],"wp:attachment":[{"href":"https:\/\/www.myvacaya.com\/no\/wp-json\/wp\/v2\/media?parent=43663"}],"curies":[{"name":"wp","href":"https:\/\/api.w.org\/{rel}","templated":true}]}}