{"id":43655,"date":"2018-02-10T15:13:57","date_gmt":"2018-02-10T20:13:57","guid":{"rendered":"https:\/\/www.myvacaya.com\/om-vacaya\/vart-navn\/"},"modified":"2026-01-09T05:58:10","modified_gmt":"2026-01-09T10:58:10","slug":"vart-navn","status":"publish","type":"page","link":"https:\/\/www.myvacaya.com\/no\/om-vacaya\/vart-navn\/","title":{"rendered":"V\u00e5rt navn"},"content":{"rendered":"<p>[et_pb_section fb_built=&raquo;1&#8243; fullwidth=&raquo;on&raquo; admin_label=&raquo;Slider&raquo; module_id=&raquo;skyve-seksjon-interi\u00f8r&raquo; _builder_version=&raquo;4.17.6&#8243; _module_preset=&raquo;default&raquo; background_enable_image=&raquo;off&raquo; global_colors_info=&raquo;{}&raquo;][et_pb_fullwidth_code admin_label=&raquo;Slider Overlay&raquo; module_class=&raquo;interior-page-overlay&raquo; _builder_version=&raquo;4.17.6&#8243; _module_preset=&raquo;default&raquo; positioning=&raquo;absolute&raquo; position_origin_a=&raquo;top_right&raquo; position_origin_f=&raquo;top_right&raquo; z_index=&raquo;100&#8243; width=&raquo;50%&raquo; width_tablet=&raquo;50%&raquo; width_phone=&raquo;100%&raquo; width_last_edited=&raquo;on|phone&raquo; height=&raquo;100vh&raquo; global_colors_info=&raquo;{}&raquo;]<div class=\"trip-overlay\"><div class=\"trip-title\"><h1>V\u00e5rt navn<\/h1><\/div><\/div>[\/et_pb_fullwidth_code][et_pb_fullwidth_slider show_arrows=&raquo;off&raquo; admin_label=&raquo;Slider Images&raquo; module_id=&raquo;slider-images&raquo; _builder_version=&raquo;4.17.6&#8243; _module_preset=&raquo;default&raquo; height=&raquo;100vh&raquo; auto=&raquo;on&raquo; global_colors_info=&raquo;{}&raquo;][et_pb_slide _builder_version=&raquo;4.17.6&#8243; _module_preset=&raquo;default&raquo; background_color=&raquo;RGBA(255,255,255,0)&raquo; background_enable_color=&raquo;on&raquo; background_image=&raquo;https:\/\/www.myvacaya.com\/wp-content\/uploads\/2022\/09\/vacaya-sketch-our-name.png&raquo; background_enable_image=&raquo;on&raquo; background_last_edited=&raquo;on|desktop&raquo; background_image_phone=&raquo;https:\/\/www.myvacaya.com\/wp-content\/uploads\/2022\/11\/vacaya-our-name-mobile-414&#215;500-1.jpg&raquo; background_enable_image_phone=&raquo;on&raquo; global_colors_info=&raquo;{}&raquo; sticky_transition=&raquo;on&raquo;][\/et_pb_slide][\/et_pb_fullwidth_slider][\/et_pb_section][et_pb_section fb_built=&raquo;1&#8243; custom_padding_last_edited=&raquo;on|phone&raquo; _builder_version=&raquo;4.17.6&#8243; _module_preset=&raquo;default&raquo; custom_padding=&raquo;||||false|false&raquo; custom_padding_tablet=&raquo;||||false|false&raquo; custom_padding_phone=&raquo;||||false|false&raquo; global_colors_info=&raquo;{}&raquo;][et_pb_row custom_padding_last_edited=&raquo;on|desktop&raquo; _builder_version=&raquo;4.17.6&#8243; _module_preset=&raquo;default&raquo; custom_padding=&raquo;||||false|false&raquo; custom_padding_tablet=&raquo;||||false|false&raquo; custom_padding_phone=&raquo;||||false|false&raquo; global_colors_info=&raquo;{}&raquo;][et_pb_column type=&raquo;4_4&#8243; _builder_version=&raquo;4.17.6&#8243; _module_preset=&raquo;default&raquo; global_colors_info=&raquo;{}&raquo;][et_pb_text _builder_version=&raquo;4.27.4&#8243; _module_preset=&raquo;default&raquo; custom_margin=&raquo;||||false|false&raquo; custom_margin_tablet=&raquo;||||false|false&raquo; custom_margin_phone=&raquo;||||false|false&raquo; custom_margin_last_edited=&raquo;on|phone&raquo; hover_enabled=&raquo;0&#8243; global_colors_info=&raquo;{}&raquo; sticky_enabled=&raquo;0&#8243;]<\/p>\n<p>Inspirasjonen til navnet v\u00e5rt begynte for John, Randle og Patrick lenge f\u00f8r rollene deres i chartervirksomheten med full skip\/feriested, selv f\u00f8r deres \u00e5tte ti\u00e5r med erfaring innen ledelse, markedsf\u00f8ring og drift.<\/p>\n<p>VACAYA-konseptet ble utl\u00f8st p\u00e5 deres egne ferier, hvor de m\u00f8tte to vidt forskjellige opplevelser. Cruisene for alle homofile var befriende, styrkende og morsomme, men begrenset til et lite spekter av mennesker. Og selv om alle elsker en god tid, er det mer til en minneverdig ferie enn bare fester. Vanlige ferier tilb\u00f8d flere aktiviteter og destinasjoner, og var tilgjengelige for et mangfoldig sett med mennesker, men f\u00f8ltes ikke alltid som et vennlig, d\u00f8mmende milj\u00f8.<\/p>\n<p>De delte alle en f\u00f8lelse av at det var et s\u00f8tt sted \u2013 en flott \u00abmellom\u00bb \u2013 en som ga gleden av likesinnede mennesker som kom sammen for \u00e5 feire, med flere aktiviteter, destinasjoner og m\u00e5ter \u00e5 tilpasse ferieopplevelsen p\u00e5 enn noen gang f\u00f8r. En som utnyttet smart, teknisk kunnskapsrik booking og kundeservice \u2013 akkurat som du kanskje forventer med en vanlig ferie.<\/p>\n<p>Fra denne inspirasjonen ble VACAYA f\u00f8dt. Navnet i seg selv taler til konseptet: &laquo;VACAYA&raquo; er et ord fra <a href=\"https:\/\/theculturetrip.com\/europe\/united-kingdom\/england\/london\/articles\/this-secret-language-allowed-gay-men-to-communicate-when-homosexuality-was-illegal\/?utm_source=facebook&amp;utm_medium=facebook&amp;utm_campaign=072018secretlanguagegay\" target=\"_blank\" rel=\"noopener\">Polari<\/a> , et flere hundre \u00e5r gammelt spr\u00e5k som brukes av den homofile subkulturen for \u00e5 kommunisere diskret. Ved siden av det har slangordet &laquo;vacay&raquo; blitt et tilfeldig mainstream-begrep for ferie. Til sammen feirer de to betydningene v\u00e5r LHBT-identitet og den inkluderende, gledelige og uhemmede \u00e5nden vi verdsetter.<\/p>\n<p>V-teamet og alle Vacayans inviterer deg til \u00e5 \u00e5pne deg opp for nye opplevelser, bevisst utforskning, endel\u00f8s moro og dypere forbindelser &#8230; vi inviterer deg til VACAYA.<\/p>\n<p>&nbsp;<\/p>\n<p>VACAYA ble grunnlagt 27. september 2017, med offentlig lansering 2. mai 2018, og v\u00e5rt f\u00f8rste cruise 11.\u201318. august 2019.  <\/p>\n<p>[\/et_pb_text][\/et_pb_column][\/et_pb_row][\/et_pb_section][et_pb_section fb_built=&raquo;1&#8243; admin_label=&raquo;The Vacaya Difference&raquo; _builder_version=&raquo;4.17.6&#8243; _module_preset=&raquo;default&raquo; background_color=&raquo;#191919&#8243; custom_padding=&raquo;||||false|false&raquo; global_colors_info=&raquo;{}&raquo;][et_pb_row _builder_version=&raquo;4.17.6&#8243; _module_preset=&raquo;default&raquo; global_colors_info=&raquo;{}&raquo;][et_pb_column type=&raquo;4_4&#8243; _builder_version=&raquo;4.17.4&#8243; _module_preset=&raquo;default&raquo; global_colors_info=&raquo;{}&raquo;][et_pb_text admin_label=&raquo;Section Title &#8211; H3&#8243; _builder_version=&raquo;4.17.6&#8243; _module_preset=&raquo;default&raquo; header_3_font=&raquo;Futura Bold|||on|||||&raquo; header_3_text_align=&raquo;center&raquo; header_3_text_color=&raquo;#FFFFFF&raquo; header_3_font_size=&raquo;18px&raquo; header_3_letter_spacing=&raquo;1.8px&raquo; header_3_line_height=&raquo;24px&raquo; custom_margin=&raquo;||4%||false|false&raquo; custom_margin_tablet=&raquo;||4%||false|false&raquo; custom_margin_phone=&raquo;||40px||false|false&raquo; custom_margin_last_edited=&raquo;on|phone&raquo; global_colors_info=&raquo;{}&raquo;]<\/p>\n<h3>Vacaya-forskjellen<\/h3>\n<p>[\/et_pb_text][dmpro_carousel columns=&raquo;5&#8243; space_between=&raquo;32&#8243; container_padding=&raquo;0px|30px|0px|30px|false|false&raquo; loop=&raquo;on&raquo; autoplay=&raquo;on&raquo; pause_on_hover=&raquo;off&raquo; autoplay_speed=&raquo;3000&#8243; columns_tablet=&raquo;3&#8243; columns_phone=&raquo;2&#8243; columns_last_edited=&raquo;on|desktop&raquo; _builder_version=&raquo;4.17.6&#8243; _module_preset=&raquo;default&raquo; title_font=&raquo;Futura Bold|||on|||||&raquo; title_text_color=&raquo;#FFFFFF&raquo; title_font_size=&raquo;18px&raquo; title_letter_spacing=&raquo;0.1em&raquo; title_line_height=&raquo;24px&raquo; desc_font=&raquo;Helvetica||||||||&raquo; desc_text_color=&raquo;#FFFFFF&raquo; desc_font_size=&raquo;16px&raquo; desc_line_height=&raquo;1.5em&raquo; global_colors_info=&raquo;{}&raquo;][dmpro_carousel_child title=&raquo;Bli ambassad\u00f8r&raquo; img_src=&raquo;https:\/\/www.myvacaya.com\/wp-content\/uploads\/2022\/07\/ambassadors-1.jpg&raquo; text_title=&raquo;Bli ambassad\u00f8r&raquo; desc_text=&raquo;Eager to help spread the news about VACAYA? We have everything you need to get started!&raquo; _builder_version=&raquo;4.17.4&#8243; _module_preset=&raquo;default&raquo; global_colors_info=&raquo;{}&raquo;][\/dmpro_carousel_child][dmpro_carousel_child title=&raquo;Tilbud uten sidestykke&raquo; img_src=&raquo;https:\/\/www.myvacaya.com\/wp-content\/uploads\/2022\/07\/unparalled-offers.png&raquo; text_title=&raquo;Tilbud uten sidestykke&raquo; desc_text=&raquo;Are you ready to dive into VACAYA headfirst? We\u2019ve got a special selection of offers just for you!&raquo; _builder_version=&raquo;4.17.4&#8243; _module_preset=&raquo;default&raquo; global_colors_info=&raquo;{}&raquo;][\/dmpro_carousel_child][dmpro_carousel_child title=&raquo;tilgjengelighet&raquo; img_src=&raquo;https:\/\/www.myvacaya.com\/wp-content\/uploads\/2022\/07\/accesibility.jpg&raquo; text_title=&raquo;tilgjengelighet&raquo; desc_text=&raquo;VACAYA and our partners create a welcoming environment for travelers with special needs.&raquo; _builder_version=&raquo;4.17.4&#8243; _module_preset=&raquo;default&raquo; global_colors_info=&raquo;{}&raquo;][\/dmpro_carousel_child][dmpro_carousel_child title=&raquo;Gi tilbake&raquo; img_src=&raquo;https:\/\/www.myvacaya.com\/wp-content\/uploads\/2022\/07\/giving-back-2.jpg&raquo; text_title=&raquo;Gi tilbake&raquo; desc_text=&raquo;Our efforts in the community reflect our commitment to the idea that we can all make a difference.&raquo; _builder_version=&raquo;4.17.4&#8243; _module_preset=&raquo;default&raquo; global_colors_info=&raquo;{}&raquo;][\/dmpro_carousel_child][dmpro_carousel_child title=&raquo;Alle er velkommen&raquo; img_src=&raquo;https:\/\/www.myvacaya.com\/wp-content\/uploads\/2022\/07\/all-are-welcome.png&raquo; text_title=&raquo;Alle er velkommen&raquo; desc_text=&raquo;Open your mind to the rainbow of fun that can be had in the world. <em>That\u2019s<\/em> the spirit of VACAYA!&raquo; _builder_version=&raquo;4.17.4&#8243; _module_preset=&raquo;default&raquo; global_colors_info=&raquo;{}&raquo;][\/dmpro_carousel_child][dmpro_carousel_child title=&raquo;V\u00e5re erfaringer&raquo; img_src=&raquo;https:\/\/www.myvacaya.com\/wp-content\/uploads\/2022\/07\/vacaya-experiences.jpg&raquo; text_title=&raquo;V\u00e5re erfaringer&raquo; desc_text=&raquo;VACAYA delivers vacations tailored to the unique desires of our guests. How will <em>you<\/em> VACAYA?&raquo; _builder_version=&raquo;4.17.4&#8243; _module_preset=&raquo;default&raquo; global_colors_info=&raquo;{}&raquo;][\/dmpro_carousel_child][dmpro_carousel_child title=&raquo;Alfabetsuppe&raquo; img_src=&raquo;https:\/\/www.myvacaya.com\/wp-content\/uploads\/2022\/07\/the-difference-alphabet-soup-290&#215;175-2.jpg&raquo; text_title=&raquo;Alfabetsuppe&raquo; desc_text=&raquo;Look no further\u2026 VACAYA\u2019s handy guide will help you navigate the entire LGBTQIAPK spectrum.&raquo; _builder_version=&raquo;4.17.4&#8243; _module_preset=&raquo;default&raquo; global_colors_info=&raquo;{}&raquo;][\/dmpro_carousel_child][dmpro_carousel_child title=&raquo;Enslige reisende&raquo; img_src=&raquo;https:\/\/www.myvacaya.com\/wp-content\/uploads\/2022\/07\/step-by-step.jpg&raquo; text_title=&raquo;Enslige reisende&raquo; desc_text=&raquo;<\/p>\n<p>VACAYA\u2019s \u201cSolo Traveling with Ease Program\u201d is perfect for single travelers looking to join in the fun.<\/p>\n<p>&raquo; _builder_version=&raquo;4.17.4&#8243; _module_preset=&raquo;default&raquo; global_colors_info=&raquo;{}&raquo;][\/dmpro_carousel_child][\/dmpro_carousel][\/et_pb_column][\/et_pb_row][\/et_pb_section]<\/p>\n","protected":false},"excerpt":{"rendered":"<p><div class=\"trip-overlay\"><div class=\"trip-title\"><h1>Turfliser med tittel \u2013 kun cruise<\/h1><\/div><\/div>Inspirasjonen til navnet v\u00e5rt begynte for John, Randle og Patrick lenge f\u00f8r rollene deres i chartervirksomheten med full skip\/feriested, selv f\u00f8r deres \u00e5tte ti\u00e5r med erfaring innen ledelse, markedsf\u00f8ring og drift. VACAYA-konseptet ble utl\u00f8st p\u00e5 deres egne ferier, hvor de m\u00f8tte to vidt forskjellige opplevelser. Cruisene for alle homofile var befriende, styrkende og morsomme, men [&hellip;]<\/p>\n","protected":false},"author":1,"featured_media":0,"parent":43651,"menu_order":0,"comment_status":"closed","ping_status":"closed","template":"","meta":{"_acf_changed":false,"_et_pb_use_builder":"on","_et_pb_old_content":"","_et_gb_content_width":"","_monsterinsights_skip_tracking":false,"_monsterinsights_sitenote_active":false,"_monsterinsights_sitenote_note":"","_monsterinsights_sitenote_category":0,"footnotes":""},"class_list":["post-43655","page","type-page","status-publish","hentry"],"acf":[],"_links":{"self":[{"href":"https:\/\/www.myvacaya.com\/no\/wp-json\/wp\/v2\/pages\/43655","targetHints":{"allow":["GET"]}}],"collection":[{"href":"https:\/\/www.myvacaya.com\/no\/wp-json\/wp\/v2\/pages"}],"about":[{"href":"https:\/\/www.myvacaya.com\/no\/wp-json\/wp\/v2\/types\/page"}],"author":[{"embeddable":true,"href":"https:\/\/www.myvacaya.com\/no\/wp-json\/wp\/v2\/users\/1"}],"replies":[{"embeddable":true,"href":"https:\/\/www.myvacaya.com\/no\/wp-json\/wp\/v2\/comments?post=43655"}],"version-history":[{"count":21,"href":"https:\/\/www.myvacaya.com\/no\/wp-json\/wp\/v2\/pages\/43655\/revisions"}],"predecessor-version":[{"id":188523,"href":"https:\/\/www.myvacaya.com\/no\/wp-json\/wp\/v2\/pages\/43655\/revisions\/188523"}],"up":[{"embeddable":true,"href":"https:\/\/www.myvacaya.com\/no\/wp-json\/wp\/v2\/pages\/43651"}],"wp:attachment":[{"href":"https:\/\/www.myvacaya.com\/no\/wp-json\/wp\/v2\/media?parent=43655"}],"curies":[{"name":"wp","href":"https:\/\/api.w.org\/{rel}","templated":true}]}}