{"id":43596,"date":"2018-02-10T15:16:25","date_gmt":"2018-02-10T20:16:25","guid":{"rendered":"https:\/\/www.myvacaya.com\/gjesteressurser\/personvernerklaering\/"},"modified":"2023-07-22T14:44:16","modified_gmt":"2023-07-22T18:44:16","slug":"personvernerklaering","status":"publish","type":"page","link":"https:\/\/www.myvacaya.com\/no\/gjesteressurser\/personvernerklaering\/","title":{"rendered":"Personvernerkl\u00e6ring"},"content":{"rendered":"<p>[et_pb_section fb_built=&raquo;1&#8243; fullwidth=&raquo;on&raquo; admin_label=&raquo;Slider&raquo; module_id=&raquo;skyve-seksjon-interi\u00f8r&raquo; _builder_version=&raquo;4.17.6&#8243; _module_preset=&raquo;default&raquo; background_enable_image=&raquo;off&raquo; global_colors_info=&raquo;{}&raquo;][et_pb_fullwidth_code admin_label=&raquo;Slider Overlay&raquo; module_class=&raquo;interior-page-overlay&raquo; _builder_version=&raquo;4.17.6&#8243; _module_preset=&raquo;default&raquo; positioning=&raquo;absolute&raquo; position_origin_a=&raquo;top_right&raquo; position_origin_f=&raquo;top_right&raquo; z_index=&raquo;100&#8243; width=&raquo;50%&raquo; width_tablet=&raquo;50%&raquo; width_phone=&raquo;100%&raquo; width_last_edited=&raquo;on|phone&raquo; height=&raquo;100vh&raquo; hover_enabled=&raquo;0&#8243; global_colors_info=&raquo;{}&raquo; sticky_enabled=&raquo;0&#8243;]<div class=\"trip-overlay\"><div class=\"trip-title\"><h1>Personvernerkl\u00e6ring<\/h1><\/div><\/div>[\/et_pb_fullwidth_code][et_pb_fullwidth_slider show_arrows=&raquo;off&raquo; admin_label=&raquo;Slider Images&raquo; module_id=&raquo;slider-images&raquo; _builder_version=&raquo;4.17.6&#8243; _module_preset=&raquo;default&raquo; height=&raquo;100vh&raquo; auto=&raquo;on&raquo; global_colors_info=&raquo;{}&raquo;][et_pb_slide _builder_version=&raquo;4.17.6&#8243; _module_preset=&raquo;default&raquo; background_color=&raquo;RGBA(255,255,255,0)&raquo; background_enable_color=&raquo;on&raquo; background_image=&raquo;https:\/\/www.myvacaya.com\/wp-content\/uploads\/2022\/09\/privacy.jpg&raquo; background_enable_image=&raquo;on&raquo; background_last_edited=&raquo;on|desktop&raquo; background_image_phone=&raquo;https:\/\/www.myvacaya.com\/wp-content\/uploads\/2022\/11\/privacy-policy-mobile-414&#215;500-1.jpg&raquo; background_enable_image_phone=&raquo;on&raquo; global_colors_info=&raquo;{}&raquo; sticky_transition=&raquo;on&raquo;][\/et_pb_slide][\/et_pb_fullwidth_slider][\/et_pb_section][et_pb_section fb_built=&raquo;1&#8243; custom_padding_last_edited=&raquo;on|phone&raquo; _builder_version=&raquo;4.17.6&#8243; _module_preset=&raquo;default&raquo; custom_padding=&raquo;||||false|false&raquo; custom_padding_tablet=&raquo;||||false|false&raquo; custom_padding_phone=&raquo;||||false|false&raquo; global_colors_info=&raquo;{}&raquo;][et_pb_row custom_padding_last_edited=&raquo;on|desktop&raquo; _builder_version=&raquo;4.17.6&#8243; _module_preset=&raquo;default&raquo; custom_padding=&raquo;||||false|false&raquo; custom_padding_tablet=&raquo;||||false|false&raquo; custom_padding_phone=&raquo;||||false|false&raquo; global_colors_info=&raquo;{}&raquo;][et_pb_column type=&raquo;4_4&#8243; _builder_version=&raquo;4.17.6&#8243; _module_preset=&raquo;default&raquo; global_colors_info=&raquo;{}&raquo;][et_pb_text _builder_version=&raquo;4.17.6&#8243; _module_preset=&raquo;default&raquo; custom_margin=&raquo;||||false|false&raquo; custom_margin_tablet=&raquo;||||false|false&raquo; custom_margin_phone=&raquo;||||false|false&raquo; custom_margin_last_edited=&raquo;on|phone&raquo; global_colors_info=&raquo;{}&raquo;]Denne personvernerkl\u00e6ringen (&laquo;Retningslinjene&raquo;) gjelder informasjon mottatt av VACAYA (&laquo;Selskapet&raquo;). Denne erkl\u00e6ringen beskriver v\u00e5r personvernpolicy (&laquo;Retningslinjer&raquo;) med hensyn til data som samles inn via nettstedet v\u00e5rt, interaktive funksjoner, applikasjoner, widgets, blogger, sosiale nettverk og sosiale nettverk eller medlemskap &laquo;faner&raquo;, og andre online eller tr\u00e5dl\u00f8se tilbud som legger ut en lenke til denne personvernerkl\u00e6ringen, enten den er tilgjengelig via datamaskin, mobilenhet eller annen teknologi (sammen &laquo;nettstedet&raquo;). Denne policyen forklarer hvilken informasjon vi samler inn om deg og hva vi gj\u00f8r med den. Selskapet forbeholder seg retten til \u00e5 revidere denne personvernerkl\u00e6ringen n\u00e5r som helst. Vi vil varsle deg om eventuelle vesentlige endringer i retningslinjene ved \u00e5 legge ut den nye retningslinjen her og ved \u00e5 endre &laquo;Sist oppdatert&raquo;-datoen \u00f8verst. Du b\u00f8r med jevne mellomrom lese denne policyen for \u00e5 finne ut om eventuelle revisjoner.<\/p>\n<p><strong>Hvilken informasjon samler vi inn?<\/strong><br \/>\nDu gir oss frivillig personopplysninger n\u00e5r du foretar en handling som \u00e5 gj\u00f8re en reservasjon hos oss, ber om informasjon om VACAYA, bes\u00f8ker nettstedet eller gjennom forskjellige andre metoder. Vi samler inn kredittkortinformasjon fra deg der det er aktuelt, for \u00e5 forenkle dine kj\u00f8p. Vi samler inn individuelt identifiserbar personlig informasjon (&laquo;Personopplysninger&raquo;) som du oppgir til oss, slik som navn, e-postadresse, gateadresse, telefonnummer, postnummer, land, kj\u00f8nn, f\u00f8dselsdato, alder, medlem eller skjermnavn, og passord. I tillegg kan du velge \u00e5 gi VACAYA tilleggsinformasjon, inkludert sivilstatus, husholdningsinntekt, utdanning og arbeidsstatus. V\u00e5re unders\u00f8kelser ber om dine meninger om ulike sp\u00f8rsm\u00e5l. VACAYA tilbyr muligheten til \u00e5 videresende informasjon p\u00e5 nettstedet til en annen person via e-post eller sosiale medier. Hvis du bruker en av disse tjenestene, vil vi bruke mottakerens e-postadresse eller ditt sosiale mediesignal for \u00e5 sende informasjonen, og vi vil ogs\u00e5 be om e-postadressen din.<\/p>\n<p>P\u00e5 nettstedet v\u00e5rt, i tillegg til personopplysninger, samler vi ogs\u00e5 inn ikke-personlig identifiserbare data, slik som (men ikke begrenset til) antall unike bes\u00f8kende, bes\u00f8ksfrekvensen p\u00e5 nettstedet, sidene som vises p\u00e5 nettstedet, nettstedet den bes\u00f8kende ankom og drar til, samt IP-adressen til datamaskinen som brukes for \u00e5 f\u00e5 tilgang til nettstedet.<\/p>\n<p><strong>Hva gj\u00f8r vi med informasjonen vi samler inn?<\/strong><br \/>\nVi bruker personopplysningene vi samler inn til \u00e5 tilby v\u00e5re tjenester og engasjere oss i reklame- og markedsf\u00f8ringsaktiviteter. Vi bruker kredittkort og\/eller annen finansiell informasjon som du gir oss for \u00e5 oppfylle din bestilling eller foresp\u00f8rsel. Selskapet tar rimelige forholdsregler for \u00e5 fors\u00f8ke \u00e5 sikre sikkerheten og sikkerheten til v\u00e5re kunders nettbaserte transaksjoner. Kredittkortnumre som du oppgir p\u00e5 faktureringsnettsiden v\u00e5r, er kryptert og overf\u00f8rt gjennom SSL-teknologi (Secure Sockets Layer). SSL er industristandarden for sikring av nettmeldingstransaksjoner.<\/p>\n<p>Vi samler inn IP-adressen din (et nummer som er tildelt av Internett-leverand\u00f8ren til datamaskinen din for \u00e5 identifisere plasseringen). Vi bruker IP-adressen din til \u00e5 diagnostisere problemer med serveren v\u00e5r og administrere denne siden. Vi bruker ogs\u00e5 noen ganger IP-adresser for \u00e5 kommunisere med medlemmer og abonnenter og muligens til og med utestenge de medlemmene som ikke overholder v\u00e5re vilk\u00e5r for bruk.<\/p>\n<p><strong>Deler vi informasjonen vi samler inn med tredjeparter?<\/strong><br \/>\nVi deler personopplysninger s\u00e5 vel som ikke-personlig identifiserbare data med v\u00e5re forretningspartnere\/leverand\u00f8rer for \u00e5 tilby v\u00e5re tjenester, for markeds- og bransjeunders\u00f8kelsesform\u00e5l, for reklame- og markedsf\u00f8ringsform\u00e5l og av andre grunner.<\/p>\n<p>Selskapet kan overf\u00f8re all informasjon i sine databaser, inkludert men ikke begrenset til personopplysninger, til en tilknyttet eller tredjepart som en del av en overf\u00f8ring av virksomhetsmidler.<\/p>\n<p>Selskapet kan ogs\u00e5 frigi data for \u00e5 overholde enhver juridisk prosess, inkludert foresp\u00f8rsler fra rettsh\u00e5ndhevelse og offentlige etater, for \u00e5 h\u00e5ndheve vilk\u00e5rene for bruk av nettstedet og andre avtaler, og for \u00e5 beskytte kunder og andre. Vi kan gj\u00f8re det n\u00e5r vi i god tro mener at avsl\u00f8ring av denne informasjonen ellers er n\u00f8dvendig eller tilr\u00e5delig, inkludert for eksempel for \u00e5 identifisere, kontakte eller reise rettslige skritt mot noen som kan for\u00e5rsake skade p\u00e5 eller forstyrre rettighetene eller eiendommen til selskapet, en annen bruker eller noen andre som kan bli skadet av slike aktiviteter.<\/p>\n<p>Selskapet kan utlevere personopplysninger n\u00e5r vi har grunn til \u00e5 tro at utlevering av denne informasjonen er n\u00f8dvendig for \u00e5 identifisere, unders\u00f8ke, kontakte eller reise rettslige skritt mot noen som kan for\u00e5rsake skade p\u00e5 eller forstyrre (enten med vilje eller utilsiktet) nettstedet eller selskapets rettigheter eller eiendom.<\/p>\n<p><strong>Bruker vi informasjonskapsler?<\/strong><br \/>\nJa. Informasjonskapsler er sm\u00e5 datafiler som genereres av webservere og lagres p\u00e5 datamaskinen din for fremtidig tilgang. Vi bruker f\u00f8rst og fremst informasjonskapsler for \u00e5 forbedre din navigering p\u00e5 nettstedet v\u00e5rt. For eksempel kan en informasjonskapsel tillate deg \u00e5 fortsette \u00e5 handle uten \u00e5 m\u00e5tte legge inn varer som allerede er lagt i handlekurven p\u00e5 nytt. De fleste nettlesere aksepterer informasjonskapsler, men \u00abhjelp\u00bb-menyen i nettleseren din skal gi deg muligheter for \u00e5 forhindre, godta eller motta varsel om nye informasjonskapsler. Du kan konfigurere nettleseren din til \u00e5 deaktivere informasjonskapsler, men \u00e5 gj\u00f8re det kan svekke din bruk av nettstedet.<\/p>\n<p><strong>Hva med tredjepartskoblinger?<\/strong><br \/>\nDette nettstedet kan ha hyperlenker til andre nettsteder. Selskapet er ikke ansvarlig for deres personvernpraksis eller innhold. Vi oppfordrer deg til \u00e5 gjennomg\u00e5 personvernreglene for alle nettsider du bes\u00f8ker.<\/p>\n<p><strong>Sikkerhet<\/strong><br \/>\nSelv om selskapet streber etter \u00e5 beskytte personopplysninger og brukernes personvern, kan vi ikke garantere sikkerheten til informasjon du avsl\u00f8rer p\u00e5 nettet, og du gj\u00f8r det p\u00e5 egen risiko. Dessverre kan ingen dataoverf\u00f8ring over Internett garanteres \u00e5 v\u00e6re 100 % sikker. Som et resultat, mens vi streber etter \u00e5 beskytte dine personopplysninger, kan ikke selskapet garantere eller garantere sikkerheten til informasjon du overf\u00f8rer til oss eller fra v\u00e5re elektroniske produkter eller tjenester, og du gj\u00f8r det p\u00e5 egen risiko. N\u00e5r vi mottar overf\u00f8ringen din, bruker vi rimelig innsats for \u00e5 sikre sikkerheten p\u00e5 systemene v\u00e5re.<\/p>\n<p><strong>Tredjepartsannonsering<\/strong><br \/>\nAnnonser som vises p\u00e5 nettstedet kan bli levert til deg av en av v\u00e5re annonseringspartnere. V\u00e5re annonsepartnere kan bruke informasjonskapsler. Ved \u00e5 gj\u00f8re dette kan annonsenettverket gjenkjenne datamaskinen din hver gang de sender deg en nettannonsering. P\u00e5 denne m\u00e5ten kan annonsenettverk samle informasjon om hvor du, eller andre som bruker datamaskinen din, s\u00e5 annonsene deres og bestemme hvilke annonser som klikkes p\u00e5. Denne informasjonen lar et annonsenettverk levere m\u00e5lrettede annonser som de tror vil v\u00e6re av mest interesse for deg. VACAYA har ikke tilgang til eller kontroll over informasjonskapslene som kan plasseres p\u00e5 datamaskinen til bruk av tredjeparts annonseservere eller annonsenettverk.<\/p>\n<p><strong>Melding til innbyggere i California<\/strong><br \/>\nI henhold til California Civil Code Section 1798.83 har innbyggere i California rett til \u00e5 be skriftlig fra bedrifter som de har et etablert forretningsforhold til, (a) en liste over kategoriene av personlig informasjon, slik som navn, e-postadresse og postadresse og typen tjenester levert til kunden, som en virksomhet har gitt til tredjeparter (inkludert tilknyttede selskaper som er separate juridiske enheter) i l\u00f8pet av den umiddelbare foreg\u00e5ende kalender\u00e5r for tredjeparters direkte markedsf\u00f8ringsform\u00e5l og (b) navn og adresser til alle slike tredjeparter. For \u00e5 be om informasjonen ovenfor, vennligst kontakt oss p\u00e5 e-post til <strong><a href=\"mailto:marketing@myvacaya.com\">marketing@myvacaya.com<\/a><\/strong> eller skriv til: Attn: California Privacy Rights Info Request, <strong><a href=\"mailto:info@myvacaya.com\">info@myvacaya.com<\/a><\/strong> . Vi vil svare p\u00e5 slike foresp\u00f8rsler om informasjonstilgang innen 30 dager etter mottak p\u00e5 e-posten eller postadressen som er oppgitt ovenfor. V\u00e6r oppmerksom p\u00e5 at vi kun er p\u00e5lagt \u00e5 svare hver kunde \u00e9n gang per kalender\u00e5r.<\/p>\n<p>I tillegg krever California lov at vi angir om vi respekterer &laquo;Ikke spor&raquo;-innstillinger i nettleseren din ang\u00e5ende m\u00e5lrettet annonsering. Vi endrer for \u00f8yeblikket ikke v\u00e5r praksis n\u00e5r et ikke spor-signal mottas. For \u00e5 l\u00e6re om Ikke spor og for informasjon om hvordan du velger bort m\u00e5lrettet annonsering, klikk p\u00e5 <strong><a href=\"https:\/\/www.aboutads.info\/choices\" target=\"_blank\" rel=\"noopener\">www.aboutads.info\/choices<\/a><\/strong> .<\/p>\n<p><strong>Barn<\/strong><br \/>\nNettstedet er ikke ment for barn, og selskapet samler ikke med vilje inn personopplysninger fra barn. Hvis du har grunn til \u00e5 tro at vi har samlet inn personopplysninger fra noen under 13 \u00e5r, vennligst gi oss beskjed.<\/p>\n<p><strong>Hvordan melder jeg meg av eller avslutter abonnementet?<\/strong><br \/>\nAlle e-poster du mottar fra oss vil inneholde spesifikke instruksjoner om hvordan du kan avslutte abonnementet, og du kan melde deg av n\u00e5r som helst.<\/p>\n<ul>\n<li>F\u00f8lg instruksjonene gitt i enhver e-post fra selskapet; eller<\/li>\n<li>Send en e-post til f\u00f8lgende adresse: <strong><a href=\"mailto:info@myvacaya.com\">info@myvacaya.com<\/a><\/strong> , Oppmerksomhet: Sp\u00f8rsm\u00e5l om personvern p\u00e5 nettstedet<\/li>\n<\/ul>\n<p>Det kan ta opptil 2 uker f\u00f8r du kan avslutte abonnementet p\u00e5 alle selskapets e-poster.<\/p>\n<p><strong>P\u00e5stander<\/strong><br \/>\nHvis du mener at selskapet har handlet i strid med disse retningslinjene, vennligst gi oss beskjed enten p\u00e5 adressen ovenfor p\u00e5 <strong><a href=\"mailto:info@myvacaya.com\">info@myvacaya.com<\/a><\/strong> , s\u00e5 vil vi pr\u00f8ve \u00e5 l\u00f8se problemet ditt.[\/et_pb_text][\/et_pb_column][\/et_pb_row][\/et_pb_section]<\/p>\n","protected":false},"excerpt":{"rendered":"<p><div class=\"trip-overlay\"><div class=\"trip-title\"><h1>Turfliser med tittel \u2013 kun cruise<\/h1><\/div><\/div>Denne personvernerkl\u00e6ringen (&laquo;Retningslinjene&raquo;) gjelder informasjon mottatt av VACAYA (&laquo;Selskapet&raquo;). Denne erkl\u00e6ringen beskriver v\u00e5r personvernpolicy (&laquo;Retningslinjer&raquo;) med hensyn til data som samles inn via nettstedet v\u00e5rt, interaktive funksjoner, applikasjoner, widgets, blogger, sosiale nettverk og sosiale nettverk eller medlemskap &laquo;faner&raquo;, og andre online eller tr\u00e5dl\u00f8se tilbud som legger ut en lenke til denne personvernerkl\u00e6ringen, enten den er [&hellip;]<\/p>\n","protected":false},"author":1,"featured_media":0,"parent":43586,"menu_order":0,"comment_status":"closed","ping_status":"closed","template":"","meta":{"_acf_changed":false,"_et_pb_use_builder":"on","_et_pb_old_content":"","_et_gb_content_width":"","_monsterinsights_skip_tracking":false,"_monsterinsights_sitenote_active":false,"_monsterinsights_sitenote_note":"","_monsterinsights_sitenote_category":0,"footnotes":""},"class_list":["post-43596","page","type-page","status-publish","hentry"],"acf":[],"_links":{"self":[{"href":"https:\/\/www.myvacaya.com\/no\/wp-json\/wp\/v2\/pages\/43596","targetHints":{"allow":["GET"]}}],"collection":[{"href":"https:\/\/www.myvacaya.com\/no\/wp-json\/wp\/v2\/pages"}],"about":[{"href":"https:\/\/www.myvacaya.com\/no\/wp-json\/wp\/v2\/types\/page"}],"author":[{"embeddable":true,"href":"https:\/\/www.myvacaya.com\/no\/wp-json\/wp\/v2\/users\/1"}],"replies":[{"embeddable":true,"href":"https:\/\/www.myvacaya.com\/no\/wp-json\/wp\/v2\/comments?post=43596"}],"version-history":[{"count":7,"href":"https:\/\/www.myvacaya.com\/no\/wp-json\/wp\/v2\/pages\/43596\/revisions"}],"predecessor-version":[{"id":45132,"href":"https:\/\/www.myvacaya.com\/no\/wp-json\/wp\/v2\/pages\/43596\/revisions\/45132"}],"up":[{"embeddable":true,"href":"https:\/\/www.myvacaya.com\/no\/wp-json\/wp\/v2\/pages\/43586"}],"wp:attachment":[{"href":"https:\/\/www.myvacaya.com\/no\/wp-json\/wp\/v2\/media?parent=43596"}],"curies":[{"name":"wp","href":"https:\/\/api.w.org\/{rel}","templated":true}]}}