{"id":43577,"date":"2018-02-10T15:14:43","date_gmt":"2018-02-10T20:14:43","guid":{"rendered":"https:\/\/www.myvacaya.com\/karrierer\/"},"modified":"2026-01-06T09:49:02","modified_gmt":"2026-01-06T14:49:02","slug":"karrierer","status":"publish","type":"page","link":"https:\/\/www.myvacaya.com\/no\/om-vacaya\/karrierer\/","title":{"rendered":"Karrierer"},"content":{"rendered":"<p>[et_pb_section fb_built=&raquo;1&#8243; fullwidth=&raquo;on&raquo; admin_label=&raquo;Slider&raquo; module_id=&raquo;skyve-seksjon-interi\u00f8r&raquo; _builder_version=&raquo;4.17.6&#8243; _module_preset=&raquo;default&raquo; background_enable_image=&raquo;off&raquo; global_colors_info=&raquo;{}&raquo;][et_pb_fullwidth_code admin_label=&raquo;Slider Overlay&raquo; module_class=&raquo;interior-page-overlay&raquo; _builder_version=&raquo;4.17.6&#8243; _module_preset=&raquo;default&raquo; positioning=&raquo;absolute&raquo; position_origin_a=&raquo;top_right&raquo; position_origin_f=&raquo;top_right&raquo; z_index=&raquo;100&#8243; width=&raquo;50%&raquo; width_tablet=&raquo;50%&raquo; width_phone=&raquo;100%&raquo; width_last_edited=&raquo;on|phone&raquo; height=&raquo;100vh&raquo; global_colors_info=&raquo;{}&raquo;]<div class=\"trip-overlay\"><div class=\"trip-title\"><h1>Karrierer<\/h1><\/div><\/div>[\/et_pb_fullwidth_code][et_pb_fullwidth_slider show_arrows=&raquo;off&raquo; admin_label=&raquo;Slider Images&raquo; module_id=&raquo;slider-images&raquo; _builder_version=&raquo;4.17.6&#8243; _module_preset=&raquo;default&raquo; height=&raquo;100vh&raquo; auto=&raquo;on&raquo; global_colors_info=&raquo;{}&raquo;][et_pb_slide _builder_version=&raquo;4.17.6&#8243; _module_preset=&raquo;default&raquo; background_color=&raquo;RGBA(255,255,255,0)&raquo; background_enable_color=&raquo;on&raquo; background_image=&raquo;https:\/\/www.myvacaya.com\/wp-content\/uploads\/2022\/09\/GettyImages-900637248-v1b.png&raquo; background_enable_image=&raquo;on&raquo; background_last_edited=&raquo;on|desktop&raquo; background_image_phone=&raquo;https:\/\/www.myvacaya.com\/wp-content\/uploads\/2022\/11\/careers-mobile-414&#215;500-1.jpg&raquo; background_enable_image_phone=&raquo;on&raquo; global_colors_info=&raquo;{}&raquo; sticky_transition=&raquo;on&raquo;][\/et_pb_slide][\/et_pb_fullwidth_slider][\/et_pb_section][et_pb_section fb_built=&raquo;1&#8243; custom_padding_last_edited=&raquo;on|phone&raquo; _builder_version=&raquo;4.17.6&#8243; _module_preset=&raquo;default&raquo; custom_padding=&raquo;||0%||false|false&raquo; custom_padding_tablet=&raquo;||||false|false&raquo; custom_padding_phone=&raquo;||||false|false&raquo; global_colors_info=&raquo;{}&raquo;][et_pb_row _builder_version=&raquo;4.17.6&#8243; _module_preset=&raquo;default&raquo; custom_padding=&raquo;||0%||false|false&raquo; global_colors_info=&raquo;{}&raquo;][et_pb_column type=&raquo;4_4&#8243; _builder_version=&raquo;4.17.6&#8243; _module_preset=&raquo;default&raquo; global_colors_info=&raquo;{}&raquo;][et_pb_text _builder_version=&raquo;4.27.4&#8243; _module_preset=&raquo;default&raquo; custom_margin=&raquo;||||false|false&raquo; custom_margin_tablet=&raquo;||||false|false&raquo; custom_margin_phone=&raquo;||||false|false&raquo; custom_margin_last_edited=&raquo;on|phone&raquo; custom_padding=&raquo;||4%||false|false&raquo; custom_padding_tablet=&raquo;||4%||false|false&raquo; custom_padding_phone=&raquo;||40px||false|false&raquo; custom_padding_last_edited=&raquo;on|phone&raquo; hover_enabled=&raquo;0&#8243; global_colors_info=&raquo;{}&raquo; sticky_enabled=&raquo;0&#8243;]<\/p>\n<p>Hos VACAYA er vi p\u00e5 en spennende reise for \u00e5 skape et av de mest innovative reisemerkene i verden. Etter hvert som vi vokser, vil vi sette sammen et fantastisk team av individer som forst\u00e5r den sanne betydningen av teamarbeid.<\/p>\n<p>VACAYAs kjerneverdier informerer om hvordan virksomheten v\u00e5r drives fra dag til dag. Vi streber etter \u00e5 v\u00e6re gjennomtenkte, sjener\u00f8se, nysgjerrige, dristige, fleksible, elskverdige, takknemlige og fremfor alt \u00e5 gj\u00f8re det rette&#8230; for hverandre, for gjestene v\u00e5re og for v\u00e5re bransjepartnere. Alle vi her p\u00e5 VACAYA gj\u00f8r dette arbeidet p\u00e5 grunn av gleden som kommer fra skapelse og utf\u00f8relse. Vi er <i>alltid<\/i> et team \u2013 jobber sammen for \u00e5 bringe VACAYAs misjon og visjon til live.<\/p>\n<p style=\"padding-left: 30px;\"><strong>V\u00c5RT OPPDRAG<\/strong><br \/> \u00c5 oppfylle feriedr\u00f8mmene til alle voksne som tror at \u00abkj\u00e6rlighet er kj\u00e6rlighet\u00bb gjennom v\u00e5r forpliktelse til sv\u00e6rt personlig service i verdensklasse, kvalitetsopplevelser og uovertruffen verdi.<\/p>\n<p style=\"padding-left: 30px;\"><strong>V\u00c5R VISJON<\/strong><br \/> Vi tror at konsekvent, etisk og kvalitetsmessig samhandling med v\u00e5re gjester, forretningspartnere, ansatte og lokalsamfunnet vil resultere i lojale langsiktige forhold. VACAYA er forpliktet til \u00e5 bidra til \u00e5 gj\u00f8re verden til et bedre sted ved \u00e5 inspirere gjester til \u00e5 melde seg frivillig, donere og fremme menneskelig forst\u00e5else for de mindre heldige i lokalsamfunnene vi bes\u00f8ker rundt om i verden. V\u00e5r suksess m\u00e5les av gjester som velger \u00e5 komme tilbake til oss igjen og igjen, og som oppmuntrer venner og familie til \u00e5 oppleve VACAYA ogs\u00e5.<\/p>\n<p>Hos VACAYA betyr personligheten og den kulturelle tilb\u00f8yeligheten til hvert enkelt teammedlem like mye som ferdighetene deres. Vacayans er snille, smarte, p\u00e5 toppen av det, i stand til \u00e5 tenke fremover, intuitive, lidenskapelige og respekterte i hele bransjen.<\/p>\n<p>V\u00e5rt h\u00e5p er \u00e5 samarbeide med mennesker som er like h\u00f8yre (kreative) og venstre hjernen (logikk) \u2013 i stand til \u00e5 bringe en magisk teft til VACAYA-opplevelsen samtidig som de er sv\u00e6rt oppmerksomme p\u00e5 virksomheten v\u00e5r.<\/p>\n<p>Etter hvert som stillinger blir tilgjengelige (og de vil), vennligst sjekk tilbake her for spesifikke detaljer og innleveringsinstruksjoner.<\/p>\n<p>&nbsp;<\/p>\n<h2 style=\"text-align: center;\"><span style=\"color: #800080;\">LEDIGE STILLINGER<\/span><\/h2>\n<p>&nbsp;<\/p>\n<p style=\"font-weight: 400; text-align: center;\">Det er for \u00f8yeblikket ingen ledige stillinger.<\/p>\n<p>&nbsp;<\/p>\n<p>&nbsp;<\/p>\n<p style=\"font-weight: 400;\">VACAYA er en arbeidsgiver med like muligheter. Vi \u00f8nsker kandidater med ulik bakgrunn og livserfaring velkommen.<\/p>\n<h3 style=\"text-align: center;\"> <\/h3>\n<p>&nbsp;<\/p>\n<p>&nbsp;<\/p>\n<p>[\/et_pb_text][\/et_pb_column][\/et_pb_row][\/et_pb_section]<\/p>\n","protected":false},"excerpt":{"rendered":"<p><div class=\"trip-overlay\"><div class=\"trip-title\"><h1>Turfliser med tittel \u2013 kun cruise<\/h1><\/div><\/div>Hos VACAYA er vi p\u00e5 en spennende reise for \u00e5 skape et av de mest innovative reisemerkene i verden. Etter hvert som vi vokser, vil vi sette sammen et fantastisk team av individer som forst\u00e5r den sanne betydningen av teamarbeid. VACAYAs kjerneverdier informerer om hvordan virksomheten v\u00e5r drives fra dag til dag. Vi streber etter [&hellip;]<\/p>\n","protected":false},"author":1,"featured_media":0,"parent":43651,"menu_order":0,"comment_status":"closed","ping_status":"closed","template":"","meta":{"_acf_changed":false,"_et_pb_use_builder":"on","_et_pb_old_content":"","_et_gb_content_width":"","_monsterinsights_skip_tracking":false,"_monsterinsights_sitenote_active":false,"_monsterinsights_sitenote_note":"","_monsterinsights_sitenote_category":0,"footnotes":""},"class_list":["post-43577","page","type-page","status-publish","hentry"],"acf":[],"_links":{"self":[{"href":"https:\/\/www.myvacaya.com\/no\/wp-json\/wp\/v2\/pages\/43577","targetHints":{"allow":["GET"]}}],"collection":[{"href":"https:\/\/www.myvacaya.com\/no\/wp-json\/wp\/v2\/pages"}],"about":[{"href":"https:\/\/www.myvacaya.com\/no\/wp-json\/wp\/v2\/types\/page"}],"author":[{"embeddable":true,"href":"https:\/\/www.myvacaya.com\/no\/wp-json\/wp\/v2\/users\/1"}],"replies":[{"embeddable":true,"href":"https:\/\/www.myvacaya.com\/no\/wp-json\/wp\/v2\/comments?post=43577"}],"version-history":[{"count":22,"href":"https:\/\/www.myvacaya.com\/no\/wp-json\/wp\/v2\/pages\/43577\/revisions"}],"predecessor-version":[{"id":188417,"href":"https:\/\/www.myvacaya.com\/no\/wp-json\/wp\/v2\/pages\/43577\/revisions\/188417"}],"up":[{"embeddable":true,"href":"https:\/\/www.myvacaya.com\/no\/wp-json\/wp\/v2\/pages\/43651"}],"wp:attachment":[{"href":"https:\/\/www.myvacaya.com\/no\/wp-json\/wp\/v2\/media?parent=43577"}],"curies":[{"name":"wp","href":"https:\/\/api.w.org\/{rel}","templated":true}]}}