{"id":43558,"date":"2018-02-10T15:07:16","date_gmt":"2018-02-10T20:07:16","guid":{"rendered":"https:\/\/www.myvacaya.com\/oppdage\/gi-tilbake\/"},"modified":"2023-07-22T14:41:16","modified_gmt":"2023-07-22T18:41:16","slug":"gi-tilbake","status":"publish","type":"page","link":"https:\/\/www.myvacaya.com\/no\/oppdage\/gi-tilbake\/","title":{"rendered":"Gi tilbake"},"content":{"rendered":"<p>[et_pb_section fb_built=&raquo;1&#8243; fullwidth=&raquo;on&raquo; admin_label=&raquo;Slider&raquo; module_id=&raquo;skyve-seksjon-interi\u00f8r&raquo; _builder_version=&raquo;4.17.6&#8243; _module_preset=&raquo;default&raquo; background_enable_image=&raquo;off&raquo; global_colors_info=&raquo;{}&raquo;][et_pb_fullwidth_code admin_label=&raquo;Slider Overlay&raquo; module_class=&raquo;interior-page-overlay&raquo; _builder_version=&raquo;4.17.6&#8243; _module_preset=&raquo;default&raquo; positioning=&raquo;absolute&raquo; position_origin_a=&raquo;top_right&raquo; position_origin_f=&raquo;top_right&raquo; z_index=&raquo;100&#8243; width=&raquo;50%&raquo; width_tablet=&raquo;50%&raquo; width_phone=&raquo;100%&raquo; width_last_edited=&raquo;on|phone&raquo; height=&raquo;100vh&raquo; hover_enabled=&raquo;0&#8243; global_colors_info=&raquo;{}&raquo; sticky_enabled=&raquo;0&#8243;]<div class=\"trip-overlay\"><div class=\"trip-title\"><h1>Gi tilbake<\/h1><\/div><\/div>[\/et_pb_fullwidth_code][et_pb_fullwidth_slider show_arrows=&raquo;off&raquo; admin_label=&raquo;Slider Images&raquo; module_id=&raquo;slider-images&raquo; _builder_version=&raquo;4.17.6&#8243; _module_preset=&raquo;default&raquo; height=&raquo;100vh&raquo; auto=&raquo;on&raquo; global_colors_info=&raquo;{}&raquo;][et_pb_slide _builder_version=&raquo;4.17.6&#8243; _module_preset=&raquo;default&raquo; background_color=&raquo;RGBA(255,255,255,0)&raquo; background_enable_color=&raquo;on&raquo; background_image=&raquo;https:\/\/www.myvacaya.com\/wp-content\/uploads\/2022\/09\/giving-back-3.jpg&raquo; background_enable_image=&raquo;on&raquo; background_last_edited=&raquo;on|desktop&raquo; background_image_phone=&raquo;https:\/\/www.myvacaya.com\/wp-content\/uploads\/2022\/11\/give-back-mobile-414&#215;500-1.jpg&raquo; background_enable_image_phone=&raquo;on&raquo; global_colors_info=&raquo;{}&raquo; sticky_transition=&raquo;on&raquo;][\/et_pb_slide][\/et_pb_fullwidth_slider][\/et_pb_section][et_pb_section fb_built=&raquo;1&#8243; custom_padding_last_edited=&raquo;on|phone&raquo; _builder_version=&raquo;4.17.6&#8243; _module_preset=&raquo;default&raquo; custom_padding=&raquo;||||false|false&raquo; custom_padding_tablet=&raquo;||||false|false&raquo; custom_padding_phone=&raquo;||||false|false&raquo; global_colors_info=&raquo;{}&raquo;][et_pb_row custom_padding_last_edited=&raquo;on|desktop&raquo; _builder_version=&raquo;4.17.6&#8243; _module_preset=&raquo;default&raquo; custom_padding=&raquo;||||false|false&raquo; custom_padding_tablet=&raquo;||||false|false&raquo; custom_padding_phone=&raquo;||||false|false&raquo; global_colors_info=&raquo;{}&raquo;][et_pb_column type=&raquo;4_4&#8243; _builder_version=&raquo;4.17.6&#8243; _module_preset=&raquo;default&raquo; global_colors_info=&raquo;{}&raquo;][et_pb_text _builder_version=&raquo;4.17.6&#8243; _module_preset=&raquo;default&raquo; custom_margin=&raquo;||||false|false&raquo; custom_margin_tablet=&raquo;||||false|false&raquo; custom_margin_phone=&raquo;||||false|false&raquo; custom_margin_last_edited=&raquo;on|phone&raquo; global_colors_info=&raquo;{}&raquo;]Hvordan ser du for deg v\u00e5r verden om 50 \u00e5r? \u00c5 gi tilbake i samfunnet gjenspeiler v\u00e5rt engasjement for ideen om at vi alle kan gj\u00f8re en forskjell. For det form\u00e5l har VACAYA to m\u00e5ter vi h\u00e5per \u00e5 ha innvirkning p\u00e5 b\u00e5de lokalt og globalt&#8230;[\/et_pb_text][\/et_pb_column][\/et_pb_row][\/et_pb_section][et_pb_section fb_built=&raquo;1&#8243; custom_padding_last_edited=&raquo;on|desktop&raquo; admin_label=&raquo;Video&raquo; _builder_version=&raquo;4.17.6&#8243; _module_preset=&raquo;default&raquo; custom_padding=&raquo;0%||0%||false|false&raquo; custom_padding_tablet=&raquo;0%||0%||false|false&raquo; custom_padding_phone=&raquo;0%||0%||false|false&raquo; global_colors_info=&raquo;{}&raquo;][et_pb_row custom_padding_last_edited=&raquo;on|desktop&raquo; _builder_version=&raquo;4.17.6&#8243; _module_preset=&raquo;default&raquo; custom_padding=&raquo;0%||0%||false|false&raquo; custom_padding_tablet=&raquo;&raquo; custom_padding_phone=&raquo;||0%||false|false&raquo; global_colors_info=&raquo;{}&raquo;][et_pb_column type=&raquo;4_4&#8243; _builder_version=&raquo;4.17.4&#8243; _module_preset=&raquo;default&raquo; global_colors_info=&raquo;{}&raquo;][et_pb_image src=&raquo;https:\/\/www.myvacaya.com\/wp-content\/uploads\/2022\/09\/giving-back-1.jpg&raquo; title_text=&raquo;gi-tilbake-1&#8243; show_bottom_space=&raquo;off&raquo; force_fullwidth=&raquo;on&raquo; admin_label=&raquo;Video Thumbnail&raquo; module_class=&raquo;popmake-29174&#8243; _builder_version=&raquo;4.17.6&#8243; _module_preset=&raquo;default&raquo; scroll_fade_enable=&raquo;on&raquo; global_colors_info=&raquo;{}&raquo;][\/et_pb_image][et_pb_image src=&raquo;https:\/\/www.myvacaya.com\/wp-content\/uploads\/2022\/10\/play-btn-pink-white.png&raquo; title_text=&raquo;spill-btn-rosa-hvit&raquo; align=&raquo;center&raquo; admin_label=&raquo;Play Button&raquo; module_class=&raquo;popmake-29174&#8243; _builder_version=&raquo;4.17.6&#8243; _module_preset=&raquo;default&raquo; positioning=&raquo;absolute&raquo; position_origin_a=&raquo;center_center&raquo; position_origin_f=&raquo;center_center&raquo; z_index=&raquo;10&#8243; width=&raquo;100%&raquo; width_tablet=&raquo;100%&raquo; width_phone=&raquo;&raquo; width_last_edited=&raquo;on|phone&raquo; max_width_tablet=&raquo;&raquo; max_width_phone=&raquo;50px&raquo; max_width_last_edited=&raquo;on|phone&raquo; global_colors_info=&raquo;{}&raquo;][\/et_pb_image][\/et_pb_column][\/et_pb_row][\/et_pb_section][et_pb_section fb_built=&raquo;1&#8243; custom_padding_last_edited=&raquo;on|desktop&raquo; _builder_version=&raquo;4.17.6&#8243; _module_preset=&raquo;default&raquo; custom_padding=&raquo;4%||0%||false|false&raquo; custom_padding_tablet=&raquo;4%||||false|false&raquo; custom_padding_phone=&raquo;40px||||false|false&raquo; global_colors_info=&raquo;{}&raquo;][et_pb_row column_structure=&raquo;1_2,1_2&#8243; custom_padding_last_edited=&raquo;on|desktop&raquo; _builder_version=&raquo;4.17.6&#8243; _module_preset=&raquo;default&raquo; custom_padding=&raquo;0%||0%||false|false&raquo; custom_padding_tablet=&raquo;0%||0%||false|false&raquo; custom_padding_phone=&raquo;0%||0%||false|false&raquo; global_colors_info=&raquo;{}&raquo;][et_pb_column type=&raquo;1_2&#8243; _builder_version=&raquo;4.17.6&#8243; _module_preset=&raquo;default&raquo; global_colors_info=&raquo;{}&raquo;][et_pb_text admin_label=&raquo;Section Title &#8211; H3&#8243; _builder_version=&raquo;4.17.6&#8243; _module_preset=&raquo;default&raquo; header_3_font=&raquo;Futura Bold|||on|||||&raquo; header_3_text_align=&raquo;center&raquo; header_3_text_color=&raquo;#000000&#8243; header_3_font_size=&raquo;18px&raquo; header_3_letter_spacing=&raquo;1.8px&raquo; header_3_line_height=&raquo;24px&raquo; custom_margin=&raquo;||||false|false&raquo; custom_margin_tablet=&raquo;||||false|false&raquo; custom_margin_phone=&raquo;||||false|false&raquo; custom_margin_last_edited=&raquo;on|phone&raquo; custom_padding=&raquo;||||false|false&raquo; global_colors_info=&raquo;{}&raquo;]<\/p>\n<h3>N\u00e5 ut<\/h3>\n<p>[\/et_pb_text][et_pb_text _builder_version=&raquo;4.17.6&#8243; _module_preset=&raquo;default&raquo; global_colors_info=&raquo;{}&raquo;]V\u00e5rt oppdrag er \u00e5 sikre at vi gir mer tilbake til lokalsamfunnene vi bes\u00f8ker enn det som blir tatt bort. I samarbeid med lokale organisasjoner tilbyr vi v\u00e5re gjester en mulighet i l\u00f8pet av ferien til \u00e5 gi tilbake til lokalsamfunnene vi bes\u00f8ker \u2013 enten med litt egenkapital eller \u00f8konomisk. Det er enkelt \u00e5 gj\u00f8re verden til et bedre sted. Alt du trenger \u00e5 gj\u00f8re er \u00e5 ha tiden i livet ditt. V\u00e5re tilbud inkluderer:<\/p>\n<p><strong>Prosjekt ryggsekk<\/strong><br \/>\n En av de mest \u00f8deleggende konsekvensene av \u00e5 leve i fattigdom er innvirkningen det har p\u00e5 et barns utdanning. For en underprivilegert student p\u00e5 steder som Cuba, Roat\u00e1n, Barbuda eller Mexico, er det avgj\u00f8rende for deres evne til \u00e5 l\u00e6re og vokse \u00e5 kunne starte skole\u00e5ret med helt nye skolemateriell. Project Backpack gir VACAYA-gjester muligheten til \u00e5 samle inn og levere disse forsyningene til skoler i havnene vi bes\u00f8ker.<\/p>\n<p><strong>Fremme forst\u00e5else gjennom frivillig turisme  <\/strong><br \/>\nLHBT-reiser har vist seg \u00e5 v\u00e6re en av de viktigste driverne for \u00e5 oppn\u00e5 aksept for samfunnet v\u00e5rt globalt. VACAYA vil styrke disse relasjonene gjennom v\u00e5re Voluntourism Shore Excursions. Med sosial p\u00e5virkning som m\u00e5l, vil gjestene engasjere lokalsamfunn ved \u00e5 bringe glede til ungdom som bor i fattige barnehjem, hjelpe et orkanherjet anlegg med \u00e5 gjenoppbygge, eller lage rimelige, men effektive vannfiltre og levere dem til trengende familier. VACAYA, i samarbeid med v\u00e5re cruiseselskaper og feriesteder, vil g\u00e5 i spissen for denne filantropiske innsatsen for \u00e5 etterlate et varig inntrykk p\u00e5 v\u00e5re verter.[\/et_pb_text][\/et_pb_column][et_pb_column type=&raquo;1_2&#8243; _builder_version=&raquo;4.17.6&#8243; _module_preset=&raquo;default&raquo; global_colors_info=&raquo;{}&raquo;][et_pb_text admin_label=&raquo;Section Title &#8211; H3&#8243; _builder_version=&raquo;4.17.6&#8243; _module_preset=&raquo;default&raquo; header_3_font=&raquo;Futura Bold|||on|||||&raquo; header_3_text_align=&raquo;center&raquo; header_3_text_color=&raquo;#000000&#8243; header_3_font_size=&raquo;18px&raquo; header_3_letter_spacing=&raquo;1.8px&raquo; header_3_line_height=&raquo;24px&raquo; custom_margin=&raquo;||||false|false&raquo; custom_margin_tablet=&raquo;||||false|false&raquo; custom_margin_phone=&raquo;||||false|false&raquo; custom_margin_last_edited=&raquo;on|phone&raquo; custom_padding=&raquo;||||false|false&raquo; global_colors_info=&raquo;{}&raquo;]<\/p>\n<h3>Hytter for Saker<\/h3>\n<p>[\/et_pb_text][et_pb_text _builder_version=&raquo;4.17.6&#8243; _module_preset=&raquo;default&raquo; global_colors_info=&raquo;{}&raquo;]Som en uavhengig eid virksomhet har vi friheten til \u00e5 st\u00f8tte saker som p\u00e5virker v\u00e5r verden p\u00e5 en positiv m\u00e5te. \u00c5 gi tilbake er viktig for oss, og vi \u00f8nsker \u00e5 dele denne lidenskapen ved \u00e5 gi VACAYA-gjester mulighet til \u00e5 bestemme hvilke form\u00e5l vi st\u00f8tter. Gjennom din st\u00f8tte fra VACAYA, vil v\u00e5rt <em>Cabins for Causes<\/em> -program donere cruiserom til verdige form\u00e5l du velger. Fra tid til annen vil vi holde nominasjoner og valg som involverer v\u00e5re gjester for \u00e5 veilede v\u00e5re veldedige gaver. Vi h\u00e5per \u00e5 hjelpe p\u00e5 f\u00f8lgende m\u00e5ter:<\/p>\n<ul>\n<li><strong>L\u00f8se kritiske problemer hjemme<\/strong><br \/>\nVi tar sikte p\u00e5 \u00e5 st\u00f8tte organisasjoner som takler de t\u00f8ffe problemene som LHBT-er st\u00e5r overfor i Amerika. Eksempler inkluderer \u00e5 overvinne virkningene av ungdom som kommer ut til familier som ikke st\u00f8tter, gi kritisk HIV\/AIDS medisinsk behandling til alle som trenger det, og sikre diskrimineringsfrie og rimelige boliger for v\u00e5re voksende LHBT-eldste.<\/li>\n<li><strong>\u00c5 sikre likestilling fortsetter \u00e5 vokse<\/strong><br \/>\nTakket v\u00e6re det harde arbeidet til generasjoner av LHBT-forkjempere og aktivister som kjempet for \u00e5 gj\u00f8re det mulig, har landet v\u00e5rt gjort likestillingsfremskritt som noen av oss ikke trodde var mulig i l\u00f8pet av livet. Vi \u00f8nsker \u00e5 st\u00f8tte organisasjoner som kjemper for full f\u00f8deral likhet for LHBT-amerikanere, hedre milit\u00e6rtjenesten til LHBT-personer og utdanne uinformerte om utfordringene samfunnet v\u00e5rt st\u00e5r overfor.<\/li>\n<li><strong>Styrke menneskerettigheter rundt om i verden<\/strong><br \/>\nVi har til hensikt \u00e5 st\u00f8tte organisasjoner i land som Russland, India, Malaysia, Saudi-Arabia, Singapore, De forente arabiske emirater og Qatar med homofobiske myndigheter og anti-homoseksuelle lover som begrenser LHBT-fellesskapsmedlemmers evne til \u00e5 realisere sitt fulle potensial. Vi vil tilby ressurser og et budskap om h\u00e5p med en visjon for livet som er fritt, \u00e5pent og i flertall.<\/li>\n<\/ul>\n<p><strong>\u00c5 bli vurdert<\/strong><br \/>\nVACAYA godtar for tiden s\u00f8knader fra <em>Cabins for Causes<\/em> til behandling.<\/p>\n<p>For \u00e5 s\u00f8ke, vennligst send f\u00f8lgende informasjon til <a href=\"mailto:marketing@myvacaya.com\" target=\"_blank\" rel=\"noopener\">marketing@myvacaya.com<\/a> :<\/p>\n<ul>\n<li>Organisasjonsnavn<\/li>\n<li>Organisasjonens nettsted<\/li>\n<li>Organisasjonskontaktens navn, e-post og telefonnummer<\/li>\n<li>Event navn og dato<\/li>\n<li>Antall deltakere<\/li>\n<li>Andre detaljer (legg gjerne ved en kort presentasjon)<\/li>\n<\/ul>\n<p>[\/et_pb_text][\/et_pb_column][\/et_pb_row][\/et_pb_section][et_pb_section fb_built=&raquo;1&#8243; admin_label=&raquo;Trip Tiles with Divider and Title&raquo; _builder_version=&raquo;4.17.6&#8243; _module_preset=&raquo;default&raquo; global_colors_info=&raquo;{}&raquo;][et_pb_row _builder_version=&raquo;4.17.6&#8243; _module_preset=&raquo;default&raquo; global_colors_info=&raquo;{}&raquo;][et_pb_column type=&raquo;4_4&#8243; _builder_version=&raquo;4.17.6&#8243; _module_preset=&raquo;default&raquo; global_colors_info=&raquo;{}&raquo;][et_pb_divider color=&raquo;#000000&#8243; divider_position=&raquo;center&raquo; _builder_version=&raquo;4.17.6&#8243; _module_preset=&raquo;default&raquo; global_colors_info=&raquo;{}&raquo;][\/et_pb_divider][\/et_pb_column][\/et_pb_row][et_pb_row _builder_version=&raquo;4.17.6&#8243; _module_preset=&raquo;default&raquo; global_colors_info=&raquo;{}&raquo;][et_pb_column type=&raquo;4_4&#8243; _builder_version=&raquo;4.17.6&#8243; _module_preset=&raquo;default&raquo; global_colors_info=&raquo;{}&raquo;][et_pb_text admin_label=&raquo;Section Title &#8211; H3&#8243; _builder_version=&raquo;4.17.6&#8243; _module_preset=&raquo;default&raquo; header_3_font=&raquo;Futura Bold|||on|||||&raquo; header_3_text_align=&raquo;center&raquo; header_3_text_color=&raquo;#000000&#8243; header_3_font_size=&raquo;18px&raquo; header_3_letter_spacing=&raquo;1.8px&raquo; header_3_line_height=&raquo;24px&raquo; custom_margin=&raquo;||||false|false&raquo; custom_margin_tablet=&raquo;||||false|false&raquo; custom_margin_phone=&raquo;||||false|false&raquo; custom_margin_last_edited=&raquo;on|phone&raquo; custom_padding=&raquo;||||false|false&raquo; global_colors_info=&raquo;{}&raquo;]<\/p>\n<h3>GI TILBAKE UNDER DISSE FERIENE<\/h3>\n<p>[\/et_pb_text][\/et_pb_column][\/et_pb_row][et_pb_row _builder_version=&raquo;4.17.6&#8243; _module_preset=&raquo;default&raquo; global_colors_info=&raquo;{}&raquo;][et_pb_column type=&raquo;4_4&#8243; _builder_version=&raquo;4.17.6&#8243; _module_preset=&raquo;default&raquo; global_colors_info=&raquo;{}&raquo;][et_pb_text _builder_version=&raquo;4.17.6&#8243; _module_preset=&raquo;default&raquo; global_colors_info=&raquo;{}&raquo;]<div id=\"ajax-load-more\" class=\"ajax-load-more-wrap default\" data-id=\"experience-items\" data-alm-id=\"\" data-canonical-url=\"https:\/\/www.myvacaya.com\/no\/oppdage\/gi-tilbake\/\" data-slug=\"gi-tilbake\" data-post-id=\"43558\"  data-localized=\"ajax_load_more_experience_items_vars\" data-alm-object=\"ajax_load_more_experience_items\"><ul aria-live=\"polite\" aria-atomic=\"true\" class=\"alm-listing alm-ajax\" data-container-type=\"ul\" data-loading-style=\"default\" data-repeater=\"template_1\" data-post-type=\"trip\" data-meta-key=\"show_trip_tile\" data-meta-value=\"1\" data-custom-args=\"post_parent: 0\" data-order=\"ASC\" data-orderby=\"date\" data-offset=\"0\" data-posts-per-page=\"20\" data-lang=\"no\" data-scroll=\"false\" data-button-label=\"Load More\" data-prev-button-label=\"Load Previous\" data-destroy-after=\"1\"><\/ul><div class=\"alm-btn-wrap\" data-rel=\"ajax-load-more\"><button class=\"alm-load-more-btn\" type=\"button\">Load More<\/button><\/div><\/div>[\/et_pb_text][\/et_pb_column][\/et_pb_row][\/et_pb_section][et_pb_section fb_built=&raquo;1&#8243; admin_label=&raquo;The Vacaya Difference&raquo; _builder_version=&raquo;4.17.6&#8243; _module_preset=&raquo;default&raquo; background_color=&raquo;#191919&#8243; custom_padding=&raquo;||||false|false&raquo; global_colors_info=&raquo;{}&raquo;][et_pb_row _builder_version=&raquo;4.17.6&#8243; _module_preset=&raquo;default&raquo; global_colors_info=&raquo;{}&raquo;][et_pb_column type=&raquo;4_4&#8243; _builder_version=&raquo;4.17.4&#8243; _module_preset=&raquo;default&raquo; global_colors_info=&raquo;{}&raquo;][et_pb_text admin_label=&raquo;Section Title &#8211; H3&#8243; _builder_version=&raquo;4.17.6&#8243; _module_preset=&raquo;default&raquo; header_3_font=&raquo;Futura Bold|||on|||||&raquo; header_3_text_align=&raquo;center&raquo; header_3_text_color=&raquo;#FFFFFF&raquo; header_3_font_size=&raquo;18px&raquo; header_3_letter_spacing=&raquo;1.8px&raquo; header_3_line_height=&raquo;24px&raquo; custom_margin=&raquo;||4%||false|false&raquo; custom_margin_tablet=&raquo;||4%||false|false&raquo; custom_margin_phone=&raquo;||40px||false|false&raquo; custom_margin_last_edited=&raquo;on|phone&raquo; global_colors_info=&raquo;{}&raquo;]<\/p>\n<h3>Vacaya-forskjellen<\/h3>\n<p>[\/et_pb_text][dmpro_carousel columns=&raquo;5&#8243; space_between=&raquo;32&#8243; container_padding=&raquo;0px|30px|0px|30px|false|false&raquo; loop=&raquo;on&raquo; autoplay=&raquo;on&raquo; pause_on_hover=&raquo;off&raquo; autoplay_speed=&raquo;3000&#8243; columns_tablet=&raquo;3&#8243; columns_phone=&raquo;2&#8243; columns_last_edited=&raquo;on|phone&raquo; _builder_version=&raquo;4.17.6&#8243; _module_preset=&raquo;default&raquo; title_font=&raquo;Futura Bold|||on|||||&raquo; title_text_color=&raquo;#FFFFFF&raquo; title_font_size=&raquo;18px&raquo; title_letter_spacing=&raquo;0.1em&raquo; title_line_height=&raquo;24px&raquo; desc_font=&raquo;Helvetica||||||||&raquo; desc_text_color=&raquo;#FFFFFF&raquo; desc_font_size=&raquo;16px&raquo; desc_line_height=&raquo;1.5em&raquo; global_colors_info=&raquo;{}&raquo;][dmpro_carousel_child title=&raquo;Become an Ambassador&raquo; img_src=&raquo;https:\/\/www.myvacaya.com\/wp-content\/uploads\/2022\/07\/ambassadors-1.jpg&raquo; text_title=&raquo;Become an Ambassador&raquo; desc_text=&raquo;Eager to help spread the news about VACAYA? We have everything you need to get started!&raquo; _builder_version=&raquo;4.17.4&#8243; _module_preset=&raquo;default&raquo; global_colors_info=&raquo;{}&raquo;][\/dmpro_carousel_child][dmpro_carousel_child title=&raquo;Unparalleled Offers&raquo; img_src=&raquo;https:\/\/www.myvacaya.com\/wp-content\/uploads\/2022\/07\/unparalled-offers.png&raquo; text_title=&raquo;Unparalleled Offers&raquo; desc_text=&raquo;Are you ready to dive into VACAYA headfirst? We\u2019ve got a special selection of offers just for you!&raquo; _builder_version=&raquo;4.17.4&#8243; _module_preset=&raquo;default&raquo; global_colors_info=&raquo;{}&raquo;][\/dmpro_carousel_child][dmpro_carousel_child title=&raquo;Accessibility&raquo; img_src=&raquo;https:\/\/www.myvacaya.com\/wp-content\/uploads\/2022\/07\/accesibility.jpg&raquo; text_title=&raquo;Accessibility&raquo; desc_text=&raquo;VACAYA and our partners create a welcoming environment for travelers with special needs.&raquo; _builder_version=&raquo;4.17.4&#8243; _module_preset=&raquo;default&raquo; global_colors_info=&raquo;{}&raquo;][\/dmpro_carousel_child][dmpro_carousel_child title=&raquo;Giving Back&raquo; img_src=&raquo;https:\/\/www.myvacaya.com\/wp-content\/uploads\/2022\/07\/giving-back-2.jpg&raquo; text_title=&raquo;Giving Back&raquo; desc_text=&raquo;Our efforts in the community reflect our commitment to the idea that we can all make a difference.&raquo; _builder_version=&raquo;4.17.4&#8243; _module_preset=&raquo;default&raquo; global_colors_info=&raquo;{}&raquo;][\/dmpro_carousel_child][dmpro_carousel_child title=&raquo;All Are Welcome&raquo; img_src=&raquo;https:\/\/www.myvacaya.com\/wp-content\/uploads\/2022\/07\/all-are-welcome.png&raquo; text_title=&raquo;All Are Welcome&raquo; desc_text=&raquo;Open your mind to the rainbow of fun that can be had in the world. <em>That\u2019s<\/em> the spirit of VACAYA!&raquo; _builder_version=&raquo;4.17.4&#8243; _module_preset=&raquo;default&raquo; global_colors_info=&raquo;{}&raquo;][\/dmpro_carousel_child][dmpro_carousel_child title=&raquo;Our Experiences&raquo; img_src=&raquo;https:\/\/www.myvacaya.com\/wp-content\/uploads\/2022\/07\/vacaya-experiences.jpg&raquo; text_title=&raquo;Our Experiences&raquo; desc_text=&raquo;VACAYA delivers vacations tailored to the unique desires of our guests. How will <em>you<\/em> VACAYA?&raquo; _builder_version=&raquo;4.17.4&#8243; _module_preset=&raquo;default&raquo; global_colors_info=&raquo;{}&raquo;][\/dmpro_carousel_child][dmpro_carousel_child title=&raquo;Alphabet Soup&raquo; img_src=&raquo;https:\/\/www.myvacaya.com\/wp-content\/uploads\/2022\/07\/the-difference-alphabet-soup-290&#215;175-2.jpg&raquo; text_title=&raquo;Alphabet Soup&raquo; desc_text=&raquo;Look no further\u2026 VACAYA\u2019s handy guide will help you navigate the entire LGBTQIAPK spectrum.&raquo; _builder_version=&raquo;4.17.4&#8243; _module_preset=&raquo;default&raquo; global_colors_info=&raquo;{}&raquo;][\/dmpro_carousel_child][dmpro_carousel_child title=&raquo;Solo Travelers&raquo; img_src=&raquo;https:\/\/www.myvacaya.com\/wp-content\/uploads\/2022\/07\/step-by-step.jpg&raquo; text_title=&raquo;Solo Travelers&raquo; desc_text=&raquo;<\/p>\n<p>VACAYA\u2019s \u201cSolo Traveling with Ease Program\u201d is perfect for single travelers looking to join in the fun.<\/p>\n<p>&raquo; _builder_version=&raquo;4.17.4&#8243; _module_preset=&raquo;default&raquo; global_colors_info=&raquo;{}&raquo;][\/dmpro_carousel_child][\/dmpro_carousel][\/et_pb_column][\/et_pb_row][\/et_pb_section]<\/p>\n","protected":false},"excerpt":{"rendered":"<p><div class=\"trip-overlay\"><div class=\"trip-title\"><h1>Turfliser med tittel \u2013 kun cruise<\/h1><\/div><\/div>Hvordan ser du for deg v\u00e5r verden om 50 \u00e5r? \u00c5 gi tilbake i samfunnet gjenspeiler v\u00e5rt engasjement for ideen om at vi alle kan gj\u00f8re en forskjell. For det form\u00e5l har VACAYA to m\u00e5ter vi h\u00e5per \u00e5 ha innvirkning p\u00e5 b\u00e5de lokalt og globalt&#8230;N\u00e5 utV\u00e5rt oppdrag er \u00e5 sikre at vi gir mer tilbake [&hellip;]<\/p>\n","protected":false},"author":1,"featured_media":0,"parent":43537,"menu_order":0,"comment_status":"closed","ping_status":"closed","template":"","meta":{"_acf_changed":false,"_et_pb_use_builder":"on","_et_pb_old_content":"","_et_gb_content_width":"","_monsterinsights_skip_tracking":false,"_monsterinsights_sitenote_active":false,"_monsterinsights_sitenote_note":"","_monsterinsights_sitenote_category":0,"footnotes":""},"class_list":["post-43558","page","type-page","status-publish","hentry"],"acf":[],"_links":{"self":[{"href":"https:\/\/www.myvacaya.com\/no\/wp-json\/wp\/v2\/pages\/43558","targetHints":{"allow":["GET"]}}],"collection":[{"href":"https:\/\/www.myvacaya.com\/no\/wp-json\/wp\/v2\/pages"}],"about":[{"href":"https:\/\/www.myvacaya.com\/no\/wp-json\/wp\/v2\/types\/page"}],"author":[{"embeddable":true,"href":"https:\/\/www.myvacaya.com\/no\/wp-json\/wp\/v2\/users\/1"}],"replies":[{"embeddable":true,"href":"https:\/\/www.myvacaya.com\/no\/wp-json\/wp\/v2\/comments?post=43558"}],"version-history":[{"count":4,"href":"https:\/\/www.myvacaya.com\/no\/wp-json\/wp\/v2\/pages\/43558\/revisions"}],"predecessor-version":[{"id":45099,"href":"https:\/\/www.myvacaya.com\/no\/wp-json\/wp\/v2\/pages\/43558\/revisions\/45099"}],"up":[{"embeddable":true,"href":"https:\/\/www.myvacaya.com\/no\/wp-json\/wp\/v2\/pages\/43537"}],"wp:attachment":[{"href":"https:\/\/www.myvacaya.com\/no\/wp-json\/wp\/v2\/media?parent=43558"}],"curies":[{"name":"wp","href":"https:\/\/api.w.org\/{rel}","templated":true}]}}