{"id":43553,"date":"2018-02-10T15:07:03","date_gmt":"2018-02-10T20:07:03","guid":{"rendered":"https:\/\/www.myvacaya.com\/oppdage\/rette-allierte\/"},"modified":"2023-07-22T14:42:09","modified_gmt":"2023-07-22T18:42:09","slug":"rette-allierte","status":"publish","type":"page","link":"https:\/\/www.myvacaya.com\/no\/oppdage\/rette-allierte\/","title":{"rendered":"Rette allierte"},"content":{"rendered":"<p>[et_pb_section fb_built=&raquo;1&#8243; fullwidth=&raquo;on&raquo; admin_label=&raquo;Slider&raquo; module_id=&raquo;skyve-seksjon-interi\u00f8r&raquo; _builder_version=&raquo;4.17.6&#8243; _module_preset=&raquo;default&raquo; background_enable_image=&raquo;off&raquo; global_colors_info=&raquo;{}&raquo;][et_pb_fullwidth_code admin_label=&raquo;Slider Overlay&raquo; module_class=&raquo;interior-page-overlay&raquo; _builder_version=&raquo;4.17.6&#8243; _module_preset=&raquo;default&raquo; positioning=&raquo;absolute&raquo; position_origin_a=&raquo;top_right&raquo; position_origin_f=&raquo;top_right&raquo; z_index=&raquo;100&#8243; width=&raquo;50%&raquo; width_tablet=&raquo;50%&raquo; width_phone=&raquo;100%&raquo; width_last_edited=&raquo;on|phone&raquo; height=&raquo;100vh&raquo; hover_enabled=&raquo;0&#8243; global_colors_info=&raquo;{}&raquo; sticky_enabled=&raquo;0&#8243;]<div class=\"trip-overlay\"><div class=\"trip-title\"><h1>Rette allierte<\/h1><\/div><\/div>[\/et_pb_fullwidth_code][et_pb_fullwidth_slider show_arrows=&raquo;off&raquo; admin_label=&raquo;Slider Images&raquo; module_id=&raquo;slider-images&raquo; _builder_version=&raquo;4.17.6&#8243; _module_preset=&raquo;default&raquo; height=&raquo;100vh&raquo; auto=&raquo;on&raquo; global_colors_info=&raquo;{}&raquo;][et_pb_slide _builder_version=&raquo;4.17.6&#8243; _module_preset=&raquo;default&raquo; background_color=&raquo;RGBA(255,255,255,0)&raquo; background_enable_color=&raquo;on&raquo; background_image=&raquo;https:\/\/www.myvacaya.com\/wp-content\/uploads\/2022\/09\/straight-allies.jpg&raquo; background_enable_image=&raquo;on&raquo; background_last_edited=&raquo;on|desktop&raquo; background_image_phone=&raquo;https:\/\/www.myvacaya.com\/wp-content\/uploads\/2022\/11\/straight-allies-mobile-414&#215;500-1.jpg&raquo; background_enable_image_phone=&raquo;on&raquo; global_colors_info=&raquo;{}&raquo; sticky_transition=&raquo;on&raquo;][\/et_pb_slide][\/et_pb_fullwidth_slider][\/et_pb_section][et_pb_section fb_built=&raquo;1&#8243; custom_padding_last_edited=&raquo;on|phone&raquo; _builder_version=&raquo;4.17.6&#8243; _module_preset=&raquo;default&raquo; custom_padding=&raquo;||0%||false|false&raquo; custom_padding_tablet=&raquo;||||false|false&raquo; custom_padding_phone=&raquo;||||false|false&raquo; global_colors_info=&raquo;{}&raquo;][et_pb_row custom_padding_last_edited=&raquo;on|desktop&raquo; _builder_version=&raquo;4.17.6&#8243; _module_preset=&raquo;default&raquo; custom_padding=&raquo;||0%||false|false&raquo; custom_padding_tablet=&raquo;||||false|false&raquo; custom_padding_phone=&raquo;||||false|false&raquo; global_colors_info=&raquo;{}&raquo;][et_pb_column type=&raquo;4_4&#8243; _builder_version=&raquo;4.17.6&#8243; _module_preset=&raquo;default&raquo; global_colors_info=&raquo;{}&raquo;][et_pb_text _builder_version=&raquo;4.17.6&#8243; _module_preset=&raquo;default&raquo; custom_margin=&raquo;||||false|false&raquo; custom_margin_tablet=&raquo;||||false|false&raquo; custom_margin_phone=&raquo;||||false|false&raquo; custom_margin_last_edited=&raquo;on|phone&raquo; global_colors_info=&raquo;{}&raquo;]Da det ble kjent at VACAYAs grunnleggere jobbet med en helt ny type ferieselskap, oppfordret mange av v\u00e5re hetero venner oss til \u00e5 ikke la dem st\u00e5 utenfor all moroa. De minnet oss p\u00e5 at de var lei av \u00e5 se krumspringene v\u00e5re p\u00e5 sosiale medier og ikke kunne delta. De oppmuntret oss til \u00e5 tenke forbi stereotypier og til \u00e5 \u00f8nske allierte velkommen p\u00e5 ferien. Og det er bare det vi har gjort. S\u00e5 hvis du tilfeldigvis deler en kj\u00e6rlighet til glitter, tror at seksualitet kan v\u00e6re flytende, og synet av en varm bj\u00f8rn i fj\u00e6rvinger og en jockstrop gj\u00f8r deg like glad som dine homofile venner, s\u00e5 er du velkommen hit. Vi i VACAYA er s\u00e5 takknemlige for den progressive st\u00f8tten samfunnet v\u00e5rt har f\u00e5tt fra v\u00e5re direkte allierte br\u00f8dre og s\u00f8stre.<\/p>\n<p>Og n\u00e5 dette&#8230; et spesielt ord til v\u00e5re hetero mannlige allierte som bestemmer seg for \u00e5 reise med VACAYA. Bare fordi homofile vet at du er hetero, betyr det ikke at de ikke vil sl\u00e5 p\u00e5 deg. Faktisk \u00f8ker det sannsynligvis sannsynligheten for \u00e5 bli chattet opp. Imidlertid kan vi utvetydig sl\u00e5 fast at ryktene om at v\u00e5re fellesskapsmedlemmer f\u00e5r en br\u00f8drister for hver heteroseksuelle de &laquo;snu&raquo; er HELT FALSKE. S\u00e5 hvis du egentlig ikke f\u00f8ler deg s\u00e5 flytende som \u00e5 bli truffet, er det bare \u00e5 svikte fyren. Enten det eller fl\u00f8rt deg inn i noen gratis drinker. Bare fordi du ikke er interessert, betyr det ikke at du ikke kan nyte en livlig samtale. Hvis du \u00e5pner tankene dine for regnbuen av moro som kan nytes i verden, kan du til og med finne deg selv livet til festen. Det er \u00e5nden til VACAYA.[\/et_pb_text][\/et_pb_column][\/et_pb_row][\/et_pb_section][et_pb_section fb_built=&raquo;1&#8243; admin_label=&raquo;Trip Tiles with Divider and Title&raquo; _builder_version=&raquo;4.17.6&#8243; _module_preset=&raquo;default&raquo; global_colors_info=&raquo;{}&raquo;][et_pb_row _builder_version=&raquo;4.17.6&#8243; _module_preset=&raquo;default&raquo; global_colors_info=&raquo;{}&raquo;][et_pb_column type=&raquo;4_4&#8243; _builder_version=&raquo;4.17.6&#8243; _module_preset=&raquo;default&raquo; global_colors_info=&raquo;{}&raquo;][et_pb_divider color=&raquo;#000000&#8243; divider_position=&raquo;center&raquo; _builder_version=&raquo;4.17.6&#8243; _module_preset=&raquo;default&raquo; global_colors_info=&raquo;{}&raquo;][\/et_pb_divider][\/et_pb_column][\/et_pb_row][et_pb_row _builder_version=&raquo;4.17.6&#8243; _module_preset=&raquo;default&raquo; global_colors_info=&raquo;{}&raquo;][et_pb_column type=&raquo;4_4&#8243; _builder_version=&raquo;4.17.6&#8243; _module_preset=&raquo;default&raquo; global_colors_info=&raquo;{}&raquo;][et_pb_text admin_label=&raquo;Section Title &#8211; H3&#8243; _builder_version=&raquo;4.17.6&#8243; _module_preset=&raquo;default&raquo; header_3_font=&raquo;Futura Bold|||on|||||&raquo; header_3_text_align=&raquo;center&raquo; header_3_text_color=&raquo;#000000&#8243; header_3_font_size=&raquo;18px&raquo; header_3_letter_spacing=&raquo;1.8px&raquo; header_3_line_height=&raquo;24px&raquo; custom_margin=&raquo;||||false|false&raquo; custom_margin_tablet=&raquo;||||false|false&raquo; custom_margin_phone=&raquo;||||false|false&raquo; custom_margin_last_edited=&raquo;on|phone&raquo; custom_padding=&raquo;||||false|false&raquo; global_colors_info=&raquo;{}&raquo;]<\/p>\n<h3>HVIS DU IKKE HAR BESTILLET DE HETTESTE LHBT+-FERIENE P\u00c5 PLANETEN,<br \/>\nHVA VENTER DU P\u00c5? SJEKK DEM NEDENFOR!<\/h3>\n<p>[\/et_pb_text][\/et_pb_column][\/et_pb_row][et_pb_row _builder_version=&raquo;4.17.6&#8243; _module_preset=&raquo;default&raquo; global_colors_info=&raquo;{}&raquo;][et_pb_column type=&raquo;4_4&#8243; _builder_version=&raquo;4.17.6&#8243; _module_preset=&raquo;default&raquo; global_colors_info=&raquo;{}&raquo;][et_pb_text _builder_version=&raquo;4.17.6&#8243; _module_preset=&raquo;default&raquo; global_colors_info=&raquo;{}&raquo;]<div id=\"ajax-load-more\" class=\"ajax-load-more-wrap default\" data-id=\"experience-items\" data-alm-id=\"\" data-canonical-url=\"https:\/\/www.myvacaya.com\/no\/oppdage\/rette-allierte\/\" data-slug=\"rette-allierte\" data-post-id=\"43553\"  data-localized=\"ajax_load_more_experience_items_vars\" data-alm-object=\"ajax_load_more_experience_items\"><ul aria-live=\"polite\" aria-atomic=\"true\" class=\"alm-listing alm-ajax\" data-container-type=\"ul\" data-loading-style=\"default\" data-repeater=\"template_1\" data-post-type=\"trip\" data-meta-key=\"show_trip_tile\" data-meta-value=\"1\" data-custom-args=\"post_parent: 0\" data-order=\"ASC\" data-orderby=\"date\" data-offset=\"0\" data-posts-per-page=\"20\" data-lang=\"no\" data-scroll=\"false\" data-button-label=\"Load More\" data-prev-button-label=\"Load Previous\" data-destroy-after=\"1\"><\/ul><div class=\"alm-btn-wrap\" data-rel=\"ajax-load-more\"><button class=\"alm-load-more-btn\" type=\"button\">Load More<\/button><\/div><\/div>[\/et_pb_text][\/et_pb_column][\/et_pb_row][\/et_pb_section][et_pb_section fb_built=&raquo;1&#8243; admin_label=&raquo;The Vacaya Difference&raquo; _builder_version=&raquo;4.17.6&#8243; _module_preset=&raquo;default&raquo; background_color=&raquo;#191919&#8243; custom_padding=&raquo;||||false|false&raquo; global_colors_info=&raquo;{}&raquo;][et_pb_row _builder_version=&raquo;4.17.6&#8243; _module_preset=&raquo;default&raquo; global_colors_info=&raquo;{}&raquo;][et_pb_column type=&raquo;4_4&#8243; _builder_version=&raquo;4.17.4&#8243; _module_preset=&raquo;default&raquo; global_colors_info=&raquo;{}&raquo;][et_pb_text admin_label=&raquo;Section Title &#8211; H3&#8243; _builder_version=&raquo;4.17.6&#8243; _module_preset=&raquo;default&raquo; header_3_font=&raquo;Futura Bold|||on|||||&raquo; header_3_text_align=&raquo;center&raquo; header_3_text_color=&raquo;#FFFFFF&raquo; header_3_font_size=&raquo;18px&raquo; header_3_letter_spacing=&raquo;1.8px&raquo; header_3_line_height=&raquo;24px&raquo; custom_margin=&raquo;||4%||false|false&raquo; custom_margin_tablet=&raquo;||4%||false|false&raquo; custom_margin_phone=&raquo;||40px||false|false&raquo; custom_margin_last_edited=&raquo;on|phone&raquo; global_colors_info=&raquo;{}&raquo;]<\/p>\n<h3>Vacaya-forskjellen<\/h3>\n<p>[\/et_pb_text][dmpro_carousel columns=&raquo;5&#8243; space_between=&raquo;32&#8243; container_padding=&raquo;0px|30px|0px|30px|false|false&raquo; loop=&raquo;on&raquo; autoplay=&raquo;on&raquo; pause_on_hover=&raquo;off&raquo; autoplay_speed=&raquo;3000&#8243; columns_tablet=&raquo;3&#8243; columns_phone=&raquo;2&#8243; columns_last_edited=&raquo;on|desktop&raquo; _builder_version=&raquo;4.17.6&#8243; _module_preset=&raquo;default&raquo; title_font=&raquo;Futura Bold|||on|||||&raquo; title_text_color=&raquo;#FFFFFF&raquo; title_font_size=&raquo;18px&raquo; title_letter_spacing=&raquo;0.1em&raquo; title_line_height=&raquo;24px&raquo; desc_font=&raquo;Helvetica||||||||&raquo; desc_text_color=&raquo;#FFFFFF&raquo; desc_font_size=&raquo;16px&raquo; desc_line_height=&raquo;1.5em&raquo; global_colors_info=&raquo;{}&raquo;][dmpro_carousel_child title=&raquo;Become an Ambassador&raquo; img_src=&raquo;https:\/\/www.myvacaya.com\/wp-content\/uploads\/2022\/07\/ambassadors-1.jpg&raquo; text_title=&raquo;Become an Ambassador&raquo; desc_text=&raquo;Eager to help spread the news about VACAYA? We have everything you need to get started!&raquo; _builder_version=&raquo;4.17.4&#8243; _module_preset=&raquo;default&raquo; global_colors_info=&raquo;{}&raquo;][\/dmpro_carousel_child][dmpro_carousel_child title=&raquo;Unparalleled Offers&raquo; img_src=&raquo;https:\/\/www.myvacaya.com\/wp-content\/uploads\/2022\/07\/unparalled-offers.png&raquo; text_title=&raquo;Unparalleled Offers&raquo; desc_text=&raquo;Are you ready to dive into VACAYA headfirst? We\u2019ve got a special selection of offers just for you!&raquo; _builder_version=&raquo;4.17.4&#8243; _module_preset=&raquo;default&raquo; global_colors_info=&raquo;{}&raquo;][\/dmpro_carousel_child][dmpro_carousel_child title=&raquo;Accessibility&raquo; img_src=&raquo;https:\/\/www.myvacaya.com\/wp-content\/uploads\/2022\/07\/accesibility.jpg&raquo; text_title=&raquo;Accessibility&raquo; desc_text=&raquo;VACAYA and our partners create a welcoming environment for travelers with special needs.&raquo; _builder_version=&raquo;4.17.4&#8243; _module_preset=&raquo;default&raquo; global_colors_info=&raquo;{}&raquo;][\/dmpro_carousel_child][dmpro_carousel_child title=&raquo;Giving Back&raquo; img_src=&raquo;https:\/\/www.myvacaya.com\/wp-content\/uploads\/2022\/07\/giving-back-2.jpg&raquo; text_title=&raquo;Giving Back&raquo; desc_text=&raquo;Our efforts in the community reflect our commitment to the idea that we can all make a difference.&raquo; _builder_version=&raquo;4.17.4&#8243; _module_preset=&raquo;default&raquo; global_colors_info=&raquo;{}&raquo;][\/dmpro_carousel_child][dmpro_carousel_child title=&raquo;All Are Welcome&raquo; img_src=&raquo;https:\/\/www.myvacaya.com\/wp-content\/uploads\/2022\/07\/all-are-welcome.png&raquo; text_title=&raquo;All Are Welcome&raquo; desc_text=&raquo;Open your mind to the rainbow of fun that can be had in the world. <em>That\u2019s<\/em> the spirit of VACAYA!&raquo; _builder_version=&raquo;4.17.4&#8243; _module_preset=&raquo;default&raquo; global_colors_info=&raquo;{}&raquo;][\/dmpro_carousel_child][dmpro_carousel_child title=&raquo;Our Experiences&raquo; img_src=&raquo;https:\/\/www.myvacaya.com\/wp-content\/uploads\/2022\/07\/vacaya-experiences.jpg&raquo; text_title=&raquo;Our Experiences&raquo; desc_text=&raquo;VACAYA delivers vacations tailored to the unique desires of our guests. How will <em>you<\/em> VACAYA?&raquo; _builder_version=&raquo;4.17.4&#8243; _module_preset=&raquo;default&raquo; global_colors_info=&raquo;{}&raquo;][\/dmpro_carousel_child][dmpro_carousel_child title=&raquo;Alphabet Soup&raquo; img_src=&raquo;https:\/\/www.myvacaya.com\/wp-content\/uploads\/2022\/07\/the-difference-alphabet-soup-290&#215;175-2.jpg&raquo; text_title=&raquo;Alphabet Soup&raquo; desc_text=&raquo;Look no further\u2026 VACAYA\u2019s handy guide will help you navigate the entire LGBTQIAPK spectrum.&raquo; _builder_version=&raquo;4.17.4&#8243; _module_preset=&raquo;default&raquo; global_colors_info=&raquo;{}&raquo;][\/dmpro_carousel_child][dmpro_carousel_child title=&raquo;Solo Travelers&raquo; img_src=&raquo;https:\/\/www.myvacaya.com\/wp-content\/uploads\/2022\/07\/step-by-step.jpg&raquo; text_title=&raquo;Solo Travelers&raquo; desc_text=&raquo;<\/p>\n<p>VACAYA\u2019s \u201cSolo Traveling with Ease Program\u201d is perfect for single travelers looking to join in the fun.<\/p>\n<p>&raquo; _builder_version=&raquo;4.17.4&#8243; _module_preset=&raquo;default&raquo; global_colors_info=&raquo;{}&raquo;][\/dmpro_carousel_child][\/dmpro_carousel][\/et_pb_column][\/et_pb_row][\/et_pb_section]<\/p>\n","protected":false},"excerpt":{"rendered":"<p><div class=\"trip-overlay\"><div class=\"trip-title\"><h1>Turfliser med tittel \u2013 kun cruise<\/h1><\/div><\/div>Da det ble kjent at VACAYAs grunnleggere jobbet med en helt ny type ferieselskap, oppfordret mange av v\u00e5re hetero venner oss til \u00e5 ikke la dem st\u00e5 utenfor all moroa. De minnet oss p\u00e5 at de var lei av \u00e5 se krumspringene v\u00e5re p\u00e5 sosiale medier og ikke kunne delta. De oppmuntret oss til \u00e5 [&hellip;]<\/p>\n","protected":false},"author":1,"featured_media":0,"parent":43537,"menu_order":0,"comment_status":"closed","ping_status":"closed","template":"","meta":{"_acf_changed":false,"_et_pb_use_builder":"on","_et_pb_old_content":"","_et_gb_content_width":"","_monsterinsights_skip_tracking":false,"_monsterinsights_sitenote_active":false,"_monsterinsights_sitenote_note":"","_monsterinsights_sitenote_category":0,"footnotes":""},"class_list":["post-43553","page","type-page","status-publish","hentry"],"acf":[],"_links":{"self":[{"href":"https:\/\/www.myvacaya.com\/no\/wp-json\/wp\/v2\/pages\/43553","targetHints":{"allow":["GET"]}}],"collection":[{"href":"https:\/\/www.myvacaya.com\/no\/wp-json\/wp\/v2\/pages"}],"about":[{"href":"https:\/\/www.myvacaya.com\/no\/wp-json\/wp\/v2\/types\/page"}],"author":[{"embeddable":true,"href":"https:\/\/www.myvacaya.com\/no\/wp-json\/wp\/v2\/users\/1"}],"replies":[{"embeddable":true,"href":"https:\/\/www.myvacaya.com\/no\/wp-json\/wp\/v2\/comments?post=43553"}],"version-history":[{"count":4,"href":"https:\/\/www.myvacaya.com\/no\/wp-json\/wp\/v2\/pages\/43553\/revisions"}],"predecessor-version":[{"id":45110,"href":"https:\/\/www.myvacaya.com\/no\/wp-json\/wp\/v2\/pages\/43553\/revisions\/45110"}],"up":[{"embeddable":true,"href":"https:\/\/www.myvacaya.com\/no\/wp-json\/wp\/v2\/pages\/43537"}],"wp:attachment":[{"href":"https:\/\/www.myvacaya.com\/no\/wp-json\/wp\/v2\/media?parent=43553"}],"curies":[{"name":"wp","href":"https:\/\/api.w.org\/{rel}","templated":true}]}}