{"id":43549,"date":"2018-02-10T15:05:39","date_gmt":"2018-02-10T20:05:39","guid":{"rendered":"https:\/\/www.myvacaya.com\/oppdage\/vacaya-opplevelser\/"},"modified":"2023-12-21T08:53:28","modified_gmt":"2023-12-21T13:53:28","slug":"vacaya-opplevelser","status":"publish","type":"page","link":"https:\/\/www.myvacaya.com\/no\/oppdage\/vacaya-opplevelser\/","title":{"rendered":"VACAYA-opplevelser"},"content":{"rendered":"<p>[et_pb_section fb_built=&raquo;1&#8243; fullwidth=&raquo;on&raquo; admin_label=&raquo;Slider&raquo; module_id=&raquo;skyve-seksjon-interi\u00f8r&raquo; _builder_version=&raquo;4.17.6&#8243; _module_preset=&raquo;default&raquo; background_enable_image=&raquo;off&raquo; global_colors_info=&raquo;{}&raquo;][et_pb_fullwidth_code admin_label=&raquo;Slider Overlay&raquo; module_class=&raquo;interior-page-overlay&raquo; _builder_version=&raquo;4.17.6&#8243; _module_preset=&raquo;default&raquo; positioning=&raquo;absolute&raquo; position_origin_a=&raquo;top_right&raquo; position_origin_f=&raquo;top_right&raquo; z_index=&raquo;100&#8243; width=&raquo;50%&raquo; width_tablet=&raquo;50%&raquo; width_phone=&raquo;100%&raquo; width_last_edited=&raquo;on|phone&raquo; height=&raquo;100vh&raquo; global_colors_info=&raquo;{}&raquo;]<div class=\"trip-overlay\"><div class=\"trip-title\"><h1>VACAYA-opplevelser<\/h1><\/div><\/div>[\/et_pb_fullwidth_code][et_pb_fullwidth_slider show_arrows=&raquo;off&raquo; admin_label=&raquo;Slider Images&raquo; module_id=&raquo;slider-images&raquo; _builder_version=&raquo;4.17.6&#8243; _module_preset=&raquo;default&raquo; height=&raquo;100vh&raquo; auto=&raquo;on&raquo; global_colors_info=&raquo;{}&raquo;][et_pb_slide _builder_version=&raquo;4.17.6&#8243; _module_preset=&raquo;default&raquo; background_color=&raquo;RGBA(255,255,255,0)&raquo; background_enable_color=&raquo;on&raquo; background_image=&raquo;https:\/\/www.myvacaya.com\/wp-content\/uploads\/2022\/09\/our-experiences.jpg&raquo; background_enable_image=&raquo;on&raquo; background_last_edited=&raquo;on|desktop&raquo; background_image_phone=&raquo;https:\/\/www.myvacaya.com\/wp-content\/uploads\/2022\/11\/vacaya-experiences-mobile-414&#215;500-1.jpg&raquo; background_enable_image_phone=&raquo;on&raquo; global_colors_info=&raquo;{}&raquo; sticky_transition=&raquo;on&raquo;][\/et_pb_slide][\/et_pb_fullwidth_slider][\/et_pb_section][et_pb_section fb_built=&raquo;1&#8243; custom_padding_last_edited=&raquo;on|phone&raquo; _builder_version=&raquo;4.17.6&#8243; _module_preset=&raquo;default&raquo; custom_padding=&raquo;||0%||false|false&raquo; custom_padding_tablet=&raquo;||||false|false&raquo; custom_padding_phone=&raquo;||||false|false&raquo; global_colors_info=&raquo;{}&raquo;][et_pb_row custom_padding_last_edited=&raquo;on|desktop&raquo; _builder_version=&raquo;4.17.6&#8243; _module_preset=&raquo;default&raquo; custom_padding=&raquo;||0%||false|false&raquo; custom_padding_tablet=&raquo;||||false|false&raquo; custom_padding_phone=&raquo;||||false|false&raquo; global_colors_info=&raquo;{}&raquo;][et_pb_column type=&raquo;4_4&#8243; _builder_version=&raquo;4.17.6&#8243; _module_preset=&raquo;default&raquo; global_colors_info=&raquo;{}&raquo;][et_pb_text _builder_version=&raquo;4.17.6&#8243; _module_preset=&raquo;default&raquo; custom_margin=&raquo;||||false|false&raquo; custom_margin_tablet=&raquo;||||false|false&raquo; custom_margin_phone=&raquo;||||false|false&raquo; custom_margin_last_edited=&raquo;on|phone&raquo; global_colors_info=&raquo;{}&raquo;]LHBT+-reise er g\u00f8y, ikke sant? Men for mange av oss er det bare en del av ligningen. Jada, vi elsker non-stop underholdning, fester, forbindelser og vennskap, men vi ser ogs\u00e5 etter opplevelser som gir gjenklang p\u00e5 et dypere f\u00f8lelsesmessig niv\u00e5. Ferier til et bredere spekter av destinasjoner, mer personlig og mer tilpasset lokal kultur, inspirerer samfunnet v\u00e5rt mot en vei for selvoppdagelse. Fra dag 1 definerte VACAYA tre kategorier av ferier som ville legge grunnlaget for v\u00e5rt brede tilbud for \u00e5 tilfredsstille en rekke feriedr\u00f8mmer.<\/p>\n<p>La oss bryte dem ned&#8230;[\/et_pb_text][\/et_pb_column][\/et_pb_row][\/et_pb_section][et_pb_section fb_built=&raquo;1&#8243; custom_padding_last_edited=&raquo;on|phone&raquo; admin_label=&raquo;Bliss&raquo; _builder_version=&raquo;4.17.6&#8243; _module_preset=&raquo;default&raquo; custom_padding=&raquo;0%||0%||false|false&raquo; custom_padding_tablet=&raquo;||||false|false&raquo; custom_padding_phone=&raquo;||||false|false&raquo; global_colors_info=&raquo;{}&raquo;][et_pb_row _builder_version=&raquo;4.17.6&#8243; _module_preset=&raquo;default&raquo; global_colors_info=&raquo;{}&raquo;][et_pb_column type=&raquo;4_4&#8243; _builder_version=&raquo;4.17.6&#8243; _module_preset=&raquo;default&raquo; global_colors_info=&raquo;{}&raquo;][et_pb_text admin_label=&raquo;Section Title &#8211; H3&#8243; _builder_version=&raquo;4.17.6&#8243; _module_preset=&raquo;default&raquo; header_3_font=&raquo;Futura Bold|||on|||||&raquo; header_3_text_align=&raquo;center&raquo; header_3_text_color=&raquo;#000000&#8243; header_3_font_size=&raquo;18px&raquo; header_3_letter_spacing=&raquo;1.8px&raquo; header_3_line_height=&raquo;24px&raquo; custom_margin=&raquo;||||false|false&raquo; custom_margin_tablet=&raquo;||||false|false&raquo; custom_margin_phone=&raquo;||||false|false&raquo; custom_margin_last_edited=&raquo;on|phone&raquo; custom_padding=&raquo;||||false|false&raquo; hover_enabled=&raquo;0&#8243; global_colors_info=&raquo;{}&raquo; sticky_enabled=&raquo;0&#8243;]<\/p>\n<h3>VACAYA BIG-SHIP CRUISES<\/h3>\n<p>[\/et_pb_text][\/et_pb_column][\/et_pb_row][et_pb_row column_structure=&raquo;1_3,2_3&#8243; _builder_version=&raquo;4.17.6&#8243; _module_preset=&raquo;default&raquo; global_colors_info=&raquo;{}&raquo;][et_pb_column type=&raquo;1_3&#8243; _builder_version=&raquo;4.17.6&#8243; _module_preset=&raquo;default&raquo; global_colors_info=&raquo;{}&raquo;][et_pb_image src=&raquo;https:\/\/www.myvacaya.com\/wp-content\/uploads\/2022\/09\/bliss-1&#215;1-v2a-300&#215;300-1.png&raquo; title_text=&raquo;bliss-1&#215;1-v2a-300&#215;300&#8243; force_fullwidth=&raquo;on&raquo; _builder_version=&raquo;4.17.6&#8243; _module_preset=&raquo;default&raquo; global_colors_info=&raquo;{}&raquo;][\/et_pb_image][\/et_pb_column][et_pb_column type=&raquo;2_3&#8243; _builder_version=&raquo;4.17.6&#8243; _module_preset=&raquo;default&raquo; global_colors_info=&raquo;{}&raquo;][et_pb_text _builder_version=&raquo;4.17.6&#8243; _module_preset=&raquo;default&raquo; hover_enabled=&raquo;0&#8243; global_colors_info=&raquo;{}&raquo; sticky_enabled=&raquo;0&#8243;]<\/p>\n<p>F\u00e5 det som betyr mest med stilen og servicen du \u00f8nsker, alt til en salig pris. V\u00e5re cruise p\u00e5 store skip tilbyr et innbydende milj\u00f8 uten d\u00f8mmekraft, stjerneunderholdning, fantastiske fester og non-stop aktiviteter for \u00e5 utvide den sosiale sirkelen din eksponentielt.<\/p>\n<p>V\u00e5r forpliktelse til fortreffelighet starter med partnerskapene vi bygger med verdens ledende cruiserederier \u2013 Celebrity, Royal Caribbean, Holland America, NCL, Oceania og Princess. Men det er magien ved at gjestene v\u00e5re kommer sammen p\u00e5 disse skipene som virkelig tar VACAYA til neste niv\u00e5. V\u00e5r banebrytende programmering og innovative nye sosiale aktiviteter er ment \u00e5 knytte deg til andre reisende p\u00e5 letthjertede og uventede m\u00e5ter.<\/p>\n<p><strong>VACAYAs BlG-SHIP CRUISE-<\/strong> rytme er&#8230; <strong>Moro<\/strong> . <strong>Lys<\/strong> . <strong>Varm<\/strong> . <strong>Spontant<\/strong> . <strong>Gledelig<\/strong> . <strong>Engasjerende<\/strong> . <strong>Festlig<\/strong> . <strong>Non-stop<\/strong> . Til syvende og sist er hver Bliss-ferie hva du gj\u00f8r den til \u2013 helt og holdent din \u00e5 definere. Skipene v\u00e5re er det ultimate knutepunktet for vennskap \u2013 din sjanse til \u00e5 komme i kontakt med likesinnede fra hele verden i et festlig og lekent milj\u00f8.<\/p>\n<p>[\/et_pb_text][\/et_pb_column][\/et_pb_row][et_pb_row _builder_version=&raquo;4.17.6&#8243; _module_preset=&raquo;default&raquo; global_colors_info=&raquo;{}&raquo;][et_pb_column type=&raquo;4_4&#8243; _builder_version=&raquo;4.17.6&#8243; _module_preset=&raquo;default&raquo; global_colors_info=&raquo;{}&raquo;][et_pb_text admin_label=&raquo;Trip List &#8211; Bliss&raquo; _builder_version=&raquo;4.17.6&#8243; _module_preset=&raquo;default&raquo; custom_padding=&raquo;2.5%|10%|2.5%|10%|false|false&raquo; border_width_all=&raquo;1px&raquo; border_color_all=&raquo;#000000&#8243; global_colors_info=&raquo;{}&raquo;]<div id=\"ajax-load-more\" class=\"ajax-load-more-wrap default\" data-id=\"experience-items\" data-alm-id=\"\" data-canonical-url=\"https:\/\/www.myvacaya.com\/no\/oppdage\/vacaya-opplevelser\/\" data-slug=\"vacaya-opplevelser\" data-post-id=\"43549\"  data-localized=\"ajax_load_more_experience_items_vars\" data-alm-object=\"ajax_load_more_experience_items\"><ul aria-live=\"polite\" aria-atomic=\"true\" class=\"alm-listing alm-ajax\" data-container-type=\"ul\" data-loading-style=\"default\" data-repeater=\"template_4\" data-post-type=\"trip\" data-taxonomy=\"experience_type\" data-taxonomy-terms=\"bliss\" data-taxonomy-operator=\"IN\" data-meta-key=\"show_trip_tile\" data-meta-value=\"1\" data-custom-args=\"post_parent: 0\" data-order=\"ASC\" data-orderby=\"date\" data-offset=\"0\" data-posts-per-page=\"20\" data-lang=\"no\" data-scroll=\"false\" data-button-label=\"Load More\" data-prev-button-label=\"Load Previous\" data-destroy-after=\"1\"><\/ul><div class=\"alm-btn-wrap\" data-rel=\"ajax-load-more\"><button class=\"alm-load-more-btn\" type=\"button\">Load More<\/button><\/div><\/div>[\/et_pb_text][\/et_pb_column][\/et_pb_row][\/et_pb_section][et_pb_section fb_built=&raquo;1&#8243; custom_padding_last_edited=&raquo;on|phone&raquo; admin_label=&raquo;Oasis&raquo; _builder_version=&raquo;4.17.6&#8243; _module_preset=&raquo;default&raquo; custom_padding=&raquo;0%||0%||false|false&raquo; custom_padding_tablet=&raquo;||||false|false&raquo; custom_padding_phone=&raquo;||||false|false&raquo; global_colors_info=&raquo;{}&raquo;][et_pb_row _builder_version=&raquo;4.17.6&#8243; _module_preset=&raquo;default&raquo; global_colors_info=&raquo;{}&raquo;][et_pb_column type=&raquo;4_4&#8243; _builder_version=&raquo;4.17.6&#8243; _module_preset=&raquo;default&raquo; global_colors_info=&raquo;{}&raquo;][et_pb_text admin_label=&raquo;Section Title &#8211; H3&#8243; _builder_version=&raquo;4.17.6&#8243; _module_preset=&raquo;default&raquo; header_3_font=&raquo;Futura Bold|||on|||||&raquo; header_3_text_align=&raquo;center&raquo; header_3_text_color=&raquo;#000000&#8243; header_3_font_size=&raquo;18px&raquo; header_3_letter_spacing=&raquo;1.8px&raquo; header_3_line_height=&raquo;24px&raquo; custom_margin=&raquo;||||false|false&raquo; custom_margin_tablet=&raquo;||||false|false&raquo; custom_margin_phone=&raquo;||||false|false&raquo; custom_margin_last_edited=&raquo;on|phone&raquo; custom_padding=&raquo;||||false|false&raquo; hover_enabled=&raquo;0&#8243; global_colors_info=&raquo;{}&raquo; sticky_enabled=&raquo;0&#8243;]<\/p>\n<h3>VACAYA RESORTS &amp; TOURS<\/h3>\n<p>[\/et_pb_text][\/et_pb_column][\/et_pb_row][et_pb_row column_structure=&raquo;1_3,2_3&#8243; _builder_version=&raquo;4.17.6&#8243; _module_preset=&raquo;default&raquo; global_colors_info=&raquo;{}&raquo;][et_pb_column type=&raquo;1_3&#8243; _builder_version=&raquo;4.17.6&#8243; _module_preset=&raquo;default&raquo; global_colors_info=&raquo;{}&raquo;][et_pb_image src=&raquo;https:\/\/www.myvacaya.com\/wp-content\/uploads\/2022\/09\/oasis-1&#215;1-v2a-300&#215;300-1.png&raquo; title_text=&raquo;oasis-1&#215;1-v2a-300&#215;300&#8243; force_fullwidth=&raquo;on&raquo; _builder_version=&raquo;4.17.6&#8243; _module_preset=&raquo;default&raquo; global_colors_info=&raquo;{}&raquo;][\/et_pb_image][\/et_pb_column][et_pb_column type=&raquo;2_3&#8243; _builder_version=&raquo;4.17.6&#8243; _module_preset=&raquo;default&raquo; global_colors_info=&raquo;{}&raquo;][et_pb_text _builder_version=&raquo;4.17.6&#8243; _module_preset=&raquo;default&raquo; hover_enabled=&raquo;0&#8243; global_colors_info=&raquo;{}&raquo; sticky_enabled=&raquo;0&#8243;]<\/p>\n<p>VACAYAs uimotst\u00e5elige Resorts &amp; Tours er mer avslappet enn v\u00e5re cruise med store skip, og tilbyr den perfekte tilfluktsstedet for de som s\u00f8ker moro, avslapning, eventyr og romantikk. Enten du er ute etter \u00e5 g\u00e5 gjennom trekronene eller slappe av ved et utrolig basseng, finner du det her mens du skaper vennskap og minner som varer livet ut.<\/p>\n<p>Vi har brutt formen fullstendig med feriestedsferiene v\u00e5re, og samarbeider med eiendommer som omdefinerer hva som forventes og hva som er mulig \u2013 fra det virkelig &laquo;all inclusive&raquo; (hvor alt fra prisvinnende mat, cocktailer fra \u00f8verste hylle, utvalgte spabehandlinger, utflukter, salongtjenester, dykkeopplevelser og golf er inkludert) til ikke-alt inkludert eiendommer som setter en helt ny standard i lokalsamfunnene de representerer. Det er en stil med LHBT+ feriesteder vi vet du kommer til \u00e5 elske \u2013 hver Oasis-reise er unik i sin egen rett.<\/p>\n<p><strong>VACAYA RESORTS &amp; TOURS-<\/strong> rytmen er&#8230; <strong>avslappet<\/strong> . <strong>Lett<\/strong> . <strong>Moro<\/strong> . <strong>Balansert<\/strong> . <strong>Luksuri\u00f8st<\/strong> . <strong>Overb\u00e6rende<\/strong> . <strong>Sporty<\/strong> . <strong>Uskriptet<\/strong> . <strong>Eventyrlystne<\/strong> . En helt ny m\u00e5te \u00e5 spille p\u00e5.<\/p>\n<p>[\/et_pb_text][\/et_pb_column][\/et_pb_row][et_pb_row _builder_version=&raquo;4.17.6&#8243; _module_preset=&raquo;default&raquo; global_colors_info=&raquo;{}&raquo;][et_pb_column type=&raquo;4_4&#8243; _builder_version=&raquo;4.17.6&#8243; _module_preset=&raquo;default&raquo; global_colors_info=&raquo;{}&raquo;][et_pb_text admin_label=&raquo;Trip List &#8211; Oasis&raquo; _builder_version=&raquo;4.17.6&#8243; _module_preset=&raquo;default&raquo; custom_padding=&raquo;2.5%|10%|2.5%|10%|false|false&raquo; border_width_all=&raquo;1px&raquo; border_color_all=&raquo;#000000&#8243; global_colors_info=&raquo;{}&raquo;]<div id=\"ajax-load-more-2\" class=\"ajax-load-more-wrap default\" data-id=\"experience-items\" data-alm-id=\"\" data-canonical-url=\"https:\/\/www.myvacaya.com\/no\/oppdage\/vacaya-opplevelser\/\" data-slug=\"vacaya-opplevelser\" data-post-id=\"43549\"  data-localized=\"ajax_load_more_experience_items_vars\" data-alm-object=\"ajax_load_more_experience_items\"><ul aria-live=\"polite\" aria-atomic=\"true\" class=\"alm-listing alm-ajax\" data-container-type=\"ul\" data-loading-style=\"default\" data-repeater=\"template_4\" data-post-type=\"trip\" data-taxonomy=\"experience_type\" data-taxonomy-terms=\"oasis\" data-taxonomy-operator=\"IN\" data-meta-key=\"show_trip_tile\" data-meta-value=\"1\" data-custom-args=\"post_parent: 0\" data-order=\"ASC\" data-orderby=\"date\" data-offset=\"0\" data-posts-per-page=\"20\" data-lang=\"no\" data-scroll=\"false\" data-button-label=\"Load More\" data-prev-button-label=\"Load Previous\" data-destroy-after=\"1\"><\/ul><div class=\"alm-btn-wrap\" data-rel=\"ajax-load-more-2\"><button class=\"alm-load-more-btn\" type=\"button\">Load More<\/button><\/div><\/div>[\/et_pb_text][\/et_pb_column][\/et_pb_row][\/et_pb_section][et_pb_section fb_built=&raquo;1&#8243; custom_padding_last_edited=&raquo;on|phone&raquo; admin_label=&raquo;Luxe&raquo; _builder_version=&raquo;4.17.6&#8243; _module_preset=&raquo;default&raquo; custom_padding=&raquo;0%||||false|false&raquo; custom_padding_tablet=&raquo;||||false|false&raquo; custom_padding_phone=&raquo;||||false|false&raquo; global_colors_info=&raquo;{}&raquo;][et_pb_row _builder_version=&raquo;4.17.6&#8243; _module_preset=&raquo;default&raquo; global_colors_info=&raquo;{}&raquo;][et_pb_column type=&raquo;4_4&#8243; _builder_version=&raquo;4.17.6&#8243; _module_preset=&raquo;default&raquo; global_colors_info=&raquo;{}&raquo;][et_pb_text admin_label=&raquo;Section Title &#8211; H3&#8243; _builder_version=&raquo;4.17.6&#8243; _module_preset=&raquo;default&raquo; header_3_font=&raquo;Futura Bold|||on|||||&raquo; header_3_text_align=&raquo;center&raquo; header_3_text_color=&raquo;#000000&#8243; header_3_font_size=&raquo;18px&raquo; header_3_letter_spacing=&raquo;1.8px&raquo; header_3_line_height=&raquo;24px&raquo; custom_margin=&raquo;||||false|false&raquo; custom_margin_tablet=&raquo;||||false|false&raquo; custom_margin_phone=&raquo;||||false|false&raquo; custom_margin_last_edited=&raquo;on|phone&raquo; custom_padding=&raquo;||||false|false&raquo; hover_enabled=&raquo;0&#8243; global_colors_info=&raquo;{}&raquo; sticky_enabled=&raquo;0&#8243;]<\/p>\n<h3>VACAYA SM\u00c5SKIPSCRUISER<\/h3>\n<p>[\/et_pb_text][\/et_pb_column][\/et_pb_row][et_pb_row column_structure=&raquo;1_3,2_3&#8243; _builder_version=&raquo;4.17.6&#8243; _module_preset=&raquo;default&raquo; global_colors_info=&raquo;{}&raquo;][et_pb_column type=&raquo;1_3&#8243; _builder_version=&raquo;4.17.6&#8243; _module_preset=&raquo;default&raquo; global_colors_info=&raquo;{}&raquo;][et_pb_image src=&raquo;https:\/\/www.myvacaya.com\/wp-content\/uploads\/2022\/09\/oasis-1&#215;1-v2a-300&#215;300-1.png&raquo; title_text=&raquo;oasis-1&#215;1-v2a-300&#215;300&#8243; force_fullwidth=&raquo;on&raquo; _builder_version=&raquo;4.17.6&#8243; _module_preset=&raquo;default&raquo; global_colors_info=&raquo;{}&raquo;][\/et_pb_image][\/et_pb_column][et_pb_column type=&raquo;2_3&#8243; _builder_version=&raquo;4.17.6&#8243; _module_preset=&raquo;default&raquo; global_colors_info=&raquo;{}&raquo;][et_pb_text _builder_version=&raquo;4.17.6&#8243; _module_preset=&raquo;default&raquo; hover_enabled=&raquo;0&#8243; global_colors_info=&raquo;{}&raquo; sticky_enabled=&raquo;0&#8243;]<\/p>\n<p>Fra indiske krydder og Maya-ruiner til antarktiske pingviner og europeiske dr\u00f8mmelandskap, v\u00e5re oppdagelsesreiser fordyper deg i de autentiske smakene fra verdens mest spennende popul\u00e6re og off-the-bante-sti destinasjoner \u2013 alt i f\u00f8rsteklasses stil og luksus. VACAYA Small-Ship Cruises, som seiler p\u00e5 ekspedisjon i boutique-stil og elveskip, er unapologetisk eksklusive \u2013 innbydende for alle, selvf\u00f8lgelig, men bygget for kresne reisende som s\u00f8ker intime opplevelser, fantastiske overnattingssteder og enest\u00e5ende service.<\/p>\n<p>VACAYA samarbeider med verdens ledende cruiserederier for sm\u00e5skip, inkludert Transcend, Emerald Waterways, Ponant, Avalon Waterways og Hurtigruten \u2013 linjer valgt fordi de er bygget for \u00e5 konstant overg\u00e5 forventningene.<\/p>\n<p>V\u00e5re cruiseferier med sm\u00e5 skip er en feiring av planetens underverker. De vil n\u00e5 de fjerne hj\u00f8rnene av kloden \u2013 og gi VACAYA-gjester en mulighet til \u00e5 utvide horisonten p\u00e5 helt nye m\u00e5ter.<\/p>\n<p><strong>VACAYA SMALL-SHIP CRUISE-<\/strong> rytmen er&#8230; <strong>Fet<\/strong> . <strong>Raffinert<\/strong> . <strong>Intim<\/strong> . <strong>Eksotisk<\/strong> . <strong>skattet<\/strong> . <strong>Rolig<\/strong> . <strong>Kul<\/strong> . <strong>Grand<\/strong> . En sjanse til \u00e5 leve livet fullt ut.<\/p>\n<p>[\/et_pb_text][\/et_pb_column][\/et_pb_row][et_pb_row _builder_version=&raquo;4.17.6&#8243; _module_preset=&raquo;default&raquo; global_colors_info=&raquo;{}&raquo;][et_pb_column type=&raquo;4_4&#8243; _builder_version=&raquo;4.17.6&#8243; _module_preset=&raquo;default&raquo; global_colors_info=&raquo;{}&raquo;][et_pb_text admin_label=&raquo;Trip List &#8211; Luxe&raquo; _builder_version=&raquo;4.17.6&#8243; _module_preset=&raquo;default&raquo; custom_padding=&raquo;2.5%|10%|2.5%|10%|false|false&raquo; border_width_all=&raquo;1px&raquo; border_color_all=&raquo;#000000&#8243; global_colors_info=&raquo;{}&raquo;]<div id=\"ajax-load-more-3\" class=\"ajax-load-more-wrap default\" data-id=\"experience-items\" data-alm-id=\"\" data-canonical-url=\"https:\/\/www.myvacaya.com\/no\/oppdage\/vacaya-opplevelser\/\" data-slug=\"vacaya-opplevelser\" data-post-id=\"43549\"  data-localized=\"ajax_load_more_experience_items_vars\" data-alm-object=\"ajax_load_more_experience_items\"><ul aria-live=\"polite\" aria-atomic=\"true\" class=\"alm-listing alm-ajax\" data-container-type=\"ul\" data-loading-style=\"default\" data-repeater=\"template_4\" data-post-type=\"trip\" data-taxonomy=\"experience_type\" data-taxonomy-terms=\"luxe\" data-taxonomy-operator=\"IN\" data-meta-key=\"show_trip_tile\" data-meta-value=\"1\" data-custom-args=\"post_parent: 0\" data-order=\"ASC\" data-orderby=\"date\" data-offset=\"0\" data-posts-per-page=\"20\" data-lang=\"no\" data-scroll=\"false\" data-button-label=\"Load More\" data-prev-button-label=\"Load Previous\" data-destroy-after=\"1\"><\/ul><div class=\"alm-btn-wrap\" data-rel=\"ajax-load-more-3\"><button class=\"alm-load-more-btn\" type=\"button\">Load More<\/button><\/div><\/div>[\/et_pb_text][\/et_pb_column][\/et_pb_row][\/et_pb_section]<\/p>\n","protected":false},"excerpt":{"rendered":"<p><div class=\"trip-overlay\"><div class=\"trip-title\"><h1>Turfliser med tittel \u2013 kun cruise<\/h1><\/div><\/div>LHBT+-reise er g\u00f8y, ikke sant? Men for mange av oss er det bare en del av ligningen. Jada, vi elsker non-stop underholdning, fester, forbindelser og vennskap, men vi ser ogs\u00e5 etter opplevelser som gir gjenklang p\u00e5 et dypere f\u00f8lelsesmessig niv\u00e5. Ferier til et bredere spekter av destinasjoner, mer personlig og mer tilpasset lokal kultur, inspirerer [&hellip;]<\/p>\n","protected":false},"author":1,"featured_media":0,"parent":43537,"menu_order":0,"comment_status":"closed","ping_status":"closed","template":"","meta":{"_acf_changed":false,"_et_pb_use_builder":"on","_et_pb_old_content":"","_et_gb_content_width":"","_monsterinsights_skip_tracking":false,"_monsterinsights_sitenote_active":false,"_monsterinsights_sitenote_note":"","_monsterinsights_sitenote_category":0,"footnotes":""},"class_list":["post-43549","page","type-page","status-publish","hentry"],"acf":[],"_links":{"self":[{"href":"https:\/\/www.myvacaya.com\/no\/wp-json\/wp\/v2\/pages\/43549","targetHints":{"allow":["GET"]}}],"collection":[{"href":"https:\/\/www.myvacaya.com\/no\/wp-json\/wp\/v2\/pages"}],"about":[{"href":"https:\/\/www.myvacaya.com\/no\/wp-json\/wp\/v2\/types\/page"}],"author":[{"embeddable":true,"href":"https:\/\/www.myvacaya.com\/no\/wp-json\/wp\/v2\/users\/1"}],"replies":[{"embeddable":true,"href":"https:\/\/www.myvacaya.com\/no\/wp-json\/wp\/v2\/comments?post=43549"}],"version-history":[{"count":10,"href":"https:\/\/www.myvacaya.com\/no\/wp-json\/wp\/v2\/pages\/43549\/revisions"}],"predecessor-version":[{"id":141594,"href":"https:\/\/www.myvacaya.com\/no\/wp-json\/wp\/v2\/pages\/43549\/revisions\/141594"}],"up":[{"embeddable":true,"href":"https:\/\/www.myvacaya.com\/no\/wp-json\/wp\/v2\/pages\/43537"}],"wp:attachment":[{"href":"https:\/\/www.myvacaya.com\/no\/wp-json\/wp\/v2\/media?parent=43549"}],"curies":[{"name":"wp","href":"https:\/\/api.w.org\/{rel}","templated":true}]}}