{"id":43542,"date":"2018-02-10T15:04:40","date_gmt":"2018-02-10T20:04:40","guid":{"rendered":"https:\/\/www.myvacaya.com\/gjor-deg-klar\/"},"modified":"2025-11-11T09:34:51","modified_gmt":"2025-11-11T14:34:51","slug":"gjor-deg-klar","status":"publish","type":"page","link":"https:\/\/www.myvacaya.com\/no\/gjor-deg-klar\/","title":{"rendered":"Gj\u00f8r deg klar"},"content":{"rendered":"<p>[et_pb_section fb_built=&raquo;1&#8243; fullwidth=&raquo;on&raquo; admin_label=&raquo;Slider&raquo; module_id=&raquo;skyve-seksjon-interi\u00f8r&raquo; _builder_version=&raquo;4.17.6&#8243; _module_preset=&raquo;default&raquo; background_enable_image=&raquo;off&raquo; global_colors_info=&raquo;{}&raquo;][et_pb_fullwidth_code admin_label=&raquo;Slider Overlay&raquo; module_class=&raquo;interior-page-overlay&raquo; _builder_version=&raquo;4.17.6&#8243; _module_preset=&raquo;default&raquo; positioning=&raquo;absolute&raquo; position_origin_a=&raquo;top_right&raquo; position_origin_f=&raquo;top_right&raquo; z_index=&raquo;100&#8243; width=&raquo;50%&raquo; width_tablet=&raquo;50%&raquo; width_phone=&raquo;100%&raquo; width_last_edited=&raquo;on|phone&raquo; height=&raquo;100vh&raquo; global_colors_info=&raquo;{}&raquo;]<div class=\"trip-overlay\"><div class=\"trip-title\"><h1>Gj\u00f8r deg klar<\/h1><\/div><\/div>[\/et_pb_fullwidth_code][et_pb_fullwidth_slider show_arrows=&raquo;off&raquo; admin_label=&raquo;Slider Images&raquo; module_id=&raquo;slider-images&raquo; _builder_version=&raquo;4.17.6&#8243; _module_preset=&raquo;default&raquo; height=&raquo;100vh&raquo; auto=&raquo;on&raquo; global_colors_info=&raquo;{}&raquo;][et_pb_slide _builder_version=&raquo;4.17.6&#8243; _module_preset=&raquo;default&raquo; background_color=&raquo;RGBA(255,255,255,0)&raquo; background_enable_color=&raquo;on&raquo; background_image=&raquo;https:\/\/www.myvacaya.com\/wp-content\/uploads\/2022\/09\/get-ready.jpg&raquo; background_enable_image=&raquo;on&raquo; background_last_edited=&raquo;on|desktop&raquo; background_image_phone=&raquo;https:\/\/www.myvacaya.com\/wp-content\/uploads\/2022\/11\/get-ready-mobile-414&#215;500-1.jpg&raquo; background_enable_image_phone=&raquo;on&raquo; global_colors_info=&raquo;{}&raquo; sticky_transition=&raquo;on&raquo;][\/et_pb_slide][\/et_pb_fullwidth_slider][\/et_pb_section][et_pb_section fb_built=&raquo;1&#8243; custom_padding_last_edited=&raquo;on|phone&raquo; _builder_version=&raquo;4.17.6&#8243; _module_preset=&raquo;default&raquo; custom_padding=&raquo;||||false|false&raquo; custom_padding_tablet=&raquo;||||false|false&raquo; custom_padding_phone=&raquo;||||false|false&raquo; global_colors_info=&raquo;{}&raquo;][et_pb_row custom_padding_last_edited=&raquo;on|desktop&raquo; _builder_version=&raquo;4.17.6&#8243; _module_preset=&raquo;default&raquo; custom_padding=&raquo;||||false|false&raquo; custom_padding_tablet=&raquo;||||false|false&raquo; custom_padding_phone=&raquo;||||false|false&raquo; global_colors_info=&raquo;{}&raquo;][et_pb_column type=&raquo;4_4&#8243; _builder_version=&raquo;4.17.6&#8243; _module_preset=&raquo;default&raquo; global_colors_info=&raquo;{}&raquo;][et_pb_text admin_label=&raquo;Section Title &#8211; H2&#8243; _builder_version=&raquo;4.17.6&#8243; _module_preset=&raquo;default&raquo; text_letter_spacing=&raquo;1.8px&raquo; text_line_height=&raquo;22px&raquo; header_2_font=&raquo;Futura Bold|||on|||||&raquo; header_2_text_align=&raquo;center&raquo; header_2_text_color=&raquo;#000000&#8243; header_2_font_size=&raquo;30px&raquo; header_2_letter_spacing=&raquo;1.8px&raquo; header_2_line_height=&raquo;36px&raquo; header_3_font=&raquo;Futura Bold|||on|||||&raquo; header_3_text_align=&raquo;center&raquo; header_3_text_color=&raquo;#000000&#8243; header_3_font_size=&raquo;18px&raquo; header_3_letter_spacing=&raquo;1.8px&raquo; header_3_line_height=&raquo;24px&raquo; custom_margin=&raquo;||||false|false&raquo; custom_padding=&raquo;||||false|false&raquo; custom_padding_tablet=&raquo;||||false|false&raquo; custom_padding_phone=&raquo;||||false|false&raquo; custom_padding_last_edited=&raquo;on|phone&raquo; global_colors_info=&raquo;{}&raquo;]<\/p>\n<h2>V\u00e5rt oppdrag er \u00e5 s\u00f8rge for at du har alle verkt\u00f8yene<br \/> n\u00f8dvendig for \u00e5 nyte ferien din med oss<\/h2>\n<p>[\/et_pb_text][et_pb_text admin_label=&raquo;Text&raquo; _builder_version=&raquo;4.23.4&#8243; _module_preset=&raquo;default&raquo; custom_margin=&raquo;||||false|false&raquo; custom_margin_tablet=&raquo;||||false|false&raquo; custom_margin_phone=&raquo;||||false|false&raquo; custom_margin_last_edited=&raquo;on|phone&raquo; global_colors_info=&raquo;{}&raquo;]<\/p>\n<p>Vi gir deg all informasjonen du trenger \u2013 fra festtemaer til en forh\u00e5ndsvisning av underholdning \u2013 i god tid f\u00f8r ferien begynner. I tillegg vil vi snakke med deg gjennom hele opplevelsen f\u00f8r og etter ferien. Du vil hjelpe oss med \u00e5 designe og implementere v\u00e5re reisespesifikke veldedige initiativer. Og i konkurranser <em>i Velg-ditt-eget-eventyr<\/em> -stil, vil du ogs\u00e5 hjelpe til med \u00e5 skrive en del av manuset til VACAYA-cruise- eller feriestedets ferie.<\/p>\n<p>[\/et_pb_text][\/et_pb_column][\/et_pb_row][et_pb_row column_structure=&raquo;1_3,1_3,1_3&#8243; _builder_version=&raquo;4.23.4&#8243; _module_preset=&raquo;default&raquo; global_colors_info=&raquo;{}&raquo;][et_pb_column type=&raquo;1_3&#8243; _builder_version=&raquo;4.23.4&#8243; _module_preset=&raquo;default&raquo; global_colors_info=&raquo;{}&raquo;][et_pb_text admin_label=&raquo;Section Title &#8211; H3&#8243; _builder_version=&raquo;4.23.4&#8243; _module_preset=&raquo;default&raquo; header_3_font=&raquo;Futura Bold|||on|||||&raquo; header_3_text_align=&raquo;center&raquo; header_3_text_color=&raquo;#000000&#8243; header_3_font_size=&raquo;18px&raquo; header_3_letter_spacing=&raquo;1.8px&raquo; header_3_line_height=&raquo;24px&raquo; custom_margin=&raquo;||||false|false&raquo; custom_margin_tablet=&raquo;||||false|false&raquo; custom_margin_phone=&raquo;||||false|false&raquo; custom_margin_last_edited=&raquo;on|phone&raquo; custom_padding=&raquo;||||false|false&raquo; global_colors_info=&raquo;{}&raquo;]<\/p>\n<h3>Omtrent 120 dager f\u00f8r turen<\/h3>\n<p>[\/et_pb_text][et_pb_text _builder_version=&raquo;4.23.4&#8243; _module_preset=&raquo;default&raquo; global_colors_info=&raquo;{}&raquo;]<\/p>\n<p>Vi har jobbet i flere m\u00e5neder med \u00e5 samle alt for deg, og vi kan ikke holde det inne lenger! Hvis du er som oss, vet vi at du gjerne vil begynne \u00e5 gj\u00f8re deg klar for turen. S\u00e5 omtrent fire m\u00e5neder f\u00f8r ferien din, <strong>vil vi annonsere festtemaene v\u00e5re<\/strong> for v\u00e5re store skip- og feriesteder. <strong>*<\/strong> Vi \u00f8nsker \u00e5 fjerne stresset fra \u00e5 m\u00e5tte mase i siste liten for \u00e5 finne ut hva du skal ha p\u00e5 deg, slik at du har god tid til \u00e5 begynne \u00e5 tenke p\u00e5 og handle fantastiske individuelle og gruppekostymer. Selvf\u00f8lgelig er kostymer aldri p\u00e5krevd, men uten tvil bidrar de til moroa!<\/p>\n<p>[\/et_pb_text][\/et_pb_column][et_pb_column type=&raquo;1_3&#8243; _builder_version=&raquo;4.23.4&#8243; _module_preset=&raquo;default&raquo; global_colors_info=&raquo;{}&raquo;][et_pb_text admin_label=&raquo;Section Title &#8211; H3&#8243; _builder_version=&raquo;4.23.4&#8243; _module_preset=&raquo;default&raquo; header_3_font=&raquo;Futura Bold|||on|||||&raquo; header_3_text_align=&raquo;center&raquo; header_3_text_color=&raquo;#000000&#8243; header_3_font_size=&raquo;18px&raquo; header_3_letter_spacing=&raquo;1.8px&raquo; header_3_line_height=&raquo;24px&raquo; custom_margin=&raquo;||||false|false&raquo; custom_margin_tablet=&raquo;||||false|false&raquo; custom_margin_phone=&raquo;||||false|false&raquo; custom_margin_last_edited=&raquo;on|phone&raquo; custom_padding=&raquo;||||false|false&raquo; global_colors_info=&raquo;{}&raquo;]<\/p>\n<h3>Omtrent 45 dager f\u00f8r turen<\/h3>\n<p>[\/et_pb_text][et_pb_text _builder_version=&raquo;4.23.4&#8243; _module_preset=&raquo;default&raquo; global_colors_info=&raquo;{}&raquo;]<\/p>\n<p><strong>VACAYA Big-Ship Cruises:<\/strong> Omtrent 45 dager <strong>**<\/strong> f\u00f8r cruiset ditt er det nedtellingen til ferien din <em>virkelig<\/em> begynner! Vi har sendt inn v\u00e5rt endelige manifest til cruiserederiet, og <strong>ditt offisielle bestillingsnummer vil bli generert og gitt deg 45 dager ut<\/strong> . Bestillingsnummeret ditt er n\u00f8kkelen til \u00e5 samle alt p\u00e5 forh\u00e5nd, inkludert \u00e5 bestille spaavtaler, reservere utflukter p\u00e5 land og finne akkurat det rette tidspunktet for \u00e5 nyte en av v\u00e5re uts\u00f8kte spesialitetsrestauranter. Og, selvf\u00f8lgelig, hvis du ikke er en planlegger, har du muligheten til \u00e5 bestille mange av disse ekstrautstyrene ombord. Men husk &#8230; nesten alt er basert p\u00e5 &laquo;f\u00f8rstemann til m\u00f8lla&raquo;-regelen, s\u00e5 du vil gjerne skaffe dem mens det g\u00e5r bra!<\/p>\n<p><strong>VACAYA Resorts &amp; Tours:<\/strong> For v\u00e5re feriesteder og turprogrammer (som ikke har tilsvarende &laquo;bestillingsnummer&raquo;), vil vi frigi programspesifikk informasjon omtrent 45 dager f\u00f8r feriebegivenheten.<\/p>\n<p><strong>VACAYA Small-Ship Cruises:<\/strong> For v\u00e5re sm\u00e5skipsprogrammer (som varierer sterkt avhengig av cruiserederiet vi jobber med), vil vi frigi programspesifikk informasjon omtrent 45 dager f\u00f8r ferien din.<\/p>\n<p>For en dypere forst\u00e5else av forskjellene mellom v\u00e5re Big-Ship, Small-Ship og Resorts &amp; Tours-opplevelser, <a href=\"https:\/\/www.myvacaya.com\/no\/oppdage\/vacaya-opplevelser\/\" target=\"_blank\" rel=\"noopener\">UTforsk HER<\/a> .<\/p>\n<p>[\/et_pb_text][\/et_pb_column][et_pb_column type=&raquo;1_3&#8243; _builder_version=&raquo;4.23.4&#8243; _module_preset=&raquo;default&raquo; global_colors_info=&raquo;{}&raquo;][et_pb_text admin_label=&raquo;Section Title &#8211; H3&#8243; _builder_version=&raquo;4.23.4&#8243; _module_preset=&raquo;default&raquo; header_3_font=&raquo;Futura Bold|||on|||||&raquo; header_3_text_align=&raquo;center&raquo; header_3_text_color=&raquo;#000000&#8243; header_3_font_size=&raquo;18px&raquo; header_3_letter_spacing=&raquo;1.8px&raquo; header_3_line_height=&raquo;24px&raquo; custom_margin=&raquo;||||false|false&raquo; custom_margin_tablet=&raquo;||||false|false&raquo; custom_margin_phone=&raquo;||||false|false&raquo; custom_margin_last_edited=&raquo;on|phone&raquo; custom_padding=&raquo;||||false|false&raquo; global_colors_info=&raquo;{}&raquo;]<\/p>\n<h3>Den siste nedtellingen<\/h3>\n<p>[\/et_pb_text][et_pb_text _builder_version=&raquo;4.23.4&#8243; _module_preset=&raquo;default&raquo; global_colors_info=&raquo;{}&raquo;]<\/p>\n<p>I l\u00f8pet av de siste <strong>30 dagene f\u00f8r turen<\/strong> vet vi at du vil begynne \u00e5 BRUSTE av spenning n\u00e5r vi deler en forh\u00e5ndsvisning av underholdning og aktivitetene som vil bringe din VACAYA-opplevelse til live!<\/p>\n<p>S\u00f8rg for \u00e5 holde et godt \u00f8ye med innboksen din i denne perioden. Vi vil formidle viktig informasjon til deg via e-post som garantert vil berike reisen din. I tillegg er turens Gj\u00f8r deg klar-side (som du f\u00e5r tilgang til ved \u00e5 klikke p\u00e5 reisen fra listen nedenfor) din kilde for all viktig informasjon om ferien din. Et e-postarkiv er ogs\u00e5 plassert p\u00e5 hver Gj\u00f8r deg klar-side. Vi lagrer alle v\u00e5re tjeneste-e-poster til gjester i dette arkivet. S\u00e5 hvis du sliter med \u00e5 finne en gammel e-post, kan du alltid se her for \u00e5 bli oppdatert.  <\/p>\n<p>[\/et_pb_text][\/et_pb_column][\/et_pb_row][et_pb_row _builder_version=&raquo;4.17.6&#8243; _module_preset=&raquo;default&raquo; global_colors_info=&raquo;{}&raquo;][et_pb_column type=&raquo;4_4&#8243; _builder_version=&raquo;4.17.6&#8243; _module_preset=&raquo;default&raquo; global_colors_info=&raquo;{}&raquo;][et_pb_text _builder_version=&raquo;4.23.4&#8243; _module_preset=&raquo;default&raquo; custom_padding=&raquo;2.5%|10%|2.5%|10%|false|false&raquo; hover_enabled=&raquo;0&#8243; border_width_all=&raquo;1px&raquo; border_color_all=&raquo;#000000&#8243; global_colors_info=&raquo;{}&raquo; sticky_enabled=&raquo;0&#8243;]<\/p>\n<p style=\"font-weight: 400;\"><strong>*En viktig merknad om VACAYAs signaturfester: Hjerteslaget i reisem\u00e5lsopplevelsen din!<\/strong><\/p>\n<p style=\"font-weight: 400;\">Enten du seiler p\u00e5 \u00e5pent hav eller utforsker eksotiske feriesteder, tror vi hos VACAYA at festene v\u00e5re er selve sjelen i eventyret ditt. Hver reisetype har sine egne signaturfestligheter, designet for \u00e5 bringe alle sammen, feire og skape uforglemmelige minner. Her er en titt p\u00e5 hva du kan forvente med hver VACAYA-reisetype &#8230;  <\/p>\n<p>&nbsp;<\/p>\n<p style=\"font-weight: 400;\"><strong>STORE SKIP-CRUISER: Sett seil for feiring!<\/strong><\/p>\n<p style=\"font-weight: 400;\"><strong>Natt 1 \u2013 DETTE ER MEG<\/strong><br \/> Spark av g\u00e5rde med stil! Bruk noe som forteller andre hvem du er og hvor du kommer fra. <\/p>\n<p style=\"font-weight: 400;\"><strong>Dag 2 \u2013 V\u00e5r f\u00f8rste V-dans (ettermiddagsfest): STOPLYSFEST<\/strong><br \/> En fargerik m\u00e5te \u00e5 mingle p\u00e5! Singel og klar for \u00e5 mingle? Bli GR\u00d8NN! Bare her for \u00e5 slappe av og f\u00e5 platoniske venner? Bruk R\u00d8DT. Et magisk sted midt imellom? GULT er fargen din for \u00e5 fortelle historien.<\/p>\n<p><strong>P\u00e5 en tilfeldig dag eller kveld \u2013 VELG DIN EGEN EVENTYRFEST<\/strong><br \/> V\u00e5r CYOA-FEST er DIN sjanse til \u00e5 bestemme temaet for festen. Vi tar imot innsendinger fra alle p\u00e5 nett, og deretter velger cruisers det vinnende festtemaet fra V-teamets liste over finalister. <\/p>\n<p style=\"font-weight: 400;\"><strong>Kveld 5 \u2013 EN \u00abFARGE\u00bb-FEST<\/strong><br \/> Historisk sett har dette v\u00e6rt en R\u00d8D FEST, men vi g\u00e5r videre! S\u00e5, p\u00e5 hvert 7-netters VACAYA-cruise med store skip, vil v\u00e5r st\u00f8rste fest i uken eksplodere med farger p\u00e5 kveld 5 n\u00e5r vi inviterer Vacayan-gjester til \u00e5 kle seg for \u00e5 imponere i \u00e9n fargetone, og forvandle hele skipet til et hav av levende selvutfoldelse og tilknytning. Bl\u00e5tt kan fremkalle oseanisk kulhet og denimfantasi. Lilla kunne kanalisere kongelig glamour og disco-majestet. Eller oransje kan sette fyr p\u00e5 moroa med tropiske solnedgangsvibber og dristig retro-stil. V-teamet ditt velger turens hovedfarge, og den vil bli annonsert 120 dager f\u00f8r avreise.<\/p>\n<p style=\"font-weight: 400;\"><strong>Dag 7 \u2013 Siste V-dans: HUN ER ET RO!<\/strong><br \/>Kle deg ut som en herlig blanding av ukens kostymer, med ett plagg fra hvert av de forrige kostymene dine. V\u00e6r s\u00e5 leken og s\u00e5 tullete du vil, med v\u00e5r favoritt V-Dance for uken som en perfekt avslutning p\u00e5 cruiset ditt! <\/p>\n<p style=\"font-weight: 400;\">Utover disse signaturfeiringene er andre fester inspirert av hendelser \u2013 fra OL til h\u00f8ytidsfeiringer \u2013 som endrer seg med hvert eventyr. De resterende festtemaene annonseres 120 dager f\u00f8r cruisets start. <\/p>\n<p>&nbsp;<\/p>\n<p style=\"font-weight: 400;\"><strong>FERIESTEDER: Ditt hjem borte fra hjemmets beste natteliv!<\/strong><strong> <\/strong><\/p>\n<p style=\"font-weight: 400;\"><strong>Natt 1 \u2013 DETTE ER MEG<\/strong><br \/> Det samme som p\u00e5 cruiseskip &#8230; vis frem hvem du er med et morsomt antrekk som setter i gang samtaler.<\/p>\n<p style=\"font-weight: 400;\"><strong>Dag 2 \u2013 STOPPLYSFEST<\/strong><br \/> Samme farger som cruiset \u2013 gr\u00f8nt for single, r\u00f8dt for venner, gult for de som reiser midt imellom.<\/p>\n<p style=\"font-weight: 400;\"><strong>Vanligvis dag 4 eller dag 7 \u2013 BOKSTAV V-DANS<\/strong><br \/> Vi velger en bokstav i alfabetet, og du og vennene dine klemmer deg i kostymer som starter med den bokstaven. Enkelt og tullete! <\/p>\n<p style=\"font-weight: 400;\">Alle andre festtemaer bestemmes av V-teamet ditt og publiseres 120 dager f\u00f8r arrangementets start.<\/p>\n<p style=\"font-weight: 400;\"><strong> <\/strong><\/p>\n<p style=\"font-weight: 400;\"><strong>SM\u00c5SKIPSCRUISER: Intimt og lekent<\/strong><\/p>\n<p style=\"font-weight: 400;\">Selv om stemningen her er mer cocktailparty-chic, elsker vi fortsatt et snev av kostymeglede!<\/p>\n<p style=\"font-weight: 400;\"><strong>Natt 1 \u2013 DETTE ER MEG<\/strong><br \/> Tilpass utseendet ditt og presenter deg selv med stil.<\/p>\n<p style=\"font-weight: 400;\"><strong>Tilfeldig kveld \u2013 BADRAKEKVELD!<\/strong><br \/>Ta med deg den koselige morgenk\u00e5pen fra lugaren, pynt den med ting hjemmefra, og bruk den hele kvelden fra klokken 18.00. Denne kvelden avsluttes ofte med at alle legger av seg morgenk\u00e5pene og koser seg med en frekk <strong>UNDERT\u00d8YSFEST.<\/strong> <\/p>\n<p>I tillegg til disse to kveldene pleier vi ogs\u00e5 \u00e5 introdusere to eller tre ti\u00e5rsinspirerte musikkvelder (for eksempel en <strong>80-tallsfest<\/strong> ).<\/p>\n<p>&nbsp;<\/p>\n<p style=\"font-weight: 400;\"><strong>TURER: Utforskninger uten kostymekaoset!<\/strong><\/p>\n<p style=\"font-weight: 400;\">De fleste av v\u00e5re reisem\u00e5lsfokuserte turer handler om oppdagelsesreiser, langt fra festterreng. Du kan kose deg med en gruppemiddag eller cocktailer, men det er ikke n\u00f8dvendig \u00e5 pakke kostymer. Bare ta med deg eventyrlysten!  <\/p>\n<p>&nbsp;<\/p>\n<p style=\"font-weight: 400;\">Uansett reisetype, er VACAYAs signaturfester din sjanse til \u00e5 knytte b\u00e5nd, danse, fnise og feire alt som gj\u00f8r reisen din ekstraordin\u00e6r. S\u00e5 la oss skape noen uforglemmelige minner &#8230; \u00e9n signaturfest om gangen! <\/p>\n<p>[\/et_pb_text][et_pb_text _builder_version=&raquo;4.23.4&#8243; _module_preset=&raquo;default&raquo; custom_padding=&raquo;2.5%|10%|2.5%|10%|false|false&raquo; border_width_all=&raquo;1px&raquo; border_color_all=&raquo;#000000&#8243; global_colors_info=&raquo;{}&raquo;]<\/p>\n<p><strong><span class=\"yellow\">**<\/span> Vennligst merk:**<\/strong><br \/> VACAYA samarbeider med alle de store cruiseselskapene, og noen \u00e5pner ikke for online registrering f\u00f8r n\u00e6rmere seiladatoen. Vi vil selvf\u00f8lgelig formidle dette til deg helt fra starten hvis det er tilfelle med et bestemt program. Du vil ha en full forst\u00e5else av den forventede tidslinjen fra det \u00f8yeblikket du bestiller hos oss.<\/p>\n<p>[\/et_pb_text][et_pb_text _builder_version=&raquo;4.17.6&#8243; _module_preset=&raquo;default&raquo; custom_margin=&raquo;4%||||false|false&raquo; custom_padding=&raquo;2.5%|10%|2.5%|10%|false|false&raquo; border_width_all=&raquo;1px&raquo; border_color_all=&raquo;#000000&#8243; global_colors_info=&raquo;{}&raquo;]<div id=\"ajax-load-more\" class=\"ajax-load-more-wrap default\" data-id=\"experience-items\" data-alm-id=\"\" data-canonical-url=\"https:\/\/www.myvacaya.com\/no\/gjor-deg-klar\/\" data-slug=\"gjor-deg-klar\" data-post-id=\"43542\"  data-localized=\"ajax_load_more_experience_items_vars\" data-alm-object=\"ajax_load_more_experience_items\"><ul aria-live=\"polite\" aria-atomic=\"true\" class=\"alm-listing alm-ajax\" data-container-type=\"ul\" data-loading-style=\"default\" data-repeater=\"template_5\" data-post-type=\"trip\" data-meta-key=\"show_trip_tile\" data-meta-value=\"1\" data-custom-args=\"post_parent: 0\" data-order=\"ASC\" data-orderby=\"date\" data-offset=\"0\" data-posts-per-page=\"20\" data-lang=\"no\" data-scroll=\"false\" data-button-label=\"Load More\" data-prev-button-label=\"Load Previous\" data-destroy-after=\"1\"><\/ul><div class=\"alm-btn-wrap\" data-rel=\"ajax-load-more\"><button class=\"alm-load-more-btn\" type=\"button\">Load More<\/button><\/div><\/div>[\/et_pb_text][\/et_pb_column][\/et_pb_row][\/et_pb_section][et_pb_section fb_built=&raquo;1&#8243; admin_label=&raquo;Side to Side&raquo; _builder_version=&raquo;4.17.6&#8243; _module_preset=&raquo;default&raquo; custom_padding=&raquo;0%||0%||false|false&raquo; global_colors_info=&raquo;{}&raquo;][et_pb_row use_custom_gutter=&raquo;on&raquo; make_equal=&raquo;on&raquo; custom_padding_last_edited=&raquo;on|tablet&raquo; admin_label=&raquo;Side til side rad&raquo; module_class=&raquo;social-media-header side-by-side&raquo; _builder_version=&raquo;4.17.6&#8243; _module_preset=&raquo;default&raquo; background_image=&raquo;https:\/\/www.myvacaya.com\/wp-content\/uploads\/2022\/09\/social-media-full-size.png&raquo; parallax=&raquo;on&raquo; width=&raquo;100%&raquo; height=&raquo;600px&raquo; height_tablet=&raquo;600px&raquo; height_phone=&raquo;auto&raquo; height_last_edited=&raquo;on|phone&raquo; custom_padding=&raquo;20%||20%||false|false&raquo; custom_padding_tablet=&raquo;20%||20%||false|false&raquo; custom_padding_phone=&raquo;20%||20%||false|false&raquo; custom_css_main_element=&raquo;margin: auto;&raquo; global_colors_info=&raquo;{}&raquo;][et_pb_column type=&raquo;4_4&#8243; _builder_version=&raquo;4.17.6&#8243; _module_preset=&raquo;default&raquo; custom_css_main_element=&raquo;display: flex;||flex-direction: column;||justify-content: center;&raquo; global_colors_info=&raquo;{}&raquo;][et_pb_text admin_label=&raquo;Side to Side Text&raquo; _builder_version=&raquo;4.17.6&#8243; _module_preset=&raquo;default&raquo; header_3_font=&raquo;Northwell Alt||||||||&raquo; header_3_text_align=&raquo;center&raquo; header_3_text_color=&raquo;#FFFFFF&raquo; header_3_font_size=&raquo;150px&raquo; header_3_line_height=&raquo;153px&raquo; custom_margin_tablet=&raquo;&raquo; custom_margin_phone=&raquo;&raquo; custom_margin_last_edited=&raquo;on|phone&raquo; scroll_fade_enable=&raquo;on&raquo; scroll_blur_enable=&raquo;on&raquo; header_3_font_size_tablet=&raquo;150px&raquo; header_3_font_size_phone=&raquo;40px&raquo; header_3_font_size_last_edited=&raquo;on|phone&raquo; header_3_line_height_tablet=&raquo;153px&raquo; header_3_line_height_phone=&raquo;43px&raquo; header_3_line_height_last_edited=&raquo;on|phone&raquo; global_colors_info=&raquo;{}&raquo;]<\/p>\n<h3>Lett var aldri<br \/>\n denne moroa<\/h3>\n<p>[\/et_pb_text][\/et_pb_column][\/et_pb_row][\/et_pb_section]<\/p>\n","protected":false},"excerpt":{"rendered":"<p><div class=\"trip-overlay\"><div class=\"trip-title\"><h1>Turfliser med tittel \u2013 kun cruise<\/h1><\/div><\/div>V\u00e5rt oppdrag er \u00e5 s\u00f8rge for at du har alle verkt\u00f8yene n\u00f8dvendig for \u00e5 nyte ferien din med ossVi gir deg all informasjonen du trenger \u2013 fra festtemaer til en forh\u00e5ndsvisning av underholdning \u2013 i god tid f\u00f8r ferien begynner. I tillegg vil vi snakke med deg gjennom hele opplevelsen f\u00f8r og etter ferien. Du [&hellip;]<\/p>\n","protected":false},"author":1,"featured_media":0,"parent":0,"menu_order":0,"comment_status":"closed","ping_status":"closed","template":"","meta":{"_acf_changed":false,"_et_pb_use_builder":"on","_et_pb_old_content":"","_et_gb_content_width":"","_monsterinsights_skip_tracking":false,"_monsterinsights_sitenote_active":false,"_monsterinsights_sitenote_note":"","_monsterinsights_sitenote_category":0,"footnotes":""},"class_list":["post-43542","page","type-page","status-publish","hentry"],"acf":[],"_links":{"self":[{"href":"https:\/\/www.myvacaya.com\/no\/wp-json\/wp\/v2\/pages\/43542","targetHints":{"allow":["GET"]}}],"collection":[{"href":"https:\/\/www.myvacaya.com\/no\/wp-json\/wp\/v2\/pages"}],"about":[{"href":"https:\/\/www.myvacaya.com\/no\/wp-json\/wp\/v2\/types\/page"}],"author":[{"embeddable":true,"href":"https:\/\/www.myvacaya.com\/no\/wp-json\/wp\/v2\/users\/1"}],"replies":[{"embeddable":true,"href":"https:\/\/www.myvacaya.com\/no\/wp-json\/wp\/v2\/comments?post=43542"}],"version-history":[{"count":57,"href":"https:\/\/www.myvacaya.com\/no\/wp-json\/wp\/v2\/pages\/43542\/revisions"}],"predecessor-version":[{"id":187072,"href":"https:\/\/www.myvacaya.com\/no\/wp-json\/wp\/v2\/pages\/43542\/revisions\/187072"}],"wp:attachment":[{"href":"https:\/\/www.myvacaya.com\/no\/wp-json\/wp\/v2\/media?parent=43542"}],"curies":[{"name":"wp","href":"https:\/\/api.w.org\/{rel}","templated":true}]}}