{"id":43540,"date":"2018-02-10T15:04:53","date_gmt":"2018-02-10T20:04:53","guid":{"rendered":"https:\/\/www.myvacaya.com\/blogg\/"},"modified":"2023-07-22T14:36:24","modified_gmt":"2023-07-22T18:36:24","slug":"blogg","status":"publish","type":"page","link":"https:\/\/www.myvacaya.com\/no\/blogg\/","title":{"rendered":"Blogg"},"content":{"rendered":"<p>[et_pb_section fb_built=&raquo;1&#8243; fullwidth=&raquo;on&raquo; admin_label=&raquo;Slider&raquo; module_id=&raquo;skyve-seksjon-interi\u00f8r&raquo; _builder_version=&raquo;4.17.6&#8243; _module_preset=&raquo;default&raquo; background_enable_image=&raquo;off&raquo; global_colors_info=&raquo;{}&raquo;][et_pb_fullwidth_code admin_label=&raquo;Slider Overlay&raquo; module_class=&raquo;interior-page-overlay&raquo; _builder_version=&raquo;4.17.6&#8243; _module_preset=&raquo;default&raquo; positioning=&raquo;absolute&raquo; position_origin_a=&raquo;top_right&raquo; position_origin_f=&raquo;top_right&raquo; z_index=&raquo;100&#8243; width=&raquo;50%&raquo; width_tablet=&raquo;50%&raquo; width_phone=&raquo;100%&raquo; width_last_edited=&raquo;on|phone&raquo; height=&raquo;100vh&raquo; hover_enabled=&raquo;0&#8243; global_colors_info=&raquo;{}&raquo; sticky_enabled=&raquo;0&#8243;]<div class=\"trip-overlay\"><div class=\"trip-title\"><h1>Blogg<\/h1><\/div><\/div>[\/et_pb_fullwidth_code][et_pb_fullwidth_slider show_arrows=&raquo;off&raquo; admin_label=&raquo;Slider Images&raquo; module_id=&raquo;slider-images&raquo; _builder_version=&raquo;4.17.6&#8243; _module_preset=&raquo;default&raquo; height=&raquo;100vh&raquo; auto=&raquo;on&raquo; global_colors_info=&raquo;{}&raquo;][et_pb_slide _builder_version=&raquo;4.17.6&#8243; _module_preset=&raquo;default&raquo; background_color=&raquo;RGBA(255,255,255,0)&raquo; background_enable_color=&raquo;on&raquo; background_image=&raquo;https:\/\/www.myvacaya.com\/wp-content\/uploads\/2022\/09\/blog.jpg&raquo; background_enable_image=&raquo;on&raquo; background_last_edited=&raquo;on|desktop&raquo; background_image_phone=&raquo;https:\/\/www.myvacaya.com\/wp-content\/uploads\/2022\/11\/blog-mobile-414&#215;500-1.jpg&raquo; background_enable_image_phone=&raquo;on&raquo; global_colors_info=&raquo;{}&raquo; sticky_transition=&raquo;on&raquo;][\/et_pb_slide][\/et_pb_fullwidth_slider][\/et_pb_section][et_pb_section fb_built=&raquo;1&#8243; custom_padding_last_edited=&raquo;on|phone&raquo; _builder_version=&raquo;4.17.6&#8243; _module_preset=&raquo;default&raquo; custom_padding=&raquo;||||false|false&raquo; custom_padding_tablet=&raquo;||||false|false&raquo; custom_padding_phone=&raquo;||||false|false&raquo; global_colors_info=&raquo;{}&raquo;][et_pb_row custom_padding_last_edited=&raquo;on|desktop&raquo; _builder_version=&raquo;4.17.6&#8243; _module_preset=&raquo;default&raquo; custom_padding=&raquo;||||false|false&raquo; custom_padding_tablet=&raquo;||||false|false&raquo; custom_padding_phone=&raquo;||||false|false&raquo; global_colors_info=&raquo;{}&raquo;][et_pb_column type=&raquo;4_4&#8243; _builder_version=&raquo;4.17.6&#8243; _module_preset=&raquo;default&raquo; global_colors_info=&raquo;{}&raquo;][et_pb_text admin_label=&raquo;Posts Filter&raquo; _builder_version=&raquo;4.17.6&#8243; _module_preset=&raquo;default&raquo; global_colors_info=&raquo;{}&raquo;]<div class=\"alm-filters alm-filters-container\" id=\"alm-filters-post_items_filter\" data-target=\"post_items\" data-style=\"change\" data-id=\"post_items_filter\" ><div class=\"alm-filter alm-filter--group alm-filter--category\" id=\"alm-filter-1\" data-key=\"category\" data-fieldtype=\"select\" data-selected-value=\"\" data-default-value=\"\"><div class=\"alm-filter--inner\"><div class=\"alm-filter--select \"><select id=\"category-select-1\" class=\"alm-filter--item\"><option id=\"select-blogg\" value=\"blogg\" data-name=\"Blogg\">Blogg<\/option><option id=\"select-destinasjoner\" value=\"destinasjoner\" data-name=\" - Destinasjoner\"> - Destinasjoner<\/option><option id=\"select-feriesteder\" value=\"feriesteder\" data-name=\" - Feriesteder\"> - Feriesteder<\/option><option id=\"select-filantropi\" value=\"filantropi\" data-name=\" - Filantropi\"> - Filantropi<\/option><option id=\"select-skip\" value=\"skip\" data-name=\" - Skip\"> - Skip<\/option><option id=\"select-uncategorized-no\" value=\"uncategorized-no\" data-name=\" - Uncategorized @no\"> - Uncategorized @no<\/option><option id=\"select-vacaya-no\" value=\"vacaya-no\" data-name=\" - Vacaya\"> - Vacaya<\/option><\/select><\/div><\/div><\/div><div class=\"alm-filter alm-filter--group alm-filter--search\" id=\"alm-filter-2\" data-key=\"search\" data-fieldtype=\"text\" data-selected-value=\"\" data-default-value=\"\"><div class=\"alm-filter--inner\"><div class=\"alm-filter--text\"><div class=\"alm-filter--text-wrap has-button\"><input class=\"alm-filter--textfield textfield\" id=\"search-text-2\" name=\"search-text\" type=\"text\" value=\"\" placeholder=\"Search Blog\" \/><button type=\"button\">Submit<\/button><\/div><\/div><\/div><\/div><div class=\"alm-filters--loading\"><\/div><\/div>[\/et_pb_text][et_pb_text admin_label=&raquo;Posts&raquo; module_id=&raquo;posts&raquo; _builder_version=&raquo;4.17.6&#8243; _module_preset=&raquo;default&raquo; custom_margin_tablet=&raquo;&raquo; custom_margin_phone=&raquo;&raquo; custom_margin_last_edited=&raquo;on|desktop&raquo; global_colors_info=&raquo;{}&raquo;]<div id=\"ajax-load-more\" class=\"ajax-load-more-wrap default\" data-id=\"post_items\" data-alm-id=\"\" data-canonical-url=\"https:\/\/www.myvacaya.com\/no\/blogg\/\" data-slug=\"blogg\" data-post-id=\"43540\"  data-localized=\"ajax_load_more_post_items_vars\" data-alm-object=\"ajax_load_more_post_items\"><ul aria-live=\"polite\" aria-atomic=\"true\" class=\"alm-listing alm-ajax\" data-container-type=\"ul\" data-loading-style=\"default\" data-repeater=\"default\" data-post-type=\"post\" data-order=\"DESC\" data-orderby=\"date\" data-offset=\"0\" data-posts-per-page=\"9\" data-lang=\"no\" data-scroll=\"false\" data-button-label=\"Load More\" data-prev-button-label=\"Load Previous\"><\/ul><div class=\"alm-btn-wrap\" data-rel=\"ajax-load-more\"><button class=\"alm-load-more-btn\" type=\"button\">Load More<\/button><\/div><\/div>[\/et_pb_text][et_pb_text _builder_version=&raquo;4.17.6&#8243; _module_preset=&raquo;default&raquo; text_orientation=&raquo;center&raquo; custom_margin=&raquo;||||false|false&raquo; custom_margin_tablet=&raquo;||||false|false&raquo; custom_margin_phone=&raquo;||||false|false&raquo; custom_margin_last_edited=&raquo;on|phone&raquo; custom_padding=&raquo;||||false|false&raquo; custom_padding_tablet=&raquo;||||false|false&raquo; custom_padding_phone=&raquo;||||false|false&raquo; custom_padding_last_edited=&raquo;on|phone&raquo; global_colors_info=&raquo;{}&raquo;]<\/p>\n<p style=\"text-align: center;\">Hvis du \u00f8nsker \u00e5 bli en VACAYA-bloggbidragsyter, \u00f8nsker vi de varierte og sterke stemmene til samfunnet v\u00e5rt velkommen.<br \/>Bare send en e-post til <a href=\"mailto:info@myvacaya.com\"><strong>info@myvacaya.com<\/strong><\/a> og gi oss ditt beste pitch!<\/p>\n<p>[\/et_pb_text][\/et_pb_column][\/et_pb_row][\/et_pb_section]<\/p>\n","protected":false},"excerpt":{"rendered":"<p><div class=\"trip-overlay\"><div class=\"trip-title\"><h1>Turfliser med tittel \u2013 kun cruise<\/h1><\/div><\/div><div class=\"alm-filters alm-filters-container\" id=\"alm-filters-post_items_filter\" data-target=\"post_items\" data-style=\"change\" data-id=\"post_items_filter\" ><div class=\"alm-filter alm-filter--group alm-filter--category\" id=\"alm-filter-1\" data-key=\"category\" data-fieldtype=\"select\" data-selected-value=\"\" data-default-value=\"\"><div class=\"alm-filter--inner\"><div class=\"alm-filter--select \"><select id=\"category-select-1\" class=\"alm-filter--item\"><option id=\"select-blogg\" value=\"blogg\" data-name=\"Blogg\">Blogg<\/option><option id=\"select-destinasjoner\" value=\"destinasjoner\" data-name=\" - Destinasjoner\"> - Destinasjoner<\/option><option id=\"select-feriesteder\" value=\"feriesteder\" data-name=\" - Feriesteder\"> - Feriesteder<\/option><option id=\"select-filantropi\" value=\"filantropi\" data-name=\" - Filantropi\"> - Filantropi<\/option><option id=\"select-skip\" value=\"skip\" data-name=\" - Skip\"> - Skip<\/option><option id=\"select-uncategorized-no\" value=\"uncategorized-no\" data-name=\" - Uncategorized @no\"> - Uncategorized @no<\/option><option id=\"select-vacaya-no\" value=\"vacaya-no\" data-name=\" - Vacaya\"> - Vacaya<\/option><\/select><\/div><\/div><\/div><div class=\"alm-filter alm-filter--group alm-filter--search\" id=\"alm-filter-2\" data-key=\"search\" data-fieldtype=\"text\" data-selected-value=\"\" data-default-value=\"\"><div class=\"alm-filter--inner\"><div class=\"alm-filter--text\"><div class=\"alm-filter--text-wrap has-button\"><input class=\"alm-filter--textfield textfield\" id=\"search-text-2\" name=\"search-text\" type=\"text\" value=\"\" placeholder=\"Search Blog\" \/><button type=\"button\">Submit<\/button><\/div><\/div><\/div><\/div><div class=\"alm-filters--loading\"><\/div><\/div><div id=\"ajax-load-more-2\" class=\"ajax-load-more-wrap default\" data-id=\"post_items\" data-alm-id=\"\" data-canonical-url=\"https:\/\/www.myvacaya.com\/no\/et_pb_layout\/turfliser-med-tittel-kun-cruise\/\" data-slug=\"turfliser-med-tittel-kun-cruise\" data-post-id=\"43637\"  data-localized=\"ajax_load_more_post_items_vars\" data-alm-object=\"ajax_load_more_post_items\"><ul aria-live=\"polite\" aria-atomic=\"true\" class=\"alm-listing alm-ajax\" data-container-type=\"ul\" data-loading-style=\"default\" data-repeater=\"default\" data-post-type=\"post\" data-order=\"DESC\" data-orderby=\"date\" data-offset=\"0\" data-posts-per-page=\"9\" data-lang=\"no\" data-scroll=\"false\" data-button-label=\"Load More\" data-prev-button-label=\"Load Previous\"><\/ul><div class=\"alm-btn-wrap\" data-rel=\"ajax-load-more-2\"><button class=\"alm-load-more-btn\" type=\"button\">Load More<\/button><\/div><\/div>Hvis du \u00f8nsker \u00e5 bli en VACAYA-bloggbidragsyter, \u00f8nsker vi de varierte og sterke stemmene til samfunnet v\u00e5rt velkommen.Bare send en e-post til info@myvacaya.com og gi oss ditt beste pitch!<\/p>\n","protected":false},"author":1,"featured_media":0,"parent":0,"menu_order":0,"comment_status":"closed","ping_status":"closed","template":"","meta":{"_acf_changed":false,"_et_pb_use_builder":"on","_et_pb_old_content":"","_et_gb_content_width":"","_monsterinsights_skip_tracking":false,"_monsterinsights_sitenote_active":false,"_monsterinsights_sitenote_note":"","_monsterinsights_sitenote_category":0,"footnotes":""},"class_list":["post-43540","page","type-page","status-publish","hentry"],"acf":[],"_links":{"self":[{"href":"https:\/\/www.myvacaya.com\/no\/wp-json\/wp\/v2\/pages\/43540","targetHints":{"allow":["GET"]}}],"collection":[{"href":"https:\/\/www.myvacaya.com\/no\/wp-json\/wp\/v2\/pages"}],"about":[{"href":"https:\/\/www.myvacaya.com\/no\/wp-json\/wp\/v2\/types\/page"}],"author":[{"embeddable":true,"href":"https:\/\/www.myvacaya.com\/no\/wp-json\/wp\/v2\/users\/1"}],"replies":[{"embeddable":true,"href":"https:\/\/www.myvacaya.com\/no\/wp-json\/wp\/v2\/comments?post=43540"}],"version-history":[{"count":3,"href":"https:\/\/www.myvacaya.com\/no\/wp-json\/wp\/v2\/pages\/43540\/revisions"}],"predecessor-version":[{"id":45051,"href":"https:\/\/www.myvacaya.com\/no\/wp-json\/wp\/v2\/pages\/43540\/revisions\/45051"}],"wp:attachment":[{"href":"https:\/\/www.myvacaya.com\/no\/wp-json\/wp\/v2\/media?parent=43540"}],"curies":[{"name":"wp","href":"https:\/\/api.w.org\/{rel}","templated":true}]}}