{"id":181174,"date":"2025-04-23T11:22:56","date_gmt":"2025-04-23T15:22:56","guid":{"rendered":"https:\/\/www.myvacaya.com\/velkommen-slay-rangers\/"},"modified":"2025-04-23T11:50:03","modified_gmt":"2025-04-23T15:50:03","slug":"velkommen-slay-rangers","status":"publish","type":"page","link":"https:\/\/www.myvacaya.com\/no\/velkommen-slay-rangers\/","title":{"rendered":"VELKOMMEN SLAY RANGERS!"},"content":{"rendered":"<p>[et_pb_section fb_built=&raquo;1&#8243; fullwidth=&raquo;on&raquo; admin_label=&raquo;Slider&raquo; module_id=&raquo;skyve-seksjon-interi\u00f8r&raquo; _builder_version=&raquo;4.17.6&#8243; _module_preset=&raquo;default&raquo; background_enable_image=&raquo;off&raquo; global_colors_info=&raquo;{}&raquo;][et_pb_fullwidth_code admin_label=&raquo;Slider Overlay&raquo; module_class=&raquo;interior-page-overlay&raquo; _builder_version=&raquo;4.17.6&#8243; _module_preset=&raquo;default&raquo; positioning=&raquo;absolute&raquo; position_origin_a=&raquo;top_right&raquo; position_origin_f=&raquo;top_right&raquo; z_index=&raquo;100&#8243; width=&raquo;50%&raquo; width_tablet=&raquo;50%&raquo; width_phone=&raquo;100%&raquo; width_last_edited=&raquo;on|phone&raquo; height=&raquo;100vh&raquo; global_colors_info=&raquo;{}&raquo;]<div class=\"trip-overlay\"><div class=\"trip-title\"><h1>VELKOMMEN SLAY RANGERS!<\/h1><\/div><\/div>[\/et_pb_fullwidth_code][et_pb_fullwidth_slider show_arrows=&raquo;off&raquo; admin_label=&raquo;Slider Images&raquo; module_id=&raquo;slider-images&raquo; _builder_version=&raquo;4.23.4&#8243; _module_preset=&raquo;default&raquo; height=&raquo;100vh&raquo; auto=&raquo;on&raquo; global_colors_info=&raquo;{}&raquo;][et_pb_slide _builder_version=&raquo;4.23.4&#8243; _module_preset=&raquo;default&raquo; background_color=&raquo;RGBA(255,255,255,0)&raquo; background_enable_color=&raquo;on&raquo; background_image=&raquo;https:\/\/www.myvacaya.com\/wp-content\/uploads\/2025\/04\/Mexico-DD-Desktop-Hero-1920&#215;1020-1.jpg&raquo; background_enable_image=&raquo;on&raquo; background_last_edited=&raquo;on|phone&raquo; background_image_phone=&raquo;https:\/\/www.myvacaya.com\/wp-content\/uploads\/2025\/04\/Mexico-DD-Mobile-Hero-1080&#215;1920-1.jpg&raquo; background_enable_image_phone=&raquo;on&raquo; global_colors_info=&raquo;{}&raquo; sticky_transition=&raquo;on&raquo;][\/et_pb_slide][\/et_pb_fullwidth_slider][\/et_pb_section][et_pb_section fb_built=&raquo;1&#8243; custom_padding_last_edited=&raquo;on|phone&raquo; _builder_version=&raquo;4.17.6&#8243; _module_preset=&raquo;default&raquo; custom_padding=&raquo;||||false|false&raquo; custom_padding_tablet=&raquo;||||false|false&raquo; custom_padding_phone=&raquo;||||false|false&raquo; global_colors_info=&raquo;{}&raquo;][et_pb_row custom_padding_last_edited=&raquo;on|desktop&raquo; _builder_version=&raquo;4.17.6&#8243; _module_preset=&raquo;default&raquo; custom_padding=&raquo;||||false|false&raquo; custom_padding_tablet=&raquo;||||false|false&raquo; custom_padding_phone=&raquo;||||false|false&raquo; global_colors_info=&raquo;{}&raquo;][et_pb_column type=&raquo;4_4&#8243; _builder_version=&raquo;4.17.6&#8243; _module_preset=&raquo;default&raquo; global_colors_info=&raquo;{}&raquo;][et_pb_text admin_label=&raquo;Section Title &#8211; H2&#8243; _builder_version=&raquo;4.23.4&#8243; _module_preset=&raquo;default&raquo; text_letter_spacing=&raquo;1.8px&raquo; text_line_height=&raquo;22px&raquo; header_2_font=&raquo;Futura Bold|||on|||||&raquo; header_2_text_align=&raquo;center&raquo; header_2_text_color=&raquo;#000000&#8243; header_2_font_size=&raquo;30px&raquo; header_2_letter_spacing=&raquo;1.8px&raquo; header_2_line_height=&raquo;36px&raquo; header_3_font=&raquo;Futura Bold|||on|||||&raquo; header_3_text_align=&raquo;center&raquo; header_3_text_color=&raquo;#000000&#8243; header_3_font_size=&raquo;18px&raquo; header_3_letter_spacing=&raquo;1.8px&raquo; header_3_line_height=&raquo;24px&raquo; custom_margin=&raquo;||||false|false&raquo; custom_padding=&raquo;||||false|false&raquo; custom_padding_tablet=&raquo;||||false|false&raquo; custom_padding_phone=&raquo;||||false|false&raquo; custom_padding_last_edited=&raquo;on|phone&raquo; global_colors_info=&raquo;{}&raquo;]<\/p>\n<h2>The Ultimate Gaymer Quest venter p\u00e5 Camp VACAYA<\/h2>\n<p>[\/et_pb_text][dmpro_carousel columns=&raquo;2&#8243; space_between=&raquo;35&#8243; container_padding=&raquo;4%|0%|4%|2%|false|false&raquo; loop=&raquo;on&raquo; autoplay=&raquo;on&raquo; pause_on_hover=&raquo;off&raquo; navigation=&raquo;on&raquo; navigation_prev_icon_yn=&raquo;on&raquo; navigation_prev_icon=&raquo;&#x34;||divi||400&#8243; navigation_next_icon_yn=&raquo;on&raquo; navigation_next_icon=&raquo;&#x35;||divi||400&#8243; navigation_color=&raquo;#000000&#8243; columns_tablet=&raquo;3&#8243; columns_phone=&raquo;1&#8243; columns_last_edited=&raquo;on|phone&raquo; container_padding_tablet=&raquo;&raquo; container_padding_phone=&raquo;||0%||false|false&raquo; container_padding_last_edited=&raquo;on|phone&raquo; _builder_version=&raquo;4.23.4&#8243; _module_preset=&raquo;default&raquo; title_font=&raquo;Futura Bold||||||||&raquo; title_font_size=&raquo;18px&raquo; title_letter_spacing=&raquo;0.1em&raquo; title_line_height=&raquo;24px&raquo; hover_transition_speed_curve=&raquo;ease-in&raquo; scroll_fade_enable=&raquo;on&raquo; global_colors_info=&raquo;{}&raquo;][dmpro_carousel_child title=&raquo;DD1&#8243; img_src=&raquo;https:\/\/www.myvacaya.com\/wp-content\/uploads\/2025\/04\/1.-DD-Carousel.jpg&raquo; text_title=&raquo;DD1&#8243; _builder_version=&raquo;4.23.4&#8243; _module_preset=&raquo;default&raquo; title_font_size=&raquo;24px&raquo; title_line_height=&raquo;27px&raquo; global_colors_info=&raquo;{}&raquo;][\/dmpro_carousel_child][dmpro_carousel_child title=&raquo;DD2&#8243; img_src=&raquo;https:\/\/www.myvacaya.com\/wp-content\/uploads\/2025\/04\/2.-DD-Carousel.jpg&raquo; text_title=&raquo;DD2&#8243; _builder_version=&raquo;4.23.4&#8243; _module_preset=&raquo;default&raquo; title_font_size=&raquo;24px&raquo; title_line_height=&raquo;27px&raquo; global_colors_info=&raquo;{}&raquo;][\/dmpro_carousel_child][dmpro_carousel_child title=&raquo;DD3&#8243; img_src=&raquo;https:\/\/www.myvacaya.com\/wp-content\/uploads\/2025\/04\/3.-DD-Carousel.jpg&raquo; text_title=&raquo;DD3&#8243; _builder_version=&raquo;4.23.4&#8243; _module_preset=&raquo;default&raquo; title_font_size=&raquo;24px&raquo; title_line_height=&raquo;27px&raquo; global_colors_info=&raquo;{}&raquo;][\/dmpro_carousel_child][dmpro_carousel_child title=&raquo;DD4&#8243; img_src=&raquo;https:\/\/www.myvacaya.com\/wp-content\/uploads\/2025\/04\/4.-DD-Carousel.jpg&raquo; text_title=&raquo;DD4&#8243; _builder_version=&raquo;4.23.4&#8243; _module_preset=&raquo;default&raquo; title_font_size=&raquo;24px&raquo; title_line_height=&raquo;27px&raquo; global_colors_info=&raquo;{}&raquo;][\/dmpro_carousel_child][dmpro_carousel_child title=&raquo;DD5&#8243; img_src=&raquo;https:\/\/www.myvacaya.com\/wp-content\/uploads\/2025\/04\/5.-DD-Carousel.jpg&raquo; text_title=&raquo;DD5&#8243; _builder_version=&raquo;4.23.4&#8243; _module_preset=&raquo;default&raquo; title_font_size=&raquo;24px&raquo; title_line_height=&raquo;27px&raquo; global_colors_info=&raquo;{}&raquo;][\/dmpro_carousel_child][\/dmpro_carousel][et_pb_text _builder_version=&raquo;4.23.4&#8243; _module_preset=&raquo;default&raquo; custom_margin=&raquo;||||false|false&raquo; custom_margin_tablet=&raquo;||||false|false&raquo; custom_margin_phone=&raquo;||||false|false&raquo; custom_margin_last_edited=&raquo;on|phone&raquo; global_colors_info=&raquo;{}&raquo;]Gj\u00f8r deg klar til \u00e5 g\u00e5 opp i niv\u00e5 p\u00e5 Slay Rangers, en episk spillbegivenhet p\u00e5 Camp VACAYA i Vallarta! Enten du er en brettspillelsker eller en Dungeons &amp; Dragons-mester, det er noe for enhver spiller. Dykk inn i spennende bordspill-rollespill, utfordre vennene dine i klassiske brettspill, eller len deg tilbake og se live-spill-begivenheter utfolde seg. Det er det perfekte stedet \u00e5 kaste terninger, m\u00f8te andre spillere og skape legendariske minner. Ikke g\u00e5 glipp av handlingen \u2013 la oss spille p\u00e5 Camp VACAYA![\/et_pb_text][dmpro_carousel columns=&raquo;2&#8243; space_between=&raquo;35&#8243; container_padding=&raquo;4%|0%|4%|2%|false|false&raquo; loop=&raquo;on&raquo; autoplay=&raquo;on&raquo; pause_on_hover=&raquo;off&raquo; navigation=&raquo;on&raquo; navigation_prev_icon_yn=&raquo;on&raquo; navigation_prev_icon=&raquo;&#x34;||divi||400&#8243; navigation_next_icon_yn=&raquo;on&raquo; navigation_next_icon=&raquo;&#x35;||divi||400&#8243; navigation_color=&raquo;#000000&#8243; columns_tablet=&raquo;3&#8243; columns_phone=&raquo;1&#8243; columns_last_edited=&raquo;on|phone&raquo; container_padding_tablet=&raquo;&raquo; container_padding_phone=&raquo;||0%||false|false&raquo; container_padding_last_edited=&raquo;on|phone&raquo; _builder_version=&raquo;4.23.4&#8243; _module_preset=&raquo;default&raquo; title_font=&raquo;Futura Bold||||||||&raquo; title_font_size=&raquo;18px&raquo; title_letter_spacing=&raquo;0.1em&raquo; title_line_height=&raquo;24px&raquo; hover_transition_speed_curve=&raquo;ease-in&raquo; scroll_fade_enable=&raquo;on&raquo; global_colors_info=&raquo;{}&raquo;][dmpro_carousel_child title=&raquo;BESTE VERDI FOR BUDSJETTBEVISSTE REISENDE&raquo; img_src=&raquo;https:\/\/www.myvacaya.com\/wp-content\/uploads\/2022\/11\/Carousel-budget-travelers-1.jpg&raquo; text_title=&raquo;BESTE VERDI FOR BUDSJETTBEVISSTE REISENDE&raquo; _builder_version=&raquo;4.23.4&#8243; _module_preset=&raquo;default&raquo; title_font_size=&raquo;24px&raquo; title_line_height=&raquo;27px&raquo; global_colors_info=&raquo;{}&raquo;][\/dmpro_carousel_child][dmpro_carousel_child title=&raquo;LHBT+ RESORT OVERTAK&raquo; img_src=&raquo;https:\/\/www.myvacaya.com\/wp-content\/uploads\/2022\/11\/Carousel-Resort-Take-Over-1.jpg&raquo; text_title=&raquo;LHBT+ RESORT OVERTAK&raquo; _builder_version=&raquo;4.23.4&#8243; _module_preset=&raquo;default&raquo; title_font_size=&raquo;24px&raquo; title_line_height=&raquo;27px&raquo; global_colors_info=&raquo;{}&raquo;][\/dmpro_carousel_child][dmpro_carousel_child title=&raquo;TRE GUSLERENDE SV\u00d8MMEBASSENG&raquo; img_src=&raquo;https:\/\/www.myvacaya.com\/wp-content\/uploads\/2022\/11\/Carousel-3-sparkling-pools-1.jpg&raquo; text_title=&raquo;TRE GUSLERENDE SV\u00d8MMEBASSENG&raquo; _builder_version=&raquo;4.23.4&#8243; _module_preset=&raquo;default&raquo; title_font_size=&raquo;24px&raquo; title_line_height=&raquo;27px&raquo; global_colors_info=&raquo;{}&raquo;][\/dmpro_carousel_child][dmpro_carousel_child title=&raquo;ETT KL\u00c6R VALGFRI VADEBASSENG&raquo; img_src=&raquo;https:\/\/www.myvacaya.com\/wp-content\/uploads\/2022\/11\/Carousel-clothing-optional-pool-1.jpg&raquo; text_title=&raquo;ETT EKSTRA BASSENG&raquo; _builder_version=&raquo;4.23.4&#8243; _module_preset=&raquo;default&raquo; title_font_size=&raquo;24px&raquo; title_line_height=&raquo;27px&raquo; global_colors_info=&raquo;{}&raquo;][\/dmpro_carousel_child][dmpro_carousel_child title=&raquo;UBERENT RLD&raquo; img_src=&raquo;https:\/\/www.myvacaya.com\/wp-content\/uploads\/2022\/11\/Carousel-RLD-1.jpg&raquo; text_title=&raquo;UBERENT RLD&raquo; _builder_version=&raquo;4.23.4&#8243; _module_preset=&raquo;default&raquo; title_font_size=&raquo;24px&raquo; title_line_height=&raquo;27px&raquo; global_colors_info=&raquo;{}&raquo;][\/dmpro_carousel_child][dmpro_carousel_child title=&raquo;KURATERTE UTflukter&raquo; img_src=&raquo;https:\/\/www.myvacaya.com\/wp-content\/uploads\/2022\/11\/girl-ziplining-mexico-1.jpg&raquo; text_title=&raquo;KURATERTE UTflukter&raquo; _builder_version=&raquo;4.23.4&#8243; _module_preset=&raquo;default&raquo; title_font_size=&raquo;24px&raquo; title_line_height=&raquo;27px&raquo; global_colors_info=&raquo;{}&raquo;][\/dmpro_carousel_child][dmpro_carousel_child title=&raquo;BARER I HVER SVING&raquo; img_src=&raquo;https:\/\/www.myvacaya.com\/wp-content\/uploads\/2022\/11\/Carousel-men-1.jpg&raquo; text_title=&raquo;BARER I HVER SVING&raquo; _builder_version=&raquo;4.23.4&#8243; _module_preset=&raquo;default&raquo; title_font_size=&raquo;24px&raquo; title_line_height=&raquo;27px&raquo; global_colors_info=&raquo;{}&raquo;][\/dmpro_carousel_child][dmpro_carousel_child title=&raquo;MORO OG VENNLIGE PARTER&raquo; img_src=&raquo;https:\/\/www.myvacaya.com\/wp-content\/uploads\/2022\/11\/Value-Page-parties.jpg&raquo; text_title=&raquo;MORO OG VENNLIGE PARTER&raquo; _builder_version=&raquo;4.23.4&#8243; _module_preset=&raquo;default&raquo; title_font_size=&raquo;24px&raquo; title_line_height=&raquo;27px&raquo; global_colors_info=&raquo;{}&raquo;][\/dmpro_carousel_child][dmpro_carousel_child title=&raquo;V TEAM OG LOKAL RESORT ANSATTE&raquo; img_src=&raquo;https:\/\/www.myvacaya.com\/wp-content\/uploads\/2022\/11\/Carousel-Team-1.jpg&raquo; text_title=&raquo;V TEAM OG LOKAL RESORT ANSATTE&raquo; _builder_version=&raquo;4.23.4&#8243; _module_preset=&raquo;default&raquo; title_font_size=&raquo;24px&raquo; title_line_height=&raquo;27px&raquo; global_colors_info=&raquo;{}&raquo;][\/dmpro_carousel_child][dmpro_carousel_child title=&raquo;ALLE ER VELKOMMEN&raquo; img_src=&raquo;https:\/\/www.myvacaya.com\/wp-content\/uploads\/2022\/11\/All-Are-Welcome-1.jpg&raquo; text_title=&raquo;ALLE ER VELKOMMEN&raquo; _builder_version=&raquo;4.23.4&#8243; _module_preset=&raquo;default&raquo; title_font_size=&raquo;24px&raquo; title_line_height=&raquo;27px&raquo; global_colors_info=&raquo;{}&raquo;][\/dmpro_carousel_child][\/dmpro_carousel][et_pb_text _builder_version=&raquo;4.23.4&#8243; _module_preset=&raquo;default&raquo; custom_margin=&raquo;||||false|false&raquo; custom_margin_tablet=&raquo;||||false|false&raquo; custom_margin_phone=&raquo;||||false|false&raquo; custom_margin_last_edited=&raquo;on|phone&raquo; global_colors_info=&raquo;{}&raquo;]Slay Rangers f\u00e5r tilgang til ALLE BRETTSPILL\u00d8TER + hele VACAYA All-Inclusive Resort-opplevelsen som en del av v\u00e5r episke uke p\u00e5 Camp VACAYA! Fra 26. oktober \u2013 2. november 2025 overtar vi det luksuri\u00f8se Hard Rock Hotel Vallarta for v\u00e5r \u00e5rlige Halloween og Day of the Dead-feiringen. Denne meksikanske all-inclusive-ferien gir usl\u00e5elig verdi med koselig overnatting, ubegrenset mat og drikke, og en fullpakket timeplan med VACAYA-eksklusiv underholdning og sosiale opplevelser. Fra sandvolleyball og yoga til bassenger ved havet, vannaerobic og boblebad, vil du finne den perfekte balansen mellom avslapning og eventyr. Legg til temafester, overraskelsesforestillinger og et varmt, innbydende fellesskap, og du har det ultimate ferieniv\u00e5et opp \u2013 Slay Rangers-stilen.    <\/p>\n<p>BESTILL DIN SLAY RANGER-OPPLEVELSE P\u00c5 CAMP VACAYA N\u00c5!  <\/p>\n<p><a class=\"btn-pink-inline\" href=\"https:\/\/www.myvacaya.com\/no\/trip\/mexico-resort-2025\/\"><span class=\"btn-inline-span\">L\u00c6R MER OG BESTILL N\u00c5<\/span><\/a>[\/et_pb_text][\/et_pb_column][\/et_pb_row][et_pb_row _builder_version=&raquo;4.23.4&#8243; _module_preset=&raquo;default&raquo; global_colors_info=&raquo;{}&raquo;][et_pb_column type=&raquo;4_4&#8243; _builder_version=&raquo;4.23.4&#8243; _module_preset=&raquo;default&raquo; global_colors_info=&raquo;{}&raquo;][et_pb_text admin_label=&raquo;Section Title &#8211; H2&#8243; _builder_version=&raquo;4.23.4&#8243; _module_preset=&raquo;default&raquo; text_letter_spacing=&raquo;1.8px&raquo; text_line_height=&raquo;22px&raquo; header_2_font=&raquo;Futura Bold|||on|||||&raquo; header_2_text_align=&raquo;center&raquo; header_2_text_color=&raquo;#000000&#8243; header_2_font_size=&raquo;30px&raquo; header_2_letter_spacing=&raquo;1.8px&raquo; header_2_line_height=&raquo;36px&raquo; header_3_font=&raquo;Futura Bold|||on|||||&raquo; header_3_text_align=&raquo;center&raquo; header_3_text_color=&raquo;#000000&#8243; header_3_font_size=&raquo;18px&raquo; header_3_letter_spacing=&raquo;1.8px&raquo; header_3_line_height=&raquo;24px&raquo; custom_margin=&raquo;||||false|false&raquo; custom_padding=&raquo;||||false|false&raquo; custom_padding_tablet=&raquo;||||false|false&raquo; custom_padding_phone=&raquo;||||false|false&raquo; custom_padding_last_edited=&raquo;on|phone&raquo; global_colors_info=&raquo;{}&raquo;]<\/p>\n<h2>BLI MED I DISKORDEN<\/h2>\n<p>[\/et_pb_text][et_pb_text _builder_version=&raquo;4.23.4&#8243; _module_preset=&raquo;default&raquo; global_colors_info=&raquo;{}&raquo;]Eventyret begynner n\u00e5! Mens vi forbereder oss p\u00e5 en uforglemmelig spillopplevelse p\u00e5 Camp VACAYA, kan du bli med oss \u200b\u200btidlig p\u00e5 Discord for \u00e5 f\u00e5 kontakt med andre spillere, chatte om favorittspillene dine og f\u00e5 de siste oppdateringene om alt som har med Slay Rangers \u00e5 gj\u00f8re! Fra brettspill til Dungeons &amp; Dragons, live-spill-arrangementer og mer, det kommer til \u00e5 bli en eksplosjon!<br \/>\nKlikk nedenfor for \u00e5 bli med i det offisielle Slay Rangers Discord-fellesskapet, hvor moroa starter i dag!<\/p>\n<p><a class=\"btn-pink-inline\" href=\"https:\/\/discord.com\/invite\/WUBSW2Ch4U\"><span class=\"btn-inline-span\">BLI MED I SLAY RANGER DISCORD!<\/span><\/a><\/p>\n<p>Vi gleder oss til \u00e5 m\u00f8te deg og spille med deg! [\/et_pb_text][\/et_pb_column][\/et_pb_row][\/et_pb_section]<\/p>\n","protected":false},"excerpt":{"rendered":"<p><div class=\"trip-overlay\"><div class=\"trip-title\"><h1>Turfliser med tittel \u2013 kun cruise<\/h1><\/div><\/div>The Ultimate Gaymer Quest venter p\u00e5 Camp VACAYA<div class=\"et_pb_module dmpro_carousel dmpro_carousel_0\">\n\t\t\t\t\n\t\t\t\t\n\t\t\t\t\n\t\t\t\t\n\t\t\t\t\n\t\t\t\t\n\t\t\t\t<div class=\"et_pb_module_inner\">\n\t\t\t\t\t\n            <div class=\"dmpro-carousel-main\" data-columnsdesktop='2' data-columnstablet='3' data-columnsphone='1' data-spacebetween='35' data-spacebetween_tablet='35' data-spacebetween_phone='35' data-loop='on' data-speed='500' data-navigation='on' data-pagination='off' data-autoplay='on' data-autoplayspeed='5000' data-pauseonhover='off' data-effect='slide' data-rotate='50' data-dynamicbullets='on' data-ordernumber='0' data-centered='off' data-shadow='true'>\n                <div class=\"swiper swiper-dmpro-container\">\n                    <div class=\"swiper-wrapper dmpro-carousel-wrapper\">\n                        \n                    <\/div>\n                <\/div>\n                \n                <div class=\"swiper-button-next swiper-arrow-button dmpro-sbn0\" data-icon=\"&#x35;\"><\/div> \n                 <div class=\"swiper-button-prev swiper-arrow-button dmpro-sbp0\" data-icon=\"&#x34;\"><\/div>\n                 \n            <\/div>\n\t\t\t\t<\/div>\n\t\t\t<\/div><div class=\"et_pb_module dmpro_carousel_child dmpro_carousel_child_0\">\n\t\t\t\t\n\t\t\t\t\n\t\t\t\t\n\t\t\t\t\n\t\t\t\t\n\t\t\t\t\n\t\t\t\t<div class=\"et_pb_module_inner\">\n\t\t\t\t\t\n            <div class=\"dmpro-carousel-child-wrapper\">\n                <div class=\"dmpro-image-wrap\"><span class=\"dmpro-carousel-image\">\n                    <img decoding=\"async\" src=\"https:\/\/www.myvacaya.com\/wp-content\/uploads\/2025\/04\/1.-DD-Carousel.jpg\" alt=\"\"\/>\n                <\/span><\/div>\n                <div class=\"dmpro-carousel-item-content\">\n                    <h2 class=\"dmpro-carousel-item-title\">DD1<\/h2>\n                    \n                    <div class=\"dmpro-carousel-button-wrapper\">\n                        \n                    <\/div>\n                <\/div>\n            <\/div>\n\t\t\t\t<\/div>\n\t\t\t<\/div><div class=\"et_pb_module dmpro_carousel_child dmpro_carousel_child_1\">\n\t\t\t\t\n\t\t\t\t\n\t\t\t\t\n\t\t\t\t\n\t\t\t\t\n\t\t\t\t\n\t\t\t\t<div class=\"et_pb_module_inner\">\n\t\t\t\t\t\n            <div class=\"dmpro-carousel-child-wrapper\">\n                <div class=\"dmpro-image-wrap\"><span class=\"dmpro-carousel-image\">\n                    <img decoding=\"async\" src=\"https:\/\/www.myvacaya.com\/wp-content\/uploads\/2025\/04\/2.-DD-Carousel.jpg\" alt=\"\"\/>\n                <\/span><\/div>\n                <div class=\"dmpro-carousel-item-content\">\n                    <h2 class=\"dmpro-carousel-item-title\">DD2<\/h2>\n                    \n                    <div class=\"dmpro-carousel-button-wrapper\">\n                        \n                    <\/div>\n                <\/div>\n            <\/div>\n\t\t\t\t<\/div>\n\t\t\t<\/div><div class=\"et_pb_module dmpro_carousel_child dmpro_carousel_child_2\">\n\t\t\t\t\n\t\t\t\t\n\t\t\t\t\n\t\t\t\t\n\t\t\t\t\n\t\t\t\t\n\t\t\t\t<div class=\"et_pb_module_inner\">\n\t\t\t\t\t\n            <div class=\"dmpro-carousel-child-wrapper\">\n                <div class=\"dmpro-image-wrap\"><span class=\"dmpro-carousel-image\">\n                    <img decoding=\"async\" src=\"&raquo;https:\/\/www.myvacaya.com\/wp-content\/uploads\/2025\/04\/3.-DD-Carousel.jpg&raquo;\" alt=\"\"\/>\n                <\/span><\/div>\n                <div class=\"dmpro-carousel-item-content\">\n                    <h2 class=\"dmpro-carousel-item-title\">&raquo;DD3&#8243;<\/h2>\n                    \n                    <div class=\"dmpro-carousel-button-wrapper\">\n                        \n                    <\/div>\n                <\/div>\n            <\/div>\n\t\t\t\t<\/div>\n\t\t\t<\/div><\/p>\n","protected":false},"author":1,"featured_media":0,"parent":0,"menu_order":0,"comment_status":"closed","ping_status":"closed","template":"","meta":{"_acf_changed":false,"_et_pb_use_builder":"on","_et_pb_old_content":"","_et_gb_content_width":"","_monsterinsights_skip_tracking":false,"_monsterinsights_sitenote_active":false,"_monsterinsights_sitenote_note":"","_monsterinsights_sitenote_category":0,"footnotes":""},"class_list":["post-181174","page","type-page","status-publish","hentry"],"acf":[],"_links":{"self":[{"href":"https:\/\/www.myvacaya.com\/no\/wp-json\/wp\/v2\/pages\/181174","targetHints":{"allow":["GET"]}}],"collection":[{"href":"https:\/\/www.myvacaya.com\/no\/wp-json\/wp\/v2\/pages"}],"about":[{"href":"https:\/\/www.myvacaya.com\/no\/wp-json\/wp\/v2\/types\/page"}],"author":[{"embeddable":true,"href":"https:\/\/www.myvacaya.com\/no\/wp-json\/wp\/v2\/users\/1"}],"replies":[{"embeddable":true,"href":"https:\/\/www.myvacaya.com\/no\/wp-json\/wp\/v2\/comments?post=181174"}],"version-history":[{"count":6,"href":"https:\/\/www.myvacaya.com\/no\/wp-json\/wp\/v2\/pages\/181174\/revisions"}],"predecessor-version":[{"id":181379,"href":"https:\/\/www.myvacaya.com\/no\/wp-json\/wp\/v2\/pages\/181174\/revisions\/181379"}],"wp:attachment":[{"href":"https:\/\/www.myvacaya.com\/no\/wp-json\/wp\/v2\/media?parent=181174"}],"curies":[{"name":"wp","href":"https:\/\/api.w.org\/{rel}","templated":true}]}}