{"id":165831,"date":"2024-10-05T14:27:59","date_gmt":"2024-10-05T18:27:59","guid":{"rendered":"https:\/\/www.myvacaya.com\/oppdage\/vtv-podcast\/"},"modified":"2024-10-07T22:23:38","modified_gmt":"2024-10-08T02:23:38","slug":"vtv-podcast","status":"publish","type":"page","link":"https:\/\/www.myvacaya.com\/no\/oppdage\/vtv-podcast\/","title":{"rendered":"VTV PODCAST"},"content":{"rendered":"<p>[et_pb_section fb_built=&raquo;1&#8243; fullwidth=&raquo;on&raquo; admin_label=&raquo;Slider&raquo; module_id=&raquo;skyve-seksjon-interi\u00f8r&raquo; _builder_version=&raquo;4.17.6&#8243; _module_preset=&raquo;default&raquo; background_enable_image=&raquo;off&raquo; global_colors_info=&raquo;{}&raquo;][et_pb_fullwidth_code admin_label=&raquo;Slider Overlay&raquo; module_class=&raquo;interior-page-overlay&raquo; _builder_version=&raquo;4.23.4&#8243; _module_preset=&raquo;default&raquo; positioning=&raquo;absolute&raquo; position_origin_a=&raquo;top_right&raquo; position_origin_f=&raquo;top_right&raquo; z_index=&raquo;100&#8243; width=&raquo;50%&raquo; width_tablet=&raquo;50%&raquo; width_phone=&raquo;100%&raquo; width_last_edited=&raquo;on|phone&raquo; height=&raquo;100vh&raquo; global_colors_info=&raquo;{}&raquo;]<div class=\"trip-overlay\"><div class=\"trip-title\"><h1>VTV PODCAST<\/h1><\/div><\/div>[\/et_pb_fullwidth_code][et_pb_fullwidth_slider show_arrows=&raquo;off&raquo; admin_label=&raquo;Slider Images&raquo; module_id=&raquo;slider-images&raquo; _builder_version=&raquo;4.23.4&#8243; _module_preset=&raquo;default&raquo; height=&raquo;100vh&raquo; auto=&raquo;on&raquo; global_colors_info=&raquo;{}&raquo;][et_pb_slide _builder_version=&raquo;4.23.4&#8243; _module_preset=&raquo;default&raquo; background_color=&raquo;RGBA(255,255,255,0)&raquo; background_enable_color=&raquo;on&raquo; background_image=&raquo;https:\/\/www.myvacaya.com\/wp-content\/uploads\/2024\/10\/Hero-Desktop-podcastjpg.jpg&raquo; background_enable_image=&raquo;on&raquo; background_last_edited=&raquo;on|phone&raquo; background_image_phone=&raquo;https:\/\/www.myvacaya.com\/wp-content\/uploads\/2024\/10\/Hero-mobile-podcast.jpg&raquo; background_enable_image_phone=&raquo;on&raquo; global_colors_info=&raquo;{}&raquo; sticky_transition=&raquo;on&raquo;][\/et_pb_slide][\/et_pb_fullwidth_slider][\/et_pb_section][et_pb_section fb_built=&raquo;1&#8243; custom_padding_last_edited=&raquo;on|phone&raquo; _builder_version=&raquo;4.17.6&#8243; _module_preset=&raquo;default&raquo; custom_padding=&raquo;||0%||false|false&raquo; custom_padding_tablet=&raquo;||||false|false&raquo; custom_padding_phone=&raquo;||||false|false&raquo; global_colors_info=&raquo;{}&raquo;][et_pb_row custom_padding_last_edited=&raquo;on|desktop&raquo; _builder_version=&raquo;4.17.6&#8243; _module_preset=&raquo;default&raquo; custom_padding=&raquo;||0%||false|false&raquo; custom_padding_tablet=&raquo;||||false|false&raquo; custom_padding_phone=&raquo;||||false|false&raquo; global_colors_info=&raquo;{}&raquo;][et_pb_column type=&raquo;4_4&#8243; _builder_version=&raquo;4.17.6&#8243; _module_preset=&raquo;default&raquo; global_colors_info=&raquo;{}&raquo;][et_pb_text admin_label=&raquo;Section Title &#8211; H2&#8243; _builder_version=&raquo;4.23.4&#8243; _module_preset=&raquo;default&raquo; text_letter_spacing=&raquo;1.8px&raquo; text_line_height=&raquo;22px&raquo; header_2_font=&raquo;Futura Bold|||on|||||&raquo; header_2_text_align=&raquo;center&raquo; header_2_text_color=&raquo;#000000&#8243; header_2_font_size=&raquo;30px&raquo; header_2_letter_spacing=&raquo;1.8px&raquo; header_2_line_height=&raquo;36px&raquo; header_3_font=&raquo;Futura Bold|||on|||||&raquo; header_3_text_align=&raquo;center&raquo; header_3_text_color=&raquo;#000000&#8243; header_3_font_size=&raquo;18px&raquo; header_3_letter_spacing=&raquo;1.8px&raquo; header_3_line_height=&raquo;24px&raquo; custom_margin=&raquo;||||false|false&raquo; custom_padding=&raquo;||||false|false&raquo; custom_padding_tablet=&raquo;||||false|false&raquo; custom_padding_phone=&raquo;||||false|false&raquo; custom_padding_last_edited=&raquo;on|phone&raquo; global_colors_info=&raquo;{}&raquo;]<\/p>\n<h2>VELKOMMEN TIL VTV PODCAST<\/h2>\n<p>[\/et_pb_text][et_pb_text _builder_version=&raquo;4.23.4&#8243; _module_preset=&raquo;default&raquo; custom_margin=&raquo;||||false|false&raquo; custom_margin_tablet=&raquo;||||false|false&raquo; custom_margin_phone=&raquo;||||false|false&raquo; custom_margin_last_edited=&raquo;on|phone&raquo; global_colors_info=&raquo;{}&raquo;]VTV er den definitive podcasten for LHBT+-reiser, popkultur og nye perspektiver til medlemmer av samfunnet v\u00e5rt. VTV fremhever unike reiseopplevelser, m\u00e5-bes\u00f8k-destinasjoner og innsidetips, mens de utforsker popkultur, underholdning og sosiale sp\u00f8rsm\u00e5l som er viktige for LHBT+-samfunnet. Fra pride-festivaler og skeive ikoner til skjulte reiseperler, VTV tilbyr lyttere en global forbindelse til fellesskapet. Vert av VACAYAs reisekyndige f\u00f8lgesvenner, Kevin DeKimpe og Trevor Dow, forsterker VTV forskjellige stemmer p\u00e5 tvers av identiteter og opplevelser. Hver episode inneholder \u00e6rlige diskusjoner med influencere, aktivister og reisende, og tilbyr inspirasjon, utdanning og feiring.[\/et_pb_text][et_pb_image src=&raquo;https:\/\/www.myvacaya.com\/wp-content\/uploads\/2024\/10\/KEV-AND-TREV-1000X3000.jpg&raquo; title_text=&raquo;KEV-AND-TREV-1000X3000&#8243; align=&raquo;center&raquo; force_fullwidth=&raquo;on&raquo; _builder_version=&raquo;4.23.4&#8243; _module_preset=&raquo;default&raquo; global_colors_info=&raquo;{}&raquo;][\/et_pb_image][et_pb_text _builder_version=&raquo;4.23.4&#8243; _module_preset=&raquo;default&raquo; custom_margin=&raquo;||||false|false&raquo; custom_margin_tablet=&raquo;||||false|false&raquo; custom_margin_phone=&raquo;||||false|false&raquo; custom_margin_last_edited=&raquo;on|phone&raquo; global_colors_info=&raquo;{}&raquo;]<\/p>\n<p style=\"text-align: center;\">VTV VIDEO PODCAST EPISODE FINNES HER:<\/p>\n<p style=\"text-align: center;\"><a class=\"btn-pink-inline\" href=\"#\" target=\"_blank\" rel=\"noopener\"><span class=\"btn-inside\">UTSIKT<\/span><\/a><\/p>\n<p style=\"text-align: center;\">VTV AUDIO PODCAST EPISODE FINNES HER:<\/p>\n<p style=\"text-align: center;\"><a class=\"btn-pink-inline\" href=\"#\" target=\"_blank\" rel=\"noopener\"><span class=\"btn-inside\">EPLE<\/span><\/a><\/p>\n<p style=\"text-align: center;\"><a class=\"btn-pink-inline\" href=\"#\" target=\"_blank\" rel=\"noopener\"><span class=\"btn-inside\">SPOTIFY<\/span><\/a><\/p>\n<p>[\/et_pb_text][\/et_pb_column][\/et_pb_row][\/et_pb_section][et_pb_section fb_built=&raquo;1&#8243; admin_label=&raquo;Trip Tiles with Divider and Title&raquo; _builder_version=&raquo;4.17.6&#8243; _module_preset=&raquo;default&raquo; global_colors_info=&raquo;{}&raquo;][et_pb_row _builder_version=&raquo;4.17.6&#8243; _module_preset=&raquo;default&raquo; global_colors_info=&raquo;{}&raquo;][et_pb_column type=&raquo;4_4&#8243; _builder_version=&raquo;4.17.6&#8243; _module_preset=&raquo;default&raquo; global_colors_info=&raquo;{}&raquo;][et_pb_divider color=&raquo;#000000&#8243; divider_position=&raquo;center&raquo; _builder_version=&raquo;4.17.6&#8243; _module_preset=&raquo;default&raquo; global_colors_info=&raquo;{}&raquo;][\/et_pb_divider][\/et_pb_column][\/et_pb_row][et_pb_row _builder_version=&raquo;4.17.6&#8243; _module_preset=&raquo;default&raquo; global_colors_info=&raquo;{}&raquo;][et_pb_column type=&raquo;4_4&#8243; _builder_version=&raquo;4.17.6&#8243; _module_preset=&raquo;default&raquo; global_colors_info=&raquo;{}&raquo;][et_pb_text admin_label=&raquo;Section Title &#8211; H3&#8243; _builder_version=&raquo;4.23.4&#8243; _module_preset=&raquo;default&raquo; header_3_font=&raquo;Futura Bold|||on|||||&raquo; header_3_text_align=&raquo;center&raquo; header_3_text_color=&raquo;#000000&#8243; header_3_font_size=&raquo;18px&raquo; header_3_letter_spacing=&raquo;1.8px&raquo; header_3_line_height=&raquo;24px&raquo; custom_margin=&raquo;||||false|false&raquo; custom_margin_tablet=&raquo;||||false|false&raquo; custom_margin_phone=&raquo;||||false|false&raquo; custom_margin_last_edited=&raquo;on|phone&raquo; custom_padding=&raquo;||||false|false&raquo; global_colors_info=&raquo;{}&raquo;]<\/p>\n<h3>KLAR TIL \u00c5 BESTILLE DITT NESTE VACAYA EVENTYR?<\/h3>\n<p>[\/et_pb_text][\/et_pb_column][\/et_pb_row][et_pb_row _builder_version=&raquo;4.17.6&#8243; _module_preset=&raquo;default&raquo; global_colors_info=&raquo;{}&raquo;][et_pb_column type=&raquo;4_4&#8243; _builder_version=&raquo;4.17.6&#8243; _module_preset=&raquo;default&raquo; global_colors_info=&raquo;{}&raquo;][et_pb_text _builder_version=&raquo;4.17.6&#8243; _module_preset=&raquo;default&raquo; global_colors_info=&raquo;{}&raquo;]<div id=\"ajax-load-more\" class=\"ajax-load-more-wrap default\" data-id=\"experience-items\" data-alm-id=\"\" data-canonical-url=\"https:\/\/www.myvacaya.com\/no\/oppdage\/vtv-podcast\/\" data-slug=\"vtv-podcast\" data-post-id=\"165831\"  data-localized=\"ajax_load_more_experience_items_vars\" data-alm-object=\"ajax_load_more_experience_items\"><ul aria-live=\"polite\" aria-atomic=\"true\" class=\"alm-listing alm-ajax\" data-container-type=\"ul\" data-loading-style=\"default\" data-repeater=\"template_1\" data-post-type=\"trip\" data-meta-key=\"show_trip_tile\" data-meta-value=\"1\" data-custom-args=\"post_parent: 0\" data-order=\"ASC\" data-orderby=\"date\" data-offset=\"0\" data-posts-per-page=\"20\" data-lang=\"no\" data-scroll=\"false\" data-button-label=\"Load More\" data-prev-button-label=\"Load Previous\" data-destroy-after=\"1\"><\/ul><div class=\"alm-btn-wrap\" data-rel=\"ajax-load-more\"><button class=\"alm-load-more-btn\" type=\"button\">Load More<\/button><\/div><\/div>[\/et_pb_text][\/et_pb_column][\/et_pb_row][\/et_pb_section]<\/p>\n","protected":false},"excerpt":{"rendered":"<p><div class=\"trip-overlay\"><div class=\"trip-title\"><h1>Turfliser med tittel \u2013 kun cruise<\/h1><\/div><\/div>VELKOMMEN TIL VTV PODCASTVTV er den definitive podcasten for LHBT+-reiser, popkultur og nye perspektiver til medlemmer av samfunnet v\u00e5rt. VTV fremhever unike reiseopplevelser, m\u00e5-bes\u00f8k-destinasjoner og innsidetips, mens de utforsker popkultur, underholdning og sosiale sp\u00f8rsm\u00e5l som er viktige for LHBT+-samfunnet. Fra pride-festivaler og skeive ikoner til skjulte reiseperler, VTV tilbyr lyttere en global forbindelse til fellesskapet. [&hellip;]<\/p>\n","protected":false},"author":1,"featured_media":0,"parent":43537,"menu_order":0,"comment_status":"closed","ping_status":"closed","template":"","meta":{"_acf_changed":false,"_et_pb_use_builder":"on","_et_pb_old_content":"","_et_gb_content_width":"","_monsterinsights_skip_tracking":false,"_monsterinsights_sitenote_active":false,"_monsterinsights_sitenote_note":"","_monsterinsights_sitenote_category":0,"footnotes":""},"class_list":["post-165831","page","type-page","status-publish","hentry"],"acf":[],"_links":{"self":[{"href":"https:\/\/www.myvacaya.com\/no\/wp-json\/wp\/v2\/pages\/165831","targetHints":{"allow":["GET"]}}],"collection":[{"href":"https:\/\/www.myvacaya.com\/no\/wp-json\/wp\/v2\/pages"}],"about":[{"href":"https:\/\/www.myvacaya.com\/no\/wp-json\/wp\/v2\/types\/page"}],"author":[{"embeddable":true,"href":"https:\/\/www.myvacaya.com\/no\/wp-json\/wp\/v2\/users\/1"}],"replies":[{"embeddable":true,"href":"https:\/\/www.myvacaya.com\/no\/wp-json\/wp\/v2\/comments?post=165831"}],"version-history":[{"count":4,"href":"https:\/\/www.myvacaya.com\/no\/wp-json\/wp\/v2\/pages\/165831\/revisions"}],"predecessor-version":[{"id":165938,"href":"https:\/\/www.myvacaya.com\/no\/wp-json\/wp\/v2\/pages\/165831\/revisions\/165938"}],"up":[{"embeddable":true,"href":"https:\/\/www.myvacaya.com\/no\/wp-json\/wp\/v2\/pages\/43537"}],"wp:attachment":[{"href":"https:\/\/www.myvacaya.com\/no\/wp-json\/wp\/v2\/media?parent=165831"}],"curies":[{"name":"wp","href":"https:\/\/api.w.org\/{rel}","templated":true}]}}