{"id":154670,"date":"2024-06-15T05:09:37","date_gmt":"2024-06-15T09:09:37","guid":{"rendered":"https:\/\/www.myvacaya.com\/oppdage\/lhbt-inkludering\/"},"modified":"2024-06-15T05:33:44","modified_gmt":"2024-06-15T09:33:44","slug":"lhbt-inkludering-2","status":"publish","type":"page","link":"https:\/\/www.myvacaya.com\/no\/oppdage\/lhbt-inkludering-2\/","title":{"rendered":"LHBT+-inkludering"},"content":{"rendered":"<p>[et_pb_section fb_built=&raquo;1&#8243; fullwidth=&raquo;on&raquo; admin_label=&raquo;Slider&raquo; module_id=&raquo;skyve-seksjon-interi\u00f8r&raquo; _builder_version=&raquo;4.17.6&#8243; _module_preset=&raquo;default&raquo; background_enable_image=&raquo;off&raquo; global_colors_info=&raquo;{}&raquo;][et_pb_fullwidth_code admin_label=&raquo;Slider Overlay&raquo; module_class=&raquo;interior-page-overlay&raquo; _builder_version=&raquo;4.17.6&#8243; _module_preset=&raquo;default&raquo; positioning=&raquo;absolute&raquo; position_origin_a=&raquo;top_right&raquo; position_origin_f=&raquo;top_right&raquo; z_index=&raquo;100&#8243; width=&raquo;50%&raquo; width_tablet=&raquo;50%&raquo; width_phone=&raquo;100%&raquo; width_last_edited=&raquo;on|phone&raquo; height=&raquo;100vh&raquo; global_colors_info=&raquo;{}&raquo;]<div class=\"trip-overlay\"><div class=\"trip-title\"><h1>LHBT+-inkludering<\/h1><\/div><\/div>[\/et_pb_fullwidth_code][et_pb_fullwidth_slider show_arrows=&raquo;off&raquo; admin_label=&raquo;Slider Images&raquo; module_id=&raquo;slider-images&raquo; _builder_version=&raquo;4.23.4&#8243; _module_preset=&raquo;default&raquo; height=&raquo;100vh&raquo; auto=&raquo;on&raquo; global_colors_info=&raquo;{}&raquo;][et_pb_slide _builder_version=&raquo;4.23.4&#8243; _module_preset=&raquo;default&raquo; background_color=&raquo;RGBA(255,255,255,0)&raquo; background_enable_color=&raquo;on&raquo; background_image=&raquo;https:\/\/www.myvacaya.com\/wp-content\/uploads\/2024\/04\/Hero-Desktop-LGBT-Inclusivity.jpg&raquo; background_enable_image=&raquo;on&raquo; background_last_edited=&raquo;on|phone&raquo; background_image_phone=&raquo;https:\/\/www.myvacaya.com\/wp-content\/uploads\/2024\/04\/Hero-mobile-LGBT-Inclusivity.jpg&raquo; background_enable_image_phone=&raquo;on&raquo; global_colors_info=&raquo;{}&raquo; sticky_transition=&raquo;on&raquo;][\/et_pb_slide][\/et_pb_fullwidth_slider][\/et_pb_section][et_pb_section fb_built=&raquo;1&#8243; custom_padding_last_edited=&raquo;on|desktop&raquo; _builder_version=&raquo;4.23.4&#8243; _module_preset=&raquo;default&raquo; custom_padding=&raquo;||||false|false&raquo; custom_padding_tablet=&raquo;||||false|false&raquo; custom_padding_phone=&raquo;||||false|false&raquo; global_colors_info=&raquo;{}&raquo;][et_pb_row _builder_version=&raquo;4.17.6&#8243; _module_preset=&raquo;default&raquo; custom_padding=&raquo;||0%||false|false&raquo; global_colors_info=&raquo;{}&raquo;][et_pb_column type=&raquo;4_4&#8243; _builder_version=&raquo;4.17.6&#8243; _module_preset=&raquo;default&raquo; global_colors_info=&raquo;{}&raquo;][et_pb_text admin_label=&raquo;Section Title &#8211; H3&#8243; _builder_version=&raquo;4.23.4&#8243; _module_preset=&raquo;default&raquo; header_3_font=&raquo;Futura Bold|||on|||||&raquo; header_3_text_align=&raquo;center&raquo; header_3_text_color=&raquo;#000000&#8243; header_3_font_size=&raquo;18px&raquo; header_3_letter_spacing=&raquo;1.8px&raquo; header_3_line_height=&raquo;24px&raquo; custom_margin=&raquo;||||false|false&raquo; custom_margin_tablet=&raquo;||||false|false&raquo; custom_margin_phone=&raquo;||||false|false&raquo; custom_margin_last_edited=&raquo;on|phone&raquo; custom_padding=&raquo;||||false|false&raquo; global_colors_info=&raquo;{}&raquo;]<\/p>\n<h3>VACAYA er det MEST inkluderende LHBT+-ferieselskapet p\u00e5 planeten!<\/h3>\n<p>[\/et_pb_text][et_pb_text _builder_version=&raquo;4.23.4&#8243; _module_preset=&raquo;default&raquo; global_colors_info=&raquo;{}&raquo;]<\/p>\n<p>VACAYA er ikke bare ditt gjennomsnittlige ferieselskap. Vi er den ultimate forkjemperen for inkludering, og setter standarden h\u00f8yt for \u00e5 f\u00e5 alle til \u00e5 f\u00f8le seg verdsatt og omfavnet. VACAYA har satt en helt ny standard for mangfold, og \u00f8nsker alle seksuelle orienteringer og kj\u00f8nnsidentiteter velkommen.<\/p>\n<p>I motsetning til andre selskaper, er VACAYAs forpliktelse til inkludering ikke bare en avkrysningsboks \u2013 den er forankret i alle aspekter av v\u00e5r virksomhet. Det hele starter med selskapene vi velger \u00e5 samarbeide med og teammedlemmene vi ansetter. Deres hjerter og sinn er p\u00e5 linje med VACAYAs misjon, og de gjenspeiler mangfoldet i samfunnet v\u00e5rt p\u00e5 omtrent alle m\u00e5ter.<\/p>\n<p>Men v\u00e5rt engasjement strekker seg langt utover bare representasjon; det handler om \u00e5 skape ekte forbindelser, fremme forst\u00e5else og feire menneskehetens vakre billedvev. Vi oppn\u00e5r det ved \u00e5 utvikle programmering som im\u00f8tekommer et fullt spekter av orienteringer og identiteter. VACAYA sikrer at hver reisende, uavhengig av hvem de elsker eller hvordan de identifiserer seg, finner et sted hvor de kan v\u00e6re deres autentiske jeg. N\u00e5r de f\u00f8rste b\u00e5ndene er dannet, bringer VACAYA likesinnede grupper sammen i bredere feiringer i l\u00f8pet av ferien.<\/p>\n<p>N\u00e5r vi refererer til \u00ablikesinnede\u00bb, foresl\u00e5r vi ikke at alle p\u00e5 v\u00e5re ferier m\u00e5 abonnere p\u00e5 ETT sett med tro. Men hvis du tror <em>at kj\u00e6rlighet er kj\u00e6rlighet<\/em> og du gir rom for ulike synspunkter, s\u00e5 er VACAYA noe for deg!<\/p>\n<p>I en verden der inkludering er viktigst, skinner VACAYA som et fyrt\u00e5rn for aksept, noe som gj\u00f8r ferien til en transformerende opplevelse der <em>alle<\/em> h\u00f8rer hjemme. S\u00e5 enten du drar p\u00e5 stranden med partneren din, crewet eller flyr solo, har VACAYA din rygg. Med VACAYA bestiller du ikke bare en ferie, du blir med i en familie som handler om \u00e5 spre kj\u00e6rlighet og godt hum\u00f8r overalt hvor vi g\u00e5r!<\/p>\n<p>Men ikke ta v\u00e5rt ord for det&#8230;<\/p>\n<p>[\/et_pb_text][\/et_pb_column][\/et_pb_row][et_pb_row _builder_version=&raquo;4.17.6&#8243; _module_preset=&raquo;default&raquo; custom_padding=&raquo;||0%||false|false&raquo; global_colors_info=&raquo;{}&raquo;][et_pb_column type=&raquo;4_4&#8243; _builder_version=&raquo;4.17.6&#8243; _module_preset=&raquo;default&raquo; global_colors_info=&raquo;{}&raquo;][et_pb_text admin_label=&raquo;Section Title &#8211; H3&#8243; _builder_version=&raquo;4.23.4&#8243; _module_preset=&raquo;default&raquo; header_3_font=&raquo;Futura Bold|||on|||||&raquo; header_3_text_align=&raquo;center&raquo; header_3_text_color=&raquo;#000000&#8243; header_3_font_size=&raquo;18px&raquo; header_3_letter_spacing=&raquo;1.8px&raquo; header_3_line_height=&raquo;24px&raquo; custom_margin=&raquo;||||false|false&raquo; custom_margin_tablet=&raquo;||||false|false&raquo; custom_margin_phone=&raquo;||||false|false&raquo; custom_margin_last_edited=&raquo;on|phone&raquo; custom_padding=&raquo;||||false|false&raquo; global_colors_info=&raquo;{}&raquo;]<\/p>\n<h3>Se hva folk sier om VACAYA<\/h3>\n<p>[\/et_pb_text][\/et_pb_column][\/et_pb_row][et_pb_row custom_padding_last_edited=&raquo;on|desktop&raquo; _builder_version=&raquo;4.17.6&#8243; _module_preset=&raquo;default&raquo; custom_padding=&raquo;||0%||false|false&raquo; custom_padding_tablet=&raquo;&raquo; custom_padding_phone=&raquo;||||false|false&raquo; global_colors_info=&raquo;{}&raquo;][et_pb_column type=&raquo;4_4&#8243; _builder_version=&raquo;4.17.4&#8243; _module_preset=&raquo;default&raquo; global_colors_info=&raquo;{}&raquo;][et_pb_text _builder_version=&raquo;4.23.4&#8243; _module_preset=&raquo;default&raquo; global_colors_info=&raquo;{}&raquo;]<\/p>\n<p>&nbsp;<\/p>\n<p><strong>M\u00d8T CHRISTOPH \u2013 Identifiserer seg som Han\/Ham<\/strong><br \/><em>&laquo;Det handler ikke bare om inkluderende mat og drikke, det handler om inkluderende fellesskap&raquo;<\/em><\/p>\n<p>[\/et_pb_text][et_pb_image src=&raquo;https:\/\/www.myvacaya.com\/wp-content\/uploads\/2024\/04\/Most-Inclusive-Company-Video-Thumbnail-Christoph.jpg&raquo; title_text=&raquo;Mest inkluderende bedriftsvideominiatyrbilde &#8211; Christoph&raquo; show_bottom_space=&raquo;off&raquo; force_fullwidth=&raquo;on&raquo; admin_label=&raquo;Video Thumbnail&raquo; module_class=&raquo;popmake-149174&#8243; _builder_version=&raquo;4.23.4&#8243; _module_preset=&raquo;default&raquo; scroll_fade_enable=&raquo;on&raquo; global_colors_info=&raquo;{}&raquo;][\/et_pb_image][\/et_pb_column][\/et_pb_row][et_pb_row custom_padding_last_edited=&raquo;on|desktop&raquo; _builder_version=&raquo;4.17.6&#8243; _module_preset=&raquo;default&raquo; custom_padding=&raquo;||0%||false|false&raquo; custom_padding_tablet=&raquo;&raquo; custom_padding_phone=&raquo;||||false|false&raquo; global_colors_info=&raquo;{}&raquo;][et_pb_column type=&raquo;4_4&#8243; _builder_version=&raquo;4.17.4&#8243; _module_preset=&raquo;default&raquo; global_colors_info=&raquo;{}&raquo;][et_pb_text _builder_version=&raquo;4.23.4&#8243; _module_preset=&raquo;default&raquo; global_colors_info=&raquo;{}&raquo;]<\/p>\n<p>&nbsp;<\/p>\n<p>&nbsp;<\/p>\n<p><strong>M\u00d8T JUDE \u2013 Identifiserer seg som de\/dem<\/strong><br \/><em>&laquo;Som en transmann hos VACAYA har jeg opplevd et revolusjonerende skritt n\u00e5r det gjelder inkludering &#8230; jeg har f\u00e5tt venner.&raquo;<\/em><\/p>\n<p>[\/et_pb_text][et_pb_image src=&raquo;https:\/\/www.myvacaya.com\/wp-content\/uploads\/2024\/04\/Most-Inclusive-Company-Video-Thumbnail-Jude.jpg&raquo; title_text=&raquo;Mest inkluderende bedriftsvideominiatyrbilde &#8211; Jude&raquo; show_bottom_space=&raquo;off&raquo; force_fullwidth=&raquo;on&raquo; admin_label=&raquo;Video Thumbnail&raquo; module_class=&raquo;popmake-149200&#8243; _builder_version=&raquo;4.23.4&#8243; _module_preset=&raquo;default&raquo; scroll_fade_enable=&raquo;on&raquo; global_colors_info=&raquo;{}&raquo;][\/et_pb_image][\/et_pb_column][\/et_pb_row][et_pb_row custom_padding_last_edited=&raquo;on|desktop&raquo; _builder_version=&raquo;4.17.6&#8243; _module_preset=&raquo;default&raquo; custom_padding=&raquo;||0%||false|false&raquo; custom_padding_tablet=&raquo;&raquo; custom_padding_phone=&raquo;||||false|false&raquo; global_colors_info=&raquo;{}&raquo;][et_pb_column type=&raquo;4_4&#8243; _builder_version=&raquo;4.17.4&#8243; _module_preset=&raquo;default&raquo; global_colors_info=&raquo;{}&raquo;][et_pb_text _builder_version=&raquo;4.23.4&#8243; _module_preset=&raquo;default&raquo; global_colors_info=&raquo;{}&raquo;]<\/p>\n<p>&nbsp;<\/p>\n<p>&nbsp;<\/p>\n<p><strong>M\u00d8T ALLYSE \u2013 Identifiserer seg som hun\/henne<\/strong><br \/><em>&laquo;VACAYA oppfyller de sanne behovene til alle i LHBTQ-samfunnet &#8230; hvor vi kan slappe av og lade opp og ha dype og meningsfulle samtaler.&raquo;<\/em><\/p>\n<p>[\/et_pb_text][et_pb_image src=&raquo;https:\/\/www.myvacaya.com\/wp-content\/uploads\/2024\/04\/Most-Inclusive-Company-Video-Thumbnail-Alysse.jpg&raquo; title_text=&raquo;Mest inkluderende bedriftsvideominiatyrbilde &#8211; Alysse&raquo; show_bottom_space=&raquo;off&raquo; force_fullwidth=&raquo;on&raquo; admin_label=&raquo;Video Thumbnail&raquo; module_class=&raquo;popmake-149226&#8243; _builder_version=&raquo;4.23.4&#8243; _module_preset=&raquo;default&raquo; scroll_fade_enable=&raquo;on&raquo; global_colors_info=&raquo;{}&raquo;][\/et_pb_image][\/et_pb_column][\/et_pb_row][et_pb_row _builder_version=&raquo;4.17.6&#8243; _module_preset=&raquo;default&raquo; custom_padding=&raquo;||0%||false|false&raquo; global_colors_info=&raquo;{}&raquo;][et_pb_column type=&raquo;4_4&#8243; _builder_version=&raquo;4.17.6&#8243; _module_preset=&raquo;default&raquo; global_colors_info=&raquo;{}&raquo;][et_pb_text admin_label=&raquo;Section Title &#8211; H3&#8243; _builder_version=&raquo;4.23.4&#8243; _module_preset=&raquo;default&raquo; header_3_font=&raquo;Futura Bold|||on|||||&raquo; header_3_text_align=&raquo;center&raquo; header_3_text_color=&raquo;#000000&#8243; header_3_font_size=&raquo;18px&raquo; header_3_letter_spacing=&raquo;1.8px&raquo; header_3_line_height=&raquo;24px&raquo; custom_margin=&raquo;||||false|false&raquo; custom_margin_tablet=&raquo;||||false|false&raquo; custom_margin_phone=&raquo;||||false|false&raquo; custom_margin_last_edited=&raquo;on|phone&raquo; custom_padding=&raquo;||||false|false&raquo; global_colors_info=&raquo;{}&raquo;]<\/p>\n<h3> <\/h3>\n<h3> <\/h3>\n<h3> <\/h3>\n<h3>Se hva media sier om VACAYA<\/h3>\n<p>[\/et_pb_text][\/et_pb_column][\/et_pb_row][et_pb_row custom_padding_last_edited=&raquo;on|desktop&raquo; _builder_version=&raquo;4.17.6&#8243; _module_preset=&raquo;default&raquo; custom_padding=&raquo;||0%||false|false&raquo; custom_padding_tablet=&raquo;&raquo; custom_padding_phone=&raquo;||||false|false&raquo; global_colors_info=&raquo;{}&raquo;][et_pb_column type=&raquo;4_4&#8243; _builder_version=&raquo;4.17.4&#8243; _module_preset=&raquo;default&raquo; global_colors_info=&raquo;{}&raquo;][et_pb_text _builder_version=&raquo;4.23.4&#8243; _module_preset=&raquo;default&raquo; global_colors_info=&raquo;{}&raquo;]<\/p>\n<p>&nbsp;<\/p>\n<p><strong>IVAN QUINTANILLA \u2013 EDGE Media \u2013 Identifiserer seg som han\/ham<\/strong><br \/><em>\u00abKan du male med alle vindens farger? Vel, det viser seg at VACAYA kan! \u2026Selv med den omfattende programmeringen som VACAYA skaper for alle fargene i LGBTQIAPK-spekteret v\u00e5rt, er det vennligheten til VACAYA-fellesskapet som viser seg \u00e5 v\u00e6re deres st\u00f8rste ressurs.&raquo;<\/em><\/p>\n<p>[\/et_pb_text][et_pb_image src=&raquo;https:\/\/www.myvacaya.com\/wp-content\/uploads\/2024\/04\/Most-Inclusive-Company-Video-Thumbnail-Ivan-from-EDGE-Media.jpg&raquo; title_text=&raquo;Mest inkluderende bedriftsvideominiatyrbilde &#8211; Ivan fra EDGE Media&raquo; show_bottom_space=&raquo;off&raquo; force_fullwidth=&raquo;on&raquo; admin_label=&raquo;Video Thumbnail&raquo; module_class=&raquo;popmake-149252&#8243; _builder_version=&raquo;4.23.4&#8243; _module_preset=&raquo;default&raquo; scroll_fade_enable=&raquo;on&raquo; global_colors_info=&raquo;{}&raquo;][\/et_pb_image][et_pb_text _builder_version=&raquo;4.23.4&#8243; _module_preset=&raquo;default&raquo; global_colors_info=&raquo;{}&raquo;]<\/p>\n<p>&nbsp;<\/p>\n<p style=\"text-align: center;\"><a class=\"btn-pink-inline\" href=\"https:\/\/www.edgemedianetwork.com\/story\/332322\" target=\"_blank\" rel=\"noopener\"><span class=\"btn-inside\">LES HELE ANMELDELSEN<\/span><\/a><\/p>\n<p>[\/et_pb_text][\/et_pb_column][\/et_pb_row][et_pb_row custom_padding_last_edited=&raquo;on|desktop&raquo; _builder_version=&raquo;4.17.6&#8243; _module_preset=&raquo;default&raquo; custom_padding=&raquo;||0%||false|false&raquo; custom_padding_tablet=&raquo;&raquo; custom_padding_phone=&raquo;||||false|false&raquo; global_colors_info=&raquo;{}&raquo;][et_pb_column type=&raquo;4_4&#8243; _builder_version=&raquo;4.17.4&#8243; _module_preset=&raquo;default&raquo; global_colors_info=&raquo;{}&raquo;][et_pb_text _builder_version=&raquo;4.23.4&#8243; _module_preset=&raquo;default&raquo; global_colors_info=&raquo;{}&raquo;]<\/p>\n<p>&nbsp;<\/p>\n<p>Enten du leter etter en solfylt strandflukt, en romantisk ferie eller en morsom bucket list-ekspedisjon, er VACAYA din reisesmarte f\u00f8lgesvenn. Bli med oss \u200b\u200bi \u00e5 skape minner som overskrider grenser, redefinere ferier og skape forbindelser som varer livet ut. Dr\u00f8mmeferien venter \u2013 kom, la oss gj\u00f8re det ekstraordin\u00e6rt sammen!<\/p>\n<p>[\/et_pb_text][\/et_pb_column][\/et_pb_row][\/et_pb_section][et_pb_section fb_built=&raquo;1&#8243; admin_label=&raquo;Blog Trip Tiles&raquo; _builder_version=&raquo;4.17.6&#8243; _module_preset=&raquo;default&raquo; global_colors_info=&raquo;{}&raquo;][et_pb_row _builder_version=&raquo;4.23.4&#8243; _module_preset=&raquo;default&raquo; global_colors_info=&raquo;{}&raquo;][et_pb_column type=&raquo;4_4&#8243; _builder_version=&raquo;4.17.6&#8243; _module_preset=&raquo;default&raquo; global_colors_info=&raquo;{}&raquo;][et_pb_divider color=&raquo;#000000&#8243; divider_position=&raquo;center&raquo; _builder_version=&raquo;4.17.6&#8243; _module_preset=&raquo;default&raquo; global_colors_info=&raquo;{}&raquo;][\/et_pb_divider][\/et_pb_column][\/et_pb_row][et_pb_row _builder_version=&raquo;4.17.6&#8243; _module_preset=&raquo;default&raquo; global_colors_info=&raquo;{}&raquo;][et_pb_column type=&raquo;4_4&#8243; _builder_version=&raquo;4.17.6&#8243; _module_preset=&raquo;default&raquo; global_colors_info=&raquo;{}&raquo;][et_pb_text admin_label=&raquo;Section Title &#8211; H3&#8243; _builder_version=&raquo;4.23.4&#8243; _module_preset=&raquo;default&raquo; header_3_font=&raquo;Futura Bold|||on|||||&raquo; header_3_text_align=&raquo;center&raquo; header_3_text_color=&raquo;#000000&#8243; header_3_font_size=&raquo;18px&raquo; header_3_letter_spacing=&raquo;1.8px&raquo; header_3_line_height=&raquo;24px&raquo; custom_margin=&raquo;||||false|false&raquo; custom_margin_tablet=&raquo;||||false|false&raquo; custom_margin_phone=&raquo;||||false|false&raquo; custom_margin_last_edited=&raquo;on|phone&raquo; custom_padding=&raquo;||||false|false&raquo; global_colors_info=&raquo;{}&raquo;]<\/p>\n<h3>S\u00c5 HVA VENNER DU P\u00c5?  <\/p>\n<p>SJEKK UT DE MEST INKLUSIVE LHBT+-FERIENE P\u00c5 PLANETEN!<\/h3>\n<p>[\/et_pb_text][\/et_pb_column][\/et_pb_row][et_pb_row _builder_version=&raquo;4.17.6&#8243; _module_preset=&raquo;default&raquo; global_colors_info=&raquo;{}&raquo;][et_pb_column type=&raquo;4_4&#8243; _builder_version=&raquo;4.17.6&#8243; _module_preset=&raquo;default&raquo; global_colors_info=&raquo;{}&raquo;][et_pb_text _builder_version=&raquo;4.17.6&#8243; _module_preset=&raquo;default&raquo; global_colors_info=&raquo;{}&raquo;]<div id=\"ajax-load-more\" class=\"ajax-load-more-wrap default\" data-id=\"experience-items\" data-alm-id=\"\" data-canonical-url=\"https:\/\/www.myvacaya.com\/no\/oppdage\/lhbt-inkludering-2\/\" data-slug=\"lhbt-inkludering-2\" data-post-id=\"154670\"  data-localized=\"ajax_load_more_experience_items_vars\" data-alm-object=\"ajax_load_more_experience_items\"><ul aria-live=\"polite\" aria-atomic=\"true\" class=\"alm-listing alm-ajax\" data-container-type=\"ul\" data-loading-style=\"default\" data-repeater=\"template_1\" data-post-type=\"trip\" data-meta-key=\"show_trip_tile\" data-meta-value=\"1\" data-custom-args=\"post_parent: 0\" data-order=\"ASC\" data-orderby=\"date\" data-offset=\"0\" data-posts-per-page=\"20\" data-lang=\"no\" data-scroll=\"false\" data-button-label=\"Load More\" data-prev-button-label=\"Load Previous\" data-destroy-after=\"1\"><\/ul><div class=\"alm-btn-wrap\" data-rel=\"ajax-load-more\"><button class=\"alm-load-more-btn\" type=\"button\">Load More<\/button><\/div><\/div>[\/et_pb_text][\/et_pb_column][\/et_pb_row][\/et_pb_section]<\/p>\n","protected":false},"excerpt":{"rendered":"<p><div class=\"trip-overlay\"><div class=\"trip-title\"><h1>Turfliser med tittel \u2013 kun cruise<\/h1><\/div><\/div>VACAYA er det MEST inkluderende LHBT+-ferieselskapet p\u00e5 planeten!VACAYA er ikke bare ditt gjennomsnittlige ferieselskap. Vi er den ultimate forkjemperen for inkludering, og setter standarden h\u00f8yt for \u00e5 f\u00e5 alle til \u00e5 f\u00f8le seg verdsatt og omfavnet. VACAYA har satt en helt ny standard for mangfold, og \u00f8nsker alle seksuelle orienteringer og kj\u00f8nnsidentiteter velkommen. I motsetning [&hellip;]<\/p>\n","protected":false},"author":4,"featured_media":0,"parent":43537,"menu_order":0,"comment_status":"closed","ping_status":"closed","template":"","meta":{"_acf_changed":false,"_et_pb_use_builder":"on","_et_pb_old_content":"","_et_gb_content_width":"","_monsterinsights_skip_tracking":false,"_monsterinsights_sitenote_active":false,"_monsterinsights_sitenote_note":"","_monsterinsights_sitenote_category":0,"footnotes":""},"class_list":["post-154670","page","type-page","status-publish","hentry"],"acf":[],"_links":{"self":[{"href":"https:\/\/www.myvacaya.com\/no\/wp-json\/wp\/v2\/pages\/154670","targetHints":{"allow":["GET"]}}],"collection":[{"href":"https:\/\/www.myvacaya.com\/no\/wp-json\/wp\/v2\/pages"}],"about":[{"href":"https:\/\/www.myvacaya.com\/no\/wp-json\/wp\/v2\/types\/page"}],"author":[{"embeddable":true,"href":"https:\/\/www.myvacaya.com\/no\/wp-json\/wp\/v2\/users\/4"}],"replies":[{"embeddable":true,"href":"https:\/\/www.myvacaya.com\/no\/wp-json\/wp\/v2\/comments?post=154670"}],"version-history":[{"count":14,"href":"https:\/\/www.myvacaya.com\/no\/wp-json\/wp\/v2\/pages\/154670\/revisions"}],"predecessor-version":[{"id":154819,"href":"https:\/\/www.myvacaya.com\/no\/wp-json\/wp\/v2\/pages\/154670\/revisions\/154819"}],"up":[{"embeddable":true,"href":"https:\/\/www.myvacaya.com\/no\/wp-json\/wp\/v2\/pages\/43537"}],"wp:attachment":[{"href":"https:\/\/www.myvacaya.com\/no\/wp-json\/wp\/v2\/media?parent=154670"}],"curies":[{"name":"wp","href":"https:\/\/api.w.org\/{rel}","templated":true}]}}