{"id":154595,"date":"2024-06-15T05:04:58","date_gmt":"2024-06-15T09:04:58","guid":{"rendered":"https:\/\/www.myvacaya.com\/retningslinjer-for-dannelse-av-private-sosiale-grupper\/"},"modified":"2024-06-15T05:05:18","modified_gmt":"2024-06-15T09:05:18","slug":"retningslinjer-for-dannelse-av-private-sosiale-grupper","status":"publish","type":"page","link":"https:\/\/www.myvacaya.com\/no\/retningslinjer-for-dannelse-av-private-sosiale-grupper\/","title":{"rendered":"Retningslinjer for dannelse av private sosiale grupper"},"content":{"rendered":"<p style=\"font-weight: 400;\"><strong>Privat sosial gruppedannelse  <\/strong><\/p>\n<p style=\"font-weight: 400;\">Selv om vi tror at <a href=\"https:\/\/www.facebook.com\/groups\/238279406908419\/\" target=\"_blank\" rel=\"noopener\"><strong>VACAYA LGBTQ+ Super Fan Group<\/strong><\/a> er et ideelt utl\u00f8p for diskusjon og samfunnsbygging, er vi klar over at noen av dere fortsatt vil ha lyst til \u00e5 koble seg til private sosiale grupper. Det er forst\u00e5elig. Det er imidlertid et par ting du b\u00f8r vurdere (utover kompleksiteten vi har lagt ut i v\u00e5r Moving Away From Facebook-blogg) som vil hjelpe deg \u00e5 holde deg i god anseelse hos VACAYA hvis du velger \u00e5 starte din egen sosiale gruppe:<\/p>\n<ul style=\"font-weight: 400;\">\n<li>Det er klart vi er begeistret over \u00e5 ha entusiastiske fans, og vi vil s\u00f8rge for at alle nyter tiden i samfunnet. For \u00e5 holde ting gjennomsiktig, vennligst inkluder f\u00f8lgende i gruppebiografien din: <strong><em>&laquo;Denne gruppen er ikke tilknyttet VACAYA. Eventuelle synspunkter inneholdt her representerer ikke synspunktene til selskapet.&raquo;<\/em><\/strong><\/li>\n<li>Ikke bruk ikoner (for eksempel \u2705) som kan villede folk til \u00e5 tro at du offisielt representerer VACAYA.<\/li>\n<li>Ikke bruk VACAYA-varemerker, inkludert men ikke begrenset til navnet &laquo;VACAYA&raquo;, VACAYA-logoen eller andre tilknyttede merkevareelementer i tittelen, beskrivelsen eller bildene av gruppen. Denne policyen gjelder for alle former for sosiale medier og nettsamfunn.<\/li>\n<\/ul>\n<p>&nbsp;<\/p>\n<p style=\"font-weight: 400;\"><strong>\u00c5rsakene til denne politikken<\/strong><\/p>\n<ul style=\"font-weight: 400;\">\n<li><strong>Merkeintegritet og konsistens:<\/strong> VACAYA-merket lover kvalitet, inkludering og unike LHBTQ+ reiseopplevelser. Uautorisert varemerkebruk kan skape inkonsekvenser og villede folk, s\u00e5 vi tar sikte p\u00e5 \u00e5 sikre en klar og konsekvent forst\u00e5else av v\u00e5r merkevare og verdier.<\/li>\n<li><strong>Juridiske hensyn:<\/strong> Uautorisert bruk av varemerker kan f\u00f8re til juridiske problemer. Denne policyen er p\u00e5 plass for \u00e5 beskytte b\u00e5de VACAYA og dets gjester mot eventuelle juridiske komplikasjoner knyttet til immaterielle rettigheter.<\/li>\n<li><strong>Kundeopplevelse:<\/strong> Ved \u00e5 sikre at all offisiell kommunikasjon og fellesskap administreres av VACAYA, kan vi tilby en konsistent kundeopplevelse av h\u00f8y kvalitet. P\u00e5 denne m\u00e5ten f\u00e5r gjestene n\u00f8yaktig informasjon og st\u00f8tte direkte fra The V Team, og sikrer at behov blir dekket effektivt.<\/li>\n<\/ul>\n<p>&nbsp;<\/p>\n<p style=\"font-weight: 400;\"><strong>Forslag til personlige gruppetitler<\/strong><\/p>\n<p style=\"font-weight: 400;\">Mens gjester oppfordres til \u00e5 komme i kontakt med andre reisende, m\u00e5 de gj\u00f8re det uten \u00e5 bruke VACAYA-navnet. Her er noen alternative forslag for \u00e5 navngi personlige grupper:<\/p>\n<ul style=\"font-weight: 400;\">\n<li>&laquo;Queer Travel Buddies&raquo;<\/li>\n<li>&laquo;Rainbow Voyagers&raquo;<\/li>\n<li>\u201c2025 Caribbean Cruise Group \u2013 Cruise Datoer\u201d<\/li>\n<li>\u201cGay men&#8217;s Cruisers Group\u201d<\/li>\n<\/ul>\n<p style=\"font-weight: 400;\">Disse titlene lar folk lage meningsfulle og identifiserbare grupper uten \u00e5 krenke VACAYAs varemerker. Ved \u00e5 respektere disse retningslinjene bidrar gjestene til \u00e5 beskytte integriteten til VACAYA-merket og bidra til en positiv, enhetlig fellesskapsopplevelse.<\/p>\n<p>&nbsp;<\/p>\n<p style=\"font-weight: 400;\"><strong>Gjennomf\u00f8ring<\/strong><\/p>\n<ol style=\"font-weight: 400;\">\n<li><strong>Kommunikasjon<\/strong> : Denne policyen vil bli formidlet til alle gjester gjennom v\u00e5re sosiale medier, nettsider og annen gjestekommunikasjon.<\/li>\n<li><strong>Overv\u00e5king<\/strong> : VACAYA vil overv\u00e5ke sosiale medieplattformer og nettsamfunn for \u00e5 sikre samsvar med v\u00e5re uttalte retningslinjer.<\/li>\n<li><strong>H\u00e5ndhevelse<\/strong> : Grupper funnet i strid med disse retningslinjene vil bli bedt om \u00e5 endre navn og\/eller fjerne eventuelle VACAYA-varemerker. Manglende overholdelse kan f\u00f8re til rettslige skritt.<\/li>\n<\/ol>\n<p style=\"font-weight: 400;\">Ved \u00e5 f\u00f8lge denne policyen st\u00f8tter du den fortsatte suksessen og integriteten til VACAYA, og sikrer en klar, sammenhengende opplevelse av h\u00f8y kvalitet for alle.<\/p>\n<p style=\"font-weight: 400;\">Hvis du har sp\u00f8rsm\u00e5l ang\u00e5ende disse retningslinjene eller \u00f8nsker at vi skal vurdere en avgj\u00f8relse, send en e-post <a href=\"mailto:marketing@myvacaya.com\" target=\"_blank\" rel=\"noopener\">til marketing@myvacaya.com<\/a> , s\u00e5 kommer vi tilbake til deg s\u00e5 raskt som mulig.<\/p>\n","protected":false},"excerpt":{"rendered":"<p>Privat sosial gruppedannelse Selv om vi tror at VACAYA LGBTQ+ Super Fan Group er et ideelt utl\u00f8p for diskusjon og samfunnsbygging, er vi klar over at noen av dere fortsatt vil ha lyst til \u00e5 koble seg til private sosiale grupper. Det er forst\u00e5elig. Det er imidlertid et par ting du b\u00f8r vurdere (utover kompleksiteten [&hellip;]<\/p>\n","protected":false},"author":4,"featured_media":0,"parent":0,"menu_order":0,"comment_status":"closed","ping_status":"closed","template":"","meta":{"_acf_changed":false,"_et_pb_use_builder":"","_et_pb_old_content":"","_et_gb_content_width":"","_monsterinsights_skip_tracking":false,"_monsterinsights_sitenote_active":false,"_monsterinsights_sitenote_note":"","_monsterinsights_sitenote_category":0,"footnotes":""},"class_list":["post-154595","page","type-page","status-publish","hentry"],"acf":[],"_links":{"self":[{"href":"https:\/\/www.myvacaya.com\/no\/wp-json\/wp\/v2\/pages\/154595","targetHints":{"allow":["GET"]}}],"collection":[{"href":"https:\/\/www.myvacaya.com\/no\/wp-json\/wp\/v2\/pages"}],"about":[{"href":"https:\/\/www.myvacaya.com\/no\/wp-json\/wp\/v2\/types\/page"}],"author":[{"embeddable":true,"href":"https:\/\/www.myvacaya.com\/no\/wp-json\/wp\/v2\/users\/4"}],"replies":[{"embeddable":true,"href":"https:\/\/www.myvacaya.com\/no\/wp-json\/wp\/v2\/comments?post=154595"}],"version-history":[{"count":1,"href":"https:\/\/www.myvacaya.com\/no\/wp-json\/wp\/v2\/pages\/154595\/revisions"}],"predecessor-version":[{"id":154610,"href":"https:\/\/www.myvacaya.com\/no\/wp-json\/wp\/v2\/pages\/154595\/revisions\/154610"}],"wp:attachment":[{"href":"https:\/\/www.myvacaya.com\/no\/wp-json\/wp\/v2\/media?parent=154595"}],"curies":[{"name":"wp","href":"https:\/\/api.w.org\/{rel}","templated":true}]}}