{"id":154669,"date":"2024-06-15T05:09:37","date_gmt":"2024-06-15T09:09:37","guid":{"rendered":"https:\/\/www.myvacaya.com\/scoprire\/inclusivita-lgbt\/"},"modified":"2024-06-15T05:33:43","modified_gmt":"2024-06-15T09:33:43","slug":"inclusivita-lgbt-2","status":"publish","type":"page","link":"https:\/\/www.myvacaya.com\/it\/scoprire\/inclusivita-lgbt-2\/","title":{"rendered":"Inclusivit\u00e0 LGBT+"},"content":{"rendered":"<p>[et_pb_section fb_built=&#8221;1&#8243; fullwidth=&#8221;on&#8221; admin_label=&#8221;Slider&#8221; module_id=&#8221;cursore-sezione-interno&#8221; _builder_version=&#8221;4.17.6&#8243; _module_preset=&#8221;default&#8221; background_enable_image=&#8221;off&#8221; global_colors_info=&#8221;{}&#8221;][et_pb_fullwidth_code admin_label=&#8221;Slider Overlay&#8221; module_class=&#8221;interior-page-overlay&#8221; _builder_version=&#8221;4.17.6&#8243; _module_preset=&#8221;default&#8221; positioning=&#8221;absolute&#8221; position_origin_a=&#8221;top_right&#8221; position_origin_f=&#8221;top_right&#8221; z_index=&#8221;100&#8243; width=&#8221;50%&#8221; width_tablet=&#8221;50%&#8221; width_phone=&#8221;100%&#8221; width_last_edited=&#8221;on|phone&#8221; height=&#8221;100vh&#8221; global_colors_info=&#8221;{}&#8221;]<div class=\"trip-overlay\"><div class=\"trip-title\"><h1>Inclusivit\u00e0 LGBT+<\/h1><\/div><\/div>[\/et_pb_fullwidth_code][et_pb_fullwidth_slider show_arrows=&#8221;off&#8221; admin_label=&#8221;Slider Images&#8221; module_id=&#8221;slider-images&#8221; _builder_version=&#8221;4.23.4&#8243; _module_preset=&#8221;default&#8221; height=&#8221;100vh&#8221; auto=&#8221;on&#8221; global_colors_info=&#8221;{}&#8221;][et_pb_slide _builder_version=&#8221;4.23.4&#8243; _module_preset=&#8221;default&#8221; background_color=&#8221;RGBA(255,255,255,0)&#8221; background_enable_color=&#8221;on&#8221; background_image=&#8221;https:\/\/www.myvacaya.com\/wp-content\/uploads\/2024\/04\/Hero-Desktop-LGBT-Inclusivity.jpg&#8221; background_enable_image=&#8221;on&#8221; background_last_edited=&#8221;on|phone&#8221; background_image_phone=&#8221;https:\/\/www.myvacaya.com\/wp-content\/uploads\/2024\/04\/Hero-mobile-LGBT-Inclusivity.jpg&#8221; background_enable_image_phone=&#8221;on&#8221; global_colors_info=&#8221;{}&#8221; sticky_transition=&#8221;on&#8221;][\/et_pb_slide][\/et_pb_fullwidth_slider][\/et_pb_section][et_pb_section fb_built=&#8221;1&#8243; custom_padding_last_edited=&#8221;on|desktop&#8221; _builder_version=&#8221;4.23.4&#8243; _module_preset=&#8221;default&#8221; custom_padding=&#8221;||||false|false&#8221; custom_padding_tablet=&#8221;||||false|false&#8221; custom_padding_phone=&#8221;||||false|false&#8221; global_colors_info=&#8221;{}&#8221;][et_pb_row _builder_version=&#8221;4.17.6&#8243; _module_preset=&#8221;default&#8221; custom_padding=&#8221;||0%||false|false&#8221; global_colors_info=&#8221;{}&#8221;][et_pb_column type=&#8221;4_4&#8243; _builder_version=&#8221;4.17.6&#8243; _module_preset=&#8221;default&#8221; global_colors_info=&#8221;{}&#8221;][et_pb_text admin_label=&#8221;Section Title &#8211; H3&#8243; _builder_version=&#8221;4.23.4&#8243; _module_preset=&#8221;default&#8221; header_3_font=&#8221;Futura Bold|||on|||||&#8221; header_3_text_align=&#8221;center&#8221; header_3_text_color=&#8221;#000000&#8243; header_3_font_size=&#8221;18px&#8221; header_3_letter_spacing=&#8221;1.8px&#8221; header_3_line_height=&#8221;24px&#8221; custom_margin=&#8221;||||false|false&#8221; custom_margin_tablet=&#8221;||||false|false&#8221; custom_margin_phone=&#8221;||||false|false&#8221; custom_margin_last_edited=&#8221;on|phone&#8221; custom_padding=&#8221;||||false|false&#8221; global_colors_info=&#8221;{}&#8221;]<\/p>\n<h3>VACAYA \u00e8 l&#8217;azienda di vacanze LGBT+ PI\u00d9 inclusiva del pianeta!<\/h3>\n<p>[\/et_pb_text][et_pb_text _builder_version=&#8221;4.23.4&#8243; _module_preset=&#8221;default&#8221; global_colors_info=&#8221;{}&#8221;]<\/p>\n<p>VACAYA non \u00e8 solo la tua compagnia di vacanze media. Siamo i massimi campioni dell&#8217;inclusivit\u00e0, fissando il livello pi\u00f9 alto per far sentire tutti apprezzati e abbracciati. VACAYA ha stabilito uno standard completamente nuovo per la diversit\u00e0, accogliendo tutti gli orientamenti sessuali e le identit\u00e0 di genere.<\/p>\n<p>A differenza di altre aziende, l&#8217;impegno di VACAYA per l&#8217;inclusivit\u00e0 non \u00e8 solo una casella di controllo: \u00e8 radicato in ogni aspetto della nostra attivit\u00e0. Tutto inizia con le aziende con cui scegliamo di collaborare e i membri del team che assumiamo. I loro cuori e le loro menti sono allineati con la missione di VACAYA e riflettono la diversit\u00e0 della nostra comunit\u00e0 in quasi ogni modo.<\/p>\n<p>Ma il nostro impegno va ben oltre la mera rappresentazione; si tratta di creare connessioni autentiche, favorire la comprensione e celebrare il bellissimo arazzo dell&#8217;umanit\u00e0. Raggiungiamo questo obiettivo sviluppando una programmazione che soddisfi uno spettro completo di orientamenti e identit\u00e0. VACAYA garantisce che ogni viaggiatore, indipendentemente da chi ama o da come si identifica, trovi uno spazio in cui pu\u00f2 essere se stesso autentico. Una volta formati questi legami iniziali, VACAYA riunisce gruppi che la pensano allo stesso modo in celebrazioni pi\u00f9 ampie durante le vacanze.<\/p>\n<p>Quando ci riferiamo a &#8220;persone che la pensano allo stesso modo&#8221;, non stiamo suggerendo che tutti durante le nostre vacanze debbano sottoscrivere UN UNICO insieme di convinzioni. Ma se credi <em>che l&#8217;amore sia amore<\/em> e lasci spazio a punti di vista diversi, allora VACAYA fa per te!<\/p>\n<p>In un mondo in cui l&#8217;inclusivit\u00e0 \u00e8 fondamentale, VACAYA brilla come un faro di accettazione, rendendo la tua vacanza un&#8217;esperienza trasformativa a cui <em>tutti<\/em> appartengono. Quindi, che tu stia andando in spiaggia con il tuo partner, il tuo equipaggio o volando da solo, VACAYA ti copre le spalle. Con VACAYA, non stai solo prenotando una vacanza, ma ti unisci a una famiglia che si occupa di diffondere amore e buon umore ovunque andiamo!<\/p>\n<p>Ma non crederci sulla parola&#8230;<\/p>\n<p>[\/et_pb_text][\/et_pb_column][\/et_pb_row][et_pb_row _builder_version=&#8221;4.17.6&#8243; _module_preset=&#8221;default&#8221; custom_padding=&#8221;||0%||false|false&#8221; global_colors_info=&#8221;{}&#8221;][et_pb_column type=&#8221;4_4&#8243; _builder_version=&#8221;4.17.6&#8243; _module_preset=&#8221;default&#8221; global_colors_info=&#8221;{}&#8221;][et_pb_text admin_label=&#8221;Section Title &#8211; H3&#8243; _builder_version=&#8221;4.23.4&#8243; _module_preset=&#8221;default&#8221; header_3_font=&#8221;Futura Bold|||on|||||&#8221; header_3_text_align=&#8221;center&#8221; header_3_text_color=&#8221;#000000&#8243; header_3_font_size=&#8221;18px&#8221; header_3_letter_spacing=&#8221;1.8px&#8221; header_3_line_height=&#8221;24px&#8221; custom_margin=&#8221;||||false|false&#8221; custom_margin_tablet=&#8221;||||false|false&#8221; custom_margin_phone=&#8221;||||false|false&#8221; custom_margin_last_edited=&#8221;on|phone&#8221; custom_padding=&#8221;||||false|false&#8221; global_colors_info=&#8221;{}&#8221;]<\/p>\n<h3>Scopri cosa dicono le persone di VACAYA<\/h3>\n<p>[\/et_pb_text][\/et_pb_column][\/et_pb_row][et_pb_row custom_padding_last_edited=&#8221;on|desktop&#8221; _builder_version=&#8221;4.17.6&#8243; _module_preset=&#8221;default&#8221; custom_padding=&#8221;||0%||false|false&#8221; custom_padding_tablet=&#8221;&#8221; custom_padding_phone=&#8221;||||false|false&#8221; global_colors_info=&#8221;{}&#8221;][et_pb_column type=&#8221;4_4&#8243; _builder_version=&#8221;4.17.4&#8243; _module_preset=&#8221;default&#8221; global_colors_info=&#8221;{}&#8221;][et_pb_text _builder_version=&#8221;4.23.4&#8243; _module_preset=&#8221;default&#8221; global_colors_info=&#8221;{}&#8221;]<\/p>\n<p>&nbsp;<\/p>\n<p><strong>INCONTRA CHRISTOPH \u2013 Si identifica come Lui\/Lui<\/strong><br \/><em>\u201cNon si tratta solo di cibo e bevande inclusivi, ma di comunit\u00e0 inclusiva\u201d<\/em><\/p>\n<p>[\/et_pb_text][et_pb_image src=&#8221;https:\/\/www.myvacaya.com\/wp-content\/uploads\/2024\/04\/Most-Inclusive-Company-Video-Thumbnail-Christoph.jpg&#8221; title_text=&#8221;Miniatura video aziendale pi\u00f9 inclusiva &#8211; Christoph&#8221; show_bottom_space=&#8221;off&#8221; force_fullwidth=&#8221;on&#8221; admin_label=&#8221;Video Thumbnail&#8221; module_class=&#8221;popmake-149174&#8243; _builder_version=&#8221;4.23.4&#8243; _module_preset=&#8221;default&#8221; scroll_fade_enable=&#8221;on&#8221; global_colors_info=&#8221;{}&#8221;][\/et_pb_image][\/et_pb_column][\/et_pb_row][et_pb_row custom_padding_last_edited=&#8221;on|desktop&#8221; _builder_version=&#8221;4.17.6&#8243; _module_preset=&#8221;default&#8221; custom_padding=&#8221;||0%||false|false&#8221; custom_padding_tablet=&#8221;&#8221; custom_padding_phone=&#8221;||||false|false&#8221; global_colors_info=&#8221;{}&#8221;][et_pb_column type=&#8221;4_4&#8243; _builder_version=&#8221;4.17.4&#8243; _module_preset=&#8221;default&#8221; global_colors_info=&#8221;{}&#8221;][et_pb_text _builder_version=&#8221;4.23.4&#8243; _module_preset=&#8221;default&#8221; global_colors_info=&#8221;{}&#8221;]<\/p>\n<p>&nbsp;<\/p>\n<p>&nbsp;<\/p>\n<p><strong>INCONTRA JUDE \u2013 Si identifica come Loro\/Loro<\/strong><br \/><em>&#8220;Come Trans Man presso VACAYA, ho vissuto un passo rivoluzionario in termini di inclusione&#8230; ho stretto amicizia.&#8221;<\/em><\/p>\n<p>[\/et_pb_text][et_pb_image src=&#8221;https:\/\/www.myvacaya.com\/wp-content\/uploads\/2024\/04\/Most-Inclusive-Company-Video-Thumbnail-Jude.jpg&#8221; title_text=&#8221;Miniatura del video aziendale pi\u00f9 inclusivo &#8211; Jude&#8221; show_bottom_space=&#8221;off&#8221; force_fullwidth=&#8221;on&#8221; admin_label=&#8221;Video Thumbnail&#8221; module_class=&#8221;popmake-149200&#8243; _builder_version=&#8221;4.23.4&#8243; _module_preset=&#8221;default&#8221; scroll_fade_enable=&#8221;on&#8221; global_colors_info=&#8221;{}&#8221;][\/et_pb_image][\/et_pb_column][\/et_pb_row][et_pb_row custom_padding_last_edited=&#8221;on|desktop&#8221; _builder_version=&#8221;4.17.6&#8243; _module_preset=&#8221;default&#8221; custom_padding=&#8221;||0%||false|false&#8221; custom_padding_tablet=&#8221;&#8221; custom_padding_phone=&#8221;||||false|false&#8221; global_colors_info=&#8221;{}&#8221;][et_pb_column type=&#8221;4_4&#8243; _builder_version=&#8221;4.17.4&#8243; _module_preset=&#8221;default&#8221; global_colors_info=&#8221;{}&#8221;][et_pb_text _builder_version=&#8221;4.23.4&#8243; _module_preset=&#8221;default&#8221; global_colors_info=&#8221;{}&#8221;]<\/p>\n<p>&nbsp;<\/p>\n<p>&nbsp;<\/p>\n<p><strong>INCONTRA ALLYSE \u2013 Si identifica come Lei\/Lei<\/strong><br \/><em>&#8220;VACAYA soddisfa i veri bisogni di tutti nella comunit\u00e0 LGBTQ&#8230; dove possiamo rilassarci, ricaricarci e avere conversazioni profonde e significative.&#8221;<\/em><\/p>\n<p>[\/et_pb_text][et_pb_image src=&#8221;https:\/\/www.myvacaya.com\/wp-content\/uploads\/2024\/04\/Most-Inclusive-Company-Video-Thumbnail-Alysse.jpg&#8221; title_text=&#8221;Miniatura video aziendale pi\u00f9 inclusiva &#8211; Alysse&#8221; show_bottom_space=&#8221;off&#8221; force_fullwidth=&#8221;on&#8221; admin_label=&#8221;Video Thumbnail&#8221; module_class=&#8221;popmake-149226&#8243; _builder_version=&#8221;4.23.4&#8243; _module_preset=&#8221;default&#8221; scroll_fade_enable=&#8221;on&#8221; global_colors_info=&#8221;{}&#8221;][\/et_pb_image][\/et_pb_column][\/et_pb_row][et_pb_row _builder_version=&#8221;4.17.6&#8243; _module_preset=&#8221;default&#8221; custom_padding=&#8221;||0%||false|false&#8221; global_colors_info=&#8221;{}&#8221;][et_pb_column type=&#8221;4_4&#8243; _builder_version=&#8221;4.17.6&#8243; _module_preset=&#8221;default&#8221; global_colors_info=&#8221;{}&#8221;][et_pb_text admin_label=&#8221;Section Title &#8211; H3&#8243; _builder_version=&#8221;4.23.4&#8243; _module_preset=&#8221;default&#8221; header_3_font=&#8221;Futura Bold|||on|||||&#8221; header_3_text_align=&#8221;center&#8221; header_3_text_color=&#8221;#000000&#8243; header_3_font_size=&#8221;18px&#8221; header_3_letter_spacing=&#8221;1.8px&#8221; header_3_line_height=&#8221;24px&#8221; custom_margin=&#8221;||||false|false&#8221; custom_margin_tablet=&#8221;||||false|false&#8221; custom_margin_phone=&#8221;||||false|false&#8221; custom_margin_last_edited=&#8221;on|phone&#8221; custom_padding=&#8221;||||false|false&#8221; global_colors_info=&#8221;{}&#8221;]<\/p>\n<h3> <\/h3>\n<h3> <\/h3>\n<h3> <\/h3>\n<h3>Scopri cosa dicono i media su VACAYA<\/h3>\n<p>[\/et_pb_text][\/et_pb_column][\/et_pb_row][et_pb_row custom_padding_last_edited=&#8221;on|desktop&#8221; _builder_version=&#8221;4.17.6&#8243; _module_preset=&#8221;default&#8221; custom_padding=&#8221;||0%||false|false&#8221; custom_padding_tablet=&#8221;&#8221; custom_padding_phone=&#8221;||||false|false&#8221; global_colors_info=&#8221;{}&#8221;][et_pb_column type=&#8221;4_4&#8243; _builder_version=&#8221;4.17.4&#8243; _module_preset=&#8221;default&#8221; global_colors_info=&#8221;{}&#8221;][et_pb_text _builder_version=&#8221;4.23.4&#8243; _module_preset=&#8221;default&#8221; global_colors_info=&#8221;{}&#8221;]<\/p>\n<p>&nbsp;<\/p>\n<p><strong>IVAN QUINTANILLA \u2013 EDGE Media \u2013 Si identifica come Lui\/Lui<\/strong><br \/><em>\u201cSi pu\u00f2 dipingere con tutti i colori del vento? Bene, si scopre che VACAYA pu\u00f2! \u2026Anche con l\u2019ampia programmazione che VACAYA crea per tutti i colori del nostro spettro LGBTQIAPK, \u00e8 la gentilezza della comunit\u00e0 VACAYA che si rivela la loro pi\u00f9 grande risorsa.\u201d<\/em><\/p>\n<p>[\/et_pb_text][et_pb_image src=&#8221;https:\/\/www.myvacaya.com\/wp-content\/uploads\/2024\/04\/Most-Inclusive-Company-Video-Thumbnail-Ivan-from-EDGE-Media.jpg&#8221; title_text=&#8221;Miniatura video aziendale pi\u00f9 inclusiva: Ivan di EDGE Media&#8221; show_bottom_space=&#8221;off&#8221; force_fullwidth=&#8221;on&#8221; admin_label=&#8221;Video Thumbnail&#8221; module_class=&#8221;popmake-149252&#8243; _builder_version=&#8221;4.23.4&#8243; _module_preset=&#8221;default&#8221; scroll_fade_enable=&#8221;on&#8221; global_colors_info=&#8221;{}&#8221;][\/et_pb_image][et_pb_text _builder_version=&#8221;4.23.4&#8243; _module_preset=&#8221;default&#8221; global_colors_info=&#8221;{}&#8221;]<\/p>\n<p>&nbsp;<\/p>\n<p style=\"text-align: center;\"><a class=\"btn-pink-inline\" href=\"https:\/\/www.edgemedianetwork.com\/story\/332322\" target=\"_blank\" rel=\"noopener\"><span class=\"btn-inside\">LEGGI LA RECENSIONE COMPLETA<\/span><\/a><\/p>\n<p>[\/et_pb_text][\/et_pb_column][\/et_pb_row][et_pb_row custom_padding_last_edited=&#8221;on|desktop&#8221; _builder_version=&#8221;4.17.6&#8243; _module_preset=&#8221;default&#8221; custom_padding=&#8221;||0%||false|false&#8221; custom_padding_tablet=&#8221;&#8221; custom_padding_phone=&#8221;||||false|false&#8221; global_colors_info=&#8221;{}&#8221;][et_pb_column type=&#8221;4_4&#8243; _builder_version=&#8221;4.17.4&#8243; _module_preset=&#8221;default&#8221; global_colors_info=&#8221;{}&#8221;][et_pb_text _builder_version=&#8221;4.23.4&#8243; _module_preset=&#8221;default&#8221; global_colors_info=&#8221;{}&#8221;]<\/p>\n<p>&nbsp;<\/p>\n<p>Che tu stia cercando una fuga sulla spiaggia piena di sole, una fuga romantica o una spedizione piena di divertimento, VACAYA \u00e8 il tuo compagno di viaggio esperto. Unisciti a noi nella creazione di ricordi che trascendono i confini, ridefiniscono le vacanze e favoriscono connessioni che durano tutta la vita. La tua vacanza da sogno ti aspetta: vieni, rendiamola straordinaria insieme!<\/p>\n<p>[\/et_pb_text][\/et_pb_column][\/et_pb_row][\/et_pb_section][et_pb_section fb_built=&#8221;1&#8243; admin_label=&#8221;Blog Trip Tiles&#8221; _builder_version=&#8221;4.17.6&#8243; _module_preset=&#8221;default&#8221; global_colors_info=&#8221;{}&#8221;][et_pb_row _builder_version=&#8221;4.23.4&#8243; _module_preset=&#8221;default&#8221; global_colors_info=&#8221;{}&#8221;][et_pb_column type=&#8221;4_4&#8243; _builder_version=&#8221;4.17.6&#8243; _module_preset=&#8221;default&#8221; global_colors_info=&#8221;{}&#8221;][et_pb_divider color=&#8221;#000000&#8243; divider_position=&#8221;center&#8221; _builder_version=&#8221;4.17.6&#8243; _module_preset=&#8221;default&#8221; global_colors_info=&#8221;{}&#8221;][\/et_pb_divider][\/et_pb_column][\/et_pb_row][et_pb_row _builder_version=&#8221;4.17.6&#8243; _module_preset=&#8221;default&#8221; global_colors_info=&#8221;{}&#8221;][et_pb_column type=&#8221;4_4&#8243; _builder_version=&#8221;4.17.6&#8243; _module_preset=&#8221;default&#8221; global_colors_info=&#8221;{}&#8221;][et_pb_text admin_label=&#8221;Section Title &#8211; H3&#8243; _builder_version=&#8221;4.23.4&#8243; _module_preset=&#8221;default&#8221; header_3_font=&#8221;Futura Bold|||on|||||&#8221; header_3_text_align=&#8221;center&#8221; header_3_text_color=&#8221;#000000&#8243; header_3_font_size=&#8221;18px&#8221; header_3_letter_spacing=&#8221;1.8px&#8221; header_3_line_height=&#8221;24px&#8221; custom_margin=&#8221;||||false|false&#8221; custom_margin_tablet=&#8221;||||false|false&#8221; custom_margin_phone=&#8221;||||false|false&#8221; custom_margin_last_edited=&#8221;on|phone&#8221; custom_padding=&#8221;||||false|false&#8221; global_colors_info=&#8221;{}&#8221;]<\/p>\n<h3>ALLORA COSA STAI ASPETTANDO?  <\/p>\n<p>SCOPRI LE VACANZE LGBT+ PI\u00d9 INCLUSIVE DEL PIANETA!<\/h3>\n<p>[\/et_pb_text][\/et_pb_column][\/et_pb_row][et_pb_row _builder_version=&#8221;4.17.6&#8243; _module_preset=&#8221;default&#8221; global_colors_info=&#8221;{}&#8221;][et_pb_column type=&#8221;4_4&#8243; _builder_version=&#8221;4.17.6&#8243; _module_preset=&#8221;default&#8221; global_colors_info=&#8221;{}&#8221;][et_pb_text _builder_version=&#8221;4.17.6&#8243; _module_preset=&#8221;default&#8221; global_colors_info=&#8221;{}&#8221;]<div id=\"ajax-load-more\" class=\"ajax-load-more-wrap default\" data-id=\"experience-items\" data-alm-id=\"\" data-canonical-url=\"https:\/\/www.myvacaya.com\/it\/scoprire\/inclusivita-lgbt-2\/\" data-slug=\"inclusivita-lgbt-2\" data-post-id=\"154669\"  data-localized=\"ajax_load_more_experience_items_vars\" data-alm-object=\"ajax_load_more_experience_items\"><ul aria-live=\"polite\" aria-atomic=\"true\" class=\"alm-listing alm-ajax\" data-container-type=\"ul\" data-loading-style=\"default\" data-repeater=\"template_1\" data-post-type=\"trip\" data-meta-key=\"show_trip_tile\" data-meta-value=\"1\" data-custom-args=\"post_parent: 0\" data-order=\"ASC\" data-orderby=\"date\" data-offset=\"0\" data-posts-per-page=\"20\" data-lang=\"it\" data-scroll=\"false\" data-button-label=\"Load More\" data-prev-button-label=\"Load Previous\" data-destroy-after=\"1\"><\/ul><div class=\"alm-btn-wrap\" data-rel=\"ajax-load-more\"><button class=\"alm-load-more-btn\" type=\"button\">Load More<\/button><\/div><\/div>[\/et_pb_text][\/et_pb_column][\/et_pb_row][\/et_pb_section]<\/p>\n","protected":false},"excerpt":{"rendered":"<p><div class=\"trip-overlay\"><div class=\"trip-title\"><h1>Tessere viaggio con titolo &#8211; Solo crociere<\/h1><\/div><\/div>VACAYA \u00e8 l&#8217;azienda di vacanze LGBT+ PI\u00d9 inclusiva del pianeta!VACAYA non \u00e8 solo la tua compagnia di vacanze media. Siamo i massimi campioni dell&#8217;inclusivit\u00e0, fissando il livello pi\u00f9 alto per far sentire tutti apprezzati e abbracciati. VACAYA ha stabilito uno standard completamente nuovo per la diversit\u00e0, accogliendo tutti gli orientamenti sessuali e le identit\u00e0 di [&hellip;]<\/p>\n","protected":false},"author":4,"featured_media":0,"parent":118679,"menu_order":0,"comment_status":"closed","ping_status":"closed","template":"","meta":{"_acf_changed":false,"_et_pb_use_builder":"on","_et_pb_old_content":"","_et_gb_content_width":"","_monsterinsights_skip_tracking":false,"_monsterinsights_sitenote_active":false,"_monsterinsights_sitenote_note":"","_monsterinsights_sitenote_category":0,"footnotes":""},"class_list":["post-154669","page","type-page","status-publish","hentry"],"acf":[],"_links":{"self":[{"href":"https:\/\/www.myvacaya.com\/it\/wp-json\/wp\/v2\/pages\/154669","targetHints":{"allow":["GET"]}}],"collection":[{"href":"https:\/\/www.myvacaya.com\/it\/wp-json\/wp\/v2\/pages"}],"about":[{"href":"https:\/\/www.myvacaya.com\/it\/wp-json\/wp\/v2\/types\/page"}],"author":[{"embeddable":true,"href":"https:\/\/www.myvacaya.com\/it\/wp-json\/wp\/v2\/users\/4"}],"replies":[{"embeddable":true,"href":"https:\/\/www.myvacaya.com\/it\/wp-json\/wp\/v2\/comments?post=154669"}],"version-history":[{"count":14,"href":"https:\/\/www.myvacaya.com\/it\/wp-json\/wp\/v2\/pages\/154669\/revisions"}],"predecessor-version":[{"id":154818,"href":"https:\/\/www.myvacaya.com\/it\/wp-json\/wp\/v2\/pages\/154669\/revisions\/154818"}],"up":[{"embeddable":true,"href":"https:\/\/www.myvacaya.com\/it\/wp-json\/wp\/v2\/pages\/118679"}],"wp:attachment":[{"href":"https:\/\/www.myvacaya.com\/it\/wp-json\/wp\/v2\/media?parent=154669"}],"curies":[{"name":"wp","href":"https:\/\/api.w.org\/{rel}","templated":true}]}}