{"id":149294,"date":"2024-04-01T10:29:25","date_gmt":"2024-04-01T14:29:25","guid":{"rendered":"https:\/\/www.myvacaya.com\/scoprire\/inclusivita-lgbt\/"},"modified":"2024-06-15T05:26:23","modified_gmt":"2024-06-15T09:26:23","slug":"inclusivita-lgbt","status":"publish","type":"page","link":"https:\/\/www.myvacaya.com\/it\/scoprire\/inclusivita-lgbt\/","title":{"rendered":"POLITICHE DI FORMAZIONE DI GRUPPI SOCIALI PRIVATI"},"content":{"rendered":"<p>[et_pb_section fb_built=&#8221;1&#8243; fullwidth=&#8221;on&#8221; admin_label=&#8221;Slider&#8221; module_id=&#8221;cursore-sezione-interno&#8221; _builder_version=&#8221;4.17.6&#8243; _module_preset=&#8221;default&#8221; background_enable_image=&#8221;off&#8221; global_colors_info=&#8221;{}&#8221;][et_pb_fullwidth_code admin_label=&#8221;Slider Overlay&#8221; module_class=&#8221;interior-page-overlay&#8221; _builder_version=&#8221;4.17.6&#8243; _module_preset=&#8221;default&#8221; positioning=&#8221;absolute&#8221; position_origin_a=&#8221;top_right&#8221; position_origin_f=&#8221;top_right&#8221; z_index=&#8221;100&#8243; width=&#8221;50%&#8221; width_tablet=&#8221;50%&#8221; width_phone=&#8221;100%&#8221; width_last_edited=&#8221;on|phone&#8221; height=&#8221;100vh&#8221; global_colors_info=&#8221;{}&#8221;]<div class=\"trip-overlay\"><div class=\"trip-title\"><h1>POLITICHE DI FORMAZIONE DI GRUPPI SOCIALI PRIVATI<\/h1><\/div><\/div>[\/et_pb_fullwidth_code][et_pb_fullwidth_slider show_arrows=&#8221;off&#8221; admin_label=&#8221;Slider Images&#8221; module_id=&#8221;slider-images&#8221; _builder_version=&#8221;4.23.4&#8243; _module_preset=&#8221;default&#8221; height=&#8221;100vh&#8221; auto=&#8221;on&#8221; global_colors_info=&#8221;{}&#8221;][et_pb_slide _builder_version=&#8221;4.23.4&#8243; _module_preset=&#8221;default&#8221; background_color=&#8221;RGBA(255,255,255,0)&#8221; background_enable_color=&#8221;on&#8221; background_image=&#8221;https:\/\/www.myvacaya.com\/wp-content\/uploads\/2024\/04\/Hero-Desktop-LGBT-Inclusivity.jpg&#8221; background_enable_image=&#8221;on&#8221; background_last_edited=&#8221;on|phone&#8221; background_image_phone=&#8221;https:\/\/www.myvacaya.com\/wp-content\/uploads\/2024\/04\/Hero-mobile-LGBT-Inclusivity.jpg&#8221; background_enable_image_phone=&#8221;on&#8221; global_colors_info=&#8221;{}&#8221; sticky_transition=&#8221;on&#8221;][\/et_pb_slide][\/et_pb_fullwidth_slider][\/et_pb_section][et_pb_section fb_built=&#8221;1&#8243; custom_padding_last_edited=&#8221;on|desktop&#8221; _builder_version=&#8221;4.23.4&#8243; _module_preset=&#8221;default&#8221; custom_padding=&#8221;||||false|false&#8221; custom_padding_tablet=&#8221;||||false|false&#8221; custom_padding_phone=&#8221;||||false|false&#8221; global_colors_info=&#8221;{}&#8221;][et_pb_row custom_padding_last_edited=&#8221;on|desktop&#8221; _builder_version=&#8221;4.17.6&#8243; _module_preset=&#8221;default&#8221; custom_padding=&#8221;||0%||false|false&#8221; custom_padding_tablet=&#8221;&#8221; custom_padding_phone=&#8221;||||false|false&#8221; global_colors_info=&#8221;{}&#8221;][et_pb_column type=&#8221;4_4&#8243; _builder_version=&#8221;4.17.4&#8243; _module_preset=&#8221;default&#8221; global_colors_info=&#8221;{}&#8221;][et_pb_text _builder_version=&#8221;4.23.4&#8243; _module_preset=&#8221;default&#8221; global_colors_info=&#8221;{}&#8221;]<\/p>\n<p style=\"font-weight: 400;\"><strong>Formazione di gruppi sociali privati  <\/strong><\/p>\n<p style=\"font-weight: 400;\">Anche se crediamo che il <a href=\"https:\/\/www.facebook.com\/groups\/238279406908419\/\" target=\"_blank\" rel=\"noopener\"><strong>VACAYA LGBTQ+ Super Fan Group<\/strong><\/a> sia uno sbocco ideale per la discussione e la costruzione di comunit\u00e0, riconosciamo che alcuni di voi potrebbero comunque voler connettersi nei propri gruppi sociali privati. \u00c8 comprensibile. Tuttavia, ci sono alcune cose che dovresti considerare (al di l\u00e0 delle complessit\u00e0 che abbiamo esposto nel nostro blog Allontanarsi da Facebook) che ti aiuteranno a rimanere in regola con VACAYA se scegli di lanciare il tuo gruppo social:<\/p>\n<ul style=\"font-weight: 400;\">\n<li>Ovviamente, siamo entusiasti di avere fan entusiasti e vogliamo assicurarci che tutti si divertano nella community. Per mantenere le cose trasparenti, includi quanto segue nella biografia del tuo gruppo: <strong><em>\u201cQuesto gruppo non \u00e8 affiliato con VACAYA. Qualsiasi opinione contenuta nel presente documento non rappresenta il punto di vista della societ\u00e0.<\/em><\/strong><\/li>\n<li>Non utilizzare icone (ad esempio \u2705) che potrebbero indurre le persone a credere che rappresenti ufficialmente VACAYA.<\/li>\n<li>Non utilizzare i marchi VACAYA, inclusi ma non limitati al nome &#8220;VACAYA&#8221;, il logo VACAYA o qualsiasi altro elemento di branding associato nel titolo, nella descrizione o nelle immagini del gruppo. Questa politica si applica a tutte le forme di social media e comunit\u00e0 online.<\/li>\n<\/ul>\n<p>&nbsp;<\/p>\n<p style=\"font-weight: 400;\"><strong>Le ragioni di questa politica<\/strong><\/p>\n<ul style=\"font-weight: 400;\">\n<li><strong>Integrit\u00e0 e coerenza del marchio:<\/strong> il marchio VACAYA promette qualit\u00e0, inclusivit\u00e0 ed esperienze di viaggio LGBTQ+ uniche. L&#8217;uso non autorizzato del marchio pu\u00f2 creare incoerenze e fuorviare le persone, pertanto miriamo a garantire una comprensione chiara e coerente del nostro marchio e dei nostri valori.<\/li>\n<li><strong>Considerazioni legali:<\/strong> l&#8217;uso non autorizzato dei marchi pu\u00f2 portare a problemi legali. Questa politica \u00e8 in atto per proteggere sia VACAYA che i suoi ospiti da qualsiasi potenziale complicazione legale relativa ai diritti di propriet\u00e0 intellettuale.<\/li>\n<li><strong>Esperienza del cliente:<\/strong> garantendo che tutte le comunicazioni e le comunit\u00e0 ufficiali siano gestite da VACAYA, possiamo fornire un&#8217;esperienza del cliente coerente e di alta qualit\u00e0. In questo modo, gli ospiti ricevono informazioni accurate e supporto direttamente da The V Team, garantendo che le esigenze siano soddisfatte in modo efficace.<\/li>\n<\/ul>\n<p>&nbsp;<\/p>\n<p style=\"font-weight: 400;\"><strong>Suggerimenti per i titoli dei gruppi personali<\/strong><\/p>\n<p style=\"font-weight: 400;\">Sebbene gli ospiti siano incoraggiati a connettersi con altri viaggiatori, devono farlo senza utilizzare il nome VACAYA. Ecco alcuni suggerimenti alternativi per denominare i gruppi personali:<\/p>\n<ul style=\"font-weight: 400;\">\n<li>&#8220;Quei compagni di viaggio&#8221;<\/li>\n<li>&#8220;Viaggiatori dell&#8217;Arcobaleno&#8221;<\/li>\n<li>\u201cGruppo Crociere ai Caraibi 2025 \u2013 Date della crociera\u201d<\/li>\n<li>\u201cGruppo di incrociatori di uomini gay\u201d<\/li>\n<\/ul>\n<p style=\"font-weight: 400;\">Questi titoli consentono alle persone di creare gruppi significativi e identificabili senza violare i marchi di VACAYA. Rispettando questa politica, gli ospiti aiutano a proteggere l&#8217;integrit\u00e0 del marchio VACAYA e contribuiscono a un&#8217;esperienza comunitaria positiva e unificata.<\/p>\n<p>&nbsp;<\/p>\n<p style=\"font-weight: 400;\"><strong>Implementazione<\/strong><\/p>\n<ol style=\"font-weight: 400;\">\n<li><strong>Comunicazione<\/strong> : questa politica sar\u00e0 comunicata a tutti gli ospiti attraverso i nostri social media, il sito web e altre comunicazioni degli ospiti.<\/li>\n<li><strong>Monitoraggio<\/strong> : VACAYA monitorer\u00e0 le piattaforme di social media e le comunit\u00e0 online per garantire la conformit\u00e0 con le nostre politiche dichiarate.<\/li>\n<li><strong>Applicazione<\/strong> : ai gruppi trovati in violazione di questa politica verr\u00e0 richiesto di cambiare il proprio nome e\/o rimuovere eventuali marchi VACAYA. La non conformit\u00e0 pu\u00f2 comportare azioni legali.<\/li>\n<\/ol>\n<p style=\"font-weight: 400;\">Aderendo a questa politica, sostieni il successo continuo e l&#8217;integrit\u00e0 di VACAYA, garantendo a tutti un&#8217;esperienza chiara, coesa e di alta qualit\u00e0.<\/p>\n<p style=\"font-weight: 400;\">Se hai domande riguardanti questa politica o desideri che interveniamo su qualsiasi decisione, invia semplicemente un&#8217;e-mail a <a href=\"mailto:marketing@myvacaya.com\" target=\"_blank\" rel=\"noopener\">marketing@myvacaya.com<\/a> e ti risponderemo il pi\u00f9 rapidamente possibile.<\/p>\n<p>[\/et_pb_text][\/et_pb_column][\/et_pb_row][\/et_pb_section][et_pb_section fb_built=&#8221;1&#8243; admin_label=&#8221;Blog Trip Tiles&#8221; _builder_version=&#8221;4.17.6&#8243; _module_preset=&#8221;default&#8221; global_colors_info=&#8221;{}&#8221;][et_pb_row _builder_version=&#8221;4.23.4&#8243; _module_preset=&#8221;default&#8221; global_colors_info=&#8221;{}&#8221;][et_pb_column type=&#8221;4_4&#8243; _builder_version=&#8221;4.17.6&#8243; _module_preset=&#8221;default&#8221; global_colors_info=&#8221;{}&#8221;][et_pb_divider color=&#8221;#000000&#8243; divider_position=&#8221;center&#8221; _builder_version=&#8221;4.17.6&#8243; _module_preset=&#8221;default&#8221; global_colors_info=&#8221;{}&#8221;][\/et_pb_divider][\/et_pb_column][\/et_pb_row][et_pb_row _builder_version=&#8221;4.17.6&#8243; _module_preset=&#8221;default&#8221; global_colors_info=&#8221;{}&#8221;][et_pb_column type=&#8221;4_4&#8243; _builder_version=&#8221;4.17.6&#8243; _module_preset=&#8221;default&#8221; global_colors_info=&#8221;{}&#8221;][et_pb_text admin_label=&#8221;Section Title &#8211; H3&#8243; _builder_version=&#8221;4.23.4&#8243; _module_preset=&#8221;default&#8221; header_3_font=&#8221;Futura Bold|||on|||||&#8221; header_3_text_align=&#8221;center&#8221; header_3_text_color=&#8221;#000000&#8243; header_3_font_size=&#8221;18px&#8221; header_3_letter_spacing=&#8221;1.8px&#8221; header_3_line_height=&#8221;24px&#8221; custom_margin=&#8221;||||false|false&#8221; custom_margin_tablet=&#8221;||||false|false&#8221; custom_margin_phone=&#8221;||||false|false&#8221; custom_margin_last_edited=&#8221;on|phone&#8221; custom_padding=&#8221;||||false|false&#8221; global_colors_info=&#8221;{}&#8221;]<\/p>\n<h3>ALLORA COSA STAI ASPETTANDO?  <\/p>\n<p>SCOPRI LE VACANZE LGBT+ PI\u00d9 INCLUSIVE DEL PIANETA!<\/h3>\n<p>[\/et_pb_text][\/et_pb_column][\/et_pb_row][et_pb_row _builder_version=&#8221;4.17.6&#8243; _module_preset=&#8221;default&#8221; global_colors_info=&#8221;{}&#8221;][et_pb_column type=&#8221;4_4&#8243; _builder_version=&#8221;4.17.6&#8243; _module_preset=&#8221;default&#8221; global_colors_info=&#8221;{}&#8221;][et_pb_text _builder_version=&#8221;4.17.6&#8243; _module_preset=&#8221;default&#8221; global_colors_info=&#8221;{}&#8221;]<div id=\"ajax-load-more\" class=\"ajax-load-more-wrap default\" data-id=\"experience-items\" data-alm-id=\"\" data-canonical-url=\"https:\/\/www.myvacaya.com\/it\/scoprire\/inclusivita-lgbt\/\" data-slug=\"inclusivita-lgbt\" data-post-id=\"149294\"  data-localized=\"ajax_load_more_experience_items_vars\" data-alm-object=\"ajax_load_more_experience_items\"><ul aria-live=\"polite\" aria-atomic=\"true\" class=\"alm-listing alm-ajax\" data-container-type=\"ul\" data-loading-style=\"default\" data-repeater=\"template_1\" data-post-type=\"trip\" data-meta-key=\"show_trip_tile\" data-meta-value=\"1\" data-custom-args=\"post_parent: 0\" data-order=\"ASC\" data-orderby=\"date\" data-offset=\"0\" data-posts-per-page=\"20\" data-lang=\"it\" data-scroll=\"false\" data-button-label=\"Load More\" data-prev-button-label=\"Load Previous\" data-destroy-after=\"1\"><\/ul><div class=\"alm-btn-wrap\" data-rel=\"ajax-load-more\"><button class=\"alm-load-more-btn\" type=\"button\">Load More<\/button><\/div><\/div>[\/et_pb_text][\/et_pb_column][\/et_pb_row][\/et_pb_section]<\/p>\n","protected":false},"excerpt":{"rendered":"<p><div class=\"trip-overlay\"><div class=\"trip-title\"><h1>Tessere viaggio con titolo &#8211; Solo crociere<\/h1><\/div><\/div>Formazione di gruppi sociali privati Anche se crediamo che il VACAYA LGBTQ+ Super Fan Group sia uno sbocco ideale per la discussione e la costruzione di comunit\u00e0, riconosciamo che alcuni di voi potrebbero comunque voler connettersi nei propri gruppi sociali privati. \u00c8 comprensibile. Tuttavia, ci sono alcune cose che dovresti considerare (al di l\u00e0 delle [&hellip;]<\/p>\n","protected":false},"author":1,"featured_media":0,"parent":118679,"menu_order":0,"comment_status":"closed","ping_status":"closed","template":"","meta":{"_acf_changed":false,"_et_pb_use_builder":"on","_et_pb_old_content":"","_et_gb_content_width":"","_monsterinsights_skip_tracking":false,"_monsterinsights_sitenote_active":false,"_monsterinsights_sitenote_note":"","_monsterinsights_sitenote_category":0,"footnotes":""},"class_list":["post-149294","page","type-page","status-publish","hentry"],"acf":[],"_links":{"self":[{"href":"https:\/\/www.myvacaya.com\/it\/wp-json\/wp\/v2\/pages\/149294","targetHints":{"allow":["GET"]}}],"collection":[{"href":"https:\/\/www.myvacaya.com\/it\/wp-json\/wp\/v2\/pages"}],"about":[{"href":"https:\/\/www.myvacaya.com\/it\/wp-json\/wp\/v2\/types\/page"}],"author":[{"embeddable":true,"href":"https:\/\/www.myvacaya.com\/it\/wp-json\/wp\/v2\/users\/1"}],"replies":[{"embeddable":true,"href":"https:\/\/www.myvacaya.com\/it\/wp-json\/wp\/v2\/comments?post=149294"}],"version-history":[{"count":43,"href":"https:\/\/www.myvacaya.com\/it\/wp-json\/wp\/v2\/pages\/149294\/revisions"}],"predecessor-version":[{"id":154754,"href":"https:\/\/www.myvacaya.com\/it\/wp-json\/wp\/v2\/pages\/149294\/revisions\/154754"}],"up":[{"embeddable":true,"href":"https:\/\/www.myvacaya.com\/it\/wp-json\/wp\/v2\/pages\/118679"}],"wp:attachment":[{"href":"https:\/\/www.myvacaya.com\/it\/wp-json\/wp\/v2\/media?parent=149294"}],"curies":[{"name":"wp","href":"https:\/\/api.w.org\/{rel}","templated":true}]}}