{"id":118997,"date":"2021-06-17T09:17:47","date_gmt":"2021-06-17T13:17:47","guid":{"rendered":"https:\/\/www.myvacaya.com\/riccardo-leonardo\/"},"modified":"2023-08-04T10:52:42","modified_gmt":"2023-08-04T14:52:42","slug":"riccardo-leonardo","status":"publish","type":"page","link":"https:\/\/www.myvacaya.com\/it\/riccardo-leonardo\/","title":{"rendered":"Riccardo Leonardo"},"content":{"rendered":"<p>[et_pb_section fb_built=&#8221;1&#8243; fullwidth=&#8221;on&#8221; admin_label=&#8221;Slider&#8221; module_id=&#8221;cursore-sezione-interno&#8221; _builder_version=&#8221;4.17.6&#8243; _module_preset=&#8221;default&#8221; background_enable_image=&#8221;off&#8221; global_colors_info=&#8221;{}&#8221;][et_pb_fullwidth_code admin_label=&#8221;Slider Overlay&#8221; module_class=&#8221;interior-page-overlay&#8221; _builder_version=&#8221;4.17.6&#8243; _module_preset=&#8221;default&#8221; positioning=&#8221;absolute&#8221; position_origin_a=&#8221;top_right&#8221; position_origin_f=&#8221;top_right&#8221; z_index=&#8221;100&#8243; width=&#8221;50%&#8221; width_tablet=&#8221;50%&#8221; width_phone=&#8221;100%&#8221; width_last_edited=&#8221;on|phone&#8221; height=&#8221;100vh&#8221; hover_enabled=&#8221;0&#8243; global_colors_info=&#8221;{}&#8221; sticky_enabled=&#8221;0&#8243;]<div class=\"trip-overlay\"><div class=\"trip-title\"><h1>Riccardo Leonardo<\/h1><\/div><\/div>[\/et_pb_fullwidth_code][et_pb_fullwidth_slider show_arrows=&#8221;off&#8221; admin_label=&#8221;Slider Images&#8221; module_id=&#8221;slider-images&#8221; _builder_version=&#8221;4.17.6&#8243; _module_preset=&#8221;default&#8221; height=&#8221;100vh&#8221; auto=&#8221;on&#8221; global_colors_info=&#8221;{}&#8221;][et_pb_slide _builder_version=&#8221;4.17.6&#8243; _module_preset=&#8221;default&#8221; background_color=&#8221;RGBA(255,255,255,0)&#8221; background_enable_color=&#8221;on&#8221; background_image=&#8221;https:\/\/www.myvacaya.com\/wp-content\/uploads\/2022\/09\/Piano-Desktop.jpeg&#8221; background_enable_image=&#8221;on&#8221; background_last_edited=&#8221;on|desktop&#8221; background_enable_color_phone=&#8221;off&#8221; background_image_phone=&#8221;https:\/\/www.myvacaya.com\/wp-content\/uploads\/2022\/11\/Piano-Mobile.jpeg&#8221; background_enable_image_phone=&#8221;on&#8221; global_colors_info=&#8221;{}&#8221; sticky_transition=&#8221;on&#8221;][\/et_pb_slide][\/et_pb_fullwidth_slider][\/et_pb_section][et_pb_section fb_built=&#8221;1&#8243; custom_padding_last_edited=&#8221;on|phone&#8221; _builder_version=&#8221;4.17.6&#8243; _module_preset=&#8221;default&#8221; custom_padding=&#8221;||||false|false&#8221; custom_padding_tablet=&#8221;||||false|false&#8221; custom_padding_phone=&#8221;||||false|false&#8221; global_colors_info=&#8221;{}&#8221;][et_pb_row column_structure=&#8221;1_4,3_4&#8243; custom_padding_last_edited=&#8221;on|desktop&#8221; _builder_version=&#8221;4.17.6&#8243; _module_preset=&#8221;default&#8221; custom_padding=&#8221;||||false|false&#8221; custom_padding_tablet=&#8221;||||false|false&#8221; custom_padding_phone=&#8221;||||false|false&#8221; global_colors_info=&#8221;{}&#8221;][et_pb_column type=&#8221;1_4&#8243; _builder_version=&#8221;4.17.6&#8243; _module_preset=&#8221;default&#8221; global_colors_info=&#8221;{}&#8221;][et_pb_image src=&#8221;https:\/\/www.myvacaya.com\/wp-content\/uploads\/2022\/09\/Rick-Leonard-2-834&#215;1024-1.jpeg&#8221; title_text=&#8221;Rick-Leonard-2-834&#215;1024&#8243; force_fullwidth=&#8221;on&#8221; _builder_version=&#8221;4.17.6&#8243; _module_preset=&#8221;default&#8221; global_colors_info=&#8221;{}&#8221;][\/et_pb_image][\/et_pb_column][et_pb_column type=&#8221;3_4&#8243; _builder_version=&#8221;4.17.6&#8243; _module_preset=&#8221;default&#8221; global_colors_info=&#8221;{}&#8221;][et_pb_text _builder_version=&#8221;4.17.6&#8243; _module_preset=&#8221;default&#8221; custom_margin=&#8221;||||false|false&#8221; custom_margin_tablet=&#8221;||||false|false&#8221; custom_margin_phone=&#8221;||||false|false&#8221; custom_margin_last_edited=&#8221;on|phone&#8221; global_colors_info=&#8221;{}&#8221;]Rick Leonard \u00e8 un famoso artista e direttore musicale esperto che \u00e8 familiare al pubblico del sud della Florida da oltre un decennio. Originario di New York City, Rick ha goduto di rinomate residenze in luoghi famosi come Tavern on the Green, The Russian Tea Room, The Firebird, One If By Land, Two If By Sea e molti altri.<\/p>\n<p>Come direttore musicale, ha fondato The Cabaret by the Bay a Cherry Grove, NY, e l\u00ec ha presentato artisti di cabaret di alto livello per oltre 7 anni. Inoltre, ha lavorato come direttore musicale per artisti come Belinda Carlysle (The Go-Gos), Kimberley Locke, ( <strong><em>American Idol<\/em><\/strong> e artista discografico di successo), Shoshana Bean di Broadway ( <strong><em>Wicked<\/em><\/strong> ), la famosa attrice Sally Struthers e molti altri.<\/p>\n<p>Nel sud della Florida, Rick \u00e8 stato l&#8217;artista residente per 10 anni presso l&#8217;ormai leggendario Magnum Lounge Supper Club, oltre ad esibirsi in luoghi come The Manor a Fort Lauderdale.<\/p>\n<p>Rick \u00e8 attualmente un artista residente al &#8220;Live at the National&#8221; presso il National Hotel di Miami Beach ed \u00e8 entusiasta di far parte dell&#8217;incredibile elenco di talenti delle crociere su grandi navi, delle avventure su piccole navi e dei resort all-inclusive di VACAYA.<\/p>\n<p>Da questa ispirazione \u00e8 nata VACAYA. Il nome stesso parla del concetto: &#8220;VACAYA&#8221; \u00e8 una parola di <a href=\"https:\/\/theculturetrip.com\/europe\/united-kingdom\/england\/london\/articles\/this-secret-language-allowed-gay-men-to-communicate-when-homosexuality-was-illegal\/?utm_source=facebook&amp;utm_medium=facebook&amp;utm_campaign=072018secretlanguagegay\" target=\"_blank\" rel=\"noopener\">Polari<\/a> , una lingua secolare usata dalla sottocultura gay per comunicare con discrezione. Oltre a ci\u00f2, la parola gergale &#8220;vacay&#8221; \u00e8 diventata un termine casual mainstream per vacanza. Messi insieme, i due significati celebrano la nostra identit\u00e0 LGBT e lo spirito inclusivo, gioioso e libero che amiamo.<\/p>\n<p>John, Randle, Patrick e tutti i The Vacayans ti invitano ad aprirti a nuove esperienze, esplorazione consapevole, divertimento senza fine e connessioni pi\u00f9 profonde&#8230; ti invitano a VACAYA.[\/et_pb_text][\/et_pb_column][\/et_pb_row][\/et_pb_section]<\/p>\n","protected":false},"excerpt":{"rendered":"<p><div class=\"trip-overlay\"><div class=\"trip-title\"><h1>Tessere viaggio con titolo &#8211; Solo crociere<\/h1><\/div><\/div>Rick Leonard \u00e8 un famoso artista e direttore musicale esperto che \u00e8 familiare al pubblico del sud della Florida da oltre un decennio. Originario di New York City, Rick ha goduto di rinomate residenze in luoghi famosi come Tavern on the Green, The Russian Tea Room, The Firebird, One If By Land, Two If By [&hellip;]<\/p>\n","protected":false},"author":4,"featured_media":0,"parent":0,"menu_order":0,"comment_status":"closed","ping_status":"closed","template":"","meta":{"_acf_changed":false,"_et_pb_use_builder":"on","_et_pb_old_content":"","_et_gb_content_width":"","_monsterinsights_skip_tracking":false,"_monsterinsights_sitenote_active":false,"_monsterinsights_sitenote_note":"","_monsterinsights_sitenote_category":0,"footnotes":""},"class_list":["post-118997","page","type-page","status-publish","hentry"],"acf":[],"_links":{"self":[{"href":"https:\/\/www.myvacaya.com\/it\/wp-json\/wp\/v2\/pages\/118997","targetHints":{"allow":["GET"]}}],"collection":[{"href":"https:\/\/www.myvacaya.com\/it\/wp-json\/wp\/v2\/pages"}],"about":[{"href":"https:\/\/www.myvacaya.com\/it\/wp-json\/wp\/v2\/types\/page"}],"author":[{"embeddable":true,"href":"https:\/\/www.myvacaya.com\/it\/wp-json\/wp\/v2\/users\/4"}],"replies":[{"embeddable":true,"href":"https:\/\/www.myvacaya.com\/it\/wp-json\/wp\/v2\/comments?post=118997"}],"version-history":[{"count":10,"href":"https:\/\/www.myvacaya.com\/it\/wp-json\/wp\/v2\/pages\/118997\/revisions"}],"predecessor-version":[{"id":119071,"href":"https:\/\/www.myvacaya.com\/it\/wp-json\/wp\/v2\/pages\/118997\/revisions\/119071"}],"wp:attachment":[{"href":"https:\/\/www.myvacaya.com\/it\/wp-json\/wp\/v2\/media?parent=118997"}],"curies":[{"name":"wp","href":"https:\/\/api.w.org\/{rel}","templated":true}]}}