{"id":118976,"date":"2020-06-19T14:46:25","date_gmt":"2020-06-19T18:46:25","guid":{"rendered":"https:\/\/www.myvacaya.com\/scoprire\/voci-nere\/"},"modified":"2023-08-04T10:52:19","modified_gmt":"2023-08-04T14:52:19","slug":"voci-nere","status":"publish","type":"page","link":"https:\/\/www.myvacaya.com\/it\/scoprire\/voci-nere\/","title":{"rendered":"VOCI NERE"},"content":{"rendered":"<p>[et_pb_section fb_built=&#8221;1&#8243; fullwidth=&#8221;on&#8221; admin_label=&#8221;Slider&#8221; module_id=&#8221;cursore-sezione-interno&#8221; _builder_version=&#8221;4.17.6&#8243; _module_preset=&#8221;default&#8221; background_enable_image=&#8221;off&#8221; global_colors_info=&#8221;{}&#8221;][et_pb_fullwidth_code admin_label=&#8221;Slider Overlay&#8221; module_class=&#8221;interior-page-overlay&#8221; _builder_version=&#8221;4.17.6&#8243; _module_preset=&#8221;default&#8221; positioning=&#8221;absolute&#8221; position_origin_a=&#8221;top_right&#8221; position_origin_f=&#8221;top_right&#8221; z_index=&#8221;100&#8243; width=&#8221;50%&#8221; width_tablet=&#8221;50%&#8221; width_phone=&#8221;100%&#8221; width_last_edited=&#8221;on|phone&#8221; height=&#8221;100vh&#8221; hover_enabled=&#8221;0&#8243; global_colors_info=&#8221;{}&#8221; sticky_enabled=&#8221;0&#8243;]<div class=\"trip-overlay\"><div class=\"trip-title\"><h1>VOCI NERE<\/h1><\/div><\/div>[\/et_pb_fullwidth_code][et_pb_fullwidth_slider show_arrows=&#8221;off&#8221; admin_label=&#8221;Slider Images&#8221; module_id=&#8221;slider-images&#8221; _builder_version=&#8221;4.17.6&#8243; _module_preset=&#8221;default&#8221; height=&#8221;100vh&#8221; auto=&#8221;on&#8221; global_colors_info=&#8221;{}&#8221;][et_pb_slide _builder_version=&#8221;4.17.6&#8243; _module_preset=&#8221;default&#8221; background_color=&#8221;RGBA(255,255,255,0)&#8221; background_enable_color=&#8221;on&#8221; background_image=&#8221;https:\/\/www.myvacaya.com\/wp-content\/uploads\/2022\/09\/1440&#215;570.jpeg&#8221; background_enable_image=&#8221;on&#8221; background_last_edited=&#8221;on|desktop&#8221; background_image_phone=&#8221;https:\/\/www.myvacaya.com\/wp-content\/uploads\/2022\/11\/414&#215;500.jpeg&#8221; background_enable_image_phone=&#8221;on&#8221; global_colors_info=&#8221;{}&#8221; sticky_transition=&#8221;on&#8221;][\/et_pb_slide][\/et_pb_fullwidth_slider][\/et_pb_section][et_pb_section fb_built=&#8221;1&#8243; custom_padding_last_edited=&#8221;on|phone&#8221; _builder_version=&#8221;4.17.6&#8243; _module_preset=&#8221;default&#8221; custom_padding=&#8221;||||false|false&#8221; custom_padding_tablet=&#8221;||||false|false&#8221; custom_padding_phone=&#8221;||||false|false&#8221; global_colors_info=&#8221;{}&#8221;][et_pb_row custom_padding_last_edited=&#8221;on|desktop&#8221; _builder_version=&#8221;4.17.6&#8243; _module_preset=&#8221;default&#8221; custom_padding=&#8221;||||false|false&#8221; custom_padding_tablet=&#8221;||||false|false&#8221; custom_padding_phone=&#8221;||||false|false&#8221; global_colors_info=&#8221;{}&#8221;][et_pb_column type=&#8221;4_4&#8243; _builder_version=&#8221;4.17.6&#8243; _module_preset=&#8221;default&#8221; global_colors_info=&#8221;{}&#8221;][et_pb_text _builder_version=&#8221;4.17.6&#8243; _module_preset=&#8221;default&#8221; custom_margin=&#8221;||||false|false&#8221; custom_margin_tablet=&#8221;||||false|false&#8221; custom_margin_phone=&#8221;||||false|false&#8221; custom_margin_last_edited=&#8221;on|phone&#8221; global_colors_info=&#8221;{}&#8221;]Nel tentativo di rafforzare il nostro sostegno al movimento Black Lives Matter, abbiamo contattato molti dei nostri ospiti neri, agenti di viaggio e intrattenitori per ascoltare le loro storie e discutere di come VACAYA pu\u00f2 stare al loro fianco mentre tutti ci mobilitiamo per il cambiamento. Qui, ti presentiamo tre di queste persone incredibili. Incoraggiamo ognuno di voi ad affrontare le proprie sfide e anche a sostenere le loro meritevoli cause. Insieme, abbiamo la capacit\u00e0 di cambiare il mondo.[\/et_pb_text][\/et_pb_column][\/et_pb_row][et_pb_row column_structure=&#8221;1_3,1_3,1_3&#8243; _builder_version=&#8221;4.17.6&#8243; _module_preset=&#8221;default&#8221; global_colors_info=&#8221;{}&#8221;][et_pb_column type=&#8221;1_3&#8243; _builder_version=&#8221;4.17.6&#8243; _module_preset=&#8221;default&#8221; global_colors_info=&#8221;{}&#8221;][et_pb_image src=&#8221;https:\/\/www.myvacaya.com\/wp-content\/uploads\/2022\/09\/RebasChallenge-300&#215;300-1.jpg&#8221; title_text=&#8221;RebasChallenge-300&#215;300&#8243; force_fullwidth=&#8221;on&#8221; _builder_version=&#8221;4.17.6&#8243; _module_preset=&#8221;default&#8221; global_colors_info=&#8221;{}&#8221;][\/et_pb_image][\/et_pb_column][et_pb_column type=&#8221;1_3&#8243; _builder_version=&#8221;4.17.6&#8243; _module_preset=&#8221;default&#8221; global_colors_info=&#8221;{}&#8221;][et_pb_image src=&#8221;https:\/\/www.myvacaya.com\/wp-content\/uploads\/2022\/09\/Laurence-Pinckney-300&#215;300-1.jpg&#8221; title_text=&#8221;Laurence-Pinckney-300&#215;300&#8243; force_fullwidth=&#8221;on&#8221; _builder_version=&#8221;4.17.6&#8243; _module_preset=&#8221;default&#8221; global_colors_info=&#8221;{}&#8221;][\/et_pb_image][\/et_pb_column][et_pb_column type=&#8221;1_3&#8243; _builder_version=&#8221;4.17.6&#8243; _module_preset=&#8221;default&#8221; global_colors_info=&#8221;{}&#8221;][et_pb_image src=&#8221;https:\/\/www.myvacaya.com\/wp-content\/uploads\/2022\/09\/Coreys-Challenge-300&#215;300-1.jpg&#8221; title_text=&#8221;Coreys-Sfida-300&#215;300&#8243; force_fullwidth=&#8221;on&#8221; admin_label=&#8221;Image&#8221; _builder_version=&#8221;4.17.6&#8243; _module_preset=&#8221;default&#8221; global_colors_info=&#8221;{}&#8221;][\/et_pb_image][\/et_pb_column][\/et_pb_row][et_pb_row _builder_version=&#8221;4.17.6&#8243; _module_preset=&#8221;default&#8221; global_colors_info=&#8221;{}&#8221;][et_pb_column type=&#8221;4_4&#8243; _builder_version=&#8221;4.17.6&#8243; _module_preset=&#8221;default&#8221; global_colors_info=&#8221;{}&#8221;][et_pb_text admin_label=&#8221;Section Title &#8211; H3&#8243; _builder_version=&#8221;4.17.6&#8243; _module_preset=&#8221;default&#8221; header_3_font=&#8221;Futura Bold|||on|||||&#8221; header_3_text_align=&#8221;center&#8221; header_3_text_color=&#8221;#000000&#8243; header_3_font_size=&#8221;18px&#8221; header_3_letter_spacing=&#8221;1.8px&#8221; header_3_line_height=&#8221;24px&#8221; custom_margin=&#8221;||||false|false&#8221; custom_margin_tablet=&#8221;||||false|false&#8221; custom_margin_phone=&#8221;||||false|false&#8221; custom_margin_last_edited=&#8221;on|phone&#8221; custom_padding=&#8221;||||false|false&#8221; custom_padding_tablet=&#8221;||||false|false&#8221; custom_padding_phone=&#8221;||||false|false&#8221; custom_padding_last_edited=&#8221;on|phone&#8221; global_colors_info=&#8221;{}&#8221;]<\/p>\n<h3>INCONTRA ISREBA WHEELER AIKEN<\/h3>\n<p>[\/et_pb_text][et_pb_text _builder_version=&#8221;4.17.6&#8243; _module_preset=&#8221;default&#8221; global_colors_info=&#8221;{}&#8221;]Reba \u00e8 la met\u00e0 del dinamico duo di Reba &amp; Peaches, due forti donne nere che hanno trovato casa con VACAYA.<\/p>\n<p>Reba condivide: \u201cSono cos\u00ec stanco. Sono stanco di dover ripetere sempre la stessa cosa solo per vederla ignorata. Mi sento come se stessi sbattendo la testa contro un muro di mattoni. Sono stanco di combattere. Sono stanco di essere classificato come NHI (No Human Involved). Sono stanco di non riuscire a respirare. Camminando per le strade, lo sento&#8230; mi odi e non mi conosci nemmeno.<\/p>\n<p>\u201cQuando viaggio con VACAYA, posso lasciarmi alle spalle quelle frustrazioni e vivere un po&#8217; di utopia. Una cosa che amo dei viaggi \u00e8 che tutti si salutano quando si incrociano, che si conoscano o meno. Nessuno ci ha mai chiesto di farlo. Succede e basta. Non sarebbe fantastico se potessimo portare quel semplice atto di gentilezza nella nostra vita di tutti i giorni&#8230; stabilire un contatto visivo, sorridere e salutarci l&#8217;un l&#8217;altro? Quindi oggi vi sfido a iniziare a farlo nelle vostre citt\u00e0 natale per dirvi reciprocamente &#8216;ti vedo&#8217;, &#8216;ti rispetto&#8217;, &#8216;ti apprezzo&#8217;. Quello che stiamo tutti affrontando in questo momento \u00e8 cos\u00ec immenso. Dobbiamo trovare un modo per renderlo un po&#8217; pi\u00f9 gestibile. Con questo piccolo atto, insieme abbiamo il potere di cambiare il mondo&#8230; un &#8216;ciao&#8217; alla volta&#8221;.<\/p>\n<p>In onore di Reba e Peaches, VACAYA ha fatto una donazione a loro nome a Doing4Others. Ti invitiamo a unirti a noi nel sostenere questa fantastica organizzazione. La missione di Doing4Others \u00e8 promuovere l&#8217;impegno della comunit\u00e0 e creare leadership, empatia e prontezza professionale per la prossima generazione di volontari.<\/p>\n<p>Per supportare Doing4Others, visita <a href=\"https:\/\/www.doing4others.org\" target=\"_blank\" rel=\"noopener\">https:\/\/www.doing4others.org<\/a> .[\/et_pb_text][et_pb_divider color=&#8221;#000000&#8243; divider_position=&#8221;center&#8221; _builder_version=&#8221;4.17.6&#8243; _module_preset=&#8221;default&#8221; global_colors_info=&#8221;{}&#8221;][\/et_pb_divider][et_pb_text admin_label=&#8221;Section Title &#8211; H3&#8243; _builder_version=&#8221;4.17.6&#8243; _module_preset=&#8221;default&#8221; header_3_font=&#8221;Futura Bold|||on|||||&#8221; header_3_text_align=&#8221;center&#8221; header_3_text_color=&#8221;#000000&#8243; header_3_font_size=&#8221;18px&#8221; header_3_letter_spacing=&#8221;1.8px&#8221; header_3_line_height=&#8221;24px&#8221; custom_margin=&#8221;||||false|false&#8221; custom_margin_tablet=&#8221;||||false|false&#8221; custom_margin_phone=&#8221;||||false|false&#8221; custom_margin_last_edited=&#8221;on|phone&#8221; custom_padding=&#8221;||||false|false&#8221; custom_padding_tablet=&#8221;||||false|false&#8221; custom_padding_phone=&#8221;||||false|false&#8221; custom_padding_last_edited=&#8221;on|phone&#8221; global_colors_info=&#8221;{}&#8221;]<\/p>\n<h3>INCONTRA LAURENCE PINCKNEY<\/h3>\n<p>[\/et_pb_text][et_pb_text _builder_version=&#8221;4.17.6&#8243; _module_preset=&#8221;default&#8221; global_colors_info=&#8221;{}&#8221;]Laurence Pinckney, Presidente di Zenbiz Travel, LLC. Laurence ha trascorso gli ultimi 15 anni al servizio della comunit\u00e0 Black LGBT+ come uno dei suoi principali agenti di viaggio. \u00c8 stato co-organizzatore del Black Pride NYC dal 2001 al 2005, degli eventi Dominican Island Heat e delle Nubian Dreams &amp; UHCC Cruises. A causa della mancanza di diversit\u00e0 e inclusione all&#8217;interno della comunit\u00e0 LGBT, i Black Pride e gli eventi alternativi per le comunit\u00e0 LGBTQ nere sono cresciuti in tutto il mondo.<\/p>\n<p>Laurence ha condiviso i suoi pensieri su tutto quello che sta succedendo oggi: \u201cNon finisce mai. Ancora e ancora e ancora. Questa volta sembra diverso, per\u00f2. Ma per assicurarci che lo sia, abbiamo prima bisogno che TUTTI riconoscano che c&#8217;\u00e8 un problema. Non possiamo farlo da soli. Ognuno di noi deve recitare una parte.<\/p>\n<p>\u201cNel settore dei viaggi, la rappresentanza \u00e8 importante. Se non vediamo le nostre facce nelle pubblicit\u00e0, sui siti web, spesso presumiamo di non essere i benvenuti. Per troppo tempo siamo stati sottorappresentati o per niente rappresentati. Ci\u00f2 che ha attratto Zenbiz Travel a VACAYA fin dall&#8217;inizio \u00e8 stato che ho notato che VACAYA aveva un marketing che includeva i nostri volti. Era raro nel marketing dei viaggi LGBT. Dopo aver parlato con The Vacayans \u00e8 diventato subito evidente che VACAYA stava cercando di fare qualcosa di diverso. Loro ci supportano, quindi li sosteniamo. Siamo orgogliosi di portare questo messaggio ai nostri clienti e ad altri a sostegno di VACAYA. Continueremo a incoraggiare VACAYA a spingersi ancora oltre. Le immagini inclusive sono un ottimo primo passo, ma cosa succede dopo? Queste sono le domande a cui ora dobbiamo rispondere&#8230; insieme.<\/p>\n<p>\u201cI Vacayan mi hanno chiesto come avrei sfidato coloro che cercavano di far parte della soluzione. Quindi offro questa sfida a tutti &#8230; leggi o visualizza i media neri per 40 minuti. Raccomando The Root ( <a href=\"http:\/\/www.theroot.com\/\"><span class=\"Hyperlink1\">www.theroot.com<\/span><\/a> ), Black News Channel ( <a href=\"https:\/\/blacknewschannel.com\/about\/\"><span class=\"Hyperlink1\">https:\/\/blacknewschannel.com\/about\/<\/span><\/a> ) o AM Joy (su MSNBC). Raccomando anche il pluripremiato film <a href=\"https:\/\/www.burden-thefilm.com\/\"><span class=\"Link\">BURDEN, di Nathan Hale Williams<\/span><\/a> . 40 minuti non solo possono cambiare la tua prospettiva, ma quel cambiamento nel modo in cui vedi le cose ha il potere di cambiare il mondo.<\/p>\n<p>In onore di Laurence, VACAYA aveva fatto una donazione a suo nome alla National Black Justice Coalition. NBJC \u00e8 un&#8217;organizzazione per i diritti civili dedicata all&#8217;emancipazione delle persone nere lesbiche, gay, bisessuali, transgender, queer e amanti dello stesso genere (LGBTQ\/SGL), comprese le persone che vivono con l&#8217;HIV\/AIDS. La missione di NBJC \u00e8 porre fine al razzismo, all&#8217;omofobia e ai pregiudizi e allo stigma LGBTQ\/SGL.<\/p>\n<p>Per unirti a noi nel sostenere la National Black Justice Coalition, visita <a href=\"http:\/\/www.nbjc.org\/donate\/\"><span class=\"Hyperlink0\">http:\/\/www.nbjc.org\/donate\/<\/span><\/a> .<\/p>\n<p>E per supportare Laurence e il suo team di Zenbiz Travel, visita <a href=\"https:\/\/www.zenbiztravel.com\/\"><span class=\"Hyperlink0\"><span lang=\"DE\">https:\/\/www.zenbiztravel.com<\/span><\/span><\/a> .[\/et_pb_text][et_pb_divider color=&#8221;#000000&#8243; divider_position=&#8221;center&#8221; _builder_version=&#8221;4.17.6&#8243; _module_preset=&#8221;default&#8221; global_colors_info=&#8221;{}&#8221;][\/et_pb_divider][et_pb_text admin_label=&#8221;Section Title &#8211; H3&#8243; _builder_version=&#8221;4.17.6&#8243; _module_preset=&#8221;default&#8221; header_3_font=&#8221;Futura Bold|||on|||||&#8221; header_3_text_align=&#8221;center&#8221; header_3_text_color=&#8221;#000000&#8243; header_3_font_size=&#8221;18px&#8221; header_3_letter_spacing=&#8221;1.8px&#8221; header_3_line_height=&#8221;24px&#8221; custom_margin=&#8221;||||false|false&#8221; custom_margin_tablet=&#8221;||||false|false&#8221; custom_margin_phone=&#8221;||||false|false&#8221; custom_margin_last_edited=&#8221;on|phone&#8221; custom_padding=&#8221;||||false|false&#8221; custom_padding_tablet=&#8221;||||false|false&#8221; custom_padding_phone=&#8221;||||false|false&#8221; custom_padding_last_edited=&#8221;on|phone&#8221; global_colors_info=&#8221;{}&#8221;]<\/p>\n<h3>INCONTRA COREY CRAIG<\/h3>\n<p>[\/et_pb_text][et_pb_text _builder_version=&#8221;4.17.6&#8243; _module_preset=&#8221;default&#8221; global_colors_info=&#8221;{}&#8221;]Corey ha fatto il suo debutto VACAYA sulla nostra Ptown Cruise l&#8217;anno scorso e torner\u00e0 a girare durante la nostra vacanza al Mexico Resort questo autunno e sulla nostra crociera ai Caraibi il prossimo febbraio.<\/p>\n<p>Quando gli \u00e8 stato chiesto della sua opinione su tutto ci\u00f2 che sta accadendo in questo momento, Corey ha condiviso: \u201cIn termini pi\u00f9 semplici, \u00e8 come se qualcuno scoreggiasse nell&#8217;ascensore OGNI GIORNO da sempre e tutti FINALMENTE lo chiamassero. Tuttavia, la mia fede nell&#8217;umanit\u00e0 \u00e8 stata ripristinata vedendo cos\u00ec tante persone di razze ed etnie diverse marciare per ci\u00f2 che \u00e8 giusto. La prossima normalit\u00e0 riguarda davvero la pulizia della casa: lasciare andare il letargo e l&#8217;inerzia che ci hanno portato in questo posto. Non sto cercando scuse da nessuno, ma sto chiedendo il riconoscimento che c&#8217;\u00e8 un problema. Per fare eco alle parole profonde di Kimberly Jones, sappi che stiamo cercando l&#8217;uguaglianza, non la vendetta.<\/p>\n<p>Se non hai visto il video di Kimberly, \u00e8 assolutamente da vedere ( <a href=\"https:\/\/www.youtube.com\/watch?v=sb9_qGOa9Go\">https:\/\/www.youtube.com\/watch?v=sb9_qGOa9Go<\/a> ).<\/p>\n<p>\u201cVACAYA mi ha chiesto come avrei sfidato le persone che cercano di far parte della soluzione e la mia risposta \u00e8 triplice. Innanzitutto, considera questa opportunit\u00e0 come il pi\u00f9 grande seminario di consapevolezza situazionale di tutti i tempi. Scava nei tuoi pregiudizi personali e cerca di capire quando sono iniziati e dove li hai imparati. Chiediti&#8230; quei pregiudizi mi hanno reso una persona migliore e mi hanno protetto? Immagino di no. Una volta riconosciute le origini di questi pregiudizi, \u00e8 molto pi\u00f9 facile cambiarli. E secondo &#8230; devi capire meglio la storia dei neri. Tre pagine di un libro di testo non bastano. Devi scavare pi\u00f9 a fondo. Avere una comprensione pi\u00f9 profonda \u00e8 fondamentale per influenzare il cambiamento. E infine, se vedi un errore \u2013 e sto parlando di piccoli errori e errori con la W maiuscola \u2013 non tacere. Di &#8216;qualcosa. Fare qualcosa. Dobbiamo sostenerci a vicenda e questo \u00e8 particolarmente vero all&#8217;interno della comunit\u00e0 LGBT+.<\/p>\n<p>\u201cFin dall&#8217;inizio, VACAYA ha abbracciato una mentalit\u00e0 di piena inclusione. Troppe volte gli eventi vengono etichettati in base al marketing. Abbiamo permesso ai desideri di pochi di mantenere monolitica una pista da ballo altrimenti colorata. Se un poster mostra troppe persone di colore (o anche una sola persona in alcuni casi), troppo spesso viene liquidato come un evento etnico gay. Ci\u00f2 che mi ha attratto a lavorare con VACAYA \u00e8 stato l&#8217;appello aperto e l&#8217;inclusione nel loro marketing e ne sono molto grato. Chiediti: &#8220;Mi sento a mio agio con i neri in crociera o in un resort solo se sono dietro al bancone, in una cabina da DJ o in una sorta di ruolo di servizio?&#8221; Se \u00e8 vero, VACAYA non fa per te. Se hai un problema con la diversit\u00e0 in generale, VACAYA non fa per te. VACAYA dice che sono &#8216;costruiti per tutti&#8217;, ma non tutti sono fatti per VACAYA. E va bene. Ci sono molte altre opzioni l\u00e0 fuori se ritieni di poter stare solo con altri che sono proprio come te. Ma se credi davvero che siamo tutti uguali, allora spero di avere la possibilit\u00e0 di incontrarti e condividere un momento con te durante il nostro prossimo viaggio insieme.<\/p>\n<p>In onore di Corey, VACAYA ha fatto una donazione al Black Trans Travel Fund. Corey continua: \u201c\u00c8 straziante sapere che la comunit\u00e0 trans nera viene ancora assassinata in tutta la nazione e nessuno parla per loro o d\u00e0 stampa alle loro storie. La comunit\u00e0 trans nera ha avviato il nostro movimento per l&#8217;uguaglianza LGBT+. Il minimo che possiamo fare \u00e8 aiutarli a muoversi in tutto il mondo senza molestie e violenze\u201d.<\/p>\n<p>Ti invitiamo a unirti a noi nel supporto. Per saperne di pi\u00f9 o per contribuire, visita <a href=\"https:\/\/www.blacktranstravelfund.com\/\">https:\/\/www.blacktranstravelfund.com\/<\/a> .[\/et_pb_text][\/et_pb_column][\/et_pb_row][\/et_pb_section]<\/p>\n","protected":false},"excerpt":{"rendered":"<p><div class=\"trip-overlay\"><div class=\"trip-title\"><h1>Tessere viaggio con titolo &#8211; Solo crociere<\/h1><\/div><\/div>Nel tentativo di rafforzare il nostro sostegno al movimento Black Lives Matter, abbiamo contattato molti dei nostri ospiti neri, agenti di viaggio e intrattenitori per ascoltare le loro storie e discutere di come VACAYA pu\u00f2 stare al loro fianco mentre tutti ci mobilitiamo per il cambiamento. Qui, ti presentiamo tre di queste persone incredibili. Incoraggiamo [&hellip;]<\/p>\n","protected":false},"author":4,"featured_media":106601,"parent":118679,"menu_order":0,"comment_status":"closed","ping_status":"closed","template":"","meta":{"_acf_changed":false,"_et_pb_use_builder":"on","_et_pb_old_content":"","_et_gb_content_width":"","_monsterinsights_skip_tracking":false,"_monsterinsights_sitenote_active":false,"_monsterinsights_sitenote_note":"","_monsterinsights_sitenote_category":0,"footnotes":""},"class_list":["post-118976","page","type-page","status-publish","has-post-thumbnail","hentry"],"acf":[],"_links":{"self":[{"href":"https:\/\/www.myvacaya.com\/it\/wp-json\/wp\/v2\/pages\/118976","targetHints":{"allow":["GET"]}}],"collection":[{"href":"https:\/\/www.myvacaya.com\/it\/wp-json\/wp\/v2\/pages"}],"about":[{"href":"https:\/\/www.myvacaya.com\/it\/wp-json\/wp\/v2\/types\/page"}],"author":[{"embeddable":true,"href":"https:\/\/www.myvacaya.com\/it\/wp-json\/wp\/v2\/users\/4"}],"replies":[{"embeddable":true,"href":"https:\/\/www.myvacaya.com\/it\/wp-json\/wp\/v2\/comments?post=118976"}],"version-history":[{"count":1,"href":"https:\/\/www.myvacaya.com\/it\/wp-json\/wp\/v2\/pages\/118976\/revisions"}],"predecessor-version":[{"id":118980,"href":"https:\/\/www.myvacaya.com\/it\/wp-json\/wp\/v2\/pages\/118976\/revisions\/118980"}],"up":[{"embeddable":true,"href":"https:\/\/www.myvacaya.com\/it\/wp-json\/wp\/v2\/pages\/118679"}],"wp:featuredmedia":[{"embeddable":true,"href":"https:\/\/www.myvacaya.com\/it\/wp-json\/wp\/v2\/media\/106601"}],"wp:attachment":[{"href":"https:\/\/www.myvacaya.com\/it\/wp-json\/wp\/v2\/media?parent=118976"}],"curies":[{"name":"wp","href":"https:\/\/api.w.org\/{rel}","templated":true}]}}