{"id":118944,"date":"2019-04-10T14:36:37","date_gmt":"2019-04-10T18:36:37","guid":{"rendered":"https:\/\/www.myvacaya.com\/scoprire\/le-cose-preferite-di-vacaya\/"},"modified":"2024-10-18T23:01:36","modified_gmt":"2024-10-19T03:01:36","slug":"le-cose-preferite-di-vacaya","status":"publish","type":"page","link":"https:\/\/www.myvacaya.com\/it\/scoprire\/le-cose-preferite-di-vacaya\/","title":{"rendered":"Le cose preferite di VACAYA"},"content":{"rendered":"<p>[et_pb_section fb_built=&#8221;1&#8243; fullwidth=&#8221;on&#8221; admin_label=&#8221;Slider&#8221; module_id=&#8221;cursore-sezione-interno&#8221; _builder_version=&#8221;4.17.6&#8243; _module_preset=&#8221;default&#8221; background_enable_image=&#8221;off&#8221; global_colors_info=&#8221;{}&#8221;][et_pb_fullwidth_code admin_label=&#8221;Slider Overlay&#8221; module_class=&#8221;interior-page-overlay&#8221; _builder_version=&#8221;4.17.6&#8243; _module_preset=&#8221;default&#8221; positioning=&#8221;absolute&#8221; position_origin_a=&#8221;top_right&#8221; position_origin_f=&#8221;top_right&#8221; z_index=&#8221;100&#8243; width=&#8221;50%&#8221; width_tablet=&#8221;50%&#8221; width_phone=&#8221;100%&#8221; width_last_edited=&#8221;on|phone&#8221; height=&#8221;100vh&#8221; global_colors_info=&#8221;{}&#8221;]<div class=\"trip-overlay\"><div class=\"trip-title\"><h1>Le cose preferite di VACAYA<\/h1><\/div><\/div>[\/et_pb_fullwidth_code][et_pb_fullwidth_slider show_arrows=&#8221;off&#8221; admin_label=&#8221;Slider Images&#8221; module_id=&#8221;slider-images&#8221; _builder_version=&#8221;4.17.6&#8243; _module_preset=&#8221;default&#8221; height=&#8221;100vh&#8221; auto=&#8221;on&#8221; global_colors_info=&#8221;{}&#8221;][et_pb_slide _builder_version=&#8221;4.17.6&#8243; _module_preset=&#8221;default&#8221; background_color=&#8221;RGBA(255,255,255,0)&#8221; background_enable_color=&#8221;on&#8221; background_image=&#8221;https:\/\/www.myvacaya.com\/wp-content\/uploads\/2022\/09\/GettyImages-1053460884-3.jpg&#8221; background_enable_image=&#8221;on&#8221; background_last_edited=&#8221;on|desktop&#8221; background_image_phone=&#8221;https:\/\/www.myvacaya.com\/wp-content\/uploads\/2022\/11\/GettyImages-1053460884-5.jpg&#8221; background_enable_image_phone=&#8221;on&#8221; global_colors_info=&#8221;{}&#8221; sticky_transition=&#8221;on&#8221;][\/et_pb_slide][\/et_pb_fullwidth_slider][\/et_pb_section][et_pb_section fb_built=&#8221;1&#8243; custom_padding_last_edited=&#8221;on|phone&#8221; _builder_version=&#8221;4.17.6&#8243; _module_preset=&#8221;default&#8221; custom_padding=&#8221;||||false|false&#8221; custom_padding_tablet=&#8221;||||false|false&#8221; custom_padding_phone=&#8221;||||false|false&#8221; sticky_position_tablet=&#8221;&#8221; sticky_position_phone=&#8221;&#8221; sticky_position_last_edited=&#8221;on|tablet&#8221; custom_css_main_element=&#8221;padding-bottom: 4% !important;&#8221; global_colors_info=&#8221;{}&#8221; custom_css_main_element_last_edited=&#8221;on|desktop&#8221; custom_css_main_element_tablet=&#8221;padding-bottom: 4% !important;&#8221; custom_css_main_element_phone=&#8221;padding-bottom: 4% !important;&#8221;][et_pb_row custom_padding_last_edited=&#8221;on|desktop&#8221; _builder_version=&#8221;4.17.6&#8243; _module_preset=&#8221;default&#8221; custom_padding=&#8221;||||false|false&#8221; custom_padding_tablet=&#8221;||||false|false&#8221; custom_padding_phone=&#8221;||||false|false&#8221; global_colors_info=&#8221;{}&#8221;][et_pb_column type=&#8221;4_4&#8243; _builder_version=&#8221;4.17.6&#8243; _module_preset=&#8221;default&#8221; global_colors_info=&#8221;{}&#8221;][et_pb_text _builder_version=&#8221;4.17.6&#8243; _module_preset=&#8221;default&#8221; custom_margin=&#8221;||||false|false&#8221; custom_margin_tablet=&#8221;||||false|false&#8221; custom_margin_phone=&#8221;||||false|false&#8221; custom_margin_last_edited=&#8221;on|phone&#8221; global_colors_info=&#8221;{}&#8221;]Ci sono cos\u00ec tante cose meravigliose in questo mondo che solleticano, sfidano, deliziano e ispirano i Vacayans. Questa pagina \u00e8 dedicata ad alcune di quelle cose preferite! Ti invitiamo a esplorare e supportare queste incredibili organizzazioni, aziende e prodotti.[\/et_pb_text][\/et_pb_column][\/et_pb_row][et_pb_row column_structure=&#8221;1_2,1_2&#8243; _builder_version=&#8221;4.17.6&#8243; _module_preset=&#8221;default&#8221; global_colors_info=&#8221;{}&#8221;][et_pb_column type=&#8221;1_2&#8243; _builder_version=&#8221;4.17.6&#8243; _module_preset=&#8221;default&#8221; global_colors_info=&#8221;{}&#8221;][et_pb_image src=&#8221;https:\/\/www.myvacaya.com\/wp-content\/uploads\/2024\/10\/JimSupport-Hero-1000&#215;667-favorite-things-page-1.jpg&#8221; title_text=&#8221;JimSupport Hero 1000&#215;667 pagina cose preferite&#8221; url=&#8221;https:\/\/www.jimsupport.com\/&#8221; url_new_window=&#8221;on&#8221; show_bottom_space=&#8221;off&#8221; force_fullwidth=&#8221;on&#8221; _builder_version=&#8221;4.23.4&#8243; _module_preset=&#8221;default&#8221; hover_enabled=&#8221;0&#8243; global_colors_info=&#8221;{}&#8221; sticky_enabled=&#8221;0&#8243;][\/et_pb_image][\/et_pb_column][et_pb_column type=&#8221;1_2&#8243; _builder_version=&#8221;4.17.6&#8243; _module_preset=&#8221;default&#8221; global_colors_info=&#8221;{}&#8221;][et_pb_text _builder_version=&#8221;4.23.4&#8243; _module_preset=&#8221;default&#8221; hover_enabled=&#8221;0&#8243; global_colors_info=&#8221;{}&#8221; sticky_enabled=&#8221;0&#8243;]<\/p>\n<h5 style=\"text-align: center;\"><a href=\"https:\/\/www.visitlauderdale.com\/\" target=\"_blank\" rel=\"noopener\"><strong>JIMSUPPORT BY FETISH LOCKER<\/strong><\/a> &#8230; Mobili per il sesso che ti fanno uscire dall&#8217;ordinario <\/h5>\n<p>&nbsp;<\/p>\n<h5 style=\"text-align: center;\">Demo al Mexico Resort &#8211; 27 ottobre &#8211; 3 novembre 2024<\/h5>\n<p>&nbsp;<\/p>\n<p style=\"text-align: center;\">Quindi acquista online e risparmia il 15% con il codice promozionale VACAYA15<\/p>\n<p>&nbsp;<\/p>\n<p style=\"text-align: center;\">JimSupport di Fetish Locker \u00e8 la tua fonte per telai a imbracatura di qualit\u00e0 superiore, sedie a cerchio, panche per il sesso e tutto ci\u00f2 che li accompagna. La nostra missione \u00e8 creare attrezzature eccezionali per gli esseri umani che conoscono il sesso bollente e pretendono un design, una qualit\u00e0 e una funzionalit\u00e0 eccellenti. <\/p>\n<p><a class=\"btn-pink-inline\" href=\"https:\/\/www.jimsupport.com\/\" target=\"_blank\" rel=\"noopener\"><span class=\"link-inside\">SOSTIENI LE IMPRESE GAY E RISPARMIA<\/span><\/a><\/p>\n<p>[\/et_pb_text][\/et_pb_column][\/et_pb_row][et_pb_row column_structure=&#8221;1_2,1_2&#8243; _builder_version=&#8221;4.17.6&#8243; _module_preset=&#8221;default&#8221; global_colors_info=&#8221;{}&#8221;][et_pb_column type=&#8221;1_2&#8243; _builder_version=&#8221;4.17.6&#8243; _module_preset=&#8221;default&#8221; global_colors_info=&#8221;{}&#8221;][et_pb_image src=&#8221;https:\/\/www.myvacaya.com\/wp-content\/uploads\/2024\/02\/Visit-Lauderdale-Hero-1000&#215;667-favorite-things-page.jpg&#8221; title_text=&#8221;Visita la pagina delle cose preferite di Lauderdale Hero 1000&#215;667&#8243; url=&#8221;https:\/\/www.visitlauderdale.com\/&#8221; url_new_window=&#8221;on&#8221; show_bottom_space=&#8221;off&#8221; force_fullwidth=&#8221;on&#8221; _builder_version=&#8221;4.23.4&#8243; _module_preset=&#8221;default&#8221; global_colors_info=&#8221;{}&#8221;][\/et_pb_image][\/et_pb_column][et_pb_column type=&#8221;1_2&#8243; _builder_version=&#8221;4.17.6&#8243; _module_preset=&#8221;default&#8221; global_colors_info=&#8221;{}&#8221;][et_pb_text _builder_version=&#8221;4.23.4&#8243; _module_preset=&#8221;default&#8221; global_colors_info=&#8221;{}&#8221;]<\/p>\n<h5 style=\"text-align: center;\"><a href=\"https:\/\/www.visitlauderdale.com\/\" target=\"_blank\" rel=\"noopener\"><strong>VISITA LAUDERDALE<\/strong><\/a> &#8230; Diamo il benvenuto a tutti sotto il sole<\/h5>\n<p>&nbsp;<\/p>\n<h5 style=\"text-align: center;\">A bordo della Celebrity APEX dal 17 al 14 febbraio 2024<\/h5>\n<p>&nbsp;<\/p>\n<p style=\"text-align: center;\">Visit Lauderdale si impegna a presentare le offerte diversificate, inclusive e accessibili di Fort Lauderdale, promuovendo la sua vivace cultura e l&#8217;atmosfera accogliente per i viaggiatori di tutto il mondo. Sostenendo le attivit\u00e0 commerciali locali possedute e gestite da persone LGBT, gli ospiti svolgono un ruolo fondamentale nel sostenere la vivace cultura LGBTQ+ della citt\u00e0 e nel promuovere la sua reputazione di destinazione accogliente e solidale per tutti i viaggiatori.<\/p>\n<p><a class=\"btn-pink-inline\" href=\"https:\/\/www.visitlauderdale.com\/\" target=\"_blank\" rel=\"noopener\"><span class=\"link-inside\">GIOCARE. NEGOZIO. CENARE. LOCALE<\/span><\/a><\/p>\n<p>[\/et_pb_text][\/et_pb_column][\/et_pb_row][et_pb_row column_structure=&#8221;1_2,1_2&#8243; _builder_version=&#8221;4.17.6&#8243; _module_preset=&#8221;default&#8221; global_colors_info=&#8221;{}&#8221;][et_pb_column type=&#8221;1_2&#8243; _builder_version=&#8221;4.17.6&#8243; _module_preset=&#8221;default&#8221; global_colors_info=&#8221;{}&#8221;][et_pb_image src=&#8221;https:\/\/www.myvacaya.com\/wp-content\/uploads\/2024\/02\/Pride-Factory-Hero-1000&#215;667-favorite-things-pages.jpg&#8221; title_text=&#8221;Pagine delle cose preferite di Pride Factory Hero 1000&#215;667&#8243; url=&#8221;https:\/\/www.pridefactory.com\/&#8221; url_new_window=&#8221;on&#8221; show_bottom_space=&#8221;off&#8221; force_fullwidth=&#8221;on&#8221; _builder_version=&#8221;4.23.4&#8243; _module_preset=&#8221;default&#8221; global_colors_info=&#8221;{}&#8221;][\/et_pb_image][\/et_pb_column][et_pb_column type=&#8221;1_2&#8243; _builder_version=&#8221;4.17.6&#8243; _module_preset=&#8221;default&#8221; global_colors_info=&#8221;{}&#8221;][et_pb_text _builder_version=&#8221;4.23.4&#8243; _module_preset=&#8221;default&#8221; global_colors_info=&#8221;{}&#8221;]<\/p>\n<h5 style=\"text-align: center;\"><a href=\"https:\/\/www.pridefactory.com\/\" target=\"_blank\" rel=\"noopener\"><strong>PRIDE FACTORY<\/strong><\/a> alimenter\u00e0 il negozio di abbigliamento VACAYA<\/h5>\n<p>&nbsp;<\/p>\n<h5 style=\"text-align: center;\">A bordo della Celebrity APEX dal 17 al 14 febbraio 2024<\/h5>\n<p>&nbsp;<\/p>\n<p style=\"text-align: center;\">PRIDE FACTORY \u00e8 un vivace negozio di abbigliamento nel cuore di Wilton Manors, in Florida, che celebra la diversit\u00e0 e l&#8217;inclusivit\u00e0 attraverso la sua gamma colorata di abbigliamento e accessori, rivolgendosi sia alla comunit\u00e0 LGBTQ+ che ai suoi alleati. Con una selezione curata di pezzi trendy ed eleganti, offre una piattaforma per l&#8217;espressione di s\u00e9 e l&#8217;empowerment, promuovendo un senso di orgoglio e unit\u00e0 tra i suoi clienti. VACAYA \u00e8 fortunata ad avere Pride Factory che alimenta il nostro negozio di abbigliamento e riunisce gay a bordo di Celebrity APEX e siamo entusiasti di supportare questa attivit\u00e0 locale durante la nostra visita in Florida.<\/p>\n<p><a class=\"btn-pink-inline\" href=\"https:\/\/www.pridefactory.com\/\" target=\"_blank\" rel=\"noopener\"><span class=\"link-inside\">SUPPORTARE LE IMPRESE GAY<\/span><\/a><\/p>\n<p>[\/et_pb_text][\/et_pb_column][\/et_pb_row][et_pb_row column_structure=&#8221;1_2,1_2&#8243; _builder_version=&#8221;4.17.6&#8243; _module_preset=&#8221;default&#8221; global_colors_info=&#8221;{}&#8221;][et_pb_column type=&#8221;1_2&#8243; _builder_version=&#8221;4.17.6&#8243; _module_preset=&#8221;default&#8221; global_colors_info=&#8221;{}&#8221;][et_pb_image src=&#8221;https:\/\/www.myvacaya.com\/wp-content\/uploads\/2024\/02\/Jimmy-Trendy-Hero-1000&#215;667-favorite-things-page.jpg&#8221; title_text=&#8221;Pagina delle cose preferite di Jimmy Trendy Hero 1000&#215;667&#8243; url=&#8221;https:\/\/www.jimmytrendy.com\/&#8221; url_new_window=&#8221;on&#8221; show_bottom_space=&#8221;off&#8221; force_fullwidth=&#8221;on&#8221; _builder_version=&#8221;4.23.4&#8243; _module_preset=&#8221;default&#8221; global_colors_info=&#8221;{}&#8221;][\/et_pb_image][\/et_pb_column][et_pb_column type=&#8221;1_2&#8243; _builder_version=&#8221;4.17.6&#8243; _module_preset=&#8221;default&#8221; global_colors_info=&#8221;{}&#8221;][et_pb_text _builder_version=&#8221;4.23.4&#8243; _module_preset=&#8221;default&#8221; global_colors_info=&#8221;{}&#8221;]<\/p>\n<h5 style=\"text-align: center;\"><a href=\"https:\/\/www.jimmytrendy.com\" target=\"_blank\" rel=\"noopener\"><strong>JIMMY<\/strong><\/a> alimenter\u00e0 il negozio di abbigliamento VACAYA e il pool Gaymes<\/h5>\n<p>&nbsp;<\/p>\n<h5 style=\"text-align: center;\">A bordo della Celebrity APEX dal 17 al 14 febbraio 2024<\/h5>\n<p>&nbsp;<\/p>\n<p style=\"text-align: center;\">JIMMY TRENDY offre una versione rinfrescante dell&#8217;abbigliamento da spiaggia con la sua collezione di motivi vivaci e tagli eleganti di costumi da bagno. Progettato per gli individui alla moda, ogni pezzo combina materiali di qualit\u00e0 con design alla moda, assicurandoti di fare colpo con sicurezza ed eleganza. Unisciti a noi nel negozio di articoli da regalo per avere l&#8217;opportunit\u00e0 esclusiva di incontrare il designer dietro gli splendidi costumi da bagno e acquistare in prima persona gli ultimi look! Scopri l&#8217;ispirazione dietro ogni modello mentre esplori la nostra collezione curata e porta a casa i tuoi pezzi preferiti per un&#8217;estate elegante.<\/p>\n<p><a class=\"btn-pink-inline\" href=\"https:\/\/www.jimmytrendy.com\" target=\"_blank\" rel=\"noopener\"><span class=\"link-inside\">SENTITI TRENDY NELLE TUE TENDENZE!<\/span><\/a><\/p>\n<p>[\/et_pb_text][\/et_pb_column][\/et_pb_row][et_pb_row column_structure=&#8221;1_2,1_2&#8243; _builder_version=&#8221;4.17.6&#8243; _module_preset=&#8221;default&#8221; global_colors_info=&#8221;{}&#8221;][et_pb_column type=&#8221;1_2&#8243; _builder_version=&#8221;4.17.6&#8243; _module_preset=&#8221;default&#8221; global_colors_info=&#8221;{}&#8221;][et_pb_image src=&#8221;https:\/\/www.myvacaya.com\/wp-content\/uploads\/2024\/02\/Bike-Athletic-Hero-1000&#215;667-favorite-things-page-1.jpg&#8221; title_text=&#8221;Pagina delle cose preferite di Bike Athletic Hero 1000&#215;667&#8243; url=&#8221;https:\/\/www.bikeathletic.com\/&#8221; url_new_window=&#8221;on&#8221; show_bottom_space=&#8221;off&#8221; force_fullwidth=&#8221;on&#8221; _builder_version=&#8221;4.23.4&#8243; _module_preset=&#8221;default&#8221; global_colors_info=&#8221;{}&#8221;][\/et_pb_image][\/et_pb_column][et_pb_column type=&#8221;1_2&#8243; _builder_version=&#8221;4.17.6&#8243; _module_preset=&#8221;default&#8221; global_colors_info=&#8221;{}&#8221;][et_pb_text _builder_version=&#8221;4.23.4&#8243; _module_preset=&#8221;default&#8221; global_colors_info=&#8221;{}&#8221;]<\/p>\n<h5 style=\"text-align: center;\">BIKE Athletic alimenter\u00e0 i gay e vestir\u00e0 i nostri ospiti!<\/h5>\n<h5> <\/h5>\n<p>&nbsp;<\/p>\n<h5 style=\"text-align: center;\">A bordo della Celebrity APEX dal 17 al 24 febbraio 2024<\/h5>\n<p>&nbsp;<\/p>\n<p>BIKE\u00ae \u00e8 un vero classico, che rappresenta la qualit\u00e0 e il comfort che hanno stabilito lo standard elevato originale nei jocks. I prodotti BIKE sono fatti per chi ama osare!<\/p>\n<p><a class=\"btn-pink-inline\" href=\"https:\/\/www.bikeathletic.com\/\" target=\"_blank\" rel=\"noopener\"><span class=\"link-inside\">ACQUISTA I LOOK<\/span><\/a><\/p>\n<p>[\/et_pb_text][\/et_pb_column][\/et_pb_row][et_pb_row column_structure=&#8221;1_2,1_2&#8243; _builder_version=&#8221;4.17.6&#8243; _module_preset=&#8221;default&#8221; global_colors_info=&#8221;{}&#8221;][et_pb_column type=&#8221;1_2&#8243; _builder_version=&#8221;4.17.6&#8243; _module_preset=&#8221;default&#8221; global_colors_info=&#8221;{}&#8221;][et_pb_image src=&#8221;https:\/\/www.myvacaya.com\/wp-content\/uploads\/2024\/02\/KGAY-Radio-Hero-1000&#215;667-favorite-things-page.jpg&#8221; title_text=&#8221;Pagina delle cose preferite di KGAY Radio Hero 1000&#215;667&#8243; url=&#8221;https:\/\/kgaypalmsprings.com\/&#8221; url_new_window=&#8221;on&#8221; show_bottom_space=&#8221;off&#8221; force_fullwidth=&#8221;on&#8221; _builder_version=&#8221;4.23.4&#8243; _module_preset=&#8221;default&#8221; global_colors_info=&#8221;{}&#8221;][\/et_pb_image][\/et_pb_column][et_pb_column type=&#8221;1_2&#8243; _builder_version=&#8221;4.17.6&#8243; _module_preset=&#8221;default&#8221; global_colors_info=&#8221;{}&#8221;][et_pb_text _builder_version=&#8221;4.23.4&#8243; _module_preset=&#8221;default&#8221; global_colors_info=&#8221;{}&#8221;]<\/p>\n<h5 style=\"text-align: center;\"><a href=\"https:\/\/kgaypalmsprings.com\/\">KGAY RADIO<\/a> alimenter\u00e0 VACAYA Music!<\/h5>\n<h5> <\/h5>\n<p>&nbsp;<\/p>\n<h5 style=\"text-align: center;\">A bordo della Celebrity APEX dal 17 al 24 febbraio 2024<\/h5>\n<p>&nbsp;<\/p>\n<p>VACAYA Music powered by KGAY sar\u00e0 disponibile sulla Celebrity APEX di bordo della TV della cabina degli ospiti per il nostro charter. Una volta tornato a casa, ascolta i successi dance e scopri di pi\u00f9 su tutto ci\u00f2 che la gay Palm Springs ha da offrire su <a href=\"https:\/\/kgaypalmsprings.com\/\" target=\"_blank\" rel=\"noopener\">KGAY Radio<\/a> e <a href=\"https:\/\/gaydesertguide.com\/\" target=\"_blank\" rel=\"noopener\">GAY DESERT GUIDE<\/a> .<\/p>\n<p>[\/et_pb_text][\/et_pb_column][\/et_pb_row][et_pb_row _builder_version=&#8221;4.23.4&#8243; _module_preset=&#8221;default&#8221; global_colors_info=&#8221;{}&#8221;][et_pb_column type=&#8221;4_4&#8243; _builder_version=&#8221;4.23.4&#8243; _module_preset=&#8221;default&#8221; global_colors_info=&#8221;{}&#8221;][et_pb_divider _builder_version=&#8221;4.23.4&#8243; _module_preset=&#8221;default&#8221; global_colors_info=&#8221;{}&#8221;][\/et_pb_divider][\/et_pb_column][\/et_pb_row][et_pb_row column_structure=&#8221;1_4,3_4&#8243; _builder_version=&#8221;4.17.6&#8243; _module_preset=&#8221;default&#8221; global_colors_info=&#8221;{}&#8221;][et_pb_column type=&#8221;1_4&#8243; _builder_version=&#8221;4.17.6&#8243; _module_preset=&#8221;default&#8221; global_colors_info=&#8221;{}&#8221;][et_pb_image src=&#8221;https:\/\/www.myvacaya.com\/wp-content\/uploads\/2022\/09\/22181186_10159501435160217_93784187498304947_o-1.jpg&#8221; title_text=&#8221;22181186_10159501435160217_93784187498304947_o-1&#8243; show_bottom_space=&#8221;off&#8221; force_fullwidth=&#8221;on&#8221; _builder_version=&#8221;4.17.6&#8243; _module_preset=&#8221;default&#8221; global_colors_info=&#8221;{}&#8221;][\/et_pb_image][\/et_pb_column][et_pb_column type=&#8221;3_4&#8243; _builder_version=&#8221;4.17.6&#8243; _module_preset=&#8221;default&#8221; global_colors_info=&#8221;{}&#8221;][et_pb_text admin_label=&#8221;Section Title &#8211; H3&#8243; _builder_version=&#8221;4.17.6&#8243; _module_preset=&#8221;default&#8221; header_3_font=&#8221;Futura Bold|||on|||||&#8221; header_3_text_align=&#8221;center&#8221; header_3_text_color=&#8221;#000000&#8243; header_3_font_size=&#8221;18px&#8221; header_3_letter_spacing=&#8221;1.8px&#8221; header_3_line_height=&#8221;24px&#8221; custom_margin=&#8221;||||false|false&#8221; custom_margin_tablet=&#8221;||||false|false&#8221; custom_margin_phone=&#8221;||||false|false&#8221; custom_margin_last_edited=&#8221;on|phone&#8221; custom_padding=&#8221;||||false|false&#8221; global_colors_info=&#8221;{}&#8221;]<\/p>\n<h3>CAMPAGNA PER I DIRITTI UMANI<\/h3>\n<p>[\/et_pb_text][et_pb_text _builder_version=&#8221;4.17.6&#8243; _module_preset=&#8221;default&#8221; global_colors_info=&#8221;{}&#8221;]<\/p>\n<p>In qualit\u00e0 di pi\u00f9 grande organizzazione per i diritti civili che lavora per raggiungere l&#8217;uguaglianza per lesbiche, gay, bisessuali, transgender e queer americani, la Human Rights Campaign rappresenta una forza di oltre 3 milioni di membri e sostenitori a livello nazionale, tutti impegnati a trasformare la visione di HRC in realt\u00e0.<\/p>\n<p>HRC immagina un mondo in cui le persone lesbiche, gay, bisessuali, transgender e queer siano abbracciate come membri a pieno titolo della societ\u00e0 a casa, al lavoro e in ogni comunit\u00e0.<\/p>\n<p>VACAYA \u00e8 un fiero sostenitore della Campagna per i Diritti Umani.<\/p>\n<p><a class=\"btn-pink-inline\" href=\"https:\/\/www.hrc.org\" target=\"_blank\" rel=\"noopener\"><span class=\"link-inside\">SCOPRI DI PI\u00d9 E SUPPORTA HRC<\/span><\/a><\/p>\n<p>[\/et_pb_text][\/et_pb_column][\/et_pb_row][et_pb_row column_structure=&#8221;1_4,3_4&#8243; _builder_version=&#8221;4.17.6&#8243; _module_preset=&#8221;default&#8221; global_colors_info=&#8221;{}&#8221;][et_pb_column type=&#8221;1_4&#8243; _builder_version=&#8221;4.17.6&#8243; _module_preset=&#8221;default&#8221; global_colors_info=&#8221;{}&#8221;][et_pb_image src=&#8221;https:\/\/www.myvacaya.com\/wp-content\/uploads\/2022\/09\/GLAAD-2-1-768&#215;1024-1.jpg&#8221; title_text=&#8221;GLAAD-2-1-768&#215;1024&#8243; show_bottom_space=&#8221;off&#8221; force_fullwidth=&#8221;on&#8221; _builder_version=&#8221;4.17.6&#8243; _module_preset=&#8221;default&#8221; global_colors_info=&#8221;{}&#8221;][\/et_pb_image][\/et_pb_column][et_pb_column type=&#8221;3_4&#8243; _builder_version=&#8221;4.17.6&#8243; _module_preset=&#8221;default&#8221; global_colors_info=&#8221;{}&#8221;][et_pb_text admin_label=&#8221;Section Title &#8211; H3&#8243; _builder_version=&#8221;4.17.6&#8243; _module_preset=&#8221;default&#8221; header_3_font=&#8221;Futura Bold|||on|||||&#8221; header_3_text_align=&#8221;center&#8221; header_3_text_color=&#8221;#000000&#8243; header_3_font_size=&#8221;18px&#8221; header_3_letter_spacing=&#8221;1.8px&#8221; header_3_line_height=&#8221;24px&#8221; custom_margin=&#8221;||||false|false&#8221; custom_margin_tablet=&#8221;||||false|false&#8221; custom_margin_phone=&#8221;||||false|false&#8221; custom_margin_last_edited=&#8221;on|phone&#8221; custom_padding=&#8221;||||false|false&#8221; global_colors_info=&#8221;{}&#8221;]<\/p>\n<h3>FELICE<\/h3>\n<p>[\/et_pb_text][et_pb_text _builder_version=&#8221;4.23.4&#8243; _module_preset=&#8221;default&#8221; global_colors_info=&#8221;{}&#8221;]<\/p>\n<p>GLAAD riscrive la sceneggiatura per l&#8217;accettazione LGBTQ. In qualit\u00e0 di forza mediatica dinamica, GLAAD affronta questioni difficili per modellare la narrazione e provocare un dialogo che porti al cambiamento culturale. GLAAD protegge tutto ci\u00f2 che \u00e8 stato realizzato e crea un mondo in cui tutti possono vivere la vita che amano.<\/p>\n<p>GLAAD era l&#8217;acronimo di &#8220;Gay &amp; Lesbian Alliance Against Defamation&#8221;, ma ora l&#8217;organizzazione \u00e8 semplicemente conosciuta come GLAAD, che \u00e8 pi\u00f9 inclusiva delle questioni bisessuali e transgender.<\/p>\n<p>VACAYA \u00e8 un orgoglioso sostenitore di GLAAD e <a href=\"https:\/\/www.glaad.org\/events\/2019\/nashville\" target=\"_blank\" rel=\"noopener\">Love &amp; Acceptance<\/a> .<\/p>\n<p><a class=\"btn-pink-inline\" href=\"https:\/\/www.glaad.org\" target=\"_blank\" rel=\"noopener\"><span class=\"link-inside\">SCOPRI DI PI\u00d9 E SUPPORTA GLAAD<\/span><\/a><\/p>\n<p>[\/et_pb_text][\/et_pb_column][\/et_pb_row][\/et_pb_section]<\/p>\n","protected":false},"excerpt":{"rendered":"<p><div class=\"trip-overlay\"><div class=\"trip-title\"><h1>Tessere viaggio con titolo &#8211; Solo crociere<\/h1><\/div><\/div>Ci sono cos\u00ec tante cose meravigliose in questo mondo che solleticano, sfidano, deliziano e ispirano i Vacayans. Questa pagina \u00e8 dedicata ad alcune di quelle cose preferite! Ti invitiamo a esplorare e supportare queste incredibili organizzazioni, aziende e prodotti.JIMSUPPORT BY FETISH LOCKER &#8230; Mobili per il sesso che ti fanno uscire dall&#8217;ordinario &nbsp; Demo al [&hellip;]<\/p>\n","protected":false},"author":4,"featured_media":102946,"parent":118679,"menu_order":0,"comment_status":"closed","ping_status":"closed","template":"","meta":{"_acf_changed":false,"_et_pb_use_builder":"on","_et_pb_old_content":"","_et_gb_content_width":"","_monsterinsights_skip_tracking":false,"_monsterinsights_sitenote_active":false,"_monsterinsights_sitenote_note":"","_monsterinsights_sitenote_category":0,"footnotes":""},"class_list":["post-118944","page","type-page","status-publish","has-post-thumbnail","hentry"],"acf":[],"_links":{"self":[{"href":"https:\/\/www.myvacaya.com\/it\/wp-json\/wp\/v2\/pages\/118944","targetHints":{"allow":["GET"]}}],"collection":[{"href":"https:\/\/www.myvacaya.com\/it\/wp-json\/wp\/v2\/pages"}],"about":[{"href":"https:\/\/www.myvacaya.com\/it\/wp-json\/wp\/v2\/types\/page"}],"author":[{"embeddable":true,"href":"https:\/\/www.myvacaya.com\/it\/wp-json\/wp\/v2\/users\/4"}],"replies":[{"embeddable":true,"href":"https:\/\/www.myvacaya.com\/it\/wp-json\/wp\/v2\/comments?post=118944"}],"version-history":[{"count":121,"href":"https:\/\/www.myvacaya.com\/it\/wp-json\/wp\/v2\/pages\/118944\/revisions"}],"predecessor-version":[{"id":166229,"href":"https:\/\/www.myvacaya.com\/it\/wp-json\/wp\/v2\/pages\/118944\/revisions\/166229"}],"up":[{"embeddable":true,"href":"https:\/\/www.myvacaya.com\/it\/wp-json\/wp\/v2\/pages\/118679"}],"wp:featuredmedia":[{"embeddable":true,"href":"https:\/\/www.myvacaya.com\/it\/wp-json\/wp\/v2\/media\/102946"}],"wp:attachment":[{"href":"https:\/\/www.myvacaya.com\/it\/wp-json\/wp\/v2\/media?parent=118944"}],"curies":[{"name":"wp","href":"https:\/\/api.w.org\/{rel}","templated":true}]}}