{"id":118770,"date":"2018-02-10T15:16:50","date_gmt":"2018-02-10T20:16:50","guid":{"rendered":"https:\/\/www.myvacaya.com\/risorse-per-gli-ospiti\/assicurazione-di-viaggio\/"},"modified":"2024-04-30T14:15:48","modified_gmt":"2024-04-30T18:15:48","slug":"assicurazione-di-viaggio","status":"publish","type":"page","link":"https:\/\/www.myvacaya.com\/it\/risorse-per-gli-ospiti\/assicurazione-di-viaggio\/","title":{"rendered":"Assicurazione di viaggio"},"content":{"rendered":"<p>[et_pb_section fb_built=&#8221;1&#8243; fullwidth=&#8221;on&#8221; admin_label=&#8221;Slider&#8221; module_id=&#8221;cursore-sezione-interno&#8221; _builder_version=&#8221;4.17.6&#8243; _module_preset=&#8221;default&#8221; background_enable_image=&#8221;off&#8221; global_colors_info=&#8221;{}&#8221;][et_pb_fullwidth_code admin_label=&#8221;Slider Overlay&#8221; module_class=&#8221;interior-page-overlay&#8221; _builder_version=&#8221;4.17.6&#8243; _module_preset=&#8221;default&#8221; positioning=&#8221;absolute&#8221; position_origin_a=&#8221;top_right&#8221; position_origin_f=&#8221;top_right&#8221; z_index=&#8221;100&#8243; width=&#8221;50%&#8221; width_tablet=&#8221;50%&#8221; width_phone=&#8221;100%&#8221; width_last_edited=&#8221;on|phone&#8221; height=&#8221;100vh&#8221; global_colors_info=&#8221;{}&#8221;]<div class=\"trip-overlay\"><div class=\"trip-title\"><h1>Assicurazione di viaggio<\/h1><\/div><\/div>[\/et_pb_fullwidth_code][et_pb_fullwidth_slider show_arrows=&#8221;off&#8221; admin_label=&#8221;Slider Images&#8221; module_id=&#8221;slider-images&#8221; _builder_version=&#8221;4.17.6&#8243; _module_preset=&#8221;default&#8221; height=&#8221;100vh&#8221; auto=&#8221;on&#8221; global_colors_info=&#8221;{}&#8221;][et_pb_slide _builder_version=&#8221;4.17.6&#8243; _module_preset=&#8221;default&#8221; background_color=&#8221;RGBA(255,255,255,0)&#8221; background_enable_color=&#8221;on&#8221; background_image=&#8221;https:\/\/www.myvacaya.com\/wp-content\/uploads\/2022\/09\/travel-insurance.jpg&#8221; background_enable_image=&#8221;on&#8221; background_last_edited=&#8221;on|desktop&#8221; background_image_phone=&#8221;https:\/\/www.myvacaya.com\/wp-content\/uploads\/2022\/11\/travel-insurancefb-1200&#215;630-1.png&#8221; background_enable_image_phone=&#8221;on&#8221; global_colors_info=&#8221;{}&#8221; sticky_transition=&#8221;on&#8221;][\/et_pb_slide][\/et_pb_fullwidth_slider][\/et_pb_section][et_pb_section fb_built=&#8221;1&#8243; custom_padding_last_edited=&#8221;on|phone&#8221; _builder_version=&#8221;4.17.6&#8243; _module_preset=&#8221;default&#8221; custom_padding=&#8221;||||false|false&#8221; custom_padding_tablet=&#8221;||||false|false&#8221; custom_padding_phone=&#8221;||||false|false&#8221; global_colors_info=&#8221;{}&#8221;][et_pb_row custom_padding_last_edited=&#8221;on|desktop&#8221; _builder_version=&#8221;4.17.6&#8243; _module_preset=&#8221;default&#8221; custom_padding=&#8221;||||false|false&#8221; custom_padding_tablet=&#8221;||||false|false&#8221; custom_padding_phone=&#8221;||||false|false&#8221; global_colors_info=&#8221;{}&#8221;][et_pb_column type=&#8221;4_4&#8243; _builder_version=&#8221;4.17.6&#8243; _module_preset=&#8221;default&#8221; global_colors_info=&#8221;{}&#8221;][et_pb_text _builder_version=&#8221;4.23.4&#8243; _module_preset=&#8221;default&#8221; custom_margin=&#8221;||||false|false&#8221; custom_margin_tablet=&#8221;||||false|false&#8221; custom_margin_phone=&#8221;||||false|false&#8221; custom_margin_last_edited=&#8221;on|phone&#8221; hover_enabled=&#8221;0&#8243; global_colors_info=&#8221;{}&#8221; sticky_enabled=&#8221;0&#8243;]L&#8217;assicurazione di viaggio pu\u00f2 essere un ottimo investimento, soprattutto quando si viaggia verso destinazioni esotiche, si hanno pi\u00f9 collegamenti o si prevede di intraprendere attivit\u00e0 avventurose. VACAYA consiglia vivamente di acquistare una polizza per proteggere i tuoi sudati guadagni per le vacanze. La chiave \u00e8 scegliere la politica giusta per le vostre esigenze specifiche. Quanto segue pu\u00f2 aiutarti a trovare la politica giusta:<\/p>\n<ol>\n<li>Controlla se le tue carte di credito, le iscrizioni ai club automobilistici, la copertura del proprietario\/affittuario o il datore di lavoro forniscono polizze che includono la copertura per i viaggi all&#8217;estero.<\/li>\n<li>Vuoi sempre scegliere una compagnia assicurativa di terze parti per fornire la tua copertura. Avrai la possibilit\u00e0 di acquistare una polizza di terze parti indipendente al termine della tua prenotazione online con noi.<\/li>\n<li>Presta attenzione alla copertura per condizioni mediche preesistenti e assicurati che le disposizioni della polizza siano sufficientemente ampie per ogni singolo passeggero. Ad esempio, la copertura del gruppo Medicare per gli anziani potrebbe non essere disponibile per il trattamento al di fuori degli Stati Uniti. Molte polizze includeranno la copertura per condizioni mediche preesistenti se acquisti la polizza nello stesso momento in cui effettui il deposito iniziale per il tuo viaggio.<\/li>\n<li>Sono preferibili politiche che includano disposizioni sull&#8217;evacuazione, soprattutto quando si viaggia in aree del terzo mondo, poich\u00e9 gli standard medici in molti paesi sono inferiori a quelli degli Stati Uniti.<\/li>\n<li>Esamina i termini della protezione dal terrorismo nella politica per assicurarti che includa le aree circostanti di un incidente terroristico, non solo le citt\u00e0 sull&#8217;itinerario.<\/li>\n<li>Se sei un viaggiatore frequente, l&#8217;acquisto di una polizza di copertura di viaggio annuale pu\u00f2 essere un vero affare.<\/li>\n<li>Quando si confrontano le polizze, non dare per scontato che polizze con prezzi simili forniscano una copertura identica. Esamina attentamente i motivi coperti e non coperti per la cancellazione.<\/li>\n<li>Le polizze &#8220;Cancella per qualsiasi motivo&#8221; sono costose, ma condurre un&#8217;analisi dei costi aggiuntivi per questo tipo di copertura e delle tue esigenze particolari pu\u00f2 evitare problemi in seguito.<\/li>\n<li>L&#8217;assicurazione sulla vita a termine \u00e8 meno costosa tramite il tuo broker rispetto alle macchine assicurative in aeroporto.<\/li>\n<li>La copertura aggiuntiva per il bagaglio \u00e8 fortemente consigliata considerando la responsabilit\u00e0 limitata delle compagnie aeree di $ 3.300 nazionali \/ $ 1.600 internazionali per la perdita o il ritardo del bagaglio.<\/li>\n<\/ol>\n<p>Per ulteriori informazioni su questo argomento, assicurati di leggere il blog <strong><a href=\"https:\/\/www.myvacaya.com\/it\/assicurazione-di-viaggio-101\/\">Travel Insurance 101<\/a><\/strong> di Vacayan John Finen.[\/et_pb_text][\/et_pb_column][\/et_pb_row][\/et_pb_section]<\/p>\n","protected":false},"excerpt":{"rendered":"<p><div class=\"trip-overlay\"><div class=\"trip-title\"><h1>Tessere viaggio con titolo &#8211; Solo crociere<\/h1><\/div><\/div>L&#8217;assicurazione di viaggio pu\u00f2 essere un ottimo investimento, soprattutto quando si viaggia verso destinazioni esotiche, si hanno pi\u00f9 collegamenti o si prevede di intraprendere attivit\u00e0 avventurose. VACAYA consiglia vivamente di acquistare una polizza per proteggere i tuoi sudati guadagni per le vacanze. La chiave \u00e8 scegliere la politica giusta per le vostre esigenze specifiche. Quanto [&hellip;]<\/p>\n","protected":false},"author":1,"featured_media":0,"parent":118744,"menu_order":0,"comment_status":"closed","ping_status":"closed","template":"","meta":{"_acf_changed":false,"_et_pb_use_builder":"on","_et_pb_old_content":"","_et_gb_content_width":"","_monsterinsights_skip_tracking":false,"_monsterinsights_sitenote_active":false,"_monsterinsights_sitenote_note":"","_monsterinsights_sitenote_category":0,"footnotes":""},"class_list":["post-118770","page","type-page","status-publish","hentry"],"acf":[],"_links":{"self":[{"href":"https:\/\/www.myvacaya.com\/it\/wp-json\/wp\/v2\/pages\/118770","targetHints":{"allow":["GET"]}}],"collection":[{"href":"https:\/\/www.myvacaya.com\/it\/wp-json\/wp\/v2\/pages"}],"about":[{"href":"https:\/\/www.myvacaya.com\/it\/wp-json\/wp\/v2\/types\/page"}],"author":[{"embeddable":true,"href":"https:\/\/www.myvacaya.com\/it\/wp-json\/wp\/v2\/users\/1"}],"replies":[{"embeddable":true,"href":"https:\/\/www.myvacaya.com\/it\/wp-json\/wp\/v2\/comments?post=118770"}],"version-history":[{"count":5,"href":"https:\/\/www.myvacaya.com\/it\/wp-json\/wp\/v2\/pages\/118770\/revisions"}],"predecessor-version":[{"id":151441,"href":"https:\/\/www.myvacaya.com\/it\/wp-json\/wp\/v2\/pages\/118770\/revisions\/151441"}],"up":[{"embeddable":true,"href":"https:\/\/www.myvacaya.com\/it\/wp-json\/wp\/v2\/pages\/118744"}],"wp:attachment":[{"href":"https:\/\/www.myvacaya.com\/it\/wp-json\/wp\/v2\/media?parent=118770"}],"curies":[{"name":"wp","href":"https:\/\/api.w.org\/{rel}","templated":true}]}}