{"id":118749,"date":"2018-02-10T15:16:25","date_gmt":"2018-02-10T20:16:25","guid":{"rendered":"https:\/\/www.myvacaya.com\/risorse-per-gli-ospiti\/politica-sulla-riservatezza\/"},"modified":"2023-08-04T10:51:34","modified_gmt":"2023-08-04T14:51:34","slug":"politica-sulla-riservatezza","status":"publish","type":"page","link":"https:\/\/www.myvacaya.com\/it\/risorse-per-gli-ospiti\/politica-sulla-riservatezza\/","title":{"rendered":"politica sulla riservatezza"},"content":{"rendered":"<p>[et_pb_section fb_built=&#8221;1&#8243; fullwidth=&#8221;on&#8221; admin_label=&#8221;Slider&#8221; module_id=&#8221;cursore-sezione-interno&#8221; _builder_version=&#8221;4.17.6&#8243; _module_preset=&#8221;default&#8221; background_enable_image=&#8221;off&#8221; global_colors_info=&#8221;{}&#8221;][et_pb_fullwidth_code admin_label=&#8221;Slider Overlay&#8221; module_class=&#8221;interior-page-overlay&#8221; _builder_version=&#8221;4.17.6&#8243; _module_preset=&#8221;default&#8221; positioning=&#8221;absolute&#8221; position_origin_a=&#8221;top_right&#8221; position_origin_f=&#8221;top_right&#8221; z_index=&#8221;100&#8243; width=&#8221;50%&#8221; width_tablet=&#8221;50%&#8221; width_phone=&#8221;100%&#8221; width_last_edited=&#8221;on|phone&#8221; height=&#8221;100vh&#8221; hover_enabled=&#8221;0&#8243; global_colors_info=&#8221;{}&#8221; sticky_enabled=&#8221;0&#8243;]<div class=\"trip-overlay\"><div class=\"trip-title\"><h1>politica sulla riservatezza<\/h1><\/div><\/div>[\/et_pb_fullwidth_code][et_pb_fullwidth_slider show_arrows=&#8221;off&#8221; admin_label=&#8221;Slider Images&#8221; module_id=&#8221;slider-images&#8221; _builder_version=&#8221;4.17.6&#8243; _module_preset=&#8221;default&#8221; height=&#8221;100vh&#8221; auto=&#8221;on&#8221; global_colors_info=&#8221;{}&#8221;][et_pb_slide _builder_version=&#8221;4.17.6&#8243; _module_preset=&#8221;default&#8221; background_color=&#8221;RGBA(255,255,255,0)&#8221; background_enable_color=&#8221;on&#8221; background_image=&#8221;https:\/\/www.myvacaya.com\/wp-content\/uploads\/2022\/09\/privacy.jpg&#8221; background_enable_image=&#8221;on&#8221; background_last_edited=&#8221;on|desktop&#8221; background_image_phone=&#8221;https:\/\/www.myvacaya.com\/wp-content\/uploads\/2022\/11\/privacy-policy-mobile-414&#215;500-1.jpg&#8221; background_enable_image_phone=&#8221;on&#8221; global_colors_info=&#8221;{}&#8221; sticky_transition=&#8221;on&#8221;][\/et_pb_slide][\/et_pb_fullwidth_slider][\/et_pb_section][et_pb_section fb_built=&#8221;1&#8243; custom_padding_last_edited=&#8221;on|phone&#8221; _builder_version=&#8221;4.17.6&#8243; _module_preset=&#8221;default&#8221; custom_padding=&#8221;||||false|false&#8221; custom_padding_tablet=&#8221;||||false|false&#8221; custom_padding_phone=&#8221;||||false|false&#8221; global_colors_info=&#8221;{}&#8221;][et_pb_row custom_padding_last_edited=&#8221;on|desktop&#8221; _builder_version=&#8221;4.17.6&#8243; _module_preset=&#8221;default&#8221; custom_padding=&#8221;||||false|false&#8221; custom_padding_tablet=&#8221;||||false|false&#8221; custom_padding_phone=&#8221;||||false|false&#8221; global_colors_info=&#8221;{}&#8221;][et_pb_column type=&#8221;4_4&#8243; _builder_version=&#8221;4.17.6&#8243; _module_preset=&#8221;default&#8221; global_colors_info=&#8221;{}&#8221;][et_pb_text _builder_version=&#8221;4.17.6&#8243; _module_preset=&#8221;default&#8221; custom_margin=&#8221;||||false|false&#8221; custom_margin_tablet=&#8221;||||false|false&#8221; custom_margin_phone=&#8221;||||false|false&#8221; custom_margin_last_edited=&#8221;on|phone&#8221; global_colors_info=&#8221;{}&#8221;]La presente Informativa sulla privacy (&#8220;Informativa&#8221;) si applica alle informazioni ricevute da VACAYA (la &#8220;Societ\u00e0&#8221;). Questo avviso descrive la nostra politica sulla privacy (&#8220;Politica&#8221;) in relazione ai dati raccolti tramite il nostro sito Web, funzionalit\u00e0 interattive, applicazioni, widget, blog, social network e &#8220;schede&#8221; di social network o di appartenenza e altre offerte online o wireless che pubblicano un collegamento alla presente Informativa sulla privacy, a cui si accede tramite computer, dispositivo mobile o altra tecnologia (insieme, il &#8220;Sito Web&#8221;). Questa politica spiega quali informazioni raccogliamo su di te e cosa ne facciamo. La Societ\u00e0 si riserva il diritto di rivedere la presente informativa sulla privacy in qualsiasi momento. Ti informeremo di eventuali modifiche sostanziali alla Politica pubblicando la nuova Politica qui e modificando la data &#8220;Ultimo aggiornamento&#8221; in alto. \u00c8 necessario leggere periodicamente questa politica per conoscere eventuali revisioni.<\/p>\n<p><strong>Quali informazioni raccogliamo?<\/strong><br \/>\nCi fornisci volontariamente Dati personali quando intraprendi un&#8217;azione come effettuare una prenotazione con noi, richiedere informazioni su VACAYA, visitare il sito Web o attraverso vari altri metodi. Raccogliamo informazioni sulla tua carta di credito, ove applicabile, al fine di facilitare i tuoi acquisti. Raccogliamo informazioni personali identificabili individualmente (&#8220;Dati personali&#8221;) che ci fornisci come nome, indirizzo e-mail, indirizzo, numero di telefono, codice postale, paese, sesso, data di nascita, et\u00e0, nome utente o screen name, e parola d&#8217;ordine. Inoltre, puoi scegliere di fornire a VACAYA ulteriori informazioni tra cui stato civile, reddito familiare, istruzione e stato lavorativo. I nostri sondaggi chiedono la tua opinione su varie questioni. VACAYA offre la possibilit\u00e0 di inoltrare informazioni sul sito a un&#8217;altra persona tramite e-mail o social media. Se utilizzi uno di questi servizi, utilizzeremo l&#8217;indirizzo e-mail del destinatario o il tuo segnale di social media per inviare le informazioni e ti chiederemo anche il tuo indirizzo e-mail.<\/p>\n<p>Sul nostro sito Web, oltre ai dati personali, raccogliamo anche dati non identificabili personalmente, come (ma non limitato a) il numero di visitatori unici, la frequenza delle visite al sito Web, le pagine del sito visualizzate, il sito del visitatore arrivato e da cui parte, nonch\u00e9 l&#8217;indirizzo IP del computer utilizzato per accedere al sito web.<\/p>\n<p><strong>Cosa facciamo con le informazioni che abbiamo raccolto?<\/strong><br \/>\nUtilizziamo i dati personali che raccogliamo per fornire i nostri servizi e impegnarci in attivit\u00e0 pubblicitarie e di marketing. Utilizziamo la carta di credito e\/o altre informazioni finanziarie che ci fornisci per soddisfare il tuo ordine o richiesta. La Societ\u00e0 prende precauzioni ragionevoli per tentare di garantire la sicurezza e la protezione delle transazioni online dei nostri clienti. I numeri di carta di credito che inserisci nella nostra pagina web di fatturazione sono crittografati e trasmessi tramite la tecnologia SSL (Secure Sockets Layer). SSL \u00e8 lo standard del settore per proteggere le transazioni di messaggistica Web.<\/p>\n<p>Raccogliamo il tuo indirizzo IP (un numero assegnato dal tuo provider di servizi Internet al tuo computer per identificarne la posizione). Utilizziamo il tuo indirizzo IP per aiutare a diagnosticare problemi con il nostro server e per amministrare questo sito. A volte utilizziamo anche gli indirizzi IP per comunicare con membri e abbonati e possibilmente anche bandire quei membri che non rispettano i nostri Termini di servizio.<\/p>\n<p><strong>Condividiamo le informazioni che raccogliamo con terze parti?<\/strong><br \/>\nCondividiamo i dati personali e i dati non identificabili personalmente con i nostri partner commerciali\/fornitori per fornire i nostri servizi, per scopi di ricerca di mercato e di settore, per scopi pubblicitari e di marketing e per altri motivi.<\/p>\n<p>La Societ\u00e0 pu\u00f2 trasferire qualsiasi informazione nei propri database, inclusi, a titolo esemplificativo ma non esaustivo, i Dati personali, a un&#8217;affiliata o a terzi come parte di un trasferimento di beni aziendali.<\/p>\n<p>La Societ\u00e0 pu\u00f2 inoltre rilasciare qualsiasi dato al fine di ottemperare a qualsiasi procedimento legale, comprese le richieste delle forze dell&#8217;ordine e delle agenzie governative, per far rispettare i Termini di utilizzo del sito Web e altri accordi e per proteggere i clienti e altri. Potremmo farlo quando riteniamo in buona fede che la divulgazione di queste informazioni sia altrimenti necessaria o consigliabile, incluso, ad esempio, identificare, contattare o intentare un&#8217;azione legale contro qualcuno che potrebbe causare lesioni o interferire con i diritti o la propriet\u00e0 di la Societ\u00e0, un altro utente o chiunque altro possa essere danneggiato da tali attivit\u00e0.<\/p>\n<p>La Societ\u00e0 pu\u00f2 divulgare i Dati personali quando abbiamo motivo di ritenere che la divulgazione di tali informazioni sia necessaria per identificare, indagare, contattare o intentare un&#8217;azione legale contro qualcuno che potrebbe causare lesioni o interferenze con (intenzionalmente o meno) il Sito Web o il sito Web della Societ\u00e0 diritti o propriet\u00e0.<\/p>\n<p><strong>Utilizziamo i cookie?<\/strong><br \/>\nS\u00cc. I cookie sono piccoli file di dati generati dai server web e memorizzati nel tuo computer per un accesso futuro. Utilizziamo principalmente i cookie per migliorare la tua navigazione sul nostro sito web. Ad esempio, un cookie pu\u00f2 consentire di continuare a fare acquisti senza dover reinserire articoli gi\u00e0 inseriti nel carrello. La maggior parte dei browser Web accetta i cookie, ma il menu &#8220;Aiuto&#8221; del browser dovrebbe fornire opzioni per impedire, accettare o ricevere avvisi di nuovi cookie. \u00c8 possibile configurare il proprio browser Web per disabilitare i cookie, ma ci\u00f2 potrebbe compromettere l&#8217;utilizzo del sito Web.<\/p>\n<p><strong>E i collegamenti di terze parti?<\/strong><br \/>\nQuesto sito Web pu\u00f2 contenere collegamenti ipertestuali ad altri siti Web. La Societ\u00e0 non \u00e8 responsabile delle loro pratiche sulla privacy o dei contenuti. Ti invitiamo a rivedere l&#8217;informativa sulla privacy di qualsiasi sito web che visiti.<\/p>\n<p><strong>Sicurezza<\/strong><br \/>\nSebbene la Societ\u00e0 si impegni a proteggere i dati personali e la privacy degli utenti, non possiamo garantire la sicurezza delle informazioni che divulghi online e lo fai a tuo rischio. Sfortunatamente, nessuna trasmissione di dati su Internet pu\u00f2 essere garantita come sicura al 100%. Di conseguenza, mentre ci sforziamo di proteggere i tuoi dati personali, la Societ\u00e0 non pu\u00f2 garantire o garantire la sicurezza delle informazioni che ci trasmetti o dai nostri prodotti o servizi online, e lo fai a tuo rischio. Una volta ricevuta la tua trasmissione, facciamo ogni ragionevole sforzo per garantirne la sicurezza sui nostri sistemi.<\/p>\n<p><strong>Pubblicit\u00e0 di terze parti<\/strong><br \/>\nGli annunci che appaiono sul sito Web possono essere forniti da uno dei nostri partner pubblicitari. I nostri partner pubblicitari possono utilizzare i cookie. Ci\u00f2 consente alla rete pubblicitaria di riconoscere il tuo computer ogni volta che ti inviano un annuncio online. In questo modo, le reti pubblicitarie possono raccogliere informazioni su dove tu o altri che utilizzano il tuo computer avete visto i loro annunci e determinare su quali annunci viene fatto clic. Queste informazioni consentono a una rete pubblicitaria di fornire annunci pubblicitari mirati che ritengono possano interessarti maggiormente. VACAYA non ha accesso o controllo dei cookie che possono essere inseriti nel computer di qualsiasi utilizzo da parte di ad server o reti pubblicitarie di terze parti.<\/p>\n<p><strong>Avviso per i residenti in California<\/strong><br \/>\nAi sensi della sezione 1798.83 del codice civile della California, i residenti della California hanno il diritto di richiedere per iscritto alle aziende con le quali hanno un rapporto d&#8217;affari consolidato, (a) un elenco delle categorie di informazioni personali, come nome, e-mail e indirizzo postale e il tipo di servizi forniti al cliente, che un&#8217;azienda ha divulgato a terzi (comprese le affiliate che sono entit\u00e0 giuridiche separate) durante l&#8217;immediato anno solare precedente per finalit\u00e0 di marketing diretto di terzi e (b) i nomi e gli indirizzi di tutte queste terze parti. Per richiedere le informazioni di cui sopra, contattaci via e-mail a <strong><a href=\"mailto:marketing@myvacaya.com\">marketing@myvacaya.com<\/a><\/strong> o scrivici a: Attn: California Privacy Rights Info Request, <strong><a href=\"mailto:info@myvacaya.com\">info@myvacaya.com<\/a><\/strong> . Risponderemo a tali richieste di accesso alle informazioni entro 30 giorni dal ricevimento all&#8217;indirizzo e-mail o postale sopra indicato. Si prega di notare che siamo tenuti a rispondere a ciascun cliente solo una volta per anno solare.<\/p>\n<p>Inoltre, la legge della California richiede che indichiamo se rispettiamo le impostazioni &#8220;Do Not Track&#8221; nel tuo browser relative alla pubblicit\u00e0 mirata. Al momento non modifichiamo le nostre pratiche quando viene ricevuto un segnale Do Not Track. Per conoscere Do Not Track e per informazioni su come rinunciare a ricevere pubblicit\u00e0 mirata, fare clic su <strong><a href=\"https:\/\/www.aboutads.info\/choices\" target=\"_blank\" rel=\"noopener\">www.aboutads.info\/choices<\/a><\/strong> .<\/p>\n<p><strong>Bambini<\/strong><br \/>\nIl Sito Web non \u00e8 destinato ai bambini e la Societ\u00e0 non raccoglie intenzionalmente Dati Personali da bambini. Se hai motivo di credere che abbiamo raccolto dati personali da persone di et\u00e0 inferiore ai 13 anni, faccelo sapere.<\/p>\n<p><strong>Come faccio a rinunciare o annullare l&#8217;iscrizione?<\/strong><br \/>\nTutte le e-mail che riceverai da noi includeranno istruzioni specifiche su come annullare l&#8217;iscrizione e potrai annullare l&#8217;iscrizione in qualsiasi momento.<\/p>\n<ul>\n<li>Seguire le istruzioni fornite in qualsiasi e-mail aziendale; O<\/li>\n<li>Invia un&#8217;e-mail al seguente indirizzo: <strong><a href=\"mailto:info@myvacaya.com\">info@myvacaya.com<\/a><\/strong> , Attenzione: domande sulla privacy del sito web<\/li>\n<\/ul>\n<p>Si prega di consentire fino a 2 settimane per annullare l&#8217;iscrizione a tutte le e-mail aziendali.<\/p>\n<p><strong>Affermazioni<\/strong><br \/>\nSe ritieni che la Societ\u00e0 abbia agito in modo incoerente con questa politica, ti preghiamo di comunicarcelo all&#8217;indirizzo sopra indicato all&#8217;indirizzo <strong><a href=\"mailto:info@myvacaya.com\">info@myvacaya.com<\/a><\/strong> e cercheremo di risolvere la tua preoccupazione.[\/et_pb_text][\/et_pb_column][\/et_pb_row][\/et_pb_section]<\/p>\n","protected":false},"excerpt":{"rendered":"<p><div class=\"trip-overlay\"><div class=\"trip-title\"><h1>Tessere viaggio con titolo &#8211; Solo crociere<\/h1><\/div><\/div>La presente Informativa sulla privacy (&#8220;Informativa&#8221;) si applica alle informazioni ricevute da VACAYA (la &#8220;Societ\u00e0&#8221;). Questo avviso descrive la nostra politica sulla privacy (&#8220;Politica&#8221;) in relazione ai dati raccolti tramite il nostro sito Web, funzionalit\u00e0 interattive, applicazioni, widget, blog, social network e &#8220;schede&#8221; di social network o di appartenenza e altre offerte online o wireless [&hellip;]<\/p>\n","protected":false},"author":1,"featured_media":0,"parent":118744,"menu_order":0,"comment_status":"closed","ping_status":"closed","template":"","meta":{"_acf_changed":false,"_et_pb_use_builder":"on","_et_pb_old_content":"","_et_gb_content_width":"","_monsterinsights_skip_tracking":false,"_monsterinsights_sitenote_active":false,"_monsterinsights_sitenote_note":"","_monsterinsights_sitenote_category":0,"footnotes":""},"class_list":["post-118749","page","type-page","status-publish","hentry"],"acf":[],"_links":{"self":[{"href":"https:\/\/www.myvacaya.com\/it\/wp-json\/wp\/v2\/pages\/118749","targetHints":{"allow":["GET"]}}],"collection":[{"href":"https:\/\/www.myvacaya.com\/it\/wp-json\/wp\/v2\/pages"}],"about":[{"href":"https:\/\/www.myvacaya.com\/it\/wp-json\/wp\/v2\/types\/page"}],"author":[{"embeddable":true,"href":"https:\/\/www.myvacaya.com\/it\/wp-json\/wp\/v2\/users\/1"}],"replies":[{"embeddable":true,"href":"https:\/\/www.myvacaya.com\/it\/wp-json\/wp\/v2\/comments?post=118749"}],"version-history":[{"count":1,"href":"https:\/\/www.myvacaya.com\/it\/wp-json\/wp\/v2\/pages\/118749\/revisions"}],"predecessor-version":[{"id":118761,"href":"https:\/\/www.myvacaya.com\/it\/wp-json\/wp\/v2\/pages\/118749\/revisions\/118761"}],"up":[{"embeddable":true,"href":"https:\/\/www.myvacaya.com\/it\/wp-json\/wp\/v2\/pages\/118744"}],"wp:attachment":[{"href":"https:\/\/www.myvacaya.com\/it\/wp-json\/wp\/v2\/media?parent=118749"}],"curies":[{"name":"wp","href":"https:\/\/api.w.org\/{rel}","templated":true}]}}