{"id":118746,"date":"2018-02-10T15:13:57","date_gmt":"2018-02-10T20:13:57","guid":{"rendered":"https:\/\/www.myvacaya.com\/a-proposito-di-vacaya\/il-nostro-nome\/"},"modified":"2026-01-06T16:19:05","modified_gmt":"2026-01-06T21:19:05","slug":"il-nostro-nome","status":"publish","type":"page","link":"https:\/\/www.myvacaya.com\/it\/a-proposito-di-vacaya\/il-nostro-nome\/","title":{"rendered":"Il nostro nome"},"content":{"rendered":"<p>[et_pb_section fb_built=&#8221;1&#8243; fullwidth=&#8221;on&#8221; admin_label=&#8221;Slider&#8221; module_id=&#8221;cursore-sezione-interno&#8221; _builder_version=&#8221;4.17.6&#8243; _module_preset=&#8221;default&#8221; background_enable_image=&#8221;off&#8221; global_colors_info=&#8221;{}&#8221;][et_pb_fullwidth_code admin_label=&#8221;Slider Overlay&#8221; module_class=&#8221;interior-page-overlay&#8221; _builder_version=&#8221;4.17.6&#8243; _module_preset=&#8221;default&#8221; positioning=&#8221;absolute&#8221; position_origin_a=&#8221;top_right&#8221; position_origin_f=&#8221;top_right&#8221; z_index=&#8221;100&#8243; width=&#8221;50%&#8221; width_tablet=&#8221;50%&#8221; width_phone=&#8221;100%&#8221; width_last_edited=&#8221;on|phone&#8221; height=&#8221;100vh&#8221; global_colors_info=&#8221;{}&#8221;]<div class=\"trip-overlay\"><div class=\"trip-title\"><h1>Il nostro nome<\/h1><\/div><\/div>[\/et_pb_fullwidth_code][et_pb_fullwidth_slider show_arrows=&#8221;off&#8221; admin_label=&#8221;Slider Images&#8221; module_id=&#8221;slider-images&#8221; _builder_version=&#8221;4.17.6&#8243; _module_preset=&#8221;default&#8221; height=&#8221;100vh&#8221; auto=&#8221;on&#8221; global_colors_info=&#8221;{}&#8221;][et_pb_slide _builder_version=&#8221;4.17.6&#8243; _module_preset=&#8221;default&#8221; background_color=&#8221;RGBA(255,255,255,0)&#8221; background_enable_color=&#8221;on&#8221; background_image=&#8221;https:\/\/www.myvacaya.com\/wp-content\/uploads\/2022\/09\/vacaya-sketch-our-name.png&#8221; background_enable_image=&#8221;on&#8221; background_last_edited=&#8221;on|desktop&#8221; background_image_phone=&#8221;https:\/\/www.myvacaya.com\/wp-content\/uploads\/2022\/11\/vacaya-our-name-mobile-414&#215;500-1.jpg&#8221; background_enable_image_phone=&#8221;on&#8221; global_colors_info=&#8221;{}&#8221; sticky_transition=&#8221;on&#8221;][\/et_pb_slide][\/et_pb_fullwidth_slider][\/et_pb_section][et_pb_section fb_built=&#8221;1&#8243; custom_padding_last_edited=&#8221;on|phone&#8221; _builder_version=&#8221;4.17.6&#8243; _module_preset=&#8221;default&#8221; custom_padding=&#8221;||||false|false&#8221; custom_padding_tablet=&#8221;||||false|false&#8221; custom_padding_phone=&#8221;||||false|false&#8221; global_colors_info=&#8221;{}&#8221;][et_pb_row custom_padding_last_edited=&#8221;on|desktop&#8221; _builder_version=&#8221;4.17.6&#8243; _module_preset=&#8221;default&#8221; custom_padding=&#8221;||||false|false&#8221; custom_padding_tablet=&#8221;||||false|false&#8221; custom_padding_phone=&#8221;||||false|false&#8221; global_colors_info=&#8221;{}&#8221;][et_pb_column type=&#8221;4_4&#8243; _builder_version=&#8221;4.17.6&#8243; _module_preset=&#8221;default&#8221; global_colors_info=&#8221;{}&#8221;][et_pb_text _builder_version=&#8221;4.27.4&#8243; _module_preset=&#8221;default&#8221; custom_margin=&#8221;||||false|false&#8221; custom_margin_tablet=&#8221;||||false|false&#8221; custom_margin_phone=&#8221;||||false|false&#8221; custom_margin_last_edited=&#8221;on|phone&#8221; hover_enabled=&#8221;0&#8243; global_colors_info=&#8221;{}&#8221; sticky_enabled=&#8221;0&#8243;]<\/p>\n<p>L&#8217;ispirazione per il nostro nome \u00e8 iniziata per John, Randle e Patrick molto prima dei loro ruoli nel settore del noleggio di navi complete\/resort completo, anche prima dei loro otto decenni combinati di esperienza nella gestione, nel marketing e nelle operazioni.<\/p>\n<p>Il concept VACAYA \u00e8 nato durante le loro vacanze, dove hanno incontrato due esperienze molto diverse. Le crociere per soli gay erano liberatorie, responsabilizzanti e divertenti, ma limitate a un piccolo spettro di persone. E mentre tutti amano divertirsi, c&#8217;\u00e8 molto di pi\u00f9 in una vacanza memorabile che solo feste. Le vacanze tradizionali offrivano pi\u00f9 attivit\u00e0 e destinazioni ed erano accessibili a un gruppo eterogeneo di persone, ma non sempre sembravano un ambiente amichevole e privo di giudizi.<\/p>\n<p>Tutti condividevano la sensazione che ci fosse un punto debole &#8211; un grande &#8220;tra&#8221; &#8211; che offrisse la gioia di persone che la pensano allo stesso modo che si riuniscono per festeggiare, con pi\u00f9 attivit\u00e0, destinazioni e modi per personalizzare l&#8217;esperienza di vacanza che mai. Uno che ha capitalizzato su prenotazioni e assistenza clienti intelligenti e tecnologicamente avanzate, proprio come ci si potrebbe aspettare da una vacanza tradizionale.<\/p>\n<p>Da questa ispirazione \u00e8 nata VACAYA. Il nome stesso parla del concetto: &#8220;VACAYA&#8221; \u00e8 una parola di <a href=\"https:\/\/theculturetrip.com\/europe\/united-kingdom\/england\/london\/articles\/this-secret-language-allowed-gay-men-to-communicate-when-homosexuality-was-illegal\/?utm_source=facebook&amp;utm_medium=facebook&amp;utm_campaign=072018secretlanguagegay\" target=\"_blank\" rel=\"noopener\">Polari<\/a> , una lingua secolare usata dalla sottocultura gay per comunicare con discrezione. Oltre a ci\u00f2, la parola gergale &#8220;vacay&#8221; \u00e8 diventata un termine casual mainstream per vacanza. Messi insieme, i due significati celebrano la nostra identit\u00e0 LGBT e lo spirito inclusivo, gioioso e libero che amiamo.<\/p>\n<p>Il V Team e tutti i Vacayans vi invitano ad aprirvi a nuove esperienze, esplorazioni consapevoli, divertimento senza fine e connessioni pi\u00f9 profonde&#8230; vi invitiamo a VACAYA.<\/p>\n<p>&nbsp;<\/p>\n<p>VACAYA \u00e8 stata fondata il 27 settembre 2017, il nostro varo al pubblico \u00e8 avvenuto il 2 maggio 2018 e la nostra crociera inaugurale si \u00e8 tenuta dall&#8217;11 al 18 agosto 2019.  <\/p>\n<p>[\/et_pb_text][\/et_pb_column][\/et_pb_row][\/et_pb_section][et_pb_section fb_built=&#8221;1&#8243; admin_label=&#8221;The Vacaya Difference&#8221; _builder_version=&#8221;4.17.6&#8243; _module_preset=&#8221;default&#8221; background_color=&#8221;#191919&#8243; custom_padding=&#8221;||||false|false&#8221; global_colors_info=&#8221;{}&#8221;][et_pb_row _builder_version=&#8221;4.17.6&#8243; _module_preset=&#8221;default&#8221; global_colors_info=&#8221;{}&#8221;][et_pb_column type=&#8221;4_4&#8243; _builder_version=&#8221;4.17.4&#8243; _module_preset=&#8221;default&#8221; global_colors_info=&#8221;{}&#8221;][et_pb_text admin_label=&#8221;Section Title &#8211; H3&#8243; _builder_version=&#8221;4.17.6&#8243; _module_preset=&#8221;default&#8221; header_3_font=&#8221;Futura Bold|||on|||||&#8221; header_3_text_align=&#8221;center&#8221; header_3_text_color=&#8221;#FFFFFF&#8221; header_3_font_size=&#8221;18px&#8221; header_3_letter_spacing=&#8221;1.8px&#8221; header_3_line_height=&#8221;24px&#8221; custom_margin=&#8221;||4%||false|false&#8221; custom_margin_tablet=&#8221;||4%||false|false&#8221; custom_margin_phone=&#8221;||40px||false|false&#8221; custom_margin_last_edited=&#8221;on|phone&#8221; global_colors_info=&#8221;{}&#8221;]<\/p>\n<h3>La differenza Vacaya<\/h3>\n<p>[\/et_pb_text][dmpro_carousel columns=&#8221;5&#8243; space_between=&#8221;32&#8243; container_padding=&#8221;0px|30px|0px|30px|false|false&#8221; loop=&#8221;on&#8221; autoplay=&#8221;on&#8221; pause_on_hover=&#8221;off&#8221; autoplay_speed=&#8221;3000&#8243; columns_tablet=&#8221;3&#8243; columns_phone=&#8221;2&#8243; columns_last_edited=&#8221;on|desktop&#8221; _builder_version=&#8221;4.17.6&#8243; _module_preset=&#8221;default&#8221; title_font=&#8221;Futura Bold|||on|||||&#8221; title_text_color=&#8221;#FFFFFF&#8221; title_font_size=&#8221;18px&#8221; title_letter_spacing=&#8221;0.1em&#8221; title_line_height=&#8221;24px&#8221; desc_font=&#8221;Helvetica||||||||&#8221; desc_text_color=&#8221;#FFFFFF&#8221; desc_font_size=&#8221;16px&#8221; desc_line_height=&#8221;1.5em&#8221; global_colors_info=&#8221;{}&#8221;][dmpro_carousel_child title=&#8221;Diventa Ambasciatore&#8221; img_src=&#8221;https:\/\/www.myvacaya.com\/wp-content\/uploads\/2022\/07\/ambassadors-1.jpg&#8221; text_title=&#8221;Diventa Ambasciatore&#8221; desc_text=&#8221;Eager to help spread the news about VACAYA? We have everything you need to get started!&#8221; _builder_version=&#8221;4.17.4&#8243; _module_preset=&#8221;default&#8221; global_colors_info=&#8221;{}&#8221;][\/dmpro_carousel_child][dmpro_carousel_child title=&#8221;Offerte impareggiabili&#8221; img_src=&#8221;https:\/\/www.myvacaya.com\/wp-content\/uploads\/2022\/07\/unparalled-offers.png&#8221; text_title=&#8221;Offerte impareggiabili&#8221; desc_text=&#8221;Are you ready to dive into VACAYA headfirst? We\u2019ve got a special selection of offers just for you!&#8221; _builder_version=&#8221;4.17.4&#8243; _module_preset=&#8221;default&#8221; global_colors_info=&#8221;{}&#8221;][\/dmpro_carousel_child][dmpro_carousel_child title=&#8221;Accessibilit\u00e0&#8221; img_src=&#8221;https:\/\/www.myvacaya.com\/wp-content\/uploads\/2022\/07\/accesibility.jpg&#8221; text_title=&#8221;Accessibilit\u00e0&#8221; desc_text=&#8221;VACAYA and our partners create a welcoming environment for travelers with special needs.&#8221; _builder_version=&#8221;4.17.4&#8243; _module_preset=&#8221;default&#8221; global_colors_info=&#8221;{}&#8221;][\/dmpro_carousel_child][dmpro_carousel_child title=&#8221;Ridare&#8221; img_src=&#8221;https:\/\/www.myvacaya.com\/wp-content\/uploads\/2022\/07\/giving-back-2.jpg&#8221; text_title=&#8221;Ridare&#8221; desc_text=&#8221;Our efforts in the community reflect our commitment to the idea that we can all make a difference.&#8221; _builder_version=&#8221;4.17.4&#8243; _module_preset=&#8221;default&#8221; global_colors_info=&#8221;{}&#8221;][\/dmpro_carousel_child][dmpro_carousel_child title=&#8221;Tutti sono i benvenuti&#8221; img_src=&#8221;https:\/\/www.myvacaya.com\/wp-content\/uploads\/2022\/07\/all-are-welcome.png&#8221; text_title=&#8221;Tutti sono i benvenuti&#8221; desc_text=&#8221;Open your mind to the rainbow of fun that can be had in the world. <em>That\u2019s<\/em> the spirit of VACAYA!&#8221; _builder_version=&#8221;4.17.4&#8243; _module_preset=&#8221;default&#8221; global_colors_info=&#8221;{}&#8221;][\/dmpro_carousel_child][dmpro_carousel_child title=&#8221;Le nostre esperienze&#8221; img_src=&#8221;https:\/\/www.myvacaya.com\/wp-content\/uploads\/2022\/07\/vacaya-experiences.jpg&#8221; text_title=&#8221;Le nostre esperienze&#8221; desc_text=&#8221;VACAYA delivers vacations tailored to the unique desires of our guests. How will <em>you<\/em> VACAYA?&#8221; _builder_version=&#8221;4.17.4&#8243; _module_preset=&#8221;default&#8221; global_colors_info=&#8221;{}&#8221;][\/dmpro_carousel_child][dmpro_carousel_child title=&#8221;Zuppa Alfabetica&#8221; img_src=&#8221;https:\/\/www.myvacaya.com\/wp-content\/uploads\/2022\/07\/the-difference-alphabet-soup-290&#215;175-2.jpg&#8221; text_title=&#8221;Zuppa Alfabetica&#8221; desc_text=&#8221;Look no further\u2026 VACAYA\u2019s handy guide will help you navigate the entire LGBTQIAPK spectrum.&#8221; _builder_version=&#8221;4.17.4&#8243; _module_preset=&#8221;default&#8221; global_colors_info=&#8221;{}&#8221;][\/dmpro_carousel_child][dmpro_carousel_child title=&#8221;Viaggiatori solitari&#8221; img_src=&#8221;https:\/\/www.myvacaya.com\/wp-content\/uploads\/2022\/07\/step-by-step.jpg&#8221; text_title=&#8221;Viaggiatori solitari&#8221; desc_text=&#8221;<\/p>\n<p>VACAYA\u2019s \u201cSolo Traveling with Ease Program\u201d is perfect for single travelers looking to join in the fun.<\/p>\n<p>&#8221; _builder_version=&#8221;4.17.4&#8243; _module_preset=&#8221;default&#8221; global_colors_info=&#8221;{}&#8221;][\/dmpro_carousel_child][\/dmpro_carousel][\/et_pb_column][\/et_pb_row][\/et_pb_section]<\/p>\n","protected":false},"excerpt":{"rendered":"<p><div class=\"trip-overlay\"><div class=\"trip-title\"><h1>Tessere viaggio con titolo &#8211; Solo crociere<\/h1><\/div><\/div>L&#8217;ispirazione per il nostro nome \u00e8 iniziata per John, Randle e Patrick molto prima dei loro ruoli nel settore del noleggio di navi complete\/resort completo, anche prima dei loro otto decenni combinati di esperienza nella gestione, nel marketing e nelle operazioni. Il concept VACAYA \u00e8 nato durante le loro vacanze, dove hanno incontrato due esperienze [&hellip;]<\/p>\n","protected":false},"author":1,"featured_media":0,"parent":118736,"menu_order":0,"comment_status":"closed","ping_status":"closed","template":"","meta":{"_acf_changed":false,"_et_pb_use_builder":"on","_et_pb_old_content":"","_et_gb_content_width":"","_monsterinsights_skip_tracking":false,"_monsterinsights_sitenote_active":false,"_monsterinsights_sitenote_note":"","_monsterinsights_sitenote_category":0,"footnotes":""},"class_list":["post-118746","page","type-page","status-publish","hentry"],"acf":[],"_links":{"self":[{"href":"https:\/\/www.myvacaya.com\/it\/wp-json\/wp\/v2\/pages\/118746","targetHints":{"allow":["GET"]}}],"collection":[{"href":"https:\/\/www.myvacaya.com\/it\/wp-json\/wp\/v2\/pages"}],"about":[{"href":"https:\/\/www.myvacaya.com\/it\/wp-json\/wp\/v2\/types\/page"}],"author":[{"embeddable":true,"href":"https:\/\/www.myvacaya.com\/it\/wp-json\/wp\/v2\/users\/1"}],"replies":[{"embeddable":true,"href":"https:\/\/www.myvacaya.com\/it\/wp-json\/wp\/v2\/comments?post=118746"}],"version-history":[{"count":12,"href":"https:\/\/www.myvacaya.com\/it\/wp-json\/wp\/v2\/pages\/118746\/revisions"}],"predecessor-version":[{"id":188498,"href":"https:\/\/www.myvacaya.com\/it\/wp-json\/wp\/v2\/pages\/118746\/revisions\/188498"}],"up":[{"embeddable":true,"href":"https:\/\/www.myvacaya.com\/it\/wp-json\/wp\/v2\/pages\/118736"}],"wp:attachment":[{"href":"https:\/\/www.myvacaya.com\/it\/wp-json\/wp\/v2\/media?parent=118746"}],"curies":[{"name":"wp","href":"https:\/\/api.w.org\/{rel}","templated":true}]}}